{"id":8723,"date":"2025-06-09T15:47:15","date_gmt":"2025-06-09T13:47:15","guid":{"rendered":"https:\/\/legal.bestway.eu\/accessibility\/"},"modified":"2025-06-23T10:58:58","modified_gmt":"2025-06-23T08:58:58","slug":"accessibility","status":"publish","type":"page","link":"https:\/\/legal.bestway.eu\/tr-tr\/accessibility\/","title":{"rendered":"Eri\u015filebilirlik"},"content":{"rendered":"\t\t<div data-elementor-type=\"wp-page\" data-elementor-id=\"8723\" class=\"elementor elementor-8723\" data-elementor-post-type=\"page\">\n\t\t\t\t<div class=\"elementor-element elementor-element-5b5bf09 e-flex e-con-boxed e-con e-parent\" data-id=\"5b5bf09\" data-element_type=\"container\" data-e-type=\"container\">\n\t\t\t\t\t<div class=\"e-con-inner\">\n\t\t\t\t<div class=\"elementor-element elementor-element-febc057 elementor-widget elementor-widget-text-editor\" data-id=\"febc057\" data-element_type=\"widget\" data-e-type=\"widget\" data-widget_type=\"text-editor.default\">\n\t\t\t\t<div class=\"elementor-widget-container\">\n\t\t\t\t\t\t\t\t\t<p>\u0130nternetin herkes i\u00e7in eri\u015filebilir ve eri\u015filebilir olmas\u0131 gerekti\u011fine inan\u0131yoruz ve m\u00fcmk\u00fcn olan en geni\u015f kitleye eri\u015filebilir bir web sitesi sa\u011flamay\u0131 taahh\u00fct ediyoruz.<\/p><p>Genellikle World Wide Web Konsorsiyumu (W3C) Web \u0130\u00e7eri\u011fi Eri\u015filebilirlik Y\u00f6nergeleri 2.1&#8217;i (WCAG 2.1) takip ediyoruz. Bu y\u00f6nergeler, web i\u00e7eri\u011finin farkl\u0131 ihtiya\u00e7lar\u0131 olan \u00e7ok \u00e7e\u015fitli kullan\u0131c\u0131lara nas\u0131l eri\u015filebilir hale getirilece\u011fini a\u00e7\u0131klar. Bu y\u00f6nergeleri izlemek, web sitelerimizin m\u00fcmk\u00fcn olan en geni\u015f say\u0131da ki\u015fiye eri\u015filebilir olmas\u0131n\u0131 sa\u011flamam\u0131za yard\u0131mc\u0131 olur.<\/p>\t\t\t\t\t\t\t\t<\/div>\n\t\t\t\t<\/div>\n\t\t\t\t<div class=\"elementor-element elementor-element-a41cc72 elementor-widget elementor-widget-heading\" data-id=\"a41cc72\" data-element_type=\"widget\" data-e-type=\"widget\" data-widget_type=\"heading.default\">\n\t\t\t\t<div class=\"elementor-widget-container\">\n\t\t\t\t\t<h2 class=\"elementor-heading-title elementor-size-default\">Eri\u015filebilirlik Bildirimleri<\/h2>\t\t\t\t<\/div>\n\t\t\t\t<\/div>\n\t\t\t\t<div class=\"elementor-element elementor-element-dd82ffd elementor-widget elementor-widget-n-accordion\" data-id=\"dd82ffd\" data-element_type=\"widget\" data-e-type=\"widget\" data-settings=\"{&quot;max_items_expended&quot;:&quot;multiple&quot;,&quot;default_state&quot;:&quot;expanded&quot;,&quot;n_accordion_animation_duration&quot;:{&quot;unit&quot;:&quot;ms&quot;,&quot;size&quot;:400,&quot;sizes&quot;:[]}}\" data-widget_type=\"nested-accordion.default\">\n\t\t\t\t<div class=\"elementor-widget-container\">\n\t\t\t\t\t\t\t<div class=\"e-n-accordion\" aria-label=\"Accordion. Open links with Enter or Space, close with Escape, and navigate with Arrow Keys\">\n\t\t\t\t\t\t<details id=\"e-n-accordion-item-2320\" class=\"e-n-accordion-item\" open>\n\t\t\t\t<summary class=\"e-n-accordion-item-title\" data-accordion-index=\"1\" tabindex=\"0\" aria-expanded=\"true\" aria-controls=\"e-n-accordion-item-2320\" >\n\t\t\t\t\t<span class='e-n-accordion-item-title-header'><div class=\"e-n-accordion-item-title-text\"> Destek sitesi (support.bestway.eu) <\/div><\/span>\n\t\t\t\t\t\t\t<span class='e-n-accordion-item-title-icon'>\n\t\t\t<span class='e-opened' ><i aria-hidden=\"true\" class=\"fas fa-minus\"><\/i><\/span>\n\t\t\t<span class='e-closed'><i aria-hidden=\"true\" class=\"fas fa-plus\"><\/i><\/span>\n\t\t<\/span>\n\n\t\t\t\t\t\t<\/summary>\n\t\t\t\t<div role=\"region\" aria-labelledby=\"e-n-accordion-item-2320\" class=\"elementor-element elementor-element-0ab357d e-con-full e-flex e-con e-child\" data-id=\"0ab357d\" data-element_type=\"container\" data-e-type=\"container\">\n\t\t\t\t<div class=\"elementor-element elementor-element-7f3cfd0 elementor-widget elementor-widget-text-editor\" data-id=\"7f3cfd0\" data-element_type=\"widget\" data-e-type=\"widget\" data-widget_type=\"text-editor.default\">\n\t\t\t\t<div class=\"elementor-widget-container\">\n\t\t\t\t\t\t\t\t\t<p data-start=\"80\" data-end=\"169\"><strong data-start=\"80\" data-end=\"169\">A\u015fa\u011f\u0131daki eri\u015filebilirlik beyan\u0131 \u015fu site i\u00e7in ge\u00e7erlidir: https:\/\/support.bestway.eu.<\/strong><\/p><p data-start=\"171\" data-end=\"352\"><strong data-start=\"171\" data-end=\"207\">Uyumluluk durumu: K\u0131smen uyumlu.<\/strong><br data-start=\"207\" data-end=\"210\" \/>Bu web sitesi, a\u015fa\u011f\u0131da listelenen uyumsuzluklar nedeniyle UNI CEI EN 301549 standard\u0131n\u0131n Ek A\u2019s\u0131nda belirtilen gerekliliklere k\u0131smen uygundur.<\/p><p data-start=\"504\" data-end=\"538\"><strong data-start=\"504\" data-end=\"536\">1.1.1 \u2013 Metin olmayan i\u00e7erik<\/strong><\/p><ul data-start=\"539\" data-end=\"836\"><li data-start=\"539\" data-end=\"638\"><p data-start=\"541\" data-end=\"638\">Baz\u0131 g\u00f6rsellerde alt \u00f6zelli\u011fi yoktur veya a\u00e7\u0131klay\u0131c\u0131 olmayan alternatif metinler bulunmaktad\u0131r.<\/p><\/li><li data-start=\"639\" data-end=\"725\"><p data-start=\"641\" data-end=\"725\">Baz\u0131 iframe\u2019ler title veya aria-label \u00f6zelli\u011fiyle alternatif metne sahip de\u011fildir.<\/p><\/li><li data-start=\"726\" data-end=\"836\"><p data-start=\"728\" data-end=\"836\">Baz\u0131 sadece g\u00f6rsel ama\u00e7l\u0131 \u00f6\u011feler role=&#8221;presentation&#8221; veya aria-hidden=&#8221;true&#8221; olarak do\u011fru i\u015faretlenmemi\u015ftir.<\/p><\/li><\/ul><p data-start=\"838\" data-end=\"870\"><strong data-start=\"838\" data-end=\"868\">1.3.1 \u2013 Bilgi ve ili\u015fkiler<\/strong><\/p><ul data-start=\"871\" data-end=\"1248\"><li data-start=\"871\" data-end=\"948\"><p data-start=\"873\" data-end=\"948\">Birka\u00e7 kapsay\u0131c\u0131 \u00f6\u011fe DOM\u2019da bo\u015ftur ve anlamsal olmayan yap\u0131lar olu\u015fturur.<\/p><\/li><li data-start=\"949\" data-end=\"1041\"><p data-start=\"951\" data-end=\"1041\">Baz\u0131 form alanlar\u0131n\u0131n &lt;label&gt; veya aria-labelledby ile ili\u015fkilendirilmi\u015f etiketi yoktur.<\/p><\/li><li data-start=\"1042\" data-end=\"1101\"><p data-start=\"1044\" data-end=\"1101\">Baz\u0131 metinlerde ARIA rolleri veya \u00f6zellikleri eksiktir.<\/p><\/li><li data-start=\"1102\" data-end=\"1248\"><p data-start=\"1104\" data-end=\"1248\">Baz\u0131 belgelerde ba\u015fl\u0131klar i\u00e7in anlamsal i\u015faretleyiciler kullan\u0131lmamaktad\u0131r, bu da yard\u0131mc\u0131 teknolojilerle yap\u0131land\u0131r\u0131lm\u0131\u015f gezinmeyi zorla\u015ft\u0131r\u0131r.<\/p><\/li><\/ul><p data-start=\"1250\" data-end=\"1325\"><strong data-start=\"1250\" data-end=\"1323\">1.3.2 \/ 2.1.1 \/ 2.4.3 \u2013 Anlaml\u0131 s\u0131ralama, klavye eri\u015fimi, odak s\u0131ras\u0131<\/strong><\/p><ul data-start=\"1326\" data-end=\"1471\"><li data-start=\"1326\" data-end=\"1471\"><p data-start=\"1328\" data-end=\"1471\">Baz\u0131 belgelerde okuma ve gezinme s\u0131ras\u0131 g\u00f6rsel yerle\u015fimle tutarl\u0131 de\u011fildir, bu da klavye veya ekran okuyucu kullan\u0131m\u0131 s\u0131ras\u0131nda zorluk yarat\u0131r.<\/p><\/li><\/ul><p data-start=\"1473\" data-end=\"1505\"><strong data-start=\"1473\" data-end=\"1503\">1.4.3 \u2013 Kontrast (minimum)<\/strong><\/p><ul data-start=\"1506\" data-end=\"1604\"><li data-start=\"1506\" data-end=\"1604\"><p data-start=\"1508\" data-end=\"1604\">Baz\u0131 \u00f6\u011felerde metin ve arka plan aras\u0131ndaki renk kontrast\u0131 minimum 4.5:1 oran\u0131na ula\u015fmamaktad\u0131r.<\/p><\/li><\/ul><p data-start=\"1606\" data-end=\"1639\"><strong data-start=\"1606\" data-end=\"1637\">1.4.4 \u2013 Metin \u00f6l\u00e7eklendirme<\/strong><\/p><ul data-start=\"1640\" data-end=\"1716\"><li data-start=\"1640\" data-end=\"1716\"><p data-start=\"1642\" data-end=\"1716\">Baz\u0131 metinler b\u00fcy\u00fctme uyguland\u0131\u011f\u0131nda kesilmekte veya \u00fcst \u00fcste binmektedir.<\/p><\/li><\/ul><p data-start=\"1718\" data-end=\"1766\"><strong data-start=\"1718\" data-end=\"1764\">1.4.10 \u2013 \u0130\u00e7erik yeniden d\u00fczenleme (Reflow)<\/strong><\/p><ul data-start=\"1767\" data-end=\"1895\"><li data-start=\"1767\" data-end=\"1895\"><p data-start=\"1769\" data-end=\"1895\">Baz\u0131 sayfalar veya bile\u015fenler zoom veya yeniden boyutland\u0131rmay\u0131 do\u011fru y\u00f6netmemekte, bu da yerle\u015fim sorunlar\u0131na yol a\u00e7maktad\u0131r.<\/p><\/li><\/ul><p data-start=\"1897\" data-end=\"1935\"><strong data-start=\"1897\" data-end=\"1933\">2.4.1 \u2013 \u0130\u00e7erik bloklar\u0131n\u0131 atlama<\/strong><\/p><ul data-start=\"1936\" data-end=\"2019\"><li data-start=\"1936\" data-end=\"2019\"><p data-start=\"1938\" data-end=\"2019\">Baz\u0131 sayfalarda klavyeyle eri\u015filebilir \u201c\u0130\u00e7eri\u011fe atla\u201d ba\u011flant\u0131s\u0131 bulunmamaktad\u0131r.<\/p><\/li><\/ul><p data-start=\"2021\" data-end=\"2048\"><strong data-start=\"2021\" data-end=\"2046\">2.4.2 \u2013 Sayfa ba\u015fl\u0131\u011f\u0131<\/strong><\/p><ul data-start=\"2049\" data-end=\"2166\"><li data-start=\"2049\" data-end=\"2166\"><p data-start=\"2051\" data-end=\"2166\">Baz\u0131 belgelerde meta verilerde ba\u015fl\u0131k eksiktir, bu da yard\u0131mc\u0131 gezinme ba\u011flam\u0131nda i\u00e7eri\u011fin tan\u0131nmas\u0131n\u0131 zorla\u015ft\u0131r\u0131r.<\/p><\/li><\/ul><p data-start=\"2168\" data-end=\"2212\"><strong data-start=\"2168\" data-end=\"2210\">2.4.4 \u2013 Ba\u011flant\u0131 amac\u0131 (ba\u011flam i\u00e7inde)<\/strong><\/p><ul data-start=\"2213\" data-end=\"2270\"><li data-start=\"2213\" data-end=\"2270\"><p data-start=\"2215\" data-end=\"2270\">Baz\u0131 ba\u011flant\u0131lar anlaml\u0131 alternatif metinden yoksundur.<\/p><\/li><\/ul><p data-start=\"2272\" data-end=\"2308\"><strong data-start=\"2272\" data-end=\"2306\">2.4.6 \u2013 Ba\u015fl\u0131klar ve etiketler<\/strong><\/p><ul data-start=\"2309\" data-end=\"2376\"><li data-start=\"2309\" data-end=\"2376\"><p data-start=\"2311\" data-end=\"2376\">Baz\u0131 sayfalarda anlamsal ba\u015fl\u0131klar veya header etiketleri yoktur.<\/p><\/li><\/ul><p data-start=\"2378\" data-end=\"2405\"><strong data-start=\"2378\" data-end=\"2403\">3.1.1 \u2013 Sayfan\u0131n dili<\/strong><\/p><ul data-start=\"2406\" data-end=\"2506\"><li data-start=\"2406\" data-end=\"2506\"><p data-start=\"2408\" data-end=\"2506\">Belgenin varsay\u0131lan dili ayarlanmam\u0131\u015ft\u0131r, bu da ekran okuyucular\u0131n do\u011fru sesli okumas\u0131n\u0131 engeller.<\/p><\/li><\/ul><p data-start=\"2508\" data-end=\"2538\"><strong data-start=\"2508\" data-end=\"2536\">4.1.2 \u2013 \u0130sim, rol, de\u011fer<\/strong><\/p><ul data-start=\"2539\" data-end=\"2684\"><li data-start=\"2539\" data-end=\"2603\"><p data-start=\"2541\" data-end=\"2603\">Baz\u0131 d\u00fc\u011fmeler metin etiketi veya aria-label eksikli\u011findedir.<\/p><\/li><li data-start=\"2604\" data-end=\"2684\"><p data-start=\"2606\" data-end=\"2684\">Baz\u0131 ARIA \u00f6zniteliklerinde ge\u00e7ersiz veya standartlara uymayan de\u011ferler vard\u0131r.<\/p><\/li><\/ul>\t\t\t\t\t\t\t\t<\/div>\n\t\t\t\t<\/div>\n\t\t\t\t<\/div>\n\t\t\t\t\t<\/details>\n\t\t\t\t\t<\/div>\n\t\t\t\t\t\t<\/div>\n\t\t\t\t<\/div>\n\t\t\t\t<div class=\"elementor-element elementor-element-3003df7 elementor-widget elementor-widget-heading\" data-id=\"3003df7\" data-element_type=\"widget\" data-e-type=\"widget\" data-widget_type=\"heading.default\">\n\t\t\t\t<div class=\"elementor-widget-container\">\n\t\t\t\t\t<h2 class=\"elementor-heading-title elementor-size-default\">Yorumlar ve geri bildirim<\/h2>\t\t\t\t<\/div>\n\t\t\t\t<\/div>\n\t\t\t\t<div class=\"elementor-element elementor-element-2b49daa elementor-widget elementor-widget-text-editor\" data-id=\"2b49daa\" data-element_type=\"widget\" data-e-type=\"widget\" data-widget_type=\"text-editor.default\">\n\t\t\t\t<div class=\"elementor-widget-container\">\n\t\t\t\t\t\t\t\t\t<p><span style=\"font-size: 16px;\"><br \/>Sitelerimizi dijital eri\u015filebilirlik kriterlerine uymaya \u00e7al\u0131\u015farak geli\u015ftiriyoruz ancak yine de tam olarak eri\u015filebilir olmayan, eri\u015filebilir olma s\u00fcrecinde olan veya bunlar\u0131 eri\u015filebilir k\u0131lmak i\u00e7in yeterli bir teknolojik \u00e7\u00f6z\u00fcme sahip olmayan sayfalar veya b\u00f6l\u00fcmler olabilir. Geri bildirim veya raporlar i\u00e7in \u015fu adrese yaz\u0131n: <\/span><a style=\"font-size: 16px; background-color: #ffffff;\" href=\"mailto:accessibility@bestwaycorp.eu\"><strong>accessibility@bestwaycorp.eu<\/strong><\/a><\/p>\t\t\t\t\t\t\t\t<\/div>\n\t\t\t\t<\/div>\n\t\t\t\t\t<\/div>\n\t\t\t\t<\/div>\n\t\t\t\t<\/div>\n\t\t","protected":false},"excerpt":{"rendered":"<p>\u0130nternetin herkes i\u00e7in eri\u015filebilir ve eri\u015filebilir olmas\u0131 gerekti\u011fine inan\u0131yoruz ve m\u00fcmk\u00fcn olan en geni\u015f kitleye eri\u015filebilir bir web sitesi sa\u011flamay\u0131 taahh\u00fct ediyoruz. Genellikle World Wide Web Konsorsiyumu (W3C) Web \u0130\u00e7eri\u011fi Eri\u015filebilirlik Y\u00f6nergeleri 2.1&#8217;i (WCAG 2.1) takip ediyoruz. Bu y\u00f6nergeler, web i\u00e7eri\u011finin farkl\u0131 ihtiya\u00e7lar\u0131 olan \u00e7ok \u00e7e\u015fitli kullan\u0131c\u0131lara nas\u0131l eri\u015filebilir hale getirilece\u011fini a\u00e7\u0131klar. Bu y\u00f6nergeleri izlemek, [&hellip;]<\/p>\n","protected":false},"author":1,"featured_media":0,"parent":0,"menu_order":0,"comment_status":"closed","ping_status":"closed","template":"","meta":{"_acf_changed":false,"site-sidebar-layout":"no-sidebar","site-content-layout":"page-builder","ast-site-content-layout":"full-width-container","site-content-style":"default","site-sidebar-style":"default","ast-global-header-display":"","ast-banner-title-visibility":"","ast-main-header-display":"","ast-hfb-above-header-display":"","ast-hfb-below-header-display":"","ast-hfb-mobile-header-display":"","site-post-title":"disabled","ast-breadcrumbs-content":"","ast-featured-img":"disabled","footer-sml-layout":"","ast-disable-related-posts":"","theme-transparent-header-meta":"","adv-header-id-meta":"","stick-header-meta":"","header-above-stick-meta":"","header-main-stick-meta":"","header-below-stick-meta":"","astra-migrate-meta-layouts":"set","ast-page-background-enabled":"default","ast-page-background-meta":{"desktop":{"background-color":"var(--ast-global-color-4)","background-image":"","background-repeat":"repeat","background-position":"center center","background-size":"auto","background-attachment":"scroll","background-type":"","background-media":"","overlay-type":"","overlay-color":"","overlay-opacity":"","overlay-gradient":""},"tablet":{"background-color":"","background-image":"","background-repeat":"repeat","background-position":"center center","background-size":"auto","background-attachment":"scroll","background-type":"","background-media":"","overlay-type":"","overlay-color":"","overlay-opacity":"","overlay-gradient":""},"mobile":{"background-color":"","background-image":"","background-repeat":"repeat","background-position":"center center","background-size":"auto","background-attachment":"scroll","background-type":"","background-media":"","overlay-type":"","overlay-color":"","overlay-opacity":"","overlay-gradient":""}},"ast-content-background-meta":{"desktop":{"background-color":"var(--ast-global-color-5)","background-image":"","background-repeat":"repeat","background-position":"center center","background-size":"auto","background-attachment":"scroll","background-type":"","background-media":"","overlay-type":"","overlay-color":"","overlay-opacity":"","overlay-gradient":""},"tablet":{"background-color":"var(--ast-global-color-5)","background-image":"","background-repeat":"repeat","background-position":"center center","background-size":"auto","background-attachment":"scroll","background-type":"","background-media":"","overlay-type":"","overlay-color":"","overlay-opacity":"","overlay-gradient":""},"mobile":{"background-color":"var(--ast-global-color-5)","background-image":"","background-repeat":"repeat","background-position":"center center","background-size":"auto","background-attachment":"scroll","background-type":"","background-media":"","overlay-type":"","overlay-color":"","overlay-opacity":"","overlay-gradient":""}},"footnotes":""},"class_list":["post-8723","page","type-page","status-publish","hentry"],"acf":[],"yoast_head":"<!-- This site is optimized with the Yoast SEO plugin v27.6 - https:\/\/yoast.com\/product\/yoast-seo-wordpress\/ -->\n<title>Eri\u015filebilirlik - Legal<\/title>\n<meta name=\"robots\" content=\"noindex, follow, max-snippet:-1, max-image-preview:large, max-video-preview:-1\" \/>\n<meta property=\"og:locale\" content=\"tr_TR\" \/>\n<meta property=\"og:type\" content=\"article\" \/>\n<meta property=\"og:title\" content=\"Eri\u015filebilirlik - Legal\" \/>\n<meta property=\"og:description\" content=\"\u0130nternetin herkes i\u00e7in eri\u015filebilir ve eri\u015filebilir olmas\u0131 gerekti\u011fine inan\u0131yoruz ve m\u00fcmk\u00fcn olan en geni\u015f kitleye eri\u015filebilir bir web sitesi sa\u011flamay\u0131 taahh\u00fct ediyoruz. Genellikle World Wide Web Konsorsiyumu (W3C) Web \u0130\u00e7eri\u011fi Eri\u015filebilirlik Y\u00f6nergeleri 2.1&#8217;i (WCAG 2.1) takip ediyoruz. Bu y\u00f6nergeler, web i\u00e7eri\u011finin farkl\u0131 ihtiya\u00e7lar\u0131 olan \u00e7ok \u00e7e\u015fitli kullan\u0131c\u0131lara nas\u0131l eri\u015filebilir hale getirilece\u011fini a\u00e7\u0131klar. Bu y\u00f6nergeleri izlemek, [&hellip;]\" \/>\n<meta property=\"og:url\" content=\"https:\/\/legal.bestway.eu\/tr-tr\/accessibility\/\" \/>\n<meta property=\"og:site_name\" content=\"Legal\" \/>\n<meta property=\"article:modified_time\" content=\"2025-06-23T08:58:58+00:00\" \/>\n<meta name=\"twitter:card\" content=\"summary_large_image\" \/>\n<meta name=\"twitter:label1\" content=\"Est. reading time\" \/>\n\t<meta name=\"twitter:data1\" content=\"4 minutes\" \/>\n<script type=\"application\/ld+json\" class=\"yoast-schema-graph\">{\"@context\":\"https:\\\/\\\/schema.org\",\"@graph\":[{\"@type\":\"WebPage\",\"@id\":\"https:\\\/\\\/legal.bestway.eu\\\/tr-tr\\\/accessibility\\\/\",\"url\":\"https:\\\/\\\/legal.bestway.eu\\\/tr-tr\\\/accessibility\\\/\",\"name\":\"Eri\u015filebilirlik - Legal\",\"isPartOf\":{\"@id\":\"https:\\\/\\\/legal.bestway.eu\\\/tr-tr\\\/#website\"},\"datePublished\":\"2025-06-09T13:47:15+00:00\",\"dateModified\":\"2025-06-23T08:58:58+00:00\",\"inLanguage\":\"tr-tr\",\"potentialAction\":[{\"@type\":\"ReadAction\",\"target\":[\"https:\\\/\\\/legal.bestway.eu\\\/tr-tr\\\/accessibility\\\/\"]}]},{\"@type\":\"WebSite\",\"@id\":\"https:\\\/\\\/legal.bestway.eu\\\/tr-tr\\\/#website\",\"url\":\"https:\\\/\\\/legal.bestway.eu\\\/tr-tr\\\/\",\"name\":\"Legal\",\"description\":\"Legal\",\"publisher\":{\"@id\":\"https:\\\/\\\/legal.bestway.eu\\\/tr-tr\\\/#organization\"},\"potentialAction\":[{\"@type\":\"SearchAction\",\"target\":{\"@type\":\"EntryPoint\",\"urlTemplate\":\"https:\\\/\\\/legal.bestway.eu\\\/tr-tr\\\/?s={search_term_string}\"},\"query-input\":{\"@type\":\"PropertyValueSpecification\",\"valueRequired\":true,\"valueName\":\"search_term_string\"}}],\"inLanguage\":\"tr-tr\"},{\"@type\":\"Organization\",\"@id\":\"https:\\\/\\\/legal.bestway.eu\\\/tr-tr\\\/#organization\",\"name\":\"Legal\",\"url\":\"https:\\\/\\\/legal.bestway.eu\\\/tr-tr\\\/\",\"logo\":{\"@type\":\"ImageObject\",\"inLanguage\":\"tr-tr\",\"@id\":\"https:\\\/\\\/legal.bestway.eu\\\/tr-tr\\\/#\\\/schema\\\/logo\\\/image\\\/\",\"url\":\"https:\\\/\\\/legal.bestway.eu\\\/wp-content\\\/uploads\\\/sites\\\/2\\\/2023\\\/10\\\/bw-white-logo@2x.png\",\"contentUrl\":\"https:\\\/\\\/legal.bestway.eu\\\/wp-content\\\/uploads\\\/sites\\\/2\\\/2023\\\/10\\\/bw-white-logo@2x.png\",\"width\":348,\"height\":138,\"caption\":\"Legal\"},\"image\":{\"@id\":\"https:\\\/\\\/legal.bestway.eu\\\/tr-tr\\\/#\\\/schema\\\/logo\\\/image\\\/\"}}]}<\/script>\n<!-- \/ Yoast SEO plugin. -->","yoast_head_json":{"title":"Eri\u015filebilirlik - Legal","robots":{"index":"noindex","follow":"follow","max-snippet":"max-snippet:-1","max-image-preview":"max-image-preview:large","max-video-preview":"max-video-preview:-1"},"og_locale":"tr_TR","og_type":"article","og_title":"Eri\u015filebilirlik - Legal","og_description":"\u0130nternetin herkes i\u00e7in eri\u015filebilir ve eri\u015filebilir olmas\u0131 gerekti\u011fine inan\u0131yoruz ve m\u00fcmk\u00fcn olan en geni\u015f kitleye eri\u015filebilir bir web sitesi sa\u011flamay\u0131 taahh\u00fct ediyoruz. Genellikle World Wide Web Konsorsiyumu (W3C) Web \u0130\u00e7eri\u011fi Eri\u015filebilirlik Y\u00f6nergeleri 2.1&#8217;i (WCAG 2.1) takip ediyoruz. Bu y\u00f6nergeler, web i\u00e7eri\u011finin farkl\u0131 ihtiya\u00e7lar\u0131 olan \u00e7ok \u00e7e\u015fitli kullan\u0131c\u0131lara nas\u0131l eri\u015filebilir hale getirilece\u011fini a\u00e7\u0131klar. Bu y\u00f6nergeleri izlemek, [&hellip;]","og_url":"https:\/\/legal.bestway.eu\/tr-tr\/accessibility\/","og_site_name":"Legal","article_modified_time":"2025-06-23T08:58:58+00:00","twitter_card":"summary_large_image","twitter_misc":{"Est. reading time":"4 minutes"},"schema":{"@context":"https:\/\/schema.org","@graph":[{"@type":"WebPage","@id":"https:\/\/legal.bestway.eu\/tr-tr\/accessibility\/","url":"https:\/\/legal.bestway.eu\/tr-tr\/accessibility\/","name":"Eri\u015filebilirlik - Legal","isPartOf":{"@id":"https:\/\/legal.bestway.eu\/tr-tr\/#website"},"datePublished":"2025-06-09T13:47:15+00:00","dateModified":"2025-06-23T08:58:58+00:00","inLanguage":"tr-tr","potentialAction":[{"@type":"ReadAction","target":["https:\/\/legal.bestway.eu\/tr-tr\/accessibility\/"]}]},{"@type":"WebSite","@id":"https:\/\/legal.bestway.eu\/tr-tr\/#website","url":"https:\/\/legal.bestway.eu\/tr-tr\/","name":"Legal","description":"Legal","publisher":{"@id":"https:\/\/legal.bestway.eu\/tr-tr\/#organization"},"potentialAction":[{"@type":"SearchAction","target":{"@type":"EntryPoint","urlTemplate":"https:\/\/legal.bestway.eu\/tr-tr\/?s={search_term_string}"},"query-input":{"@type":"PropertyValueSpecification","valueRequired":true,"valueName":"search_term_string"}}],"inLanguage":"tr-tr"},{"@type":"Organization","@id":"https:\/\/legal.bestway.eu\/tr-tr\/#organization","name":"Legal","url":"https:\/\/legal.bestway.eu\/tr-tr\/","logo":{"@type":"ImageObject","inLanguage":"tr-tr","@id":"https:\/\/legal.bestway.eu\/tr-tr\/#\/schema\/logo\/image\/","url":"https:\/\/legal.bestway.eu\/wp-content\/uploads\/sites\/2\/2023\/10\/bw-white-logo@2x.png","contentUrl":"https:\/\/legal.bestway.eu\/wp-content\/uploads\/sites\/2\/2023\/10\/bw-white-logo@2x.png","width":348,"height":138,"caption":"Legal"},"image":{"@id":"https:\/\/legal.bestway.eu\/tr-tr\/#\/schema\/logo\/image\/"}}]}},"_links":{"self":[{"href":"https:\/\/legal.bestway.eu\/tr-tr\/wp-json\/wp\/v2\/pages\/8723","targetHints":{"allow":["GET"]}}],"collection":[{"href":"https:\/\/legal.bestway.eu\/tr-tr\/wp-json\/wp\/v2\/pages"}],"about":[{"href":"https:\/\/legal.bestway.eu\/tr-tr\/wp-json\/wp\/v2\/types\/page"}],"author":[{"embeddable":true,"href":"https:\/\/legal.bestway.eu\/tr-tr\/wp-json\/wp\/v2\/users\/1"}],"replies":[{"embeddable":true,"href":"https:\/\/legal.bestway.eu\/tr-tr\/wp-json\/wp\/v2\/comments?post=8723"}],"version-history":[{"count":5,"href":"https:\/\/legal.bestway.eu\/tr-tr\/wp-json\/wp\/v2\/pages\/8723\/revisions"}],"predecessor-version":[{"id":8757,"href":"https:\/\/legal.bestway.eu\/tr-tr\/wp-json\/wp\/v2\/pages\/8723\/revisions\/8757"}],"wp:attachment":[{"href":"https:\/\/legal.bestway.eu\/tr-tr\/wp-json\/wp\/v2\/media?parent=8723"}],"curies":[{"name":"wp","href":"https:\/\/api.w.org\/{rel}","templated":true}]}}