{"id":6895,"date":"2023-10-24T11:15:40","date_gmt":"2023-10-24T09:15:40","guid":{"rendered":"https:\/\/legal.bestway.eu\/?page_id=6895"},"modified":"2026-02-10T10:56:36","modified_gmt":"2026-02-10T09:56:36","slug":"warranty-extension","status":"publish","type":"page","link":"https:\/\/legal.bestway.eu\/tr-tr\/warranty-extension\/","title":{"rendered":"Bestway Garanti"},"content":{"rendered":"\t\t<div data-elementor-type=\"wp-page\" data-elementor-id=\"6895\" class=\"elementor elementor-6895\" data-elementor-post-type=\"page\">\n\t\t\t\t<div class=\"elementor-element elementor-element-201a7b e-flex e-con-boxed e-con e-parent\" data-id=\"201a7b\" data-element_type=\"container\" data-e-type=\"container\">\n\t\t\t\t\t<div class=\"e-con-inner\">\n\t\t\t\t<div class=\"elementor-element elementor-element-3862fa4 elementor-widget elementor-widget-text-editor\" data-id=\"3862fa4\" data-element_type=\"widget\" data-e-type=\"widget\" data-widget_type=\"text-editor.default\">\n\t\t\t\t<div class=\"elementor-widget-container\">\n\t\t\t\t\t\t\t\t\t<p>Kay\u0131tl\u0131 ofisi Via della Resistenza n. 5, San Giuliano Milanese (20098) &#8211; Milan, \u0130talya&#8217;da bulunan BESTWAY EUROPE S.p.A. (bundan b\u00f6yle \u201cBESTWAY\u201d olarak an\u0131lacakt\u0131r) taraf\u0131ndan Avrupa Ekonomik Alan\u0131 i\u00e7inde BESTWAY markas\u0131 alt\u0131nda sat\u0131lan \u00fcr\u00fcnlere uygulanan garanti ko\u015fullar\u0131 a\u015fa\u011f\u0131dad\u0131r.<\/p>\t\t\t\t\t\t\t\t<\/div>\n\t\t\t\t<\/div>\n\t\t\t\t\t<\/div>\n\t\t\t\t<\/div>\n\t\t<div class=\"elementor-element elementor-element-2d7f1d1b e-flex e-con-boxed e-con e-parent\" data-id=\"2d7f1d1b\" data-element_type=\"container\" data-e-type=\"container\">\n\t\t\t\t\t<div class=\"e-con-inner\">\n\t\t\t\t<div class=\"elementor-element elementor-element-7112739 elementor-widget elementor-widget-heading\" data-id=\"7112739\" data-element_type=\"widget\" data-e-type=\"widget\" data-widget_type=\"heading.default\">\n\t\t\t\t<div class=\"elementor-widget-container\">\n\t\t\t\t\t<h2 class=\"elementor-heading-title elementor-size-default\">Yasal garanti<\/h2>\t\t\t\t<\/div>\n\t\t\t\t<\/div>\n\t\t\t\t<div class=\"elementor-element elementor-element-0f3351f elementor-widget elementor-widget-text-editor\" data-id=\"0f3351f\" data-element_type=\"widget\" data-e-type=\"widget\" data-widget_type=\"text-editor.default\">\n\t\t\t\t<div class=\"elementor-widget-container\">\n\t\t\t\t\t\t\t\t\t<p>1.1 Yasal garanti, sat\u0131n al\u0131nan mallar\u0131n (\u201c\u00dcr\u00fcnler\u201d) uygunluk kusurlar\u0131 g\u00f6stermesi durumunda a\u015fa\u011f\u0131da tan\u0131mland\u0131\u011f\u0131 \u015fekilde T\u00fcketiciyi korumay\u0131 ama\u00e7layan 1999\/44\/EC ve 2019\/771\/EC say\u0131l\u0131 Avrupa Direktifleri taraf\u0131ndan sa\u011flanmaktad\u0131r<\/p><ul>\n<\/ul>\n<p>1.2 Yukar\u0131da belirtilen Avrupa Direktifleri uyar\u0131nca T\u00fcketici, ticareti, i\u015fi, zanaat\u0131 veya mesle\u011fi ile ilgili olmayan ama\u00e7larla bir \u00dcr\u00fcn sat\u0131n alan herhangi bir ger\u00e7ek ki\u015fidir (&#8216;T\u00fcketici&#8217;).<\/p>\n<p>1.3 Yasal garanti s\u00fcresi, mallar\u0131n t\u00fcketiciye tesliminden itibaren 24 ayd\u0131r. Yukar\u0131da belirtilen Direktiflerde belirtilen \u015fartlar\u0131n, ge\u00e7erli yerel d\u00fczenlemelerin ge\u00e7erli oldu\u011fu Avrupa Ekonomik Alan\u0131 i\u00e7indeki \u00fclkeler d\u0131\u015f\u0131nda ge\u00e7erli olmad\u0131\u011f\u0131n\u0131 l\u00fctfen unutmay\u0131n.<\/p>\n<p>1.4 Uygunluk kusuruna sahip bir \u00dcr\u00fcn sat\u0131n ald\u0131\u011f\u0131n\u0131z\u0131 d\u00fc\u015f\u00fcn\u00fcyorsan\u0131z, ilgili garantiden yararlanmak i\u00e7in sat\u0131c\u0131n\u0131zla ileti\u015fime ge\u00e7melisiniz.<\/p>\n<p>1.5 BESTWAY, \u00dcr\u00fcnleri do\u011frudan BESTWAY&#8217;den sat\u0131n alan t\u00fcm T\u00fcketicilere \u00dcr\u00fcn uygunluk kusurlar\u0131na ili\u015fkin bir garanti sa\u011flar.<\/p>\t\t\t\t\t\t\t\t<\/div>\n\t\t\t\t<\/div>\n\t\t\t\t<div class=\"elementor-element elementor-element-1fe5510 elementor-widget elementor-widget-heading\" data-id=\"1fe5510\" data-element_type=\"widget\" data-e-type=\"widget\" data-widget_type=\"heading.default\">\n\t\t\t\t<div class=\"elementor-widget-container\">\n\t\t\t\t\t<h2 class=\"elementor-heading-title elementor-size-default\">\u00dcretici garantisi<\/h2>\t\t\t\t<\/div>\n\t\t\t\t<\/div>\n\t\t\t\t<div class=\"elementor-element elementor-element-b5b3ff4 elementor-widget elementor-widget-text-editor\" data-id=\"b5b3ff4\" data-element_type=\"widget\" data-e-type=\"widget\" data-widget_type=\"text-editor.default\">\n\t\t\t\t<div class=\"elementor-widget-container\">\n\t\t\t\t\t\t\t\t\t<p>Yasalar taraf\u0131ndan sa\u011flanan garantilere ve ayr\u0131cal\u0131klara halel getirmeksizin ve t\u00fcketicinin yukar\u0131da belirtilen yasal garantiyi etkinle\u015ftirmesi olas\u0131l\u0131\u011f\u0131na halel getirmeksizin, BESTWAY, s\u0131n\u0131rl\u0131 bir \u00dcr\u00fcn yelpazesi i\u00e7in ge\u00e7erli olan olas\u0131 uygunluk kusurlar\u0131na ili\u015fkin ek bir garanti (\u201cBESTWAY \u00dcretici Garantisi\u201d) sunar.<\/p><p>H\u00fck\u00fcm ve ko\u015fullar, kapsanan \u00fcr\u00fcn yelpazesi ve nas\u0131l etkinle\u015ftirilece\u011fi i\u00e7in <a href=\"https:\/\/support.bestway.eu\/tr-tr\/warranty\" target=\"_blank\" rel=\"noopener\"><u>buraya t\u0131klay\u0131n<\/u><\/a>.<\/p>\t\t\t\t\t\t\t\t<\/div>\n\t\t\t\t<\/div>\n\t\t\t\t\t<\/div>\n\t\t\t\t<\/div>\n\t\t\t\t<\/div>\n\t\t","protected":false},"excerpt":{"rendered":"<p>Kay\u0131tl\u0131 ofisi Via della Resistenza n. 5, San Giuliano Milanese (20098) &#8211; Milan, \u0130talya&#8217;da bulunan BESTWAY EUROPE S.p.A. (bundan b\u00f6yle \u201cBESTWAY\u201d olarak an\u0131lacakt\u0131r) taraf\u0131ndan Avrupa Ekonomik Alan\u0131 i\u00e7inde BESTWAY markas\u0131 alt\u0131nda sat\u0131lan \u00fcr\u00fcnlere uygulanan garanti ko\u015fullar\u0131 a\u015fa\u011f\u0131dad\u0131r. Yasal garanti 1.1 Yasal garanti, sat\u0131n al\u0131nan mallar\u0131n (\u201c\u00dcr\u00fcnler\u201d) uygunluk kusurlar\u0131 g\u00f6stermesi durumunda a\u015fa\u011f\u0131da tan\u0131mland\u0131\u011f\u0131 \u015fekilde T\u00fcketiciyi korumay\u0131 [&hellip;]<\/p>\n","protected":false},"author":9,"featured_media":0,"parent":0,"menu_order":0,"comment_status":"closed","ping_status":"closed","template":"","meta":{"_acf_changed":false,"site-sidebar-layout":"no-sidebar","site-content-layout":"page-builder","ast-site-content-layout":"full-width-container","site-content-style":"default","site-sidebar-style":"default","ast-global-header-display":"","ast-banner-title-visibility":"","ast-main-header-display":"","ast-hfb-above-header-display":"","ast-hfb-below-header-display":"","ast-hfb-mobile-header-display":"","site-post-title":"disabled","ast-breadcrumbs-content":"","ast-featured-img":"disabled","footer-sml-layout":"","ast-disable-related-posts":"","theme-transparent-header-meta":"","adv-header-id-meta":"","stick-header-meta":"","header-above-stick-meta":"","header-main-stick-meta":"","header-below-stick-meta":"","astra-migrate-meta-layouts":"set","ast-page-background-enabled":"default","ast-page-background-meta":{"desktop":{"background-color":"var(--ast-global-color-4)","background-image":"","background-repeat":"repeat","background-position":"center center","background-size":"auto","background-attachment":"scroll","background-type":"","background-media":"","overlay-type":"","overlay-color":"","overlay-opacity":"","overlay-gradient":""},"tablet":{"background-color":"","background-image":"","background-repeat":"repeat","background-position":"center center","background-size":"auto","background-attachment":"scroll","background-type":"","background-media":"","overlay-type":"","overlay-color":"","overlay-opacity":"","overlay-gradient":""},"mobile":{"background-color":"","background-image":"","background-repeat":"repeat","background-position":"center center","background-size":"auto","background-attachment":"scroll","background-type":"","background-media":"","overlay-type":"","overlay-color":"","overlay-opacity":"","overlay-gradient":""}},"ast-content-background-meta":{"desktop":{"background-color":"var(--ast-global-color-5)","background-image":"","background-repeat":"repeat","background-position":"center center","background-size":"auto","background-attachment":"scroll","background-type":"","background-media":"","overlay-type":"","overlay-color":"","overlay-opacity":"","overlay-gradient":""},"tablet":{"background-color":"var(--ast-global-color-5)","background-image":"","background-repeat":"repeat","background-position":"center center","background-size":"auto","background-attachment":"scroll","background-type":"","background-media":"","overlay-type":"","overlay-color":"","overlay-opacity":"","overlay-gradient":""},"mobile":{"background-color":"var(--ast-global-color-5)","background-image":"","background-repeat":"repeat","background-position":"center center","background-size":"auto","background-attachment":"scroll","background-type":"","background-media":"","overlay-type":"","overlay-color":"","overlay-opacity":"","overlay-gradient":""}},"footnotes":""},"class_list":["post-6895","page","type-page","status-publish","hentry"],"acf":[],"yoast_head":"<!-- This site is optimized with the Yoast SEO plugin v27.4 - https:\/\/yoast.com\/product\/yoast-seo-wordpress\/ -->\n<title>Bestway Garanti - Legal<\/title>\n<meta name=\"robots\" content=\"noindex, follow, max-snippet:-1, max-image-preview:large, max-video-preview:-1\" \/>\n<meta property=\"og:locale\" content=\"tr_TR\" \/>\n<meta property=\"og:type\" content=\"article\" \/>\n<meta property=\"og:title\" content=\"Bestway Garanti - Legal\" \/>\n<meta property=\"og:description\" content=\"Kay\u0131tl\u0131 ofisi Via della Resistenza n. 5, San Giuliano Milanese (20098) &#8211; Milan, \u0130talya&#8217;da bulunan BESTWAY EUROPE S.p.A. (bundan b\u00f6yle \u201cBESTWAY\u201d olarak an\u0131lacakt\u0131r) taraf\u0131ndan Avrupa Ekonomik Alan\u0131 i\u00e7inde BESTWAY markas\u0131 alt\u0131nda sat\u0131lan \u00fcr\u00fcnlere uygulanan garanti ko\u015fullar\u0131 a\u015fa\u011f\u0131dad\u0131r. Yasal garanti 1.1 Yasal garanti, sat\u0131n al\u0131nan mallar\u0131n (\u201c\u00dcr\u00fcnler\u201d) uygunluk kusurlar\u0131 g\u00f6stermesi durumunda a\u015fa\u011f\u0131da tan\u0131mland\u0131\u011f\u0131 \u015fekilde T\u00fcketiciyi korumay\u0131 [&hellip;]\" \/>\n<meta property=\"og:url\" content=\"https:\/\/legal.bestway.eu\/tr-tr\/warranty-extension\/\" \/>\n<meta property=\"og:site_name\" content=\"Legal\" \/>\n<meta property=\"article:modified_time\" content=\"2026-02-10T09:56:36+00:00\" \/>\n<meta name=\"twitter:card\" content=\"summary_large_image\" \/>\n<meta name=\"twitter:label1\" content=\"Est. reading time\" \/>\n\t<meta name=\"twitter:data1\" content=\"2 minutes\" \/>\n<script type=\"application\/ld+json\" class=\"yoast-schema-graph\">{\"@context\":\"https:\\\/\\\/schema.org\",\"@graph\":[{\"@type\":\"WebPage\",\"@id\":\"https:\\\/\\\/legal.bestway.eu\\\/tr-tr\\\/warranty-extension\\\/\",\"url\":\"https:\\\/\\\/legal.bestway.eu\\\/tr-tr\\\/warranty-extension\\\/\",\"name\":\"Bestway Garanti - Legal\",\"isPartOf\":{\"@id\":\"https:\\\/\\\/legal.bestway.eu\\\/tr-tr\\\/#website\"},\"datePublished\":\"2023-10-24T09:15:40+00:00\",\"dateModified\":\"2026-02-10T09:56:36+00:00\",\"inLanguage\":\"tr-tr\",\"potentialAction\":[{\"@type\":\"ReadAction\",\"target\":[\"https:\\\/\\\/legal.bestway.eu\\\/tr-tr\\\/warranty-extension\\\/\"]}]},{\"@type\":\"WebSite\",\"@id\":\"https:\\\/\\\/legal.bestway.eu\\\/tr-tr\\\/#website\",\"url\":\"https:\\\/\\\/legal.bestway.eu\\\/tr-tr\\\/\",\"name\":\"Legal\",\"description\":\"Legal\",\"publisher\":{\"@id\":\"https:\\\/\\\/legal.bestway.eu\\\/tr-tr\\\/#organization\"},\"potentialAction\":[{\"@type\":\"SearchAction\",\"target\":{\"@type\":\"EntryPoint\",\"urlTemplate\":\"https:\\\/\\\/legal.bestway.eu\\\/tr-tr\\\/?s={search_term_string}\"},\"query-input\":{\"@type\":\"PropertyValueSpecification\",\"valueRequired\":true,\"valueName\":\"search_term_string\"}}],\"inLanguage\":\"tr-tr\"},{\"@type\":\"Organization\",\"@id\":\"https:\\\/\\\/legal.bestway.eu\\\/tr-tr\\\/#organization\",\"name\":\"Legal\",\"url\":\"https:\\\/\\\/legal.bestway.eu\\\/tr-tr\\\/\",\"logo\":{\"@type\":\"ImageObject\",\"inLanguage\":\"tr-tr\",\"@id\":\"https:\\\/\\\/legal.bestway.eu\\\/tr-tr\\\/#\\\/schema\\\/logo\\\/image\\\/\",\"url\":\"https:\\\/\\\/legal.bestway.eu\\\/wp-content\\\/uploads\\\/sites\\\/2\\\/2023\\\/10\\\/bw-white-logo@2x.png\",\"contentUrl\":\"https:\\\/\\\/legal.bestway.eu\\\/wp-content\\\/uploads\\\/sites\\\/2\\\/2023\\\/10\\\/bw-white-logo@2x.png\",\"width\":348,\"height\":138,\"caption\":\"Legal\"},\"image\":{\"@id\":\"https:\\\/\\\/legal.bestway.eu\\\/tr-tr\\\/#\\\/schema\\\/logo\\\/image\\\/\"}}]}<\/script>\n<!-- \/ Yoast SEO plugin. -->","yoast_head_json":{"title":"Bestway Garanti - Legal","robots":{"index":"noindex","follow":"follow","max-snippet":"max-snippet:-1","max-image-preview":"max-image-preview:large","max-video-preview":"max-video-preview:-1"},"og_locale":"tr_TR","og_type":"article","og_title":"Bestway Garanti - Legal","og_description":"Kay\u0131tl\u0131 ofisi Via della Resistenza n. 5, San Giuliano Milanese (20098) &#8211; Milan, \u0130talya&#8217;da bulunan BESTWAY EUROPE S.p.A. (bundan b\u00f6yle \u201cBESTWAY\u201d olarak an\u0131lacakt\u0131r) taraf\u0131ndan Avrupa Ekonomik Alan\u0131 i\u00e7inde BESTWAY markas\u0131 alt\u0131nda sat\u0131lan \u00fcr\u00fcnlere uygulanan garanti ko\u015fullar\u0131 a\u015fa\u011f\u0131dad\u0131r. Yasal garanti 1.1 Yasal garanti, sat\u0131n al\u0131nan mallar\u0131n (\u201c\u00dcr\u00fcnler\u201d) uygunluk kusurlar\u0131 g\u00f6stermesi durumunda a\u015fa\u011f\u0131da tan\u0131mland\u0131\u011f\u0131 \u015fekilde T\u00fcketiciyi korumay\u0131 [&hellip;]","og_url":"https:\/\/legal.bestway.eu\/tr-tr\/warranty-extension\/","og_site_name":"Legal","article_modified_time":"2026-02-10T09:56:36+00:00","twitter_card":"summary_large_image","twitter_misc":{"Est. reading time":"2 minutes"},"schema":{"@context":"https:\/\/schema.org","@graph":[{"@type":"WebPage","@id":"https:\/\/legal.bestway.eu\/tr-tr\/warranty-extension\/","url":"https:\/\/legal.bestway.eu\/tr-tr\/warranty-extension\/","name":"Bestway Garanti - Legal","isPartOf":{"@id":"https:\/\/legal.bestway.eu\/tr-tr\/#website"},"datePublished":"2023-10-24T09:15:40+00:00","dateModified":"2026-02-10T09:56:36+00:00","inLanguage":"tr-tr","potentialAction":[{"@type":"ReadAction","target":["https:\/\/legal.bestway.eu\/tr-tr\/warranty-extension\/"]}]},{"@type":"WebSite","@id":"https:\/\/legal.bestway.eu\/tr-tr\/#website","url":"https:\/\/legal.bestway.eu\/tr-tr\/","name":"Legal","description":"Legal","publisher":{"@id":"https:\/\/legal.bestway.eu\/tr-tr\/#organization"},"potentialAction":[{"@type":"SearchAction","target":{"@type":"EntryPoint","urlTemplate":"https:\/\/legal.bestway.eu\/tr-tr\/?s={search_term_string}"},"query-input":{"@type":"PropertyValueSpecification","valueRequired":true,"valueName":"search_term_string"}}],"inLanguage":"tr-tr"},{"@type":"Organization","@id":"https:\/\/legal.bestway.eu\/tr-tr\/#organization","name":"Legal","url":"https:\/\/legal.bestway.eu\/tr-tr\/","logo":{"@type":"ImageObject","inLanguage":"tr-tr","@id":"https:\/\/legal.bestway.eu\/tr-tr\/#\/schema\/logo\/image\/","url":"https:\/\/legal.bestway.eu\/wp-content\/uploads\/sites\/2\/2023\/10\/bw-white-logo@2x.png","contentUrl":"https:\/\/legal.bestway.eu\/wp-content\/uploads\/sites\/2\/2023\/10\/bw-white-logo@2x.png","width":348,"height":138,"caption":"Legal"},"image":{"@id":"https:\/\/legal.bestway.eu\/tr-tr\/#\/schema\/logo\/image\/"}}]}},"_links":{"self":[{"href":"https:\/\/legal.bestway.eu\/tr-tr\/wp-json\/wp\/v2\/pages\/6895","targetHints":{"allow":["GET"]}}],"collection":[{"href":"https:\/\/legal.bestway.eu\/tr-tr\/wp-json\/wp\/v2\/pages"}],"about":[{"href":"https:\/\/legal.bestway.eu\/tr-tr\/wp-json\/wp\/v2\/types\/page"}],"author":[{"embeddable":true,"href":"https:\/\/legal.bestway.eu\/tr-tr\/wp-json\/wp\/v2\/users\/9"}],"replies":[{"embeddable":true,"href":"https:\/\/legal.bestway.eu\/tr-tr\/wp-json\/wp\/v2\/comments?post=6895"}],"version-history":[{"count":10,"href":"https:\/\/legal.bestway.eu\/tr-tr\/wp-json\/wp\/v2\/pages\/6895\/revisions"}],"predecessor-version":[{"id":9049,"href":"https:\/\/legal.bestway.eu\/tr-tr\/wp-json\/wp\/v2\/pages\/6895\/revisions\/9049"}],"wp:attachment":[{"href":"https:\/\/legal.bestway.eu\/tr-tr\/wp-json\/wp\/v2\/media?parent=6895"}],"curies":[{"name":"wp","href":"https:\/\/api.w.org\/{rel}","templated":true}]}}