{"id":6772,"date":"2023-10-24T12:37:41","date_gmt":"2023-10-24T10:37:41","guid":{"rendered":"https:\/\/legal.bestway.eu\/?page_id=6772"},"modified":"2024-11-05T19:59:12","modified_gmt":"2024-11-05T18:59:12","slug":"privacy-notice","status":"publish","type":"page","link":"https:\/\/legal.bestway.eu\/tr-tr\/privacy-notice\/","title":{"rendered":"Gizlilik Politikas\u0131 &#8211; GDPR"},"content":{"rendered":"\t\t<div data-elementor-type=\"wp-page\" data-elementor-id=\"6772\" class=\"elementor elementor-6772\" data-elementor-post-type=\"page\">\n\t\t\t\t<div class=\"elementor-element elementor-element-4233c87e e-flex e-con-boxed e-con e-parent\" data-id=\"4233c87e\" data-element_type=\"container\" data-e-type=\"container\">\n\t\t\t\t\t<div class=\"e-con-inner\">\n\t\t\t\t<div class=\"elementor-element elementor-element-eeb32c3 elementor-widget elementor-widget-menu-anchor\" data-id=\"eeb32c3\" data-element_type=\"widget\" data-e-type=\"widget\" data-widget_type=\"menu-anchor.default\">\n\t\t\t\t<div class=\"elementor-widget-container\">\n\t\t\t\t\t\t\t<div class=\"elementor-menu-anchor\" id=\"BoxNewsletter\"><\/div>\n\t\t\t\t\t\t<\/div>\n\t\t\t\t<\/div>\n\t\t\t\t<div class=\"elementor-element elementor-element-3c097587 elementor-widget elementor-widget-heading\" data-id=\"3c097587\" data-element_type=\"widget\" data-e-type=\"widget\" data-widget_type=\"heading.default\">\n\t\t\t\t<div class=\"elementor-widget-container\">\n\t\t\t\t\t<h2 class=\"elementor-heading-title elementor-size-default\">Pazarlama<\/h2>\t\t\t\t<\/div>\n\t\t\t\t<\/div>\n\t\t\t\t<div class=\"elementor-element elementor-element-375d8ec elementor-widget elementor-widget-text-editor\" data-id=\"375d8ec\" data-element_type=\"widget\" data-e-type=\"widget\" data-widget_type=\"text-editor.default\">\n\t\t\t\t<div class=\"elementor-widget-container\">\n\t\t\t\t\t\t\t\t\t<p><strong>Avrupa Birli\u011fi 2016\/679 Genel Verilerin Korunmas\u0131 T\u00fcz\u00fc\u011f\u00fc (General Data Protection Regulation, GDPR) ve ilgili t\u00fcz\u00fc\u011f\u00fcn g\u00fcncel de\u011fi\u015fiklileri ve eklerinde tan\u0131mlanan kurallara istinaden,<\/strong><\/p><p><strong><u>Veri Kontrol Sorumlusu<\/u><\/strong><u> (\u0130ngilizce T\u00fcz\u00fck Terimi ile, \u201cData Controller\u201d):<\/u> \u0130talya, Milano, San Giuliano Milanese (Mi), via Resistenza 5 adresine kay\u0131tl\u0131 BESTWAY EUROPE S.P.A. (BESTWAY EUROPE A. \u015e.) [\u201cBESTWAY\u201d]<\/p><p><strong>DPO (Veri \u0130\u015flem Memuru)<\/strong>: <a href=\"mailto:privacy@bestwaycorp.eu\">privacy@bestwaycorp.eu<\/a><\/p><p>Veri Kontrol Sorumlusu, a\u015fa\u011f\u0131da belirtilen verileri, tarif edilen \u015fekilde kullan\u0131r:<\/p><p>Sizin ilgili se\u00e7enek kutucu\u011funu se\u00e7ip onay vermeniz \u015fart\u0131yla, Veri Kontrol Sorumlusu, ki\u015fisel verilerinizi, g\u00fcncel \u00fcr\u00fcn ve hizmet bilgileri, ve kampanyalar hakk\u0131nda haber i\u00e7eren b\u00fcltenler g\u00f6ndermek amac\u0131yla kullanabilir. Ki\u015fisel verileri kullanman\u0131n yasal dayana\u011f\u0131, sizin \u00f6zg\u00fcr se\u00e7iminiz ve onay\u0131n\u0131zd\u0131r.<\/p><p>Bu veri i\u015flemlerine onay vermedi\u011finiz takdirde sadece yukar\u0131da belirtilen ilgili ek bildirim ara\u00e7lar\u0131ndan vazge\u00e7mi\u015f olursunuz.\u00a0<\/p><p>Ki\u015fisel verileriniz, Avrupa Birli\u011fi 2016\/679 no\u2019lu Genel Verilerin Korunmas\u0131 T\u00fcz\u00fc\u011f\u00fc (\u201cGDPR\u201d) ile t\u00fcz\u00fc\u011f\u00fcn ekleri ve de\u011fi\u015fiklikleri uyar\u0131nca y\u00fcr\u00fcrl\u00fckte olan ki\u015fisel verilerin korunmas\u0131na dair y\u00f6netmeliklere uygun olarak, ka\u011f\u0131t ve elektronik ortamda i\u015fleme konulur.\u00a0 Sa\u011flad\u0131\u011f\u0131n\u0131z ki\u015fisel bilgiler, <u>sadece yukar\u0131da tarif edilen i\u015flemleri yapmak amac\u0131yla<\/u>, ki\u015fisel verilerin korunmas\u0131 i\u00e7in yeterli kurallar\u0131 ve altyap\u0131y\u0131 kullanan, Veri \u0130\u015flemci g\u00f6revini \u00fcstlenen, belirli \u00fc\u00e7\u00fcnc\u00fc ki\u015fi ve kurumlar ile payla\u015f\u0131labilir. Bu kurum ve ki\u015filer, (BESTWAY Grubu\u2019nun Avrupa Birli\u011fi d\u0131\u015f\u0131nda bulunan \u015firketleri de dahil olmak \u00fczere) BESTWAY i\u00e7in profesyonel destek ve dan\u0131\u015fmanl\u0131k hizmeti sunan \u00f6zel ki\u015filer, dernekler, ve ticari \u015firketler; ve ayr\u0131ca Ortak Veri Kontrol Sorumlusu, ya da Ba\u011f\u0131ms\u0131z Veri Kontrol Sorumlusu olarak hizmet veren ki\u015filer, veya Veri \u0130\u015flemcisi olarak g\u00f6revlendirilmi\u015f BESTWAY personeli olabilir.<\/p><p>Ile ilgili olarak toplanan ki\u015fisel verileriniz, onay verdi\u011finiz tarihten 8 (sekiz) y\u0131l sonras\u0131na kadar saklanabilir. M\u00fc\u015fteriler, g\u00f6nderilen her b\u00fcltende bulunan \u201cAboneli\u011fi \u0130ptal Et\u201d ba\u011flant\u0131s\u0131na t\u0131klayarak ya da <a href=\"mailto:privacy@bestwaycorp.eu\">privacy@bestwaycorp.eu<\/a> adresine e-posta g\u00f6ndererek b\u00fcltenlerin g\u00f6nderimini iptal edebilirler<\/p><p>\u0130lgili t\u00fcz\u00fc\u011f\u00fcn 15. maddesinde tan\u0131mlanan haklar dahilinde, ve \u00f6zellikle, ki\u015fisel verilere eri\u015fim hakk\u0131, ki\u015fisel verileri de\u011fi\u015ftirme hakk\u0131, kay\u0131t sildirme hakk\u0131, veri kullan\u0131m\u0131na itiraz hakk\u0131, veri ta\u015f\u0131nabilirlik hakk\u0131, ve kendi idari b\u00f6lgenizde atanm\u0131\u015f Ki\u015fisel Verileri Koruma Yetkilisi arac\u0131l\u0131\u011f\u0131yla yapaca\u011f\u0131n\u0131z \u015fikayet hakk\u0131 uyar\u0131nca (<a href=\"https:\/\/edpb.europa.eu\/about-edpb\/board\/members_en\" target=\"_blank\" rel=\"noopener\">https:\/\/edpb.europa.eu\/about-edpb\/board\/members_en<\/a>), her zaman, diledi\u011finizde \u015fikayet ba\u015fvurusunda bulunabilirsiniz.<\/p><p>Yukar\u0131da belirtilen haklar\u0131 kullanmak i\u00e7in <a href=\"mailto:privacy@bestwaycorp.eu\">privacy@bestwaycorp.eu<\/a> e-posta adresini kullanabilirsiniz.<\/p>\t\t\t\t\t\t\t\t<\/div>\n\t\t\t\t<\/div>\n\t\t\t\t\t<\/div>\n\t\t\t\t<\/div>\n\t\t<div class=\"elementor-element elementor-element-fc9e459 e-flex e-con-boxed e-con e-parent\" data-id=\"fc9e459\" data-element_type=\"container\" data-e-type=\"container\">\n\t\t\t\t\t<div class=\"e-con-inner\">\n\t\t\t\t<div class=\"elementor-element elementor-element-4ff1b8f6 elementor-widget elementor-widget-menu-anchor\" data-id=\"4ff1b8f6\" data-element_type=\"widget\" data-e-type=\"widget\" data-widget_type=\"menu-anchor.default\">\n\t\t\t\t<div class=\"elementor-widget-container\">\n\t\t\t\t\t\t\t<div class=\"elementor-menu-anchor\" id=\"Sitoassistenza\"><\/div>\n\t\t\t\t\t\t<\/div>\n\t\t\t\t<\/div>\n\t\t\t\t<div class=\"elementor-element elementor-element-33a4a549 elementor-widget elementor-widget-heading\" data-id=\"33a4a549\" data-element_type=\"widget\" data-e-type=\"widget\" data-widget_type=\"heading.default\">\n\t\t\t\t<div class=\"elementor-widget-container\">\n\t\t\t\t\t<h2 class=\"elementor-heading-title elementor-size-default\">M\u00fc\u015fteri Destek Sitesi<\/h2>\t\t\t\t<\/div>\n\t\t\t\t<\/div>\n\t\t\t\t<div class=\"elementor-element elementor-element-10d7938d elementor-widget elementor-widget-text-editor\" data-id=\"10d7938d\" data-element_type=\"widget\" data-e-type=\"widget\" data-widget_type=\"text-editor.default\">\n\t\t\t\t<div class=\"elementor-widget-container\">\n\t\t\t\t\t\t\t\t\t<p><strong>Avrupa Birli\u011fi 2016\/679 Genel Verilerin Korunmas\u0131 T\u00fcz\u00fc\u011f\u00fc (General Data Protection Regulation, GDPR) ve ilgili t\u00fcz\u00fc\u011f\u00fcn g\u00fcncel de\u011fi\u015fiklileri ve eklerinde tan\u0131mlanan kurallara istinaden,<\/strong><\/p><p><strong><u>Veri Kontrol Sorumlusu<\/u><\/strong><u> (\u0130ngilizce T\u00fcz\u00fck Terimi ile, \u201cData Controller\u201d):<\/u> \u0130talya, Milano, San Giuliano Milanese (Mi), via Resistenza 5 adresine kay\u0131tl\u0131 BESTWAY EUROPE S.P.A. (BESTWAY EUROPE A. \u015e.) [\u201cBESTWAY\u201d]<\/p><p><strong>DPO (Veri \u0130\u015flem Memuru)<\/strong>: <a href=\"mailto:privacy@bestwaycorp.eu\">privacy@bestwaycorp.eu<\/a><\/p><p>Veri Kontrol Sorumlusu, a\u015fa\u011f\u0131da belirtilen verileri, tarif edilen \u015fekilde kullan\u0131r:<\/p><p>i) Yasal veya mevzuatla ili\u015fkili y\u00fck\u00fcml\u00fcl\u00fcklerin yerine getirilmesi i\u00e7in idari ve muhasebe ama\u00e7lar\u0131 do\u011frultusunda yetersiz bir hizmete ili\u015fkin raporunuzun sorumlulu\u011funu \u00fcstlenmeniz ve uygun \u015fekilde y\u00f6netmeniz i\u00e7in ve size e-posta yoluyla iletilecek Kullan\u0131c\u0131 Ad\u0131 ve \u015eifreyi girerek eri\u015febilece\u011finiz BESTWAY web sitesinde ki\u015fisel bir hesap a\u00e7arak size \u015fikayet y\u00f6netimi hizmetini sa\u011flamak i\u00e7in ad ve soyad\u0131, e-posta adresi, teslimat adresi ve telefon numaras\u0131: Parola ilk eri\u015fimde de\u011fi\u015ftirilmelidir<\/p><p><u>ii) sizin ilgili se\u00e7enek kutucu\u011funu se\u00e7ip onay vermeniz \u015fart\u0131yla<\/u>, pazarlama faaliyetleri dahilinde, yeni BESTWAY \u00fcr\u00fcnleri, servisleri, etkinlikler ve kampanyalar\u0131 ile ilgili b\u00fcltenler g\u00f6ndermek amac\u0131yla;<\/p><p><u>iii) sizin ilgili se\u00e7enek kutucu\u011funu se\u00e7ip onay vermeniz \u015fart\u0131yla<\/u>, istatistik analiz ama\u00e7l\u0131, cinsiyet, ya\u015f grubu, i\u015f ve \u00e7al\u0131\u015fma durumu, al\u0131\u015fveri\u015f nedeni, \u00f6deme y\u00f6ntemi, ailedeki \u00e7ocuk say\u0131s\u0131 ve benzeri veriler. BESTWAY taraf\u0131ndan toplanan bu t\u00fcr veriler, m\u00fc\u015fteri grubunun toplamdaki genel g\u00f6r\u00fcn\u00fcm\u00fcn\u00fc anlamak i\u00e7in kullan\u0131l\u0131r. Size \u00f6zel herhangi bir tahmin ya da \u00e7\u0131kar\u0131m amac\u0131 i\u00e7ermez.<\/p><p><u>iv) sizin ilgili se\u00e7enek kutucu\u011funu se\u00e7ip onay vermeniz \u015fart\u0131yla<\/u>, \u00fcr\u00fcnler ve m\u00fc\u015fteri memnuniyeti ile ilgili anketlere davet ama\u00e7l\u0131 e-posta g\u00f6ndermek i\u00e7in;<\/p><p>B\u00f6l\u00fcm (i) paragraf\u0131nda belirtilen veri kullan\u0131m\u0131n\u0131n yasal dayana\u011f\u0131, s\u00f6zle\u015fme veya ticari y\u00fck\u00fcml\u00fcl\u00fcklerin yerine getirilmesi i\u00e7in gerekli \u015fartlar, ve bu y\u00fck\u00fcml\u00fcl\u00fcklere dair yasal kurallard\u0131r.\u00a0 Bu verilerin sa\u011flanmas\u0131 zorunludur. Bu verilere eri\u015fim sa\u011flanamamas\u0131, BESTWAY\u2019in talep edilen \u00fcr\u00fcn ya da hizmetleri yerine getirmesine engel olabilir.\u00a0<\/p><p>B\u00f6l\u00fcm (ii), (iii) ve (iv) paragraflar\u0131nda belirtilen veri kullanma i\u015flemlerinin yasal dayana\u011f\u0131, sizin \u00f6zg\u00fcr se\u00e7iminiz ve onay\u0131n\u0131zd\u0131r. Bu veri i\u015flemlerine onay vermedi\u011finiz takdirde sadece yukar\u0131da belirtilen ilgili ek bildirim ara\u00e7lar\u0131ndan vazge\u00e7mi\u015f olursunuz.\u00a0<\/p><p>Ki\u015fisel verileriniz, Avrupa Birli\u011fi 2016\/679 no\u2019lu Genel Verilerin Korunmas\u0131 T\u00fcz\u00fc\u011f\u00fc (\u201cGDPR\u201d) ile t\u00fcz\u00fc\u011f\u00fcn ekleri ve de\u011fi\u015fiklikleri uyar\u0131nca y\u00fcr\u00fcrl\u00fckte olan ki\u015fisel verilerin korunmas\u0131na dair y\u00f6netmeliklere uygun olarak, ka\u011f\u0131t ve elektronik ortamda i\u015fleme konulur.\u00a0 Sa\u011flad\u0131\u011f\u0131n\u0131z ki\u015fisel bilgiler, <u>sadece yukar\u0131da tarif edilen i\u015flemleri yapmak amac\u0131yla<\/u>, ki\u015fisel verilerin korunmas\u0131 i\u00e7in yeterli kurallar\u0131 ve altyap\u0131y\u0131 kullanan, Veri \u0130\u015flemci g\u00f6revini \u00fcstlenen, belirli \u00fc\u00e7\u00fcnc\u00fc ki\u015fi ve kurumlar ile payla\u015f\u0131labilir. Bu kurum ve ki\u015filer, (BESTWAY Grubu\u2019nun Avrupa Birli\u011fi d\u0131\u015f\u0131nda bulunan \u015firketleri de dahil olmak \u00fczere) BESTWAY i\u00e7in profesyonel destek ve dan\u0131\u015fmanl\u0131k hizmeti sunan \u00f6zel ki\u015filer, dernekler, ve ticari \u015firketler; ve ayr\u0131ca Ortak Veri Kontrol Sorumlusu, ya da Ba\u011f\u0131ms\u0131z Veri Kontrol Sorumlusu olarak hizmet veren ki\u015filer, veya Veri \u0130\u015flemcisi olarak g\u00f6revlendirilmi\u015f BESTWAY personeli olabilir.<\/p><p>B\u00f6l\u00fcm (i)\u2019de belirtilen ki\u015fisel veriler, \u015fikayetlerin y\u00f6netimi dahilinde, s\u00f6zle\u015fme veya ticari ili\u015fkinin gere\u011fi olarak, ya da ili\u015fkinin sonland\u0131r\u0131lmas\u0131na dair yasal zorunluluklar\u0131n yerine getirilmesi amac\u0131yla, s\u00f6zle\u015fme ya da ticari ili\u015fkinin sona ermesinden sonra, her ko\u015fulda 10 (on) y\u0131l ile s\u0131n\u0131rl\u0131 olmak kayd\u0131yla, saklanabilir.<\/p><p>B\u00f6l\u00fcm (ii) ile ilgili olarak toplanan ki\u015fisel verileriniz, onay verdi\u011finiz tarihten 8 (sekiz) y\u0131l sonras\u0131na kadar saklanabilir. M\u00fc\u015fteriler, g\u00f6nderilen her b\u00fcltende bulunan \u201cAboneli\u011fi \u0130ptal Et\u201d ba\u011flant\u0131s\u0131na t\u0131klayarak ya da <a href=\"mailto:privacy@bestwaycorp.eu\">privacy@bestwaycorp.eu<\/a> adresine e-posta g\u00f6ndererek b\u00fcltenlerin g\u00f6nderimini iptal edebilirler.<\/p><p>B\u00f6l\u00fcm (iii) ve (iv)\u2019de belirtilen istatistik ve anket ama\u00e7l\u0131 edinilen veriler, onay verdi\u011finiz tarihten itibaren 8 (sekiz) y\u0131la kadar saklan\u0131r.<\/p><p>\u0130lgili t\u00fcz\u00fc\u011f\u00fcn 15. maddesinde tan\u0131mlanan haklar dahilinde, ve \u00f6zellikle, ki\u015fisel verilere eri\u015fim hakk\u0131, ki\u015fisel verileri de\u011fi\u015ftirme hakk\u0131, kay\u0131t sildirme hakk\u0131, veri kullan\u0131m\u0131na itiraz hakk\u0131, veri ta\u015f\u0131nabilirlik hakk\u0131, ve kendi idari b\u00f6lgenizde atanm\u0131\u015f Ki\u015fisel Verileri Koruma Yetkilisi arac\u0131l\u0131\u011f\u0131yla yapaca\u011f\u0131n\u0131z \u015fikayet hakk\u0131 uyar\u0131nca (<a href=\"https:\/\/edpb.europa.eu\/about-edpb\/board\/members_en\" target=\"_blank\" rel=\"noopener\">https:\/\/edpb.europa.eu\/about-edpb\/board\/members_en<\/a>), her zaman, diledi\u011finizde \u015fikayet ba\u015fvurusunda bulunabilirsiniz.<\/p><p>Yukar\u0131da belirtilen haklar\u0131 kullanmak i\u00e7in <a href=\"mailto:privacy@bestwaycorp.eu\">privacy@bestwaycorp.eu<\/a> e-posta adresini kullanabilirsiniz. <\/p>\t\t\t\t\t\t\t\t<\/div>\n\t\t\t\t<\/div>\n\t\t\t\t\t<\/div>\n\t\t\t\t<\/div>\n\t\t\t\t<\/div>\n\t\t","protected":false},"excerpt":{"rendered":"<p>Pazarlama Avrupa Birli\u011fi 2016\/679 Genel Verilerin Korunmas\u0131 T\u00fcz\u00fc\u011f\u00fc (General Data Protection Regulation, GDPR) ve ilgili t\u00fcz\u00fc\u011f\u00fcn g\u00fcncel de\u011fi\u015fiklileri ve eklerinde tan\u0131mlanan kurallara istinaden, Veri Kontrol Sorumlusu (\u0130ngilizce T\u00fcz\u00fck Terimi ile, \u201cData Controller\u201d): \u0130talya, Milano, San Giuliano Milanese (Mi), via Resistenza 5 adresine kay\u0131tl\u0131 BESTWAY EUROPE S.P.A. (BESTWAY EUROPE A. \u015e.) [\u201cBESTWAY\u201d] DPO (Veri \u0130\u015flem Memuru): [&hellip;]<\/p>\n","protected":false},"author":9,"featured_media":0,"parent":0,"menu_order":0,"comment_status":"closed","ping_status":"closed","template":"","meta":{"_acf_changed":false,"site-sidebar-layout":"no-sidebar","site-content-layout":"page-builder","ast-site-content-layout":"full-width-container","site-content-style":"default","site-sidebar-style":"default","ast-global-header-display":"","ast-banner-title-visibility":"","ast-main-header-display":"","ast-hfb-above-header-display":"","ast-hfb-below-header-display":"","ast-hfb-mobile-header-display":"","site-post-title":"","ast-breadcrumbs-content":"","ast-featured-img":"disabled","footer-sml-layout":"","ast-disable-related-posts":"","theme-transparent-header-meta":"","adv-header-id-meta":"","stick-header-meta":"","header-above-stick-meta":"","header-main-stick-meta":"","header-below-stick-meta":"","astra-migrate-meta-layouts":"set","ast-page-background-enabled":"default","ast-page-background-meta":{"desktop":{"background-color":"var(--ast-global-color-4)","background-image":"","background-repeat":"repeat","background-position":"center center","background-size":"auto","background-attachment":"scroll","background-type":"","background-media":"","overlay-type":"","overlay-color":"","overlay-opacity":"","overlay-gradient":""},"tablet":{"background-color":"","background-image":"","background-repeat":"repeat","background-position":"center center","background-size":"auto","background-attachment":"scroll","background-type":"","background-media":"","overlay-type":"","overlay-color":"","overlay-opacity":"","overlay-gradient":""},"mobile":{"background-color":"","background-image":"","background-repeat":"repeat","background-position":"center center","background-size":"auto","background-attachment":"scroll","background-type":"","background-media":"","overlay-type":"","overlay-color":"","overlay-opacity":"","overlay-gradient":""}},"ast-content-background-meta":{"desktop":{"background-color":"var(--ast-global-color-5)","background-image":"","background-repeat":"repeat","background-position":"center center","background-size":"auto","background-attachment":"scroll","background-type":"","background-media":"","overlay-type":"","overlay-color":"","overlay-opacity":"","overlay-gradient":""},"tablet":{"background-color":"var(--ast-global-color-5)","background-image":"","background-repeat":"repeat","background-position":"center center","background-size":"auto","background-attachment":"scroll","background-type":"","background-media":"","overlay-type":"","overlay-color":"","overlay-opacity":"","overlay-gradient":""},"mobile":{"background-color":"var(--ast-global-color-5)","background-image":"","background-repeat":"repeat","background-position":"center center","background-size":"auto","background-attachment":"scroll","background-type":"","background-media":"","overlay-type":"","overlay-color":"","overlay-opacity":"","overlay-gradient":""}},"footnotes":""},"class_list":["post-6772","page","type-page","status-publish","hentry"],"acf":[],"yoast_head":"<!-- This site is optimized with the Yoast SEO plugin v27.4 - https:\/\/yoast.com\/product\/yoast-seo-wordpress\/ -->\n<title>Gizlilik Politikas\u0131 - GDPR - Legal<\/title>\n<meta name=\"robots\" content=\"noindex, follow, max-snippet:-1, max-image-preview:large, max-video-preview:-1\" \/>\n<meta property=\"og:locale\" content=\"tr_TR\" \/>\n<meta property=\"og:type\" content=\"article\" \/>\n<meta property=\"og:title\" content=\"Gizlilik Politikas\u0131 - GDPR - Legal\" \/>\n<meta property=\"og:description\" content=\"Pazarlama Avrupa Birli\u011fi 2016\/679 Genel Verilerin Korunmas\u0131 T\u00fcz\u00fc\u011f\u00fc (General Data Protection Regulation, GDPR) ve ilgili t\u00fcz\u00fc\u011f\u00fcn g\u00fcncel de\u011fi\u015fiklileri ve eklerinde tan\u0131mlanan kurallara istinaden, Veri Kontrol Sorumlusu (\u0130ngilizce T\u00fcz\u00fck Terimi ile, \u201cData Controller\u201d): \u0130talya, Milano, San Giuliano Milanese (Mi), via Resistenza 5 adresine kay\u0131tl\u0131 BESTWAY EUROPE S.P.A. (BESTWAY EUROPE A. \u015e.) [\u201cBESTWAY\u201d] DPO (Veri \u0130\u015flem Memuru): [&hellip;]\" \/>\n<meta property=\"og:url\" content=\"https:\/\/legal.bestway.eu\/tr-tr\/privacy-notice\/\" \/>\n<meta property=\"og:site_name\" content=\"Legal\" \/>\n<meta property=\"article:modified_time\" content=\"2024-11-05T18:59:12+00:00\" \/>\n<meta name=\"twitter:card\" content=\"summary_large_image\" \/>\n<meta name=\"twitter:label1\" content=\"Est. reading time\" \/>\n\t<meta name=\"twitter:data1\" content=\"5 minutes\" \/>\n<script type=\"application\/ld+json\" class=\"yoast-schema-graph\">{\"@context\":\"https:\\\/\\\/schema.org\",\"@graph\":[{\"@type\":\"WebPage\",\"@id\":\"https:\\\/\\\/legal.bestway.eu\\\/tr-tr\\\/privacy-notice\\\/\",\"url\":\"https:\\\/\\\/legal.bestway.eu\\\/tr-tr\\\/privacy-notice\\\/\",\"name\":\"Gizlilik Politikas\u0131 - GDPR - Legal\",\"isPartOf\":{\"@id\":\"https:\\\/\\\/legal.bestway.eu\\\/tr-tr\\\/#website\"},\"datePublished\":\"2023-10-24T10:37:41+00:00\",\"dateModified\":\"2024-11-05T18:59:12+00:00\",\"inLanguage\":\"tr-tr\",\"potentialAction\":[{\"@type\":\"ReadAction\",\"target\":[\"https:\\\/\\\/legal.bestway.eu\\\/tr-tr\\\/privacy-notice\\\/\"]}]},{\"@type\":\"WebSite\",\"@id\":\"https:\\\/\\\/legal.bestway.eu\\\/tr-tr\\\/#website\",\"url\":\"https:\\\/\\\/legal.bestway.eu\\\/tr-tr\\\/\",\"name\":\"Legal\",\"description\":\"Legal\",\"publisher\":{\"@id\":\"https:\\\/\\\/legal.bestway.eu\\\/tr-tr\\\/#organization\"},\"potentialAction\":[{\"@type\":\"SearchAction\",\"target\":{\"@type\":\"EntryPoint\",\"urlTemplate\":\"https:\\\/\\\/legal.bestway.eu\\\/tr-tr\\\/?s={search_term_string}\"},\"query-input\":{\"@type\":\"PropertyValueSpecification\",\"valueRequired\":true,\"valueName\":\"search_term_string\"}}],\"inLanguage\":\"tr-tr\"},{\"@type\":\"Organization\",\"@id\":\"https:\\\/\\\/legal.bestway.eu\\\/tr-tr\\\/#organization\",\"name\":\"Legal\",\"url\":\"https:\\\/\\\/legal.bestway.eu\\\/tr-tr\\\/\",\"logo\":{\"@type\":\"ImageObject\",\"inLanguage\":\"tr-tr\",\"@id\":\"https:\\\/\\\/legal.bestway.eu\\\/tr-tr\\\/#\\\/schema\\\/logo\\\/image\\\/\",\"url\":\"https:\\\/\\\/legal.bestway.eu\\\/wp-content\\\/uploads\\\/sites\\\/2\\\/2023\\\/10\\\/bw-white-logo@2x.png\",\"contentUrl\":\"https:\\\/\\\/legal.bestway.eu\\\/wp-content\\\/uploads\\\/sites\\\/2\\\/2023\\\/10\\\/bw-white-logo@2x.png\",\"width\":348,\"height\":138,\"caption\":\"Legal\"},\"image\":{\"@id\":\"https:\\\/\\\/legal.bestway.eu\\\/tr-tr\\\/#\\\/schema\\\/logo\\\/image\\\/\"}}]}<\/script>\n<!-- \/ Yoast SEO plugin. -->","yoast_head_json":{"title":"Gizlilik Politikas\u0131 - GDPR - Legal","robots":{"index":"noindex","follow":"follow","max-snippet":"max-snippet:-1","max-image-preview":"max-image-preview:large","max-video-preview":"max-video-preview:-1"},"og_locale":"tr_TR","og_type":"article","og_title":"Gizlilik Politikas\u0131 - GDPR - Legal","og_description":"Pazarlama Avrupa Birli\u011fi 2016\/679 Genel Verilerin Korunmas\u0131 T\u00fcz\u00fc\u011f\u00fc (General Data Protection Regulation, GDPR) ve ilgili t\u00fcz\u00fc\u011f\u00fcn g\u00fcncel de\u011fi\u015fiklileri ve eklerinde tan\u0131mlanan kurallara istinaden, Veri Kontrol Sorumlusu (\u0130ngilizce T\u00fcz\u00fck Terimi ile, \u201cData Controller\u201d): \u0130talya, Milano, San Giuliano Milanese (Mi), via Resistenza 5 adresine kay\u0131tl\u0131 BESTWAY EUROPE S.P.A. (BESTWAY EUROPE A. \u015e.) [\u201cBESTWAY\u201d] DPO (Veri \u0130\u015flem Memuru): [&hellip;]","og_url":"https:\/\/legal.bestway.eu\/tr-tr\/privacy-notice\/","og_site_name":"Legal","article_modified_time":"2024-11-05T18:59:12+00:00","twitter_card":"summary_large_image","twitter_misc":{"Est. reading time":"5 minutes"},"schema":{"@context":"https:\/\/schema.org","@graph":[{"@type":"WebPage","@id":"https:\/\/legal.bestway.eu\/tr-tr\/privacy-notice\/","url":"https:\/\/legal.bestway.eu\/tr-tr\/privacy-notice\/","name":"Gizlilik Politikas\u0131 - GDPR - Legal","isPartOf":{"@id":"https:\/\/legal.bestway.eu\/tr-tr\/#website"},"datePublished":"2023-10-24T10:37:41+00:00","dateModified":"2024-11-05T18:59:12+00:00","inLanguage":"tr-tr","potentialAction":[{"@type":"ReadAction","target":["https:\/\/legal.bestway.eu\/tr-tr\/privacy-notice\/"]}]},{"@type":"WebSite","@id":"https:\/\/legal.bestway.eu\/tr-tr\/#website","url":"https:\/\/legal.bestway.eu\/tr-tr\/","name":"Legal","description":"Legal","publisher":{"@id":"https:\/\/legal.bestway.eu\/tr-tr\/#organization"},"potentialAction":[{"@type":"SearchAction","target":{"@type":"EntryPoint","urlTemplate":"https:\/\/legal.bestway.eu\/tr-tr\/?s={search_term_string}"},"query-input":{"@type":"PropertyValueSpecification","valueRequired":true,"valueName":"search_term_string"}}],"inLanguage":"tr-tr"},{"@type":"Organization","@id":"https:\/\/legal.bestway.eu\/tr-tr\/#organization","name":"Legal","url":"https:\/\/legal.bestway.eu\/tr-tr\/","logo":{"@type":"ImageObject","inLanguage":"tr-tr","@id":"https:\/\/legal.bestway.eu\/tr-tr\/#\/schema\/logo\/image\/","url":"https:\/\/legal.bestway.eu\/wp-content\/uploads\/sites\/2\/2023\/10\/bw-white-logo@2x.png","contentUrl":"https:\/\/legal.bestway.eu\/wp-content\/uploads\/sites\/2\/2023\/10\/bw-white-logo@2x.png","width":348,"height":138,"caption":"Legal"},"image":{"@id":"https:\/\/legal.bestway.eu\/tr-tr\/#\/schema\/logo\/image\/"}}]}},"_links":{"self":[{"href":"https:\/\/legal.bestway.eu\/tr-tr\/wp-json\/wp\/v2\/pages\/6772","targetHints":{"allow":["GET"]}}],"collection":[{"href":"https:\/\/legal.bestway.eu\/tr-tr\/wp-json\/wp\/v2\/pages"}],"about":[{"href":"https:\/\/legal.bestway.eu\/tr-tr\/wp-json\/wp\/v2\/types\/page"}],"author":[{"embeddable":true,"href":"https:\/\/legal.bestway.eu\/tr-tr\/wp-json\/wp\/v2\/users\/9"}],"replies":[{"embeddable":true,"href":"https:\/\/legal.bestway.eu\/tr-tr\/wp-json\/wp\/v2\/comments?post=6772"}],"version-history":[{"count":4,"href":"https:\/\/legal.bestway.eu\/tr-tr\/wp-json\/wp\/v2\/pages\/6772\/revisions"}],"predecessor-version":[{"id":6777,"href":"https:\/\/legal.bestway.eu\/tr-tr\/wp-json\/wp\/v2\/pages\/6772\/revisions\/6777"}],"wp:attachment":[{"href":"https:\/\/legal.bestway.eu\/tr-tr\/wp-json\/wp\/v2\/media?parent=6772"}],"curies":[{"name":"wp","href":"https:\/\/api.w.org\/{rel}","templated":true}]}}