{"id":8720,"date":"2025-06-09T15:47:15","date_gmt":"2025-06-09T13:47:15","guid":{"rendered":"https:\/\/legal.bestway.eu\/accessibility\/"},"modified":"2025-06-23T10:56:43","modified_gmt":"2025-06-23T08:56:43","slug":"accessibility","status":"publish","type":"page","link":"https:\/\/legal.bestway.eu\/sk-sk\/accessibility\/","title":{"rendered":"Pr\u00edstupnos\u0165"},"content":{"rendered":"\t\t<div data-elementor-type=\"wp-page\" data-elementor-id=\"8720\" class=\"elementor elementor-8720\" data-elementor-post-type=\"page\">\n\t\t\t\t<div class=\"elementor-element elementor-element-5b5bf09 e-flex e-con-boxed e-con e-parent\" data-id=\"5b5bf09\" data-element_type=\"container\" data-e-type=\"container\">\n\t\t\t\t\t<div class=\"e-con-inner\">\n\t\t\t\t<div class=\"elementor-element elementor-element-febc057 elementor-widget elementor-widget-text-editor\" data-id=\"febc057\" data-element_type=\"widget\" data-e-type=\"widget\" data-widget_type=\"text-editor.default\">\n\t\t\t\t<div class=\"elementor-widget-container\">\n\t\t\t\t\t\t\t\t\t<p>Ver\u00edme, \u017ee internet by mal by\u0165 dostupn\u00fd a pr\u00edstupn\u00fd pre ka\u017ed\u00e9ho, a preto sa zav\u00e4zujeme poskytova\u0165 webov\u00fa str\u00e1nku, ktor\u00e1 je pr\u00edstupn\u00e1 \u010do naj\u0161ir\u0161iemu publiku.<\/p><p>Sna\u017e\u00edme sa dodr\u017eiava\u0165 Pokyny pre pr\u00edstupnos\u0165 webov\u00e9ho obsahu 2.1 (WCAG 2.1) konzorcia World Wide Web Consortium (W3C). Tieto pokyny vysvet\u013euj\u00fa, ako spr\u00edstupni\u0165 webov\u00fd obsah \u0161irokej \u0161k\u00e1le pou\u017e\u00edvate\u013eov s r\u00f4znymi potrebami. Dodr\u017eiavanie t\u00fdchto pokynov n\u00e1m pom\u00e1ha zabezpe\u010di\u0165, aby na\u0161e webov\u00e9 str\u00e1nky boli pr\u00edstupn\u00e9 \u010do naj\u0161ir\u0161iemu po\u010dtu \u013eud\u00ed.<\/p>\t\t\t\t\t\t\t\t<\/div>\n\t\t\t\t<\/div>\n\t\t\t\t<div class=\"elementor-element elementor-element-a41cc72 elementor-widget elementor-widget-heading\" data-id=\"a41cc72\" data-element_type=\"widget\" data-e-type=\"widget\" data-widget_type=\"heading.default\">\n\t\t\t\t<div class=\"elementor-widget-container\">\n\t\t\t\t\t<h2 class=\"elementor-heading-title elementor-size-default\">Vyhl\u00e1senia o pr\u00edstupnosti<\/h2>\t\t\t\t<\/div>\n\t\t\t\t<\/div>\n\t\t\t\t<div class=\"elementor-element elementor-element-dd82ffd elementor-widget elementor-widget-n-accordion\" data-id=\"dd82ffd\" data-element_type=\"widget\" data-e-type=\"widget\" data-settings=\"{&quot;max_items_expended&quot;:&quot;multiple&quot;,&quot;default_state&quot;:&quot;expanded&quot;,&quot;n_accordion_animation_duration&quot;:{&quot;unit&quot;:&quot;ms&quot;,&quot;size&quot;:400,&quot;sizes&quot;:[]}}\" data-widget_type=\"nested-accordion.default\">\n\t\t\t\t<div class=\"elementor-widget-container\">\n\t\t\t\t\t\t\t<div class=\"e-n-accordion\" aria-label=\"Accordion. Open links with Enter or Space, close with Escape, and navigate with Arrow Keys\">\n\t\t\t\t\t\t<details id=\"e-n-accordion-item-2320\" class=\"e-n-accordion-item\" open>\n\t\t\t\t<summary class=\"e-n-accordion-item-title\" data-accordion-index=\"1\" tabindex=\"0\" aria-expanded=\"true\" aria-controls=\"e-n-accordion-item-2320\" >\n\t\t\t\t\t<span class='e-n-accordion-item-title-header'><div class=\"e-n-accordion-item-title-text\"> Str\u00e1nka podpory (support.bestway.eu) <\/div><\/span>\n\t\t\t\t\t\t\t<span class='e-n-accordion-item-title-icon'>\n\t\t\t<span class='e-opened' ><i aria-hidden=\"true\" class=\"fas fa-minus\"><\/i><\/span>\n\t\t\t<span class='e-closed'><i aria-hidden=\"true\" class=\"fas fa-plus\"><\/i><\/span>\n\t\t<\/span>\n\n\t\t\t\t\t\t<\/summary>\n\t\t\t\t<div role=\"region\" aria-labelledby=\"e-n-accordion-item-2320\" class=\"elementor-element elementor-element-0ab357d e-con-full e-flex e-con e-child\" data-id=\"0ab357d\" data-element_type=\"container\" data-e-type=\"container\">\n\t\t\t\t<div class=\"elementor-element elementor-element-7f3cfd0 elementor-widget elementor-widget-text-editor\" data-id=\"7f3cfd0\" data-element_type=\"widget\" data-e-type=\"widget\" data-widget_type=\"text-editor.default\">\n\t\t\t\t<div class=\"elementor-widget-container\">\n\t\t\t\t\t\t\t\t\t<p data-start=\"90\" data-end=\"168\"><strong data-start=\"90\" data-end=\"168\">T\u00e1to vyhl\u00e1senie o pr\u00edstupnosti sa vz\u0165ahuje na: https:\/\/support.bestway.eu.<\/strong><\/p><p data-start=\"170\" data-end=\"340\"><strong data-start=\"170\" data-end=\"204\">Stav zhody: \u010ciasto\u010dne v zhode.<\/strong><br data-start=\"204\" data-end=\"207\" \/>T\u00e1to webov\u00e1 str\u00e1nka je \u010diasto\u010dne v zhode s po\u017eiadavkami pr\u00edlohy A normy UNI CEI EN 301549 z d\u00f4vodu ni\u017e\u0161ie uveden\u00fdch pr\u00edpadov nezhody.<\/p><p data-start=\"467\" data-end=\"496\"><strong data-start=\"467\" data-end=\"494\">1.1.1 \u2013 Netextov\u00fd obsah<\/strong><\/p><ul data-start=\"497\" data-end=\"802\"><li data-start=\"497\" data-end=\"589\"><p data-start=\"499\" data-end=\"589\">Niektor\u00e9 obr\u00e1zky nemaj\u00fa atrib\u00fat <code data-start=\"531\" data-end=\"536\">alt<\/code> alebo maj\u00fa nedostato\u010dn\u00fd popisn\u00fd alternat\u00edvny text.<\/p><\/li><li data-start=\"590\" data-end=\"685\"><p data-start=\"592\" data-end=\"685\">Niektor\u00e9 <code data-start=\"601\" data-end=\"609\">iframe<\/code> elementy nemaj\u00fa alternat\u00edvny text cez atrib\u00fat <code data-start=\"656\" data-end=\"663\">title<\/code> alebo <code data-start=\"670\" data-end=\"682\">aria-label<\/code>.<\/p><\/li><li data-start=\"686\" data-end=\"802\"><p data-start=\"688\" data-end=\"802\">Niektor\u00e9 iba dekorat\u00edvne prvky nie s\u00fa spr\u00e1vne ozna\u010den\u00e9 atrib\u00fatmi <code data-start=\"753\" data-end=\"774\">role=\"presentation\"<\/code> alebo <code data-start=\"781\" data-end=\"801\">aria-hidden=\"true\"<\/code>.<\/p><\/li><\/ul><p data-start=\"804\" data-end=\"837\"><strong data-start=\"804\" data-end=\"835\">1.3.1 \u2013 Inform\u00e1cie a vz\u0165ahy<\/strong><\/p><ul data-start=\"838\" data-end=\"1227\"><li data-start=\"838\" data-end=\"930\"><p data-start=\"840\" data-end=\"930\">Nieko\u013eko kontajnerov\u00fdch prvkov je v DOM pr\u00e1zdnych, \u010do sp\u00f4sobuje ne-s\u00e9mantick\u00fa \u0161trukt\u00faru.<\/p><\/li><li data-start=\"931\" data-end=\"1027\"><p data-start=\"933\" data-end=\"1027\">Niektor\u00e9 formul\u00e1rov\u00e9 polia nemaj\u00fa ozna\u010denia prepojen\u00e9 cez <code data-start=\"991\" data-end=\"1000\">&lt;label&gt;<\/code> alebo <code data-start=\"1007\" data-end=\"1024\">aria-labelledby<\/code>.<\/p><\/li><li data-start=\"1028\" data-end=\"1085\"><p data-start=\"1030\" data-end=\"1085\">Niektor\u00e9 texty postr\u00e1daj\u00fa ARIA role alebo vlastnosti.<\/p><\/li><li data-start=\"1086\" data-end=\"1227\"><p data-start=\"1088\" data-end=\"1227\">Niektor\u00e9 dokumenty nepou\u017e\u00edvaj\u00fa s\u00e9mantick\u00e9 zna\u010dky pre nadpisy (<code data-start=\"1150\" data-end=\"1159\">heading<\/code>), \u010do zhor\u0161uje \u0161trukt\u00farovan\u00fa navig\u00e1ciu s asisten\u010dn\u00fdmi technol\u00f3giami.<\/p><\/li><\/ul><p data-start=\"1229\" data-end=\"1317\"><strong data-start=\"1229\" data-end=\"1315\">1.3.2 \/ 2.1.1 \/ 2.4.3 \u2013 V\u00fdznamn\u00e9 poradie, pr\u00edstup z kl\u00e1vesnice, poradie zaostrenia<\/strong><\/p><ul data-start=\"1318\" data-end=\"1482\"><li data-start=\"1318\" data-end=\"1482\"><p data-start=\"1320\" data-end=\"1482\">V niektor\u00fdch dokumentoch poradie \u010d\u00edtania a navig\u00e1cie nezodpoved\u00e1 vizu\u00e1lnemu usporiadaniu, \u010do sp\u00f4sobuje probl\u00e9my pri pou\u017e\u00edvan\u00ed kl\u00e1vesnice alebo \u010d\u00edta\u010diek obrazovky.<\/p><\/li><\/ul><p data-start=\"1484\" data-end=\"1518\"><strong data-start=\"1484\" data-end=\"1516\">1.4.3 \u2013 Kontrast (minim\u00e1lny)<\/strong><\/p><ul data-start=\"1519\" data-end=\"1615\"><li data-start=\"1519\" data-end=\"1615\"><p data-start=\"1521\" data-end=\"1615\">Farebn\u00fd kontrast medzi textom a pozad\u00edm v niektor\u00fdch prvkoch nedosahuje minim\u00e1lny pomer 4,5:1.<\/p><\/li><\/ul><p data-start=\"1617\" data-end=\"1648\"><strong data-start=\"1617\" data-end=\"1646\">1.4.4 \u2013 Zv\u00e4\u010d\u0161ovanie textu<\/strong><\/p><ul data-start=\"1649\" data-end=\"1712\"><li data-start=\"1649\" data-end=\"1712\"><p data-start=\"1651\" data-end=\"1712\">Niektor\u00e9 texty s\u00fa orezan\u00e9 alebo sa prekr\u00fdvaj\u00fa pri zv\u00e4\u010d\u0161ovan\u00ed.<\/p><\/li><\/ul><p data-start=\"1714\" data-end=\"1760\"><strong data-start=\"1714\" data-end=\"1758\">1.4.10 \u2013 Preusporiadanie obsahu (Reflow)<\/strong><\/p><ul data-start=\"1761\" data-end=\"1883\"><li data-start=\"1761\" data-end=\"1883\"><p data-start=\"1763\" data-end=\"1883\">Niektor\u00e9 str\u00e1nky alebo komponenty spr\u00e1vne nezvl\u00e1daj\u00fa zv\u00e4\u010d\u0161enie alebo zmenu ve\u013ekosti, \u010do sp\u00f4sobuje probl\u00e9my s rozlo\u017een\u00edm.<\/p><\/li><\/ul><p data-start=\"1885\" data-end=\"1924\"><strong data-start=\"1885\" data-end=\"1922\">2.4.1 \u2013 Presko\u010denie blokov obsahu<\/strong><\/p><ul data-start=\"1925\" data-end=\"2024\"><li data-start=\"1925\" data-end=\"2024\"><p data-start=\"1927\" data-end=\"2024\">Na niektor\u00fdch str\u00e1nkach ch\u00fdba odkaz \u201ePresko\u010di\u0165 na obsah\u201c, ktor\u00fd by mal by\u0165 dostupn\u00fd z kl\u00e1vesnice.<\/p><\/li><\/ul><p data-start=\"2026\" data-end=\"2053\"><strong data-start=\"2026\" data-end=\"2051\">2.4.2 \u2013 N\u00e1zov str\u00e1nky<\/strong><\/p><ul data-start=\"2054\" data-end=\"2164\"><li data-start=\"2054\" data-end=\"2164\"><p data-start=\"2056\" data-end=\"2164\">V metad\u00e1tach niektor\u00fdch dokumentov ch\u00fdba n\u00e1zov, \u010do zni\u017euje rozpoznate\u013enos\u0165 obsahu pri asistovanej navig\u00e1cii.<\/p><\/li><\/ul><p data-start=\"2166\" data-end=\"2204\"><strong data-start=\"2166\" data-end=\"2202\">2.4.4 \u2013 \u00da\u010del odkazu (v kontexte)<\/strong><\/p><ul data-start=\"2205\" data-end=\"2259\"><li data-start=\"2205\" data-end=\"2259\"><p data-start=\"2207\" data-end=\"2259\">Niektor\u00e9 odkazy nemaj\u00fa zmyslupln\u00fd alternat\u00edvny text.<\/p><\/li><\/ul><p data-start=\"2261\" data-end=\"2291\"><strong data-start=\"2261\" data-end=\"2289\">2.4.6 \u2013 Nadpisy a \u0161t\u00edtky<\/strong><\/p><ul data-start=\"2292\" data-end=\"2380\"><li data-start=\"2292\" data-end=\"2380\"><p data-start=\"2294\" data-end=\"2380\">Na niektor\u00fdch str\u00e1nkach ch\u00fdbaj\u00fa s\u00e9mantick\u00e9 nadpisy alebo hlavi\u010dkov\u00e9 zna\u010dky (<code data-start=\"2370\" data-end=\"2378\">header<\/code>).<\/p><\/li><\/ul><p data-start=\"2382\" data-end=\"2409\"><strong data-start=\"2382\" data-end=\"2407\">3.1.1 \u2013 Jazyk str\u00e1nky<\/strong><\/p><ul data-start=\"2410\" data-end=\"2515\"><li data-start=\"2410\" data-end=\"2515\"><p data-start=\"2412\" data-end=\"2515\">Predvolen\u00fd jazyk dokumentu nie je nastaven\u00fd, \u010do m\u00f4\u017ee vies\u0165 k nespr\u00e1vnemu \u010d\u00edtaniu obrazovkov\u00fdmi \u010d\u00edta\u010dmi.<\/p><\/li><\/ul><p data-start=\"2517\" data-end=\"2551\"><strong data-start=\"2517\" data-end=\"2549\">4.1.2 \u2013 N\u00e1zov, rola, hodnota<\/strong><\/p><ul data-start=\"2552\" data-end=\"2688\"><li data-start=\"2552\" data-end=\"2618\"><p data-start=\"2554\" data-end=\"2618\">Nieko\u013eko tla\u010didiel postr\u00e1da textov\u00e9 \u0161t\u00edtky alebo <code data-start=\"2603\" data-end=\"2615\">aria-label<\/code>.<\/p><\/li><li data-start=\"2619\" data-end=\"2688\"><p data-start=\"2621\" data-end=\"2688\">Niektor\u00e9 ARIA atrib\u00faty obsahuj\u00fa neplatn\u00e9 alebo nes\u00faladiace hodnoty.<\/p><\/li><\/ul>\t\t\t\t\t\t\t\t<\/div>\n\t\t\t\t<\/div>\n\t\t\t\t<\/div>\n\t\t\t\t\t<\/details>\n\t\t\t\t\t<\/div>\n\t\t\t\t\t\t<\/div>\n\t\t\t\t<\/div>\n\t\t\t\t<div class=\"elementor-element elementor-element-3003df7 elementor-widget elementor-widget-heading\" data-id=\"3003df7\" data-element_type=\"widget\" data-e-type=\"widget\" data-widget_type=\"heading.default\">\n\t\t\t\t<div class=\"elementor-widget-container\">\n\t\t\t\t\t<h2 class=\"elementor-heading-title elementor-size-default\">Koment\u00e1re a sp\u00e4tn\u00e1 v\u00e4zba<\/h2>\t\t\t\t<\/div>\n\t\t\t\t<\/div>\n\t\t\t\t<div class=\"elementor-element elementor-element-2b49daa elementor-widget elementor-widget-text-editor\" data-id=\"2b49daa\" data-element_type=\"widget\" data-e-type=\"widget\" data-widget_type=\"text-editor.default\">\n\t\t\t\t<div class=\"elementor-widget-container\">\n\t\t\t\t\t\t\t\t\t<p><span style=\"font-size: 16px;\">Na\u0161e str\u00e1nky vyv\u00edjame s oh\u013eadom na krit\u00e9ri\u00e1 digit\u00e1lnej pr\u00edstupnosti, ale st\u00e1le sa m\u00f4\u017eu vyskytn\u00fa\u0165 str\u00e1nky alebo sekcie, ktor\u00e9 nie s\u00fa \u00faplne pr\u00edstupn\u00e9, s\u00fa v procese spr\u00edstupnenia alebo im ch\u00fdba primeran\u00e9 technologick\u00e9 rie\u0161enie, aby boli tak\u00e9to. Pre sp\u00e4tn\u00fa v\u00e4zbu alebo hl\u00e1senia nap\u00ed\u0161te na <\/span><a style=\"font-size: 16px; background-color: #ffffff;\" href=\"mailto:accessibility@bestwaycorp.eu\"><strong>accessibility@bestwaycorp.eu<\/strong><\/a><\/p>\t\t\t\t\t\t\t\t<\/div>\n\t\t\t\t<\/div>\n\t\t\t\t\t<\/div>\n\t\t\t\t<\/div>\n\t\t\t\t<\/div>\n\t\t","protected":false},"excerpt":{"rendered":"<p>Ver\u00edme, \u017ee internet by mal by\u0165 dostupn\u00fd a pr\u00edstupn\u00fd pre ka\u017ed\u00e9ho, a preto sa zav\u00e4zujeme poskytova\u0165 webov\u00fa str\u00e1nku, ktor\u00e1 je pr\u00edstupn\u00e1 \u010do naj\u0161ir\u0161iemu publiku. Sna\u017e\u00edme sa dodr\u017eiava\u0165 Pokyny pre pr\u00edstupnos\u0165 webov\u00e9ho obsahu 2.1 (WCAG 2.1) konzorcia World Wide Web Consortium (W3C). Tieto pokyny vysvet\u013euj\u00fa, ako spr\u00edstupni\u0165 webov\u00fd obsah \u0161irokej \u0161k\u00e1le pou\u017e\u00edvate\u013eov s r\u00f4znymi potrebami. Dodr\u017eiavanie [&hellip;]<\/p>\n","protected":false},"author":1,"featured_media":0,"parent":0,"menu_order":0,"comment_status":"closed","ping_status":"closed","template":"","meta":{"_acf_changed":false,"site-sidebar-layout":"no-sidebar","site-content-layout":"page-builder","ast-site-content-layout":"full-width-container","site-content-style":"default","site-sidebar-style":"default","ast-global-header-display":"","ast-banner-title-visibility":"","ast-main-header-display":"","ast-hfb-above-header-display":"","ast-hfb-below-header-display":"","ast-hfb-mobile-header-display":"","site-post-title":"disabled","ast-breadcrumbs-content":"","ast-featured-img":"disabled","footer-sml-layout":"","ast-disable-related-posts":"","theme-transparent-header-meta":"","adv-header-id-meta":"","stick-header-meta":"","header-above-stick-meta":"","header-main-stick-meta":"","header-below-stick-meta":"","astra-migrate-meta-layouts":"set","ast-page-background-enabled":"default","ast-page-background-meta":{"desktop":{"background-color":"var(--ast-global-color-4)","background-image":"","background-repeat":"repeat","background-position":"center center","background-size":"auto","background-attachment":"scroll","background-type":"","background-media":"","overlay-type":"","overlay-color":"","overlay-opacity":"","overlay-gradient":""},"tablet":{"background-color":"","background-image":"","background-repeat":"repeat","background-position":"center center","background-size":"auto","background-attachment":"scroll","background-type":"","background-media":"","overlay-type":"","overlay-color":"","overlay-opacity":"","overlay-gradient":""},"mobile":{"background-color":"","background-image":"","background-repeat":"repeat","background-position":"center center","background-size":"auto","background-attachment":"scroll","background-type":"","background-media":"","overlay-type":"","overlay-color":"","overlay-opacity":"","overlay-gradient":""}},"ast-content-background-meta":{"desktop":{"background-color":"var(--ast-global-color-5)","background-image":"","background-repeat":"repeat","background-position":"center center","background-size":"auto","background-attachment":"scroll","background-type":"","background-media":"","overlay-type":"","overlay-color":"","overlay-opacity":"","overlay-gradient":""},"tablet":{"background-color":"var(--ast-global-color-5)","background-image":"","background-repeat":"repeat","background-position":"center center","background-size":"auto","background-attachment":"scroll","background-type":"","background-media":"","overlay-type":"","overlay-color":"","overlay-opacity":"","overlay-gradient":""},"mobile":{"background-color":"var(--ast-global-color-5)","background-image":"","background-repeat":"repeat","background-position":"center center","background-size":"auto","background-attachment":"scroll","background-type":"","background-media":"","overlay-type":"","overlay-color":"","overlay-opacity":"","overlay-gradient":""}},"footnotes":""},"class_list":["post-8720","page","type-page","status-publish","hentry"],"acf":[],"yoast_head":"<!-- This site is optimized with the Yoast SEO plugin v27.6 - https:\/\/yoast.com\/product\/yoast-seo-wordpress\/ -->\n<title>Pr\u00edstupnos\u0165 - Legal<\/title>\n<meta name=\"robots\" content=\"noindex, follow, max-snippet:-1, max-image-preview:large, max-video-preview:-1\" \/>\n<meta property=\"og:locale\" content=\"sk_SK\" \/>\n<meta property=\"og:type\" content=\"article\" \/>\n<meta property=\"og:title\" content=\"Pr\u00edstupnos\u0165 - Legal\" \/>\n<meta property=\"og:description\" content=\"Ver\u00edme, \u017ee internet by mal by\u0165 dostupn\u00fd a pr\u00edstupn\u00fd pre ka\u017ed\u00e9ho, a preto sa zav\u00e4zujeme poskytova\u0165 webov\u00fa str\u00e1nku, ktor\u00e1 je pr\u00edstupn\u00e1 \u010do naj\u0161ir\u0161iemu publiku. Sna\u017e\u00edme sa dodr\u017eiava\u0165 Pokyny pre pr\u00edstupnos\u0165 webov\u00e9ho obsahu 2.1 (WCAG 2.1) konzorcia World Wide Web Consortium (W3C). Tieto pokyny vysvet\u013euj\u00fa, ako spr\u00edstupni\u0165 webov\u00fd obsah \u0161irokej \u0161k\u00e1le pou\u017e\u00edvate\u013eov s r\u00f4znymi potrebami. Dodr\u017eiavanie [&hellip;]\" \/>\n<meta property=\"og:url\" content=\"https:\/\/legal.bestway.eu\/sk-sk\/accessibility\/\" \/>\n<meta property=\"og:site_name\" content=\"Legal\" \/>\n<meta property=\"article:modified_time\" content=\"2025-06-23T08:56:43+00:00\" \/>\n<meta name=\"twitter:card\" content=\"summary_large_image\" \/>\n<meta name=\"twitter:label1\" content=\"Est. reading time\" \/>\n\t<meta name=\"twitter:data1\" content=\"4 minutes\" \/>\n<script type=\"application\/ld+json\" class=\"yoast-schema-graph\">{\"@context\":\"https:\\\/\\\/schema.org\",\"@graph\":[{\"@type\":\"WebPage\",\"@id\":\"https:\\\/\\\/legal.bestway.eu\\\/sk-sk\\\/accessibility\\\/\",\"url\":\"https:\\\/\\\/legal.bestway.eu\\\/sk-sk\\\/accessibility\\\/\",\"name\":\"Pr\u00edstupnos\u0165 - Legal\",\"isPartOf\":{\"@id\":\"https:\\\/\\\/legal.bestway.eu\\\/sk-sk\\\/#website\"},\"datePublished\":\"2025-06-09T13:47:15+00:00\",\"dateModified\":\"2025-06-23T08:56:43+00:00\",\"inLanguage\":\"sk-sk\",\"potentialAction\":[{\"@type\":\"ReadAction\",\"target\":[\"https:\\\/\\\/legal.bestway.eu\\\/sk-sk\\\/accessibility\\\/\"]}]},{\"@type\":\"WebSite\",\"@id\":\"https:\\\/\\\/legal.bestway.eu\\\/sk-sk\\\/#website\",\"url\":\"https:\\\/\\\/legal.bestway.eu\\\/sk-sk\\\/\",\"name\":\"Legal\",\"description\":\"Legal\",\"publisher\":{\"@id\":\"https:\\\/\\\/legal.bestway.eu\\\/sk-sk\\\/#organization\"},\"potentialAction\":[{\"@type\":\"SearchAction\",\"target\":{\"@type\":\"EntryPoint\",\"urlTemplate\":\"https:\\\/\\\/legal.bestway.eu\\\/sk-sk\\\/?s={search_term_string}\"},\"query-input\":{\"@type\":\"PropertyValueSpecification\",\"valueRequired\":true,\"valueName\":\"search_term_string\"}}],\"inLanguage\":\"sk-sk\"},{\"@type\":\"Organization\",\"@id\":\"https:\\\/\\\/legal.bestway.eu\\\/sk-sk\\\/#organization\",\"name\":\"Legal\",\"url\":\"https:\\\/\\\/legal.bestway.eu\\\/sk-sk\\\/\",\"logo\":{\"@type\":\"ImageObject\",\"inLanguage\":\"sk-sk\",\"@id\":\"https:\\\/\\\/legal.bestway.eu\\\/sk-sk\\\/#\\\/schema\\\/logo\\\/image\\\/\",\"url\":\"https:\\\/\\\/legal.bestway.eu\\\/wp-content\\\/uploads\\\/sites\\\/2\\\/2023\\\/10\\\/bw-white-logo@2x.png\",\"contentUrl\":\"https:\\\/\\\/legal.bestway.eu\\\/wp-content\\\/uploads\\\/sites\\\/2\\\/2023\\\/10\\\/bw-white-logo@2x.png\",\"width\":348,\"height\":138,\"caption\":\"Legal\"},\"image\":{\"@id\":\"https:\\\/\\\/legal.bestway.eu\\\/sk-sk\\\/#\\\/schema\\\/logo\\\/image\\\/\"}}]}<\/script>\n<!-- \/ Yoast SEO plugin. -->","yoast_head_json":{"title":"Pr\u00edstupnos\u0165 - Legal","robots":{"index":"noindex","follow":"follow","max-snippet":"max-snippet:-1","max-image-preview":"max-image-preview:large","max-video-preview":"max-video-preview:-1"},"og_locale":"sk_SK","og_type":"article","og_title":"Pr\u00edstupnos\u0165 - Legal","og_description":"Ver\u00edme, \u017ee internet by mal by\u0165 dostupn\u00fd a pr\u00edstupn\u00fd pre ka\u017ed\u00e9ho, a preto sa zav\u00e4zujeme poskytova\u0165 webov\u00fa str\u00e1nku, ktor\u00e1 je pr\u00edstupn\u00e1 \u010do naj\u0161ir\u0161iemu publiku. Sna\u017e\u00edme sa dodr\u017eiava\u0165 Pokyny pre pr\u00edstupnos\u0165 webov\u00e9ho obsahu 2.1 (WCAG 2.1) konzorcia World Wide Web Consortium (W3C). Tieto pokyny vysvet\u013euj\u00fa, ako spr\u00edstupni\u0165 webov\u00fd obsah \u0161irokej \u0161k\u00e1le pou\u017e\u00edvate\u013eov s r\u00f4znymi potrebami. Dodr\u017eiavanie [&hellip;]","og_url":"https:\/\/legal.bestway.eu\/sk-sk\/accessibility\/","og_site_name":"Legal","article_modified_time":"2025-06-23T08:56:43+00:00","twitter_card":"summary_large_image","twitter_misc":{"Est. reading time":"4 minutes"},"schema":{"@context":"https:\/\/schema.org","@graph":[{"@type":"WebPage","@id":"https:\/\/legal.bestway.eu\/sk-sk\/accessibility\/","url":"https:\/\/legal.bestway.eu\/sk-sk\/accessibility\/","name":"Pr\u00edstupnos\u0165 - Legal","isPartOf":{"@id":"https:\/\/legal.bestway.eu\/sk-sk\/#website"},"datePublished":"2025-06-09T13:47:15+00:00","dateModified":"2025-06-23T08:56:43+00:00","inLanguage":"sk-sk","potentialAction":[{"@type":"ReadAction","target":["https:\/\/legal.bestway.eu\/sk-sk\/accessibility\/"]}]},{"@type":"WebSite","@id":"https:\/\/legal.bestway.eu\/sk-sk\/#website","url":"https:\/\/legal.bestway.eu\/sk-sk\/","name":"Legal","description":"Legal","publisher":{"@id":"https:\/\/legal.bestway.eu\/sk-sk\/#organization"},"potentialAction":[{"@type":"SearchAction","target":{"@type":"EntryPoint","urlTemplate":"https:\/\/legal.bestway.eu\/sk-sk\/?s={search_term_string}"},"query-input":{"@type":"PropertyValueSpecification","valueRequired":true,"valueName":"search_term_string"}}],"inLanguage":"sk-sk"},{"@type":"Organization","@id":"https:\/\/legal.bestway.eu\/sk-sk\/#organization","name":"Legal","url":"https:\/\/legal.bestway.eu\/sk-sk\/","logo":{"@type":"ImageObject","inLanguage":"sk-sk","@id":"https:\/\/legal.bestway.eu\/sk-sk\/#\/schema\/logo\/image\/","url":"https:\/\/legal.bestway.eu\/wp-content\/uploads\/sites\/2\/2023\/10\/bw-white-logo@2x.png","contentUrl":"https:\/\/legal.bestway.eu\/wp-content\/uploads\/sites\/2\/2023\/10\/bw-white-logo@2x.png","width":348,"height":138,"caption":"Legal"},"image":{"@id":"https:\/\/legal.bestway.eu\/sk-sk\/#\/schema\/logo\/image\/"}}]}},"_links":{"self":[{"href":"https:\/\/legal.bestway.eu\/sk-sk\/wp-json\/wp\/v2\/pages\/8720","targetHints":{"allow":["GET"]}}],"collection":[{"href":"https:\/\/legal.bestway.eu\/sk-sk\/wp-json\/wp\/v2\/pages"}],"about":[{"href":"https:\/\/legal.bestway.eu\/sk-sk\/wp-json\/wp\/v2\/types\/page"}],"author":[{"embeddable":true,"href":"https:\/\/legal.bestway.eu\/sk-sk\/wp-json\/wp\/v2\/users\/1"}],"replies":[{"embeddable":true,"href":"https:\/\/legal.bestway.eu\/sk-sk\/wp-json\/wp\/v2\/comments?post=8720"}],"version-history":[{"count":5,"href":"https:\/\/legal.bestway.eu\/sk-sk\/wp-json\/wp\/v2\/pages\/8720\/revisions"}],"predecessor-version":[{"id":8752,"href":"https:\/\/legal.bestway.eu\/sk-sk\/wp-json\/wp\/v2\/pages\/8720\/revisions\/8752"}],"wp:attachment":[{"href":"https:\/\/legal.bestway.eu\/sk-sk\/wp-json\/wp\/v2\/media?parent=8720"}],"curies":[{"name":"wp","href":"https:\/\/api.w.org\/{rel}","templated":true}]}}