{"id":6893,"date":"2023-10-24T11:15:40","date_gmt":"2023-10-24T09:15:40","guid":{"rendered":"https:\/\/legal.bestway.eu\/?page_id=6893"},"modified":"2026-02-10T10:58:48","modified_gmt":"2026-02-10T09:58:48","slug":"warranty-extension","status":"publish","type":"page","link":"https:\/\/legal.bestway.eu\/sk-sk\/warranty-extension\/","title":{"rendered":"Z\u00e1ruka Bestway"},"content":{"rendered":"\t\t<div data-elementor-type=\"wp-page\" data-elementor-id=\"6893\" class=\"elementor elementor-6893\" data-elementor-post-type=\"page\">\n\t\t\t\t<div class=\"elementor-element elementor-element-201a7b e-flex e-con-boxed e-con e-parent\" data-id=\"201a7b\" data-element_type=\"container\" data-e-type=\"container\">\n\t\t\t\t\t<div class=\"e-con-inner\">\n\t\t\t\t<div class=\"elementor-element elementor-element-3862fa4 elementor-widget elementor-widget-text-editor\" data-id=\"3862fa4\" data-element_type=\"widget\" data-e-type=\"widget\" data-widget_type=\"text-editor.default\">\n\t\t\t\t<div class=\"elementor-widget-container\">\n\t\t\t\t\t\t\t\t\t<p>Di seguito sono riportati i termini di garanzia applicati da BESTWAY EUROPE S.p.A., con sede legale in Via della Resistenza n. 5, San Giuliano Milanese (20098) &#8211; Milano, Italia (di seguito &#8220;BESTWAY&#8221;), sui prodotti venduti all&#8217;interno dello Spazio Economico Europeo con il marchio BESTWAY.<\/p>\t\t\t\t\t\t\t\t<\/div>\n\t\t\t\t<\/div>\n\t\t\t\t\t<\/div>\n\t\t\t\t<\/div>\n\t\t<div class=\"elementor-element elementor-element-2d7f1d1b e-flex e-con-boxed e-con e-parent\" data-id=\"2d7f1d1b\" data-element_type=\"container\" data-e-type=\"container\">\n\t\t\t\t\t<div class=\"e-con-inner\">\n\t\t\t\t<div class=\"elementor-element elementor-element-7112739 elementor-widget elementor-widget-heading\" data-id=\"7112739\" data-element_type=\"widget\" data-e-type=\"widget\" data-widget_type=\"heading.default\">\n\t\t\t\t<div class=\"elementor-widget-container\">\n\t\t\t\t\t<h2 class=\"elementor-heading-title elementor-size-default\">Pr\u00e1vna z\u00e1ruka<\/h2>\t\t\t\t<\/div>\n\t\t\t\t<\/div>\n\t\t\t\t<div class=\"elementor-element elementor-element-0f3351f elementor-widget elementor-widget-text-editor\" data-id=\"0f3351f\" data-element_type=\"widget\" data-e-type=\"widget\" data-widget_type=\"text-editor.default\">\n\t\t\t\t<div class=\"elementor-widget-container\">\n\t\t\t\t\t\t\t\t\t<p>1.1 Pr\u00e1vnu z\u00e1ruku poskytuj\u00fa eur\u00f3pske smernice 1999\/44\/EC a 2019\/771\/EC, ktor\u00fdch cie\u013eom je chr\u00e1ni\u0165 spotrebite\u013ea, ako je definovan\u00e9 ni\u017e\u0161ie, v pr\u00edpade, \u017ee zak\u00fapen\u00fd tovar (\u010falej len \u201ev\u00fdrobky\u201c) m\u00e1 vady s\u00favisiace so zhodou.<\/p><ul class=\"points-list-blue\">\n<\/ul>\n<p>1.2 Pod\u013ea vy\u0161\u0161ie uveden\u00fdch eur\u00f3pskych smern\u00edc je Spotrebite\u013e ak\u00e1ko\u013evek fyzick\u00e1 osoba, ktor\u00e1 kupuje Produkt na \u00fa\u010dely, ktor\u00e9 nes\u00favisia s jej podnikan\u00edm, obchodom, remeslom alebo povolan\u00edm (\u010falej len \u201eSpotrebite\u013e\u201c).<\/p>\n<p>1.3 Z\u00e1konn\u00e1 z\u00e1ruka trv\u00e1 24 mesiacov od dodania tovaru spotrebite\u013eovi. Upozor\u0148ujeme, \u017ee podmienky stanoven\u00e9 v uveden\u00fdch smerniciach sa nevz\u0165ahuj\u00fa na krajiny mimo Eur\u00f3pskeho hospod\u00e1rskeho priestoru, na ktor\u00e9 sa vz\u0165ahuj\u00fa pr\u00edslu\u0161n\u00e9 miestne pr\u00e1vne predpisy.<\/p>\n<p>1.4 Pokia\u013e spotrebite\u013e m\u00e1 za to, \u017ee zak\u00fapen\u00fd produkt sa nezhoduje s ur\u010den\u00fdmi \u0161pecifik\u00e1ciami, mus\u00ed sa obr\u00e1ti\u0165 na svojho predajcu, aby vyu\u017eil pr\u00edslu\u0161n\u00fa z\u00e1ruku.<\/p>\n<p>1.5 Spolo\u010dnos\u0165 BESTWAY poskytuje z\u00e1ruku za ak\u00e9ko\u013evek mo\u017en\u00e9 chyby produktov z h\u013eadiska nezhody s ur\u010den\u00fdmi \u0161pecifik\u00e1ciami ka\u017ed\u00e9mu spotrebite\u013eovi, ktor\u00fd si k\u00fapi produkty priamo od spolo\u010dnosti BESTWAY.<\/p>\t\t\t\t\t\t\t\t<\/div>\n\t\t\t\t<\/div>\n\t\t\t\t<div class=\"elementor-element elementor-element-1fe5510 elementor-widget elementor-widget-heading\" data-id=\"1fe5510\" data-element_type=\"widget\" data-e-type=\"widget\" data-widget_type=\"heading.default\">\n\t\t\t\t<div class=\"elementor-widget-container\">\n\t\t\t\t\t<h2 class=\"elementor-heading-title elementor-size-default\">Z\u00e1ruka v\u00fdrobcu<\/h2>\t\t\t\t<\/div>\n\t\t\t\t<\/div>\n\t\t\t\t<div class=\"elementor-element elementor-element-b5b3ff4 elementor-widget elementor-widget-text-editor\" data-id=\"b5b3ff4\" data-element_type=\"widget\" data-e-type=\"widget\" data-widget_type=\"text-editor.default\">\n\t\t\t\t<div class=\"elementor-widget-container\">\n\t\t\t\t\t\t\t\t\t<p>S v\u00fdhradou z\u00e1ruk a v\u00fdsad stanoven\u00fdch z\u00e1konom a bez toho, aby bola dotknut\u00e1 mo\u017enos\u0165 spotrebite\u013ea aktivova\u0165 vy\u0161\u0161ie uveden\u00fa z\u00e1konn\u00fa z\u00e1ruku, spolo\u010dnos\u0165 BESTWAY pon\u00faka dodato\u010dn\u00fa z\u00e1ruku (\u010falej len \u201ez\u00e1ruka v\u00fdrobcu BESTWAY\u201c) na ak\u00fdko\u013evek nes\u00falad, ktor\u00e1 sa vz\u0165ahuje na obmedzen\u00fd rozsah v\u00fdrobkov.<\/p><p>Podmienky, rozsah v\u00fdrobkov, na ktor\u00e9 sa vz\u0165ahuje, a sp\u00f4sob jej aktiv\u00e1cie <a href=\"https:\/\/support.bestway.eu\/sk-sk\/warranty\" target=\"_blank\" rel=\"noopener\">n\u00e1jdete tu<\/a>.<\/p>\t\t\t\t\t\t\t\t<\/div>\n\t\t\t\t<\/div>\n\t\t\t\t\t<\/div>\n\t\t\t\t<\/div>\n\t\t\t\t<\/div>\n\t\t","protected":false},"excerpt":{"rendered":"<p>Di seguito sono riportati i termini di garanzia applicati da BESTWAY EUROPE S.p.A., con sede legale in Via della Resistenza n. 5, San Giuliano Milanese (20098) &#8211; Milano, Italia (di seguito &#8220;BESTWAY&#8221;), sui prodotti venduti all&#8217;interno dello Spazio Economico Europeo con il marchio BESTWAY. Pr\u00e1vna z\u00e1ruka 1.1 Pr\u00e1vnu z\u00e1ruku poskytuj\u00fa eur\u00f3pske smernice 1999\/44\/EC a 2019\/771\/EC, [&hellip;]<\/p>\n","protected":false},"author":9,"featured_media":0,"parent":0,"menu_order":0,"comment_status":"closed","ping_status":"closed","template":"","meta":{"_acf_changed":false,"site-sidebar-layout":"no-sidebar","site-content-layout":"page-builder","ast-site-content-layout":"full-width-container","site-content-style":"default","site-sidebar-style":"default","ast-global-header-display":"","ast-banner-title-visibility":"","ast-main-header-display":"","ast-hfb-above-header-display":"","ast-hfb-below-header-display":"","ast-hfb-mobile-header-display":"","site-post-title":"disabled","ast-breadcrumbs-content":"","ast-featured-img":"disabled","footer-sml-layout":"","ast-disable-related-posts":"","theme-transparent-header-meta":"","adv-header-id-meta":"","stick-header-meta":"","header-above-stick-meta":"","header-main-stick-meta":"","header-below-stick-meta":"","astra-migrate-meta-layouts":"set","ast-page-background-enabled":"default","ast-page-background-meta":{"desktop":{"background-color":"var(--ast-global-color-4)","background-image":"","background-repeat":"repeat","background-position":"center center","background-size":"auto","background-attachment":"scroll","background-type":"","background-media":"","overlay-type":"","overlay-color":"","overlay-opacity":"","overlay-gradient":""},"tablet":{"background-color":"","background-image":"","background-repeat":"repeat","background-position":"center center","background-size":"auto","background-attachment":"scroll","background-type":"","background-media":"","overlay-type":"","overlay-color":"","overlay-opacity":"","overlay-gradient":""},"mobile":{"background-color":"","background-image":"","background-repeat":"repeat","background-position":"center center","background-size":"auto","background-attachment":"scroll","background-type":"","background-media":"","overlay-type":"","overlay-color":"","overlay-opacity":"","overlay-gradient":""}},"ast-content-background-meta":{"desktop":{"background-color":"var(--ast-global-color-5)","background-image":"","background-repeat":"repeat","background-position":"center center","background-size":"auto","background-attachment":"scroll","background-type":"","background-media":"","overlay-type":"","overlay-color":"","overlay-opacity":"","overlay-gradient":""},"tablet":{"background-color":"var(--ast-global-color-5)","background-image":"","background-repeat":"repeat","background-position":"center center","background-size":"auto","background-attachment":"scroll","background-type":"","background-media":"","overlay-type":"","overlay-color":"","overlay-opacity":"","overlay-gradient":""},"mobile":{"background-color":"var(--ast-global-color-5)","background-image":"","background-repeat":"repeat","background-position":"center center","background-size":"auto","background-attachment":"scroll","background-type":"","background-media":"","overlay-type":"","overlay-color":"","overlay-opacity":"","overlay-gradient":""}},"footnotes":""},"class_list":["post-6893","page","type-page","status-publish","hentry"],"acf":[],"yoast_head":"<!-- This site is optimized with the Yoast SEO plugin v27.4 - https:\/\/yoast.com\/product\/yoast-seo-wordpress\/ -->\n<title>Z\u00e1ruka Bestway - Legal<\/title>\n<meta name=\"robots\" content=\"noindex, follow, max-snippet:-1, max-image-preview:large, max-video-preview:-1\" \/>\n<meta property=\"og:locale\" content=\"sk_SK\" \/>\n<meta property=\"og:type\" content=\"article\" \/>\n<meta property=\"og:title\" content=\"Z\u00e1ruka Bestway - Legal\" \/>\n<meta property=\"og:description\" content=\"Di seguito sono riportati i termini di garanzia applicati da BESTWAY EUROPE S.p.A., con sede legale in Via della Resistenza n. 5, San Giuliano Milanese (20098) &#8211; Milano, Italia (di seguito &#8220;BESTWAY&#8221;), sui prodotti venduti all&#8217;interno dello Spazio Economico Europeo con il marchio BESTWAY. Pr\u00e1vna z\u00e1ruka 1.1 Pr\u00e1vnu z\u00e1ruku poskytuj\u00fa eur\u00f3pske smernice 1999\/44\/EC a 2019\/771\/EC, [&hellip;]\" \/>\n<meta property=\"og:url\" content=\"https:\/\/legal.bestway.eu\/sk-sk\/warranty-extension\/\" \/>\n<meta property=\"og:site_name\" content=\"Legal\" \/>\n<meta property=\"article:modified_time\" content=\"2026-02-10T09:58:48+00:00\" \/>\n<meta name=\"twitter:card\" content=\"summary_large_image\" \/>\n<meta name=\"twitter:label1\" content=\"Est. reading time\" \/>\n\t<meta name=\"twitter:data1\" content=\"2 minutes\" \/>\n<script type=\"application\/ld+json\" class=\"yoast-schema-graph\">{\"@context\":\"https:\\\/\\\/schema.org\",\"@graph\":[{\"@type\":\"WebPage\",\"@id\":\"https:\\\/\\\/legal.bestway.eu\\\/sk-sk\\\/warranty-extension\\\/\",\"url\":\"https:\\\/\\\/legal.bestway.eu\\\/sk-sk\\\/warranty-extension\\\/\",\"name\":\"Z\u00e1ruka Bestway - Legal\",\"isPartOf\":{\"@id\":\"https:\\\/\\\/legal.bestway.eu\\\/sk-sk\\\/#website\"},\"datePublished\":\"2023-10-24T09:15:40+00:00\",\"dateModified\":\"2026-02-10T09:58:48+00:00\",\"inLanguage\":\"sk-sk\",\"potentialAction\":[{\"@type\":\"ReadAction\",\"target\":[\"https:\\\/\\\/legal.bestway.eu\\\/sk-sk\\\/warranty-extension\\\/\"]}]},{\"@type\":\"WebSite\",\"@id\":\"https:\\\/\\\/legal.bestway.eu\\\/sk-sk\\\/#website\",\"url\":\"https:\\\/\\\/legal.bestway.eu\\\/sk-sk\\\/\",\"name\":\"Legal\",\"description\":\"Legal\",\"publisher\":{\"@id\":\"https:\\\/\\\/legal.bestway.eu\\\/sk-sk\\\/#organization\"},\"potentialAction\":[{\"@type\":\"SearchAction\",\"target\":{\"@type\":\"EntryPoint\",\"urlTemplate\":\"https:\\\/\\\/legal.bestway.eu\\\/sk-sk\\\/?s={search_term_string}\"},\"query-input\":{\"@type\":\"PropertyValueSpecification\",\"valueRequired\":true,\"valueName\":\"search_term_string\"}}],\"inLanguage\":\"sk-sk\"},{\"@type\":\"Organization\",\"@id\":\"https:\\\/\\\/legal.bestway.eu\\\/sk-sk\\\/#organization\",\"name\":\"Legal\",\"url\":\"https:\\\/\\\/legal.bestway.eu\\\/sk-sk\\\/\",\"logo\":{\"@type\":\"ImageObject\",\"inLanguage\":\"sk-sk\",\"@id\":\"https:\\\/\\\/legal.bestway.eu\\\/sk-sk\\\/#\\\/schema\\\/logo\\\/image\\\/\",\"url\":\"https:\\\/\\\/legal.bestway.eu\\\/wp-content\\\/uploads\\\/sites\\\/2\\\/2023\\\/10\\\/bw-white-logo@2x.png\",\"contentUrl\":\"https:\\\/\\\/legal.bestway.eu\\\/wp-content\\\/uploads\\\/sites\\\/2\\\/2023\\\/10\\\/bw-white-logo@2x.png\",\"width\":348,\"height\":138,\"caption\":\"Legal\"},\"image\":{\"@id\":\"https:\\\/\\\/legal.bestway.eu\\\/sk-sk\\\/#\\\/schema\\\/logo\\\/image\\\/\"}}]}<\/script>\n<!-- \/ Yoast SEO plugin. -->","yoast_head_json":{"title":"Z\u00e1ruka Bestway - Legal","robots":{"index":"noindex","follow":"follow","max-snippet":"max-snippet:-1","max-image-preview":"max-image-preview:large","max-video-preview":"max-video-preview:-1"},"og_locale":"sk_SK","og_type":"article","og_title":"Z\u00e1ruka Bestway - Legal","og_description":"Di seguito sono riportati i termini di garanzia applicati da BESTWAY EUROPE S.p.A., con sede legale in Via della Resistenza n. 5, San Giuliano Milanese (20098) &#8211; Milano, Italia (di seguito &#8220;BESTWAY&#8221;), sui prodotti venduti all&#8217;interno dello Spazio Economico Europeo con il marchio BESTWAY. Pr\u00e1vna z\u00e1ruka 1.1 Pr\u00e1vnu z\u00e1ruku poskytuj\u00fa eur\u00f3pske smernice 1999\/44\/EC a 2019\/771\/EC, [&hellip;]","og_url":"https:\/\/legal.bestway.eu\/sk-sk\/warranty-extension\/","og_site_name":"Legal","article_modified_time":"2026-02-10T09:58:48+00:00","twitter_card":"summary_large_image","twitter_misc":{"Est. reading time":"2 minutes"},"schema":{"@context":"https:\/\/schema.org","@graph":[{"@type":"WebPage","@id":"https:\/\/legal.bestway.eu\/sk-sk\/warranty-extension\/","url":"https:\/\/legal.bestway.eu\/sk-sk\/warranty-extension\/","name":"Z\u00e1ruka Bestway - Legal","isPartOf":{"@id":"https:\/\/legal.bestway.eu\/sk-sk\/#website"},"datePublished":"2023-10-24T09:15:40+00:00","dateModified":"2026-02-10T09:58:48+00:00","inLanguage":"sk-sk","potentialAction":[{"@type":"ReadAction","target":["https:\/\/legal.bestway.eu\/sk-sk\/warranty-extension\/"]}]},{"@type":"WebSite","@id":"https:\/\/legal.bestway.eu\/sk-sk\/#website","url":"https:\/\/legal.bestway.eu\/sk-sk\/","name":"Legal","description":"Legal","publisher":{"@id":"https:\/\/legal.bestway.eu\/sk-sk\/#organization"},"potentialAction":[{"@type":"SearchAction","target":{"@type":"EntryPoint","urlTemplate":"https:\/\/legal.bestway.eu\/sk-sk\/?s={search_term_string}"},"query-input":{"@type":"PropertyValueSpecification","valueRequired":true,"valueName":"search_term_string"}}],"inLanguage":"sk-sk"},{"@type":"Organization","@id":"https:\/\/legal.bestway.eu\/sk-sk\/#organization","name":"Legal","url":"https:\/\/legal.bestway.eu\/sk-sk\/","logo":{"@type":"ImageObject","inLanguage":"sk-sk","@id":"https:\/\/legal.bestway.eu\/sk-sk\/#\/schema\/logo\/image\/","url":"https:\/\/legal.bestway.eu\/wp-content\/uploads\/sites\/2\/2023\/10\/bw-white-logo@2x.png","contentUrl":"https:\/\/legal.bestway.eu\/wp-content\/uploads\/sites\/2\/2023\/10\/bw-white-logo@2x.png","width":348,"height":138,"caption":"Legal"},"image":{"@id":"https:\/\/legal.bestway.eu\/sk-sk\/#\/schema\/logo\/image\/"}}]}},"_links":{"self":[{"href":"https:\/\/legal.bestway.eu\/sk-sk\/wp-json\/wp\/v2\/pages\/6893","targetHints":{"allow":["GET"]}}],"collection":[{"href":"https:\/\/legal.bestway.eu\/sk-sk\/wp-json\/wp\/v2\/pages"}],"about":[{"href":"https:\/\/legal.bestway.eu\/sk-sk\/wp-json\/wp\/v2\/types\/page"}],"author":[{"embeddable":true,"href":"https:\/\/legal.bestway.eu\/sk-sk\/wp-json\/wp\/v2\/users\/9"}],"replies":[{"embeddable":true,"href":"https:\/\/legal.bestway.eu\/sk-sk\/wp-json\/wp\/v2\/comments?post=6893"}],"version-history":[{"count":10,"href":"https:\/\/legal.bestway.eu\/sk-sk\/wp-json\/wp\/v2\/pages\/6893\/revisions"}],"predecessor-version":[{"id":9061,"href":"https:\/\/legal.bestway.eu\/sk-sk\/wp-json\/wp\/v2\/pages\/6893\/revisions\/9061"}],"wp:attachment":[{"href":"https:\/\/legal.bestway.eu\/sk-sk\/wp-json\/wp\/v2\/media?parent=6893"}],"curies":[{"name":"wp","href":"https:\/\/api.w.org\/{rel}","templated":true}]}}