{"id":6844,"date":"2023-10-24T12:37:41","date_gmt":"2023-10-24T10:37:41","guid":{"rendered":"https:\/\/legal.bestway.eu\/?page_id=6844"},"modified":"2024-11-06T15:52:39","modified_gmt":"2024-11-06T14:52:39","slug":"privacy-notice","status":"publish","type":"page","link":"https:\/\/legal.bestway.eu\/sk-sk\/privacy-notice\/","title":{"rendered":"Z\u00e1sady ochrany osobn\u00fdch \u00fadajov &#8211; GDPR"},"content":{"rendered":"\t\t<div data-elementor-type=\"wp-page\" data-elementor-id=\"6844\" class=\"elementor elementor-6844\" data-elementor-post-type=\"page\">\n\t\t\t\t<div class=\"elementor-element elementor-element-4233c87e e-flex e-con-boxed e-con e-parent\" data-id=\"4233c87e\" data-element_type=\"container\" data-e-type=\"container\">\n\t\t\t\t\t<div class=\"e-con-inner\">\n\t\t\t\t<div class=\"elementor-element elementor-element-eeb32c3 elementor-widget elementor-widget-menu-anchor\" data-id=\"eeb32c3\" data-element_type=\"widget\" data-e-type=\"widget\" data-widget_type=\"menu-anchor.default\">\n\t\t\t\t<div class=\"elementor-widget-container\">\n\t\t\t\t\t\t\t<div class=\"elementor-menu-anchor\" id=\"BoxNewsletter\"><\/div>\n\t\t\t\t\t\t<\/div>\n\t\t\t\t<\/div>\n\t\t\t\t<div class=\"elementor-element elementor-element-3c097587 elementor-widget elementor-widget-heading\" data-id=\"3c097587\" data-element_type=\"widget\" data-e-type=\"widget\" data-widget_type=\"heading.default\">\n\t\t\t\t<div class=\"elementor-widget-container\">\n\t\t\t\t\t<h2 class=\"elementor-heading-title elementor-size-default\">Marketing<\/h2>\t\t\t\t<\/div>\n\t\t\t\t<\/div>\n\t\t\t\t<div class=\"elementor-element elementor-element-375d8ec elementor-widget elementor-widget-text-editor\" data-id=\"375d8ec\" data-element_type=\"widget\" data-e-type=\"widget\" data-widget_type=\"text-editor.default\">\n\t\t\t\t<div class=\"elementor-widget-container\">\n\t\t\t\t\t\t\t\t\t<p><strong>Z\u00e1sady pod\u013ea eur\u00f3pskeho nariadenia 2016\/679 (GDPR) v znen\u00ed jeho zmien a doplnen\u00ed<\/strong><\/p><p>Prev\u00e1dzkovate\u013e \u00fadajov: BESTWAY EUROPE S.P.A., so s\u00eddlom na adrese San Giuliano Milanese (Mi), via Resistenza 5 (\u201eBESTWAY\u201c), Taliansko.<\/p><p>Zodpovedn\u00e1 osoba: <a href=\"mailto:privacy@bestwaycorp.eu\">privacy@bestwaycorp.eu<\/a><\/p><p>Prev\u00e1dzkovate\u013e \u00fadajov bude sprac\u00fava\u0165 nasledovn\u00e9 \u00fadaje:<\/p><p>Na z\u00e1klade v\u00e1\u0161ho s\u00fahlasu vyjadren\u00e9ho za\u010diarknut\u00edm pr\u00edslu\u0161n\u00e9ho pol\u00ed\u010dka bude prev\u00e1dzkovate\u013e \u00fadajov sprac\u00fava\u0165 va\u0161e \u00fadaje na marketingov\u00e9 \u00fa\u010dely, aby v\u00e1m zasielal newslettre obsahuj\u00face inform\u00e1cie a aktualiz\u00e1cie, ktor\u00e9 sa t\u00fdkaj\u00fa sa produktov, slu\u017eieb, udalost\u00ed a pon\u00fak spolo\u010dnosti BESTWAY. Pr\u00e1vny z\u00e1klad spracovania \u00fadajov, ktor\u00e9 ste poskytli, je v\u00e1\u0161 slobodn\u00fd a volite\u013en\u00fd s\u00fahlas. Pri akomko\u013evek odmietnut\u00ed poskytn\u00fa\u0165 tak\u00fdto s\u00fahlas nebudete vy\u0161\u0161ie uveden\u00fa komunik\u00e1ciu dost\u00e1va\u0165.<\/p><p>Va\u0161e \u00fadaje sa bud\u00fa spracov\u00e1va\u0165 v papierovej a elektronickej forme v s\u00falade s platn\u00fdmi pr\u00e1vnymi predpismi o ochrane osobn\u00fdch \u00fadajov (nariadenie E\u00da 679\/2016 alebo \u201eGDPR\u201c v znen\u00ed posledn\u00fdch zmien). Osobn\u00e9 \u00fadaje, ktor\u00e9 poskytnete, sa m\u00f4\u017eu poskytn\u00fa\u0165 tret\u00edm stran\u00e1m, ako s\u00fa osoby, zdru\u017eenia, odborn\u00e9 firmy a spolo\u010dnosti poskytuj\u00face spolo\u010dnosti BESTWAY konzulta\u010dn\u00e9 a podporn\u00e9 slu\u017eby a \u010dinnosti (vr\u00e1tane spolo\u010dnost\u00ed skupiny BESTWAY, ktor\u00e9 sa pr\u00edpadne nach\u00e1dzaj\u00fa v zahrani\u010d\u00ed v krajin\u00e1ch mimo E\u00da), ktor\u00e9 p\u00f4sobia na z\u00e1klade svojej pr\u00e1vomoci sprostredkovate\u013ea \u00fadajov, pokia\u013e s\u00fa tak riadne ur\u010den\u00e9 a pokia\u013e existuj\u00fa primeran\u00e9 z\u00e1ruky t\u00fdkaj\u00face sa ochrany osobn\u00fdch \u00fadajov. \u00dadaje sa tie\u017e m\u00f4\u017eu poskytn\u00fa\u0165 spolo\u010dn\u00fdm prev\u00e1dzkovate\u013eom \u00fadajov spolu so spolo\u010dnos\u0165ou BESTWAY alebo nez\u00e1visl\u00fdm prev\u00e1dzkovate\u013eom \u00fadajov, ako aj pracovn\u00edkom spolo\u010dnosti BESTWAY ur\u010den\u00fdm ako osoby zodpovedn\u00e9 za sprac\u00favanie, a to iba na vy\u0161\u0161ie pop\u00edsan\u00e9 \u00fa\u010dely. Zoznam prev\u00e1dzkovate\u013eov alebo sprostredkovate\u013eov \u00fadajov, ktor\u00fdm sa m\u00f4\u017eu poskytn\u00fa\u0165 osobn\u00e9 \u00fadaje, je k dispoz\u00edcii na po\u017eiadanie.<\/p><p>Pokia\u013e ide o marketingov\u00e9 \u00fa\u010dely va\u0161e \u00fadaje sa bud\u00fa uchov\u00e1va\u0165 najviac 8 rokov od poskytnutia v\u00e1\u0161ho s\u00fahlasu. Z\u00e1kazn\u00edci sa m\u00f4\u017eu kedyko\u013evek odhl\u00e1si\u0165 z odberu newslettera kliknut\u00edm na odkaz \u201eodhl\u00e1si\u0165\u201c uveden\u00fd v ka\u017edom e-maile alebo zaslan\u00edm e-mailu na adresu <a href=\"mailto:privacy@bestwaycorp.eu\">privacy@bestwaycorp.eu<\/a>.<\/p><p>Kedyko\u013evek m\u00f4\u017eete uplatni\u0165 v\u0161etky pr\u00e1va uveden\u00e9 v \u010dl. 15 a nasl. nariadenia, ktor\u00e9 hlavne zah\u0155\u0148aj\u00fa pr\u00e1vo na opravu, pr\u00e1vo na v\u00fdmaz, pr\u00e1vo namieta\u0165 proti sprac\u00favaniu, pr\u00e1vo na prenosnos\u0165 osobn\u00fdch \u00fadajov a pr\u00e1vo poda\u0165 s\u0165a\u017enos\u0165 org\u00e1nu na ochranu osobn\u00fdch \u00fadajov ustanoven\u00e9mu vo va\u0161ej krajine (<a href=\"https:\/\/edpb.europa.eu\/about-edpb\/board\/members_en\" target=\"_blank\" rel=\"noopener\">https:\/\/edpb.europa.eu\/about-edpb\/board\/members_en<\/a>).<\/p><p>Vy\u0161\u0161ie uveden\u00e9 pr\u00e1va je mo\u017en\u00e9 uplatni\u0165 poslan\u00edm e-mailu na adresu <a href=\"mailto:privacy@bestwaycorp.eu\">\u00a0privacy@bestwaycorp.eu<\/a><\/p>\t\t\t\t\t\t\t\t<\/div>\n\t\t\t\t<\/div>\n\t\t\t\t\t<\/div>\n\t\t\t\t<\/div>\n\t\t<div class=\"elementor-element elementor-element-fc9e459 e-flex e-con-boxed e-con e-parent\" data-id=\"fc9e459\" data-element_type=\"container\" data-e-type=\"container\">\n\t\t\t\t\t<div class=\"e-con-inner\">\n\t\t\t\t<div class=\"elementor-element elementor-element-4ff1b8f6 elementor-widget elementor-widget-menu-anchor\" data-id=\"4ff1b8f6\" data-element_type=\"widget\" data-e-type=\"widget\" data-widget_type=\"menu-anchor.default\">\n\t\t\t\t<div class=\"elementor-widget-container\">\n\t\t\t\t\t\t\t<div class=\"elementor-menu-anchor\" id=\"Sitoassistenza\"><\/div>\n\t\t\t\t\t\t<\/div>\n\t\t\t\t<\/div>\n\t\t\t\t<div class=\"elementor-element elementor-element-33a4a549 elementor-widget elementor-widget-heading\" data-id=\"33a4a549\" data-element_type=\"widget\" data-e-type=\"widget\" data-widget_type=\"heading.default\">\n\t\t\t\t<div class=\"elementor-widget-container\">\n\t\t\t\t\t<h2 class=\"elementor-heading-title elementor-size-default\">Webov\u00e1 str\u00e1nka podpory<\/h2>\t\t\t\t<\/div>\n\t\t\t\t<\/div>\n\t\t\t\t<div class=\"elementor-element elementor-element-10d7938d elementor-widget elementor-widget-text-editor\" data-id=\"10d7938d\" data-element_type=\"widget\" data-e-type=\"widget\" data-widget_type=\"text-editor.default\">\n\t\t\t\t<div class=\"elementor-widget-container\">\n\t\t\t\t\t\t\t\t\t<p><strong>Z\u00e1sady pod\u013ea eur\u00f3pskeho nariadenia 2016\/679 (GDPR) v znen\u00ed jeho zmien a doplnen\u00ed<\/strong><\/p><p>Prev\u00e1dzkovate\u013e \u00fadajov: BESTWAY EUROPE S.P.A., so s\u00eddlom na adrese San Giuliano Milanese (Mi), via Resistenza 5 (\u201eBESTWAY\u201c), Taliansko.<\/p><p>Zodpovedn\u00e1 osoba: <a href=\"mailto:privacy@bestwaycorp.eu\">privacy@bestwaycorp.eu<\/a><\/p><p>Prev\u00e1dzkovate\u013e \u00fadajov bude sprac\u00fava\u0165 nasledovn\u00e9 \u00fadaje:<\/p><p>i) meno a priezvisko, e-mailov\u00e1 adresa, dodacia adresa a telef\u00f3nne \u010d\u00edslo s cie\u013eom poskytn\u00fa\u0165 v\u00e1m slu\u017ebu riadenia s\u0165a\u017enost\u00ed otvoren\u00edm osobn\u00e9ho \u00fa\u010dtu na webovej str\u00e1nke BESTWAY pr\u00edstupn\u00e9ho uveden\u00edm pou\u017e\u00edvate\u013esk\u00e9ho mena a hesla, ktor\u00e9 sa v\u00e1m po\u0161l\u00fa e-mailom (pri prvom prihl\u00e1sen\u00ed treba heslo zmeni\u0165) a prevzat\u00edm zodpovednosti a vykon\u00e1van\u00edm riadnej spr\u00e1vy pri va\u0161om ozn\u00e1men\u00ed o vzniku \u0161kody, a to na administrat\u00edvne a \u00fa\u010dtovn\u00e9 \u00fa\u010dely, aby sa zabezpe\u010dilo plnenia pr\u00e1vnych alebo regula\u010dn\u00fdch povinnost\u00ed.<\/p><p>ii) na marketingov\u00e9 \u00fa\u010dely, aby v\u00e1m mohol zasiela\u0165 newslettre obsahuj\u00face inform\u00e1cie a aktualiz\u00e1cie, ktor\u00e9 sa t\u00fdkaj\u00fa produktov, slu\u017eieb, udalost\u00ed a pon\u00fak spolo\u010dnosti BESTWAY, na z\u00e1klade v\u00e1\u0161ho s\u00fahlasu vyjadren\u00e9ho za\u010diarknut\u00edm pr\u00edslu\u0161n\u00e9ho pol\u00ed\u010dka.<\/p><p>iii) na \u0161tatistick\u00e9 \u00fa\u010dely na z\u00e1klade v\u00e1\u0161ho s\u00fahlasu vyjadren\u00e9ho za\u010diarknut\u00edm pr\u00edslu\u0161n\u00e9ho pol\u00ed\u010dka, aby mohol z\u00edskava\u0165 inform\u00e1cie, ako je pohlavie, vekov\u00e9 rozp\u00e4tie, zamestnaneck\u00fd stav, motiv\u00e1cia na n\u00e1kup produktu, sp\u00f4sob n\u00e1kupu produktu a po\u010det det\u00ed v dom\u00e1cnosti. Tieto \u00fadaje spolo\u010dnos\u0165 BESTWAY zhroma\u017e\u010fuje, aby z\u00edskala s\u00fahrnn\u00fd poh\u013ead na svojich z\u00e1kazn\u00edkov bez toho, aby sa pok\u00fa\u0161ala robi\u0165 predpovede alebo vyvodzova\u0165 z\u00e1very, ktor\u00e9 by sa \u0161pecificky t\u00fdkali v\u00e1s, preto\u017ee \u00fa\u010delom nie je hodnoti\u0165 jednotliv\u00e9 charakteristiky.<\/p><p>iv) na z\u00e1klade v\u00e1\u0161ho s\u00fahlasu vyjadren\u00e9ho za\u010diarknut\u00edm pr\u00edslu\u0161n\u00e9ho pol\u00ed\u010dka v\u00e1m m\u00f4\u017eeme e-mailom posla\u0165 \u017eiados\u0165 o zapojenie sa do prieskumu o na\u0161ich produktoch a va\u0161ich sk\u00fasenostiach s ich pou\u017e\u00edvan\u00edm;<\/p><p>Pr\u00e1vny z\u00e1klad na spracovanie \u00fadajov uveden\u00fdch v bode (i) je stanovenie a plnenie zmluvn\u00fdch\/obchodn\u00fdch podmienok a dodr\u017eiavanie platn\u00fdch pr\u00e1vnych predpisov; tieto \u00fadaje s\u00fa povinn\u00e9 a odmietnutie ich poskytnutia m\u00f4\u017ee zabr\u00e1ni\u0165 spolo\u010dnosti BESTWAY v poskytovan\u00ed po\u017eadovanej slu\u017eby. Pokia\u013e ide o body (ii), (iii) a (iv) pr\u00e1vny z\u00e1klad tohto spracovania je v\u00e1\u0161 slobodn\u00fd a dobrovo\u013en\u00fd s\u00fahlas. Pri akomko\u013evek odmietnut\u00ed poskytn\u00fa\u0165 tak\u00fdto s\u00fahlas nebudete vy\u0161\u0161ie uveden\u00e9 ozn\u00e1menia dost\u00e1va\u0165.<\/p><p>Va\u0161e \u00fadaje sa bud\u00fa spracov\u00e1va\u0165 v papierovej a elektronickej forme v s\u00falade s platn\u00fdmi pr\u00e1vnymi predpismi o ochrane osobn\u00fdch \u00fadajov (nariadenie E\u00da 679\/2016 alebo \u201eGDPR\u201c v znen\u00ed posledn\u00fdch zmien). Osobn\u00e9 \u00fadaje, ktor\u00e9 poskytnete, sa m\u00f4\u017eu poskytn\u00fa\u0165 tret\u00edm stran\u00e1m, ako s\u00fa osoby, zdru\u017eenia, odborn\u00e9 firmy a spolo\u010dnosti poskytuj\u00face spolo\u010dnosti BESTWAY konzulta\u010dn\u00e9 a podporn\u00e9 slu\u017eby a \u010dinnosti (vr\u00e1tane spolo\u010dnost\u00ed skupiny BESTWAY, ktor\u00e9 sa pr\u00edpadne nach\u00e1dzaj\u00fa v zahrani\u010d\u00ed v krajin\u00e1ch mimo E\u00da), ktor\u00e9 p\u00f4sobia na z\u00e1klade svojej pr\u00e1vomoci sprostredkovate\u013ea \u00fadajov, pokia\u013e s\u00fa tak riadne ur\u010den\u00e9 a pokia\u013e existuj\u00fa primeran\u00e9 z\u00e1ruky t\u00fdkaj\u00face sa ochrany osobn\u00fdch \u00fadajov. \u00dadaje sa tie\u017e m\u00f4\u017eu poskytn\u00fa\u0165 spolo\u010dn\u00fdm prev\u00e1dzkovate\u013eom \u00fadajov spolu so spolo\u010dnos\u0165ou BESTWAY alebo nez\u00e1visl\u00fdm prev\u00e1dzkovate\u013eom \u00fadajov, ako aj pracovn\u00edkom spolo\u010dnosti BESTWAY ur\u010den\u00fdm ako osoby zodpovedn\u00e9 za sprac\u00favanie, a to iba na vy\u0161\u0161ie pop\u00edsan\u00e9 \u00fa\u010dely. Zoznam prev\u00e1dzkovate\u013eov alebo sprostredkovate\u013eov \u00fadajov, ktor\u00fdm sa m\u00f4\u017eu poskytn\u00fa\u0165 osobn\u00e9 \u00fadaje, je k dispoz\u00edcii na po\u017eiadanie.<\/p><p>Na \u00fa\u010dely riadenia s\u0165a\u017enost\u00ed op\u00edsan\u00fdch v bode (i) sa va\u0161e \u00fadaje bud\u00fa uchov\u00e1va\u0165 aj po ukon\u010den\u00ed zmluvn\u00e9ho\/obchodn\u00e9ho vz\u0165ahu so spolo\u010dnos\u0165ou BESTWAY na splnenie v\u0161etk\u00fdch povinnost\u00ed s\u00favisiacich s uzavret\u00edm vz\u0165ahu alebo z neho vypl\u00fdvaj\u00facich, a to vr\u00e1tane t\u00fdch, ktor\u00e9 s\u00favisia so z\u00e1konn\u00fdmi povinnos\u0165ami a preml\u010dac\u00edmi lehotami stanoven\u00fdmi na tento \u00fa\u010del platn\u00fdmi pr\u00e1vnymi predpismi, a v ka\u017edom pr\u00edpade nie dlh\u0161ie ako 10 rokov.<\/p><p>Pokia\u013e ide o marketingov\u00e9 \u00fa\u010dely op\u00edsan\u00e9 v bode (ii), va\u0161e \u00fadaje sa bud\u00fa uchov\u00e1va\u0165 najviac 8 rokov od poskytnutia v\u00e1\u0161ho s\u00fahlasu. Z\u00e1kazn\u00edci sa m\u00f4\u017eu kedyko\u013evek odhl\u00e1si\u0165 z odberu newslettera kliknut\u00edm na odkaz \u201eodhl\u00e1si\u0165\u201c uveden\u00fd v ka\u017edom e-maile alebo zaslan\u00edm e-mailu na adresu <a href=\"mailto:privacy@bestwaycorp.eu\">privacy@bestwaycorp.eu<\/a>.<\/p><p>Na \u00fa\u010dely \u0161tatist\u00edk a prieskumov op\u00edsan\u00fdch v bodoch (iii) a (iv) vy\u0161\u0161ie sa va\u0161e \u00fadaje bud\u00fa uchov\u00e1va\u0165 a\u017e 8 rokov od d\u00e1tumu z\u00edskania v\u00e1\u0161ho s\u00fahlasu.<\/p><p>Kedyko\u013evek m\u00f4\u017eete uplatni\u0165 v\u0161etky pr\u00e1va uveden\u00e9 v \u010dl. 15 a nasl. nariadenia, ktor\u00e9 hlavne zah\u0155\u0148aj\u00fa pr\u00e1vo na opravu, pr\u00e1vo na v\u00fdmaz, pr\u00e1vo namieta\u0165 proti sprac\u00favaniu, pr\u00e1vo na prenosnos\u0165 osobn\u00fdch \u00fadajov a pr\u00e1vo poda\u0165 s\u0165a\u017enos\u0165 org\u00e1nu na ochranu osobn\u00fdch \u00fadajov ustanoven\u00e9mu vo va\u0161ej krajine (<a href=\"https:\/\/edpb.europa.eu\/about-edpb\/board\/members_en\" target=\"_blank\" rel=\"noopener\">https:\/\/edpb.europa.eu\/about-edpb\/board\/members_en<\/a>).<\/p><p>Vy\u0161\u0161ie uveden\u00e9 pr\u00e1va je mo\u017en\u00e9 uplatni\u0165 poslan\u00edm e-mailu na adresu <a href=\"mailto:privacy@bestwaycorp.eu\">\u00a0privacy@bestwaycorp.eu<\/a><\/p>\t\t\t\t\t\t\t\t<\/div>\n\t\t\t\t<\/div>\n\t\t\t\t\t<\/div>\n\t\t\t\t<\/div>\n\t\t\t\t<\/div>\n\t\t","protected":false},"excerpt":{"rendered":"<p>Marketing Z\u00e1sady pod\u013ea eur\u00f3pskeho nariadenia 2016\/679 (GDPR) v znen\u00ed jeho zmien a doplnen\u00ed Prev\u00e1dzkovate\u013e \u00fadajov: BESTWAY EUROPE S.P.A., so s\u00eddlom na adrese San Giuliano Milanese (Mi), via Resistenza 5 (\u201eBESTWAY\u201c), Taliansko. Zodpovedn\u00e1 osoba: privacy@bestwaycorp.eu Prev\u00e1dzkovate\u013e \u00fadajov bude sprac\u00fava\u0165 nasledovn\u00e9 \u00fadaje: Na z\u00e1klade v\u00e1\u0161ho s\u00fahlasu vyjadren\u00e9ho za\u010diarknut\u00edm pr\u00edslu\u0161n\u00e9ho pol\u00ed\u010dka bude prev\u00e1dzkovate\u013e \u00fadajov sprac\u00fava\u0165 va\u0161e \u00fadaje na [&hellip;]<\/p>\n","protected":false},"author":9,"featured_media":0,"parent":0,"menu_order":0,"comment_status":"closed","ping_status":"closed","template":"","meta":{"_acf_changed":false,"site-sidebar-layout":"no-sidebar","site-content-layout":"page-builder","ast-site-content-layout":"full-width-container","site-content-style":"default","site-sidebar-style":"default","ast-global-header-display":"","ast-banner-title-visibility":"","ast-main-header-display":"","ast-hfb-above-header-display":"","ast-hfb-below-header-display":"","ast-hfb-mobile-header-display":"","site-post-title":"","ast-breadcrumbs-content":"","ast-featured-img":"disabled","footer-sml-layout":"","ast-disable-related-posts":"","theme-transparent-header-meta":"","adv-header-id-meta":"","stick-header-meta":"","header-above-stick-meta":"","header-main-stick-meta":"","header-below-stick-meta":"","astra-migrate-meta-layouts":"set","ast-page-background-enabled":"default","ast-page-background-meta":{"desktop":{"background-color":"var(--ast-global-color-4)","background-image":"","background-repeat":"repeat","background-position":"center center","background-size":"auto","background-attachment":"scroll","background-type":"","background-media":"","overlay-type":"","overlay-color":"","overlay-opacity":"","overlay-gradient":""},"tablet":{"background-color":"","background-image":"","background-repeat":"repeat","background-position":"center center","background-size":"auto","background-attachment":"scroll","background-type":"","background-media":"","overlay-type":"","overlay-color":"","overlay-opacity":"","overlay-gradient":""},"mobile":{"background-color":"","background-image":"","background-repeat":"repeat","background-position":"center center","background-size":"auto","background-attachment":"scroll","background-type":"","background-media":"","overlay-type":"","overlay-color":"","overlay-opacity":"","overlay-gradient":""}},"ast-content-background-meta":{"desktop":{"background-color":"var(--ast-global-color-5)","background-image":"","background-repeat":"repeat","background-position":"center center","background-size":"auto","background-attachment":"scroll","background-type":"","background-media":"","overlay-type":"","overlay-color":"","overlay-opacity":"","overlay-gradient":""},"tablet":{"background-color":"var(--ast-global-color-5)","background-image":"","background-repeat":"repeat","background-position":"center center","background-size":"auto","background-attachment":"scroll","background-type":"","background-media":"","overlay-type":"","overlay-color":"","overlay-opacity":"","overlay-gradient":""},"mobile":{"background-color":"var(--ast-global-color-5)","background-image":"","background-repeat":"repeat","background-position":"center center","background-size":"auto","background-attachment":"scroll","background-type":"","background-media":"","overlay-type":"","overlay-color":"","overlay-opacity":"","overlay-gradient":""}},"footnotes":""},"class_list":["post-6844","page","type-page","status-publish","hentry"],"acf":[],"yoast_head":"<!-- This site is optimized with the Yoast SEO plugin v27.5 - https:\/\/yoast.com\/product\/yoast-seo-wordpress\/ -->\n<title>Z\u00e1sady ochrany osobn\u00fdch \u00fadajov - GDPR - Legal<\/title>\n<meta name=\"robots\" content=\"noindex, follow, max-snippet:-1, max-image-preview:large, max-video-preview:-1\" \/>\n<meta property=\"og:locale\" content=\"sk_SK\" \/>\n<meta property=\"og:type\" content=\"article\" \/>\n<meta property=\"og:title\" content=\"Z\u00e1sady ochrany osobn\u00fdch \u00fadajov - GDPR - Legal\" \/>\n<meta property=\"og:description\" content=\"Marketing Z\u00e1sady pod\u013ea eur\u00f3pskeho nariadenia 2016\/679 (GDPR) v znen\u00ed jeho zmien a doplnen\u00ed Prev\u00e1dzkovate\u013e \u00fadajov: BESTWAY EUROPE S.P.A., so s\u00eddlom na adrese San Giuliano Milanese (Mi), via Resistenza 5 (\u201eBESTWAY\u201c), Taliansko. Zodpovedn\u00e1 osoba: privacy@bestwaycorp.eu Prev\u00e1dzkovate\u013e \u00fadajov bude sprac\u00fava\u0165 nasledovn\u00e9 \u00fadaje: Na z\u00e1klade v\u00e1\u0161ho s\u00fahlasu vyjadren\u00e9ho za\u010diarknut\u00edm pr\u00edslu\u0161n\u00e9ho pol\u00ed\u010dka bude prev\u00e1dzkovate\u013e \u00fadajov sprac\u00fava\u0165 va\u0161e \u00fadaje na [&hellip;]\" \/>\n<meta property=\"og:url\" content=\"https:\/\/legal.bestway.eu\/sk-sk\/privacy-notice\/\" \/>\n<meta property=\"og:site_name\" content=\"Legal\" \/>\n<meta property=\"article:modified_time\" content=\"2024-11-06T14:52:39+00:00\" \/>\n<meta name=\"twitter:card\" content=\"summary_large_image\" \/>\n<meta name=\"twitter:label1\" content=\"Est. reading time\" \/>\n\t<meta name=\"twitter:data1\" content=\"6 minutes\" \/>\n<script type=\"application\/ld+json\" class=\"yoast-schema-graph\">{\"@context\":\"https:\\\/\\\/schema.org\",\"@graph\":[{\"@type\":\"WebPage\",\"@id\":\"https:\\\/\\\/legal.bestway.eu\\\/sk-sk\\\/privacy-notice\\\/\",\"url\":\"https:\\\/\\\/legal.bestway.eu\\\/sk-sk\\\/privacy-notice\\\/\",\"name\":\"Z\u00e1sady ochrany osobn\u00fdch \u00fadajov - GDPR - Legal\",\"isPartOf\":{\"@id\":\"https:\\\/\\\/legal.bestway.eu\\\/sk-sk\\\/#website\"},\"datePublished\":\"2023-10-24T10:37:41+00:00\",\"dateModified\":\"2024-11-06T14:52:39+00:00\",\"inLanguage\":\"sk-sk\",\"potentialAction\":[{\"@type\":\"ReadAction\",\"target\":[\"https:\\\/\\\/legal.bestway.eu\\\/sk-sk\\\/privacy-notice\\\/\"]}]},{\"@type\":\"WebSite\",\"@id\":\"https:\\\/\\\/legal.bestway.eu\\\/sk-sk\\\/#website\",\"url\":\"https:\\\/\\\/legal.bestway.eu\\\/sk-sk\\\/\",\"name\":\"Legal\",\"description\":\"Legal\",\"publisher\":{\"@id\":\"https:\\\/\\\/legal.bestway.eu\\\/sk-sk\\\/#organization\"},\"potentialAction\":[{\"@type\":\"SearchAction\",\"target\":{\"@type\":\"EntryPoint\",\"urlTemplate\":\"https:\\\/\\\/legal.bestway.eu\\\/sk-sk\\\/?s={search_term_string}\"},\"query-input\":{\"@type\":\"PropertyValueSpecification\",\"valueRequired\":true,\"valueName\":\"search_term_string\"}}],\"inLanguage\":\"sk-sk\"},{\"@type\":\"Organization\",\"@id\":\"https:\\\/\\\/legal.bestway.eu\\\/sk-sk\\\/#organization\",\"name\":\"Legal\",\"url\":\"https:\\\/\\\/legal.bestway.eu\\\/sk-sk\\\/\",\"logo\":{\"@type\":\"ImageObject\",\"inLanguage\":\"sk-sk\",\"@id\":\"https:\\\/\\\/legal.bestway.eu\\\/sk-sk\\\/#\\\/schema\\\/logo\\\/image\\\/\",\"url\":\"https:\\\/\\\/legal.bestway.eu\\\/wp-content\\\/uploads\\\/sites\\\/2\\\/2023\\\/10\\\/bw-white-logo@2x.png\",\"contentUrl\":\"https:\\\/\\\/legal.bestway.eu\\\/wp-content\\\/uploads\\\/sites\\\/2\\\/2023\\\/10\\\/bw-white-logo@2x.png\",\"width\":348,\"height\":138,\"caption\":\"Legal\"},\"image\":{\"@id\":\"https:\\\/\\\/legal.bestway.eu\\\/sk-sk\\\/#\\\/schema\\\/logo\\\/image\\\/\"}}]}<\/script>\n<!-- \/ Yoast SEO plugin. -->","yoast_head_json":{"title":"Z\u00e1sady ochrany osobn\u00fdch \u00fadajov - GDPR - Legal","robots":{"index":"noindex","follow":"follow","max-snippet":"max-snippet:-1","max-image-preview":"max-image-preview:large","max-video-preview":"max-video-preview:-1"},"og_locale":"sk_SK","og_type":"article","og_title":"Z\u00e1sady ochrany osobn\u00fdch \u00fadajov - GDPR - Legal","og_description":"Marketing Z\u00e1sady pod\u013ea eur\u00f3pskeho nariadenia 2016\/679 (GDPR) v znen\u00ed jeho zmien a doplnen\u00ed Prev\u00e1dzkovate\u013e \u00fadajov: BESTWAY EUROPE S.P.A., so s\u00eddlom na adrese San Giuliano Milanese (Mi), via Resistenza 5 (\u201eBESTWAY\u201c), Taliansko. Zodpovedn\u00e1 osoba: privacy@bestwaycorp.eu Prev\u00e1dzkovate\u013e \u00fadajov bude sprac\u00fava\u0165 nasledovn\u00e9 \u00fadaje: Na z\u00e1klade v\u00e1\u0161ho s\u00fahlasu vyjadren\u00e9ho za\u010diarknut\u00edm pr\u00edslu\u0161n\u00e9ho pol\u00ed\u010dka bude prev\u00e1dzkovate\u013e \u00fadajov sprac\u00fava\u0165 va\u0161e \u00fadaje na [&hellip;]","og_url":"https:\/\/legal.bestway.eu\/sk-sk\/privacy-notice\/","og_site_name":"Legal","article_modified_time":"2024-11-06T14:52:39+00:00","twitter_card":"summary_large_image","twitter_misc":{"Est. reading time":"6 minutes"},"schema":{"@context":"https:\/\/schema.org","@graph":[{"@type":"WebPage","@id":"https:\/\/legal.bestway.eu\/sk-sk\/privacy-notice\/","url":"https:\/\/legal.bestway.eu\/sk-sk\/privacy-notice\/","name":"Z\u00e1sady ochrany osobn\u00fdch \u00fadajov - GDPR - Legal","isPartOf":{"@id":"https:\/\/legal.bestway.eu\/sk-sk\/#website"},"datePublished":"2023-10-24T10:37:41+00:00","dateModified":"2024-11-06T14:52:39+00:00","inLanguage":"sk-sk","potentialAction":[{"@type":"ReadAction","target":["https:\/\/legal.bestway.eu\/sk-sk\/privacy-notice\/"]}]},{"@type":"WebSite","@id":"https:\/\/legal.bestway.eu\/sk-sk\/#website","url":"https:\/\/legal.bestway.eu\/sk-sk\/","name":"Legal","description":"Legal","publisher":{"@id":"https:\/\/legal.bestway.eu\/sk-sk\/#organization"},"potentialAction":[{"@type":"SearchAction","target":{"@type":"EntryPoint","urlTemplate":"https:\/\/legal.bestway.eu\/sk-sk\/?s={search_term_string}"},"query-input":{"@type":"PropertyValueSpecification","valueRequired":true,"valueName":"search_term_string"}}],"inLanguage":"sk-sk"},{"@type":"Organization","@id":"https:\/\/legal.bestway.eu\/sk-sk\/#organization","name":"Legal","url":"https:\/\/legal.bestway.eu\/sk-sk\/","logo":{"@type":"ImageObject","inLanguage":"sk-sk","@id":"https:\/\/legal.bestway.eu\/sk-sk\/#\/schema\/logo\/image\/","url":"https:\/\/legal.bestway.eu\/wp-content\/uploads\/sites\/2\/2023\/10\/bw-white-logo@2x.png","contentUrl":"https:\/\/legal.bestway.eu\/wp-content\/uploads\/sites\/2\/2023\/10\/bw-white-logo@2x.png","width":348,"height":138,"caption":"Legal"},"image":{"@id":"https:\/\/legal.bestway.eu\/sk-sk\/#\/schema\/logo\/image\/"}}]}},"_links":{"self":[{"href":"https:\/\/legal.bestway.eu\/sk-sk\/wp-json\/wp\/v2\/pages\/6844","targetHints":{"allow":["GET"]}}],"collection":[{"href":"https:\/\/legal.bestway.eu\/sk-sk\/wp-json\/wp\/v2\/pages"}],"about":[{"href":"https:\/\/legal.bestway.eu\/sk-sk\/wp-json\/wp\/v2\/types\/page"}],"author":[{"embeddable":true,"href":"https:\/\/legal.bestway.eu\/sk-sk\/wp-json\/wp\/v2\/users\/9"}],"replies":[{"embeddable":true,"href":"https:\/\/legal.bestway.eu\/sk-sk\/wp-json\/wp\/v2\/comments?post=6844"}],"version-history":[{"count":9,"href":"https:\/\/legal.bestway.eu\/sk-sk\/wp-json\/wp\/v2\/pages\/6844\/revisions"}],"predecessor-version":[{"id":6870,"href":"https:\/\/legal.bestway.eu\/sk-sk\/wp-json\/wp\/v2\/pages\/6844\/revisions\/6870"}],"wp:attachment":[{"href":"https:\/\/legal.bestway.eu\/sk-sk\/wp-json\/wp\/v2\/media?parent=6844"}],"curies":[{"name":"wp","href":"https:\/\/api.w.org\/{rel}","templated":true}]}}