{"id":8721,"date":"2025-06-09T15:47:15","date_gmt":"2025-06-09T13:47:15","guid":{"rendered":"https:\/\/legal.bestway.eu\/accessibility\/"},"modified":"2025-06-23T10:54:21","modified_gmt":"2025-06-23T08:54:21","slug":"accessibility","status":"publish","type":"page","link":"https:\/\/legal.bestway.eu\/si-sl\/accessibility\/","title":{"rendered":"Dostopnost"},"content":{"rendered":"\t\t<div data-elementor-type=\"wp-page\" data-elementor-id=\"8721\" class=\"elementor elementor-8721\" data-elementor-post-type=\"page\">\n\t\t\t\t<div class=\"elementor-element elementor-element-5b5bf09 e-flex e-con-boxed e-con e-parent\" data-id=\"5b5bf09\" data-element_type=\"container\" data-e-type=\"container\">\n\t\t\t\t\t<div class=\"e-con-inner\">\n\t\t\t\t<div class=\"elementor-element elementor-element-febc057 elementor-widget elementor-widget-text-editor\" data-id=\"febc057\" data-element_type=\"widget\" data-e-type=\"widget\" data-widget_type=\"text-editor.default\">\n\t\t\t\t<div class=\"elementor-widget-container\">\n\t\t\t\t\t\t\t\t\t<p>Verjamemo, da bi moral biti internet na voljo in dostopen vsem, zato smo zavezani k zagotavljanju spletnega mesta, ki je dostopno naj\u0161ir\u0161emu mo\u017enemu ob\u010dinstvu.<\/p><p>Prizadevamo si slediti smernicam za dostopnost spletnih vsebin 2.1 (WCAG 2.1) konzorcija World Wide Web Consortium (W3C). Te smernice pojasnjujejo, kako narediti spletno vsebino dostopno ljudem s \u0161irokim krogom uporabnikov z razli\u010dnimi potrebami. Upo\u0161tevanje teh smernic nam pomaga zagotoviti, da so na\u0161a spletna mesta dostopna naj\u0161ir\u0161emu mo\u017enemu \u0161tevilu ljudi.<\/p>\t\t\t\t\t\t\t\t<\/div>\n\t\t\t\t<\/div>\n\t\t\t\t<div class=\"elementor-element elementor-element-a41cc72 elementor-widget elementor-widget-heading\" data-id=\"a41cc72\" data-element_type=\"widget\" data-e-type=\"widget\" data-widget_type=\"heading.default\">\n\t\t\t\t<div class=\"elementor-widget-container\">\n\t\t\t\t\t<h2 class=\"elementor-heading-title elementor-size-default\">Izjave o dostopnosti<\/h2>\t\t\t\t<\/div>\n\t\t\t\t<\/div>\n\t\t\t\t<div class=\"elementor-element elementor-element-dd82ffd elementor-widget elementor-widget-n-accordion\" data-id=\"dd82ffd\" data-element_type=\"widget\" data-e-type=\"widget\" data-settings=\"{&quot;max_items_expended&quot;:&quot;multiple&quot;,&quot;default_state&quot;:&quot;expanded&quot;,&quot;n_accordion_animation_duration&quot;:{&quot;unit&quot;:&quot;ms&quot;,&quot;size&quot;:400,&quot;sizes&quot;:[]}}\" data-widget_type=\"nested-accordion.default\">\n\t\t\t\t<div class=\"elementor-widget-container\">\n\t\t\t\t\t\t\t<div class=\"e-n-accordion\" aria-label=\"Accordion. Open links with Enter or Space, close with Escape, and navigate with Arrow Keys\">\n\t\t\t\t\t\t<details id=\"e-n-accordion-item-2320\" class=\"e-n-accordion-item\" open>\n\t\t\t\t<summary class=\"e-n-accordion-item-title\" data-accordion-index=\"1\" tabindex=\"0\" aria-expanded=\"true\" aria-controls=\"e-n-accordion-item-2320\" >\n\t\t\t\t\t<span class='e-n-accordion-item-title-header'><div class=\"e-n-accordion-item-title-text\"> Spletno mesto za podporo (support.bestway.eu) <\/div><\/span>\n\t\t\t\t\t\t\t<span class='e-n-accordion-item-title-icon'>\n\t\t\t<span class='e-opened' ><i aria-hidden=\"true\" class=\"fas fa-minus\"><\/i><\/span>\n\t\t\t<span class='e-closed'><i aria-hidden=\"true\" class=\"fas fa-plus\"><\/i><\/span>\n\t\t<\/span>\n\n\t\t\t\t\t\t<\/summary>\n\t\t\t\t<div role=\"region\" aria-labelledby=\"e-n-accordion-item-2320\" class=\"elementor-element elementor-element-0ab357d e-con-full e-flex e-con e-child\" data-id=\"0ab357d\" data-element_type=\"container\" data-e-type=\"container\">\n\t\t\t\t<div class=\"elementor-element elementor-element-7f3cfd0 elementor-widget elementor-widget-text-editor\" data-id=\"7f3cfd0\" data-element_type=\"widget\" data-e-type=\"widget\" data-widget_type=\"text-editor.default\">\n\t\t\t\t<div class=\"elementor-widget-container\">\n\t\t\t\t\t\t\t\t\t<p data-start=\"94\" data-end=\"166\"><strong data-start=\"94\" data-end=\"166\">Naslednja izjava o dostopnosti velja za: https:\/\/support.bestway.eu.<\/strong><\/p><p data-start=\"168\" data-end=\"341\"><strong data-start=\"168\" data-end=\"205\">Status skladnosti: Delno skladen.<\/strong><br data-start=\"205\" data-end=\"208\" \/>Ta spletna stran je delno skladna z zahtevami iz Priloge A standarda UNI CEI EN 301549 zaradi spodaj navedenih primerov neskladnosti.<\/p><p data-start=\"472\" data-end=\"505\"><strong data-start=\"472\" data-end=\"503\">1.1.1 \u2013 Netekstovna vsebina<\/strong><\/p><ul data-start=\"506\" data-end=\"793\"><li data-start=\"506\" data-end=\"587\"><p data-start=\"508\" data-end=\"587\">Nekatere slike nimajo atributa <code data-start=\"539\" data-end=\"544\">alt<\/code> ali vsebujejo neopisni nadomestni tekst.<\/p><\/li><li data-start=\"588\" data-end=\"688\"><p data-start=\"590\" data-end=\"688\">Nekateri elementi <code data-start=\"608\" data-end=\"616\">iframe<\/code> nimajo nadomestnega besedila preko atributa <code data-start=\"661\" data-end=\"668\">title<\/code> ali <code data-start=\"673\" data-end=\"685\">aria-label<\/code>.<\/p><\/li><li data-start=\"689\" data-end=\"793\"><p data-start=\"691\" data-end=\"793\">Nekateri dekorativni elementi niso pravilno ozna\u010deni z <code data-start=\"746\" data-end=\"767\">role=\"presentation\"<\/code> ali <code data-start=\"772\" data-end=\"792\">aria-hidden=\"true\"<\/code>.<\/p><\/li><\/ul><p data-start=\"795\" data-end=\"830\"><strong data-start=\"795\" data-end=\"828\">1.3.1 \u2013 Informacije in odnosi<\/strong><\/p><ul data-start=\"831\" data-end=\"1204\"><li data-start=\"831\" data-end=\"919\"><p data-start=\"833\" data-end=\"919\">Ve\u010d kontejnerskih elementov je praznih v DOM-u, kar povzro\u010da ne-semant\u010dno strukturo.<\/p><\/li><li data-start=\"920\" data-end=\"1008\"><p data-start=\"922\" data-end=\"1008\">Nekatera obrazna polja nimajo povezanih oznak preko <code data-start=\"974\" data-end=\"983\">&lt;label&gt;<\/code> ali <code data-start=\"988\" data-end=\"1005\">aria-labelledby<\/code>.<\/p><\/li><li data-start=\"1009\" data-end=\"1056\"><p data-start=\"1011\" data-end=\"1056\">Nekaj besedil nima ARIA vlog ali lastnosti.<\/p><\/li><li data-start=\"1057\" data-end=\"1204\"><p data-start=\"1059\" data-end=\"1204\">Nekateri dokumenti ne uporabljajo semanti\u010dnih oznak za naslove (<code data-start=\"1123\" data-end=\"1132\">heading<\/code>), kar ote\u017euje strukturirano navigacijo s pomo\u010djo asistivnih tehnologij.<\/p><\/li><\/ul><p data-start=\"1206\" data-end=\"1295\"><strong data-start=\"1206\" data-end=\"1293\">1.3.2 \/ 2.1.1 \/ 2.4.3 \u2013 Pomemben vrstni red, dostop z tipkovnico, vrstni red fokusa<\/strong><\/p><ul data-start=\"1296\" data-end=\"1444\"><li data-start=\"1296\" data-end=\"1444\"><p data-start=\"1298\" data-end=\"1444\">V nekaterih dokumentih vrstni red branja in navigacije ni skladen z vizualno postavitvijo, kar ote\u017euje uporabo s tipkovnico ali bralnikom zaslona.<\/p><\/li><\/ul><p data-start=\"1446\" data-end=\"1480\"><strong data-start=\"1446\" data-end=\"1478\">1.4.3 \u2013 Kontrast (minimalni)<\/strong><\/p><ul data-start=\"1481\" data-end=\"1578\"><li data-start=\"1481\" data-end=\"1578\"><p data-start=\"1483\" data-end=\"1578\">Kontrast med besedilom in ozadjem pri nekaterih elementih ne dosega minimalnega razmerja 4,5:1.<\/p><\/li><\/ul><p data-start=\"1580\" data-end=\"1611\"><strong data-start=\"1580\" data-end=\"1609\">1.4.4 \u2013 Pove\u010dava besedila<\/strong><\/p><ul data-start=\"1612\" data-end=\"1663\"><li data-start=\"1612\" data-end=\"1663\"><p data-start=\"1614\" data-end=\"1663\">Nekaj besedil se odre\u017ee ali prekriva ob pove\u010davi.<\/p><\/li><\/ul><p data-start=\"1665\" data-end=\"1708\"><strong data-start=\"1665\" data-end=\"1706\">1.4.10 \u2013 Preurejanje vsebine (Reflow)<\/strong><\/p><ul data-start=\"1709\" data-end=\"1838\"><li data-start=\"1709\" data-end=\"1838\"><p data-start=\"1711\" data-end=\"1838\">Nekatere strani ali komponente ne pravilno podpirajo pove\u010dave ali spreminjanja velikosti, kar povzro\u010da te\u017eave z razporeditvijo.<\/p><\/li><\/ul><p data-start=\"1840\" data-end=\"1882\"><strong data-start=\"1840\" data-end=\"1880\">2.4.1 \u2013 Preskakovanje blokov vsebine<\/strong><\/p><ul data-start=\"1883\" data-end=\"1980\"><li data-start=\"1883\" data-end=\"1980\"><p data-start=\"1885\" data-end=\"1980\">Na nekaterih straneh manjka povezava \u00bbPresko\u010di na vsebino\u00ab, ki mora biti dostopna z tipkovnico.<\/p><\/li><\/ul><p data-start=\"1982\" data-end=\"2009\"><strong data-start=\"1982\" data-end=\"2007\">2.4.2 \u2013 Naslov strani<\/strong><\/p><ul data-start=\"2010\" data-end=\"2127\"><li data-start=\"2010\" data-end=\"2127\"><p data-start=\"2012\" data-end=\"2127\">V nekaterih dokumentih manjka naslov v metapodatkih, kar zmanj\u0161uje prepoznavnost vsebine pri asistirani navigaciji.<\/p><\/li><\/ul><p data-start=\"2129\" data-end=\"2171\"><strong data-start=\"2129\" data-end=\"2169\">2.4.4 \u2013 Namen povezave (v kontekstu)<\/strong><\/p><ul data-start=\"2172\" data-end=\"2232\"><li data-start=\"2172\" data-end=\"2232\"><p data-start=\"2174\" data-end=\"2232\">Nekatere povezave nimajo pomembnega nadomestnega besedila.<\/p><\/li><\/ul><p data-start=\"2234\" data-end=\"2265\"><strong data-start=\"2234\" data-end=\"2263\">2.4.6 \u2013 Naslovi in oznake<\/strong><\/p><ul data-start=\"2266\" data-end=\"2336\"><li data-start=\"2266\" data-end=\"2336\"><p data-start=\"2268\" data-end=\"2336\">Na nekaterih straneh manjka semanti\u010dnih naslovov ali oznak <code data-start=\"2327\" data-end=\"2335\">header<\/code>.<\/p><\/li><\/ul><p data-start=\"2338\" data-end=\"2364\"><strong data-start=\"2338\" data-end=\"2362\">3.1.1 \u2013 Jezik strani<\/strong><\/p><ul data-start=\"2365\" data-end=\"2471\"><li data-start=\"2365\" data-end=\"2471\"><p data-start=\"2367\" data-end=\"2471\">Privzeti jezik dokumenta ni nastavljen, kar ote\u017euje pravilno glasovno branje s strani bralnikov zaslona.<\/p><\/li><\/ul><p data-start=\"2473\" data-end=\"2507\"><strong data-start=\"2473\" data-end=\"2505\">4.1.2 \u2013 Ime, vloga, vrednost<\/strong><\/p><ul data-start=\"2508\" data-end=\"2629\"><li data-start=\"2508\" data-end=\"2562\"><p data-start=\"2510\" data-end=\"2562\">Ve\u010d gumbov nima tekstovnih oznak ali <code data-start=\"2547\" data-end=\"2559\">aria-label<\/code>.<\/p><\/li><li data-start=\"2563\" data-end=\"2629\"><p data-start=\"2565\" data-end=\"2629\">Nekateri ARIA atributi imajo neveljavne ali neskladne vrednosti.<\/p><\/li><\/ul>\t\t\t\t\t\t\t\t<\/div>\n\t\t\t\t<\/div>\n\t\t\t\t<\/div>\n\t\t\t\t\t<\/details>\n\t\t\t\t\t<\/div>\n\t\t\t\t\t\t<\/div>\n\t\t\t\t<\/div>\n\t\t\t\t<div class=\"elementor-element elementor-element-3003df7 elementor-widget elementor-widget-heading\" data-id=\"3003df7\" data-element_type=\"widget\" data-e-type=\"widget\" data-widget_type=\"heading.default\">\n\t\t\t\t<div class=\"elementor-widget-container\">\n\t\t\t\t\t<h2 class=\"elementor-heading-title elementor-size-default\">Komentarji in povratne informacije<\/h2>\t\t\t\t<\/div>\n\t\t\t\t<\/div>\n\t\t\t\t<div class=\"elementor-element elementor-element-2b49daa elementor-widget elementor-widget-text-editor\" data-id=\"2b49daa\" data-element_type=\"widget\" data-e-type=\"widget\" data-widget_type=\"text-editor.default\">\n\t\t\t\t<div class=\"elementor-widget-container\">\n\t\t\t\t\t\t\t\t\t<p><span style=\"font-size: 16px;\">Na\u0161a spletna mesta razvijamo tako, da upo\u0161tevamo merila digitalne dostopnosti, vendar lahko nekatere strani ali razdelki \u0161e vedno niso v celoti dostopni, so v procesu dostopnosti ali pa nimajo ustrezne tehnolo\u0161ke re\u0161itve, da bi to omogo\u010dili. Za povratne informacije ali poro\u010dila pi\u0161ite na <\/span><a style=\"font-size: 16px; background-color: #ffffff;\" href=\"mailto:accessibility@bestwaycorp.eu\"><strong>accessibility@bestwaycorp.eu<\/strong><\/a><\/p>\t\t\t\t\t\t\t\t<\/div>\n\t\t\t\t<\/div>\n\t\t\t\t\t<\/div>\n\t\t\t\t<\/div>\n\t\t\t\t<\/div>\n\t\t","protected":false},"excerpt":{"rendered":"<p>Verjamemo, da bi moral biti internet na voljo in dostopen vsem, zato smo zavezani k zagotavljanju spletnega mesta, ki je dostopno naj\u0161ir\u0161emu mo\u017enemu ob\u010dinstvu. Prizadevamo si slediti smernicam za dostopnost spletnih vsebin 2.1 (WCAG 2.1) konzorcija World Wide Web Consortium (W3C). Te smernice pojasnjujejo, kako narediti spletno vsebino dostopno ljudem s \u0161irokim krogom uporabnikov z [&hellip;]<\/p>\n","protected":false},"author":1,"featured_media":0,"parent":0,"menu_order":0,"comment_status":"closed","ping_status":"closed","template":"","meta":{"_acf_changed":false,"site-sidebar-layout":"no-sidebar","site-content-layout":"page-builder","ast-site-content-layout":"full-width-container","site-content-style":"default","site-sidebar-style":"default","ast-global-header-display":"","ast-banner-title-visibility":"","ast-main-header-display":"","ast-hfb-above-header-display":"","ast-hfb-below-header-display":"","ast-hfb-mobile-header-display":"","site-post-title":"disabled","ast-breadcrumbs-content":"","ast-featured-img":"disabled","footer-sml-layout":"","ast-disable-related-posts":"","theme-transparent-header-meta":"","adv-header-id-meta":"","stick-header-meta":"","header-above-stick-meta":"","header-main-stick-meta":"","header-below-stick-meta":"","astra-migrate-meta-layouts":"set","ast-page-background-enabled":"default","ast-page-background-meta":{"desktop":{"background-color":"var(--ast-global-color-4)","background-image":"","background-repeat":"repeat","background-position":"center center","background-size":"auto","background-attachment":"scroll","background-type":"","background-media":"","overlay-type":"","overlay-color":"","overlay-opacity":"","overlay-gradient":""},"tablet":{"background-color":"","background-image":"","background-repeat":"repeat","background-position":"center center","background-size":"auto","background-attachment":"scroll","background-type":"","background-media":"","overlay-type":"","overlay-color":"","overlay-opacity":"","overlay-gradient":""},"mobile":{"background-color":"","background-image":"","background-repeat":"repeat","background-position":"center center","background-size":"auto","background-attachment":"scroll","background-type":"","background-media":"","overlay-type":"","overlay-color":"","overlay-opacity":"","overlay-gradient":""}},"ast-content-background-meta":{"desktop":{"background-color":"var(--ast-global-color-5)","background-image":"","background-repeat":"repeat","background-position":"center center","background-size":"auto","background-attachment":"scroll","background-type":"","background-media":"","overlay-type":"","overlay-color":"","overlay-opacity":"","overlay-gradient":""},"tablet":{"background-color":"var(--ast-global-color-5)","background-image":"","background-repeat":"repeat","background-position":"center center","background-size":"auto","background-attachment":"scroll","background-type":"","background-media":"","overlay-type":"","overlay-color":"","overlay-opacity":"","overlay-gradient":""},"mobile":{"background-color":"var(--ast-global-color-5)","background-image":"","background-repeat":"repeat","background-position":"center center","background-size":"auto","background-attachment":"scroll","background-type":"","background-media":"","overlay-type":"","overlay-color":"","overlay-opacity":"","overlay-gradient":""}},"footnotes":""},"class_list":["post-8721","page","type-page","status-publish","hentry"],"acf":[],"yoast_head":"<!-- This site is optimized with the Yoast SEO plugin v27.6 - https:\/\/yoast.com\/product\/yoast-seo-wordpress\/ -->\n<title>Dostopnost - Legal<\/title>\n<meta name=\"robots\" content=\"noindex, follow, max-snippet:-1, max-image-preview:large, max-video-preview:-1\" \/>\n<meta property=\"og:locale\" content=\"en_US\" \/>\n<meta property=\"og:type\" content=\"article\" \/>\n<meta property=\"og:title\" content=\"Dostopnost - Legal\" \/>\n<meta property=\"og:description\" content=\"Verjamemo, da bi moral biti internet na voljo in dostopen vsem, zato smo zavezani k zagotavljanju spletnega mesta, ki je dostopno naj\u0161ir\u0161emu mo\u017enemu ob\u010dinstvu. Prizadevamo si slediti smernicam za dostopnost spletnih vsebin 2.1 (WCAG 2.1) konzorcija World Wide Web Consortium (W3C). Te smernice pojasnjujejo, kako narediti spletno vsebino dostopno ljudem s \u0161irokim krogom uporabnikov z [&hellip;]\" \/>\n<meta property=\"og:url\" content=\"https:\/\/legal.bestway.eu\/si-sl\/accessibility\/\" \/>\n<meta property=\"og:site_name\" content=\"Legal\" \/>\n<meta property=\"article:modified_time\" content=\"2025-06-23T08:54:21+00:00\" \/>\n<meta name=\"twitter:card\" content=\"summary_large_image\" \/>\n<meta name=\"twitter:label1\" content=\"Est. reading time\" \/>\n\t<meta name=\"twitter:data1\" content=\"4 minutes\" \/>\n<script type=\"application\/ld+json\" class=\"yoast-schema-graph\">{\"@context\":\"https:\\\/\\\/schema.org\",\"@graph\":[{\"@type\":\"WebPage\",\"@id\":\"https:\\\/\\\/legal.bestway.eu\\\/si-sl\\\/accessibility\\\/\",\"url\":\"https:\\\/\\\/legal.bestway.eu\\\/si-sl\\\/accessibility\\\/\",\"name\":\"Dostopnost - Legal\",\"isPartOf\":{\"@id\":\"https:\\\/\\\/legal.bestway.eu\\\/si-sl\\\/#website\"},\"datePublished\":\"2025-06-09T13:47:15+00:00\",\"dateModified\":\"2025-06-23T08:54:21+00:00\",\"inLanguage\":\"si-sl\",\"potentialAction\":[{\"@type\":\"ReadAction\",\"target\":[\"https:\\\/\\\/legal.bestway.eu\\\/si-sl\\\/accessibility\\\/\"]}]},{\"@type\":\"WebSite\",\"@id\":\"https:\\\/\\\/legal.bestway.eu\\\/si-sl\\\/#website\",\"url\":\"https:\\\/\\\/legal.bestway.eu\\\/si-sl\\\/\",\"name\":\"Legal\",\"description\":\"Legal\",\"publisher\":{\"@id\":\"https:\\\/\\\/legal.bestway.eu\\\/si-sl\\\/#organization\"},\"potentialAction\":[{\"@type\":\"SearchAction\",\"target\":{\"@type\":\"EntryPoint\",\"urlTemplate\":\"https:\\\/\\\/legal.bestway.eu\\\/si-sl\\\/?s={search_term_string}\"},\"query-input\":{\"@type\":\"PropertyValueSpecification\",\"valueRequired\":true,\"valueName\":\"search_term_string\"}}],\"inLanguage\":\"si-sl\"},{\"@type\":\"Organization\",\"@id\":\"https:\\\/\\\/legal.bestway.eu\\\/si-sl\\\/#organization\",\"name\":\"Legal\",\"url\":\"https:\\\/\\\/legal.bestway.eu\\\/si-sl\\\/\",\"logo\":{\"@type\":\"ImageObject\",\"inLanguage\":\"si-sl\",\"@id\":\"https:\\\/\\\/legal.bestway.eu\\\/si-sl\\\/#\\\/schema\\\/logo\\\/image\\\/\",\"url\":\"https:\\\/\\\/legal.bestway.eu\\\/wp-content\\\/uploads\\\/sites\\\/2\\\/2023\\\/10\\\/bw-white-logo@2x.png\",\"contentUrl\":\"https:\\\/\\\/legal.bestway.eu\\\/wp-content\\\/uploads\\\/sites\\\/2\\\/2023\\\/10\\\/bw-white-logo@2x.png\",\"width\":348,\"height\":138,\"caption\":\"Legal\"},\"image\":{\"@id\":\"https:\\\/\\\/legal.bestway.eu\\\/si-sl\\\/#\\\/schema\\\/logo\\\/image\\\/\"}}]}<\/script>\n<!-- \/ Yoast SEO plugin. -->","yoast_head_json":{"title":"Dostopnost - Legal","robots":{"index":"noindex","follow":"follow","max-snippet":"max-snippet:-1","max-image-preview":"max-image-preview:large","max-video-preview":"max-video-preview:-1"},"og_locale":"en_US","og_type":"article","og_title":"Dostopnost - Legal","og_description":"Verjamemo, da bi moral biti internet na voljo in dostopen vsem, zato smo zavezani k zagotavljanju spletnega mesta, ki je dostopno naj\u0161ir\u0161emu mo\u017enemu ob\u010dinstvu. Prizadevamo si slediti smernicam za dostopnost spletnih vsebin 2.1 (WCAG 2.1) konzorcija World Wide Web Consortium (W3C). Te smernice pojasnjujejo, kako narediti spletno vsebino dostopno ljudem s \u0161irokim krogom uporabnikov z [&hellip;]","og_url":"https:\/\/legal.bestway.eu\/si-sl\/accessibility\/","og_site_name":"Legal","article_modified_time":"2025-06-23T08:54:21+00:00","twitter_card":"summary_large_image","twitter_misc":{"Est. reading time":"4 minutes"},"schema":{"@context":"https:\/\/schema.org","@graph":[{"@type":"WebPage","@id":"https:\/\/legal.bestway.eu\/si-sl\/accessibility\/","url":"https:\/\/legal.bestway.eu\/si-sl\/accessibility\/","name":"Dostopnost - Legal","isPartOf":{"@id":"https:\/\/legal.bestway.eu\/si-sl\/#website"},"datePublished":"2025-06-09T13:47:15+00:00","dateModified":"2025-06-23T08:54:21+00:00","inLanguage":"si-sl","potentialAction":[{"@type":"ReadAction","target":["https:\/\/legal.bestway.eu\/si-sl\/accessibility\/"]}]},{"@type":"WebSite","@id":"https:\/\/legal.bestway.eu\/si-sl\/#website","url":"https:\/\/legal.bestway.eu\/si-sl\/","name":"Legal","description":"Legal","publisher":{"@id":"https:\/\/legal.bestway.eu\/si-sl\/#organization"},"potentialAction":[{"@type":"SearchAction","target":{"@type":"EntryPoint","urlTemplate":"https:\/\/legal.bestway.eu\/si-sl\/?s={search_term_string}"},"query-input":{"@type":"PropertyValueSpecification","valueRequired":true,"valueName":"search_term_string"}}],"inLanguage":"si-sl"},{"@type":"Organization","@id":"https:\/\/legal.bestway.eu\/si-sl\/#organization","name":"Legal","url":"https:\/\/legal.bestway.eu\/si-sl\/","logo":{"@type":"ImageObject","inLanguage":"si-sl","@id":"https:\/\/legal.bestway.eu\/si-sl\/#\/schema\/logo\/image\/","url":"https:\/\/legal.bestway.eu\/wp-content\/uploads\/sites\/2\/2023\/10\/bw-white-logo@2x.png","contentUrl":"https:\/\/legal.bestway.eu\/wp-content\/uploads\/sites\/2\/2023\/10\/bw-white-logo@2x.png","width":348,"height":138,"caption":"Legal"},"image":{"@id":"https:\/\/legal.bestway.eu\/si-sl\/#\/schema\/logo\/image\/"}}]}},"_links":{"self":[{"href":"https:\/\/legal.bestway.eu\/si-sl\/wp-json\/wp\/v2\/pages\/8721","targetHints":{"allow":["GET"]}}],"collection":[{"href":"https:\/\/legal.bestway.eu\/si-sl\/wp-json\/wp\/v2\/pages"}],"about":[{"href":"https:\/\/legal.bestway.eu\/si-sl\/wp-json\/wp\/v2\/types\/page"}],"author":[{"embeddable":true,"href":"https:\/\/legal.bestway.eu\/si-sl\/wp-json\/wp\/v2\/users\/1"}],"replies":[{"embeddable":true,"href":"https:\/\/legal.bestway.eu\/si-sl\/wp-json\/wp\/v2\/comments?post=8721"}],"version-history":[{"count":5,"href":"https:\/\/legal.bestway.eu\/si-sl\/wp-json\/wp\/v2\/pages\/8721\/revisions"}],"predecessor-version":[{"id":8747,"href":"https:\/\/legal.bestway.eu\/si-sl\/wp-json\/wp\/v2\/pages\/8721\/revisions\/8747"}],"wp:attachment":[{"href":"https:\/\/legal.bestway.eu\/si-sl\/wp-json\/wp\/v2\/media?parent=8721"}],"curies":[{"name":"wp","href":"https:\/\/api.w.org\/{rel}","templated":true}]}}