{"id":7360,"date":"2024-09-09T16:55:17","date_gmt":"2024-09-09T14:55:17","guid":{"rendered":"https:\/\/legal.bestway.eu\/?page_id=7360"},"modified":"2024-12-17T17:13:56","modified_gmt":"2024-12-17T16:13:56","slug":"terms-of-use","status":"publish","type":"page","link":"https:\/\/legal.bestway.eu\/si-sl\/terms-of-use\/","title":{"rendered":"Pogoji uporabe"},"content":{"rendered":"\t\t<div data-elementor-type=\"wp-page\" data-elementor-id=\"7360\" class=\"elementor elementor-7360\" data-elementor-post-type=\"page\">\n\t\t\t\t<div class=\"elementor-element elementor-element-7386dff e-flex e-con-boxed e-con e-parent\" data-id=\"7386dff\" data-element_type=\"container\" data-e-type=\"container\">\n\t\t\t\t\t<div class=\"e-con-inner\">\n\t\t\t\t<div class=\"elementor-element elementor-element-75882a5 elementor-widget elementor-widget-heading\" data-id=\"75882a5\" data-element_type=\"widget\" data-e-type=\"widget\" data-widget_type=\"heading.default\">\n\t\t\t\t<div class=\"elementor-widget-container\">\n\t\t\t\t\t<h2 class=\"elementor-heading-title elementor-size-default\">Pogoji uporabe spletnih mest Bestway<\/h2>\t\t\t\t<\/div>\n\t\t\t\t<\/div>\n\t\t\t\t<div class=\"elementor-element elementor-element-2a2d771 elementor-widget elementor-widget-text-editor\" data-id=\"2a2d771\" data-element_type=\"widget\" data-e-type=\"widget\" data-widget_type=\"text-editor.default\">\n\t\t\t\t<div class=\"elementor-widget-container\">\n\t\t\t\t\t\t\t\t\t<p>Ti pogoji urejajo<\/p><ul><li>uporabo Bestway in<\/li><li>kateri koli drug povezan sporazum ali pravno razmerje z lastnikom<\/li><\/ul><p>na pravno zavezujo\u010d na\u010din. Besede z velikimi tiskanimi \u010drkami so opredeljene v ustreznem posebnem razdelku tega dokumenta.<\/p><p>\u00a0<\/p><p>\u00a0<\/p><p>Uporabnik mora natan\u010dno prebrati ta dokument.<\/p><p>\u00a0<\/p><h2>Lastnik Bestway in povezanih storitev<\/h2><p><strong>Bestway Europe S.p.A.<\/strong>, Via Resistenza, 5 20098 San Giuliano Milanese (MI), ID za DDV: IT02561670130 in njene\u00a0<a href=\"https:\/\/subsidiaries.bestwaycorp.eu\/bestwaySubsidiaries.html\" target=\"_blank\" rel=\"noopener\">evropske podrejene dru\u017ebe<\/a><\/p><p>\u00a0<\/p><h2>Informacije na straneh Bestway<\/h2><p><span class=\"jCAhz ChMk0b\"><span class=\"ryNqvb\">Z izjemo spletnega mesta za e-trgovino v dr\u017eavah, kjer je na voljo, uporabniki ne morejo kupiti nobenih izdelkov ali storitev na spletnih mestih Bestway.<\/span><\/span> <span class=\"jCAhz ChMk0b\"><span class=\"ryNqvb\">Uporabniki si lahko ogledajo katalog izdelkov, poi\u0161\u010dejo prodajalce izdelkov Bestway in po\u0161ljejo zahteve Bestwayu za stik, pomo\u010d ali podalj\u0161anje garancije.<\/span><\/span><\/p><p>\u00a0<\/p><h2>Uvod<\/h2><h2>\u00a0<\/h2><h3>Ta dokument<\/h3><p>Ta dokument je pravni sporazum med vami, uporabnikom, in subjektom, ki zagotavlja Bestway. Ureja va\u0161o uporabo spletne lastnine in seveda uporabo nudenih storitev. \u00bbPravni sporazum\u00ab pomeni, da so pogoji tega sporazuma zavezujo\u010di za razmerje med vami in nami, potem ko ste jih sprejeli. \u00bbUporabnik\u00ab, \u00bbvi\u00ab, \u00bbva\u0161\u00ab in podobni izrazi v ednini ali mno\u017eini zaradi poenostavitve ozna\u010dujejo vas, uporabnika. \u00bbMi\u00ab, \u00bbna\u0161\u00ab, \u00bbnas\u00ab in podobni izrazi se nana\u0161ajo na dru\u017ebo, ki ima v lasti in upravlja Bestway, kot to opisuje ta dokument. \u00bbBestway\u00ab se nana\u0161a na trenutno spletno mesto in\/ali aplikacijo. \u00bbSporazum\u00ab se nana\u0161a na ta dokument, ki se ob\u010dasno spreminja. Sporazum je sklenjen v angle\u0161kem jeziku. Druge opredeljene izraze najdete v razdelku z imenom \u00bbOpredelitve\u00ab na dnu sporazuma.<\/p><p>\u00a0<\/p><h3>Sprejem tega sporazuma<\/h3><p>\u010ce bi radi uporabljali Bestway, morate skrbno prebrati ta sporazum in se strinjati, da ga sprejemate, s klikom na gumb za sprejetje. \u010ce ne sprejmete tega sporazuma, storitve ne morete uporabljati.<\/p><p>\u00a0<\/p><h2>Vsebina na Bestway in prepovedana uporaba Bestway<\/h2><h2>\u00a0<\/h2><h3>Vsebina, ki jo zagotovi uporabnik<\/h3><p>Uporabniki so odgovorni za lastno vsebino in vsebino tretjih oseb, ki jo delijo prek Bestway, ki jo nalo\u017eijo in objavijo na ali preko Bestway ali ki jih prenesejo na kakr\u0161en koli drug na\u010din. Uporabniki potrjujejo, da imajo vsa potrebna soglasja tretjih oseb, \u010digar podatke in\/ali vsebino delijo z lastnikom, in s tem lastniku jam\u010dijo za nadomestilo za morebitne od\u0161kodninske zahtevke ali terjatve, ki bi nastale do lastnika v zvezi z nezakonitim raz\u0161irjanjem vsebine tretjih oseb ali nezakonito uporabo storitve.<\/p><p>Lastnik ne ureja vsebine, ki jo posredujejo uporabniki ali tretje osebe, vendar ukrepa, \u010de od uporabnikov prejme prito\u017ebe ali \u010de javni organi izdajo odredbe glede vsebine, ki velja za \u017ealjivo ali nezakonito.<\/p><p>Natan\u010dneje, lastnik se lahko odlo\u010di, da za\u010dasno ali trajno prekine prikazovanje vsebine, \u010de:<\/p><ul><li>drugi uporabniki vlagajo prito\u017ebe;<\/li><li>prejme obvestilo o kr\u0161itvi pravic intelektualne lastnine;<\/li><li>je odlo\u010deno, da se to stori glede na ali kot posledica pravnih postopkov;<\/li><li>navedeno dejanje zahteva javni organ; ali<\/li><li>\u010de domnevamo, da lahko vsebina s svojo dostopnostjo na Bestway ogrozi uporabnike, tretje osebe, razpolo\u017eljivost storitve in\/ali lastnika.<\/li><\/ul><p>\u00a0<\/p><h3>Pravice nad vsebino, ki jo zagotavljajo uporabniki<\/h3><p>Edine pravice, ki jih ima lastnik v zvezi z vsebino, ki jo posredujejo uporabniki, so tiste, ki jih potrebuje za delovanje in vzdr\u017eevanje Bestway.<\/p><p>\u010ce ni navedeno druga\u010de, velja naslednje:<\/p><p>S podajo, objavo ali prikazovanjem vsebine na ali prek Bestway uporabnik lastniku podeli dovoljenje brez ozemeljskih omejitev, neizklju\u010dno, brezpla\u010dno in s pravico do nadaljnjega podeljevanja dovoljenj, kopiranja, razmno\u017eevanja, obdelave, prilagajanja, spreminjanja, objavljanja, prenosa, prikazovanja in raz\u0161irjanja tak\u0161ne vsebine v vseh medijih ali prek distribucijskih metod, ki so trenutno na voljo ali pa bodo \u0161ele razvite.<\/p><p>\u00a0<\/p><h3>Vsebina, ki jo zagotavljajo tretje osebe<\/h3><p>Lastnik ne ureja vsebine ali povezav, ki jih zagotavljajo tretje osebe pred njihovo objavo na Bestway. Lastnik ni odgovoren za vsebino, ki jo zagotavljajo tretje osebe, ali za njeno razpolo\u017eljivost.<\/p><p>\u00a0<\/p><h3>Storitve tretjih oseb<\/h3><p>Uporabniki lahko uporabljajo storitve ali vsebine tretjih oseb, vklju\u010dene v Bestway, vendar morajo poznati pogoje uporabe storitev ali vsebin teh tretjih oseb in morajo z njimi sogla\u0161ati. Lastnik v nobenem primeru ne odgovarja za ustrezno delovanje ali razpolo\u017eljivost storitev tretjih oseb ali obojega.<\/p><p>\u00a0<\/p><h3>Prepovedana uporaba<\/h3><p>Storitev smete uporabljati samo v skladu s temi pogoji.<\/p><p>Uporabniki ne smejo:<\/p><ul><li>izvajati povratnega in\u017eenirstva, povratno prevajati, razstavljati, spreminjati ali ustvarjati izpeljanih del na podlagi Bestway ali katerega koli dela Bestway;<\/li><li>zaobiti nobene tehnologije, ki jo Bestway ali njeni podeljevalci dovoljenj uporabljajo za za\u0161\u010dito vsebine, ki je dostopna prek nje;<\/li><li>kopirati, shranjevati, urejati, spreminjati, pripravljati izpeljanih del ali na kakr\u0161en koli na\u010din spreminjati katero koli vsebino, ki jo nudi Bestway;<\/li><li>uporabljati robotov, pajkov, aplikacij za iskanje\/priklic strani ali drugih avtomatiziranih naprav, postopkov ali sredstev za dostop, priklic, strganje ali indeksiranje kateregakoli dela Bestway ali vsebine Bestway;<\/li><li>najemati, dajati v najem ali nadalje podeljevati dovoljenja Bestway;<\/li><li>blatiti, zlorabljati, nadlegovati, uporabljati ustrahovalnih praks, groziti ali na kakr\u0161en koli drug na\u010din kr\u0161iti zakonskih pravic drugih (kot sta pravica do zasebnosti in pravica na lastni podobi);<\/li><li>raz\u0161irjati ali objavljati vsebino, ki je nezakonita, vulgarna, nezakonita, \u017ealjiva ali neprimerna;<\/li><li>nezakonito prisvojiti ra\u010dun, ki ga uporablja drug uporabnik;<\/li><li>registrirati ali uporabljati storitev, da bi se na kakr\u0161en koli na\u010din pribli\u017eali uporabnikom za namene promocije, prodaje ali ogla\u0161evanja izdelkov ali storitev prek Bestway;<\/li><li>uporabljati Bestway na kakr\u0161en koli drug neprimeren na\u010din, ki kr\u0161i te pogoje uporabe.<\/li><\/ul><h2>Nadomestilo \u0161kode in omejitev odgovornosti<\/h2><h3>Nadomestilo \u0161kode<\/h3><p>Uporabnik se strinja, da bo lastnika in njegove podrejene dru\u017ebe, povezane dru\u017ebe, vodje, direktorje, zastopnike, soustvarjalce blagovnih znamk, partnerje in zaposlene, odvisno od primera, razbremenil vseh zahtevkov ali terjatev, med drugim razumnih odvetni\u0161kih honorarjev in stro\u0161kov, ki bi jih vlo\u017eila tretja oseba zaradi vsebine uporabnika, uporabe storitve ali povezave z njo, kr\u0161itve teh pogojev ali kr\u0161itve pravic tretjih oseb.<\/p><p>\u00a0<\/p><h3>Omejitve odgovornosti<\/h3><p>Bestway in vse funkcije, dostopne prek Bestway, so uporabnikom na voljo v skladu s pogoji uporabe tega sporazuma, brez kakr\u0161nega koli jamstva, izrecnega ali implicitnega, ki ga zakon ne zahteva. Natan\u010dneje, ni zagotovila o primernosti nudenih storitev za dolo\u010dene cilje uporabnika.<\/p><p>Bestway in funkcije, dostopne prek Bestway, uporabniki uporabljajo na lastno odgovornost.<\/p><p>Natan\u010dneje, lastnik je znotraj veljavne zakonodaje odgovoren za pogodbeno in nepogodbeno \u0161kodo uporabnikom ali tretjim osebam samo zaradi naklepa ali hude malomarnosti, \u010de je \u0161koda takoj\u0161nja in neposredna posledica dejanj Bestway. Zato lastnik ne odgovarja za:<\/p><ul><li>nobene izgube, ki niso neposredna posledica kr\u0161itve sporazuma s strani lastnika;<\/li><li>nobene izgube poslovnih prilo\u017enosti in druge izgube, tudi posredne, ki jo lahko povzro\u010di uporabnik (kot so, med drugim, izguba pri trgovanju, izguba zaslu\u017eka, dohodka, dobi\u010dka ali pri\u010dakovanih prihrankov, izguba pogodb ali poslovnih odnosov, izguba ugleda ali dobrega imena itd.);<\/li><li>\u0161kodo ali izgube, ki izhajajo iz prekinitev ali okvar Bestway zaradi dejanj vi\u0161je sile ali vsaj nepredvidenih in nepredvidljivih dogodkov, ki so v vsakem primeru neodvisni od lastnikove volje in niso pod njegovim nadzorom, kot so, na primer, med drugim okvare ali motnje telefonskih ali elektri\u010dnih omre\u017eij, interneta in\/ali drugih sredstev prenosa, nedostopnost spletnih strani, stavke, naravne nesre\u010de, virusi in kibernetski napadi, prekinitve pri dobavi izdelkov, storitev tretjih oseb ali aplikacij; in<\/li><li>nepravilno ali neprimerno uporabo Bestway s strani uporabnikov ali tretjih oseb.<\/li><\/ul><p>\u00a0<\/p><h2>Razno<\/h2><h2>\u00a0<\/h2><h3>Prekinitev storitve<\/h3><p>Da bi uporabnikom zagotovil najbolj\u0161o mo\u017eno uporabo storitve, si lastnik pridr\u017euje pravico, da prekine storitev zaradi vzdr\u017eevanja ali sistemskih posodobitev, o \u010demer uporabnike obvesti s stalnimi posodobitvami, ki jih objavlja na Bestway.<\/p><p>\u00a0<\/p><h3>Nadaljnja prodaja storitve<\/h3><p>Uporabniki ne smejo razmno\u017eevati, duplicirati, kopirati, prodajati, nadaljnjo prodajati ali izkori\u0161\u010dati nobenega dela Bestway in storitve, ki jo zagotavlja, brez izrecnega predhodnega pisnega dovoljenja lastnika, izdanega neposredno ali prek ustreznega programa za nadaljnjo prodajo.<\/p><p>\u00a0<\/p><h3>Pravilnik o zasebnosti<\/h3><p>Za informacije o uporabi svojih osebnih podatkov morajo uporabniki prebrati pravilnik o zasebnosti Bestway, ki velja za del teh pogojev uporabe.<\/p><p>\u00a0<\/p><h3>Pravice intelektualne lastnine<\/h3><p>Vse blagovne znamke, nominalne ali figurativne, in vse druge oznake, trgovska imena, storitvene oznake, besedne oznake, ilustracije, slike ali logotipi, ki se pojavljajo v zvezi z Bestway, so in ostajajo v izklju\u010dni lasti lastnika ali svojih podeljevalcev dovoljenj in so za\u0161\u010diteni z veljavnimi zakoni o blagovnih znamkah in s povezanimi mednarodnimi pogodbami.<\/p><p>Vse blagovne znamke in vse druge oznake, trgovska imena, storitvene oznake, besedne oznake, ilustracije, slike ali logotipi tretjih oseb in vsebina, ki jo te tretje osebe objavijo na Bestway, so in ostanejo izklju\u010dna last teh tretjih oseb ali svojih podeljevalcev dovoljenj in so za\u0161\u010diteni z veljavnimi zakoni o blagovnih znamkah in s povezanimi mednarodnimi pogodbami. Lastnik ni lastnik zgoraj navedenih pravic intelektualne lastnine in jih lahko uporablja le omejeno in v skladu s sporazumi, sklenjenimi s temi tretjimi osebami, ter za namene, ki jih dolo\u010da ta dokument.<\/p><p>\u00a0<\/p><h3>Licenca za programsko opremo<\/h3><p>Bestway uporabnikom podeljuje preklicno, osebno, svetovno, brezpla\u010dno, neprenosljivo in neizklju\u010dno licenco za uporabo programske opreme in\/ali drugih tehni\u010dnih sredstev, vgrajenih v storitev, ki jo zagotavlja Bestway. Ta licenca je namenjena izklju\u010dno temu, da uporabnikom omogo\u010di uporabo storitve in to omejeno in v skladu s tem sporazumom in\/ali drugimi veljavnimi pravili.<\/p><p>Uporabnik mora uporabljati storitev v skladu s pravicami intelektualne in industrijske lastnine lastnika.<\/p><p>Programska oprema, povezana s storitvijo, je, tako kot vse druge avtorske pravice ali druge pravice intelektualne lastnine, izklju\u010dna last Lastnika in\/ali njenih podeljevalcev dovoljenj. Uporabnik ne pridobi nobene pravice ali lastninske pravice v zvezi s programsko opremo in sogla\u0161a, da je njena uporaba neizklju\u010dna in neprenosljiva, samo za \u010das uporabe storitve, prek oddaljene povezljivosti, prek interneta, za zagotavljanje storitev po tem sporazumu.<\/p><p>Pravica do uporabe programske opreme ne podeljuje nobenih pravic do prvotne izvorne kode. Vse\u00a0tehnike, algoritmi in postopki, ki jih vsebuje programska oprema, ter njihova dokumentacija, so informacije, za\u0161\u010ditene z avtorskimi pravicami in so v izklju\u010dni lasti lastnika ali svojih podeljevalcev dovoljenj, zato jih uporabnik ne sme na noben na\u010din uporabljati za namene, ki jih ne dolo\u010da ta sporazum.<\/p><p>Vse pravice in licence, dodeljene uporabniku, takoj prenehajo veljati po prekinitvi ali izteku tega sporazuma.<\/p><p>\u00a0<\/p><h3>Spremembe teh pogojev uporabe<\/h3><p>Lastnik si pridr\u017euje pravico, da kadar koli spremeni te pogoje uporabe, o \u010demer obvesti uporabnike z objavo obvestila v Bestway.<\/p><p>Uporabniki, ki po objavi sprememb \u0161e naprej uporabljajo Bestway, sprejemajo nove pogoje v celoti.<\/p><p>\u00a0<\/p><h3>Prenos pogodbe<\/h3><p>Lastnik si pridr\u017euje pravico, da prenese, dodeli, prenese z novacijo ali sklene podizvajalsko pogodbo za vse ali katere koli izmed pravic ali obveznosti po teh pogojih, \u010de to ne vpliva na pravice uporabnika po teh pogojih uporabe.<\/p><p>Uporabniki ne smejo na noben na\u010din dodeliti ali prenesti svojih pravic ali obveznosti iz teh pogojev uporabe brez pisnega dovoljenja lastnika.<\/p><p>\u00a0<\/p><h3>Stiki<\/h3><p>Vso komunikacijo v zvezi z Bestway je treba po\u0161iljati stikom, navedenim v tem dokumentu.<\/p><p>\u00a0<\/p><h3>Lo\u010ditev<\/h3><p>\u010ce je katera od dolo\u010db teh pogojev uporabe neveljavna ali neizvr\u0161ljiva, se ta dolo\u010dba odstrani, na preostale dolo\u010dbe pa to ne vpliva in veljajo \u0161e naprej.<\/p><p>\u00a0<\/p><h3>Veljavna zakonodaja in pristojnost<\/h3><p>Za te pogoje uporabe in vse spore v zvezi z izvajanjem, razlago in veljavnostjo tega sporazuma veljajo zakonodaja, pristojnost dr\u017eave in izklju\u010dna pristojnost sodi\u0161\u010d, kjer ima lastnik svoj registrirani sede\u017e.<\/p><p>Izjema od tega pravila velja v primerih, ko zakon dolo\u010da edini kraj pristojnosti za potro\u0161nike.<\/p><p>\u00a0<\/p><h2>Opredelitve in pravni viri<\/h2><h4>Bestway (ali ta aplikacija)<\/h4><h4>\u00a0<\/h4><p>Lastnina, ki omogo\u010da izvajanje storitve.<\/p><p>\u00a0<\/p><h4>Sporazum<\/h4><p>Vsako pravno zavezujo\u010de ali pogodbeno razmerje med lastnikom in uporabnikom, ki ga urejajo ti pogoji uporabe.<\/p><p>\u00a0<\/p><h4>Lastnik (ali mi)<\/h4><p>Ozna\u010duje fizi\u010dno\/-e osebo\/-e ali pravno\/-e osebo\/-e, ki zagotavlja\/-jo Bestway in\/ali storitev uporabnikom.<\/p><p>\u00a0<\/p><h4>Storitev<\/h4><p>Storitev, ki jo zagotavlja Bestway, kot jo opisujejo ti pogoji uporabe in Bestway.<\/p><p>\u00a0<\/p><h4>Pogoji<\/h4><p>Vse dolo\u010dbe, ki veljajo za uporabo Bestway in\/ali storitve, kot jo opisuje ta dokument, vklju\u010dno z vsemi drugimi povezanimi dokumenti ali sporazumi, in kot so ob\u010dasno posodobljene.<\/p><p>\u00a0<\/p><h4>Uporabnik (ali vi)<\/h4><p>Ozna\u010duje katero koli fizi\u010dno ali pravno osebo, ki uporablja Bestway.<\/p>\t\t\t\t\t\t\t\t<\/div>\n\t\t\t\t<\/div>\n\t\t\t\t\t<\/div>\n\t\t\t\t<\/div>\n\t\t\t\t<\/div>\n\t\t","protected":false},"excerpt":{"rendered":"<p>Pogoji uporabe spletnih mest Bestway Ti pogoji urejajo uporabo Bestway in kateri koli drug povezan sporazum ali pravno razmerje z lastnikom na pravno zavezujo\u010d na\u010din. Besede z velikimi tiskanimi \u010drkami so opredeljene v ustreznem posebnem razdelku tega dokumenta. \u00a0 \u00a0 Uporabnik mora natan\u010dno prebrati ta dokument. \u00a0 Lastnik Bestway in povezanih storitev Bestway Europe S.p.A., [&hellip;]<\/p>\n","protected":false},"author":9,"featured_media":0,"parent":0,"menu_order":0,"comment_status":"closed","ping_status":"closed","template":"","meta":{"_acf_changed":false,"site-sidebar-layout":"no-sidebar","site-content-layout":"page-builder","ast-site-content-layout":"full-width-container","site-content-style":"default","site-sidebar-style":"default","ast-global-header-display":"","ast-banner-title-visibility":"","ast-main-header-display":"","ast-hfb-above-header-display":"","ast-hfb-below-header-display":"","ast-hfb-mobile-header-display":"","site-post-title":"disabled","ast-breadcrumbs-content":"","ast-featured-img":"disabled","footer-sml-layout":"","ast-disable-related-posts":"","theme-transparent-header-meta":"","adv-header-id-meta":"","stick-header-meta":"","header-above-stick-meta":"","header-main-stick-meta":"","header-below-stick-meta":"","astra-migrate-meta-layouts":"set","ast-page-background-enabled":"default","ast-page-background-meta":{"desktop":{"background-color":"var(--ast-global-color-4)","background-image":"","background-repeat":"repeat","background-position":"center center","background-size":"auto","background-attachment":"scroll","background-type":"","background-media":"","overlay-type":"","overlay-color":"","overlay-opacity":"","overlay-gradient":""},"tablet":{"background-color":"","background-image":"","background-repeat":"repeat","background-position":"center center","background-size":"auto","background-attachment":"scroll","background-type":"","background-media":"","overlay-type":"","overlay-color":"","overlay-opacity":"","overlay-gradient":""},"mobile":{"background-color":"","background-image":"","background-repeat":"repeat","background-position":"center center","background-size":"auto","background-attachment":"scroll","background-type":"","background-media":"","overlay-type":"","overlay-color":"","overlay-opacity":"","overlay-gradient":""}},"ast-content-background-meta":{"desktop":{"background-color":"var(--ast-global-color-5)","background-image":"","background-repeat":"repeat","background-position":"center center","background-size":"auto","background-attachment":"scroll","background-type":"","background-media":"","overlay-type":"","overlay-color":"","overlay-opacity":"","overlay-gradient":""},"tablet":{"background-color":"var(--ast-global-color-5)","background-image":"","background-repeat":"repeat","background-position":"center center","background-size":"auto","background-attachment":"scroll","background-type":"","background-media":"","overlay-type":"","overlay-color":"","overlay-opacity":"","overlay-gradient":""},"mobile":{"background-color":"var(--ast-global-color-5)","background-image":"","background-repeat":"repeat","background-position":"center center","background-size":"auto","background-attachment":"scroll","background-type":"","background-media":"","overlay-type":"","overlay-color":"","overlay-opacity":"","overlay-gradient":""}},"footnotes":""},"class_list":["post-7360","page","type-page","status-publish","hentry"],"acf":[],"yoast_head":"<!-- This site is optimized with the Yoast SEO plugin v27.4 - https:\/\/yoast.com\/product\/yoast-seo-wordpress\/ -->\n<title>Pogoji uporabe - Legal<\/title>\n<meta name=\"robots\" content=\"noindex, follow, max-snippet:-1, max-image-preview:large, max-video-preview:-1\" \/>\n<meta property=\"og:locale\" content=\"en_US\" \/>\n<meta property=\"og:type\" content=\"article\" \/>\n<meta property=\"og:title\" content=\"Pogoji uporabe - Legal\" \/>\n<meta property=\"og:description\" content=\"Pogoji uporabe spletnih mest Bestway Ti pogoji urejajo uporabo Bestway in kateri koli drug povezan sporazum ali pravno razmerje z lastnikom na pravno zavezujo\u010d na\u010din. Besede z velikimi tiskanimi \u010drkami so opredeljene v ustreznem posebnem razdelku tega dokumenta. \u00a0 \u00a0 Uporabnik mora natan\u010dno prebrati ta dokument. \u00a0 Lastnik Bestway in povezanih storitev Bestway Europe S.p.A., [&hellip;]\" \/>\n<meta property=\"og:url\" content=\"https:\/\/legal.bestway.eu\/si-sl\/terms-of-use\/\" \/>\n<meta property=\"og:site_name\" content=\"Legal\" \/>\n<meta property=\"article:modified_time\" content=\"2024-12-17T16:13:56+00:00\" \/>\n<meta name=\"twitter:card\" content=\"summary_large_image\" \/>\n<meta name=\"twitter:label1\" content=\"Est. reading time\" \/>\n\t<meta name=\"twitter:data1\" content=\"11 minutes\" \/>\n<script type=\"application\/ld+json\" class=\"yoast-schema-graph\">{\"@context\":\"https:\\\/\\\/schema.org\",\"@graph\":[{\"@type\":\"WebPage\",\"@id\":\"https:\\\/\\\/legal.bestway.eu\\\/si-sl\\\/terms-of-use\\\/\",\"url\":\"https:\\\/\\\/legal.bestway.eu\\\/si-sl\\\/terms-of-use\\\/\",\"name\":\"Pogoji uporabe - Legal\",\"isPartOf\":{\"@id\":\"https:\\\/\\\/legal.bestway.eu\\\/si-sl\\\/#website\"},\"datePublished\":\"2024-09-09T14:55:17+00:00\",\"dateModified\":\"2024-12-17T16:13:56+00:00\",\"inLanguage\":\"si-sl\",\"potentialAction\":[{\"@type\":\"ReadAction\",\"target\":[\"https:\\\/\\\/legal.bestway.eu\\\/si-sl\\\/terms-of-use\\\/\"]}]},{\"@type\":\"WebSite\",\"@id\":\"https:\\\/\\\/legal.bestway.eu\\\/si-sl\\\/#website\",\"url\":\"https:\\\/\\\/legal.bestway.eu\\\/si-sl\\\/\",\"name\":\"Legal\",\"description\":\"Legal\",\"publisher\":{\"@id\":\"https:\\\/\\\/legal.bestway.eu\\\/si-sl\\\/#organization\"},\"potentialAction\":[{\"@type\":\"SearchAction\",\"target\":{\"@type\":\"EntryPoint\",\"urlTemplate\":\"https:\\\/\\\/legal.bestway.eu\\\/si-sl\\\/?s={search_term_string}\"},\"query-input\":{\"@type\":\"PropertyValueSpecification\",\"valueRequired\":true,\"valueName\":\"search_term_string\"}}],\"inLanguage\":\"si-sl\"},{\"@type\":\"Organization\",\"@id\":\"https:\\\/\\\/legal.bestway.eu\\\/si-sl\\\/#organization\",\"name\":\"Legal\",\"url\":\"https:\\\/\\\/legal.bestway.eu\\\/si-sl\\\/\",\"logo\":{\"@type\":\"ImageObject\",\"inLanguage\":\"si-sl\",\"@id\":\"https:\\\/\\\/legal.bestway.eu\\\/si-sl\\\/#\\\/schema\\\/logo\\\/image\\\/\",\"url\":\"https:\\\/\\\/legal.bestway.eu\\\/wp-content\\\/uploads\\\/sites\\\/2\\\/2023\\\/10\\\/bw-white-logo@2x.png\",\"contentUrl\":\"https:\\\/\\\/legal.bestway.eu\\\/wp-content\\\/uploads\\\/sites\\\/2\\\/2023\\\/10\\\/bw-white-logo@2x.png\",\"width\":348,\"height\":138,\"caption\":\"Legal\"},\"image\":{\"@id\":\"https:\\\/\\\/legal.bestway.eu\\\/si-sl\\\/#\\\/schema\\\/logo\\\/image\\\/\"}}]}<\/script>\n<!-- \/ Yoast SEO plugin. -->","yoast_head_json":{"title":"Pogoji uporabe - Legal","robots":{"index":"noindex","follow":"follow","max-snippet":"max-snippet:-1","max-image-preview":"max-image-preview:large","max-video-preview":"max-video-preview:-1"},"og_locale":"en_US","og_type":"article","og_title":"Pogoji uporabe - Legal","og_description":"Pogoji uporabe spletnih mest Bestway Ti pogoji urejajo uporabo Bestway in kateri koli drug povezan sporazum ali pravno razmerje z lastnikom na pravno zavezujo\u010d na\u010din. Besede z velikimi tiskanimi \u010drkami so opredeljene v ustreznem posebnem razdelku tega dokumenta. \u00a0 \u00a0 Uporabnik mora natan\u010dno prebrati ta dokument. \u00a0 Lastnik Bestway in povezanih storitev Bestway Europe S.p.A., [&hellip;]","og_url":"https:\/\/legal.bestway.eu\/si-sl\/terms-of-use\/","og_site_name":"Legal","article_modified_time":"2024-12-17T16:13:56+00:00","twitter_card":"summary_large_image","twitter_misc":{"Est. reading time":"11 minutes"},"schema":{"@context":"https:\/\/schema.org","@graph":[{"@type":"WebPage","@id":"https:\/\/legal.bestway.eu\/si-sl\/terms-of-use\/","url":"https:\/\/legal.bestway.eu\/si-sl\/terms-of-use\/","name":"Pogoji uporabe - Legal","isPartOf":{"@id":"https:\/\/legal.bestway.eu\/si-sl\/#website"},"datePublished":"2024-09-09T14:55:17+00:00","dateModified":"2024-12-17T16:13:56+00:00","inLanguage":"si-sl","potentialAction":[{"@type":"ReadAction","target":["https:\/\/legal.bestway.eu\/si-sl\/terms-of-use\/"]}]},{"@type":"WebSite","@id":"https:\/\/legal.bestway.eu\/si-sl\/#website","url":"https:\/\/legal.bestway.eu\/si-sl\/","name":"Legal","description":"Legal","publisher":{"@id":"https:\/\/legal.bestway.eu\/si-sl\/#organization"},"potentialAction":[{"@type":"SearchAction","target":{"@type":"EntryPoint","urlTemplate":"https:\/\/legal.bestway.eu\/si-sl\/?s={search_term_string}"},"query-input":{"@type":"PropertyValueSpecification","valueRequired":true,"valueName":"search_term_string"}}],"inLanguage":"si-sl"},{"@type":"Organization","@id":"https:\/\/legal.bestway.eu\/si-sl\/#organization","name":"Legal","url":"https:\/\/legal.bestway.eu\/si-sl\/","logo":{"@type":"ImageObject","inLanguage":"si-sl","@id":"https:\/\/legal.bestway.eu\/si-sl\/#\/schema\/logo\/image\/","url":"https:\/\/legal.bestway.eu\/wp-content\/uploads\/sites\/2\/2023\/10\/bw-white-logo@2x.png","contentUrl":"https:\/\/legal.bestway.eu\/wp-content\/uploads\/sites\/2\/2023\/10\/bw-white-logo@2x.png","width":348,"height":138,"caption":"Legal"},"image":{"@id":"https:\/\/legal.bestway.eu\/si-sl\/#\/schema\/logo\/image\/"}}]}},"_links":{"self":[{"href":"https:\/\/legal.bestway.eu\/si-sl\/wp-json\/wp\/v2\/pages\/7360","targetHints":{"allow":["GET"]}}],"collection":[{"href":"https:\/\/legal.bestway.eu\/si-sl\/wp-json\/wp\/v2\/pages"}],"about":[{"href":"https:\/\/legal.bestway.eu\/si-sl\/wp-json\/wp\/v2\/types\/page"}],"author":[{"embeddable":true,"href":"https:\/\/legal.bestway.eu\/si-sl\/wp-json\/wp\/v2\/users\/9"}],"replies":[{"embeddable":true,"href":"https:\/\/legal.bestway.eu\/si-sl\/wp-json\/wp\/v2\/comments?post=7360"}],"version-history":[{"count":4,"href":"https:\/\/legal.bestway.eu\/si-sl\/wp-json\/wp\/v2\/pages\/7360\/revisions"}],"predecessor-version":[{"id":7365,"href":"https:\/\/legal.bestway.eu\/si-sl\/wp-json\/wp\/v2\/pages\/7360\/revisions\/7365"}],"wp:attachment":[{"href":"https:\/\/legal.bestway.eu\/si-sl\/wp-json\/wp\/v2\/media?parent=7360"}],"curies":[{"name":"wp","href":"https:\/\/api.w.org\/{rel}","templated":true}]}}