{"id":7352,"date":"2023-10-24T11:15:40","date_gmt":"2023-10-24T09:15:40","guid":{"rendered":"https:\/\/legal.bestway.eu\/?page_id=7352"},"modified":"2026-02-10T10:56:20","modified_gmt":"2026-02-10T09:56:20","slug":"warranty-extension","status":"publish","type":"page","link":"https:\/\/legal.bestway.eu\/si-sl\/warranty-extension\/","title":{"rendered":"Garancija Bestway"},"content":{"rendered":"\t\t<div data-elementor-type=\"wp-page\" data-elementor-id=\"7352\" class=\"elementor elementor-7352\" data-elementor-post-type=\"page\">\n\t\t\t\t<div class=\"elementor-element elementor-element-201a7b e-flex e-con-boxed e-con e-parent\" data-id=\"201a7b\" data-element_type=\"container\" data-e-type=\"container\">\n\t\t\t\t\t<div class=\"e-con-inner\">\n\t\t\t\t<div class=\"elementor-element elementor-element-3862fa4 elementor-widget elementor-widget-text-editor\" data-id=\"3862fa4\" data-element_type=\"widget\" data-e-type=\"widget\" data-widget_type=\"text-editor.default\">\n\t\t\t\t<div class=\"elementor-widget-container\">\n\t\t\t\t\t\t\t\t\t<p><span class=\"jCAhz ChMk0b\"><span class=\"ryNqvb\">Spodaj so navedeni garancijski pogoji, ki jih uporablja BESTWAY EUROPE S.p.A., s registriranim sede\u017eem na Via della Resistenza n.<\/span><\/span> <span class=\"jCAhz ChMk0b\"><span class=\"ryNqvb\">5, San Giuliano Milanese (20098) &#8211; Milano, Italija (v nadaljevanju &#8220;BESTWAY&#8221;), za izdelke, ki se prodajajo znotraj Evropskega gospodarskega prostora pod blagovno znamko BESTWAY.<\/span><\/span><\/p>\t\t\t\t\t\t\t\t<\/div>\n\t\t\t\t<\/div>\n\t\t\t\t\t<\/div>\n\t\t\t\t<\/div>\n\t\t<div class=\"elementor-element elementor-element-2d7f1d1b e-flex e-con-boxed e-con e-parent\" data-id=\"2d7f1d1b\" data-element_type=\"container\" data-e-type=\"container\">\n\t\t\t\t\t<div class=\"e-con-inner\">\n\t\t\t\t<div class=\"elementor-element elementor-element-7112739 elementor-widget elementor-widget-heading\" data-id=\"7112739\" data-element_type=\"widget\" data-e-type=\"widget\" data-widget_type=\"heading.default\">\n\t\t\t\t<div class=\"elementor-widget-container\">\n\t\t\t\t\t<h2 class=\"elementor-heading-title elementor-size-default\">Zakonsko jamstvo<\/h2>\t\t\t\t<\/div>\n\t\t\t\t<\/div>\n\t\t\t\t<div class=\"elementor-element elementor-element-0f3351f elementor-widget elementor-widget-text-editor\" data-id=\"0f3351f\" data-element_type=\"widget\" data-e-type=\"widget\" data-widget_type=\"text-editor.default\">\n\t\t\t\t<div class=\"elementor-widget-container\">\n\t\t\t\t\t\t\t\t\t<p>1.1 Zakonsko jamstvo zagotavljata evropski direktivi 1999\/44\/EC in 2019\/771\/EC, katerih namen je za\u0161\u010dititi potro\u0161nika, kot je opredeljeno spodaj, v primeru, da ima kupljeno blago (\u201cIzdelki\u201d) napake skladnosti.<\/p><ul class=\"points-list-blue\">\n<\/ul>\n<p>1.2 V skladu z zgoraj navedenimi evropskimi direktivami je Potro\u0161nik vsaka fizi\u010dna oseba, ki kupi Izdelek za namene, ki niso povezani z njegovo dejavnostjo, trgovino, obrtjo ali poklicem (&#8220;Potro\u0161nik&#8221;).<\/p>\n<p>1.3 Zakonita garancija traja 24 mesecev od dobave blaga potro\u0161niku. Upo\u0161tevajte, da pogoji, dolo\u010deni v omenjenih Uredbah, ne veljajo zunaj dr\u017eav Evropskega gospodarskega prostora, kjer se upo\u0161teva ustrezna lokalna zakonodaja.<\/p>\n<p>1.4 \u010ce Potro\u0161nik meni, da je kupil Izdelek z napako skladnosti, se mora obrniti na svojega prodajalca, da izkoristi povezano garancijo.<\/p>\n<p>1.5 BESTWAY zagotovi garancijo za morebitno napako skladnosti Izdelkov vsakemu Potro\u0161niku, ki je kupil Izdelke neposredno pri samem BESTWAY-u.<\/p>\t\t\t\t\t\t\t\t<\/div>\n\t\t\t\t<\/div>\n\t\t\t\t<div class=\"elementor-element elementor-element-1fe5510 elementor-widget elementor-widget-heading\" data-id=\"1fe5510\" data-element_type=\"widget\" data-e-type=\"widget\" data-widget_type=\"heading.default\">\n\t\t\t\t<div class=\"elementor-widget-container\">\n\t\t\t\t\t<h2 class=\"elementor-heading-title elementor-size-default\">Garancija proizvajalca<\/h2>\t\t\t\t<\/div>\n\t\t\t\t<\/div>\n\t\t\t\t<div class=\"elementor-element elementor-element-b5b3ff4 elementor-widget elementor-widget-text-editor\" data-id=\"b5b3ff4\" data-element_type=\"widget\" data-e-type=\"widget\" data-widget_type=\"text-editor.default\">\n\t\t\t\t<div class=\"elementor-widget-container\">\n\t\t\t\t\t\t\t\t\t<p>Brez poseganja v garancije in posebne pravice, ki jih zagotavlja zakonodaja, in brez poseganja v mo\u017enost potro\u0161nika, da aktivira prej omenjeno zakonsko garancijo, BESTWAY ponuja dodatno garancijo (&#8220;Garancija proizvajalca BESTWAY&#8221;) za kakr\u0161ne koli napake v skladnosti, ki veljajo za omejen obseg izdelkov. Izdelki.<\/p><p><a href=\"https:\/\/support.bestway.eu\/si-sl\/warranty\" target=\"_blank\" rel=\"noopener\">Kliknite tukaj<\/a>, \u010de \u017eelite izvedeti pogoje in dolo\u010dila, nabor izdelkov, ki jih pokriva, in metode aktivacije.<\/p>\t\t\t\t\t\t\t\t<\/div>\n\t\t\t\t<\/div>\n\t\t\t\t\t<\/div>\n\t\t\t\t<\/div>\n\t\t\t\t<\/div>\n\t\t","protected":false},"excerpt":{"rendered":"<p>Spodaj so navedeni garancijski pogoji, ki jih uporablja BESTWAY EUROPE S.p.A., s registriranim sede\u017eem na Via della Resistenza n. 5, San Giuliano Milanese (20098) &#8211; Milano, Italija (v nadaljevanju &#8220;BESTWAY&#8221;), za izdelke, ki se prodajajo znotraj Evropskega gospodarskega prostora pod blagovno znamko BESTWAY. Zakonsko jamstvo 1.1 Zakonsko jamstvo zagotavljata evropski direktivi 1999\/44\/EC in 2019\/771\/EC, katerih [&hellip;]<\/p>\n","protected":false},"author":9,"featured_media":0,"parent":0,"menu_order":0,"comment_status":"closed","ping_status":"closed","template":"","meta":{"_acf_changed":false,"site-sidebar-layout":"no-sidebar","site-content-layout":"page-builder","ast-site-content-layout":"full-width-container","site-content-style":"default","site-sidebar-style":"default","ast-global-header-display":"","ast-banner-title-visibility":"","ast-main-header-display":"","ast-hfb-above-header-display":"","ast-hfb-below-header-display":"","ast-hfb-mobile-header-display":"","site-post-title":"disabled","ast-breadcrumbs-content":"","ast-featured-img":"disabled","footer-sml-layout":"","ast-disable-related-posts":"","theme-transparent-header-meta":"","adv-header-id-meta":"","stick-header-meta":"","header-above-stick-meta":"","header-main-stick-meta":"","header-below-stick-meta":"","astra-migrate-meta-layouts":"set","ast-page-background-enabled":"default","ast-page-background-meta":{"desktop":{"background-color":"var(--ast-global-color-4)","background-image":"","background-repeat":"repeat","background-position":"center center","background-size":"auto","background-attachment":"scroll","background-type":"","background-media":"","overlay-type":"","overlay-color":"","overlay-opacity":"","overlay-gradient":""},"tablet":{"background-color":"","background-image":"","background-repeat":"repeat","background-position":"center center","background-size":"auto","background-attachment":"scroll","background-type":"","background-media":"","overlay-type":"","overlay-color":"","overlay-opacity":"","overlay-gradient":""},"mobile":{"background-color":"","background-image":"","background-repeat":"repeat","background-position":"center center","background-size":"auto","background-attachment":"scroll","background-type":"","background-media":"","overlay-type":"","overlay-color":"","overlay-opacity":"","overlay-gradient":""}},"ast-content-background-meta":{"desktop":{"background-color":"var(--ast-global-color-5)","background-image":"","background-repeat":"repeat","background-position":"center center","background-size":"auto","background-attachment":"scroll","background-type":"","background-media":"","overlay-type":"","overlay-color":"","overlay-opacity":"","overlay-gradient":""},"tablet":{"background-color":"var(--ast-global-color-5)","background-image":"","background-repeat":"repeat","background-position":"center center","background-size":"auto","background-attachment":"scroll","background-type":"","background-media":"","overlay-type":"","overlay-color":"","overlay-opacity":"","overlay-gradient":""},"mobile":{"background-color":"var(--ast-global-color-5)","background-image":"","background-repeat":"repeat","background-position":"center center","background-size":"auto","background-attachment":"scroll","background-type":"","background-media":"","overlay-type":"","overlay-color":"","overlay-opacity":"","overlay-gradient":""}},"footnotes":""},"class_list":["post-7352","page","type-page","status-publish","hentry"],"acf":[],"yoast_head":"<!-- This site is optimized with the Yoast SEO plugin v27.4 - https:\/\/yoast.com\/product\/yoast-seo-wordpress\/ -->\n<title>Garancija Bestway - Legal<\/title>\n<meta name=\"robots\" content=\"noindex, follow, max-snippet:-1, max-image-preview:large, max-video-preview:-1\" \/>\n<meta property=\"og:locale\" content=\"en_US\" \/>\n<meta property=\"og:type\" content=\"article\" \/>\n<meta property=\"og:title\" content=\"Garancija Bestway - Legal\" \/>\n<meta property=\"og:description\" content=\"Spodaj so navedeni garancijski pogoji, ki jih uporablja BESTWAY EUROPE S.p.A., s registriranim sede\u017eem na Via della Resistenza n. 5, San Giuliano Milanese (20098) &#8211; Milano, Italija (v nadaljevanju &#8220;BESTWAY&#8221;), za izdelke, ki se prodajajo znotraj Evropskega gospodarskega prostora pod blagovno znamko BESTWAY. Zakonsko jamstvo 1.1 Zakonsko jamstvo zagotavljata evropski direktivi 1999\/44\/EC in 2019\/771\/EC, katerih [&hellip;]\" \/>\n<meta property=\"og:url\" content=\"https:\/\/legal.bestway.eu\/si-sl\/warranty-extension\/\" \/>\n<meta property=\"og:site_name\" content=\"Legal\" \/>\n<meta property=\"article:modified_time\" content=\"2026-02-10T09:56:20+00:00\" \/>\n<meta name=\"twitter:card\" content=\"summary_large_image\" \/>\n<meta name=\"twitter:label1\" content=\"Est. reading time\" \/>\n\t<meta name=\"twitter:data1\" content=\"2 minutes\" \/>\n<script type=\"application\/ld+json\" class=\"yoast-schema-graph\">{\"@context\":\"https:\\\/\\\/schema.org\",\"@graph\":[{\"@type\":\"WebPage\",\"@id\":\"https:\\\/\\\/legal.bestway.eu\\\/si-sl\\\/warranty-extension\\\/\",\"url\":\"https:\\\/\\\/legal.bestway.eu\\\/si-sl\\\/warranty-extension\\\/\",\"name\":\"Garancija Bestway - Legal\",\"isPartOf\":{\"@id\":\"https:\\\/\\\/legal.bestway.eu\\\/si-sl\\\/#website\"},\"datePublished\":\"2023-10-24T09:15:40+00:00\",\"dateModified\":\"2026-02-10T09:56:20+00:00\",\"inLanguage\":\"si-sl\",\"potentialAction\":[{\"@type\":\"ReadAction\",\"target\":[\"https:\\\/\\\/legal.bestway.eu\\\/si-sl\\\/warranty-extension\\\/\"]}]},{\"@type\":\"WebSite\",\"@id\":\"https:\\\/\\\/legal.bestway.eu\\\/si-sl\\\/#website\",\"url\":\"https:\\\/\\\/legal.bestway.eu\\\/si-sl\\\/\",\"name\":\"Legal\",\"description\":\"Legal\",\"publisher\":{\"@id\":\"https:\\\/\\\/legal.bestway.eu\\\/si-sl\\\/#organization\"},\"potentialAction\":[{\"@type\":\"SearchAction\",\"target\":{\"@type\":\"EntryPoint\",\"urlTemplate\":\"https:\\\/\\\/legal.bestway.eu\\\/si-sl\\\/?s={search_term_string}\"},\"query-input\":{\"@type\":\"PropertyValueSpecification\",\"valueRequired\":true,\"valueName\":\"search_term_string\"}}],\"inLanguage\":\"si-sl\"},{\"@type\":\"Organization\",\"@id\":\"https:\\\/\\\/legal.bestway.eu\\\/si-sl\\\/#organization\",\"name\":\"Legal\",\"url\":\"https:\\\/\\\/legal.bestway.eu\\\/si-sl\\\/\",\"logo\":{\"@type\":\"ImageObject\",\"inLanguage\":\"si-sl\",\"@id\":\"https:\\\/\\\/legal.bestway.eu\\\/si-sl\\\/#\\\/schema\\\/logo\\\/image\\\/\",\"url\":\"https:\\\/\\\/legal.bestway.eu\\\/wp-content\\\/uploads\\\/sites\\\/2\\\/2023\\\/10\\\/bw-white-logo@2x.png\",\"contentUrl\":\"https:\\\/\\\/legal.bestway.eu\\\/wp-content\\\/uploads\\\/sites\\\/2\\\/2023\\\/10\\\/bw-white-logo@2x.png\",\"width\":348,\"height\":138,\"caption\":\"Legal\"},\"image\":{\"@id\":\"https:\\\/\\\/legal.bestway.eu\\\/si-sl\\\/#\\\/schema\\\/logo\\\/image\\\/\"}}]}<\/script>\n<!-- \/ Yoast SEO plugin. -->","yoast_head_json":{"title":"Garancija Bestway - Legal","robots":{"index":"noindex","follow":"follow","max-snippet":"max-snippet:-1","max-image-preview":"max-image-preview:large","max-video-preview":"max-video-preview:-1"},"og_locale":"en_US","og_type":"article","og_title":"Garancija Bestway - Legal","og_description":"Spodaj so navedeni garancijski pogoji, ki jih uporablja BESTWAY EUROPE S.p.A., s registriranim sede\u017eem na Via della Resistenza n. 5, San Giuliano Milanese (20098) &#8211; Milano, Italija (v nadaljevanju &#8220;BESTWAY&#8221;), za izdelke, ki se prodajajo znotraj Evropskega gospodarskega prostora pod blagovno znamko BESTWAY. Zakonsko jamstvo 1.1 Zakonsko jamstvo zagotavljata evropski direktivi 1999\/44\/EC in 2019\/771\/EC, katerih [&hellip;]","og_url":"https:\/\/legal.bestway.eu\/si-sl\/warranty-extension\/","og_site_name":"Legal","article_modified_time":"2026-02-10T09:56:20+00:00","twitter_card":"summary_large_image","twitter_misc":{"Est. reading time":"2 minutes"},"schema":{"@context":"https:\/\/schema.org","@graph":[{"@type":"WebPage","@id":"https:\/\/legal.bestway.eu\/si-sl\/warranty-extension\/","url":"https:\/\/legal.bestway.eu\/si-sl\/warranty-extension\/","name":"Garancija Bestway - Legal","isPartOf":{"@id":"https:\/\/legal.bestway.eu\/si-sl\/#website"},"datePublished":"2023-10-24T09:15:40+00:00","dateModified":"2026-02-10T09:56:20+00:00","inLanguage":"si-sl","potentialAction":[{"@type":"ReadAction","target":["https:\/\/legal.bestway.eu\/si-sl\/warranty-extension\/"]}]},{"@type":"WebSite","@id":"https:\/\/legal.bestway.eu\/si-sl\/#website","url":"https:\/\/legal.bestway.eu\/si-sl\/","name":"Legal","description":"Legal","publisher":{"@id":"https:\/\/legal.bestway.eu\/si-sl\/#organization"},"potentialAction":[{"@type":"SearchAction","target":{"@type":"EntryPoint","urlTemplate":"https:\/\/legal.bestway.eu\/si-sl\/?s={search_term_string}"},"query-input":{"@type":"PropertyValueSpecification","valueRequired":true,"valueName":"search_term_string"}}],"inLanguage":"si-sl"},{"@type":"Organization","@id":"https:\/\/legal.bestway.eu\/si-sl\/#organization","name":"Legal","url":"https:\/\/legal.bestway.eu\/si-sl\/","logo":{"@type":"ImageObject","inLanguage":"si-sl","@id":"https:\/\/legal.bestway.eu\/si-sl\/#\/schema\/logo\/image\/","url":"https:\/\/legal.bestway.eu\/wp-content\/uploads\/sites\/2\/2023\/10\/bw-white-logo@2x.png","contentUrl":"https:\/\/legal.bestway.eu\/wp-content\/uploads\/sites\/2\/2023\/10\/bw-white-logo@2x.png","width":348,"height":138,"caption":"Legal"},"image":{"@id":"https:\/\/legal.bestway.eu\/si-sl\/#\/schema\/logo\/image\/"}}]}},"_links":{"self":[{"href":"https:\/\/legal.bestway.eu\/si-sl\/wp-json\/wp\/v2\/pages\/7352","targetHints":{"allow":["GET"]}}],"collection":[{"href":"https:\/\/legal.bestway.eu\/si-sl\/wp-json\/wp\/v2\/pages"}],"about":[{"href":"https:\/\/legal.bestway.eu\/si-sl\/wp-json\/wp\/v2\/types\/page"}],"author":[{"embeddable":true,"href":"https:\/\/legal.bestway.eu\/si-sl\/wp-json\/wp\/v2\/users\/9"}],"replies":[{"embeddable":true,"href":"https:\/\/legal.bestway.eu\/si-sl\/wp-json\/wp\/v2\/comments?post=7352"}],"version-history":[{"count":8,"href":"https:\/\/legal.bestway.eu\/si-sl\/wp-json\/wp\/v2\/pages\/7352\/revisions"}],"predecessor-version":[{"id":9043,"href":"https:\/\/legal.bestway.eu\/si-sl\/wp-json\/wp\/v2\/pages\/7352\/revisions\/9043"}],"wp:attachment":[{"href":"https:\/\/legal.bestway.eu\/si-sl\/wp-json\/wp\/v2\/media?parent=7352"}],"curies":[{"name":"wp","href":"https:\/\/api.w.org\/{rel}","templated":true}]}}