{"id":7293,"date":"2023-10-24T12:37:41","date_gmt":"2023-10-24T10:37:41","guid":{"rendered":"https:\/\/legal.bestway.eu\/?page_id=7293"},"modified":"2024-12-11T14:08:57","modified_gmt":"2024-12-11T13:08:57","slug":"privacy-notice","status":"publish","type":"page","link":"https:\/\/legal.bestway.eu\/si-sl\/privacy-notice\/","title":{"rendered":"Informacije o zasebnosti &#8211; GDPR"},"content":{"rendered":"\t\t<div data-elementor-type=\"wp-page\" data-elementor-id=\"7293\" class=\"elementor elementor-7293\" data-elementor-post-type=\"page\">\n\t\t\t\t<div class=\"elementor-element elementor-element-4233c87e e-flex e-con-boxed e-con e-parent\" data-id=\"4233c87e\" data-element_type=\"container\" data-e-type=\"container\">\n\t\t\t\t\t<div class=\"e-con-inner\">\n\t\t\t\t<div class=\"elementor-element elementor-element-eeb32c3 elementor-widget elementor-widget-menu-anchor\" data-id=\"eeb32c3\" data-element_type=\"widget\" data-e-type=\"widget\" data-widget_type=\"menu-anchor.default\">\n\t\t\t\t<div class=\"elementor-widget-container\">\n\t\t\t\t\t\t\t<div class=\"elementor-menu-anchor\" id=\"BoxNewsletter\"><\/div>\n\t\t\t\t\t\t<\/div>\n\t\t\t\t<\/div>\n\t\t\t\t<div class=\"elementor-element elementor-element-3c097587 elementor-widget elementor-widget-heading\" data-id=\"3c097587\" data-element_type=\"widget\" data-e-type=\"widget\" data-widget_type=\"heading.default\">\n\t\t\t\t<div class=\"elementor-widget-container\">\n\t\t\t\t\t<h2 class=\"elementor-heading-title elementor-size-default\">Tr\u017eenje<\/h2>\t\t\t\t<\/div>\n\t\t\t\t<\/div>\n\t\t\t\t<div class=\"elementor-element elementor-element-375d8ec elementor-widget elementor-widget-text-editor\" data-id=\"375d8ec\" data-element_type=\"widget\" data-e-type=\"widget\" data-widget_type=\"text-editor.default\">\n\t\t\t\t<div class=\"elementor-widget-container\">\n\t\t\t\t\t\t\t\t\t<p>Upravljavec podatkov: BESTWAY EUROPE S.P.A., s sede\u017eem na naslovu San Giuliano Milanese (Mi), via Resistenza 5 (&#8220;BESTWAY&#8221;), Italija.<\/p><p>DPO: <a href=\"mailto:privacy@bestwaycorp.eu\">privacy@bestwaycorp.eu<\/a><\/p><p>Upravljavec podatkov bo obdeloval slede\u010de podatke:<\/p><p>Ob va\u0161em soglasju, ki ga podate tako, da ozna\u010dite ustrezno polje, bo upravljavec podatkov va\u0161e podatke obdeloval za namene tr\u017eenja, za po\u0161iljanje novic z informacijami in posodobitvami glede izdelkov, storitev, dogodkov in ponudb podjetja BESTWAY. Pravna podlaga za obdelavo podatkov, ki jih delite z nami, je va\u0161a svobodna in neobvezna privolitev, vsaka zavrnitev tovrstne privolitve pa vam bo zgolj prepre\u010dila zgoraj opisano komunikacijo.<\/p><p>Va\u0161i podatki bodo v skladu z veljavno zakonodajo o varstvu osebnih podatkov (Uredba EU 679\/2016 ali GDPR s svojimi spremembami in dopolnitvami) obdelani v tiskani in elektronski obliki. Osebni podatki, ki nam jih posredujete, se lahko razkrijejo tretjim osebam, kot so osebe, zdru\u017eenja, izvedenska podjetja in podjetja, ki podjetju BESTWAY zagotavljajo svetovalne in podporne storitve ter dejavnosti (vklju\u010dno s podjetji skupine BESTWAY, ki se lahko nahajajo zunaj EU) v vlogi obdelovalcev podatkov &#8211; \u010de so ustrezno imenovani in pod pogojem, da so vzpostavljeni ustrezni za\u0161\u010ditni ukrepi za varstvo osebnih podatkov, &#8211; skupni upravljavci podatkov ali neodvisni upravljavci podatkov, ter osebje podjetja BESTWAY, imenovano za obdelovalce podatkov izklju\u010dno za zgoraj opisane namene. Celoten seznam upravljavcev podatkov ali obdelovalcev podatkov, katerim se podatki lahko razkrijejo, je na voljo na izrecno zahtevo.<\/p><p>V zvezi s tr\u017eenjskimi nameni bodo va\u0161i podatki shranjeni najve\u010d 8 let od trenutka, ko boste podali svoje dovoljenje. Stranke se lahko od prejemanja sporo\u010dil kadar koli odjavijo s klikom na povezavo &#8220;odjava,&#8221; ki je na voljo v vsakem e-po\u0161tnem sporo\u010dilu, ali pa tako, da na naslov <a href=\"mailto:privacy@bestwaycorp.eu\">privacy@bestwaycorp.eu<\/a> po\u0161ljejo e-po\u0161tno sporo\u010dilo.<\/p><p>V vsakem trenutku lahko uveljavljate vse pravice, dolo\u010dene v \u010dl. 15 in nadaljevanju Uredbe, vklju\u010dno zlasti s pravico do dostopa do va\u0161ih osebnih podatkov, pravico do popravka, pravico do izbrisa, pravico do ugovora zoper njihovo obdelavo, pravico do prenosljivosti podatkov in pravico do vlo\u017eitve prito\u017ebe pri organu za varstvo osebnih podatkov, pristojnem v va\u0161i dr\u017eavi (<a href=\"https:\/\/edpb.europa.eu\/about-edpb\/board\/members_sl\" target=\"_blank\" rel=\"noopener\">https:\/\/edpb.europa.eu\/about-edpb\/board\/members_sl<\/a>).<\/p><p>Zgoraj navedene pravice lahko uveljavljate da s po\u0161iljanjem e-po\u0161te na naslov <a href=\"mailto:privacy@bestwaycorp.eu\">privacy@bestwaycorp.eu<\/a><\/p>\t\t\t\t\t\t\t\t<\/div>\n\t\t\t\t<\/div>\n\t\t\t\t\t<\/div>\n\t\t\t\t<\/div>\n\t\t<div class=\"elementor-element elementor-element-fc9e459 e-flex e-con-boxed e-con e-parent\" data-id=\"fc9e459\" data-element_type=\"container\" data-e-type=\"container\">\n\t\t\t\t\t<div class=\"e-con-inner\">\n\t\t\t\t<div class=\"elementor-element elementor-element-4ff1b8f6 elementor-widget elementor-widget-menu-anchor\" data-id=\"4ff1b8f6\" data-element_type=\"widget\" data-e-type=\"widget\" data-widget_type=\"menu-anchor.default\">\n\t\t\t\t<div class=\"elementor-widget-container\">\n\t\t\t\t\t\t\t<div class=\"elementor-menu-anchor\" id=\"Sitoassistenza\"><\/div>\n\t\t\t\t\t\t<\/div>\n\t\t\t\t<\/div>\n\t\t\t\t<div class=\"elementor-element elementor-element-33a4a549 elementor-widget elementor-widget-heading\" data-id=\"33a4a549\" data-element_type=\"widget\" data-e-type=\"widget\" data-widget_type=\"heading.default\">\n\t\t\t\t<div class=\"elementor-widget-container\">\n\t\t\t\t\t<h2 class=\"elementor-heading-title elementor-size-default\">Podporno mesto<\/h2>\t\t\t\t<\/div>\n\t\t\t\t<\/div>\n\t\t\t\t<div class=\"elementor-element elementor-element-10d7938d elementor-widget elementor-widget-text-editor\" data-id=\"10d7938d\" data-element_type=\"widget\" data-e-type=\"widget\" data-widget_type=\"text-editor.default\">\n\t\t\t\t<div class=\"elementor-widget-container\">\n\t\t\t\t\t\t\t\t\t<p>Upravljavec podatkov: BESTWAY EUROPE S.P.A., s sede\u017eem na naslovu San Giuliano Milanese (Mi), via Resistenza 5 (&#8220;BESTWAY&#8221;), Italija.<\/p><p>DPO: <a href=\"mailto:privacy@bestwaycorp.eu\">privacy@bestwaycorp.eu<\/a><\/p><p>Upravljavec podatkov bo obdeloval slede\u010de podatke:<\/p><p>i) Ime in priimek, e-po\u0161tni naslov, naslov za dostavo in telefonska \u0161tevilka, da vam zagotovimo obravnavo prito\u017eb z odprtjem personaliziranega ra\u010duna na spletni strani BESTWAY, do katerega dostopate z vpisom uporabni\u0161kega imena in gesla, ki vam ju bomo sporo\u010dili na e-po\u0161ti naslov &#8211; geslo morate po prvem dostopu spremeniti &#8211; in s prevzemom odgovornost in z ustrezno obravnavo va\u0161e prijave neprimerne storitve, za administrativne in ra\u010dunovodske namene, za izpolnjevanje pravnih in zakonskih obveznosti.<\/p><p>ii)\u00a0za namene tr\u017eenja, za po\u0161iljanje novic z informacijami in posodobitvami glede izdelkov, storitev, dogodkov in ponudb podjetja BESTWAY, in sicer na podlagi soglasja, ki ga podate tako, da ozna\u010dite ustrezno polje.<\/p><p>iii) na podlagi soglasja, ki ga podate tako, da ozna\u010dite ustrezno polje, se lahko za statisti\u010dne namene zbirajo podatki, kot so spol, starostna skupina, zaposlitveni status, motivacija za nakup izdelka, na\u010din nakupa izdelka in \u0161tevilo otrok v gospodinjstvu. Podjetje BESTWAY te podatke zbira z namenom, da si zagotovi strnjen pogled na na\u0161e stranke, ne da bi si pri tem posku\u0161ali ustvarjati predstave ali zaklju\u010dke, specifi\u010dne za vas osebno, saj ocenjevanje zna\u010dilnosti posameznika ni namen tega postopka.<\/p><p>iv) na podlagi soglasja, ki ga podate tako, da ozna\u010dite ustrezno polje, vam po\u0161ljemo zahtevo za sodelovanje v anketi o na\u0161ih izdelkih in va\u0161ih izku\u0161njah z njihovo uporabo;<\/p><p>Pravna podlaga za obdelavo podatkov iz to\u010dke (i) je vzpostavitev in izvajanje pogodbenih\/poslovnih pogojev in veljavnih zakonskih dolo\u010db; ti podatki so nujni in zavrnitev njihove razpolo\u017eljivosti lahko podjetju BESTWAY prepre\u010di zagotavljanje zahtevane storitve. V zvezi s to\u010dkami (ii), (iii) in (iv) je pravna podlaga za to obdelavo va\u0161a svobodna in neobvezna privolitev, vsaka zavrnitev tovrstne privolitve pa vam bo zgolj prepre\u010dila prejemanje zgoraj navedenih sporo\u010dil.<\/p><p>Va\u0161i podatki bodo v skladu z veljavno zakonodajo o varstvu osebnih podatkov (Uredba EU 679\/2016 ali GDPR s svojimi spremembami in dopolnitvami) obdelani v tiskani in elektronski obliki. Osebni podatki, ki nam jih posredujete, se lahko razkrijejo tretjim osebam, kot so osebe, zdru\u017eenja, izvedenska podjetja in podjetja, ki podjetju BESTWAY zagotavljajo svetovalne in podporne storitve ter dejavnosti (vklju\u010dno s podjetji skupine BESTWAY, ki se lahko nahajajo zunaj EU) v vlogi obdelovalcev podatkov &#8211; \u010de so ustrezno imenovani in pod pogojem, da so vzpostavljeni ustrezni za\u0161\u010ditni ukrepi za varstvo osebnih podatkov, &#8211; skupni upravljavci podatkov ali neodvisni upravljavci podatkov, ter osebje podjetja BESTWAY, imenovano za obdelovalce podatkov izklju\u010dno za zgoraj opisane namene. Celoten seznam upravljavcev podatkov ali obdelovalcev podatkov, katerim se podatki lahko razkrijejo, je na voljo na izrecno zahtevo.<\/p><p>Za namene upravljanja prito\u017eb, opisanih v razdelku (i), bodo va\u0161i podatki shranjeni tudi po prenehanju pogodbenega\/poslovnega razmerja s podjetjem BESTWAY, in sicer za namen izpolnitve vseh obveznosti, povezanih s sklenitvijo razmerja ali izhajajo\u010dih iz sklenitve razmerja, vklju\u010dno s tistimi, ki so povezane s pravnimi obveznostmi in roki zastaranja, ki jih za ta namen dolo\u010da veljavna zakonodaja, v nobenem primeru pa ne dlje kot 10 let.<\/p><p>V zvezi s tr\u017eenjskimi nameni, opisanimi v razdelku (ii), bodo va\u0161i podatki shranjeni najve\u010d 8 let od trenutka, ko boste podali svoje dovoljenje. Stranke se lahko od prejemanja sporo\u010dil kadar koli odjavijo s klikom na povezavo &#8220;odjava,&#8221; ki je na voljo v vsakem e-po\u0161tnem sporo\u010dilu, ali pa tako, da na naslov <a href=\"mailto:privacy@bestwaycorp.eu\">privacy@bestwaycorp.eu<\/a> po\u0161ljejo e-po\u0161tno sporo\u010dilo.<\/p><p>Za namene vodenja statistike in anket, opisanih v razdelkih (iii) in (iv) zgoraj, bodo va\u0161i podatki shranjeni do 8 let od datuma, ko smo prejeli va\u0161e soglasje.<\/p><p>V vsakem trenutku lahko uveljavljate vse pravice, dolo\u010dene v \u010dl. 15 in nadaljevanju Uredbe, vklju\u010dno zlasti s pravico do dostopa do va\u0161ih osebnih podatkov, pravico do popravka, pravico do izbrisa, pravico do ugovora zoper njihovo obdelavo, pravico do prenosljivosti podatkov in pravico do vlo\u017eitve prito\u017ebe pri organu za varstvo osebnih podatkov, pristojnem v va\u0161i dr\u017eavi (<a href=\"https:\/\/edpb.europa.eu\/about-edpb\/board\/members_sl\" target=\"_blank\" rel=\"noopener\">https:\/\/edpb.europa.eu\/about-edpb\/board\/members_sl<\/a>).<\/p><p>Zgoraj navedene pravice lahko uveljavljate da s po\u0161iljanjem e-po\u0161te na naslov <a href=\"mailto:privacy@bestwaycorp.eu\">privacy@bestwaycorp.eu<\/a><\/p>\t\t\t\t\t\t\t\t<\/div>\n\t\t\t\t<\/div>\n\t\t\t\t\t<\/div>\n\t\t\t\t<\/div>\n\t\t\t\t<\/div>\n\t\t","protected":false},"excerpt":{"rendered":"<p>Tr\u017eenje Upravljavec podatkov: BESTWAY EUROPE S.P.A., s sede\u017eem na naslovu San Giuliano Milanese (Mi), via Resistenza 5 (&#8220;BESTWAY&#8221;), Italija. DPO: privacy@bestwaycorp.eu Upravljavec podatkov bo obdeloval slede\u010de podatke: Ob va\u0161em soglasju, ki ga podate tako, da ozna\u010dite ustrezno polje, bo upravljavec podatkov va\u0161e podatke obdeloval za namene tr\u017eenja, za po\u0161iljanje novic z informacijami in posodobitvami glede [&hellip;]<\/p>\n","protected":false},"author":9,"featured_media":0,"parent":0,"menu_order":0,"comment_status":"closed","ping_status":"closed","template":"","meta":{"_acf_changed":false,"site-sidebar-layout":"no-sidebar","site-content-layout":"page-builder","ast-site-content-layout":"full-width-container","site-content-style":"default","site-sidebar-style":"default","ast-global-header-display":"","ast-banner-title-visibility":"","ast-main-header-display":"","ast-hfb-above-header-display":"","ast-hfb-below-header-display":"","ast-hfb-mobile-header-display":"","site-post-title":"","ast-breadcrumbs-content":"","ast-featured-img":"disabled","footer-sml-layout":"","ast-disable-related-posts":"","theme-transparent-header-meta":"","adv-header-id-meta":"","stick-header-meta":"","header-above-stick-meta":"","header-main-stick-meta":"","header-below-stick-meta":"","astra-migrate-meta-layouts":"set","ast-page-background-enabled":"default","ast-page-background-meta":{"desktop":{"background-color":"var(--ast-global-color-4)","background-image":"","background-repeat":"repeat","background-position":"center center","background-size":"auto","background-attachment":"scroll","background-type":"","background-media":"","overlay-type":"","overlay-color":"","overlay-opacity":"","overlay-gradient":""},"tablet":{"background-color":"","background-image":"","background-repeat":"repeat","background-position":"center center","background-size":"auto","background-attachment":"scroll","background-type":"","background-media":"","overlay-type":"","overlay-color":"","overlay-opacity":"","overlay-gradient":""},"mobile":{"background-color":"","background-image":"","background-repeat":"repeat","background-position":"center center","background-size":"auto","background-attachment":"scroll","background-type":"","background-media":"","overlay-type":"","overlay-color":"","overlay-opacity":"","overlay-gradient":""}},"ast-content-background-meta":{"desktop":{"background-color":"var(--ast-global-color-5)","background-image":"","background-repeat":"repeat","background-position":"center center","background-size":"auto","background-attachment":"scroll","background-type":"","background-media":"","overlay-type":"","overlay-color":"","overlay-opacity":"","overlay-gradient":""},"tablet":{"background-color":"var(--ast-global-color-5)","background-image":"","background-repeat":"repeat","background-position":"center center","background-size":"auto","background-attachment":"scroll","background-type":"","background-media":"","overlay-type":"","overlay-color":"","overlay-opacity":"","overlay-gradient":""},"mobile":{"background-color":"var(--ast-global-color-5)","background-image":"","background-repeat":"repeat","background-position":"center center","background-size":"auto","background-attachment":"scroll","background-type":"","background-media":"","overlay-type":"","overlay-color":"","overlay-opacity":"","overlay-gradient":""}},"footnotes":""},"class_list":["post-7293","page","type-page","status-publish","hentry"],"acf":[],"yoast_head":"<!-- This site is optimized with the Yoast SEO plugin v27.4 - https:\/\/yoast.com\/product\/yoast-seo-wordpress\/ -->\n<title>Informacije o zasebnosti - GDPR - Legal<\/title>\n<meta name=\"robots\" content=\"noindex, follow, max-snippet:-1, max-image-preview:large, max-video-preview:-1\" \/>\n<meta property=\"og:locale\" content=\"en_US\" \/>\n<meta property=\"og:type\" content=\"article\" \/>\n<meta property=\"og:title\" content=\"Informacije o zasebnosti - GDPR - Legal\" \/>\n<meta property=\"og:description\" content=\"Tr\u017eenje Upravljavec podatkov: BESTWAY EUROPE S.P.A., s sede\u017eem na naslovu San Giuliano Milanese (Mi), via Resistenza 5 (&#8220;BESTWAY&#8221;), Italija. DPO: privacy@bestwaycorp.eu Upravljavec podatkov bo obdeloval slede\u010de podatke: Ob va\u0161em soglasju, ki ga podate tako, da ozna\u010dite ustrezno polje, bo upravljavec podatkov va\u0161e podatke obdeloval za namene tr\u017eenja, za po\u0161iljanje novic z informacijami in posodobitvami glede [&hellip;]\" \/>\n<meta property=\"og:url\" content=\"https:\/\/legal.bestway.eu\/si-sl\/privacy-notice\/\" \/>\n<meta property=\"og:site_name\" content=\"Legal\" \/>\n<meta property=\"article:modified_time\" content=\"2024-12-11T13:08:57+00:00\" \/>\n<meta name=\"twitter:card\" content=\"summary_large_image\" \/>\n<meta name=\"twitter:label1\" content=\"Est. reading time\" \/>\n\t<meta name=\"twitter:data1\" content=\"6 minutes\" \/>\n<script type=\"application\/ld+json\" class=\"yoast-schema-graph\">{\"@context\":\"https:\\\/\\\/schema.org\",\"@graph\":[{\"@type\":\"WebPage\",\"@id\":\"https:\\\/\\\/legal.bestway.eu\\\/si-sl\\\/privacy-notice\\\/\",\"url\":\"https:\\\/\\\/legal.bestway.eu\\\/si-sl\\\/privacy-notice\\\/\",\"name\":\"Informacije o zasebnosti - GDPR - Legal\",\"isPartOf\":{\"@id\":\"https:\\\/\\\/legal.bestway.eu\\\/si-sl\\\/#website\"},\"datePublished\":\"2023-10-24T10:37:41+00:00\",\"dateModified\":\"2024-12-11T13:08:57+00:00\",\"inLanguage\":\"si-sl\",\"potentialAction\":[{\"@type\":\"ReadAction\",\"target\":[\"https:\\\/\\\/legal.bestway.eu\\\/si-sl\\\/privacy-notice\\\/\"]}]},{\"@type\":\"WebSite\",\"@id\":\"https:\\\/\\\/legal.bestway.eu\\\/si-sl\\\/#website\",\"url\":\"https:\\\/\\\/legal.bestway.eu\\\/si-sl\\\/\",\"name\":\"Legal\",\"description\":\"Legal\",\"publisher\":{\"@id\":\"https:\\\/\\\/legal.bestway.eu\\\/si-sl\\\/#organization\"},\"potentialAction\":[{\"@type\":\"SearchAction\",\"target\":{\"@type\":\"EntryPoint\",\"urlTemplate\":\"https:\\\/\\\/legal.bestway.eu\\\/si-sl\\\/?s={search_term_string}\"},\"query-input\":{\"@type\":\"PropertyValueSpecification\",\"valueRequired\":true,\"valueName\":\"search_term_string\"}}],\"inLanguage\":\"si-sl\"},{\"@type\":\"Organization\",\"@id\":\"https:\\\/\\\/legal.bestway.eu\\\/si-sl\\\/#organization\",\"name\":\"Legal\",\"url\":\"https:\\\/\\\/legal.bestway.eu\\\/si-sl\\\/\",\"logo\":{\"@type\":\"ImageObject\",\"inLanguage\":\"si-sl\",\"@id\":\"https:\\\/\\\/legal.bestway.eu\\\/si-sl\\\/#\\\/schema\\\/logo\\\/image\\\/\",\"url\":\"https:\\\/\\\/legal.bestway.eu\\\/wp-content\\\/uploads\\\/sites\\\/2\\\/2023\\\/10\\\/bw-white-logo@2x.png\",\"contentUrl\":\"https:\\\/\\\/legal.bestway.eu\\\/wp-content\\\/uploads\\\/sites\\\/2\\\/2023\\\/10\\\/bw-white-logo@2x.png\",\"width\":348,\"height\":138,\"caption\":\"Legal\"},\"image\":{\"@id\":\"https:\\\/\\\/legal.bestway.eu\\\/si-sl\\\/#\\\/schema\\\/logo\\\/image\\\/\"}}]}<\/script>\n<!-- \/ Yoast SEO plugin. -->","yoast_head_json":{"title":"Informacije o zasebnosti - GDPR - Legal","robots":{"index":"noindex","follow":"follow","max-snippet":"max-snippet:-1","max-image-preview":"max-image-preview:large","max-video-preview":"max-video-preview:-1"},"og_locale":"en_US","og_type":"article","og_title":"Informacije o zasebnosti - GDPR - Legal","og_description":"Tr\u017eenje Upravljavec podatkov: BESTWAY EUROPE S.P.A., s sede\u017eem na naslovu San Giuliano Milanese (Mi), via Resistenza 5 (&#8220;BESTWAY&#8221;), Italija. DPO: privacy@bestwaycorp.eu Upravljavec podatkov bo obdeloval slede\u010de podatke: Ob va\u0161em soglasju, ki ga podate tako, da ozna\u010dite ustrezno polje, bo upravljavec podatkov va\u0161e podatke obdeloval za namene tr\u017eenja, za po\u0161iljanje novic z informacijami in posodobitvami glede [&hellip;]","og_url":"https:\/\/legal.bestway.eu\/si-sl\/privacy-notice\/","og_site_name":"Legal","article_modified_time":"2024-12-11T13:08:57+00:00","twitter_card":"summary_large_image","twitter_misc":{"Est. reading time":"6 minutes"},"schema":{"@context":"https:\/\/schema.org","@graph":[{"@type":"WebPage","@id":"https:\/\/legal.bestway.eu\/si-sl\/privacy-notice\/","url":"https:\/\/legal.bestway.eu\/si-sl\/privacy-notice\/","name":"Informacije o zasebnosti - GDPR - Legal","isPartOf":{"@id":"https:\/\/legal.bestway.eu\/si-sl\/#website"},"datePublished":"2023-10-24T10:37:41+00:00","dateModified":"2024-12-11T13:08:57+00:00","inLanguage":"si-sl","potentialAction":[{"@type":"ReadAction","target":["https:\/\/legal.bestway.eu\/si-sl\/privacy-notice\/"]}]},{"@type":"WebSite","@id":"https:\/\/legal.bestway.eu\/si-sl\/#website","url":"https:\/\/legal.bestway.eu\/si-sl\/","name":"Legal","description":"Legal","publisher":{"@id":"https:\/\/legal.bestway.eu\/si-sl\/#organization"},"potentialAction":[{"@type":"SearchAction","target":{"@type":"EntryPoint","urlTemplate":"https:\/\/legal.bestway.eu\/si-sl\/?s={search_term_string}"},"query-input":{"@type":"PropertyValueSpecification","valueRequired":true,"valueName":"search_term_string"}}],"inLanguage":"si-sl"},{"@type":"Organization","@id":"https:\/\/legal.bestway.eu\/si-sl\/#organization","name":"Legal","url":"https:\/\/legal.bestway.eu\/si-sl\/","logo":{"@type":"ImageObject","inLanguage":"si-sl","@id":"https:\/\/legal.bestway.eu\/si-sl\/#\/schema\/logo\/image\/","url":"https:\/\/legal.bestway.eu\/wp-content\/uploads\/sites\/2\/2023\/10\/bw-white-logo@2x.png","contentUrl":"https:\/\/legal.bestway.eu\/wp-content\/uploads\/sites\/2\/2023\/10\/bw-white-logo@2x.png","width":348,"height":138,"caption":"Legal"},"image":{"@id":"https:\/\/legal.bestway.eu\/si-sl\/#\/schema\/logo\/image\/"}}]}},"_links":{"self":[{"href":"https:\/\/legal.bestway.eu\/si-sl\/wp-json\/wp\/v2\/pages\/7293","targetHints":{"allow":["GET"]}}],"collection":[{"href":"https:\/\/legal.bestway.eu\/si-sl\/wp-json\/wp\/v2\/pages"}],"about":[{"href":"https:\/\/legal.bestway.eu\/si-sl\/wp-json\/wp\/v2\/types\/page"}],"author":[{"embeddable":true,"href":"https:\/\/legal.bestway.eu\/si-sl\/wp-json\/wp\/v2\/users\/9"}],"replies":[{"embeddable":true,"href":"https:\/\/legal.bestway.eu\/si-sl\/wp-json\/wp\/v2\/comments?post=7293"}],"version-history":[{"count":4,"href":"https:\/\/legal.bestway.eu\/si-sl\/wp-json\/wp\/v2\/pages\/7293\/revisions"}],"predecessor-version":[{"id":7298,"href":"https:\/\/legal.bestway.eu\/si-sl\/wp-json\/wp\/v2\/pages\/7293\/revisions\/7298"}],"wp:attachment":[{"href":"https:\/\/legal.bestway.eu\/si-sl\/wp-json\/wp\/v2\/media?parent=7293"}],"curies":[{"name":"wp","href":"https:\/\/api.w.org\/{rel}","templated":true}]}}