{"id":5860,"date":"2023-10-24T12:37:41","date_gmt":"2023-10-24T10:37:41","guid":{"rendered":"https:\/\/legal.bestway.eu\/?page_id=5860"},"modified":"2026-01-19T09:52:35","modified_gmt":"2026-01-19T08:52:35","slug":"privacy-notice","status":"publish","type":"page","link":"https:\/\/legal.bestway.eu\/se-sv\/privacy-notice\/","title":{"rendered":"Integritetspolicy &#8211; GDPR"},"content":{"rendered":"\t\t<div data-elementor-type=\"wp-page\" data-elementor-id=\"5860\" class=\"elementor elementor-5860\" data-elementor-post-type=\"page\">\n\t\t\t\t<div class=\"elementor-element elementor-element-4233c87e e-flex e-con-boxed e-con e-parent\" data-id=\"4233c87e\" data-element_type=\"container\" data-e-type=\"container\">\n\t\t\t\t\t<div class=\"e-con-inner\">\n\t\t\t\t<div class=\"elementor-element elementor-element-eeb32c3 elementor-widget elementor-widget-menu-anchor\" data-id=\"eeb32c3\" data-element_type=\"widget\" data-e-type=\"widget\" data-widget_type=\"menu-anchor.default\">\n\t\t\t\t<div class=\"elementor-widget-container\">\n\t\t\t\t\t\t\t<div class=\"elementor-menu-anchor\" id=\"BoxNewsletter\"><\/div>\n\t\t\t\t\t\t<\/div>\n\t\t\t\t<\/div>\n\t\t\t\t<div class=\"elementor-element elementor-element-3c097587 elementor-widget elementor-widget-heading\" data-id=\"3c097587\" data-element_type=\"widget\" data-e-type=\"widget\" data-widget_type=\"heading.default\">\n\t\t\t\t<div class=\"elementor-widget-container\">\n\t\t\t\t\t<h2 class=\"elementor-heading-title elementor-size-default\">Marknadsf\u00f6ring<\/h2>\t\t\t\t<\/div>\n\t\t\t\t<\/div>\n\t\t\t\t<div class=\"elementor-element elementor-element-375d8ec elementor-widget elementor-widget-text-editor\" data-id=\"375d8ec\" data-element_type=\"widget\" data-e-type=\"widget\" data-widget_type=\"text-editor.default\">\n\t\t\t\t<div class=\"elementor-widget-container\">\n\t\t\t\t\t\t\t\t\t<p>Policy enligt europeisk f\u00f6rordning 2016\/679 (GDPR) som \u00e4ndringar och till\u00e4gg till denna<\/p><p>Datakontrollant: BESTWAY EUROPE S.P.A., med registrerat kontor i San Giuliano Milanese (Mi), via Resistenza 5 (&#8220;BESTWAY&#8221;), Italien.<\/p><p>DPO: <a href=\"mailto:privacy@bestwaycorp.eu\">privacy@bestwaycorp.eu<\/a><\/p><p>Datakontrollanten kommer att behandla f\u00f6ljande data:<\/p><p>Med f\u00f6rbeh\u00e5ll f\u00f6r ditt samtycke genom att markera den relevanta boxen kommer den personuppgiftsansvarige att behandla dina uppgifter i marknadsf\u00f6ringssyfte, f\u00f6r att skicka dig nyhetsbrev som inneh\u00e5ller information och uppdateringar om BESTWAYs produkter, tj\u00e4nster, evenemang och erbjudanden. Den r\u00e4ttsliga grunden f\u00f6r behandlingen av de uppgifter du tillhandah\u00e5ller \u00e4r ditt fria och valfria samtycke; varje v\u00e4gran att ge s\u00e5dant samtycke kommer endast att hindra dig fr\u00e5n att ta emot den kommunikation som beskrivs ovan.<\/p><p>Dina uppgifter kommer att behandlas p\u00e5 papper och elektroniska medel i enlighet med g\u00e4llande lagstiftning om skydd av personuppgifter (EU-f\u00f6rordning 679\/2016 eller &#8220;GDPR&#8221; med \u00e4ndringar och till\u00e4gg). De personuppgifter du l\u00e4mnar kan l\u00e4mnas ut till tredje part, s\u00e5som personer, f\u00f6reningar, professionella f\u00f6retag och f\u00f6retag som tillhandah\u00e5ller konsult- och st\u00f6dtj\u00e4nster och aktiviteter till BESTWAY (inklusive f\u00f6retag i BESTWAY-gruppen som kan vara bel\u00e4gna utanf\u00f6r EU), i deras egenskap som databehandlare om de \u00e4r vederb\u00f6rligen utsedda och f\u00f6rutsatt att det finns adekvata skydds\u00e5tg\u00e4rder f\u00f6r skydd av personuppgifter, gemensamma personuppgiftsansvariga eller oberoende personuppgiftsansvariga, samt BESTWAY-personal som utsetts till databehandlare endast f\u00f6r de \u00e4ndam\u00e5l som beskrivs ovan. En fullst\u00e4ndig lista \u00f6ver de personuppgiftsansvariga eller databehandlare till vilka uppgifterna kan l\u00e4mnas ut finns tillg\u00e4nglig p\u00e5 beg\u00e4ran.<\/p><p>Med avseende p\u00e5 marknadsf\u00f6ringssyften, kommer dina uppgifter att sparas i h\u00f6gst 8 \u00e5r fr\u00e5n det att du ger ditt tillst\u00e5nd. Kunder kan n\u00e4r som helst avbryta prenumerationen p\u00e5 nyhetsbrevstj\u00e4nsten genom att klicka p\u00e5 l\u00e4nken &#8220;avsluta prenumeration&#8221; som finns i varje e-postmeddelande eller genom att skicka ett e-postmeddelande till <a href=\"mailto:privacy@bestwaycorp.eu\">privacy@bestwaycorp.eu<\/a>.<\/p><p>Du kan n\u00e4r som helst ut\u00f6va alla r\u00e4ttigheter som anges i Art. 15 och f\u00f6ljande i f\u00f6rordningen, inklusive i synnerhet r\u00e4tten att f\u00e5 tillg\u00e5ng till dina personuppgifter, r\u00e4tten till r\u00e4ttelse, r\u00e4tten till radering, r\u00e4tten att inv\u00e4nda mot deras behandling, r\u00e4tten till dataportabilitet och r\u00e4tten att l\u00e4mna in ett klagom\u00e5l till den personliga Dataskyddsmyndighet utsedd i ditt land (<a href=\"https:\/\/edpb.europa.eu\/about-edpb\/board\/members_en\" target=\"_blank\" rel=\"noopener\">https:\/\/edpb.europa.eu\/about-edpb\/board\/members_en<\/a>).<\/p><p>Ovann\u00e4mnda r\u00e4ttigheter kan ut\u00f6vas genom att skicka ett e-postmeddelande till f\u00f6ljande adress <a href=\"mailto:privacy@bestwaycorp.eu\">privacy@bestwaycorp.eu<\/a><\/p>\t\t\t\t\t\t\t\t<\/div>\n\t\t\t\t<\/div>\n\t\t\t\t\t<\/div>\n\t\t\t\t<\/div>\n\t\t<div class=\"elementor-element elementor-element-fc9e459 e-flex e-con-boxed e-con e-parent\" data-id=\"fc9e459\" data-element_type=\"container\" data-e-type=\"container\">\n\t\t\t\t\t<div class=\"e-con-inner\">\n\t\t\t\t<div class=\"elementor-element elementor-element-4ff1b8f6 elementor-widget elementor-widget-menu-anchor\" data-id=\"4ff1b8f6\" data-element_type=\"widget\" data-e-type=\"widget\" data-widget_type=\"menu-anchor.default\">\n\t\t\t\t<div class=\"elementor-widget-container\">\n\t\t\t\t\t\t\t<div class=\"elementor-menu-anchor\" id=\"Sitoassistenza\"><\/div>\n\t\t\t\t\t\t<\/div>\n\t\t\t\t<\/div>\n\t\t\t\t<div class=\"elementor-element elementor-element-33a4a549 elementor-widget elementor-widget-heading\" data-id=\"33a4a549\" data-element_type=\"widget\" data-e-type=\"widget\" data-widget_type=\"heading.default\">\n\t\t\t\t<div class=\"elementor-widget-container\">\n\t\t\t\t\t<h2 class=\"elementor-heading-title elementor-size-default\">Supportwebbplats<\/h2>\t\t\t\t<\/div>\n\t\t\t\t<\/div>\n\t\t\t\t<div class=\"elementor-element elementor-element-10d7938d elementor-widget elementor-widget-text-editor\" data-id=\"10d7938d\" data-element_type=\"widget\" data-e-type=\"widget\" data-widget_type=\"text-editor.default\">\n\t\t\t\t<div class=\"elementor-widget-container\">\n\t\t\t\t\t\t\t\t\t<p>Policy enligt europeisk f\u00f6rordning 2016\/679 (GDPR) som \u00e4ndringar och till\u00e4gg till denna<\/p>\n<p>Datakontrollant: BESTWAY EUROPE S.P.A., med registrerat kontor i San Giuliano Milanese (Mi), via Resistenza 5 (&#8220;BESTWAY&#8221;), Italien.<\/p>\n<p>DPO: <a href=\"mailto:privacy@bestwaycorp.eu\">privacy@bestwaycorp.eu<\/a><\/p>\n<p>Datakontrollanten kommer att behandla f\u00f6ljande data:<\/p>\n<ul>\n<li>F\u00f6r- och efternamn, e-postadress, leveransadress och telefonnummer,&nbsp;<span data-teams=\"true\">insamlad genom kundservicecenter och\/eller chattbot,<\/span>&nbsp;f\u00f6r att f\u00f6rse dig med tj\u00e4nsten avseende hantering av klagom\u00e5l genom att \u00f6ppna ett personligt konto p\u00e5 BESTWAYS webbplats, som du f\u00e5r \u00e5tkomst till genom att ange anv\u00e4ndarnamn och l\u00f6senord som vi skickar till dig via e-post \u2013 det senare ska du \u00e4ndra vid det f\u00f6rsta \u00e5tkomsttillf\u00e4llet \u2013 och f\u00f6r att ta ansvar f\u00f6r och korrekt hantera din rapport om en otj\u00e4nst, f\u00f6r administrativa och bokf\u00f6ringsm\u00e4ssiga \u00e4ndam\u00e5l, f\u00f6r att uppfylla juridiska eller reglerande skyldigheter.<\/li>\n<li>f\u00f6r marknadsf\u00f6rings\u00e4ndam\u00e5l, f\u00f6r att skicka dig nyhetsbrev som inneh\u00e5ller information och uppdateringar om BESTWAYs produkter, tj\u00e4nster, evenemang och erbjudanden, med f\u00f6rbeh\u00e5ll f\u00f6r ditt samtycke genom att kryssa i l\u00e4mplig box.<\/li>\n<li>under f\u00f6ruts\u00e4ttning att du samtycker genom att markera l\u00e4mplig box, kan information som k\u00f6n, \u00e5ldersintervall, anst\u00e4llningsstatus, motivation f\u00f6r produktk\u00f6p, metod f\u00f6r produktk\u00f6p och antal barn i hush\u00e5llet samlas in f\u00f6r statistiska \u00e4ndam\u00e5l. Denna data samlas in av BESTWAY f\u00f6r att f\u00e5 en samlad bild av sina kunder utan att f\u00f6rs\u00f6ka g\u00f6ra f\u00f6ruts\u00e4gelser eller dra specifika slutsatser f\u00f6r dig, eftersom syftet inte \u00e4r att utv\u00e4rdera individuella egenskaper.<\/li>\n<li>med ditt samtycke, genom att markera l\u00e4mplig box, kan vi e-posta dig en beg\u00e4ran om att delta i en unders\u00f6kning om v\u00e5ra produkter och din erfarenhet av att anv\u00e4nda dem;<\/li>\n<\/ul>\n<p>Den r\u00e4ttsliga grunden f\u00f6r behandlingen av de uppgifter som avses i punkt (i) \u00e4r uppr\u00e4ttandet och genomf\u00f6randet av de avtalsm\u00e4ssiga\/kommersiella villkoren och till\u00e4mpliga r\u00e4ttsliga best\u00e4mmelser; dessa uppgifter \u00e4r obligatoriska och v\u00e4gran att tillhandah\u00e5lla dem kan hindra BESTWAY fr\u00e5n att uppfylla den beg\u00e4rda tj\u00e4nsten. N\u00e4r det g\u00e4ller punkterna (ii), (iii) och (iv), \u00e4r den r\u00e4ttsliga grunden f\u00f6r denna behandling ditt fria och valfria samtycke, och varje v\u00e4gran att ge s\u00e5dant samtycke kommer endast att hindra dig fr\u00e5n att ta emot ovann\u00e4mnda meddelanden.<\/p>\n<p>Dina uppgifter kommer att behandlas p\u00e5 papper och elektroniska medel i enlighet med g\u00e4llande lagstiftning om skydd av personuppgifter (EU-f\u00f6rordning 679\/2016 eller &#8220;GDPR&#8221; med \u00e4ndringar och till\u00e4gg). De personuppgifter du l\u00e4mnar kan l\u00e4mnas ut till tredje part, s\u00e5som personer, f\u00f6reningar, professionella f\u00f6retag och f\u00f6retag som tillhandah\u00e5ller konsult- och st\u00f6dtj\u00e4nster och aktiviteter till BESTWAY (inklusive f\u00f6retag i BESTWAY-gruppen som kan vara bel\u00e4gna utanf\u00f6r EU), i deras egenskap som databehandlare om de \u00e4r vederb\u00f6rligen utsedda och f\u00f6rutsatt att det finns adekvata skydds\u00e5tg\u00e4rder f\u00f6r skydd av personuppgifter, gemensamma personuppgiftsansvariga eller oberoende personuppgiftsansvariga, samt BESTWAY-personal som utsetts till databehandlare endast f\u00f6r de \u00e4ndam\u00e5l som beskrivs ovan. En fullst\u00e4ndig lista \u00f6ver de personuppgiftsansvariga eller databehandlare till vilka uppgifterna kan l\u00e4mnas ut finns tillg\u00e4nglig p\u00e5 beg\u00e4ran.<\/p>\n<p>F\u00f6r klagom\u00e5lshanterings\u00e4ndam\u00e5l som beskrivs i (i), kommer dina uppgifter att beh\u00e5llas \u00e4ven efter upph\u00f6randet av det avtalsm\u00e4ssiga\/kommersiella f\u00f6rh\u00e5llandet med BESTWAY f\u00f6r fullg\u00f6rande av alla f\u00f6rpliktelser relaterade till eller som uppst\u00e5r fr\u00e5n ing\u00e5endet av f\u00f6rh\u00e5llandet, inklusive de relaterade till lagliga skyldigheter och preskriptionsregler som anges f\u00f6r detta \u00e4ndam\u00e5l av till\u00e4mplig lag och i alla h\u00e4ndelser inte l\u00e4ngre \u00e4n 10 \u00e5r.<\/p>\n<p>Med avseende p\u00e5 marknadsf\u00f6ringssyften som beskrivs i (ii), kommer dina uppgifter att sparas i h\u00f6gst 8 \u00e5r fr\u00e5n det att du ger ditt tillst\u00e5nd. Kunder kan n\u00e4r som helst avbryta prenumerationen p\u00e5 nyhetsbrevstj\u00e4nsten genom att klicka p\u00e5 l\u00e4nken &#8220;avsluta prenumeration&#8221; som finns i varje e-postmeddelande eller genom att skicka ett e-postmeddelande till <a href=\"mailto:privacy@bestwaycorp.eu\">privacy@bestwaycorp.eu<\/a>.<\/p>\n<p>F\u00f6r statistik och unders\u00f6kningar som beskrivs i (iii) och (iv) ovan, kommer dina uppgifter att lagras i upp till 8 \u00e5r fr\u00e5n det datum vi f\u00e5r ditt samtycke.<\/p>\n<p>Du kan n\u00e4r som helst ut\u00f6va alla r\u00e4ttigheter som anges i Art. 15 och f\u00f6ljande i f\u00f6rordningen, inklusive i synnerhet r\u00e4tten att f\u00e5 tillg\u00e5ng till dina personuppgifter, r\u00e4tten till r\u00e4ttelse, r\u00e4tten till radering, r\u00e4tten att inv\u00e4nda mot deras behandling, r\u00e4tten till dataportabilitet och r\u00e4tten att l\u00e4mna in ett klagom\u00e5l till den personliga Dataskyddsmyndighet utsedd i ditt land (<a href=\"https:\/\/edpb.europa.eu\/about-edpb\/board\/members_en\" target=\"_blank\" rel=\"noopener\">https:\/\/edpb.europa.eu\/about-edpb\/board\/members_en<\/a>).<\/p>\n<p>Ovann\u00e4mnda r\u00e4ttigheter kan ut\u00f6vas genom att skicka ett e-postmeddelande till f\u00f6ljande adress <a href=\"mailto:privacy@bestwaycorp.eu\">privacy@bestwaycorp.eu<\/a><\/p>\t\t\t\t\t\t\t\t<\/div>\n\t\t\t\t<\/div>\n\t\t\t\t\t<\/div>\n\t\t\t\t<\/div>\n\t\t\t\t<\/div>\n\t\t","protected":false},"excerpt":{"rendered":"<p>Marknadsf\u00f6ring Policy enligt europeisk f\u00f6rordning 2016\/679 (GDPR) som \u00e4ndringar och till\u00e4gg till denna Datakontrollant: BESTWAY EUROPE S.P.A., med registrerat kontor i San Giuliano Milanese (Mi), via Resistenza 5 (&#8220;BESTWAY&#8221;), Italien. DPO: privacy@bestwaycorp.eu Datakontrollanten kommer att behandla f\u00f6ljande data: Med f\u00f6rbeh\u00e5ll f\u00f6r ditt samtycke genom att markera den relevanta boxen kommer den personuppgiftsansvarige att behandla dina [&hellip;]<\/p>\n","protected":false},"author":9,"featured_media":0,"parent":0,"menu_order":0,"comment_status":"closed","ping_status":"closed","template":"","meta":{"_acf_changed":false,"site-sidebar-layout":"no-sidebar","site-content-layout":"page-builder","ast-site-content-layout":"full-width-container","site-content-style":"default","site-sidebar-style":"default","ast-global-header-display":"","ast-banner-title-visibility":"","ast-main-header-display":"","ast-hfb-above-header-display":"","ast-hfb-below-header-display":"","ast-hfb-mobile-header-display":"","site-post-title":"","ast-breadcrumbs-content":"","ast-featured-img":"disabled","footer-sml-layout":"","ast-disable-related-posts":"","theme-transparent-header-meta":"","adv-header-id-meta":"","stick-header-meta":"","header-above-stick-meta":"","header-main-stick-meta":"","header-below-stick-meta":"","astra-migrate-meta-layouts":"set","ast-page-background-enabled":"default","ast-page-background-meta":{"desktop":{"background-color":"var(--ast-global-color-4)","background-image":"","background-repeat":"repeat","background-position":"center center","background-size":"auto","background-attachment":"scroll","background-type":"","background-media":"","overlay-type":"","overlay-color":"","overlay-opacity":"","overlay-gradient":""},"tablet":{"background-color":"","background-image":"","background-repeat":"repeat","background-position":"center center","background-size":"auto","background-attachment":"scroll","background-type":"","background-media":"","overlay-type":"","overlay-color":"","overlay-opacity":"","overlay-gradient":""},"mobile":{"background-color":"","background-image":"","background-repeat":"repeat","background-position":"center center","background-size":"auto","background-attachment":"scroll","background-type":"","background-media":"","overlay-type":"","overlay-color":"","overlay-opacity":"","overlay-gradient":""}},"ast-content-background-meta":{"desktop":{"background-color":"var(--ast-global-color-5)","background-image":"","background-repeat":"repeat","background-position":"center center","background-size":"auto","background-attachment":"scroll","background-type":"","background-media":"","overlay-type":"","overlay-color":"","overlay-opacity":"","overlay-gradient":""},"tablet":{"background-color":"var(--ast-global-color-5)","background-image":"","background-repeat":"repeat","background-position":"center center","background-size":"auto","background-attachment":"scroll","background-type":"","background-media":"","overlay-type":"","overlay-color":"","overlay-opacity":"","overlay-gradient":""},"mobile":{"background-color":"var(--ast-global-color-5)","background-image":"","background-repeat":"repeat","background-position":"center center","background-size":"auto","background-attachment":"scroll","background-type":"","background-media":"","overlay-type":"","overlay-color":"","overlay-opacity":"","overlay-gradient":""}},"footnotes":""},"class_list":["post-5860","page","type-page","status-publish","hentry"],"acf":[],"yoast_head":"<!-- This site is optimized with the Yoast SEO plugin v27.4 - https:\/\/yoast.com\/product\/yoast-seo-wordpress\/ -->\n<title>Integritetspolicy - GDPR - Legal<\/title>\n<meta name=\"robots\" content=\"noindex, follow, max-snippet:-1, max-image-preview:large, max-video-preview:-1\" \/>\n<meta property=\"og:locale\" content=\"en_US\" \/>\n<meta property=\"og:type\" content=\"article\" \/>\n<meta property=\"og:title\" content=\"Integritetspolicy - GDPR - Legal\" \/>\n<meta property=\"og:description\" content=\"Marknadsf\u00f6ring Policy enligt europeisk f\u00f6rordning 2016\/679 (GDPR) som \u00e4ndringar och till\u00e4gg till denna Datakontrollant: BESTWAY EUROPE S.P.A., med registrerat kontor i San Giuliano Milanese (Mi), via Resistenza 5 (&#8220;BESTWAY&#8221;), Italien. DPO: privacy@bestwaycorp.eu Datakontrollanten kommer att behandla f\u00f6ljande data: Med f\u00f6rbeh\u00e5ll f\u00f6r ditt samtycke genom att markera den relevanta boxen kommer den personuppgiftsansvarige att behandla dina [&hellip;]\" \/>\n<meta property=\"og:url\" content=\"https:\/\/legal.bestway.eu\/se-sv\/privacy-notice\/\" \/>\n<meta property=\"og:site_name\" content=\"Legal\" \/>\n<meta property=\"article:modified_time\" content=\"2026-01-19T08:52:35+00:00\" \/>\n<meta name=\"twitter:card\" content=\"summary_large_image\" \/>\n<meta name=\"twitter:label1\" content=\"Est. reading time\" \/>\n\t<meta name=\"twitter:data1\" content=\"6 minutes\" \/>\n<script type=\"application\/ld+json\" class=\"yoast-schema-graph\">{\"@context\":\"https:\\\/\\\/schema.org\",\"@graph\":[{\"@type\":\"WebPage\",\"@id\":\"https:\\\/\\\/legal.bestway.eu\\\/se-sv\\\/privacy-notice\\\/\",\"url\":\"https:\\\/\\\/legal.bestway.eu\\\/se-sv\\\/privacy-notice\\\/\",\"name\":\"Integritetspolicy - GDPR - Legal\",\"isPartOf\":{\"@id\":\"https:\\\/\\\/legal.bestway.eu\\\/se-sv\\\/#website\"},\"datePublished\":\"2023-10-24T10:37:41+00:00\",\"dateModified\":\"2026-01-19T08:52:35+00:00\",\"inLanguage\":\"sv-se\",\"potentialAction\":[{\"@type\":\"ReadAction\",\"target\":[\"https:\\\/\\\/legal.bestway.eu\\\/se-sv\\\/privacy-notice\\\/\"]}]},{\"@type\":\"WebSite\",\"@id\":\"https:\\\/\\\/legal.bestway.eu\\\/se-sv\\\/#website\",\"url\":\"https:\\\/\\\/legal.bestway.eu\\\/se-sv\\\/\",\"name\":\"Legal\",\"description\":\"Legal\",\"publisher\":{\"@id\":\"https:\\\/\\\/legal.bestway.eu\\\/se-sv\\\/#organization\"},\"potentialAction\":[{\"@type\":\"SearchAction\",\"target\":{\"@type\":\"EntryPoint\",\"urlTemplate\":\"https:\\\/\\\/legal.bestway.eu\\\/se-sv\\\/?s={search_term_string}\"},\"query-input\":{\"@type\":\"PropertyValueSpecification\",\"valueRequired\":true,\"valueName\":\"search_term_string\"}}],\"inLanguage\":\"sv-se\"},{\"@type\":\"Organization\",\"@id\":\"https:\\\/\\\/legal.bestway.eu\\\/se-sv\\\/#organization\",\"name\":\"Legal\",\"url\":\"https:\\\/\\\/legal.bestway.eu\\\/se-sv\\\/\",\"logo\":{\"@type\":\"ImageObject\",\"inLanguage\":\"sv-se\",\"@id\":\"https:\\\/\\\/legal.bestway.eu\\\/se-sv\\\/#\\\/schema\\\/logo\\\/image\\\/\",\"url\":\"https:\\\/\\\/legal.bestway.eu\\\/wp-content\\\/uploads\\\/sites\\\/2\\\/2023\\\/10\\\/bw-white-logo@2x.png\",\"contentUrl\":\"https:\\\/\\\/legal.bestway.eu\\\/wp-content\\\/uploads\\\/sites\\\/2\\\/2023\\\/10\\\/bw-white-logo@2x.png\",\"width\":348,\"height\":138,\"caption\":\"Legal\"},\"image\":{\"@id\":\"https:\\\/\\\/legal.bestway.eu\\\/se-sv\\\/#\\\/schema\\\/logo\\\/image\\\/\"}}]}<\/script>\n<!-- \/ Yoast SEO plugin. -->","yoast_head_json":{"title":"Integritetspolicy - GDPR - Legal","robots":{"index":"noindex","follow":"follow","max-snippet":"max-snippet:-1","max-image-preview":"max-image-preview:large","max-video-preview":"max-video-preview:-1"},"og_locale":"en_US","og_type":"article","og_title":"Integritetspolicy - GDPR - Legal","og_description":"Marknadsf\u00f6ring Policy enligt europeisk f\u00f6rordning 2016\/679 (GDPR) som \u00e4ndringar och till\u00e4gg till denna Datakontrollant: BESTWAY EUROPE S.P.A., med registrerat kontor i San Giuliano Milanese (Mi), via Resistenza 5 (&#8220;BESTWAY&#8221;), Italien. DPO: privacy@bestwaycorp.eu Datakontrollanten kommer att behandla f\u00f6ljande data: Med f\u00f6rbeh\u00e5ll f\u00f6r ditt samtycke genom att markera den relevanta boxen kommer den personuppgiftsansvarige att behandla dina [&hellip;]","og_url":"https:\/\/legal.bestway.eu\/se-sv\/privacy-notice\/","og_site_name":"Legal","article_modified_time":"2026-01-19T08:52:35+00:00","twitter_card":"summary_large_image","twitter_misc":{"Est. reading time":"6 minutes"},"schema":{"@context":"https:\/\/schema.org","@graph":[{"@type":"WebPage","@id":"https:\/\/legal.bestway.eu\/se-sv\/privacy-notice\/","url":"https:\/\/legal.bestway.eu\/se-sv\/privacy-notice\/","name":"Integritetspolicy - GDPR - Legal","isPartOf":{"@id":"https:\/\/legal.bestway.eu\/se-sv\/#website"},"datePublished":"2023-10-24T10:37:41+00:00","dateModified":"2026-01-19T08:52:35+00:00","inLanguage":"sv-se","potentialAction":[{"@type":"ReadAction","target":["https:\/\/legal.bestway.eu\/se-sv\/privacy-notice\/"]}]},{"@type":"WebSite","@id":"https:\/\/legal.bestway.eu\/se-sv\/#website","url":"https:\/\/legal.bestway.eu\/se-sv\/","name":"Legal","description":"Legal","publisher":{"@id":"https:\/\/legal.bestway.eu\/se-sv\/#organization"},"potentialAction":[{"@type":"SearchAction","target":{"@type":"EntryPoint","urlTemplate":"https:\/\/legal.bestway.eu\/se-sv\/?s={search_term_string}"},"query-input":{"@type":"PropertyValueSpecification","valueRequired":true,"valueName":"search_term_string"}}],"inLanguage":"sv-se"},{"@type":"Organization","@id":"https:\/\/legal.bestway.eu\/se-sv\/#organization","name":"Legal","url":"https:\/\/legal.bestway.eu\/se-sv\/","logo":{"@type":"ImageObject","inLanguage":"sv-se","@id":"https:\/\/legal.bestway.eu\/se-sv\/#\/schema\/logo\/image\/","url":"https:\/\/legal.bestway.eu\/wp-content\/uploads\/sites\/2\/2023\/10\/bw-white-logo@2x.png","contentUrl":"https:\/\/legal.bestway.eu\/wp-content\/uploads\/sites\/2\/2023\/10\/bw-white-logo@2x.png","width":348,"height":138,"caption":"Legal"},"image":{"@id":"https:\/\/legal.bestway.eu\/se-sv\/#\/schema\/logo\/image\/"}}]}},"_links":{"self":[{"href":"https:\/\/legal.bestway.eu\/se-sv\/wp-json\/wp\/v2\/pages\/5860","targetHints":{"allow":["GET"]}}],"collection":[{"href":"https:\/\/legal.bestway.eu\/se-sv\/wp-json\/wp\/v2\/pages"}],"about":[{"href":"https:\/\/legal.bestway.eu\/se-sv\/wp-json\/wp\/v2\/types\/page"}],"author":[{"embeddable":true,"href":"https:\/\/legal.bestway.eu\/se-sv\/wp-json\/wp\/v2\/users\/9"}],"replies":[{"embeddable":true,"href":"https:\/\/legal.bestway.eu\/se-sv\/wp-json\/wp\/v2\/comments?post=5860"}],"version-history":[{"count":12,"href":"https:\/\/legal.bestway.eu\/se-sv\/wp-json\/wp\/v2\/pages\/5860\/revisions"}],"predecessor-version":[{"id":8955,"href":"https:\/\/legal.bestway.eu\/se-sv\/wp-json\/wp\/v2\/pages\/5860\/revisions\/8955"}],"wp:attachment":[{"href":"https:\/\/legal.bestway.eu\/se-sv\/wp-json\/wp\/v2\/media?parent=5860"}],"curies":[{"name":"wp","href":"https:\/\/api.w.org\/{rel}","templated":true}]}}