{"id":5853,"date":"2023-10-24T11:15:40","date_gmt":"2023-10-24T09:15:40","guid":{"rendered":"https:\/\/legal.bestway.eu\/?page_id=5853"},"modified":"2026-02-10T10:56:27","modified_gmt":"2026-02-10T09:56:27","slug":"warranty-exstension","status":"publish","type":"page","link":"https:\/\/legal.bestway.eu\/se-sv\/warranty-exstension\/","title":{"rendered":"Bestway Garanti"},"content":{"rendered":"\t\t<div data-elementor-type=\"wp-page\" data-elementor-id=\"5853\" class=\"elementor elementor-5853\" data-elementor-post-type=\"page\">\n\t\t\t\t<div class=\"elementor-element elementor-element-201a7b e-flex e-con-boxed e-con e-parent\" data-id=\"201a7b\" data-element_type=\"container\" data-e-type=\"container\">\n\t\t\t\t\t<div class=\"e-con-inner\">\n\t\t\t\t<div class=\"elementor-element elementor-element-3862fa4 elementor-widget elementor-widget-text-editor\" data-id=\"3862fa4\" data-element_type=\"widget\" data-e-type=\"widget\" data-widget_type=\"text-editor.default\">\n\t\t\t\t<div class=\"elementor-widget-container\">\n\t\t\t\t\t\t\t\t\t<p>Nedan anges de garantivillkor som till\u00e4mpas av BESTWAY EUROPE S.p.A., med s\u00e4te p\u00e5 Via della Resistenza n. 5, San Giuliano Milanese (20098) &#8211; Milano, Italien (nedan kallat \u201dBESTWAY\u201d), p\u00e5 produkter som s\u00e4ljs inom Europeiska ekonomiska samarbetsomr\u00e5det under varum\u00e4rket BESTWAY.<\/p>\t\t\t\t\t\t\t\t<\/div>\n\t\t\t\t<\/div>\n\t\t\t\t\t<\/div>\n\t\t\t\t<\/div>\n\t\t<div class=\"elementor-element elementor-element-2d7f1d1b e-flex e-con-boxed e-con e-parent\" data-id=\"2d7f1d1b\" data-element_type=\"container\" data-e-type=\"container\">\n\t\t\t\t\t<div class=\"e-con-inner\">\n\t\t\t\t<div class=\"elementor-element elementor-element-7112739 elementor-widget elementor-widget-heading\" data-id=\"7112739\" data-element_type=\"widget\" data-e-type=\"widget\" data-widget_type=\"heading.default\">\n\t\t\t\t<div class=\"elementor-widget-container\">\n\t\t\t\t\t<h2 class=\"elementor-heading-title elementor-size-default\">Lagstadgad garanti<\/h2>\t\t\t\t<\/div>\n\t\t\t\t<\/div>\n\t\t\t\t<div class=\"elementor-element elementor-element-0f3351f elementor-widget elementor-widget-text-editor\" data-id=\"0f3351f\" data-element_type=\"widget\" data-e-type=\"widget\" data-widget_type=\"text-editor.default\">\n\t\t\t\t<div class=\"elementor-widget-container\">\n\t\t\t\t\t\t\t\t\t<p>1.1 Den lagstadgade garantin tillhandah\u00e5lls av de europeiska direktiven 1999\/44\/EC och 2019\/771\/EC, som syftar till att skydda konsumenten, enligt definitionen nedan, i h\u00e4ndelse av att de k\u00f6pta varorna (\u201dprodukterna&#8221;) har brister i \u00f6verensst\u00e4mmelse.<\/p><ul class=\"points-list-blue\">\n<\/ul>\n<p>1.2 I enlighet med de ovann\u00e4mnda europeiska direktiven \u00e4r konsumenten en fysisk person som k\u00f6per en produkt f\u00f6r \u00e4ndam\u00e5l som inte har samband med hans eller hennes aff\u00e4rsverksamhet, r\u00f6relse, hantverk eller yrke (\u201dkonsumenten&#8221;).<\/p>\n<p>1.3 Den juridiska garantin g\u00e4ller i 24 m\u00e5nader fr\u00e5n leverans av varorna till Konsumenten. T\u00e4nk p\u00e5 att villkoren i de n\u00e4mnda direktiven inte g\u00e4ller utanf\u00f6r de l\u00e4nder inom det Europeiska ekonomiska samarbetsomr\u00e5det f\u00f6r vilka den relevanta lokala lagstiftningen g\u00e4ller.<\/p>\n<p>1.4 Om konsumenten anser att han eller hon har k\u00f6pt en produkt med bristande avtalsenlighet m\u00e5ste han eller hon kontakta \u00e5terf\u00f6rs\u00e4ljaren f\u00f6r att utnyttja den tillh\u00f6rande garantin.<\/p>\n<p>1.5 BESTWAY ska tillhandah\u00e5lla garantin f\u00f6r eventuella brister i produktens avtalsenlighet till alla konsumenter som k\u00f6per produkterna direkt fr\u00e5n BESTWAY.<\/p>\t\t\t\t\t\t\t\t<\/div>\n\t\t\t\t<\/div>\n\t\t\t\t<div class=\"elementor-element elementor-element-1fe5510 elementor-widget elementor-widget-heading\" data-id=\"1fe5510\" data-element_type=\"widget\" data-e-type=\"widget\" data-widget_type=\"heading.default\">\n\t\t\t\t<div class=\"elementor-widget-container\">\n\t\t\t\t\t<h2 class=\"elementor-heading-title elementor-size-default\">Tillverkargaranti<\/h2>\t\t\t\t<\/div>\n\t\t\t\t<\/div>\n\t\t\t\t<div class=\"elementor-element elementor-element-b5b3ff4 elementor-widget elementor-widget-text-editor\" data-id=\"b5b3ff4\" data-element_type=\"widget\" data-e-type=\"widget\" data-widget_type=\"text-editor.default\">\n\t\t\t\t<div class=\"elementor-widget-container\">\n\t\t\t\t\t\t\t\t\t<p>Utan att det p\u00e5verkar de garantier och r\u00e4ttigheter som f\u00f6reskrivs i lag och utan att det p\u00e5verkar konsumentens m\u00f6jlighet att aktivera den ovan n\u00e4mnda lagliga garantin, erbjuder BESTWAY en ytterligare garanti (\u201dBESTWAYs tillverkargaranti\u201d) f\u00f6r eventuella fel i \u00f6verensst\u00e4mmelse, som g\u00e4ller f\u00f6r ett begr\u00e4nsat antal produkter.<\/p><p><a href=\"https:\/\/support.bestway.eu\/se-sv\/warranty\" target=\"_blank\" rel=\"noopener\">Klicka h\u00e4r<\/a> f\u00f6r att ta reda p\u00e5 villkoren, vilka produkter som omfattas och hur du aktiverar den.<\/p>\t\t\t\t\t\t\t\t<\/div>\n\t\t\t\t<\/div>\n\t\t\t\t\t<\/div>\n\t\t\t\t<\/div>\n\t\t\t\t<\/div>\n\t\t","protected":false},"excerpt":{"rendered":"<p>Nedan anges de garantivillkor som till\u00e4mpas av BESTWAY EUROPE S.p.A., med s\u00e4te p\u00e5 Via della Resistenza n. 5, San Giuliano Milanese (20098) &#8211; Milano, Italien (nedan kallat \u201dBESTWAY\u201d), p\u00e5 produkter som s\u00e4ljs inom Europeiska ekonomiska samarbetsomr\u00e5det under varum\u00e4rket BESTWAY. Lagstadgad garanti 1.1 Den lagstadgade garantin tillhandah\u00e5lls av de europeiska direktiven 1999\/44\/EC och 2019\/771\/EC, som syftar [&hellip;]<\/p>\n","protected":false},"author":9,"featured_media":0,"parent":0,"menu_order":0,"comment_status":"closed","ping_status":"closed","template":"","meta":{"_acf_changed":false,"site-sidebar-layout":"no-sidebar","site-content-layout":"page-builder","ast-site-content-layout":"full-width-container","site-content-style":"default","site-sidebar-style":"default","ast-global-header-display":"","ast-banner-title-visibility":"","ast-main-header-display":"","ast-hfb-above-header-display":"","ast-hfb-below-header-display":"","ast-hfb-mobile-header-display":"","site-post-title":"disabled","ast-breadcrumbs-content":"","ast-featured-img":"disabled","footer-sml-layout":"","ast-disable-related-posts":"","theme-transparent-header-meta":"","adv-header-id-meta":"","stick-header-meta":"","header-above-stick-meta":"","header-main-stick-meta":"","header-below-stick-meta":"","astra-migrate-meta-layouts":"set","ast-page-background-enabled":"default","ast-page-background-meta":{"desktop":{"background-color":"var(--ast-global-color-4)","background-image":"","background-repeat":"repeat","background-position":"center center","background-size":"auto","background-attachment":"scroll","background-type":"","background-media":"","overlay-type":"","overlay-color":"","overlay-opacity":"","overlay-gradient":""},"tablet":{"background-color":"","background-image":"","background-repeat":"repeat","background-position":"center center","background-size":"auto","background-attachment":"scroll","background-type":"","background-media":"","overlay-type":"","overlay-color":"","overlay-opacity":"","overlay-gradient":""},"mobile":{"background-color":"","background-image":"","background-repeat":"repeat","background-position":"center center","background-size":"auto","background-attachment":"scroll","background-type":"","background-media":"","overlay-type":"","overlay-color":"","overlay-opacity":"","overlay-gradient":""}},"ast-content-background-meta":{"desktop":{"background-color":"var(--ast-global-color-5)","background-image":"","background-repeat":"repeat","background-position":"center center","background-size":"auto","background-attachment":"scroll","background-type":"","background-media":"","overlay-type":"","overlay-color":"","overlay-opacity":"","overlay-gradient":""},"tablet":{"background-color":"var(--ast-global-color-5)","background-image":"","background-repeat":"repeat","background-position":"center center","background-size":"auto","background-attachment":"scroll","background-type":"","background-media":"","overlay-type":"","overlay-color":"","overlay-opacity":"","overlay-gradient":""},"mobile":{"background-color":"var(--ast-global-color-5)","background-image":"","background-repeat":"repeat","background-position":"center center","background-size":"auto","background-attachment":"scroll","background-type":"","background-media":"","overlay-type":"","overlay-color":"","overlay-opacity":"","overlay-gradient":""}},"footnotes":""},"class_list":["post-5853","page","type-page","status-publish","hentry"],"acf":[],"yoast_head":"<!-- This site is optimized with the Yoast SEO plugin v27.4 - https:\/\/yoast.com\/product\/yoast-seo-wordpress\/ -->\n<title>Bestway Garanti - Legal<\/title>\n<meta name=\"robots\" content=\"noindex, follow, max-snippet:-1, max-image-preview:large, max-video-preview:-1\" \/>\n<meta property=\"og:locale\" content=\"en_US\" \/>\n<meta property=\"og:type\" content=\"article\" \/>\n<meta property=\"og:title\" content=\"Bestway Garanti - Legal\" \/>\n<meta property=\"og:description\" content=\"Nedan anges de garantivillkor som till\u00e4mpas av BESTWAY EUROPE S.p.A., med s\u00e4te p\u00e5 Via della Resistenza n. 5, San Giuliano Milanese (20098) &#8211; Milano, Italien (nedan kallat \u201dBESTWAY\u201d), p\u00e5 produkter som s\u00e4ljs inom Europeiska ekonomiska samarbetsomr\u00e5det under varum\u00e4rket BESTWAY. Lagstadgad garanti 1.1 Den lagstadgade garantin tillhandah\u00e5lls av de europeiska direktiven 1999\/44\/EC och 2019\/771\/EC, som syftar [&hellip;]\" \/>\n<meta property=\"og:url\" content=\"https:\/\/legal.bestway.eu\/se-sv\/warranty-exstension\/\" \/>\n<meta property=\"og:site_name\" content=\"Legal\" \/>\n<meta property=\"article:modified_time\" content=\"2026-02-10T09:56:27+00:00\" \/>\n<meta name=\"twitter:card\" content=\"summary_large_image\" \/>\n<meta name=\"twitter:label1\" content=\"Est. reading time\" \/>\n\t<meta name=\"twitter:data1\" content=\"2 minutes\" \/>\n<script type=\"application\/ld+json\" class=\"yoast-schema-graph\">{\"@context\":\"https:\\\/\\\/schema.org\",\"@graph\":[{\"@type\":\"WebPage\",\"@id\":\"https:\\\/\\\/legal.bestway.eu\\\/se-sv\\\/warranty-exstension\\\/\",\"url\":\"https:\\\/\\\/legal.bestway.eu\\\/se-sv\\\/warranty-exstension\\\/\",\"name\":\"Bestway Garanti - Legal\",\"isPartOf\":{\"@id\":\"https:\\\/\\\/legal.bestway.eu\\\/se-sv\\\/#website\"},\"datePublished\":\"2023-10-24T09:15:40+00:00\",\"dateModified\":\"2026-02-10T09:56:27+00:00\",\"inLanguage\":\"sv-se\",\"potentialAction\":[{\"@type\":\"ReadAction\",\"target\":[\"https:\\\/\\\/legal.bestway.eu\\\/se-sv\\\/warranty-exstension\\\/\"]}]},{\"@type\":\"WebSite\",\"@id\":\"https:\\\/\\\/legal.bestway.eu\\\/se-sv\\\/#website\",\"url\":\"https:\\\/\\\/legal.bestway.eu\\\/se-sv\\\/\",\"name\":\"Legal\",\"description\":\"Legal\",\"publisher\":{\"@id\":\"https:\\\/\\\/legal.bestway.eu\\\/se-sv\\\/#organization\"},\"potentialAction\":[{\"@type\":\"SearchAction\",\"target\":{\"@type\":\"EntryPoint\",\"urlTemplate\":\"https:\\\/\\\/legal.bestway.eu\\\/se-sv\\\/?s={search_term_string}\"},\"query-input\":{\"@type\":\"PropertyValueSpecification\",\"valueRequired\":true,\"valueName\":\"search_term_string\"}}],\"inLanguage\":\"sv-se\"},{\"@type\":\"Organization\",\"@id\":\"https:\\\/\\\/legal.bestway.eu\\\/se-sv\\\/#organization\",\"name\":\"Legal\",\"url\":\"https:\\\/\\\/legal.bestway.eu\\\/se-sv\\\/\",\"logo\":{\"@type\":\"ImageObject\",\"inLanguage\":\"sv-se\",\"@id\":\"https:\\\/\\\/legal.bestway.eu\\\/se-sv\\\/#\\\/schema\\\/logo\\\/image\\\/\",\"url\":\"https:\\\/\\\/legal.bestway.eu\\\/wp-content\\\/uploads\\\/sites\\\/2\\\/2023\\\/10\\\/bw-white-logo@2x.png\",\"contentUrl\":\"https:\\\/\\\/legal.bestway.eu\\\/wp-content\\\/uploads\\\/sites\\\/2\\\/2023\\\/10\\\/bw-white-logo@2x.png\",\"width\":348,\"height\":138,\"caption\":\"Legal\"},\"image\":{\"@id\":\"https:\\\/\\\/legal.bestway.eu\\\/se-sv\\\/#\\\/schema\\\/logo\\\/image\\\/\"}}]}<\/script>\n<!-- \/ Yoast SEO plugin. -->","yoast_head_json":{"title":"Bestway Garanti - Legal","robots":{"index":"noindex","follow":"follow","max-snippet":"max-snippet:-1","max-image-preview":"max-image-preview:large","max-video-preview":"max-video-preview:-1"},"og_locale":"en_US","og_type":"article","og_title":"Bestway Garanti - Legal","og_description":"Nedan anges de garantivillkor som till\u00e4mpas av BESTWAY EUROPE S.p.A., med s\u00e4te p\u00e5 Via della Resistenza n. 5, San Giuliano Milanese (20098) &#8211; Milano, Italien (nedan kallat \u201dBESTWAY\u201d), p\u00e5 produkter som s\u00e4ljs inom Europeiska ekonomiska samarbetsomr\u00e5det under varum\u00e4rket BESTWAY. Lagstadgad garanti 1.1 Den lagstadgade garantin tillhandah\u00e5lls av de europeiska direktiven 1999\/44\/EC och 2019\/771\/EC, som syftar [&hellip;]","og_url":"https:\/\/legal.bestway.eu\/se-sv\/warranty-exstension\/","og_site_name":"Legal","article_modified_time":"2026-02-10T09:56:27+00:00","twitter_card":"summary_large_image","twitter_misc":{"Est. reading time":"2 minutes"},"schema":{"@context":"https:\/\/schema.org","@graph":[{"@type":"WebPage","@id":"https:\/\/legal.bestway.eu\/se-sv\/warranty-exstension\/","url":"https:\/\/legal.bestway.eu\/se-sv\/warranty-exstension\/","name":"Bestway Garanti - Legal","isPartOf":{"@id":"https:\/\/legal.bestway.eu\/se-sv\/#website"},"datePublished":"2023-10-24T09:15:40+00:00","dateModified":"2026-02-10T09:56:27+00:00","inLanguage":"sv-se","potentialAction":[{"@type":"ReadAction","target":["https:\/\/legal.bestway.eu\/se-sv\/warranty-exstension\/"]}]},{"@type":"WebSite","@id":"https:\/\/legal.bestway.eu\/se-sv\/#website","url":"https:\/\/legal.bestway.eu\/se-sv\/","name":"Legal","description":"Legal","publisher":{"@id":"https:\/\/legal.bestway.eu\/se-sv\/#organization"},"potentialAction":[{"@type":"SearchAction","target":{"@type":"EntryPoint","urlTemplate":"https:\/\/legal.bestway.eu\/se-sv\/?s={search_term_string}"},"query-input":{"@type":"PropertyValueSpecification","valueRequired":true,"valueName":"search_term_string"}}],"inLanguage":"sv-se"},{"@type":"Organization","@id":"https:\/\/legal.bestway.eu\/se-sv\/#organization","name":"Legal","url":"https:\/\/legal.bestway.eu\/se-sv\/","logo":{"@type":"ImageObject","inLanguage":"sv-se","@id":"https:\/\/legal.bestway.eu\/se-sv\/#\/schema\/logo\/image\/","url":"https:\/\/legal.bestway.eu\/wp-content\/uploads\/sites\/2\/2023\/10\/bw-white-logo@2x.png","contentUrl":"https:\/\/legal.bestway.eu\/wp-content\/uploads\/sites\/2\/2023\/10\/bw-white-logo@2x.png","width":348,"height":138,"caption":"Legal"},"image":{"@id":"https:\/\/legal.bestway.eu\/se-sv\/#\/schema\/logo\/image\/"}}]}},"_links":{"self":[{"href":"https:\/\/legal.bestway.eu\/se-sv\/wp-json\/wp\/v2\/pages\/5853","targetHints":{"allow":["GET"]}}],"collection":[{"href":"https:\/\/legal.bestway.eu\/se-sv\/wp-json\/wp\/v2\/pages"}],"about":[{"href":"https:\/\/legal.bestway.eu\/se-sv\/wp-json\/wp\/v2\/types\/page"}],"author":[{"embeddable":true,"href":"https:\/\/legal.bestway.eu\/se-sv\/wp-json\/wp\/v2\/users\/9"}],"replies":[{"embeddable":true,"href":"https:\/\/legal.bestway.eu\/se-sv\/wp-json\/wp\/v2\/comments?post=5853"}],"version-history":[{"count":11,"href":"https:\/\/legal.bestway.eu\/se-sv\/wp-json\/wp\/v2\/pages\/5853\/revisions"}],"predecessor-version":[{"id":9046,"href":"https:\/\/legal.bestway.eu\/se-sv\/wp-json\/wp\/v2\/pages\/5853\/revisions\/9046"}],"wp:attachment":[{"href":"https:\/\/legal.bestway.eu\/se-sv\/wp-json\/wp\/v2\/media?parent=5853"}],"curies":[{"name":"wp","href":"https:\/\/api.w.org\/{rel}","templated":true}]}}