{"id":8704,"date":"2025-06-09T15:47:15","date_gmt":"2025-06-09T13:47:15","guid":{"rendered":"https:\/\/legal.bestway.eu\/accessibility\/"},"modified":"2025-06-23T09:57:00","modified_gmt":"2025-06-23T07:57:00","slug":"accessibility","status":"publish","type":"page","link":"https:\/\/legal.bestway.eu\/ro-ro\/accessibility\/","title":{"rendered":"Accesibilitate"},"content":{"rendered":"\t\t<div data-elementor-type=\"wp-page\" data-elementor-id=\"8704\" class=\"elementor elementor-8704\" data-elementor-post-type=\"page\">\n\t\t\t\t<div class=\"elementor-element elementor-element-5b5bf09 e-flex e-con-boxed e-con e-parent\" data-id=\"5b5bf09\" data-element_type=\"container\" data-e-type=\"container\">\n\t\t\t\t\t<div class=\"e-con-inner\">\n\t\t\t\t<div class=\"elementor-element elementor-element-febc057 elementor-widget elementor-widget-text-editor\" data-id=\"febc057\" data-element_type=\"widget\" data-e-type=\"widget\" data-widget_type=\"text-editor.default\">\n\t\t\t\t<div class=\"elementor-widget-container\">\n\t\t\t\t\t\t\t\t\t<p><br \/>Credem c\u0103 internetul ar trebui s\u0103 fie disponibil \u0219i accesibil tuturor \u0219i ne angaj\u0103m s\u0103 oferim un site web accesibil unui public c\u00e2t mai larg posibil.<\/p><p>Tinim s\u0103 urm\u0103m Ghidul de accesibilitate a con\u021binutului web 2.1 (WCAG 2.1) al Consor\u021biului World Wide Web (W3C). Aceste ghiduri explic\u0103 modul \u00een care se poate face con\u021binutul web accesibil persoanelor, cu o gam\u0103 larg\u0103 de utilizatori cu nevoi diferite. Respectarea acestor ghiduri ne ajut\u0103 s\u0103 ne asigur\u0103m c\u0103 site-urile noastre web sunt accesibile unui num\u0103r c\u00e2t mai mare de persoane.<\/p>\t\t\t\t\t\t\t\t<\/div>\n\t\t\t\t<\/div>\n\t\t\t\t<div class=\"elementor-element elementor-element-a41cc72 elementor-widget elementor-widget-heading\" data-id=\"a41cc72\" data-element_type=\"widget\" data-e-type=\"widget\" data-widget_type=\"heading.default\">\n\t\t\t\t<div class=\"elementor-widget-container\">\n\t\t\t\t\t<h2 class=\"elementor-heading-title elementor-size-default\">Declara\u021bii de accesibilitate<\/h2>\t\t\t\t<\/div>\n\t\t\t\t<\/div>\n\t\t\t\t<div class=\"elementor-element elementor-element-dd82ffd elementor-widget elementor-widget-n-accordion\" data-id=\"dd82ffd\" data-element_type=\"widget\" data-e-type=\"widget\" data-settings=\"{&quot;max_items_expended&quot;:&quot;multiple&quot;,&quot;default_state&quot;:&quot;expanded&quot;,&quot;n_accordion_animation_duration&quot;:{&quot;unit&quot;:&quot;ms&quot;,&quot;size&quot;:400,&quot;sizes&quot;:[]}}\" data-widget_type=\"nested-accordion.default\">\n\t\t\t\t<div class=\"elementor-widget-container\">\n\t\t\t\t\t\t\t<div class=\"e-n-accordion\" aria-label=\"Accordion. Open links with Enter or Space, close with Escape, and navigate with Arrow Keys\">\n\t\t\t\t\t\t<details id=\"e-n-accordion-item-2320\" class=\"e-n-accordion-item\" open>\n\t\t\t\t<summary class=\"e-n-accordion-item-title\" data-accordion-index=\"1\" tabindex=\"0\" aria-expanded=\"true\" aria-controls=\"e-n-accordion-item-2320\" >\n\t\t\t\t\t<span class='e-n-accordion-item-title-header'><div class=\"e-n-accordion-item-title-text\"> Site de asisten\u021b\u0103 (support.bestway.eu) <\/div><\/span>\n\t\t\t\t\t\t\t<span class='e-n-accordion-item-title-icon'>\n\t\t\t<span class='e-opened' ><i aria-hidden=\"true\" class=\"fas fa-minus\"><\/i><\/span>\n\t\t\t<span class='e-closed'><i aria-hidden=\"true\" class=\"fas fa-plus\"><\/i><\/span>\n\t\t<\/span>\n\n\t\t\t\t\t\t<\/summary>\n\t\t\t\t<div role=\"region\" aria-labelledby=\"e-n-accordion-item-2320\" class=\"elementor-element elementor-element-0ab357d e-con-full e-flex e-con e-child\" data-id=\"0ab357d\" data-element_type=\"container\" data-e-type=\"container\">\n\t\t\t\t<div class=\"elementor-element elementor-element-7f3cfd0 elementor-widget elementor-widget-text-editor\" data-id=\"7f3cfd0\" data-element_type=\"widget\" data-e-type=\"widget\" data-widget_type=\"text-editor.default\">\n\t\t\t\t<div class=\"elementor-widget-container\">\n\t\t\t\t\t\t\t\t\t<p data-start=\"106\" data-end=\"193\"><strong data-start=\"106\" data-end=\"193\">Prezenta declara\u021bie de accesibilitate se aplic\u0103 pentru: https:\/\/support.bestway.eu.<\/strong><\/p><p data-start=\"195\" data-end=\"391\"><strong data-start=\"195\" data-end=\"238\">Stare de conformitate: Par\u021bial conform.<\/strong><br data-start=\"238\" data-end=\"241\" \/>Acest site web este par\u021bial conform cu cerin\u021bele prev\u0103zute \u00een Anexa A a standardului UNI CEI EN 301549, din cauza neconformit\u0103\u021bilor enumerate mai jos.<\/p><p data-start=\"533\" data-end=\"567\"><strong data-start=\"533\" data-end=\"565\">1.1.1 \u2013 Con\u021binut non-textual<\/strong><\/p><ul data-start=\"568\" data-end=\"827\"><li data-start=\"568\" data-end=\"649\"><p data-start=\"570\" data-end=\"649\">Unele imagini nu au atributul <code data-start=\"600\" data-end=\"605\">alt<\/code> sau con\u021bin text alternativ ne-descriptiv.<\/p><\/li><li data-start=\"650\" data-end=\"723\"><p data-start=\"652\" data-end=\"723\">Unele iframe-uri nu au text alternativ prin <code data-start=\"696\" data-end=\"703\">title<\/code> sau <code data-start=\"708\" data-end=\"720\">aria-label<\/code>.<\/p><\/li><li data-start=\"724\" data-end=\"827\"><p data-start=\"726\" data-end=\"827\">Anumite elemente decorative nu sunt marcate corect cu <code data-start=\"780\" data-end=\"801\">role=\"presentation\"<\/code> sau <code data-start=\"806\" data-end=\"826\">aria-hidden=\"true\"<\/code>.<\/p><\/li><\/ul><p data-start=\"829\" data-end=\"864\"><strong data-start=\"829\" data-end=\"862\">1.3.1 \u2013 Informa\u021bii \u0219i rela\u021bii<\/strong><\/p><ul data-start=\"865\" data-end=\"1201\"><li data-start=\"865\" data-end=\"951\"><p data-start=\"867\" data-end=\"951\">Mai multe elemente container sunt goale \u00een DOM, rezult\u00e2nd o structur\u0103 nesemantic\u0103.<\/p><\/li><li data-start=\"952\" data-end=\"1043\"><p data-start=\"954\" data-end=\"1043\">Unele c\u00e2mpuri de formular nu au etichete asociate prin <code data-start=\"1009\" data-end=\"1018\">&lt;label&gt;<\/code> sau <code data-start=\"1023\" data-end=\"1040\">aria-labelledby<\/code>.<\/p><\/li><li data-start=\"1044\" data-end=\"1094\"><p data-start=\"1046\" data-end=\"1094\">Unele texte nu au roluri sau propriet\u0103\u021bi ARIA.<\/p><\/li><li data-start=\"1095\" data-end=\"1201\"><p data-start=\"1097\" data-end=\"1201\">Unele documente nu folosesc marcatori semantici pentru titluri (<code data-start=\"1161\" data-end=\"1170\">heading<\/code>), afect\u00e2nd navigarea asistiv\u0103.<\/p><\/li><\/ul><p data-start=\"1203\" data-end=\"1297\"><strong data-start=\"1203\" data-end=\"1295\">1.3.2 \/ 2.1.1 \/ 2.4.3 \u2013 Ordine semnificativ\u0103, acces prin tastatur\u0103, ordine de focalizare<\/strong><\/p><ul data-start=\"1298\" data-end=\"1447\"><li data-start=\"1298\" data-end=\"1447\"><p data-start=\"1300\" data-end=\"1447\">\u00cen unele documente, ordinea de citire \u0219i navigare nu corespunde cu dispunerea vizual\u0103, \u00eengreun\u00e2nd utilizarea cu tastatura sau cititoarele de ecran.<\/p><\/li><\/ul><p data-start=\"1449\" data-end=\"1479\"><strong data-start=\"1449\" data-end=\"1477\">1.4.3 \u2013 Contrast (minim)<\/strong><\/p><ul data-start=\"1480\" data-end=\"1573\"><li data-start=\"1480\" data-end=\"1573\"><p data-start=\"1482\" data-end=\"1573\">Contrastul dintre text \u0219i fundal pentru anumite elemente nu atinge raportul minim de 4.5:1.<\/p><\/li><\/ul><p data-start=\"1575\" data-end=\"1613\"><strong data-start=\"1575\" data-end=\"1611\">1.4.4 \u2013 Redimensionarea textului<\/strong><\/p><ul data-start=\"1614\" data-end=\"1684\"><li data-start=\"1614\" data-end=\"1684\"><p data-start=\"1616\" data-end=\"1684\">Unele texte sunt t\u0103iate sau suprapuse atunci c\u00e2nd se aplic\u0103 m\u0103rirea.<\/p><\/li><\/ul><p data-start=\"1686\" data-end=\"1736\"><strong data-start=\"1686\" data-end=\"1734\">1.4.10 \u2013 Reorganizarea con\u021binutului (Reflow)<\/strong><\/p><ul data-start=\"1737\" data-end=\"1849\"><li data-start=\"1737\" data-end=\"1849\"><p data-start=\"1739\" data-end=\"1849\">Unele pagini sau componente nu gestioneaz\u0103 corect scalarea sau redimensionarea, provoc\u00e2nd probleme de afi\u0219are.<\/p><\/li><\/ul><p data-start=\"1851\" data-end=\"1899\"><strong data-start=\"1851\" data-end=\"1897\">2.4.1 \u2013 S\u0103ri\u021bi peste blocurile de con\u021binut<\/strong><\/p><ul data-start=\"1900\" data-end=\"1981\"><li data-start=\"1900\" data-end=\"1981\"><p data-start=\"1902\" data-end=\"1981\">\u00cen unele pagini lipse\u0219te linkul \u201eS\u0103ri\u021bi la con\u021binut\u201d, accesibil prin tastatur\u0103.<\/p><\/li><\/ul><p data-start=\"1983\" data-end=\"2011\"><strong data-start=\"1983\" data-end=\"2009\">2.4.2 \u2013 Titlul paginii<\/strong><\/p><ul data-start=\"2012\" data-end=\"2124\"><li data-start=\"2012\" data-end=\"2124\"><p data-start=\"2014\" data-end=\"2124\">Lipse\u0219te titlul \u00een metadatele unor documente, ceea ce reduce recunoa\u0219terea con\u021binutului \u00een navigarea asistat\u0103.<\/p><\/li><\/ul><p data-start=\"2126\" data-end=\"2168\"><strong data-start=\"2126\" data-end=\"2166\">2.4.4 \u2013 Scopul linkului (\u00een context)<\/strong><\/p><ul data-start=\"2169\" data-end=\"2220\"><li data-start=\"2169\" data-end=\"2220\"><p data-start=\"2171\" data-end=\"2220\">Unele linkuri nu au text alternativ semnificativ.<\/p><\/li><\/ul><p data-start=\"2222\" data-end=\"2255\"><strong data-start=\"2222\" data-end=\"2253\">2.4.6 \u2013 Titluri \u0219i etichete<\/strong><\/p><ul data-start=\"2256\" data-end=\"2324\"><li data-start=\"2256\" data-end=\"2324\"><p data-start=\"2258\" data-end=\"2324\">\u00cen unele pagini lipsesc titlurile semantice sau tagurile <code data-start=\"2315\" data-end=\"2323\">header<\/code>.<\/p><\/li><\/ul><p data-start=\"2326\" data-end=\"2353\"><strong data-start=\"2326\" data-end=\"2351\">3.1.1 \u2013 Limba paginii<\/strong><\/p><ul data-start=\"2354\" data-end=\"2465\"><li data-start=\"2354\" data-end=\"2465\"><p data-start=\"2356\" data-end=\"2465\">Limba implicit\u0103 a documentului nu este setat\u0103, afect\u00e2nd citirea vocal\u0103 corect\u0103 de c\u0103tre cititoarele de ecran.<\/p><\/li><\/ul><p data-start=\"2467\" data-end=\"2499\"><strong data-start=\"2467\" data-end=\"2497\">4.1.2 \u2013 Nume, rol, valoare<\/strong><\/p><ul data-start=\"2500\" data-end=\"2637\"><li data-start=\"2500\" data-end=\"2559\"><p data-start=\"2502\" data-end=\"2559\">Mai multe butoane nu au etichete text sau <code data-start=\"2544\" data-end=\"2556\">aria-label<\/code>.<\/p><\/li><li data-start=\"2560\" data-end=\"2637\"><p data-start=\"2562\" data-end=\"2637\">Unele atribute ARIA au valori nevalide sau care nu respect\u0103 specifica\u021biile.<\/p><\/li><\/ul>\t\t\t\t\t\t\t\t<\/div>\n\t\t\t\t<\/div>\n\t\t\t\t<\/div>\n\t\t\t\t\t<\/details>\n\t\t\t\t\t<\/div>\n\t\t\t\t\t\t<\/div>\n\t\t\t\t<\/div>\n\t\t\t\t<div class=\"elementor-element elementor-element-3003df7 elementor-widget elementor-widget-heading\" data-id=\"3003df7\" data-element_type=\"widget\" data-e-type=\"widget\" data-widget_type=\"heading.default\">\n\t\t\t\t<div class=\"elementor-widget-container\">\n\t\t\t\t\t<h2 class=\"elementor-heading-title elementor-size-default\">Comentarii \u0219i feedback<\/h2>\t\t\t\t<\/div>\n\t\t\t\t<\/div>\n\t\t\t\t<div class=\"elementor-element elementor-element-2b49daa elementor-widget elementor-widget-text-editor\" data-id=\"2b49daa\" data-element_type=\"widget\" data-e-type=\"widget\" data-widget_type=\"text-editor.default\">\n\t\t\t\t<div class=\"elementor-widget-container\">\n\t\t\t\t\t\t\t\t\t<p><span style=\"font-size: 16px;\">Dezvolt\u0103m site-urile noastre \u00eencerc\u00e2nd s\u0103 respect\u0103m criteriile de accesibilitate digital\u0103, dar este posibil s\u0103 existe pagini sau sec\u021biuni care nu sunt complet accesibile, sunt \u00een curs de a deveni accesibile sau le lipse\u0219te o solu\u021bie tehnologic\u0103 adecvat\u0103 pentru a le face accesibile. Pentru feedback sau raport\u0103ri, scrie\u021bi la <\/span><a style=\"font-size: 16px; background-color: #ffffff;\" href=\"mailto:accessibility@bestwaycorp.eu\"><strong>accessibility@bestwaycorp.eu<\/strong><\/a><\/p>\t\t\t\t\t\t\t\t<\/div>\n\t\t\t\t<\/div>\n\t\t\t\t\t<\/div>\n\t\t\t\t<\/div>\n\t\t\t\t<\/div>\n\t\t","protected":false},"excerpt":{"rendered":"<p>Credem c\u0103 internetul ar trebui s\u0103 fie disponibil \u0219i accesibil tuturor \u0219i ne angaj\u0103m s\u0103 oferim un site web accesibil unui public c\u00e2t mai larg posibil. Tinim s\u0103 urm\u0103m Ghidul de accesibilitate a con\u021binutului web 2.1 (WCAG 2.1) al Consor\u021biului World Wide Web (W3C). Aceste ghiduri explic\u0103 modul \u00een care se poate face con\u021binutul web [&hellip;]<\/p>\n","protected":false},"author":1,"featured_media":0,"parent":0,"menu_order":0,"comment_status":"closed","ping_status":"closed","template":"","meta":{"_acf_changed":false,"site-sidebar-layout":"no-sidebar","site-content-layout":"page-builder","ast-site-content-layout":"full-width-container","site-content-style":"default","site-sidebar-style":"default","ast-global-header-display":"","ast-banner-title-visibility":"","ast-main-header-display":"","ast-hfb-above-header-display":"","ast-hfb-below-header-display":"","ast-hfb-mobile-header-display":"","site-post-title":"disabled","ast-breadcrumbs-content":"","ast-featured-img":"disabled","footer-sml-layout":"","ast-disable-related-posts":"","theme-transparent-header-meta":"","adv-header-id-meta":"","stick-header-meta":"","header-above-stick-meta":"","header-main-stick-meta":"","header-below-stick-meta":"","astra-migrate-meta-layouts":"set","ast-page-background-enabled":"default","ast-page-background-meta":{"desktop":{"background-color":"var(--ast-global-color-4)","background-image":"","background-repeat":"repeat","background-position":"center center","background-size":"auto","background-attachment":"scroll","background-type":"","background-media":"","overlay-type":"","overlay-color":"","overlay-opacity":"","overlay-gradient":""},"tablet":{"background-color":"","background-image":"","background-repeat":"repeat","background-position":"center center","background-size":"auto","background-attachment":"scroll","background-type":"","background-media":"","overlay-type":"","overlay-color":"","overlay-opacity":"","overlay-gradient":""},"mobile":{"background-color":"","background-image":"","background-repeat":"repeat","background-position":"center center","background-size":"auto","background-attachment":"scroll","background-type":"","background-media":"","overlay-type":"","overlay-color":"","overlay-opacity":"","overlay-gradient":""}},"ast-content-background-meta":{"desktop":{"background-color":"var(--ast-global-color-5)","background-image":"","background-repeat":"repeat","background-position":"center center","background-size":"auto","background-attachment":"scroll","background-type":"","background-media":"","overlay-type":"","overlay-color":"","overlay-opacity":"","overlay-gradient":""},"tablet":{"background-color":"var(--ast-global-color-5)","background-image":"","background-repeat":"repeat","background-position":"center center","background-size":"auto","background-attachment":"scroll","background-type":"","background-media":"","overlay-type":"","overlay-color":"","overlay-opacity":"","overlay-gradient":""},"mobile":{"background-color":"var(--ast-global-color-5)","background-image":"","background-repeat":"repeat","background-position":"center center","background-size":"auto","background-attachment":"scroll","background-type":"","background-media":"","overlay-type":"","overlay-color":"","overlay-opacity":"","overlay-gradient":""}},"footnotes":""},"class_list":["post-8704","page","type-page","status-publish","hentry"],"acf":[],"yoast_head":"<!-- This site is optimized with the Yoast SEO plugin v27.6 - https:\/\/yoast.com\/product\/yoast-seo-wordpress\/ -->\n<title>Accesibilitate - Legal<\/title>\n<meta name=\"robots\" content=\"noindex, follow, max-snippet:-1, max-image-preview:large, max-video-preview:-1\" \/>\n<meta property=\"og:locale\" content=\"ro_RO\" \/>\n<meta property=\"og:type\" content=\"article\" \/>\n<meta property=\"og:title\" content=\"Accesibilitate - Legal\" \/>\n<meta property=\"og:description\" content=\"Credem c\u0103 internetul ar trebui s\u0103 fie disponibil \u0219i accesibil tuturor \u0219i ne angaj\u0103m s\u0103 oferim un site web accesibil unui public c\u00e2t mai larg posibil. Tinim s\u0103 urm\u0103m Ghidul de accesibilitate a con\u021binutului web 2.1 (WCAG 2.1) al Consor\u021biului World Wide Web (W3C). Aceste ghiduri explic\u0103 modul \u00een care se poate face con\u021binutul web [&hellip;]\" \/>\n<meta property=\"og:url\" content=\"https:\/\/legal.bestway.eu\/ro-ro\/accessibility\/\" \/>\n<meta property=\"og:site_name\" content=\"Legal\" \/>\n<meta property=\"article:modified_time\" content=\"2025-06-23T07:57:00+00:00\" \/>\n<meta name=\"twitter:card\" content=\"summary_large_image\" \/>\n<meta name=\"twitter:label1\" content=\"Est. reading time\" \/>\n\t<meta name=\"twitter:data1\" content=\"5 minutes\" \/>\n<script type=\"application\/ld+json\" class=\"yoast-schema-graph\">{\"@context\":\"https:\\\/\\\/schema.org\",\"@graph\":[{\"@type\":\"WebPage\",\"@id\":\"https:\\\/\\\/legal.bestway.eu\\\/ro-ro\\\/accessibility\\\/\",\"url\":\"https:\\\/\\\/legal.bestway.eu\\\/ro-ro\\\/accessibility\\\/\",\"name\":\"Accesibilitate - Legal\",\"isPartOf\":{\"@id\":\"https:\\\/\\\/legal.bestway.eu\\\/ro-ro\\\/#website\"},\"datePublished\":\"2025-06-09T13:47:15+00:00\",\"dateModified\":\"2025-06-23T07:57:00+00:00\",\"inLanguage\":\"ro-ro\",\"potentialAction\":[{\"@type\":\"ReadAction\",\"target\":[\"https:\\\/\\\/legal.bestway.eu\\\/ro-ro\\\/accessibility\\\/\"]}]},{\"@type\":\"WebSite\",\"@id\":\"https:\\\/\\\/legal.bestway.eu\\\/ro-ro\\\/#website\",\"url\":\"https:\\\/\\\/legal.bestway.eu\\\/ro-ro\\\/\",\"name\":\"Legal\",\"description\":\"Legal\",\"publisher\":{\"@id\":\"https:\\\/\\\/legal.bestway.eu\\\/ro-ro\\\/#organization\"},\"potentialAction\":[{\"@type\":\"SearchAction\",\"target\":{\"@type\":\"EntryPoint\",\"urlTemplate\":\"https:\\\/\\\/legal.bestway.eu\\\/ro-ro\\\/?s={search_term_string}\"},\"query-input\":{\"@type\":\"PropertyValueSpecification\",\"valueRequired\":true,\"valueName\":\"search_term_string\"}}],\"inLanguage\":\"ro-ro\"},{\"@type\":\"Organization\",\"@id\":\"https:\\\/\\\/legal.bestway.eu\\\/ro-ro\\\/#organization\",\"name\":\"Legal\",\"url\":\"https:\\\/\\\/legal.bestway.eu\\\/ro-ro\\\/\",\"logo\":{\"@type\":\"ImageObject\",\"inLanguage\":\"ro-ro\",\"@id\":\"https:\\\/\\\/legal.bestway.eu\\\/ro-ro\\\/#\\\/schema\\\/logo\\\/image\\\/\",\"url\":\"https:\\\/\\\/legal.bestway.eu\\\/wp-content\\\/uploads\\\/sites\\\/2\\\/2023\\\/10\\\/bw-white-logo@2x.png\",\"contentUrl\":\"https:\\\/\\\/legal.bestway.eu\\\/wp-content\\\/uploads\\\/sites\\\/2\\\/2023\\\/10\\\/bw-white-logo@2x.png\",\"width\":348,\"height\":138,\"caption\":\"Legal\"},\"image\":{\"@id\":\"https:\\\/\\\/legal.bestway.eu\\\/ro-ro\\\/#\\\/schema\\\/logo\\\/image\\\/\"}}]}<\/script>\n<!-- \/ Yoast SEO plugin. -->","yoast_head_json":{"title":"Accesibilitate - Legal","robots":{"index":"noindex","follow":"follow","max-snippet":"max-snippet:-1","max-image-preview":"max-image-preview:large","max-video-preview":"max-video-preview:-1"},"og_locale":"ro_RO","og_type":"article","og_title":"Accesibilitate - Legal","og_description":"Credem c\u0103 internetul ar trebui s\u0103 fie disponibil \u0219i accesibil tuturor \u0219i ne angaj\u0103m s\u0103 oferim un site web accesibil unui public c\u00e2t mai larg posibil. Tinim s\u0103 urm\u0103m Ghidul de accesibilitate a con\u021binutului web 2.1 (WCAG 2.1) al Consor\u021biului World Wide Web (W3C). Aceste ghiduri explic\u0103 modul \u00een care se poate face con\u021binutul web [&hellip;]","og_url":"https:\/\/legal.bestway.eu\/ro-ro\/accessibility\/","og_site_name":"Legal","article_modified_time":"2025-06-23T07:57:00+00:00","twitter_card":"summary_large_image","twitter_misc":{"Est. reading time":"5 minutes"},"schema":{"@context":"https:\/\/schema.org","@graph":[{"@type":"WebPage","@id":"https:\/\/legal.bestway.eu\/ro-ro\/accessibility\/","url":"https:\/\/legal.bestway.eu\/ro-ro\/accessibility\/","name":"Accesibilitate - Legal","isPartOf":{"@id":"https:\/\/legal.bestway.eu\/ro-ro\/#website"},"datePublished":"2025-06-09T13:47:15+00:00","dateModified":"2025-06-23T07:57:00+00:00","inLanguage":"ro-ro","potentialAction":[{"@type":"ReadAction","target":["https:\/\/legal.bestway.eu\/ro-ro\/accessibility\/"]}]},{"@type":"WebSite","@id":"https:\/\/legal.bestway.eu\/ro-ro\/#website","url":"https:\/\/legal.bestway.eu\/ro-ro\/","name":"Legal","description":"Legal","publisher":{"@id":"https:\/\/legal.bestway.eu\/ro-ro\/#organization"},"potentialAction":[{"@type":"SearchAction","target":{"@type":"EntryPoint","urlTemplate":"https:\/\/legal.bestway.eu\/ro-ro\/?s={search_term_string}"},"query-input":{"@type":"PropertyValueSpecification","valueRequired":true,"valueName":"search_term_string"}}],"inLanguage":"ro-ro"},{"@type":"Organization","@id":"https:\/\/legal.bestway.eu\/ro-ro\/#organization","name":"Legal","url":"https:\/\/legal.bestway.eu\/ro-ro\/","logo":{"@type":"ImageObject","inLanguage":"ro-ro","@id":"https:\/\/legal.bestway.eu\/ro-ro\/#\/schema\/logo\/image\/","url":"https:\/\/legal.bestway.eu\/wp-content\/uploads\/sites\/2\/2023\/10\/bw-white-logo@2x.png","contentUrl":"https:\/\/legal.bestway.eu\/wp-content\/uploads\/sites\/2\/2023\/10\/bw-white-logo@2x.png","width":348,"height":138,"caption":"Legal"},"image":{"@id":"https:\/\/legal.bestway.eu\/ro-ro\/#\/schema\/logo\/image\/"}}]}},"_links":{"self":[{"href":"https:\/\/legal.bestway.eu\/ro-ro\/wp-json\/wp\/v2\/pages\/8704","targetHints":{"allow":["GET"]}}],"collection":[{"href":"https:\/\/legal.bestway.eu\/ro-ro\/wp-json\/wp\/v2\/pages"}],"about":[{"href":"https:\/\/legal.bestway.eu\/ro-ro\/wp-json\/wp\/v2\/types\/page"}],"author":[{"embeddable":true,"href":"https:\/\/legal.bestway.eu\/ro-ro\/wp-json\/wp\/v2\/users\/1"}],"replies":[{"embeddable":true,"href":"https:\/\/legal.bestway.eu\/ro-ro\/wp-json\/wp\/v2\/comments?post=8704"}],"version-history":[{"count":4,"href":"https:\/\/legal.bestway.eu\/ro-ro\/wp-json\/wp\/v2\/pages\/8704\/revisions"}],"predecessor-version":[{"id":8708,"href":"https:\/\/legal.bestway.eu\/ro-ro\/wp-json\/wp\/v2\/pages\/8704\/revisions\/8708"}],"wp:attachment":[{"href":"https:\/\/legal.bestway.eu\/ro-ro\/wp-json\/wp\/v2\/media?parent=8704"}],"curies":[{"name":"wp","href":"https:\/\/api.w.org\/{rel}","templated":true}]}}