{"id":7850,"date":"2025-03-06T10:46:19","date_gmt":"2025-03-06T09:46:19","guid":{"rendered":"https:\/\/legal.bestway.eu\/?page_id=7850"},"modified":"2025-03-24T15:57:16","modified_gmt":"2025-03-24T14:57:16","slug":"impressum","status":"publish","type":"page","link":"https:\/\/legal.bestway.eu\/ro-ro\/impressum\/","title":{"rendered":"Impressum"},"content":{"rendered":"\t\t<div data-elementor-type=\"wp-page\" data-elementor-id=\"7850\" class=\"elementor elementor-7850\" data-elementor-post-type=\"page\">\n\t\t\t\t<div class=\"elementor-element elementor-element-8cc65e8 e-flex e-con-boxed e-con e-parent\" data-id=\"8cc65e8\" data-element_type=\"container\" data-e-type=\"container\">\n\t\t\t\t\t<div class=\"e-con-inner\">\n\t\t\t\t<div class=\"elementor-element elementor-element-52fd799 elementor-widget elementor-widget-text-editor\" data-id=\"52fd799\" data-element_type=\"widget\" data-e-type=\"widget\" data-widget_type=\"text-editor.default\">\n\t\t\t\t<div class=\"elementor-widget-container\">\n\t\t\t\t\t\t\t\t\t<p><strong>Bestway Europe S.p.A.<\/strong><br \/>Via Resistenza, 5<br \/>20098 San Giuliano Milanese (MI) &#8211; <span style=\"font-size: 16px\">Italia<\/span><\/p><p>E-Mail: <a href=\"mailto:info@bestwaycorp.eu\">info@bestwaycorp.eu<\/a><\/p><p><span style=\"font-size: 16px\">\u00cenregistrat\u0103 la Camera de Comer\u021b: Milano MI-1701145<br \/>CIF: IT02561670130<br \/>Platforma Comisiei Europene pentru solu\u021bionarea online a litigiilor:<br \/><\/span><a style=\"font-size: 16px;background-color: #ffffff\" href=\"https:\/\/ec.europa.eu\/consumers\/odr\" target=\"_blank\" rel=\"noopener\">https:\/\/ec.europa.eu\/consumers\/odr<\/a><\/p><p>Nu suntem obliga\u021bi \u0219i nici dispu\u0219i s\u0103 particip\u0103m la o procedur\u0103 de solu\u021bionare a litigiilor \u00een fa\u021ba unui colegiu arbitral pentru consumatori.<\/p>\t\t\t\t\t\t\t\t<\/div>\n\t\t\t\t<\/div>\n\t\t\t\t\t<\/div>\n\t\t\t\t<\/div>\n\t\t\t\t<\/div>\n\t\t","protected":false},"excerpt":{"rendered":"<p>Bestway Europe S.p.A.Via Resistenza, 520098 San Giuliano Milanese (MI) &#8211; Italia E-Mail: info@bestwaycorp.eu \u00cenregistrat\u0103 la Camera de Comer\u021b: Milano MI-1701145CIF: IT02561670130Platforma Comisiei Europene pentru solu\u021bionarea online a litigiilor:https:\/\/ec.europa.eu\/consumers\/odr Nu suntem obliga\u021bi \u0219i nici dispu\u0219i s\u0103 particip\u0103m la o procedur\u0103 de solu\u021bionare a litigiilor \u00een fa\u021ba unui colegiu arbitral pentru consumatori.<\/p>\n","protected":false},"author":9,"featured_media":0,"parent":0,"menu_order":0,"comment_status":"closed","ping_status":"closed","template":"","meta":{"_acf_changed":false,"site-sidebar-layout":"no-sidebar","site-content-layout":"page-builder","ast-site-content-layout":"full-width-container","site-content-style":"default","site-sidebar-style":"default","ast-global-header-display":"","ast-banner-title-visibility":"","ast-main-header-display":"","ast-hfb-above-header-display":"","ast-hfb-below-header-display":"","ast-hfb-mobile-header-display":"","site-post-title":"disabled","ast-breadcrumbs-content":"","ast-featured-img":"disabled","footer-sml-layout":"","ast-disable-related-posts":"","theme-transparent-header-meta":"","adv-header-id-meta":"","stick-header-meta":"","header-above-stick-meta":"","header-main-stick-meta":"","header-below-stick-meta":"","astra-migrate-meta-layouts":"set","ast-page-background-enabled":"default","ast-page-background-meta":{"desktop":{"background-color":"var(--ast-global-color-4)","background-image":"","background-repeat":"repeat","background-position":"center center","background-size":"auto","background-attachment":"scroll","background-type":"","background-media":"","overlay-type":"","overlay-color":"","overlay-opacity":"","overlay-gradient":""},"tablet":{"background-color":"","background-image":"","background-repeat":"repeat","background-position":"center center","background-size":"auto","background-attachment":"scroll","background-type":"","background-media":"","overlay-type":"","overlay-color":"","overlay-opacity":"","overlay-gradient":""},"mobile":{"background-color":"","background-image":"","background-repeat":"repeat","background-position":"center center","background-size":"auto","background-attachment":"scroll","background-type":"","background-media":"","overlay-type":"","overlay-color":"","overlay-opacity":"","overlay-gradient":""}},"ast-content-background-meta":{"desktop":{"background-color":"var(--ast-global-color-5)","background-image":"","background-repeat":"repeat","background-position":"center center","background-size":"auto","background-attachment":"scroll","background-type":"","background-media":"","overlay-type":"","overlay-color":"","overlay-opacity":"","overlay-gradient":""},"tablet":{"background-color":"var(--ast-global-color-5)","background-image":"","background-repeat":"repeat","background-position":"center center","background-size":"auto","background-attachment":"scroll","background-type":"","background-media":"","overlay-type":"","overlay-color":"","overlay-opacity":"","overlay-gradient":""},"mobile":{"background-color":"var(--ast-global-color-5)","background-image":"","background-repeat":"repeat","background-position":"center center","background-size":"auto","background-attachment":"scroll","background-type":"","background-media":"","overlay-type":"","overlay-color":"","overlay-opacity":"","overlay-gradient":""}},"footnotes":""},"class_list":["post-7850","page","type-page","status-publish","hentry"],"acf":[],"yoast_head":"<!-- This site is optimized with the Yoast SEO plugin v27.4 - https:\/\/yoast.com\/product\/yoast-seo-wordpress\/ -->\n<title>Impressum - Legal<\/title>\n<meta name=\"robots\" content=\"noindex, follow, max-snippet:-1, max-image-preview:large, max-video-preview:-1\" \/>\n<meta property=\"og:locale\" content=\"ro_RO\" \/>\n<meta property=\"og:type\" content=\"article\" \/>\n<meta property=\"og:title\" content=\"Impressum - Legal\" \/>\n<meta property=\"og:description\" content=\"Bestway Europe S.p.A.Via Resistenza, 520098 San Giuliano Milanese (MI) &#8211; Italia E-Mail: info@bestwaycorp.eu \u00cenregistrat\u0103 la Camera de Comer\u021b: Milano MI-1701145CIF: IT02561670130Platforma Comisiei Europene pentru solu\u021bionarea online a litigiilor:https:\/\/ec.europa.eu\/consumers\/odr Nu suntem obliga\u021bi \u0219i nici dispu\u0219i s\u0103 particip\u0103m la o procedur\u0103 de solu\u021bionare a litigiilor \u00een fa\u021ba unui colegiu arbitral pentru consumatori.\" \/>\n<meta property=\"og:url\" content=\"https:\/\/legal.bestway.eu\/ro-ro\/impressum\/\" \/>\n<meta property=\"og:site_name\" content=\"Legal\" \/>\n<meta property=\"article:modified_time\" content=\"2025-03-24T14:57:16+00:00\" \/>\n<meta name=\"twitter:card\" content=\"summary_large_image\" \/>\n<meta name=\"twitter:label1\" content=\"Est. reading time\" \/>\n\t<meta name=\"twitter:data1\" content=\"1 minute\" \/>\n<script type=\"application\/ld+json\" class=\"yoast-schema-graph\">{\"@context\":\"https:\\\/\\\/schema.org\",\"@graph\":[{\"@type\":\"WebPage\",\"@id\":\"https:\\\/\\\/legal.bestway.eu\\\/ro-ro\\\/impressum\\\/\",\"url\":\"https:\\\/\\\/legal.bestway.eu\\\/ro-ro\\\/impressum\\\/\",\"name\":\"Impressum - Legal\",\"isPartOf\":{\"@id\":\"https:\\\/\\\/legal.bestway.eu\\\/ro-ro\\\/#website\"},\"datePublished\":\"2025-03-06T09:46:19+00:00\",\"dateModified\":\"2025-03-24T14:57:16+00:00\",\"inLanguage\":\"ro-ro\",\"potentialAction\":[{\"@type\":\"ReadAction\",\"target\":[\"https:\\\/\\\/legal.bestway.eu\\\/ro-ro\\\/impressum\\\/\"]}]},{\"@type\":\"WebSite\",\"@id\":\"https:\\\/\\\/legal.bestway.eu\\\/ro-ro\\\/#website\",\"url\":\"https:\\\/\\\/legal.bestway.eu\\\/ro-ro\\\/\",\"name\":\"Legal\",\"description\":\"Legal\",\"publisher\":{\"@id\":\"https:\\\/\\\/legal.bestway.eu\\\/ro-ro\\\/#organization\"},\"potentialAction\":[{\"@type\":\"SearchAction\",\"target\":{\"@type\":\"EntryPoint\",\"urlTemplate\":\"https:\\\/\\\/legal.bestway.eu\\\/ro-ro\\\/?s={search_term_string}\"},\"query-input\":{\"@type\":\"PropertyValueSpecification\",\"valueRequired\":true,\"valueName\":\"search_term_string\"}}],\"inLanguage\":\"ro-ro\"},{\"@type\":\"Organization\",\"@id\":\"https:\\\/\\\/legal.bestway.eu\\\/ro-ro\\\/#organization\",\"name\":\"Legal\",\"url\":\"https:\\\/\\\/legal.bestway.eu\\\/ro-ro\\\/\",\"logo\":{\"@type\":\"ImageObject\",\"inLanguage\":\"ro-ro\",\"@id\":\"https:\\\/\\\/legal.bestway.eu\\\/ro-ro\\\/#\\\/schema\\\/logo\\\/image\\\/\",\"url\":\"https:\\\/\\\/legal.bestway.eu\\\/wp-content\\\/uploads\\\/sites\\\/2\\\/2023\\\/10\\\/bw-white-logo@2x.png\",\"contentUrl\":\"https:\\\/\\\/legal.bestway.eu\\\/wp-content\\\/uploads\\\/sites\\\/2\\\/2023\\\/10\\\/bw-white-logo@2x.png\",\"width\":348,\"height\":138,\"caption\":\"Legal\"},\"image\":{\"@id\":\"https:\\\/\\\/legal.bestway.eu\\\/ro-ro\\\/#\\\/schema\\\/logo\\\/image\\\/\"}}]}<\/script>\n<!-- \/ Yoast SEO plugin. -->","yoast_head_json":{"title":"Impressum - Legal","robots":{"index":"noindex","follow":"follow","max-snippet":"max-snippet:-1","max-image-preview":"max-image-preview:large","max-video-preview":"max-video-preview:-1"},"og_locale":"ro_RO","og_type":"article","og_title":"Impressum - Legal","og_description":"Bestway Europe S.p.A.Via Resistenza, 520098 San Giuliano Milanese (MI) &#8211; Italia E-Mail: info@bestwaycorp.eu \u00cenregistrat\u0103 la Camera de Comer\u021b: Milano MI-1701145CIF: IT02561670130Platforma Comisiei Europene pentru solu\u021bionarea online a litigiilor:https:\/\/ec.europa.eu\/consumers\/odr Nu suntem obliga\u021bi \u0219i nici dispu\u0219i s\u0103 particip\u0103m la o procedur\u0103 de solu\u021bionare a litigiilor \u00een fa\u021ba unui colegiu arbitral pentru consumatori.","og_url":"https:\/\/legal.bestway.eu\/ro-ro\/impressum\/","og_site_name":"Legal","article_modified_time":"2025-03-24T14:57:16+00:00","twitter_card":"summary_large_image","twitter_misc":{"Est. reading time":"1 minute"},"schema":{"@context":"https:\/\/schema.org","@graph":[{"@type":"WebPage","@id":"https:\/\/legal.bestway.eu\/ro-ro\/impressum\/","url":"https:\/\/legal.bestway.eu\/ro-ro\/impressum\/","name":"Impressum - Legal","isPartOf":{"@id":"https:\/\/legal.bestway.eu\/ro-ro\/#website"},"datePublished":"2025-03-06T09:46:19+00:00","dateModified":"2025-03-24T14:57:16+00:00","inLanguage":"ro-ro","potentialAction":[{"@type":"ReadAction","target":["https:\/\/legal.bestway.eu\/ro-ro\/impressum\/"]}]},{"@type":"WebSite","@id":"https:\/\/legal.bestway.eu\/ro-ro\/#website","url":"https:\/\/legal.bestway.eu\/ro-ro\/","name":"Legal","description":"Legal","publisher":{"@id":"https:\/\/legal.bestway.eu\/ro-ro\/#organization"},"potentialAction":[{"@type":"SearchAction","target":{"@type":"EntryPoint","urlTemplate":"https:\/\/legal.bestway.eu\/ro-ro\/?s={search_term_string}"},"query-input":{"@type":"PropertyValueSpecification","valueRequired":true,"valueName":"search_term_string"}}],"inLanguage":"ro-ro"},{"@type":"Organization","@id":"https:\/\/legal.bestway.eu\/ro-ro\/#organization","name":"Legal","url":"https:\/\/legal.bestway.eu\/ro-ro\/","logo":{"@type":"ImageObject","inLanguage":"ro-ro","@id":"https:\/\/legal.bestway.eu\/ro-ro\/#\/schema\/logo\/image\/","url":"https:\/\/legal.bestway.eu\/wp-content\/uploads\/sites\/2\/2023\/10\/bw-white-logo@2x.png","contentUrl":"https:\/\/legal.bestway.eu\/wp-content\/uploads\/sites\/2\/2023\/10\/bw-white-logo@2x.png","width":348,"height":138,"caption":"Legal"},"image":{"@id":"https:\/\/legal.bestway.eu\/ro-ro\/#\/schema\/logo\/image\/"}}]}},"_links":{"self":[{"href":"https:\/\/legal.bestway.eu\/ro-ro\/wp-json\/wp\/v2\/pages\/7850","targetHints":{"allow":["GET"]}}],"collection":[{"href":"https:\/\/legal.bestway.eu\/ro-ro\/wp-json\/wp\/v2\/pages"}],"about":[{"href":"https:\/\/legal.bestway.eu\/ro-ro\/wp-json\/wp\/v2\/types\/page"}],"author":[{"embeddable":true,"href":"https:\/\/legal.bestway.eu\/ro-ro\/wp-json\/wp\/v2\/users\/9"}],"replies":[{"embeddable":true,"href":"https:\/\/legal.bestway.eu\/ro-ro\/wp-json\/wp\/v2\/comments?post=7850"}],"version-history":[{"count":4,"href":"https:\/\/legal.bestway.eu\/ro-ro\/wp-json\/wp\/v2\/pages\/7850\/revisions"}],"predecessor-version":[{"id":7856,"href":"https:\/\/legal.bestway.eu\/ro-ro\/wp-json\/wp\/v2\/pages\/7850\/revisions\/7856"}],"wp:attachment":[{"href":"https:\/\/legal.bestway.eu\/ro-ro\/wp-json\/wp\/v2\/media?parent=7850"}],"curies":[{"name":"wp","href":"https:\/\/api.w.org\/{rel}","templated":true}]}}