{"id":6622,"date":"2023-10-24T11:15:40","date_gmt":"2023-10-24T09:15:40","guid":{"rendered":"https:\/\/legal.bestway.eu\/?page_id=6622"},"modified":"2026-02-10T10:56:09","modified_gmt":"2026-02-10T09:56:09","slug":"warranty-extension","status":"publish","type":"page","link":"https:\/\/legal.bestway.eu\/ro-ro\/warranty-extension\/","title":{"rendered":"Garan\u021bia Bestway"},"content":{"rendered":"\t\t<div data-elementor-type=\"wp-page\" data-elementor-id=\"6622\" class=\"elementor elementor-6622\" data-elementor-post-type=\"page\">\n\t\t\t\t<div class=\"elementor-element elementor-element-201a7b e-flex e-con-boxed e-con e-parent\" data-id=\"201a7b\" data-element_type=\"container\" data-e-type=\"container\">\n\t\t\t\t\t<div class=\"e-con-inner\">\n\t\t\t\t<div class=\"elementor-element elementor-element-3862fa4 elementor-widget elementor-widget-text-editor\" data-id=\"3862fa4\" data-element_type=\"widget\" data-e-type=\"widget\" data-widget_type=\"text-editor.default\">\n\t\t\t\t<div class=\"elementor-widget-container\">\n\t\t\t\t\t\t\t\t\t<p>Mai jos sunt prezentate condi\u021biile de garan\u021bie aplicate de BESTWAY EUROPE S.p.A., cu sediul social \u00een Via della Resistenza n. 5, San Giuliano Milanese (20098) &#8211; Milano, Italia (denumit\u0103 \u00een continuare \u201eBESTWAY\u201d), produselor v\u00e2ndute \u00een Spa\u021biul Economic European sub marca BESTWAY.<\/p>\t\t\t\t\t\t\t\t<\/div>\n\t\t\t\t<\/div>\n\t\t\t\t\t<\/div>\n\t\t\t\t<\/div>\n\t\t<div class=\"elementor-element elementor-element-2d7f1d1b e-flex e-con-boxed e-con e-parent\" data-id=\"2d7f1d1b\" data-element_type=\"container\" data-e-type=\"container\">\n\t\t\t\t\t<div class=\"e-con-inner\">\n\t\t\t\t<div class=\"elementor-element elementor-element-7112739 elementor-widget elementor-widget-heading\" data-id=\"7112739\" data-element_type=\"widget\" data-e-type=\"widget\" data-widget_type=\"heading.default\">\n\t\t\t\t<div class=\"elementor-widget-container\">\n\t\t\t\t\t<h2 class=\"elementor-heading-title elementor-size-default\">Garan\u021bia legal\u0103<\/h2>\t\t\t\t<\/div>\n\t\t\t\t<\/div>\n\t\t\t\t<div class=\"elementor-element elementor-element-0f3351f elementor-widget elementor-widget-text-editor\" data-id=\"0f3351f\" data-element_type=\"widget\" data-e-type=\"widget\" data-widget_type=\"text-editor.default\">\n\t\t\t\t<div class=\"elementor-widget-container\">\n\t\t\t\t\t\t\t\t\t<p>1.1 Garan\u021bia legal\u0103 este oferit\u0103 de Directivele Europene 1999\/44\/EC \u0219i 2019\/771\/EC, care au ca scop protejarea Consumatorului, a\u0219a cum este definit mai jos, \u00een cazul \u00een care bunurile achizi\u021bionate (\u201eProduse\u201d) prezint\u0103 defecte de conformitate.<\/p><ul class=\"points-list-blue\">\n<\/ul>\n<p>1.2 \u00cen conformitate cu Directivele europene men\u021bionate mai sus, Consumatorul este orice persoan\u0103 fizic\u0103 care achizi\u021bioneaz\u0103 un Produs \u00een scopuri care nu au leg\u0103tur\u0103 cu afacerea, comer\u021bul, me\u0219te\u0219ugul sau profesia sa (\u201eConsumatorul\u201d).<\/p>\n<p>1.3 Garan\u021bia legal\u0103 dureaz\u0103 24 de luni de la livrarea bunurilor c\u0103tre Consumator. V\u0103 rug\u0103m s\u0103 \u021bine\u021bi cont de faptul c\u0103 termenele stipulate \u00een Directivele men\u021bionate nu se aplic\u0103 dec\u00e2t \u021b\u0103rilor care se afl\u0103 pe teritoriul Spa\u021biului Economic European; \u021b\u0103rilor care se afl\u0103 \u00een afara acestui teritoriu li se aplic\u0103 legisla\u021bia local\u0103 relevant\u0103.<\/p>\n<p>1.4 \u00cen cazul \u00een care Consumatorul consider\u0103 c\u0103 a achizi\u021bionat un Produs cu un defect de conformitate, Consumatorul trebuie s\u0103 contacteze comerciantul de la care a achizi\u021bionat produsul pentru a utiliza garan\u021bia aferent\u0103.<\/p>\n<p>1.5 BESTWAY va oferi garan\u021bia, pentru orice posibil defect de conformitate al Produselor, oric\u0103rui Consumator care a achizi\u021bionat Produsele direct de la BESTWAY \u00eensu\u0219i.<\/p>\t\t\t\t\t\t\t\t<\/div>\n\t\t\t\t<\/div>\n\t\t\t\t<div class=\"elementor-element elementor-element-1fe5510 elementor-widget elementor-widget-heading\" data-id=\"1fe5510\" data-element_type=\"widget\" data-e-type=\"widget\" data-widget_type=\"heading.default\">\n\t\t\t\t<div class=\"elementor-widget-container\">\n\t\t\t\t\t<h2 class=\"elementor-heading-title elementor-size-default\">Garan\u021bia produc\u0103torului<\/h2>\t\t\t\t<\/div>\n\t\t\t\t<\/div>\n\t\t\t\t<div class=\"elementor-element elementor-element-b5b3ff4 elementor-widget elementor-widget-text-editor\" data-id=\"b5b3ff4\" data-element_type=\"widget\" data-e-type=\"widget\" data-widget_type=\"text-editor.default\">\n\t\t\t\t<div class=\"elementor-widget-container\">\n\t\t\t\t\t\t\t\t\t<p>F\u0103r\u0103 a aduce atingere garan\u021biilor \u0219i prerogativelor prev\u0103zute de lege \u0219i f\u0103r\u0103 a aduce atingere posibilit\u0103\u021bii consumatorului de a activa garan\u021bia legal\u0103 de mai sus, BESTWAY ofer\u0103 o garan\u021bie suplimentar\u0103 (\u201eGaran\u021bia produc\u0103torului BESTWAY\u201d) privind orice lips\u0103 de conformitate, aplicabil\u0103 unei game limitate de produse.<\/p><p><a href=\"https:\/\/support.bestway.eu\/ro-ro\/warranty\" target=\"_blank\" rel=\"noopener\">Face\u021bi clic<\/a> aici pentru a afla termenii \u0219i condi\u021biile, gama de produse acoperite \u0219i modalitatea de activare a acesteia.<\/p>\t\t\t\t\t\t\t\t<\/div>\n\t\t\t\t<\/div>\n\t\t\t\t\t<\/div>\n\t\t\t\t<\/div>\n\t\t\t\t<\/div>\n\t\t","protected":false},"excerpt":{"rendered":"<p>Mai jos sunt prezentate condi\u021biile de garan\u021bie aplicate de BESTWAY EUROPE S.p.A., cu sediul social \u00een Via della Resistenza n. 5, San Giuliano Milanese (20098) &#8211; Milano, Italia (denumit\u0103 \u00een continuare \u201eBESTWAY\u201d), produselor v\u00e2ndute \u00een Spa\u021biul Economic European sub marca BESTWAY. Garan\u021bia legal\u0103 1.1 Garan\u021bia legal\u0103 este oferit\u0103 de Directivele Europene 1999\/44\/EC \u0219i 2019\/771\/EC, care [&hellip;]<\/p>\n","protected":false},"author":9,"featured_media":0,"parent":0,"menu_order":0,"comment_status":"closed","ping_status":"closed","template":"","meta":{"_acf_changed":false,"site-sidebar-layout":"no-sidebar","site-content-layout":"page-builder","ast-site-content-layout":"full-width-container","site-content-style":"default","site-sidebar-style":"default","ast-global-header-display":"","ast-banner-title-visibility":"","ast-main-header-display":"","ast-hfb-above-header-display":"","ast-hfb-below-header-display":"","ast-hfb-mobile-header-display":"","site-post-title":"disabled","ast-breadcrumbs-content":"","ast-featured-img":"disabled","footer-sml-layout":"","ast-disable-related-posts":"","theme-transparent-header-meta":"","adv-header-id-meta":"","stick-header-meta":"","header-above-stick-meta":"","header-main-stick-meta":"","header-below-stick-meta":"","astra-migrate-meta-layouts":"set","ast-page-background-enabled":"default","ast-page-background-meta":{"desktop":{"background-color":"var(--ast-global-color-4)","background-image":"","background-repeat":"repeat","background-position":"center center","background-size":"auto","background-attachment":"scroll","background-type":"","background-media":"","overlay-type":"","overlay-color":"","overlay-opacity":"","overlay-gradient":""},"tablet":{"background-color":"","background-image":"","background-repeat":"repeat","background-position":"center center","background-size":"auto","background-attachment":"scroll","background-type":"","background-media":"","overlay-type":"","overlay-color":"","overlay-opacity":"","overlay-gradient":""},"mobile":{"background-color":"","background-image":"","background-repeat":"repeat","background-position":"center center","background-size":"auto","background-attachment":"scroll","background-type":"","background-media":"","overlay-type":"","overlay-color":"","overlay-opacity":"","overlay-gradient":""}},"ast-content-background-meta":{"desktop":{"background-color":"var(--ast-global-color-5)","background-image":"","background-repeat":"repeat","background-position":"center center","background-size":"auto","background-attachment":"scroll","background-type":"","background-media":"","overlay-type":"","overlay-color":"","overlay-opacity":"","overlay-gradient":""},"tablet":{"background-color":"var(--ast-global-color-5)","background-image":"","background-repeat":"repeat","background-position":"center center","background-size":"auto","background-attachment":"scroll","background-type":"","background-media":"","overlay-type":"","overlay-color":"","overlay-opacity":"","overlay-gradient":""},"mobile":{"background-color":"var(--ast-global-color-5)","background-image":"","background-repeat":"repeat","background-position":"center center","background-size":"auto","background-attachment":"scroll","background-type":"","background-media":"","overlay-type":"","overlay-color":"","overlay-opacity":"","overlay-gradient":""}},"footnotes":""},"class_list":["post-6622","page","type-page","status-publish","hentry"],"acf":[],"yoast_head":"<!-- This site is optimized with the Yoast SEO plugin v27.4 - https:\/\/yoast.com\/product\/yoast-seo-wordpress\/ -->\n<title>Garan\u021bia Bestway - Legal<\/title>\n<meta name=\"robots\" content=\"noindex, follow, max-snippet:-1, max-image-preview:large, max-video-preview:-1\" \/>\n<meta property=\"og:locale\" content=\"ro_RO\" \/>\n<meta property=\"og:type\" content=\"article\" \/>\n<meta property=\"og:title\" content=\"Garan\u021bia Bestway - Legal\" \/>\n<meta property=\"og:description\" content=\"Mai jos sunt prezentate condi\u021biile de garan\u021bie aplicate de BESTWAY EUROPE S.p.A., cu sediul social \u00een Via della Resistenza n. 5, San Giuliano Milanese (20098) &#8211; Milano, Italia (denumit\u0103 \u00een continuare \u201eBESTWAY\u201d), produselor v\u00e2ndute \u00een Spa\u021biul Economic European sub marca BESTWAY. Garan\u021bia legal\u0103 1.1 Garan\u021bia legal\u0103 este oferit\u0103 de Directivele Europene 1999\/44\/EC \u0219i 2019\/771\/EC, care [&hellip;]\" \/>\n<meta property=\"og:url\" content=\"https:\/\/legal.bestway.eu\/ro-ro\/warranty-extension\/\" \/>\n<meta property=\"og:site_name\" content=\"Legal\" \/>\n<meta property=\"article:modified_time\" content=\"2026-02-10T09:56:09+00:00\" \/>\n<meta name=\"twitter:card\" content=\"summary_large_image\" \/>\n<meta name=\"twitter:label1\" content=\"Est. reading time\" \/>\n\t<meta name=\"twitter:data1\" content=\"2 minutes\" \/>\n<script type=\"application\/ld+json\" class=\"yoast-schema-graph\">{\"@context\":\"https:\\\/\\\/schema.org\",\"@graph\":[{\"@type\":\"WebPage\",\"@id\":\"https:\\\/\\\/legal.bestway.eu\\\/ro-ro\\\/warranty-extension\\\/\",\"url\":\"https:\\\/\\\/legal.bestway.eu\\\/ro-ro\\\/warranty-extension\\\/\",\"name\":\"Garan\u021bia Bestway - Legal\",\"isPartOf\":{\"@id\":\"https:\\\/\\\/legal.bestway.eu\\\/ro-ro\\\/#website\"},\"datePublished\":\"2023-10-24T09:15:40+00:00\",\"dateModified\":\"2026-02-10T09:56:09+00:00\",\"inLanguage\":\"ro-ro\",\"potentialAction\":[{\"@type\":\"ReadAction\",\"target\":[\"https:\\\/\\\/legal.bestway.eu\\\/ro-ro\\\/warranty-extension\\\/\"]}]},{\"@type\":\"WebSite\",\"@id\":\"https:\\\/\\\/legal.bestway.eu\\\/ro-ro\\\/#website\",\"url\":\"https:\\\/\\\/legal.bestway.eu\\\/ro-ro\\\/\",\"name\":\"Legal\",\"description\":\"Legal\",\"publisher\":{\"@id\":\"https:\\\/\\\/legal.bestway.eu\\\/ro-ro\\\/#organization\"},\"potentialAction\":[{\"@type\":\"SearchAction\",\"target\":{\"@type\":\"EntryPoint\",\"urlTemplate\":\"https:\\\/\\\/legal.bestway.eu\\\/ro-ro\\\/?s={search_term_string}\"},\"query-input\":{\"@type\":\"PropertyValueSpecification\",\"valueRequired\":true,\"valueName\":\"search_term_string\"}}],\"inLanguage\":\"ro-ro\"},{\"@type\":\"Organization\",\"@id\":\"https:\\\/\\\/legal.bestway.eu\\\/ro-ro\\\/#organization\",\"name\":\"Legal\",\"url\":\"https:\\\/\\\/legal.bestway.eu\\\/ro-ro\\\/\",\"logo\":{\"@type\":\"ImageObject\",\"inLanguage\":\"ro-ro\",\"@id\":\"https:\\\/\\\/legal.bestway.eu\\\/ro-ro\\\/#\\\/schema\\\/logo\\\/image\\\/\",\"url\":\"https:\\\/\\\/legal.bestway.eu\\\/wp-content\\\/uploads\\\/sites\\\/2\\\/2023\\\/10\\\/bw-white-logo@2x.png\",\"contentUrl\":\"https:\\\/\\\/legal.bestway.eu\\\/wp-content\\\/uploads\\\/sites\\\/2\\\/2023\\\/10\\\/bw-white-logo@2x.png\",\"width\":348,\"height\":138,\"caption\":\"Legal\"},\"image\":{\"@id\":\"https:\\\/\\\/legal.bestway.eu\\\/ro-ro\\\/#\\\/schema\\\/logo\\\/image\\\/\"}}]}<\/script>\n<!-- \/ Yoast SEO plugin. -->","yoast_head_json":{"title":"Garan\u021bia Bestway - Legal","robots":{"index":"noindex","follow":"follow","max-snippet":"max-snippet:-1","max-image-preview":"max-image-preview:large","max-video-preview":"max-video-preview:-1"},"og_locale":"ro_RO","og_type":"article","og_title":"Garan\u021bia Bestway - Legal","og_description":"Mai jos sunt prezentate condi\u021biile de garan\u021bie aplicate de BESTWAY EUROPE S.p.A., cu sediul social \u00een Via della Resistenza n. 5, San Giuliano Milanese (20098) &#8211; Milano, Italia (denumit\u0103 \u00een continuare \u201eBESTWAY\u201d), produselor v\u00e2ndute \u00een Spa\u021biul Economic European sub marca BESTWAY. Garan\u021bia legal\u0103 1.1 Garan\u021bia legal\u0103 este oferit\u0103 de Directivele Europene 1999\/44\/EC \u0219i 2019\/771\/EC, care [&hellip;]","og_url":"https:\/\/legal.bestway.eu\/ro-ro\/warranty-extension\/","og_site_name":"Legal","article_modified_time":"2026-02-10T09:56:09+00:00","twitter_card":"summary_large_image","twitter_misc":{"Est. reading time":"2 minutes"},"schema":{"@context":"https:\/\/schema.org","@graph":[{"@type":"WebPage","@id":"https:\/\/legal.bestway.eu\/ro-ro\/warranty-extension\/","url":"https:\/\/legal.bestway.eu\/ro-ro\/warranty-extension\/","name":"Garan\u021bia Bestway - Legal","isPartOf":{"@id":"https:\/\/legal.bestway.eu\/ro-ro\/#website"},"datePublished":"2023-10-24T09:15:40+00:00","dateModified":"2026-02-10T09:56:09+00:00","inLanguage":"ro-ro","potentialAction":[{"@type":"ReadAction","target":["https:\/\/legal.bestway.eu\/ro-ro\/warranty-extension\/"]}]},{"@type":"WebSite","@id":"https:\/\/legal.bestway.eu\/ro-ro\/#website","url":"https:\/\/legal.bestway.eu\/ro-ro\/","name":"Legal","description":"Legal","publisher":{"@id":"https:\/\/legal.bestway.eu\/ro-ro\/#organization"},"potentialAction":[{"@type":"SearchAction","target":{"@type":"EntryPoint","urlTemplate":"https:\/\/legal.bestway.eu\/ro-ro\/?s={search_term_string}"},"query-input":{"@type":"PropertyValueSpecification","valueRequired":true,"valueName":"search_term_string"}}],"inLanguage":"ro-ro"},{"@type":"Organization","@id":"https:\/\/legal.bestway.eu\/ro-ro\/#organization","name":"Legal","url":"https:\/\/legal.bestway.eu\/ro-ro\/","logo":{"@type":"ImageObject","inLanguage":"ro-ro","@id":"https:\/\/legal.bestway.eu\/ro-ro\/#\/schema\/logo\/image\/","url":"https:\/\/legal.bestway.eu\/wp-content\/uploads\/sites\/2\/2023\/10\/bw-white-logo@2x.png","contentUrl":"https:\/\/legal.bestway.eu\/wp-content\/uploads\/sites\/2\/2023\/10\/bw-white-logo@2x.png","width":348,"height":138,"caption":"Legal"},"image":{"@id":"https:\/\/legal.bestway.eu\/ro-ro\/#\/schema\/logo\/image\/"}}]}},"_links":{"self":[{"href":"https:\/\/legal.bestway.eu\/ro-ro\/wp-json\/wp\/v2\/pages\/6622","targetHints":{"allow":["GET"]}}],"collection":[{"href":"https:\/\/legal.bestway.eu\/ro-ro\/wp-json\/wp\/v2\/pages"}],"about":[{"href":"https:\/\/legal.bestway.eu\/ro-ro\/wp-json\/wp\/v2\/types\/page"}],"author":[{"embeddable":true,"href":"https:\/\/legal.bestway.eu\/ro-ro\/wp-json\/wp\/v2\/users\/9"}],"replies":[{"embeddable":true,"href":"https:\/\/legal.bestway.eu\/ro-ro\/wp-json\/wp\/v2\/comments?post=6622"}],"version-history":[{"count":8,"href":"https:\/\/legal.bestway.eu\/ro-ro\/wp-json\/wp\/v2\/pages\/6622\/revisions"}],"predecessor-version":[{"id":9040,"href":"https:\/\/legal.bestway.eu\/ro-ro\/wp-json\/wp\/v2\/pages\/6622\/revisions\/9040"}],"wp:attachment":[{"href":"https:\/\/legal.bestway.eu\/ro-ro\/wp-json\/wp\/v2\/media?parent=6622"}],"curies":[{"name":"wp","href":"https:\/\/api.w.org\/{rel}","templated":true}]}}