{"id":6533,"date":"2023-10-24T12:37:41","date_gmt":"2023-10-24T10:37:41","guid":{"rendered":"https:\/\/legal.bestway.eu\/?page_id=6533"},"modified":"2024-10-15T10:25:58","modified_gmt":"2024-10-15T08:25:58","slug":"privacy-notice","status":"publish","type":"page","link":"https:\/\/legal.bestway.eu\/ro-ro\/privacy-notice\/","title":{"rendered":"Politica de confiden\u021bialitate &#8211; GDPR"},"content":{"rendered":"\t\t<div data-elementor-type=\"wp-page\" data-elementor-id=\"6533\" class=\"elementor elementor-6533\" data-elementor-post-type=\"page\">\n\t\t\t\t<div class=\"elementor-element elementor-element-4233c87e e-flex e-con-boxed e-con e-parent\" data-id=\"4233c87e\" data-element_type=\"container\" data-e-type=\"container\">\n\t\t\t\t\t<div class=\"e-con-inner\">\n\t\t\t\t<div class=\"elementor-element elementor-element-eeb32c3 elementor-widget elementor-widget-menu-anchor\" data-id=\"eeb32c3\" data-element_type=\"widget\" data-e-type=\"widget\" data-widget_type=\"menu-anchor.default\">\n\t\t\t\t<div class=\"elementor-widget-container\">\n\t\t\t\t\t\t\t<div class=\"elementor-menu-anchor\" id=\"BoxNewsletter\"><\/div>\n\t\t\t\t\t\t<\/div>\n\t\t\t\t<\/div>\n\t\t\t\t<div class=\"elementor-element elementor-element-3c097587 elementor-widget elementor-widget-heading\" data-id=\"3c097587\" data-element_type=\"widget\" data-e-type=\"widget\" data-widget_type=\"heading.default\">\n\t\t\t\t<div class=\"elementor-widget-container\">\n\t\t\t\t\t<h2 class=\"elementor-heading-title elementor-size-default\">Marketing<\/h2>\t\t\t\t<\/div>\n\t\t\t\t<\/div>\n\t\t\t\t<div class=\"elementor-element elementor-element-375d8ec elementor-widget elementor-widget-text-editor\" data-id=\"375d8ec\" data-element_type=\"widget\" data-e-type=\"widget\" data-widget_type=\"text-editor.default\">\n\t\t\t\t<div class=\"elementor-widget-container\">\n\t\t\t\t\t\t\t\t\t<p>Politic\u0103 elaborat\u0103 \u00een conformitate cu Regulamentul European 2016\/679 (GDPR) cu modific\u0103rile \u0219i complet\u0103rile ulterioare<\/p><p>Operator de date: BESTWAY EUROPE S.P.A., cu sediul social \u00een San Giuliano Milanese (Mi), via Resistenza 5 (\u201eBESTWAY\u201d), Italia.<\/p><p>Responsabilul cu protec\u021bia datelor (DPO): <a href=\"mailto:privacy@bestwaycorp.eu\">privacy@bestwaycorp.eu<\/a><\/p><p>Operatorul de date va prelucra urm\u0103toarele date:<\/p><p>Cu consim\u021b\u0103m\u00e2ntul dumneavoastr\u0103, dac\u0103 bifa\u021bi c\u0103su\u021ba corespunz\u0103toare, Operatorul de Date va prelucra datele dumneavoastr\u0103 cu caracter personal \u00een scopuri de marketing, pentru ca noi s\u0103 v\u0103 trimitem newslettere care con\u021bin informa\u021bii \u0219i actualiz\u0103ri despre produsele, serviciile, evenimentele \u0219i ofertele BESTWAY. Temeiul juridic al prelucr\u0103rii datelor furnizate de dumneavoastr\u0103 const\u0103 \u00een consim\u021b\u0103m\u00e2ntul dumneavoastr\u0103 liber \u0219i op\u021bional; orice refuz de a v\u0103 exprima consim\u021b\u0103m\u00e2ntul nu va face dec\u00e2t s\u0103 v\u0103 \u00eempiedice s\u0103 mai primi\u021bi comunic\u0103rile men\u021bionate mai sus.<\/p><p>Datele dumneavoastr\u0103 vor fi prelucrate pe h\u00e2rtie \u0219i prin mijloace electronice, \u00een conformitate cu legisla\u021bia \u00een vigoare privind protec\u021bia datelor cu caracter personal (Regulamentul UE 679\/2016 sau \u201eGDPR\u201d cu modific\u0103rile \u0219i complet\u0103rile ulterioare). Datele cu caracter personal pe care le furniza\u021bi pot fi divulgate unor ter\u021bi, cum ar fi persoane, asocia\u021bii, firme profesionale \u0219i companii care furnizeaz\u0103 servicii \u0219i activit\u0103\u021bi de consultan\u021b\u0103 \u0219i asisten\u021b\u0103 c\u0103tre BESTWAY (inclusiv companii din Grupul BESTWAY care \u00ee\u0219i au sediul social \u00een afara teritoriului UE), \u00een calitate de Operatori de Date, dac\u0103 ace\u0219tia au fost desemna\u021bi \u00een mod corespunz\u0103tor \u0219i cu condi\u021bia s\u0103 existe m\u0103suri de protec\u021bie adecvate \u00een ceea ce prive\u0219te protec\u021bia datelor cu caracter personal, Operatorilor Comuni de Date, Operatorilor de Date Independen\u021bi, precum \u0219i angaja\u021bilor BESTWAY desemna\u021bi operatori de date exclusiv \u00een scopurile prezentate mai sus. Lista complet\u0103 a Operatorilor de Date sau a Persoanelor \u00cemputernicite de ace\u0219tia c\u0103rora li se divulg\u0103 datele este disponibil\u0103 la cerere.<\/p><p>\u00cen ceea ce prive\u0219te scopurile de marketing datele dumneavoastr\u0103 vor fi p\u0103strate cel mult 8 ani din momentul \u00een care ne acorda\u021bi permisiunea. Clien\u021bii se pot dezabona de la serviciul de newsletter \u00een orice moment, f\u0103c\u00e2nd clic pe linkul \u201edezabonare\u201d inclus \u00een fiecare e-mail sau trimi\u021b\u00e2nd un e-mail la adresa <a href=\"mailto:privacy@bestwaycorp.eu\">privacy@bestwaycorp.eu<\/a>.<\/p><p>V\u0103 pute\u021bi exercita \u00een orice moment toate drepturile prev\u0103zute la art. 15 \u0219i urm. din Regulament, \u00een special prin dreptul de a avea acces la datele dvs. cu caracter personal, dreptul la rectificare, dreptul la \u0219tergerea datelor, dreptul de a v\u0103 opune prelucr\u0103rii acestora, dreptul la portabilitatea datelor \u0219i dreptul de a depune o pl\u00e2ngere la Autoritatea pentru Protec\u021bia Datelor cu Caracter Personal competent\u0103 din \u021bara dumneavoastr\u0103 (<a href=\"https:\/\/edpb.europa.eu\/about-edpb\/board\/members_en\" target=\"_blank\" rel=\"noopener\">https:\/\/edpb.europa.eu\/about-edpb\/board\/members_en<\/a>).<\/p><p>Drepturile men\u021bionate mai sus pot fi exercitate prin trimiterea unui e-mail la urm\u0103toarea adres\u0103: <a href=\"mailto:privacy@bestwaycorp.eu\">privacy@bestwaycorp.eu<\/a><\/p>\t\t\t\t\t\t\t\t<\/div>\n\t\t\t\t<\/div>\n\t\t\t\t\t<\/div>\n\t\t\t\t<\/div>\n\t\t<div class=\"elementor-element elementor-element-fc9e459 e-flex e-con-boxed e-con e-parent\" data-id=\"fc9e459\" data-element_type=\"container\" data-e-type=\"container\">\n\t\t\t\t\t<div class=\"e-con-inner\">\n\t\t\t\t<div class=\"elementor-element elementor-element-4ff1b8f6 elementor-widget elementor-widget-menu-anchor\" data-id=\"4ff1b8f6\" data-element_type=\"widget\" data-e-type=\"widget\" data-widget_type=\"menu-anchor.default\">\n\t\t\t\t<div class=\"elementor-widget-container\">\n\t\t\t\t\t\t\t<div class=\"elementor-menu-anchor\" id=\"Sitoassistenza\"><\/div>\n\t\t\t\t\t\t<\/div>\n\t\t\t\t<\/div>\n\t\t\t\t<div class=\"elementor-element elementor-element-33a4a549 elementor-widget elementor-widget-heading\" data-id=\"33a4a549\" data-element_type=\"widget\" data-e-type=\"widget\" data-widget_type=\"heading.default\">\n\t\t\t\t<div class=\"elementor-widget-container\">\n\t\t\t\t\t<h2 class=\"elementor-heading-title elementor-size-default\">Site web pentru asisten\u021b\u0103<\/h2>\t\t\t\t<\/div>\n\t\t\t\t<\/div>\n\t\t\t\t<div class=\"elementor-element elementor-element-10d7938d elementor-widget elementor-widget-text-editor\" data-id=\"10d7938d\" data-element_type=\"widget\" data-e-type=\"widget\" data-widget_type=\"text-editor.default\">\n\t\t\t\t<div class=\"elementor-widget-container\">\n\t\t\t\t\t\t\t\t\t<p>Politic\u0103 elaborat\u0103 \u00een conformitate cu Regulamentul European 2016\/679 (GDPR) cu modific\u0103rile \u0219i complet\u0103rile ulterioare<\/p><p>Operator de date: BESTWAY EUROPE S.P.A., cu sediul social \u00een San Giuliano Milanese (Mi), via Resistenza 5 (\u201eBESTWAY\u201d), Italia.<\/p><p>Responsabilul cu protec\u021bia datelor (DPO): <a href=\"mailto:privacy@bestwaycorp.eu\">privacy@bestwaycorp.eu<\/a><\/p><p>Operatorul de date va prelucra urm\u0103toarele date:<\/p><p>i) Numele \u0219i prenumele, adresa de e-mail, adresa de livrare \u0219i num\u0103rul de telefon pentru a v\u0103 furniza serviciul de gestionare a reclama\u021biilor, prin deschiderea unui cont personalizat pe site-ul BESTWAY, ce poate fi accesat prin introducerea Numelui de Utilizator \u0219i a Parolei care v\u0103 va fi comunicat\u0103 prin e-mail &#8211; aceasta din urm\u0103 urm\u00e2nd a fi modificat\u0103 la prima accesare &#8211; \u0219i prin preluarea \u0219i gestionarea corespunz\u0103toare a sesiz\u0103rii dumneavoastr\u0103 privind un prejudiciu, \u00een scopuri administrative \u0219i contabile, pentru \u00eendeplinirea obliga\u021biilor legale sau legislative.<\/p><p>ii) \u00een scopuri de marketing, pentru a v\u0103 trimite buletine informative care con\u021bin informa\u021bii \u0219i actualiz\u0103ri despre produsele, serviciile, evenimentele \u0219i ofertele BESTWAY, cu consim\u021b\u0103m\u00e2ntul dumneavoastr\u0103, dac\u0103 bifa\u021bi c\u0103su\u021ba corespunz\u0103toare.<\/p><p>iii) cu condi\u021bia exprim\u0103rii consim\u021b\u0103m\u00e2ntului prin bifarea c\u0103su\u021bei corespunz\u0103toare, se pot colecta informa\u021bii precum cele despre sex, intervalul de v\u00e2rst\u0103, calitatea de angajat, motiva\u021bia pentru achizi\u021bia produsului, metoda de cump\u0103rare a produsului \u0219i num\u0103rul de copii din gospod\u0103rie, \u00een scopuri statistice. Aceste date sunt colectate de BESTWAY pentru a ob\u021bine o vedere de ansamblu asupra clien\u021bilor s\u0103i, f\u0103r\u0103 a \u00eencerca s\u0103 fac\u0103 previziuni sau s\u0103 trag\u0103 anumite concluzii \u00een leg\u0103tur\u0103 cu dvs., scopul nefiind acela de a evalua caracteristicile individuale.<\/p><p>iv) cu consim\u021b\u0103m\u00e2ntul dvs., prin bifarea c\u0103su\u021bei corespunz\u0103toare, v\u0103 putem trimite prin e-mail o solicitare de a participa la un sondaj despre produsele noastre \u0219i despre experien\u021ba dvs. de utilizare a acestora;<\/p><p>Temeiul juridic al prelucr\u0103rii datelor men\u021bionate la punctul (i) const\u0103 \u00een stabilirea \u0219i executarea condi\u021biilor contractuale\/comerciale \u0219i a dispozi\u021biilor legale aplicabile; aceste date sunt obligatorii, iar refuzul de a le furniza poate \u00eempiedica BESTWAY s\u0103 \u00eendeplineasc\u0103 serviciul solicitat. \u00cen ceea ce prive\u0219te punctele (ii), (iii) \u0219i (iv) temeiul juridic al acestei prelucr\u0103ri const\u0103 \u00een consim\u021b\u0103m\u00e2ntul dumneavoastr\u0103 liber \u0219i op\u021bional \u0219i orice refuz de a v\u0103 exprima consim\u021b\u0103m\u00e2ntul nu va face dec\u00e2t s\u0103 v\u0103 \u00eempiedice s\u0103 mai primi\u021bi comunic\u0103rile men\u021bionate mai sus.<\/p><p>Datele dumneavoastr\u0103 vor fi prelucrate pe h\u00e2rtie \u0219i prin mijloace electronice, \u00een conformitate cu legisla\u021bia \u00een vigoare privind protec\u021bia datelor cu caracter personal (Regulamentul UE 679\/2016 sau \u201eGDPR\u201d cu modific\u0103rile \u0219i complet\u0103rile ulterioare). Datele cu caracter personal pe care le furniza\u021bi pot fi divulgate unor ter\u021bi, cum ar fi persoane, asocia\u021bii, firme profesionale \u0219i companii care furnizeaz\u0103 servicii \u0219i activit\u0103\u021bi de consultan\u021b\u0103 \u0219i asisten\u021b\u0103 c\u0103tre BESTWAY (inclusiv companii din Grupul BESTWAY care \u00ee\u0219i au sediul social \u00een afara teritoriului UE), \u00een calitate de Operatori de Date, dac\u0103 ace\u0219tia au fost desemna\u021bi \u00een mod corespunz\u0103tor \u0219i cu condi\u021bia s\u0103 existe m\u0103suri de protec\u021bie adecvate \u00een ceea ce prive\u0219te protec\u021bia datelor cu caracter personal, Operatorilor Comuni de Date, Operatorilor de Date Independen\u021bi, precum \u0219i angaja\u021bilor BESTWAY desemna\u021bi operatori de date exclusiv \u00een scopurile prezentate mai sus. Lista complet\u0103 a Operatorilor de Date sau a Persoanelor \u00cemputernicite de ace\u0219tia c\u0103rora li se divulg\u0103 datele este disponibil\u0103 la cerere.<\/p><p>\u00cen scopul gestion\u0103rii reclama\u021biilor prezentate la lit. (i), datele dumneavoastr\u0103 vor fi p\u0103strate chiar \u0219i dup\u0103 \u00eencetarea rela\u021biei contractuale\/comerciale cu BESTWAY, pentru \u00eendeplinirea tuturor obliga\u021biilor legate de sau care decurg din \u00eencheierea acestuia, inclusiv a celor legate de obliga\u021biile legale \u0219i de termenele de prescrip\u021bie stabilite \u00een acest scop de legisla\u021bia aplicabil\u0103, \u0219i, \u00een orice caz, pentru o perioad\u0103 care nu va dep\u0103\u0219i 10 ani.<\/p><p>\u00cen ceea ce prive\u0219te scopurile de marketing descrise la lit.(ii), datele dumneavoastr\u0103 vor fi p\u0103strate cel mult 8 ani din momentul \u00een care ne acorda\u021bi permisiunea. Clien\u021bii se pot dezabona de la serviciul de newsletter \u00een orice moment, f\u0103c\u00e2nd clic pe linkul \u201edezabonare\u201d inclus \u00een fiecare e-mail sau trimi\u021b\u00e2nd un e-mail la adresa <a href=\"mailto:privacy@bestwaycorp.eu\">privacy@bestwaycorp.eu<\/a>.<\/p><p>\u00cen scopul realiz\u0103rii statisticilor \u0219i sondajelor prev\u0103zute la pct.(iii) \u0219i (iv) de mai sus, datele dumneavoastr\u0103 vor fi stocate timp de p\u00e2n\u0103 la 8 ani de la data la care primim consim\u021b\u0103m\u00e2ntul dumneavoastr\u0103.<\/p><p>V\u0103 pute\u021bi exercita \u00een orice moment toate drepturile prev\u0103zute la art. 15 \u0219i urm. din Regulament, \u00een special prin dreptul de a avea acces la datele dvs. cu caracter personal, dreptul la rectificare, dreptul la \u0219tergerea datelor, dreptul de a v\u0103 opune prelucr\u0103rii acestora, dreptul la portabilitatea datelor \u0219i dreptul de a depune o pl\u00e2ngere la Autoritatea pentru Protec\u021bia Datelor cu Caracter Personal competent\u0103 din \u021bara dumneavoastr\u0103 (<a href=\"https:\/\/edpb.europa.eu\/about-edpb\/board\/members_en\" target=\"_blank\" rel=\"noopener\">https:\/\/edpb.europa.eu\/about-edpb\/board\/members_en<\/a>).<\/p><p>Drepturile men\u021bionate mai sus pot fi exercitate prin trimiterea unui e-mail la urm\u0103toarea adres\u0103: <a href=\"mailto:privacy@bestwaycorp.eu\">privacy@bestwaycorp.eu<\/a><\/p>\t\t\t\t\t\t\t\t<\/div>\n\t\t\t\t<\/div>\n\t\t\t\t\t<\/div>\n\t\t\t\t<\/div>\n\t\t\t\t<\/div>\n\t\t","protected":false},"excerpt":{"rendered":"<p>Marketing Politic\u0103 elaborat\u0103 \u00een conformitate cu Regulamentul European 2016\/679 (GDPR) cu modific\u0103rile \u0219i complet\u0103rile ulterioare Operator de date: BESTWAY EUROPE S.P.A., cu sediul social \u00een San Giuliano Milanese (Mi), via Resistenza 5 (\u201eBESTWAY\u201d), Italia. Responsabilul cu protec\u021bia datelor (DPO): privacy@bestwaycorp.eu Operatorul de date va prelucra urm\u0103toarele date: Cu consim\u021b\u0103m\u00e2ntul dumneavoastr\u0103, dac\u0103 bifa\u021bi c\u0103su\u021ba corespunz\u0103toare, Operatorul [&hellip;]<\/p>\n","protected":false},"author":9,"featured_media":0,"parent":0,"menu_order":0,"comment_status":"closed","ping_status":"closed","template":"","meta":{"_acf_changed":false,"site-sidebar-layout":"no-sidebar","site-content-layout":"page-builder","ast-site-content-layout":"full-width-container","site-content-style":"default","site-sidebar-style":"default","ast-global-header-display":"","ast-banner-title-visibility":"","ast-main-header-display":"","ast-hfb-above-header-display":"","ast-hfb-below-header-display":"","ast-hfb-mobile-header-display":"","site-post-title":"","ast-breadcrumbs-content":"","ast-featured-img":"disabled","footer-sml-layout":"","ast-disable-related-posts":"","theme-transparent-header-meta":"","adv-header-id-meta":"","stick-header-meta":"","header-above-stick-meta":"","header-main-stick-meta":"","header-below-stick-meta":"","astra-migrate-meta-layouts":"set","ast-page-background-enabled":"default","ast-page-background-meta":{"desktop":{"background-color":"var(--ast-global-color-4)","background-image":"","background-repeat":"repeat","background-position":"center center","background-size":"auto","background-attachment":"scroll","background-type":"","background-media":"","overlay-type":"","overlay-color":"","overlay-opacity":"","overlay-gradient":""},"tablet":{"background-color":"","background-image":"","background-repeat":"repeat","background-position":"center center","background-size":"auto","background-attachment":"scroll","background-type":"","background-media":"","overlay-type":"","overlay-color":"","overlay-opacity":"","overlay-gradient":""},"mobile":{"background-color":"","background-image":"","background-repeat":"repeat","background-position":"center center","background-size":"auto","background-attachment":"scroll","background-type":"","background-media":"","overlay-type":"","overlay-color":"","overlay-opacity":"","overlay-gradient":""}},"ast-content-background-meta":{"desktop":{"background-color":"var(--ast-global-color-5)","background-image":"","background-repeat":"repeat","background-position":"center center","background-size":"auto","background-attachment":"scroll","background-type":"","background-media":"","overlay-type":"","overlay-color":"","overlay-opacity":"","overlay-gradient":""},"tablet":{"background-color":"var(--ast-global-color-5)","background-image":"","background-repeat":"repeat","background-position":"center center","background-size":"auto","background-attachment":"scroll","background-type":"","background-media":"","overlay-type":"","overlay-color":"","overlay-opacity":"","overlay-gradient":""},"mobile":{"background-color":"var(--ast-global-color-5)","background-image":"","background-repeat":"repeat","background-position":"center center","background-size":"auto","background-attachment":"scroll","background-type":"","background-media":"","overlay-type":"","overlay-color":"","overlay-opacity":"","overlay-gradient":""}},"footnotes":""},"class_list":["post-6533","page","type-page","status-publish","hentry"],"acf":[],"yoast_head":"<!-- This site is optimized with the Yoast SEO plugin v27.4 - https:\/\/yoast.com\/product\/yoast-seo-wordpress\/ -->\n<title>Politica de confiden\u021bialitate - GDPR - Legal<\/title>\n<meta name=\"robots\" content=\"noindex, follow, max-snippet:-1, max-image-preview:large, max-video-preview:-1\" \/>\n<meta property=\"og:locale\" content=\"ro_RO\" \/>\n<meta property=\"og:type\" content=\"article\" \/>\n<meta property=\"og:title\" content=\"Politica de confiden\u021bialitate - GDPR - Legal\" \/>\n<meta property=\"og:description\" content=\"Marketing Politic\u0103 elaborat\u0103 \u00een conformitate cu Regulamentul European 2016\/679 (GDPR) cu modific\u0103rile \u0219i complet\u0103rile ulterioare Operator de date: BESTWAY EUROPE S.P.A., cu sediul social \u00een San Giuliano Milanese (Mi), via Resistenza 5 (\u201eBESTWAY\u201d), Italia. Responsabilul cu protec\u021bia datelor (DPO): privacy@bestwaycorp.eu Operatorul de date va prelucra urm\u0103toarele date: Cu consim\u021b\u0103m\u00e2ntul dumneavoastr\u0103, dac\u0103 bifa\u021bi c\u0103su\u021ba corespunz\u0103toare, Operatorul [&hellip;]\" \/>\n<meta property=\"og:url\" content=\"https:\/\/legal.bestway.eu\/ro-ro\/privacy-notice\/\" \/>\n<meta property=\"og:site_name\" content=\"Legal\" \/>\n<meta property=\"article:modified_time\" content=\"2024-10-15T08:25:58+00:00\" \/>\n<meta name=\"twitter:card\" content=\"summary_large_image\" \/>\n<meta name=\"twitter:label1\" content=\"Est. reading time\" \/>\n\t<meta name=\"twitter:data1\" content=\"7 minutes\" \/>\n<script type=\"application\/ld+json\" class=\"yoast-schema-graph\">{\"@context\":\"https:\\\/\\\/schema.org\",\"@graph\":[{\"@type\":\"WebPage\",\"@id\":\"https:\\\/\\\/legal.bestway.eu\\\/ro-ro\\\/privacy-notice\\\/\",\"url\":\"https:\\\/\\\/legal.bestway.eu\\\/ro-ro\\\/privacy-notice\\\/\",\"name\":\"Politica de confiden\u021bialitate - GDPR - Legal\",\"isPartOf\":{\"@id\":\"https:\\\/\\\/legal.bestway.eu\\\/ro-ro\\\/#website\"},\"datePublished\":\"2023-10-24T10:37:41+00:00\",\"dateModified\":\"2024-10-15T08:25:58+00:00\",\"inLanguage\":\"ro-ro\",\"potentialAction\":[{\"@type\":\"ReadAction\",\"target\":[\"https:\\\/\\\/legal.bestway.eu\\\/ro-ro\\\/privacy-notice\\\/\"]}]},{\"@type\":\"WebSite\",\"@id\":\"https:\\\/\\\/legal.bestway.eu\\\/ro-ro\\\/#website\",\"url\":\"https:\\\/\\\/legal.bestway.eu\\\/ro-ro\\\/\",\"name\":\"Legal\",\"description\":\"Legal\",\"publisher\":{\"@id\":\"https:\\\/\\\/legal.bestway.eu\\\/ro-ro\\\/#organization\"},\"potentialAction\":[{\"@type\":\"SearchAction\",\"target\":{\"@type\":\"EntryPoint\",\"urlTemplate\":\"https:\\\/\\\/legal.bestway.eu\\\/ro-ro\\\/?s={search_term_string}\"},\"query-input\":{\"@type\":\"PropertyValueSpecification\",\"valueRequired\":true,\"valueName\":\"search_term_string\"}}],\"inLanguage\":\"ro-ro\"},{\"@type\":\"Organization\",\"@id\":\"https:\\\/\\\/legal.bestway.eu\\\/ro-ro\\\/#organization\",\"name\":\"Legal\",\"url\":\"https:\\\/\\\/legal.bestway.eu\\\/ro-ro\\\/\",\"logo\":{\"@type\":\"ImageObject\",\"inLanguage\":\"ro-ro\",\"@id\":\"https:\\\/\\\/legal.bestway.eu\\\/ro-ro\\\/#\\\/schema\\\/logo\\\/image\\\/\",\"url\":\"https:\\\/\\\/legal.bestway.eu\\\/wp-content\\\/uploads\\\/sites\\\/2\\\/2023\\\/10\\\/bw-white-logo@2x.png\",\"contentUrl\":\"https:\\\/\\\/legal.bestway.eu\\\/wp-content\\\/uploads\\\/sites\\\/2\\\/2023\\\/10\\\/bw-white-logo@2x.png\",\"width\":348,\"height\":138,\"caption\":\"Legal\"},\"image\":{\"@id\":\"https:\\\/\\\/legal.bestway.eu\\\/ro-ro\\\/#\\\/schema\\\/logo\\\/image\\\/\"}}]}<\/script>\n<!-- \/ Yoast SEO plugin. -->","yoast_head_json":{"title":"Politica de confiden\u021bialitate - GDPR - Legal","robots":{"index":"noindex","follow":"follow","max-snippet":"max-snippet:-1","max-image-preview":"max-image-preview:large","max-video-preview":"max-video-preview:-1"},"og_locale":"ro_RO","og_type":"article","og_title":"Politica de confiden\u021bialitate - GDPR - Legal","og_description":"Marketing Politic\u0103 elaborat\u0103 \u00een conformitate cu Regulamentul European 2016\/679 (GDPR) cu modific\u0103rile \u0219i complet\u0103rile ulterioare Operator de date: BESTWAY EUROPE S.P.A., cu sediul social \u00een San Giuliano Milanese (Mi), via Resistenza 5 (\u201eBESTWAY\u201d), Italia. Responsabilul cu protec\u021bia datelor (DPO): privacy@bestwaycorp.eu Operatorul de date va prelucra urm\u0103toarele date: Cu consim\u021b\u0103m\u00e2ntul dumneavoastr\u0103, dac\u0103 bifa\u021bi c\u0103su\u021ba corespunz\u0103toare, Operatorul [&hellip;]","og_url":"https:\/\/legal.bestway.eu\/ro-ro\/privacy-notice\/","og_site_name":"Legal","article_modified_time":"2024-10-15T08:25:58+00:00","twitter_card":"summary_large_image","twitter_misc":{"Est. reading time":"7 minutes"},"schema":{"@context":"https:\/\/schema.org","@graph":[{"@type":"WebPage","@id":"https:\/\/legal.bestway.eu\/ro-ro\/privacy-notice\/","url":"https:\/\/legal.bestway.eu\/ro-ro\/privacy-notice\/","name":"Politica de confiden\u021bialitate - GDPR - Legal","isPartOf":{"@id":"https:\/\/legal.bestway.eu\/ro-ro\/#website"},"datePublished":"2023-10-24T10:37:41+00:00","dateModified":"2024-10-15T08:25:58+00:00","inLanguage":"ro-ro","potentialAction":[{"@type":"ReadAction","target":["https:\/\/legal.bestway.eu\/ro-ro\/privacy-notice\/"]}]},{"@type":"WebSite","@id":"https:\/\/legal.bestway.eu\/ro-ro\/#website","url":"https:\/\/legal.bestway.eu\/ro-ro\/","name":"Legal","description":"Legal","publisher":{"@id":"https:\/\/legal.bestway.eu\/ro-ro\/#organization"},"potentialAction":[{"@type":"SearchAction","target":{"@type":"EntryPoint","urlTemplate":"https:\/\/legal.bestway.eu\/ro-ro\/?s={search_term_string}"},"query-input":{"@type":"PropertyValueSpecification","valueRequired":true,"valueName":"search_term_string"}}],"inLanguage":"ro-ro"},{"@type":"Organization","@id":"https:\/\/legal.bestway.eu\/ro-ro\/#organization","name":"Legal","url":"https:\/\/legal.bestway.eu\/ro-ro\/","logo":{"@type":"ImageObject","inLanguage":"ro-ro","@id":"https:\/\/legal.bestway.eu\/ro-ro\/#\/schema\/logo\/image\/","url":"https:\/\/legal.bestway.eu\/wp-content\/uploads\/sites\/2\/2023\/10\/bw-white-logo@2x.png","contentUrl":"https:\/\/legal.bestway.eu\/wp-content\/uploads\/sites\/2\/2023\/10\/bw-white-logo@2x.png","width":348,"height":138,"caption":"Legal"},"image":{"@id":"https:\/\/legal.bestway.eu\/ro-ro\/#\/schema\/logo\/image\/"}}]}},"_links":{"self":[{"href":"https:\/\/legal.bestway.eu\/ro-ro\/wp-json\/wp\/v2\/pages\/6533","targetHints":{"allow":["GET"]}}],"collection":[{"href":"https:\/\/legal.bestway.eu\/ro-ro\/wp-json\/wp\/v2\/pages"}],"about":[{"href":"https:\/\/legal.bestway.eu\/ro-ro\/wp-json\/wp\/v2\/types\/page"}],"author":[{"embeddable":true,"href":"https:\/\/legal.bestway.eu\/ro-ro\/wp-json\/wp\/v2\/users\/9"}],"replies":[{"embeddable":true,"href":"https:\/\/legal.bestway.eu\/ro-ro\/wp-json\/wp\/v2\/comments?post=6533"}],"version-history":[{"count":11,"href":"https:\/\/legal.bestway.eu\/ro-ro\/wp-json\/wp\/v2\/pages\/6533\/revisions"}],"predecessor-version":[{"id":6566,"href":"https:\/\/legal.bestway.eu\/ro-ro\/wp-json\/wp\/v2\/pages\/6533\/revisions\/6566"}],"wp:attachment":[{"href":"https:\/\/legal.bestway.eu\/ro-ro\/wp-json\/wp\/v2\/media?parent=6533"}],"curies":[{"name":"wp","href":"https:\/\/api.w.org\/{rel}","templated":true}]}}