{"id":8719,"date":"2025-06-09T15:47:15","date_gmt":"2025-06-09T13:47:15","guid":{"rendered":"https:\/\/legal.bestway.eu\/accessibility\/"},"modified":"2025-06-23T10:48:53","modified_gmt":"2025-06-23T08:48:53","slug":"accessibility","status":"publish","type":"page","link":"https:\/\/legal.bestway.eu\/pt-pt\/accessibility\/","title":{"rendered":"Acessibilidade"},"content":{"rendered":"\t\t<div data-elementor-type=\"wp-page\" data-elementor-id=\"8719\" class=\"elementor elementor-8719\" data-elementor-post-type=\"page\">\n\t\t\t\t<div class=\"elementor-element elementor-element-5b5bf09 e-flex e-con-boxed e-con e-parent\" data-id=\"5b5bf09\" data-element_type=\"container\" data-e-type=\"container\">\n\t\t\t\t\t<div class=\"e-con-inner\">\n\t\t\t\t<div class=\"elementor-element elementor-element-febc057 elementor-widget elementor-widget-text-editor\" data-id=\"febc057\" data-element_type=\"widget\" data-e-type=\"widget\" data-widget_type=\"text-editor.default\">\n\t\t\t\t<div class=\"elementor-widget-container\">\n\t\t\t\t\t\t\t\t\t<p>Acreditamos que a internet deve estar dispon\u00edvel e acess\u00edvel a todos e estamos comprometidos em fornecer um site acess\u00edvel ao maior p\u00fablico poss\u00edvel.<\/p><p>Tendemos a seguir as Diretrizes de Acessibilidade para Conte\u00fado Web 2.1 (WCAG 2.1) do World Wide Web Consortium (W3C). Essas diretrizes explicam como tornar o conte\u00fado web acess\u00edvel a uma ampla gama de usu\u00e1rios com diferentes necessidades. Seguir essas diretrizes nos ajuda a garantir que nossos sites sejam acess\u00edveis ao maior n\u00famero poss\u00edvel de pessoas.<\/p>\t\t\t\t\t\t\t\t<\/div>\n\t\t\t\t<\/div>\n\t\t\t\t<div class=\"elementor-element elementor-element-a41cc72 elementor-widget elementor-widget-heading\" data-id=\"a41cc72\" data-element_type=\"widget\" data-e-type=\"widget\" data-widget_type=\"heading.default\">\n\t\t\t\t<div class=\"elementor-widget-container\">\n\t\t\t\t\t<h2 class=\"elementor-heading-title elementor-size-default\">Declara\u00e7\u00f5es de acessibilidade<\/h2>\t\t\t\t<\/div>\n\t\t\t\t<\/div>\n\t\t\t\t<div class=\"elementor-element elementor-element-dd82ffd elementor-widget elementor-widget-n-accordion\" data-id=\"dd82ffd\" data-element_type=\"widget\" data-e-type=\"widget\" data-settings=\"{&quot;max_items_expended&quot;:&quot;multiple&quot;,&quot;default_state&quot;:&quot;expanded&quot;,&quot;n_accordion_animation_duration&quot;:{&quot;unit&quot;:&quot;ms&quot;,&quot;size&quot;:400,&quot;sizes&quot;:[]}}\" data-widget_type=\"nested-accordion.default\">\n\t\t\t\t<div class=\"elementor-widget-container\">\n\t\t\t\t\t\t\t<div class=\"e-n-accordion\" aria-label=\"Accordion. Open links with Enter or Space, close with Escape, and navigate with Arrow Keys\">\n\t\t\t\t\t\t<details id=\"e-n-accordion-item-2320\" class=\"e-n-accordion-item\" open>\n\t\t\t\t<summary class=\"e-n-accordion-item-title\" data-accordion-index=\"1\" tabindex=\"0\" aria-expanded=\"true\" aria-controls=\"e-n-accordion-item-2320\" >\n\t\t\t\t\t<span class='e-n-accordion-item-title-header'><div class=\"e-n-accordion-item-title-text\"> Site de suporte (support.bestway.eu) <\/div><\/span>\n\t\t\t\t\t\t\t<span class='e-n-accordion-item-title-icon'>\n\t\t\t<span class='e-opened' ><i aria-hidden=\"true\" class=\"fas fa-minus\"><\/i><\/span>\n\t\t\t<span class='e-closed'><i aria-hidden=\"true\" class=\"fas fa-plus\"><\/i><\/span>\n\t\t<\/span>\n\n\t\t\t\t\t\t<\/summary>\n\t\t\t\t<div role=\"region\" aria-labelledby=\"e-n-accordion-item-2320\" class=\"elementor-element elementor-element-0ab357d e-con-full e-flex e-con e-child\" data-id=\"0ab357d\" data-element_type=\"container\" data-e-type=\"container\">\n\t\t\t\t<div class=\"elementor-element elementor-element-7f3cfd0 elementor-widget elementor-widget-text-editor\" data-id=\"7f3cfd0\" data-element_type=\"widget\" data-e-type=\"widget\" data-widget_type=\"text-editor.default\">\n\t\t\t\t<div class=\"elementor-widget-container\">\n\t\t\t\t\t\t\t\t\t<p data-start=\"109\" data-end=\"193\"><strong data-start=\"109\" data-end=\"193\">A presente declara\u00e7\u00e3o de acessibilidade aplica-se a: https:\/\/support.bestway.eu.<\/strong><\/p><p data-start=\"195\" data-end=\"411\"><strong data-start=\"195\" data-end=\"245\">Estado de conformidade: Parcialmente conforme.<\/strong><br data-start=\"245\" data-end=\"248\" \/>Este website est\u00e1 parcialmente conforme com os requisitos previstos no Anexo A da norma UNI CEI EN 301549, devido \u00e0s situa\u00e7\u00f5es de n\u00e3o conformidade listadas abaixo.<\/p><p data-start=\"556\" data-end=\"590\"><strong data-start=\"556\" data-end=\"588\">1.1.1 \u2013 Conte\u00fado n\u00e3o textual<\/strong><\/p><ul data-start=\"591\" data-end=\"913\"><li data-start=\"591\" data-end=\"689\"><p data-start=\"593\" data-end=\"689\">Algumas imagens n\u00e3o possuem o atributo <code data-start=\"632\" data-end=\"637\">alt<\/code> ou apresentam texto alternativo pouco descritivo.<\/p><\/li><li data-start=\"690\" data-end=\"790\"><p data-start=\"692\" data-end=\"790\">Alguns elementos <code data-start=\"709\" data-end=\"717\">iframe<\/code> n\u00e3o t\u00eam texto alternativo atrav\u00e9s do atributo <code data-start=\"764\" data-end=\"771\">title<\/code> ou <code data-start=\"775\" data-end=\"787\">aria-label<\/code>.<\/p><\/li><li data-start=\"791\" data-end=\"913\"><p data-start=\"793\" data-end=\"913\">Certos elementos meramente decorativos n\u00e3o est\u00e3o devidamente marcados com <code data-start=\"867\" data-end=\"888\">role=\"presentation\"<\/code> ou <code data-start=\"892\" data-end=\"912\">aria-hidden=\"true\"<\/code>.<\/p><\/li><\/ul><p data-start=\"915\" data-end=\"950\"><strong data-start=\"915\" data-end=\"948\">1.3.1 \u2013 Informa\u00e7\u00e3o e rela\u00e7\u00f5es<\/strong><\/p><ul data-start=\"951\" data-end=\"1345\"><li data-start=\"951\" data-end=\"1043\"><p data-start=\"953\" data-end=\"1043\">V\u00e1rios elementos cont\u00eainer est\u00e3o vazios no DOM, resultando em estruturas n\u00e3o sem\u00e2nticas.<\/p><\/li><li data-start=\"1044\" data-end=\"1140\"><p data-start=\"1046\" data-end=\"1140\">Alguns campos de formul\u00e1rio n\u00e3o t\u00eam etiquetas associadas via <code data-start=\"1107\" data-end=\"1116\">&lt;label&gt;<\/code> ou <code data-start=\"1120\" data-end=\"1137\">aria-labelledby<\/code>.<\/p><\/li><li data-start=\"1141\" data-end=\"1207\"><p data-start=\"1143\" data-end=\"1207\">Certos textos n\u00e3o t\u00eam fun\u00e7\u00f5es ou propriedades ARIA atribu\u00eddas.<\/p><\/li><li data-start=\"1208\" data-end=\"1345\"><p data-start=\"1210\" data-end=\"1345\">Alguns documentos n\u00e3o utilizam marcadores sem\u00e2nticos para cabe\u00e7alhos (<code data-start=\"1280\" data-end=\"1289\">heading<\/code>), comprometendo a navega\u00e7\u00e3o por tecnologias assistivas.<\/p><\/li><\/ul><p data-start=\"1347\" data-end=\"1431\"><strong data-start=\"1347\" data-end=\"1429\">1.3.2 \/ 2.1.1 \/ 2.4.3 \u2013 Ordem significativa, acesso por teclado, ordem do foco<\/strong><\/p><ul data-start=\"1432\" data-end=\"1578\"><li data-start=\"1432\" data-end=\"1578\"><p data-start=\"1434\" data-end=\"1578\">Em determinados documentos, a ordem de leitura e navega\u00e7\u00e3o n\u00e3o \u00e9 coerente com o layout visual, dificultando o uso por teclado ou leitor de ecr\u00e3.<\/p><\/li><\/ul><p data-start=\"1580\" data-end=\"1612\"><strong data-start=\"1580\" data-end=\"1610\">1.4.3 \u2013 Contraste (m\u00ednimo)<\/strong><\/p><ul data-start=\"1613\" data-end=\"1712\"><li data-start=\"1613\" data-end=\"1712\"><p data-start=\"1615\" data-end=\"1712\">O contraste entre o texto e o fundo, em alguns elementos, n\u00e3o atinge a propor\u00e7\u00e3o m\u00ednima de 4.5:1.<\/p><\/li><\/ul><p data-start=\"1714\" data-end=\"1754\"><strong data-start=\"1714\" data-end=\"1752\">1.4.4 \u2013 Redimensionamento do texto<\/strong><\/p><ul data-start=\"1755\" data-end=\"1836\"><li data-start=\"1755\" data-end=\"1836\"><p data-start=\"1757\" data-end=\"1836\">Certos textos s\u00e3o cortados ou sobrepostos quando sujeitos a aumento de tamanho.<\/p><\/li><\/ul><p data-start=\"1838\" data-end=\"1887\"><strong data-start=\"1838\" data-end=\"1885\">1.4.10 \u2013 Reorganiza\u00e7\u00e3o do conte\u00fado (Reflow)<\/strong><\/p><ul data-start=\"1888\" data-end=\"2015\"><li data-start=\"1888\" data-end=\"2015\"><p data-start=\"1890\" data-end=\"2015\">Algumas p\u00e1ginas ou componentes n\u00e3o gerem corretamente o zoom ou o redimensionamento, causando problemas de disposi\u00e7\u00e3o visual.<\/p><\/li><\/ul><p data-start=\"2017\" data-end=\"2056\"><strong data-start=\"2017\" data-end=\"2054\">2.4.1 \u2013 Saltar blocos de conte\u00fado<\/strong><\/p><ul data-start=\"2057\" data-end=\"2149\"><li data-start=\"2057\" data-end=\"2149\"><p data-start=\"2059\" data-end=\"2149\">Em algumas p\u00e1ginas falta a liga\u00e7\u00e3o \u201cSaltar para o conte\u00fado\u201d, acess\u00edvel atrav\u00e9s do teclado.<\/p><\/li><\/ul><p data-start=\"2151\" data-end=\"2181\"><strong data-start=\"2151\" data-end=\"2179\">2.4.2 \u2013 T\u00edtulo da p\u00e1gina<\/strong><\/p><ul data-start=\"2182\" data-end=\"2312\"><li data-start=\"2182\" data-end=\"2312\"><p data-start=\"2184\" data-end=\"2312\">Falta o t\u00edtulo nos metadados de alguns documentos, dificultando a identifica\u00e7\u00e3o do conte\u00fado em contextos de navega\u00e7\u00e3o assistida.<\/p><\/li><\/ul><p data-start=\"2314\" data-end=\"2363\"><strong data-start=\"2314\" data-end=\"2361\">2.4.4 \u2013 Finalidade da liga\u00e7\u00e3o (no contexto)<\/strong><\/p><ul data-start=\"2364\" data-end=\"2425\"><li data-start=\"2364\" data-end=\"2425\"><p data-start=\"2366\" data-end=\"2425\">Certas liga\u00e7\u00f5es carecem de texto alternativo significativo.<\/p><\/li><\/ul><p data-start=\"2427\" data-end=\"2461\"><strong data-start=\"2427\" data-end=\"2459\">2.4.6 \u2013 Cabe\u00e7alhos e r\u00f3tulos<\/strong><\/p><ul data-start=\"2462\" data-end=\"2534\"><li data-start=\"2462\" data-end=\"2534\"><p data-start=\"2464\" data-end=\"2534\">Em algumas p\u00e1ginas faltam cabe\u00e7alhos sem\u00e2nticos ou etiquetas <code data-start=\"2525\" data-end=\"2533\">header<\/code>.<\/p><\/li><\/ul><p data-start=\"2536\" data-end=\"2566\"><strong data-start=\"2536\" data-end=\"2564\">3.1.1 \u2013 Idioma da p\u00e1gina<\/strong><\/p><ul data-start=\"2567\" data-end=\"2674\"><li data-start=\"2567\" data-end=\"2674\"><p data-start=\"2569\" data-end=\"2674\">O idioma predefinido do documento n\u00e3o est\u00e1 definido, prejudicando a correta leitura por leitores de ecr\u00e3.<\/p><\/li><\/ul><p data-start=\"2676\" data-end=\"2709\"><strong data-start=\"2676\" data-end=\"2707\">4.1.2 \u2013 Nome, fun\u00e7\u00e3o, valor<\/strong><\/p><ul data-start=\"2710\" data-end=\"2862\"><li data-start=\"2710\" data-end=\"2769\"><p data-start=\"2712\" data-end=\"2769\">V\u00e1rios bot\u00f5es n\u00e3o t\u00eam r\u00f3tulos de texto ou <code data-start=\"2754\" data-end=\"2766\">aria-label<\/code>.<\/p><\/li><li data-start=\"2770\" data-end=\"2862\"><p data-start=\"2772\" data-end=\"2862\">Alguns atributos ARIA apresentam valores inv\u00e1lidos ou n\u00e3o conformes com as especifica\u00e7\u00f5es.<\/p><\/li><\/ul>\t\t\t\t\t\t\t\t<\/div>\n\t\t\t\t<\/div>\n\t\t\t\t<\/div>\n\t\t\t\t\t<\/details>\n\t\t\t\t\t<\/div>\n\t\t\t\t\t\t<\/div>\n\t\t\t\t<\/div>\n\t\t\t\t<div class=\"elementor-element elementor-element-3003df7 elementor-widget elementor-widget-heading\" data-id=\"3003df7\" data-element_type=\"widget\" data-e-type=\"widget\" data-widget_type=\"heading.default\">\n\t\t\t\t<div class=\"elementor-widget-container\">\n\t\t\t\t\t<h2 class=\"elementor-heading-title elementor-size-default\">Coment\u00e1rios e feedback<\/h2>\t\t\t\t<\/div>\n\t\t\t\t<\/div>\n\t\t\t\t<div class=\"elementor-element elementor-element-2b49daa elementor-widget elementor-widget-text-editor\" data-id=\"2b49daa\" data-element_type=\"widget\" data-e-type=\"widget\" data-widget_type=\"text-editor.default\">\n\t\t\t\t<div class=\"elementor-widget-container\">\n\t\t\t\t\t\t\t\t\t<p><span style=\"font-size: 16px;\">Desenvolvemos nossos sites respeitando os crit\u00e9rios de acessibilidade digital, mas ainda pode haver p\u00e1ginas ou se\u00e7\u00f5es que n\u00e3o sejam totalmente acess\u00edveis, estejam em processo de se tornarem acess\u00edveis ou n\u00e3o tenham uma solu\u00e7\u00e3o tecnol\u00f3gica adequada para isso. Para feedback ou den\u00fancias, escreva para <\/span><a style=\"font-size: 16px; background-color: #ffffff;\" href=\"mailto:accessibility@bestwaycorp.eu\"><strong>accessibility@bestwaycorp.eu<\/strong><\/a><\/p>\t\t\t\t\t\t\t\t<\/div>\n\t\t\t\t<\/div>\n\t\t\t\t\t<\/div>\n\t\t\t\t<\/div>\n\t\t\t\t<\/div>\n\t\t","protected":false},"excerpt":{"rendered":"<p>Acreditamos que a internet deve estar dispon\u00edvel e acess\u00edvel a todos e estamos comprometidos em fornecer um site acess\u00edvel ao maior p\u00fablico poss\u00edvel. Tendemos a seguir as Diretrizes de Acessibilidade para Conte\u00fado Web 2.1 (WCAG 2.1) do World Wide Web Consortium (W3C). Essas diretrizes explicam como tornar o conte\u00fado web acess\u00edvel a uma ampla gama [&hellip;]<\/p>\n","protected":false},"author":1,"featured_media":0,"parent":0,"menu_order":0,"comment_status":"closed","ping_status":"closed","template":"","meta":{"_acf_changed":false,"site-sidebar-layout":"no-sidebar","site-content-layout":"page-builder","ast-site-content-layout":"full-width-container","site-content-style":"default","site-sidebar-style":"default","ast-global-header-display":"","ast-banner-title-visibility":"","ast-main-header-display":"","ast-hfb-above-header-display":"","ast-hfb-below-header-display":"","ast-hfb-mobile-header-display":"","site-post-title":"disabled","ast-breadcrumbs-content":"","ast-featured-img":"disabled","footer-sml-layout":"","ast-disable-related-posts":"","theme-transparent-header-meta":"","adv-header-id-meta":"","stick-header-meta":"","header-above-stick-meta":"","header-main-stick-meta":"","header-below-stick-meta":"","astra-migrate-meta-layouts":"set","ast-page-background-enabled":"default","ast-page-background-meta":{"desktop":{"background-color":"var(--ast-global-color-4)","background-image":"","background-repeat":"repeat","background-position":"center center","background-size":"auto","background-attachment":"scroll","background-type":"","background-media":"","overlay-type":"","overlay-color":"","overlay-opacity":"","overlay-gradient":""},"tablet":{"background-color":"","background-image":"","background-repeat":"repeat","background-position":"center center","background-size":"auto","background-attachment":"scroll","background-type":"","background-media":"","overlay-type":"","overlay-color":"","overlay-opacity":"","overlay-gradient":""},"mobile":{"background-color":"","background-image":"","background-repeat":"repeat","background-position":"center center","background-size":"auto","background-attachment":"scroll","background-type":"","background-media":"","overlay-type":"","overlay-color":"","overlay-opacity":"","overlay-gradient":""}},"ast-content-background-meta":{"desktop":{"background-color":"var(--ast-global-color-5)","background-image":"","background-repeat":"repeat","background-position":"center center","background-size":"auto","background-attachment":"scroll","background-type":"","background-media":"","overlay-type":"","overlay-color":"","overlay-opacity":"","overlay-gradient":""},"tablet":{"background-color":"var(--ast-global-color-5)","background-image":"","background-repeat":"repeat","background-position":"center center","background-size":"auto","background-attachment":"scroll","background-type":"","background-media":"","overlay-type":"","overlay-color":"","overlay-opacity":"","overlay-gradient":""},"mobile":{"background-color":"var(--ast-global-color-5)","background-image":"","background-repeat":"repeat","background-position":"center center","background-size":"auto","background-attachment":"scroll","background-type":"","background-media":"","overlay-type":"","overlay-color":"","overlay-opacity":"","overlay-gradient":""}},"footnotes":""},"class_list":["post-8719","page","type-page","status-publish","hentry"],"acf":[],"yoast_head":"<!-- This site is optimized with the Yoast SEO plugin v27.6 - https:\/\/yoast.com\/product\/yoast-seo-wordpress\/ -->\n<title>Acessibilidade - Legal<\/title>\n<meta name=\"robots\" content=\"noindex, follow, max-snippet:-1, max-image-preview:large, max-video-preview:-1\" \/>\n<meta property=\"og:locale\" content=\"pt_PT\" \/>\n<meta property=\"og:type\" content=\"article\" \/>\n<meta property=\"og:title\" content=\"Acessibilidade - Legal\" \/>\n<meta property=\"og:description\" content=\"Acreditamos que a internet deve estar dispon\u00edvel e acess\u00edvel a todos e estamos comprometidos em fornecer um site acess\u00edvel ao maior p\u00fablico poss\u00edvel. Tendemos a seguir as Diretrizes de Acessibilidade para Conte\u00fado Web 2.1 (WCAG 2.1) do World Wide Web Consortium (W3C). Essas diretrizes explicam como tornar o conte\u00fado web acess\u00edvel a uma ampla gama [&hellip;]\" \/>\n<meta property=\"og:url\" content=\"https:\/\/legal.bestway.eu\/pt-pt\/accessibility\/\" \/>\n<meta property=\"og:site_name\" content=\"Legal\" \/>\n<meta property=\"article:modified_time\" content=\"2025-06-23T08:48:53+00:00\" \/>\n<meta name=\"twitter:card\" content=\"summary_large_image\" \/>\n<meta name=\"twitter:label1\" content=\"Est. reading time\" \/>\n\t<meta name=\"twitter:data1\" content=\"5 minutes\" \/>\n<script type=\"application\/ld+json\" class=\"yoast-schema-graph\">{\"@context\":\"https:\\\/\\\/schema.org\",\"@graph\":[{\"@type\":\"WebPage\",\"@id\":\"https:\\\/\\\/legal.bestway.eu\\\/pt-pt\\\/accessibility\\\/\",\"url\":\"https:\\\/\\\/legal.bestway.eu\\\/pt-pt\\\/accessibility\\\/\",\"name\":\"Acessibilidade - Legal\",\"isPartOf\":{\"@id\":\"https:\\\/\\\/legal.bestway.eu\\\/pt-pt\\\/#website\"},\"datePublished\":\"2025-06-09T13:47:15+00:00\",\"dateModified\":\"2025-06-23T08:48:53+00:00\",\"inLanguage\":\"pt-pt\",\"potentialAction\":[{\"@type\":\"ReadAction\",\"target\":[\"https:\\\/\\\/legal.bestway.eu\\\/pt-pt\\\/accessibility\\\/\"]}]},{\"@type\":\"WebSite\",\"@id\":\"https:\\\/\\\/legal.bestway.eu\\\/pt-pt\\\/#website\",\"url\":\"https:\\\/\\\/legal.bestway.eu\\\/pt-pt\\\/\",\"name\":\"Legal\",\"description\":\"Legal\",\"publisher\":{\"@id\":\"https:\\\/\\\/legal.bestway.eu\\\/pt-pt\\\/#organization\"},\"potentialAction\":[{\"@type\":\"SearchAction\",\"target\":{\"@type\":\"EntryPoint\",\"urlTemplate\":\"https:\\\/\\\/legal.bestway.eu\\\/pt-pt\\\/?s={search_term_string}\"},\"query-input\":{\"@type\":\"PropertyValueSpecification\",\"valueRequired\":true,\"valueName\":\"search_term_string\"}}],\"inLanguage\":\"pt-pt\"},{\"@type\":\"Organization\",\"@id\":\"https:\\\/\\\/legal.bestway.eu\\\/pt-pt\\\/#organization\",\"name\":\"Legal\",\"url\":\"https:\\\/\\\/legal.bestway.eu\\\/pt-pt\\\/\",\"logo\":{\"@type\":\"ImageObject\",\"inLanguage\":\"pt-pt\",\"@id\":\"https:\\\/\\\/legal.bestway.eu\\\/pt-pt\\\/#\\\/schema\\\/logo\\\/image\\\/\",\"url\":\"https:\\\/\\\/legal.bestway.eu\\\/wp-content\\\/uploads\\\/sites\\\/2\\\/2023\\\/10\\\/bw-white-logo@2x.png\",\"contentUrl\":\"https:\\\/\\\/legal.bestway.eu\\\/wp-content\\\/uploads\\\/sites\\\/2\\\/2023\\\/10\\\/bw-white-logo@2x.png\",\"width\":348,\"height\":138,\"caption\":\"Legal\"},\"image\":{\"@id\":\"https:\\\/\\\/legal.bestway.eu\\\/pt-pt\\\/#\\\/schema\\\/logo\\\/image\\\/\"}}]}<\/script>\n<!-- \/ Yoast SEO plugin. -->","yoast_head_json":{"title":"Acessibilidade - Legal","robots":{"index":"noindex","follow":"follow","max-snippet":"max-snippet:-1","max-image-preview":"max-image-preview:large","max-video-preview":"max-video-preview:-1"},"og_locale":"pt_PT","og_type":"article","og_title":"Acessibilidade - Legal","og_description":"Acreditamos que a internet deve estar dispon\u00edvel e acess\u00edvel a todos e estamos comprometidos em fornecer um site acess\u00edvel ao maior p\u00fablico poss\u00edvel. Tendemos a seguir as Diretrizes de Acessibilidade para Conte\u00fado Web 2.1 (WCAG 2.1) do World Wide Web Consortium (W3C). Essas diretrizes explicam como tornar o conte\u00fado web acess\u00edvel a uma ampla gama [&hellip;]","og_url":"https:\/\/legal.bestway.eu\/pt-pt\/accessibility\/","og_site_name":"Legal","article_modified_time":"2025-06-23T08:48:53+00:00","twitter_card":"summary_large_image","twitter_misc":{"Est. reading time":"5 minutes"},"schema":{"@context":"https:\/\/schema.org","@graph":[{"@type":"WebPage","@id":"https:\/\/legal.bestway.eu\/pt-pt\/accessibility\/","url":"https:\/\/legal.bestway.eu\/pt-pt\/accessibility\/","name":"Acessibilidade - Legal","isPartOf":{"@id":"https:\/\/legal.bestway.eu\/pt-pt\/#website"},"datePublished":"2025-06-09T13:47:15+00:00","dateModified":"2025-06-23T08:48:53+00:00","inLanguage":"pt-pt","potentialAction":[{"@type":"ReadAction","target":["https:\/\/legal.bestway.eu\/pt-pt\/accessibility\/"]}]},{"@type":"WebSite","@id":"https:\/\/legal.bestway.eu\/pt-pt\/#website","url":"https:\/\/legal.bestway.eu\/pt-pt\/","name":"Legal","description":"Legal","publisher":{"@id":"https:\/\/legal.bestway.eu\/pt-pt\/#organization"},"potentialAction":[{"@type":"SearchAction","target":{"@type":"EntryPoint","urlTemplate":"https:\/\/legal.bestway.eu\/pt-pt\/?s={search_term_string}"},"query-input":{"@type":"PropertyValueSpecification","valueRequired":true,"valueName":"search_term_string"}}],"inLanguage":"pt-pt"},{"@type":"Organization","@id":"https:\/\/legal.bestway.eu\/pt-pt\/#organization","name":"Legal","url":"https:\/\/legal.bestway.eu\/pt-pt\/","logo":{"@type":"ImageObject","inLanguage":"pt-pt","@id":"https:\/\/legal.bestway.eu\/pt-pt\/#\/schema\/logo\/image\/","url":"https:\/\/legal.bestway.eu\/wp-content\/uploads\/sites\/2\/2023\/10\/bw-white-logo@2x.png","contentUrl":"https:\/\/legal.bestway.eu\/wp-content\/uploads\/sites\/2\/2023\/10\/bw-white-logo@2x.png","width":348,"height":138,"caption":"Legal"},"image":{"@id":"https:\/\/legal.bestway.eu\/pt-pt\/#\/schema\/logo\/image\/"}}]}},"_links":{"self":[{"href":"https:\/\/legal.bestway.eu\/pt-pt\/wp-json\/wp\/v2\/pages\/8719","targetHints":{"allow":["GET"]}}],"collection":[{"href":"https:\/\/legal.bestway.eu\/pt-pt\/wp-json\/wp\/v2\/pages"}],"about":[{"href":"https:\/\/legal.bestway.eu\/pt-pt\/wp-json\/wp\/v2\/types\/page"}],"author":[{"embeddable":true,"href":"https:\/\/legal.bestway.eu\/pt-pt\/wp-json\/wp\/v2\/users\/1"}],"replies":[{"embeddable":true,"href":"https:\/\/legal.bestway.eu\/pt-pt\/wp-json\/wp\/v2\/comments?post=8719"}],"version-history":[{"count":5,"href":"https:\/\/legal.bestway.eu\/pt-pt\/wp-json\/wp\/v2\/pages\/8719\/revisions"}],"predecessor-version":[{"id":8737,"href":"https:\/\/legal.bestway.eu\/pt-pt\/wp-json\/wp\/v2\/pages\/8719\/revisions\/8737"}],"wp:attachment":[{"href":"https:\/\/legal.bestway.eu\/pt-pt\/wp-json\/wp\/v2\/media?parent=8719"}],"curies":[{"name":"wp","href":"https:\/\/api.w.org\/{rel}","templated":true}]}}