{"id":6892,"date":"2023-10-24T11:15:40","date_gmt":"2023-10-24T09:15:40","guid":{"rendered":"https:\/\/legal.bestway.eu\/?page_id=6892"},"modified":"2026-02-10T10:59:08","modified_gmt":"2026-02-10T09:59:08","slug":"warranty-extension","status":"publish","type":"page","link":"https:\/\/legal.bestway.eu\/pt-pt\/warranty-extension\/","title":{"rendered":"Garantia Bestway"},"content":{"rendered":"\t\t<div data-elementor-type=\"wp-page\" data-elementor-id=\"6892\" class=\"elementor elementor-6892\" data-elementor-post-type=\"page\">\n\t\t\t\t<div class=\"elementor-element elementor-element-201a7b e-flex e-con-boxed e-con e-parent\" data-id=\"201a7b\" data-element_type=\"container\" data-e-type=\"container\">\n\t\t\t\t\t<div class=\"e-con-inner\">\n\t\t\t\t<div class=\"elementor-element elementor-element-3862fa4 elementor-widget elementor-widget-text-editor\" data-id=\"3862fa4\" data-element_type=\"widget\" data-e-type=\"widget\" data-widget_type=\"text-editor.default\">\n\t\t\t\t<div class=\"elementor-widget-container\">\n\t\t\t\t\t\t\t\t\t<p>Abaixo est\u00e3o os termos de garantia aplicados pela BESTWAY EUROPE S.p.A., com sede na Via della Resistenza n. 5, San Giuliano Milanese (20098) &#8211; Mil\u00e3o, It\u00e1lia (doravante \u201cBESTWAY\u201d), em produtos vendidos no Espa\u00e7o Econ\u00f3mico Europeu sob a marca BESTWAY.<\/p>\t\t\t\t\t\t\t\t<\/div>\n\t\t\t\t<\/div>\n\t\t\t\t\t<\/div>\n\t\t\t\t<\/div>\n\t\t<div class=\"elementor-element elementor-element-2d7f1d1b e-flex e-con-boxed e-con e-parent\" data-id=\"2d7f1d1b\" data-element_type=\"container\" data-e-type=\"container\">\n\t\t\t\t\t<div class=\"e-con-inner\">\n\t\t\t\t<div class=\"elementor-element elementor-element-7112739 elementor-widget elementor-widget-heading\" data-id=\"7112739\" data-element_type=\"widget\" data-e-type=\"widget\" data-widget_type=\"heading.default\">\n\t\t\t\t<div class=\"elementor-widget-container\">\n\t\t\t\t\t<h2 class=\"elementor-heading-title elementor-size-default\">Garantia legal<\/h2>\t\t\t\t<\/div>\n\t\t\t\t<\/div>\n\t\t\t\t<div class=\"elementor-element elementor-element-0f3351f elementor-widget elementor-widget-text-editor\" data-id=\"0f3351f\" data-element_type=\"widget\" data-e-type=\"widget\" data-widget_type=\"text-editor.default\">\n\t\t\t\t<div class=\"elementor-widget-container\">\n\t\t\t\t\t\t\t\t\t<p>1.1A garantia legal \u00e9 fornecida pelas Diretivas Europeias 1999\/44\/CE e 2019\/771\/CE, que visam proteger o Consumidor, tal como definido abaixo, no caso de os bens adquiridos (\u201cProdutos\u201d) apresentarem defeitos de conformidade.<\/p><ul class=\"points-list-blue\">\n<\/ul>\n<p>1.2&nbsp;<span style=\"text-align: var(--text-align); background-color: var(--ast-global-color-5);\">Nos termos das diretivas europeias supramencionadas, o consumidor \u00e9 qualquer pessoa singular que adquira um produto para fins n\u00e3o relacionados com a sua atividade, com\u00e9rcio, artesanato ou profiss\u00e3o (o \u201cconsumidor\u201d).<\/span><\/p>\n<p>1.3 A garantia legal tem uma dura\u00e7\u00e3o de 24 meses a partir da entrega do bem ao Consumidor. Tenha em considera\u00e7\u00e3o que os termos estipulados nas diretivas mencionadas n\u00e3o se aplicam fora dos pa\u00edses do Espa\u00e7o Econ\u00f3mico Europeu aos quais se aplica a legisla\u00e7\u00e3o local relevante.<\/p>\n<p>1.4 Se o Consumidor considerar que adquiriu um Produto com um defeito de conformidade, deve contactar o seu revendedor para fazer uso da respectiva garantia.<\/p>\n<p>1.5 A Bestway fornecer\u00e1 a garantia, para qualquer poss\u00edvel defeito de conformidade dos Produtos, a qualquer Consumidor que tenha adquirido os Produtos diretamente \u00e0 pr\u00f3pria Bestway.<\/p>\t\t\t\t\t\t\t\t<\/div>\n\t\t\t\t<\/div>\n\t\t\t\t<div class=\"elementor-element elementor-element-1fe5510 elementor-widget elementor-widget-heading\" data-id=\"1fe5510\" data-element_type=\"widget\" data-e-type=\"widget\" data-widget_type=\"heading.default\">\n\t\t\t\t<div class=\"elementor-widget-container\">\n\t\t\t\t\t<h2 class=\"elementor-heading-title elementor-size-default\">Garantia do fabricante<\/h2>\t\t\t\t<\/div>\n\t\t\t\t<\/div>\n\t\t\t\t<div class=\"elementor-element elementor-element-b5b3ff4 elementor-widget elementor-widget-text-editor\" data-id=\"b5b3ff4\" data-element_type=\"widget\" data-e-type=\"widget\" data-widget_type=\"text-editor.default\">\n\t\t\t\t<div class=\"elementor-widget-container\">\n\t\t\t\t\t\t\t\t\t<p>Sujeita \u00e0s garantias e prerrogativas previstas na lei e sem preju\u00edzo da possibilidade de o consumidor acionar a garantia legal acima referida, a BESTWAY oferece uma garantia adicional (\u201cGarantia do Fabricante BESTWAY\u201d) sobre qualquer falta de conformidade, aplic\u00e1vel a uma gama limitada de Produtos.<\/p><p><a href=\"https:\/\/support.bestway.eu\/pt-pt\/warranty\" target=\"_blank\" rel=\"noopener\">Clique aqui<\/a> para conhecer os termos e condi\u00e7\u00f5es, a gama de produtos abrangidos e a forma de a ativar.<\/p>\t\t\t\t\t\t\t\t<\/div>\n\t\t\t\t<\/div>\n\t\t\t\t\t<\/div>\n\t\t\t\t<\/div>\n\t\t\t\t<\/div>\n\t\t","protected":false},"excerpt":{"rendered":"<p>Abaixo est\u00e3o os termos de garantia aplicados pela BESTWAY EUROPE S.p.A., com sede na Via della Resistenza n. 5, San Giuliano Milanese (20098) &#8211; Mil\u00e3o, It\u00e1lia (doravante \u201cBESTWAY\u201d), em produtos vendidos no Espa\u00e7o Econ\u00f3mico Europeu sob a marca BESTWAY. Garantia legal 1.1A garantia legal \u00e9 fornecida pelas Diretivas Europeias 1999\/44\/CE e 2019\/771\/CE, que visam proteger [&hellip;]<\/p>\n","protected":false},"author":9,"featured_media":0,"parent":0,"menu_order":0,"comment_status":"closed","ping_status":"closed","template":"","meta":{"_acf_changed":false,"site-sidebar-layout":"no-sidebar","site-content-layout":"page-builder","ast-site-content-layout":"full-width-container","site-content-style":"default","site-sidebar-style":"default","ast-global-header-display":"","ast-banner-title-visibility":"","ast-main-header-display":"","ast-hfb-above-header-display":"","ast-hfb-below-header-display":"","ast-hfb-mobile-header-display":"","site-post-title":"disabled","ast-breadcrumbs-content":"","ast-featured-img":"disabled","footer-sml-layout":"","ast-disable-related-posts":"","theme-transparent-header-meta":"","adv-header-id-meta":"","stick-header-meta":"","header-above-stick-meta":"","header-main-stick-meta":"","header-below-stick-meta":"","astra-migrate-meta-layouts":"set","ast-page-background-enabled":"default","ast-page-background-meta":{"desktop":{"background-color":"var(--ast-global-color-4)","background-image":"","background-repeat":"repeat","background-position":"center center","background-size":"auto","background-attachment":"scroll","background-type":"","background-media":"","overlay-type":"","overlay-color":"","overlay-opacity":"","overlay-gradient":""},"tablet":{"background-color":"","background-image":"","background-repeat":"repeat","background-position":"center center","background-size":"auto","background-attachment":"scroll","background-type":"","background-media":"","overlay-type":"","overlay-color":"","overlay-opacity":"","overlay-gradient":""},"mobile":{"background-color":"","background-image":"","background-repeat":"repeat","background-position":"center center","background-size":"auto","background-attachment":"scroll","background-type":"","background-media":"","overlay-type":"","overlay-color":"","overlay-opacity":"","overlay-gradient":""}},"ast-content-background-meta":{"desktop":{"background-color":"var(--ast-global-color-5)","background-image":"","background-repeat":"repeat","background-position":"center center","background-size":"auto","background-attachment":"scroll","background-type":"","background-media":"","overlay-type":"","overlay-color":"","overlay-opacity":"","overlay-gradient":""},"tablet":{"background-color":"var(--ast-global-color-5)","background-image":"","background-repeat":"repeat","background-position":"center center","background-size":"auto","background-attachment":"scroll","background-type":"","background-media":"","overlay-type":"","overlay-color":"","overlay-opacity":"","overlay-gradient":""},"mobile":{"background-color":"var(--ast-global-color-5)","background-image":"","background-repeat":"repeat","background-position":"center center","background-size":"auto","background-attachment":"scroll","background-type":"","background-media":"","overlay-type":"","overlay-color":"","overlay-opacity":"","overlay-gradient":""}},"footnotes":""},"class_list":["post-6892","page","type-page","status-publish","hentry"],"acf":[],"yoast_head":"<!-- This site is optimized with the Yoast SEO plugin v27.4 - https:\/\/yoast.com\/product\/yoast-seo-wordpress\/ -->\n<title>Garantia Bestway - Legal<\/title>\n<meta name=\"robots\" content=\"noindex, follow, max-snippet:-1, max-image-preview:large, max-video-preview:-1\" \/>\n<meta property=\"og:locale\" content=\"pt_PT\" \/>\n<meta property=\"og:type\" content=\"article\" \/>\n<meta property=\"og:title\" content=\"Garantia Bestway - Legal\" \/>\n<meta property=\"og:description\" content=\"Abaixo est\u00e3o os termos de garantia aplicados pela BESTWAY EUROPE S.p.A., com sede na Via della Resistenza n. 5, San Giuliano Milanese (20098) &#8211; Mil\u00e3o, It\u00e1lia (doravante \u201cBESTWAY\u201d), em produtos vendidos no Espa\u00e7o Econ\u00f3mico Europeu sob a marca BESTWAY. Garantia legal 1.1A garantia legal \u00e9 fornecida pelas Diretivas Europeias 1999\/44\/CE e 2019\/771\/CE, que visam proteger [&hellip;]\" \/>\n<meta property=\"og:url\" content=\"https:\/\/legal.bestway.eu\/pt-pt\/warranty-extension\/\" \/>\n<meta property=\"og:site_name\" content=\"Legal\" \/>\n<meta property=\"article:modified_time\" content=\"2026-02-10T09:59:08+00:00\" \/>\n<meta name=\"twitter:card\" content=\"summary_large_image\" \/>\n<meta name=\"twitter:label1\" content=\"Est. reading time\" \/>\n\t<meta name=\"twitter:data1\" content=\"2 minutes\" \/>\n<script type=\"application\/ld+json\" class=\"yoast-schema-graph\">{\"@context\":\"https:\\\/\\\/schema.org\",\"@graph\":[{\"@type\":\"WebPage\",\"@id\":\"https:\\\/\\\/legal.bestway.eu\\\/pt-pt\\\/warranty-extension\\\/\",\"url\":\"https:\\\/\\\/legal.bestway.eu\\\/pt-pt\\\/warranty-extension\\\/\",\"name\":\"Garantia Bestway - Legal\",\"isPartOf\":{\"@id\":\"https:\\\/\\\/legal.bestway.eu\\\/pt-pt\\\/#website\"},\"datePublished\":\"2023-10-24T09:15:40+00:00\",\"dateModified\":\"2026-02-10T09:59:08+00:00\",\"inLanguage\":\"pt-pt\",\"potentialAction\":[{\"@type\":\"ReadAction\",\"target\":[\"https:\\\/\\\/legal.bestway.eu\\\/pt-pt\\\/warranty-extension\\\/\"]}]},{\"@type\":\"WebSite\",\"@id\":\"https:\\\/\\\/legal.bestway.eu\\\/pt-pt\\\/#website\",\"url\":\"https:\\\/\\\/legal.bestway.eu\\\/pt-pt\\\/\",\"name\":\"Legal\",\"description\":\"Legal\",\"publisher\":{\"@id\":\"https:\\\/\\\/legal.bestway.eu\\\/pt-pt\\\/#organization\"},\"potentialAction\":[{\"@type\":\"SearchAction\",\"target\":{\"@type\":\"EntryPoint\",\"urlTemplate\":\"https:\\\/\\\/legal.bestway.eu\\\/pt-pt\\\/?s={search_term_string}\"},\"query-input\":{\"@type\":\"PropertyValueSpecification\",\"valueRequired\":true,\"valueName\":\"search_term_string\"}}],\"inLanguage\":\"pt-pt\"},{\"@type\":\"Organization\",\"@id\":\"https:\\\/\\\/legal.bestway.eu\\\/pt-pt\\\/#organization\",\"name\":\"Legal\",\"url\":\"https:\\\/\\\/legal.bestway.eu\\\/pt-pt\\\/\",\"logo\":{\"@type\":\"ImageObject\",\"inLanguage\":\"pt-pt\",\"@id\":\"https:\\\/\\\/legal.bestway.eu\\\/pt-pt\\\/#\\\/schema\\\/logo\\\/image\\\/\",\"url\":\"https:\\\/\\\/legal.bestway.eu\\\/wp-content\\\/uploads\\\/sites\\\/2\\\/2023\\\/10\\\/bw-white-logo@2x.png\",\"contentUrl\":\"https:\\\/\\\/legal.bestway.eu\\\/wp-content\\\/uploads\\\/sites\\\/2\\\/2023\\\/10\\\/bw-white-logo@2x.png\",\"width\":348,\"height\":138,\"caption\":\"Legal\"},\"image\":{\"@id\":\"https:\\\/\\\/legal.bestway.eu\\\/pt-pt\\\/#\\\/schema\\\/logo\\\/image\\\/\"}}]}<\/script>\n<!-- \/ Yoast SEO plugin. -->","yoast_head_json":{"title":"Garantia Bestway - Legal","robots":{"index":"noindex","follow":"follow","max-snippet":"max-snippet:-1","max-image-preview":"max-image-preview:large","max-video-preview":"max-video-preview:-1"},"og_locale":"pt_PT","og_type":"article","og_title":"Garantia Bestway - Legal","og_description":"Abaixo est\u00e3o os termos de garantia aplicados pela BESTWAY EUROPE S.p.A., com sede na Via della Resistenza n. 5, San Giuliano Milanese (20098) &#8211; Mil\u00e3o, It\u00e1lia (doravante \u201cBESTWAY\u201d), em produtos vendidos no Espa\u00e7o Econ\u00f3mico Europeu sob a marca BESTWAY. Garantia legal 1.1A garantia legal \u00e9 fornecida pelas Diretivas Europeias 1999\/44\/CE e 2019\/771\/CE, que visam proteger [&hellip;]","og_url":"https:\/\/legal.bestway.eu\/pt-pt\/warranty-extension\/","og_site_name":"Legal","article_modified_time":"2026-02-10T09:59:08+00:00","twitter_card":"summary_large_image","twitter_misc":{"Est. reading time":"2 minutes"},"schema":{"@context":"https:\/\/schema.org","@graph":[{"@type":"WebPage","@id":"https:\/\/legal.bestway.eu\/pt-pt\/warranty-extension\/","url":"https:\/\/legal.bestway.eu\/pt-pt\/warranty-extension\/","name":"Garantia Bestway - Legal","isPartOf":{"@id":"https:\/\/legal.bestway.eu\/pt-pt\/#website"},"datePublished":"2023-10-24T09:15:40+00:00","dateModified":"2026-02-10T09:59:08+00:00","inLanguage":"pt-pt","potentialAction":[{"@type":"ReadAction","target":["https:\/\/legal.bestway.eu\/pt-pt\/warranty-extension\/"]}]},{"@type":"WebSite","@id":"https:\/\/legal.bestway.eu\/pt-pt\/#website","url":"https:\/\/legal.bestway.eu\/pt-pt\/","name":"Legal","description":"Legal","publisher":{"@id":"https:\/\/legal.bestway.eu\/pt-pt\/#organization"},"potentialAction":[{"@type":"SearchAction","target":{"@type":"EntryPoint","urlTemplate":"https:\/\/legal.bestway.eu\/pt-pt\/?s={search_term_string}"},"query-input":{"@type":"PropertyValueSpecification","valueRequired":true,"valueName":"search_term_string"}}],"inLanguage":"pt-pt"},{"@type":"Organization","@id":"https:\/\/legal.bestway.eu\/pt-pt\/#organization","name":"Legal","url":"https:\/\/legal.bestway.eu\/pt-pt\/","logo":{"@type":"ImageObject","inLanguage":"pt-pt","@id":"https:\/\/legal.bestway.eu\/pt-pt\/#\/schema\/logo\/image\/","url":"https:\/\/legal.bestway.eu\/wp-content\/uploads\/sites\/2\/2023\/10\/bw-white-logo@2x.png","contentUrl":"https:\/\/legal.bestway.eu\/wp-content\/uploads\/sites\/2\/2023\/10\/bw-white-logo@2x.png","width":348,"height":138,"caption":"Legal"},"image":{"@id":"https:\/\/legal.bestway.eu\/pt-pt\/#\/schema\/logo\/image\/"}}]}},"_links":{"self":[{"href":"https:\/\/legal.bestway.eu\/pt-pt\/wp-json\/wp\/v2\/pages\/6892","targetHints":{"allow":["GET"]}}],"collection":[{"href":"https:\/\/legal.bestway.eu\/pt-pt\/wp-json\/wp\/v2\/pages"}],"about":[{"href":"https:\/\/legal.bestway.eu\/pt-pt\/wp-json\/wp\/v2\/types\/page"}],"author":[{"embeddable":true,"href":"https:\/\/legal.bestway.eu\/pt-pt\/wp-json\/wp\/v2\/users\/9"}],"replies":[{"embeddable":true,"href":"https:\/\/legal.bestway.eu\/pt-pt\/wp-json\/wp\/v2\/comments?post=6892"}],"version-history":[{"count":14,"href":"https:\/\/legal.bestway.eu\/pt-pt\/wp-json\/wp\/v2\/pages\/6892\/revisions"}],"predecessor-version":[{"id":9067,"href":"https:\/\/legal.bestway.eu\/pt-pt\/wp-json\/wp\/v2\/pages\/6892\/revisions\/9067"}],"wp:attachment":[{"href":"https:\/\/legal.bestway.eu\/pt-pt\/wp-json\/wp\/v2\/media?parent=6892"}],"curies":[{"name":"wp","href":"https:\/\/api.w.org\/{rel}","templated":true}]}}