{"id":6785,"date":"2023-10-24T12:37:41","date_gmt":"2023-10-24T10:37:41","guid":{"rendered":"https:\/\/legal.bestway.eu\/?page_id=6785"},"modified":"2024-11-05T20:15:06","modified_gmt":"2024-11-05T19:15:06","slug":"privacy-notice","status":"publish","type":"page","link":"https:\/\/legal.bestway.eu\/pt-pt\/privacy-notice\/","title":{"rendered":"Pol\u00edtica de privacidade &#8211; RGPD"},"content":{"rendered":"\t\t<div data-elementor-type=\"wp-page\" data-elementor-id=\"6785\" class=\"elementor elementor-6785\" data-elementor-post-type=\"page\">\n\t\t\t\t<div class=\"elementor-element elementor-element-4233c87e e-flex e-con-boxed e-con e-parent\" data-id=\"4233c87e\" data-element_type=\"container\" data-e-type=\"container\">\n\t\t\t\t\t<div class=\"e-con-inner\">\n\t\t\t\t<div class=\"elementor-element elementor-element-eeb32c3 elementor-widget elementor-widget-menu-anchor\" data-id=\"eeb32c3\" data-element_type=\"widget\" data-e-type=\"widget\" data-widget_type=\"menu-anchor.default\">\n\t\t\t\t<div class=\"elementor-widget-container\">\n\t\t\t\t\t\t\t<div class=\"elementor-menu-anchor\" id=\"BoxNewsletter\"><\/div>\n\t\t\t\t\t\t<\/div>\n\t\t\t\t<\/div>\n\t\t\t\t<div class=\"elementor-element elementor-element-3c097587 elementor-widget elementor-widget-heading\" data-id=\"3c097587\" data-element_type=\"widget\" data-e-type=\"widget\" data-widget_type=\"heading.default\">\n\t\t\t\t<div class=\"elementor-widget-container\">\n\t\t\t\t\t<h2 class=\"elementor-heading-title elementor-size-default\">Marketing<\/h2>\t\t\t\t<\/div>\n\t\t\t\t<\/div>\n\t\t\t\t<div class=\"elementor-element elementor-element-375d8ec elementor-widget elementor-widget-text-editor\" data-id=\"375d8ec\" data-element_type=\"widget\" data-e-type=\"widget\" data-widget_type=\"text-editor.default\">\n\t\t\t\t<div class=\"elementor-widget-container\">\n\t\t\t\t\t\t\t\t\t<p>Pol\u00edtica de acordo com o Regulamento Europeu 2016\/679 (RGPD) como altera\u00e7\u00f5es e aditamentos do mesmo.<\/p><p>Respons\u00e1vel pelo Tratamento de Dados: BESTWAY EUROPE S.P.A., com sede social em San Giuliano Milanese (Mi), via Resistenza 5 (&#8220;BESTWAY&#8221;), It\u00e1lia.<\/p><p>RPD: <a href=\"mailto:privacy@bestwaycorp.eu\">privacy@bestwaycorp.eu<\/a><\/p><p>O Respons\u00e1vel pelo Tratamento de Dados ir\u00e1 proceder ao tratamento dos seguintes dados:<\/p><p>Sujeito ao seu consentimento, ao assinalar a caixa relevante, o Respons\u00e1vel pelo Tratamento de Dados ir\u00e1 tratar os seus dados para fins de marketing, para lhe enviar boletins informativos que cont\u00eam informa\u00e7\u00f5es e atualiza\u00e7\u00f5es sobre os produtos, servi\u00e7os, eventos e ofertas BESTWAY. A base legal para o tratamento dos dados fornecidos por si \u00e9 o seu consentimento livre e opcional; qualquer recusa em fornecer tal consentimento s\u00f3 o impedir\u00e1 de receber as comunica\u00e7\u00f5es descritas acima.<\/p><p>Os seus dados ser\u00e3o tratados por meios eletr\u00f3nicos e em papel em conformidade com a legisla\u00e7\u00e3o em vigor sobre prote\u00e7\u00e3o de dados pessoais (Regulamento da UE 679\/2016 ou &#8220;RGPD&#8221;, conforme alterado e complementado). Os seus dados pessoais podem ser divulgados a terceiros, tais como pessoas, associa\u00e7\u00f5es, empresas profissionais e empresas que prestam servi\u00e7os e atividades de consultoria e apoio \u00e0 BESTWAY (incluindo empresas do Grupo BESTWAY que podem estar localizadas fora da UE), na sua qualidade de Subcontratante se devidamente nomeados e desde que existam salvaguardas adequadas para a prote\u00e7\u00e3o de dados pessoais, Respons\u00e1veis pelo Tratamento Conjunto de Dados ou Respons\u00e1veis pelo Tratamento Independente de Dados, bem como o pessoal da BESTWAY nomeados como subcontratantes apenas para os fins descritos acima. Uma lista completa dos Respons\u00e1veis pelo tratamento ou Subcontratantes a quem os dados podem ser divulgados est\u00e1 dispon\u00edvel mediante solicita\u00e7\u00e3o.<\/p><p>Em rela\u00e7\u00e3o aos fins de marketing, os seus dados ser\u00e3o mantidos por um per\u00edodo n\u00e3o superior a 8 anos a partir do momento em que fornecer a sua permiss\u00e3o. Os clientes podem cancelar a sua subscri\u00e7\u00e3o do servi\u00e7o de newsletter (boletim informativo) a qualquer momento ao clicar no link &#8220;unsubscribe&#8221; (cancelar subscri\u00e7\u00e3o) contido em cada e-mail ou ao enviar um e-mail para <a href=\"mailto:privacy@bestwaycorp.eu\">privacy@bestwaycorp.eu<\/a>.<\/p><p>Voc\u00ea pode, a qualquer momento, exercer todos os direitos estabelecidos no Art.\u00ba 15 e seguintes do Regulamento, inclusive, em particular, o direito de acesso aos seus dados pessoais, o direito de retifica\u00e7\u00e3o, o direito de apagamento, o direito de oposi\u00e7\u00e3o ao seu tratamento, o direito \u00e0 portabilidade dos dados e o direito de apresentar queixa \u00e0 Autoridade de Prote\u00e7\u00e3o de Dados Pessoais designada no seu Pa\u00eds (<a href=\"https:\/\/edpb.europa.eu\/about-edpb\/board\/members_en\" target=\"_blank\" rel=\"noopener\">https:\/\/edpb.europa.eu\/about-edpb\/board\/members_en<\/a>).<\/p><p>Os direitos supracitados podem ser exercidos atrav\u00e9s do envio de um e-mail para o seguinte endere\u00e7o <a href=\"mailto:privacy@bestwaycorp.eu\">privacy@bestwaycorp.eu<\/a>.<\/p>\t\t\t\t\t\t\t\t<\/div>\n\t\t\t\t<\/div>\n\t\t\t\t\t<\/div>\n\t\t\t\t<\/div>\n\t\t<div class=\"elementor-element elementor-element-fc9e459 e-flex e-con-boxed e-con e-parent\" data-id=\"fc9e459\" data-element_type=\"container\" data-e-type=\"container\">\n\t\t\t\t\t<div class=\"e-con-inner\">\n\t\t\t\t<div class=\"elementor-element elementor-element-4ff1b8f6 elementor-widget elementor-widget-menu-anchor\" data-id=\"4ff1b8f6\" data-element_type=\"widget\" data-e-type=\"widget\" data-widget_type=\"menu-anchor.default\">\n\t\t\t\t<div class=\"elementor-widget-container\">\n\t\t\t\t\t\t\t<div class=\"elementor-menu-anchor\" id=\"Sitoassistenza\"><\/div>\n\t\t\t\t\t\t<\/div>\n\t\t\t\t<\/div>\n\t\t\t\t<div class=\"elementor-element elementor-element-33a4a549 elementor-widget elementor-widget-heading\" data-id=\"33a4a549\" data-element_type=\"widget\" data-e-type=\"widget\" data-widget_type=\"heading.default\">\n\t\t\t\t<div class=\"elementor-widget-container\">\n\t\t\t\t\t<h2 class=\"elementor-heading-title elementor-size-default\">Website de apoio<\/h2>\t\t\t\t<\/div>\n\t\t\t\t<\/div>\n\t\t\t\t<div class=\"elementor-element elementor-element-10d7938d elementor-widget elementor-widget-text-editor\" data-id=\"10d7938d\" data-element_type=\"widget\" data-e-type=\"widget\" data-widget_type=\"text-editor.default\">\n\t\t\t\t<div class=\"elementor-widget-container\">\n\t\t\t\t\t\t\t\t\t<p>Pol\u00edtica de acordo com o Regulamento Europeu 2016\/679 (RGPD) como altera\u00e7\u00f5es e aditamentos do mesmo.<\/p><p>Respons\u00e1vel pelo Tratamento de Dados: BESTWAY EUROPE S.P.A., com sede social em San Giuliano Milanese (Mi), via Resistenza 5 (&#8220;BESTWAY&#8221;), It\u00e1lia.<\/p><p>RPD: <a href=\"mailto:privacy@bestwaycorp.eu\">privacy@bestwaycorp.eu<\/a><\/p><p>O Respons\u00e1vel pelo Tratamento de Dados ir\u00e1 proceder ao tratamento dos seguintes dados:<\/p><p>i) Nome e apelido, endere\u00e7o de e-mail, endere\u00e7o de envio e n\u00famero de telefone para que lhe possamos prestar o servi\u00e7o de gest\u00e3o de reclama\u00e7\u00f5es abrindo uma conta personalizada no s\u00edtio Web da BESTWAY, acess\u00edvel introduzindo o Nome de Utilizador e a Palavra-passe (que ser\u00e1 alterada aquando do primeiro acesso), assumindo a responsabilidade e a gest\u00e3o adequada da sua queixa relativa a um servi\u00e7o, para fins administrativos e contabil\u00edsticos, e ainda para efeitos de obriga\u00e7\u00f5es legais ou regulamentares.<\/p><p>ii) para fins de marketing, para lhe enviar boletins informativos que contenham informa\u00e7\u00f5es e atualiza\u00e7\u00f5es sobre produtos, servi\u00e7os, eventos e ofertas BESTWAY, sujeito ao seu consentimento, ao assinalar a caixa apropriada.<\/p><p>iii) sujeito ao seu consentimento, ao assinalar a caixa apropriada, informa\u00e7\u00f5es tais como sexo, faixa et\u00e1ria, situa\u00e7\u00e3o laboral, motivo da compra do produto, m\u00e9todo de compra do produto, e n\u00famero de crian\u00e7as no agregado familiar podem ser recolhidas para fins estat\u00edsticos. Estes dados s\u00e3o recolhidos pela BESTWAY para obter uma vis\u00e3o agregada dos seus clientes sem tentar fazer previs\u00f5es ou tirar conclus\u00f5es espec\u00edficas para si, uma vez que o objetivo n\u00e3o \u00e9 avaliar caracter\u00edsticas individuais.<\/p><p>iv) com o seu consentimento, ao assinalar a caixa apropriada, podemos enviar-lhe um e-mail com um pedido para participar num inqu\u00e9rito sobre os nossos produtos e a sua experi\u00eancia na utiliza\u00e7\u00e3o dos mesmos;<\/p><p>A base legal para o tratamento dos dados referidos no ponto (i) \u00e9 o estabelecimento e execu\u00e7\u00e3o das condi\u00e7\u00f5es contratuais\/comerciais e das disposi\u00e7\u00f5es legais aplic\u00e1veis; estes dados s\u00e3o obrigat\u00f3rios e a recusa em fornec\u00ea-los pode impedir a BESTWAY de cumprir o servi\u00e7o solicitado. No que diz respeito aos pontos (ii), (iii) e (iv), a base legal para este tratamento \u00e9 o seu consentimento livre e opcional, e qualquer recusa em fornecer tal consentimento s\u00f3 o impedir\u00e1 de receber as comunica\u00e7\u00f5es supracitadas.<\/p><p>Os seus dados ser\u00e3o tratados por meios eletr\u00f3nicos e em papel em conformidade com a legisla\u00e7\u00e3o em vigor sobre prote\u00e7\u00e3o de dados pessoais (Regulamento da UE 679\/2016 ou &#8220;RGPD&#8221;, conforme alterado e complementado). Os seus dados pessoais podem ser divulgados a terceiros, tais como pessoas, associa\u00e7\u00f5es, empresas profissionais e empresas que prestam servi\u00e7os e atividades de consultoria e apoio \u00e0 BESTWAY (incluindo empresas do Grupo BESTWAY que podem estar localizadas fora da UE), na sua qualidade de Subcontratante se devidamente nomeados e desde que existam salvaguardas adequadas para a prote\u00e7\u00e3o de dados pessoais, Respons\u00e1veis pelo Tratamento Conjunto de Dados ou Respons\u00e1veis pelo Tratamento Independente de Dados, bem como o pessoal da BESTWAY nomeados como subcontratantes apenas para os fins descritos acima. Uma lista completa dos Respons\u00e1veis pelo tratamento ou Subcontratantes a quem os dados podem ser divulgados est\u00e1 dispon\u00edvel mediante solicita\u00e7\u00e3o.<\/p><p>Para efeitos de gest\u00e3o de reclama\u00e7\u00f5es descritas em (i), os seus dados ser\u00e3o retidos mesmo ap\u00f3s a cessa\u00e7\u00e3o da rela\u00e7\u00e3o contratual\/comercial com a BESTWAY para o cumprimento de todas as obriga\u00e7\u00f5es relacionadas ou decorrentes da cessa\u00e7\u00e3o da rela\u00e7\u00e3o, inclusive as relacionadas com obriga\u00e7\u00f5es legais e os prazos de prescri\u00e7\u00e3o previstos para o efeito pela lei aplic\u00e1vel e, em qualquer caso, por n\u00e3o mais de 10 anos.<\/p><p>Em rela\u00e7\u00e3o aos fins de marketing descritos em (ii), os seus dados ser\u00e3o mantidos por um per\u00edodo n\u00e3o superior a 8 anos a partir do momento em que fornecer a sua permiss\u00e3o. Os clientes podem cancelar a sua subscri\u00e7\u00e3o do servi\u00e7o de newsletter (boletim informativo) a qualquer momento ao clicar no link &#8220;unsubscribe&#8221; (cancelar subscri\u00e7\u00e3o) contido em cada e-mail ou ao enviar um e-mail para <a href=\"mailto:privacy@bestwaycorp.eu\">privacy@bestwaycorp.eu<\/a>.<\/p><p>Para efeitos de estat\u00edsticas e inqu\u00e9ritos descritos em (iii) e (iv) acima, os seus dados ser\u00e3o armazenados por um per\u00edodo m\u00e1ximo de 8 anos a partir da data em que recebemos o seu consentimento.<\/p><p>Voc\u00ea pode, a qualquer momento, exercer todos os direitos estabelecidos no Art.\u00ba 15 e seguintes do Regulamento, inclusive, em particular, o direito de acesso aos seus dados pessoais, o direito de retifica\u00e7\u00e3o, o direito de apagamento, o direito de oposi\u00e7\u00e3o ao seu tratamento, o direito \u00e0 portabilidade dos dados e o direito de apresentar queixa \u00e0 Autoridade de Prote\u00e7\u00e3o de Dados Pessoais designada no seu Pa\u00eds (<a href=\"https:\/\/edpb.europa.eu\/about-edpb\/board\/members_en\" target=\"_blank\" rel=\"noopener\">https:\/\/edpb.europa.eu\/about-edpb\/board\/members_en<\/a>).<\/p><p>Os direitos supracitados podem ser exercidos atrav\u00e9s do envio de um e-mail para o seguinte endere\u00e7o <a href=\"mailto:privacy@bestwaycorp.eu\">privacy@bestwaycorp.eu<\/a>.<\/p>\t\t\t\t\t\t\t\t<\/div>\n\t\t\t\t<\/div>\n\t\t\t\t\t<\/div>\n\t\t\t\t<\/div>\n\t\t\t\t<\/div>\n\t\t","protected":false},"excerpt":{"rendered":"<p>Marketing Pol\u00edtica de acordo com o Regulamento Europeu 2016\/679 (RGPD) como altera\u00e7\u00f5es e aditamentos do mesmo. Respons\u00e1vel pelo Tratamento de Dados: BESTWAY EUROPE S.P.A., com sede social em San Giuliano Milanese (Mi), via Resistenza 5 (&#8220;BESTWAY&#8221;), It\u00e1lia. RPD: privacy@bestwaycorp.eu O Respons\u00e1vel pelo Tratamento de Dados ir\u00e1 proceder ao tratamento dos seguintes dados: Sujeito ao seu [&hellip;]<\/p>\n","protected":false},"author":9,"featured_media":0,"parent":0,"menu_order":0,"comment_status":"closed","ping_status":"closed","template":"","meta":{"_acf_changed":false,"site-sidebar-layout":"no-sidebar","site-content-layout":"page-builder","ast-site-content-layout":"full-width-container","site-content-style":"default","site-sidebar-style":"default","ast-global-header-display":"","ast-banner-title-visibility":"","ast-main-header-display":"","ast-hfb-above-header-display":"","ast-hfb-below-header-display":"","ast-hfb-mobile-header-display":"","site-post-title":"","ast-breadcrumbs-content":"","ast-featured-img":"disabled","footer-sml-layout":"","ast-disable-related-posts":"","theme-transparent-header-meta":"","adv-header-id-meta":"","stick-header-meta":"","header-above-stick-meta":"","header-main-stick-meta":"","header-below-stick-meta":"","astra-migrate-meta-layouts":"set","ast-page-background-enabled":"default","ast-page-background-meta":{"desktop":{"background-color":"var(--ast-global-color-4)","background-image":"","background-repeat":"repeat","background-position":"center center","background-size":"auto","background-attachment":"scroll","background-type":"","background-media":"","overlay-type":"","overlay-color":"","overlay-opacity":"","overlay-gradient":""},"tablet":{"background-color":"","background-image":"","background-repeat":"repeat","background-position":"center center","background-size":"auto","background-attachment":"scroll","background-type":"","background-media":"","overlay-type":"","overlay-color":"","overlay-opacity":"","overlay-gradient":""},"mobile":{"background-color":"","background-image":"","background-repeat":"repeat","background-position":"center center","background-size":"auto","background-attachment":"scroll","background-type":"","background-media":"","overlay-type":"","overlay-color":"","overlay-opacity":"","overlay-gradient":""}},"ast-content-background-meta":{"desktop":{"background-color":"var(--ast-global-color-5)","background-image":"","background-repeat":"repeat","background-position":"center center","background-size":"auto","background-attachment":"scroll","background-type":"","background-media":"","overlay-type":"","overlay-color":"","overlay-opacity":"","overlay-gradient":""},"tablet":{"background-color":"var(--ast-global-color-5)","background-image":"","background-repeat":"repeat","background-position":"center center","background-size":"auto","background-attachment":"scroll","background-type":"","background-media":"","overlay-type":"","overlay-color":"","overlay-opacity":"","overlay-gradient":""},"mobile":{"background-color":"var(--ast-global-color-5)","background-image":"","background-repeat":"repeat","background-position":"center center","background-size":"auto","background-attachment":"scroll","background-type":"","background-media":"","overlay-type":"","overlay-color":"","overlay-opacity":"","overlay-gradient":""}},"footnotes":""},"class_list":["post-6785","page","type-page","status-publish","hentry"],"acf":[],"yoast_head":"<!-- This site is optimized with the Yoast SEO plugin v27.4 - https:\/\/yoast.com\/product\/yoast-seo-wordpress\/ -->\n<title>Pol\u00edtica de privacidade - RGPD - Legal<\/title>\n<meta name=\"robots\" content=\"noindex, follow, max-snippet:-1, max-image-preview:large, max-video-preview:-1\" \/>\n<meta property=\"og:locale\" content=\"pt_PT\" \/>\n<meta property=\"og:type\" content=\"article\" \/>\n<meta property=\"og:title\" content=\"Pol\u00edtica de privacidade - RGPD - Legal\" \/>\n<meta property=\"og:description\" content=\"Marketing Pol\u00edtica de acordo com o Regulamento Europeu 2016\/679 (RGPD) como altera\u00e7\u00f5es e aditamentos do mesmo. Respons\u00e1vel pelo Tratamento de Dados: BESTWAY EUROPE S.P.A., com sede social em San Giuliano Milanese (Mi), via Resistenza 5 (&#8220;BESTWAY&#8221;), It\u00e1lia. RPD: privacy@bestwaycorp.eu O Respons\u00e1vel pelo Tratamento de Dados ir\u00e1 proceder ao tratamento dos seguintes dados: Sujeito ao seu [&hellip;]\" \/>\n<meta property=\"og:url\" content=\"https:\/\/legal.bestway.eu\/pt-pt\/privacy-notice\/\" \/>\n<meta property=\"og:site_name\" content=\"Legal\" \/>\n<meta property=\"article:modified_time\" content=\"2024-11-05T19:15:06+00:00\" \/>\n<meta name=\"twitter:card\" content=\"summary_large_image\" \/>\n<meta name=\"twitter:label1\" content=\"Est. reading time\" \/>\n\t<meta name=\"twitter:data1\" content=\"7 minutes\" \/>\n<script type=\"application\/ld+json\" class=\"yoast-schema-graph\">{\"@context\":\"https:\\\/\\\/schema.org\",\"@graph\":[{\"@type\":\"WebPage\",\"@id\":\"https:\\\/\\\/legal.bestway.eu\\\/pt-pt\\\/privacy-notice\\\/\",\"url\":\"https:\\\/\\\/legal.bestway.eu\\\/pt-pt\\\/privacy-notice\\\/\",\"name\":\"Pol\u00edtica de privacidade - RGPD - Legal\",\"isPartOf\":{\"@id\":\"https:\\\/\\\/legal.bestway.eu\\\/pt-pt\\\/#website\"},\"datePublished\":\"2023-10-24T10:37:41+00:00\",\"dateModified\":\"2024-11-05T19:15:06+00:00\",\"inLanguage\":\"pt-pt\",\"potentialAction\":[{\"@type\":\"ReadAction\",\"target\":[\"https:\\\/\\\/legal.bestway.eu\\\/pt-pt\\\/privacy-notice\\\/\"]}]},{\"@type\":\"WebSite\",\"@id\":\"https:\\\/\\\/legal.bestway.eu\\\/pt-pt\\\/#website\",\"url\":\"https:\\\/\\\/legal.bestway.eu\\\/pt-pt\\\/\",\"name\":\"Legal\",\"description\":\"Legal\",\"publisher\":{\"@id\":\"https:\\\/\\\/legal.bestway.eu\\\/pt-pt\\\/#organization\"},\"potentialAction\":[{\"@type\":\"SearchAction\",\"target\":{\"@type\":\"EntryPoint\",\"urlTemplate\":\"https:\\\/\\\/legal.bestway.eu\\\/pt-pt\\\/?s={search_term_string}\"},\"query-input\":{\"@type\":\"PropertyValueSpecification\",\"valueRequired\":true,\"valueName\":\"search_term_string\"}}],\"inLanguage\":\"pt-pt\"},{\"@type\":\"Organization\",\"@id\":\"https:\\\/\\\/legal.bestway.eu\\\/pt-pt\\\/#organization\",\"name\":\"Legal\",\"url\":\"https:\\\/\\\/legal.bestway.eu\\\/pt-pt\\\/\",\"logo\":{\"@type\":\"ImageObject\",\"inLanguage\":\"pt-pt\",\"@id\":\"https:\\\/\\\/legal.bestway.eu\\\/pt-pt\\\/#\\\/schema\\\/logo\\\/image\\\/\",\"url\":\"https:\\\/\\\/legal.bestway.eu\\\/wp-content\\\/uploads\\\/sites\\\/2\\\/2023\\\/10\\\/bw-white-logo@2x.png\",\"contentUrl\":\"https:\\\/\\\/legal.bestway.eu\\\/wp-content\\\/uploads\\\/sites\\\/2\\\/2023\\\/10\\\/bw-white-logo@2x.png\",\"width\":348,\"height\":138,\"caption\":\"Legal\"},\"image\":{\"@id\":\"https:\\\/\\\/legal.bestway.eu\\\/pt-pt\\\/#\\\/schema\\\/logo\\\/image\\\/\"}}]}<\/script>\n<!-- \/ Yoast SEO plugin. -->","yoast_head_json":{"title":"Pol\u00edtica de privacidade - RGPD - Legal","robots":{"index":"noindex","follow":"follow","max-snippet":"max-snippet:-1","max-image-preview":"max-image-preview:large","max-video-preview":"max-video-preview:-1"},"og_locale":"pt_PT","og_type":"article","og_title":"Pol\u00edtica de privacidade - RGPD - Legal","og_description":"Marketing Pol\u00edtica de acordo com o Regulamento Europeu 2016\/679 (RGPD) como altera\u00e7\u00f5es e aditamentos do mesmo. Respons\u00e1vel pelo Tratamento de Dados: BESTWAY EUROPE S.P.A., com sede social em San Giuliano Milanese (Mi), via Resistenza 5 (&#8220;BESTWAY&#8221;), It\u00e1lia. RPD: privacy@bestwaycorp.eu O Respons\u00e1vel pelo Tratamento de Dados ir\u00e1 proceder ao tratamento dos seguintes dados: Sujeito ao seu [&hellip;]","og_url":"https:\/\/legal.bestway.eu\/pt-pt\/privacy-notice\/","og_site_name":"Legal","article_modified_time":"2024-11-05T19:15:06+00:00","twitter_card":"summary_large_image","twitter_misc":{"Est. reading time":"7 minutes"},"schema":{"@context":"https:\/\/schema.org","@graph":[{"@type":"WebPage","@id":"https:\/\/legal.bestway.eu\/pt-pt\/privacy-notice\/","url":"https:\/\/legal.bestway.eu\/pt-pt\/privacy-notice\/","name":"Pol\u00edtica de privacidade - RGPD - Legal","isPartOf":{"@id":"https:\/\/legal.bestway.eu\/pt-pt\/#website"},"datePublished":"2023-10-24T10:37:41+00:00","dateModified":"2024-11-05T19:15:06+00:00","inLanguage":"pt-pt","potentialAction":[{"@type":"ReadAction","target":["https:\/\/legal.bestway.eu\/pt-pt\/privacy-notice\/"]}]},{"@type":"WebSite","@id":"https:\/\/legal.bestway.eu\/pt-pt\/#website","url":"https:\/\/legal.bestway.eu\/pt-pt\/","name":"Legal","description":"Legal","publisher":{"@id":"https:\/\/legal.bestway.eu\/pt-pt\/#organization"},"potentialAction":[{"@type":"SearchAction","target":{"@type":"EntryPoint","urlTemplate":"https:\/\/legal.bestway.eu\/pt-pt\/?s={search_term_string}"},"query-input":{"@type":"PropertyValueSpecification","valueRequired":true,"valueName":"search_term_string"}}],"inLanguage":"pt-pt"},{"@type":"Organization","@id":"https:\/\/legal.bestway.eu\/pt-pt\/#organization","name":"Legal","url":"https:\/\/legal.bestway.eu\/pt-pt\/","logo":{"@type":"ImageObject","inLanguage":"pt-pt","@id":"https:\/\/legal.bestway.eu\/pt-pt\/#\/schema\/logo\/image\/","url":"https:\/\/legal.bestway.eu\/wp-content\/uploads\/sites\/2\/2023\/10\/bw-white-logo@2x.png","contentUrl":"https:\/\/legal.bestway.eu\/wp-content\/uploads\/sites\/2\/2023\/10\/bw-white-logo@2x.png","width":348,"height":138,"caption":"Legal"},"image":{"@id":"https:\/\/legal.bestway.eu\/pt-pt\/#\/schema\/logo\/image\/"}}]}},"_links":{"self":[{"href":"https:\/\/legal.bestway.eu\/pt-pt\/wp-json\/wp\/v2\/pages\/6785","targetHints":{"allow":["GET"]}}],"collection":[{"href":"https:\/\/legal.bestway.eu\/pt-pt\/wp-json\/wp\/v2\/pages"}],"about":[{"href":"https:\/\/legal.bestway.eu\/pt-pt\/wp-json\/wp\/v2\/types\/page"}],"author":[{"embeddable":true,"href":"https:\/\/legal.bestway.eu\/pt-pt\/wp-json\/wp\/v2\/users\/9"}],"replies":[{"embeddable":true,"href":"https:\/\/legal.bestway.eu\/pt-pt\/wp-json\/wp\/v2\/comments?post=6785"}],"version-history":[{"count":4,"href":"https:\/\/legal.bestway.eu\/pt-pt\/wp-json\/wp\/v2\/pages\/6785\/revisions"}],"predecessor-version":[{"id":6791,"href":"https:\/\/legal.bestway.eu\/pt-pt\/wp-json\/wp\/v2\/pages\/6785\/revisions\/6791"}],"wp:attachment":[{"href":"https:\/\/legal.bestway.eu\/pt-pt\/wp-json\/wp\/v2\/media?parent=6785"}],"curies":[{"name":"wp","href":"https:\/\/api.w.org\/{rel}","templated":true}]}}