{"id":5563,"date":"2023-10-24T11:15:40","date_gmt":"2023-10-24T09:15:40","guid":{"rendered":"https:\/\/legal.bestway.eu\/?page_id=5563"},"modified":"2026-02-10T10:56:02","modified_gmt":"2026-02-10T09:56:02","slug":"warranty-extension","status":"publish","type":"page","link":"https:\/\/legal.bestway.eu\/pl-pl\/warranty-extension\/","title":{"rendered":"Gwarancja Bestway"},"content":{"rendered":"\t\t<div data-elementor-type=\"wp-page\" data-elementor-id=\"5563\" class=\"elementor elementor-5563\" data-elementor-post-type=\"page\">\n\t\t\t\t<div class=\"elementor-element elementor-element-201a7b e-flex e-con-boxed e-con e-parent\" data-id=\"201a7b\" data-element_type=\"container\" data-e-type=\"container\">\n\t\t\t\t\t<div class=\"e-con-inner\">\n\t\t\t\t<div class=\"elementor-element elementor-element-3862fa4 elementor-widget elementor-widget-text-editor\" data-id=\"3862fa4\" data-element_type=\"widget\" data-e-type=\"widget\" data-widget_type=\"text-editor.default\">\n\t\t\t\t<div class=\"elementor-widget-container\">\n\t\t\t\t\t\t\t\t\t<p>Poni\u017cej przedstawione s\u0105 warunki gwarancji stosowane przez firm\u0119 BESTWAY EUROPE S.p.A z siedzib\u0105 przy Via della Resistenza n. 5, San Giuliano Milanese (20098) &#8211; Mediolan, W\u0142ochy (zwan\u0105 dalej \u201eBESTWAY\u201d) na produkty sprzedawane na terenie Europejskiego Obszaru Gospodarczego pod znakiem towarowym BESTWAY.<\/p>\t\t\t\t\t\t\t\t<\/div>\n\t\t\t\t<\/div>\n\t\t\t\t\t<\/div>\n\t\t\t\t<\/div>\n\t\t<div class=\"elementor-element elementor-element-2d7f1d1b e-flex e-con-boxed e-con e-parent\" data-id=\"2d7f1d1b\" data-element_type=\"container\" data-e-type=\"container\">\n\t\t\t\t\t<div class=\"e-con-inner\">\n\t\t\t\t<div class=\"elementor-element elementor-element-7112739 elementor-widget elementor-widget-heading\" data-id=\"7112739\" data-element_type=\"widget\" data-e-type=\"widget\" data-widget_type=\"heading.default\">\n\t\t\t\t<div class=\"elementor-widget-container\">\n\t\t\t\t\t<h2 class=\"elementor-heading-title elementor-size-default\">Gwarancja prawna<\/h2>\t\t\t\t<\/div>\n\t\t\t\t<\/div>\n\t\t\t\t<div class=\"elementor-element elementor-element-0f3351f elementor-widget elementor-widget-text-editor\" data-id=\"0f3351f\" data-element_type=\"widget\" data-e-type=\"widget\" data-widget_type=\"text-editor.default\">\n\t\t\t\t<div class=\"elementor-widget-container\">\n\t\t\t\t\t\t\t\t\t<p>1.1 Gwarancj\u0119 prawn\u0105 zapewniaj\u0105 dyrektywy europejskie 1999\/44\/EC i 2019\/771\/EC, kt\u00f3rych celem jest ochrona Konsumenta, zgodnie z definicj\u0105 poni\u017cej, w przypadku, gdy zakupione towary (\u201eProdukty\u201d) maj\u0105 wady zgodno\u015bci.<\/p>\n<p>1.2 Zgodnie z wy\u017cej wymienionymi dyrektywami europejskimi Konsumentem jest ka\u017cda osoba fizyczna, kt\u00f3ra nabywa Produkt w celach niezwi\u0105zanych z jej dzia\u0142alno\u015bci\u0105 gospodarcz\u0105, handlem, rzemios\u0142em lub zawodem (\u201eKonsument\u201d).<\/p>\n<p>1.3 Gwarancja prawna trwa 24 miesi\u0105ce od wydania towaru Konsumentowi. Nale\u017cy wzi\u0105\u0107 pod uwag\u0119, \u017ce warunki okre\u015blone we wspomnianych dyrektywach nie maj\u0105 zastosowania poza krajami Europejskiego Obszaru Gospodarczego, do kt\u00f3rych maj\u0105 zastosowanie odpowiednie przepisy lokalne.<\/p>\n<p>1.4 Je\u017celi Konsument uwa\u017ca, \u017ce naby\u0142 Produkt z wad\u0105 zgodno\u015bci, powinien skontaktowa\u0107 si\u0119 ze swoim sprzedawc\u0105 w celu skorzystania z gwarancji.<\/p>\n<p>1.5 Firma BESTWAY udziela gwarancji, na wszelkie mo\u017cliwe wady zgodno\u015bci Produkt\u00f3w, ka\u017cdemu Konsumentowi, kt\u00f3ry naby\u0142 Produkty bezpo\u015brednio od firmy BESTWAY.<\/p>\t\t\t\t\t\t\t\t<\/div>\n\t\t\t\t<\/div>\n\t\t\t\t<div class=\"elementor-element elementor-element-1fe5510 elementor-widget elementor-widget-heading\" data-id=\"1fe5510\" data-element_type=\"widget\" data-e-type=\"widget\" data-widget_type=\"heading.default\">\n\t\t\t\t<div class=\"elementor-widget-container\">\n\t\t\t\t\t<h2 class=\"elementor-heading-title elementor-size-default\">Gwarancja producenta<\/h2>\t\t\t\t<\/div>\n\t\t\t\t<\/div>\n\t\t\t\t<div class=\"elementor-element elementor-element-b5b3ff4 elementor-widget elementor-widget-text-editor\" data-id=\"b5b3ff4\" data-element_type=\"widget\" data-e-type=\"widget\" data-widget_type=\"text-editor.default\">\n\t\t\t\t<div class=\"elementor-widget-container\">\n\t\t\t\t\t\t\t\t\t<p>Bez uszczerbku dla gwarancji i prerogatyw przewidzianych prawem oraz bez uszczerbku dla mo\u017cliwo\u015bci skorzystania przez konsumenta z gwarancji, o kt\u00f3rej mowa powy\u017cej, firma BESTWAY udziela dodatkowej gwarancji (\u201egwarancja producenta BESTWAY\u201d) obejmuj\u0105cej ewentualne wady zgodno\u015bci w przypadku ograniczonego zakresu produkt\u00f3w.<\/p><p><a href=\"https:\/\/support.bestway.eu\/pl-pl\/warranty\" target=\"_blank\" rel=\"noopener\">Kliknij tutaj<\/a>, aby pozna\u0107 warunki, zakres obj\u0119tych produkt\u00f3w i metody aktywacji.<\/p>\t\t\t\t\t\t\t\t<\/div>\n\t\t\t\t<\/div>\n\t\t\t\t\t<\/div>\n\t\t\t\t<\/div>\n\t\t\t\t<\/div>\n\t\t","protected":false},"excerpt":{"rendered":"<p>Poni\u017cej przedstawione s\u0105 warunki gwarancji stosowane przez firm\u0119 BESTWAY EUROPE S.p.A z siedzib\u0105 przy Via della Resistenza n. 5, San Giuliano Milanese (20098) &#8211; Mediolan, W\u0142ochy (zwan\u0105 dalej \u201eBESTWAY\u201d) na produkty sprzedawane na terenie Europejskiego Obszaru Gospodarczego pod znakiem towarowym BESTWAY. Gwarancja prawna 1.1 Gwarancj\u0119 prawn\u0105 zapewniaj\u0105 dyrektywy europejskie 1999\/44\/EC i 2019\/771\/EC, kt\u00f3rych celem jest [&hellip;]<\/p>\n","protected":false},"author":1,"featured_media":0,"parent":0,"menu_order":0,"comment_status":"closed","ping_status":"closed","template":"","meta":{"_acf_changed":false,"site-sidebar-layout":"no-sidebar","site-content-layout":"page-builder","ast-site-content-layout":"full-width-container","site-content-style":"default","site-sidebar-style":"default","ast-global-header-display":"","ast-banner-title-visibility":"","ast-main-header-display":"","ast-hfb-above-header-display":"","ast-hfb-below-header-display":"","ast-hfb-mobile-header-display":"","site-post-title":"disabled","ast-breadcrumbs-content":"","ast-featured-img":"disabled","footer-sml-layout":"","ast-disable-related-posts":"","theme-transparent-header-meta":"","adv-header-id-meta":"","stick-header-meta":"","header-above-stick-meta":"","header-main-stick-meta":"","header-below-stick-meta":"","astra-migrate-meta-layouts":"set","ast-page-background-enabled":"default","ast-page-background-meta":{"desktop":{"background-color":"var(--ast-global-color-4)","background-image":"","background-repeat":"repeat","background-position":"center center","background-size":"auto","background-attachment":"scroll","background-type":"","background-media":"","overlay-type":"","overlay-color":"","overlay-opacity":"","overlay-gradient":""},"tablet":{"background-color":"","background-image":"","background-repeat":"repeat","background-position":"center center","background-size":"auto","background-attachment":"scroll","background-type":"","background-media":"","overlay-type":"","overlay-color":"","overlay-opacity":"","overlay-gradient":""},"mobile":{"background-color":"","background-image":"","background-repeat":"repeat","background-position":"center center","background-size":"auto","background-attachment":"scroll","background-type":"","background-media":"","overlay-type":"","overlay-color":"","overlay-opacity":"","overlay-gradient":""}},"ast-content-background-meta":{"desktop":{"background-color":"var(--ast-global-color-5)","background-image":"","background-repeat":"repeat","background-position":"center center","background-size":"auto","background-attachment":"scroll","background-type":"","background-media":"","overlay-type":"","overlay-color":"","overlay-opacity":"","overlay-gradient":""},"tablet":{"background-color":"var(--ast-global-color-5)","background-image":"","background-repeat":"repeat","background-position":"center center","background-size":"auto","background-attachment":"scroll","background-type":"","background-media":"","overlay-type":"","overlay-color":"","overlay-opacity":"","overlay-gradient":""},"mobile":{"background-color":"var(--ast-global-color-5)","background-image":"","background-repeat":"repeat","background-position":"center center","background-size":"auto","background-attachment":"scroll","background-type":"","background-media":"","overlay-type":"","overlay-color":"","overlay-opacity":"","overlay-gradient":""}},"footnotes":""},"class_list":["post-5563","page","type-page","status-publish","hentry"],"acf":[],"yoast_head":"<!-- This site is optimized with the Yoast SEO plugin v27.5 - https:\/\/yoast.com\/product\/yoast-seo-wordpress\/ -->\n<title>Gwarancja Bestway - Legal<\/title>\n<meta name=\"robots\" content=\"noindex, follow, max-snippet:-1, max-image-preview:large, max-video-preview:-1\" \/>\n<meta property=\"og:locale\" content=\"pl_PL\" \/>\n<meta property=\"og:type\" content=\"article\" \/>\n<meta property=\"og:title\" content=\"Gwarancja Bestway - Legal\" \/>\n<meta property=\"og:description\" content=\"Poni\u017cej przedstawione s\u0105 warunki gwarancji stosowane przez firm\u0119 BESTWAY EUROPE S.p.A z siedzib\u0105 przy Via della Resistenza n. 5, San Giuliano Milanese (20098) &#8211; Mediolan, W\u0142ochy (zwan\u0105 dalej \u201eBESTWAY\u201d) na produkty sprzedawane na terenie Europejskiego Obszaru Gospodarczego pod znakiem towarowym BESTWAY. Gwarancja prawna 1.1 Gwarancj\u0119 prawn\u0105 zapewniaj\u0105 dyrektywy europejskie 1999\/44\/EC i 2019\/771\/EC, kt\u00f3rych celem jest [&hellip;]\" \/>\n<meta property=\"og:url\" content=\"https:\/\/legal.bestway.eu\/pl-pl\/warranty-extension\/\" \/>\n<meta property=\"og:site_name\" content=\"Legal\" \/>\n<meta property=\"article:modified_time\" content=\"2026-02-10T09:56:02+00:00\" \/>\n<meta name=\"twitter:card\" content=\"summary_large_image\" \/>\n<meta name=\"twitter:label1\" content=\"Est. reading time\" \/>\n\t<meta name=\"twitter:data1\" content=\"2 minutes\" \/>\n<script type=\"application\/ld+json\" class=\"yoast-schema-graph\">{\"@context\":\"https:\\\/\\\/schema.org\",\"@graph\":[{\"@type\":\"WebPage\",\"@id\":\"https:\\\/\\\/legal.bestway.eu\\\/pl-pl\\\/warranty-extension\\\/\",\"url\":\"https:\\\/\\\/legal.bestway.eu\\\/pl-pl\\\/warranty-extension\\\/\",\"name\":\"Gwarancja Bestway - Legal\",\"isPartOf\":{\"@id\":\"https:\\\/\\\/legal.bestway.eu\\\/pl-pl\\\/#website\"},\"datePublished\":\"2023-10-24T09:15:40+00:00\",\"dateModified\":\"2026-02-10T09:56:02+00:00\",\"inLanguage\":\"pl-pl\",\"potentialAction\":[{\"@type\":\"ReadAction\",\"target\":[\"https:\\\/\\\/legal.bestway.eu\\\/pl-pl\\\/warranty-extension\\\/\"]}]},{\"@type\":\"WebSite\",\"@id\":\"https:\\\/\\\/legal.bestway.eu\\\/pl-pl\\\/#website\",\"url\":\"https:\\\/\\\/legal.bestway.eu\\\/pl-pl\\\/\",\"name\":\"Legal\",\"description\":\"Legal\",\"publisher\":{\"@id\":\"https:\\\/\\\/legal.bestway.eu\\\/pl-pl\\\/#organization\"},\"potentialAction\":[{\"@type\":\"SearchAction\",\"target\":{\"@type\":\"EntryPoint\",\"urlTemplate\":\"https:\\\/\\\/legal.bestway.eu\\\/pl-pl\\\/?s={search_term_string}\"},\"query-input\":{\"@type\":\"PropertyValueSpecification\",\"valueRequired\":true,\"valueName\":\"search_term_string\"}}],\"inLanguage\":\"pl-pl\"},{\"@type\":\"Organization\",\"@id\":\"https:\\\/\\\/legal.bestway.eu\\\/pl-pl\\\/#organization\",\"name\":\"Legal\",\"url\":\"https:\\\/\\\/legal.bestway.eu\\\/pl-pl\\\/\",\"logo\":{\"@type\":\"ImageObject\",\"inLanguage\":\"pl-pl\",\"@id\":\"https:\\\/\\\/legal.bestway.eu\\\/pl-pl\\\/#\\\/schema\\\/logo\\\/image\\\/\",\"url\":\"https:\\\/\\\/legal.bestway.eu\\\/wp-content\\\/uploads\\\/sites\\\/2\\\/2023\\\/10\\\/bw-white-logo@2x.png\",\"contentUrl\":\"https:\\\/\\\/legal.bestway.eu\\\/wp-content\\\/uploads\\\/sites\\\/2\\\/2023\\\/10\\\/bw-white-logo@2x.png\",\"width\":348,\"height\":138,\"caption\":\"Legal\"},\"image\":{\"@id\":\"https:\\\/\\\/legal.bestway.eu\\\/pl-pl\\\/#\\\/schema\\\/logo\\\/image\\\/\"}}]}<\/script>\n<!-- \/ Yoast SEO plugin. -->","yoast_head_json":{"title":"Gwarancja Bestway - Legal","robots":{"index":"noindex","follow":"follow","max-snippet":"max-snippet:-1","max-image-preview":"max-image-preview:large","max-video-preview":"max-video-preview:-1"},"og_locale":"pl_PL","og_type":"article","og_title":"Gwarancja Bestway - Legal","og_description":"Poni\u017cej przedstawione s\u0105 warunki gwarancji stosowane przez firm\u0119 BESTWAY EUROPE S.p.A z siedzib\u0105 przy Via della Resistenza n. 5, San Giuliano Milanese (20098) &#8211; Mediolan, W\u0142ochy (zwan\u0105 dalej \u201eBESTWAY\u201d) na produkty sprzedawane na terenie Europejskiego Obszaru Gospodarczego pod znakiem towarowym BESTWAY. Gwarancja prawna 1.1 Gwarancj\u0119 prawn\u0105 zapewniaj\u0105 dyrektywy europejskie 1999\/44\/EC i 2019\/771\/EC, kt\u00f3rych celem jest [&hellip;]","og_url":"https:\/\/legal.bestway.eu\/pl-pl\/warranty-extension\/","og_site_name":"Legal","article_modified_time":"2026-02-10T09:56:02+00:00","twitter_card":"summary_large_image","twitter_misc":{"Est. reading time":"2 minutes"},"schema":{"@context":"https:\/\/schema.org","@graph":[{"@type":"WebPage","@id":"https:\/\/legal.bestway.eu\/pl-pl\/warranty-extension\/","url":"https:\/\/legal.bestway.eu\/pl-pl\/warranty-extension\/","name":"Gwarancja Bestway - Legal","isPartOf":{"@id":"https:\/\/legal.bestway.eu\/pl-pl\/#website"},"datePublished":"2023-10-24T09:15:40+00:00","dateModified":"2026-02-10T09:56:02+00:00","inLanguage":"pl-pl","potentialAction":[{"@type":"ReadAction","target":["https:\/\/legal.bestway.eu\/pl-pl\/warranty-extension\/"]}]},{"@type":"WebSite","@id":"https:\/\/legal.bestway.eu\/pl-pl\/#website","url":"https:\/\/legal.bestway.eu\/pl-pl\/","name":"Legal","description":"Legal","publisher":{"@id":"https:\/\/legal.bestway.eu\/pl-pl\/#organization"},"potentialAction":[{"@type":"SearchAction","target":{"@type":"EntryPoint","urlTemplate":"https:\/\/legal.bestway.eu\/pl-pl\/?s={search_term_string}"},"query-input":{"@type":"PropertyValueSpecification","valueRequired":true,"valueName":"search_term_string"}}],"inLanguage":"pl-pl"},{"@type":"Organization","@id":"https:\/\/legal.bestway.eu\/pl-pl\/#organization","name":"Legal","url":"https:\/\/legal.bestway.eu\/pl-pl\/","logo":{"@type":"ImageObject","inLanguage":"pl-pl","@id":"https:\/\/legal.bestway.eu\/pl-pl\/#\/schema\/logo\/image\/","url":"https:\/\/legal.bestway.eu\/wp-content\/uploads\/sites\/2\/2023\/10\/bw-white-logo@2x.png","contentUrl":"https:\/\/legal.bestway.eu\/wp-content\/uploads\/sites\/2\/2023\/10\/bw-white-logo@2x.png","width":348,"height":138,"caption":"Legal"},"image":{"@id":"https:\/\/legal.bestway.eu\/pl-pl\/#\/schema\/logo\/image\/"}}]}},"_links":{"self":[{"href":"https:\/\/legal.bestway.eu\/pl-pl\/wp-json\/wp\/v2\/pages\/5563","targetHints":{"allow":["GET"]}}],"collection":[{"href":"https:\/\/legal.bestway.eu\/pl-pl\/wp-json\/wp\/v2\/pages"}],"about":[{"href":"https:\/\/legal.bestway.eu\/pl-pl\/wp-json\/wp\/v2\/types\/page"}],"author":[{"embeddable":true,"href":"https:\/\/legal.bestway.eu\/pl-pl\/wp-json\/wp\/v2\/users\/1"}],"replies":[{"embeddable":true,"href":"https:\/\/legal.bestway.eu\/pl-pl\/wp-json\/wp\/v2\/comments?post=5563"}],"version-history":[{"count":8,"href":"https:\/\/legal.bestway.eu\/pl-pl\/wp-json\/wp\/v2\/pages\/5563\/revisions"}],"predecessor-version":[{"id":9037,"href":"https:\/\/legal.bestway.eu\/pl-pl\/wp-json\/wp\/v2\/pages\/5563\/revisions\/9037"}],"wp:attachment":[{"href":"https:\/\/legal.bestway.eu\/pl-pl\/wp-json\/wp\/v2\/media?parent=5563"}],"curies":[{"name":"wp","href":"https:\/\/api.w.org\/{rel}","templated":true}]}}