{"id":8718,"date":"2025-06-09T15:47:15","date_gmt":"2025-06-09T13:47:15","guid":{"rendered":"https:\/\/legal.bestway.eu\/accessibility\/"},"modified":"2025-06-23T10:46:03","modified_gmt":"2025-06-23T08:46:03","slug":"accessibility","status":"publish","type":"page","link":"https:\/\/legal.bestway.eu\/no-no\/accessibility\/","title":{"rendered":"Tilgjengelighet"},"content":{"rendered":"\t\t<div data-elementor-type=\"wp-page\" data-elementor-id=\"8718\" class=\"elementor elementor-8718\" data-elementor-post-type=\"page\">\n\t\t\t\t<div class=\"elementor-element elementor-element-5b5bf09 e-flex e-con-boxed e-con e-parent\" data-id=\"5b5bf09\" data-element_type=\"container\" data-e-type=\"container\">\n\t\t\t\t\t<div class=\"e-con-inner\">\n\t\t\t\t<div class=\"elementor-element elementor-element-febc057 elementor-widget elementor-widget-text-editor\" data-id=\"febc057\" data-element_type=\"widget\" data-e-type=\"widget\" data-widget_type=\"text-editor.default\">\n\t\t\t\t<div class=\"elementor-widget-container\">\n\t\t\t\t\t\t\t\t\t<p>Vi mener at Internett skal v\u00e6re tilgjengelig og tilgjengelig for alle, og vi er forpliktet til \u00e5 tilby et nettsted som er tilgjengelig for et bredest mulig publikum.<\/p><p>Vi f\u00f8lger World Wide Web Consortium (W3C) Web Content Accessibility Guidelines 2.1 (WCAG 2.1). Disse retningslinjene forklarer hvordan man kan gj\u00f8re nettinnhold tilgjengelig for et bredt spekter av brukere med ulike behov. \u00c5 f\u00f8lge disse retningslinjene hjelper oss med \u00e5 sikre at nettstedene v\u00e5re er tilgjengelige for et bredest mulig antall mennesker.<\/p>\t\t\t\t\t\t\t\t<\/div>\n\t\t\t\t<\/div>\n\t\t\t\t<div class=\"elementor-element elementor-element-a41cc72 elementor-widget elementor-widget-heading\" data-id=\"a41cc72\" data-element_type=\"widget\" data-e-type=\"widget\" data-widget_type=\"heading.default\">\n\t\t\t\t<div class=\"elementor-widget-container\">\n\t\t\t\t\t<h2 class=\"elementor-heading-title elementor-size-default\">Tilgjengelighetserkl\u00e6ringer<\/h2>\t\t\t\t<\/div>\n\t\t\t\t<\/div>\n\t\t\t\t<div class=\"elementor-element elementor-element-dd82ffd elementor-widget elementor-widget-n-accordion\" data-id=\"dd82ffd\" data-element_type=\"widget\" data-e-type=\"widget\" data-settings=\"{&quot;max_items_expended&quot;:&quot;multiple&quot;,&quot;default_state&quot;:&quot;expanded&quot;,&quot;n_accordion_animation_duration&quot;:{&quot;unit&quot;:&quot;ms&quot;,&quot;size&quot;:400,&quot;sizes&quot;:[]}}\" data-widget_type=\"nested-accordion.default\">\n\t\t\t\t<div class=\"elementor-widget-container\">\n\t\t\t\t\t\t\t<div class=\"e-n-accordion\" aria-label=\"Accordion. Open links with Enter or Space, close with Escape, and navigate with Arrow Keys\">\n\t\t\t\t\t\t<details id=\"e-n-accordion-item-2320\" class=\"e-n-accordion-item\" open>\n\t\t\t\t<summary class=\"e-n-accordion-item-title\" data-accordion-index=\"1\" tabindex=\"0\" aria-expanded=\"true\" aria-controls=\"e-n-accordion-item-2320\" >\n\t\t\t\t\t<span class='e-n-accordion-item-title-header'><div class=\"e-n-accordion-item-title-text\"> St\u00f8tteside (support.bestway.eu) <\/div><\/span>\n\t\t\t\t\t\t\t<span class='e-n-accordion-item-title-icon'>\n\t\t\t<span class='e-opened' ><i aria-hidden=\"true\" class=\"fas fa-minus\"><\/i><\/span>\n\t\t\t<span class='e-closed'><i aria-hidden=\"true\" class=\"fas fa-plus\"><\/i><\/span>\n\t\t<\/span>\n\n\t\t\t\t\t\t<\/summary>\n\t\t\t\t<div role=\"region\" aria-labelledby=\"e-n-accordion-item-2320\" class=\"elementor-element elementor-element-0ab357d e-con-full e-flex e-con e-child\" data-id=\"0ab357d\" data-element_type=\"container\" data-e-type=\"container\">\n\t\t\t\t<div class=\"elementor-element elementor-element-7f3cfd0 elementor-widget elementor-widget-text-editor\" data-id=\"7f3cfd0\" data-element_type=\"widget\" data-e-type=\"widget\" data-widget_type=\"text-editor.default\">\n\t\t\t\t<div class=\"elementor-widget-container\">\n\t\t\t\t\t\t\t\t\t<p data-start=\"127\" data-end=\"205\"><strong data-start=\"127\" data-end=\"205\">Denne tilgjengelighetserkl\u00e6ringen gjelder for: https:\/\/support.bestway.eu.<\/strong><\/p><p data-start=\"207\" data-end=\"395\"><strong data-start=\"207\" data-end=\"249\">Overholdelsesstatus: Delvis i samsvar.<\/strong><br data-start=\"249\" data-end=\"252\" \/>Dette nettstedet er delvis i samsvar med kravene i vedlegg A til standarden UNI CEI EN 301549, p\u00e5 grunn av avvikene som er listet opp nedenfor.<\/p><p data-start=\"553\" data-end=\"588\"><strong data-start=\"553\" data-end=\"586\">1.1.1 \u2013 Ikke-tekstlig innhold<\/strong><\/p><ul data-start=\"589\" data-end=\"864\"><li data-start=\"589\" data-end=\"673\"><p data-start=\"591\" data-end=\"673\">Noen bilder mangler <code data-start=\"611\" data-end=\"616\">alt<\/code>-attributt eller har ikke-beskrivende alternativ tekst.<\/p><\/li><li data-start=\"674\" data-end=\"758\"><p data-start=\"676\" data-end=\"758\">Noen <code data-start=\"681\" data-end=\"689\">iframe<\/code>-elementer mangler alternativ tekst via <code data-start=\"729\" data-end=\"736\">title<\/code> eller <code data-start=\"743\" data-end=\"755\">aria-label<\/code>.<\/p><\/li><li data-start=\"759\" data-end=\"864\"><p data-start=\"761\" data-end=\"864\">Enkelte visuelle elementer er ikke korrekt merket med <code data-start=\"815\" data-end=\"836\">role=\"presentation\"<\/code> eller <code data-start=\"843\" data-end=\"863\">aria-hidden=\"true\"<\/code>.<\/p><\/li><\/ul><p data-start=\"866\" data-end=\"905\"><strong data-start=\"866\" data-end=\"903\">1.3.1 \u2013 Informasjon og relasjoner<\/strong><\/p><ul data-start=\"906\" data-end=\"1284\"><li data-start=\"906\" data-end=\"997\"><p data-start=\"908\" data-end=\"997\">Flere container-elementer er tomme i DOM, noe som resulterer i ikke-semantisk struktur.<\/p><\/li><li data-start=\"998\" data-end=\"1082\"><p data-start=\"1000\" data-end=\"1082\">Noen skjemafelt mangler etiketter knyttet via <code data-start=\"1046\" data-end=\"1055\">&lt;label&gt;<\/code> eller <code data-start=\"1062\" data-end=\"1079\">aria-labelledby<\/code>.<\/p><\/li><li data-start=\"1083\" data-end=\"1148\"><p data-start=\"1085\" data-end=\"1148\">Enkelte tekstelementer mangler ARIA-roller eller -egenskaper.<\/p><\/li><li data-start=\"1149\" data-end=\"1284\"><p data-start=\"1151\" data-end=\"1284\">Noen dokumenter bruker ikke semantiske overskriftsmark\u00f8rer (<code data-start=\"1211\" data-end=\"1220\">heading<\/code>), noe som begrenser strukturell navigasjon med hjelpeteknologi.<\/p><\/li><\/ul><p data-start=\"1286\" data-end=\"1372\"><strong data-start=\"1286\" data-end=\"1370\">1.3.2 \/ 2.1.1 \/ 2.4.3 \u2013 Meningsfull rekkef\u00f8lge, tastaturtilgang, fokusrekkef\u00f8lge<\/strong><\/p><ul data-start=\"1373\" data-end=\"1536\"><li data-start=\"1373\" data-end=\"1536\"><p data-start=\"1375\" data-end=\"1536\">I noen dokumenter samsvarer ikke leserekkef\u00f8lgen og navigasjonsrekkef\u00f8lgen med det visuelle oppsettet, noe som gir problemer for tastatur- og skjermleserbrukere.<\/p><\/li><\/ul><p data-start=\"1538\" data-end=\"1570\"><strong data-start=\"1538\" data-end=\"1568\">1.4.3 \u2013 Kontrast (minimum)<\/strong><\/p><ul data-start=\"1571\" data-end=\"1673\"><li data-start=\"1571\" data-end=\"1673\"><p data-start=\"1573\" data-end=\"1673\">Fargekontrasten mellom tekst og bakgrunn i enkelte elementer oppfyller ikke minimumskravet p\u00e5 4.5:1.<\/p><\/li><\/ul><p data-start=\"1675\" data-end=\"1706\"><strong data-start=\"1675\" data-end=\"1704\">1.4.4 \u2013 Tekstforst\u00f8rrelse<\/strong><\/p><ul data-start=\"1707\" data-end=\"1770\"><li data-start=\"1707\" data-end=\"1770\"><p data-start=\"1709\" data-end=\"1770\">Noen tekster blir avsk\u00e5ret eller overlapper ved forst\u00f8rrelse.<\/p><\/li><\/ul><p data-start=\"1772\" data-end=\"1817\"><strong data-start=\"1772\" data-end=\"1815\">1.4.10 \u2013 Omflytting av innhold (Reflow)<\/strong><\/p><ul data-start=\"1818\" data-end=\"1951\"><li data-start=\"1818\" data-end=\"1951\"><p data-start=\"1820\" data-end=\"1951\">Enkelte sider eller komponenter h\u00e5ndterer ikke zooming eller endring av vindusst\u00f8rrelse korrekt, noe som f\u00f8rer til layoutproblemer.<\/p><\/li><\/ul><p data-start=\"1953\" data-end=\"1992\"><strong data-start=\"1953\" data-end=\"1990\">2.4.1 \u2013 Hopp over innholdsblokker<\/strong><\/p><ul data-start=\"1993\" data-end=\"2080\"><li data-start=\"1993\" data-end=\"2080\"><p data-start=\"1995\" data-end=\"2080\">Noen sider mangler lenken &#8220;Hopp til innhold&#8221; som skal v\u00e6re tilgjengelig via tastatur.<\/p><\/li><\/ul><p data-start=\"2082\" data-end=\"2106\"><strong data-start=\"2082\" data-end=\"2104\">2.4.2 \u2013 Sidetittel<\/strong><\/p><ul data-start=\"2107\" data-end=\"2216\"><li data-start=\"2107\" data-end=\"2216\"><p data-start=\"2109\" data-end=\"2216\">Enkelte dokumenter mangler tittel i metadataene, noe som svekker gjenkjennelsen under assistert navigasjon.<\/p><\/li><\/ul><p data-start=\"2218\" data-end=\"2264\"><strong data-start=\"2218\" data-end=\"2262\">2.4.4 \u2013 Form\u00e5let med lenker (i kontekst)<\/strong><\/p><ul data-start=\"2265\" data-end=\"2316\"><li data-start=\"2265\" data-end=\"2316\"><p data-start=\"2267\" data-end=\"2316\">Noen lenker mangler meningsfull alternativ tekst.<\/p><\/li><\/ul><p data-start=\"2318\" data-end=\"2357\"><strong data-start=\"2318\" data-end=\"2355\">2.4.6 \u2013 Overskrifter og etiketter<\/strong><\/p><ul data-start=\"2358\" data-end=\"2431\"><li data-start=\"2358\" data-end=\"2431\"><p data-start=\"2360\" data-end=\"2431\">P\u00e5 noen sider mangler semantiske overskrifter eller <code data-start=\"2412\" data-end=\"2420\">header<\/code>-elementer.<\/p><\/li><\/ul><p data-start=\"2433\" data-end=\"2459\"><strong data-start=\"2433\" data-end=\"2457\">3.1.1 \u2013 Sidens spr\u00e5k<\/strong><\/p><ul data-start=\"2460\" data-end=\"2569\"><li data-start=\"2460\" data-end=\"2569\"><p data-start=\"2462\" data-end=\"2569\">Det er ikke angitt noe standardspr\u00e5k for dokumentet, noe som kan f\u00f8re til feil opplesning med skjermlesere.<\/p><\/li><\/ul><p data-start=\"2571\" data-end=\"2603\"><strong data-start=\"2571\" data-end=\"2601\">4.1.2 \u2013 Navn, rolle, verdi<\/strong><\/p><ul data-start=\"2604\" data-end=\"2746\"><li data-start=\"2604\" data-end=\"2664\"><p data-start=\"2606\" data-end=\"2664\">Flere knapper mangler tekstetiketter eller <code data-start=\"2649\" data-end=\"2661\">aria-label<\/code>.<\/p><\/li><li data-start=\"2665\" data-end=\"2746\"><p data-start=\"2667\" data-end=\"2746\">Enkelte ARIA-attributter inneholder ugyldige eller ikke-standardiserte verdier.<\/p><\/li><\/ul>\t\t\t\t\t\t\t\t<\/div>\n\t\t\t\t<\/div>\n\t\t\t\t<\/div>\n\t\t\t\t\t<\/details>\n\t\t\t\t\t<\/div>\n\t\t\t\t\t\t<\/div>\n\t\t\t\t<\/div>\n\t\t\t\t<div class=\"elementor-element elementor-element-3003df7 elementor-widget elementor-widget-heading\" data-id=\"3003df7\" data-element_type=\"widget\" data-e-type=\"widget\" data-widget_type=\"heading.default\">\n\t\t\t\t<div class=\"elementor-widget-container\">\n\t\t\t\t\t<h2 class=\"elementor-heading-title elementor-size-default\">Kommentarer og tilbakemeldinger<\/h2>\t\t\t\t<\/div>\n\t\t\t\t<\/div>\n\t\t\t\t<div class=\"elementor-element elementor-element-2b49daa elementor-widget elementor-widget-text-editor\" data-id=\"2b49daa\" data-element_type=\"widget\" data-e-type=\"widget\" data-widget_type=\"text-editor.default\">\n\t\t\t\t<div class=\"elementor-widget-container\">\n\t\t\t\t\t\t\t\t\t<p><span style=\"font-size: 16px;\">Vi utvikler nettstedene v\u00e5re med respekt for kriteriene for digital tilgjengelighet, men det kan fortsatt v\u00e6re sider eller seksjoner som ikke er fullt tilgjengelige, som er i ferd med \u00e5 bli tilgjengelige, eller som mangler en tilstrekkelig teknologisk l\u00f8sning for \u00e5 gj\u00f8re dem tilgjengelige. For tilbakemeldinger eller rapporter, skriv til <\/span><a style=\"font-size: 16px; background-color: #ffffff;\" href=\"mailto:accessibility@bestwaycorp.eu\"><strong>accessibility@bestwaycorp.eu<\/strong><\/a><\/p>\t\t\t\t\t\t\t\t<\/div>\n\t\t\t\t<\/div>\n\t\t\t\t\t<\/div>\n\t\t\t\t<\/div>\n\t\t\t\t<\/div>\n\t\t","protected":false},"excerpt":{"rendered":"<p>Vi mener at Internett skal v\u00e6re tilgjengelig og tilgjengelig for alle, og vi er forpliktet til \u00e5 tilby et nettsted som er tilgjengelig for et bredest mulig publikum. Vi f\u00f8lger World Wide Web Consortium (W3C) Web Content Accessibility Guidelines 2.1 (WCAG 2.1). Disse retningslinjene forklarer hvordan man kan gj\u00f8re nettinnhold tilgjengelig for et bredt spekter [&hellip;]<\/p>\n","protected":false},"author":1,"featured_media":0,"parent":0,"menu_order":0,"comment_status":"closed","ping_status":"closed","template":"","meta":{"_acf_changed":false,"site-sidebar-layout":"no-sidebar","site-content-layout":"page-builder","ast-site-content-layout":"full-width-container","site-content-style":"default","site-sidebar-style":"default","ast-global-header-display":"","ast-banner-title-visibility":"","ast-main-header-display":"","ast-hfb-above-header-display":"","ast-hfb-below-header-display":"","ast-hfb-mobile-header-display":"","site-post-title":"disabled","ast-breadcrumbs-content":"","ast-featured-img":"disabled","footer-sml-layout":"","ast-disable-related-posts":"","theme-transparent-header-meta":"","adv-header-id-meta":"","stick-header-meta":"","header-above-stick-meta":"","header-main-stick-meta":"","header-below-stick-meta":"","astra-migrate-meta-layouts":"set","ast-page-background-enabled":"default","ast-page-background-meta":{"desktop":{"background-color":"var(--ast-global-color-4)","background-image":"","background-repeat":"repeat","background-position":"center center","background-size":"auto","background-attachment":"scroll","background-type":"","background-media":"","overlay-type":"","overlay-color":"","overlay-opacity":"","overlay-gradient":""},"tablet":{"background-color":"","background-image":"","background-repeat":"repeat","background-position":"center center","background-size":"auto","background-attachment":"scroll","background-type":"","background-media":"","overlay-type":"","overlay-color":"","overlay-opacity":"","overlay-gradient":""},"mobile":{"background-color":"","background-image":"","background-repeat":"repeat","background-position":"center center","background-size":"auto","background-attachment":"scroll","background-type":"","background-media":"","overlay-type":"","overlay-color":"","overlay-opacity":"","overlay-gradient":""}},"ast-content-background-meta":{"desktop":{"background-color":"var(--ast-global-color-5)","background-image":"","background-repeat":"repeat","background-position":"center center","background-size":"auto","background-attachment":"scroll","background-type":"","background-media":"","overlay-type":"","overlay-color":"","overlay-opacity":"","overlay-gradient":""},"tablet":{"background-color":"var(--ast-global-color-5)","background-image":"","background-repeat":"repeat","background-position":"center center","background-size":"auto","background-attachment":"scroll","background-type":"","background-media":"","overlay-type":"","overlay-color":"","overlay-opacity":"","overlay-gradient":""},"mobile":{"background-color":"var(--ast-global-color-5)","background-image":"","background-repeat":"repeat","background-position":"center center","background-size":"auto","background-attachment":"scroll","background-type":"","background-media":"","overlay-type":"","overlay-color":"","overlay-opacity":"","overlay-gradient":""}},"footnotes":""},"class_list":["post-8718","page","type-page","status-publish","hentry"],"acf":[],"yoast_head":"<!-- This site is optimized with the Yoast SEO plugin v27.6 - https:\/\/yoast.com\/product\/yoast-seo-wordpress\/ -->\n<title>Tilgjengelighet - Legal<\/title>\n<meta name=\"robots\" content=\"noindex, follow, max-snippet:-1, max-image-preview:large, max-video-preview:-1\" \/>\n<meta property=\"og:locale\" content=\"en_US\" \/>\n<meta property=\"og:type\" content=\"article\" \/>\n<meta property=\"og:title\" content=\"Tilgjengelighet - Legal\" \/>\n<meta property=\"og:description\" content=\"Vi mener at Internett skal v\u00e6re tilgjengelig og tilgjengelig for alle, og vi er forpliktet til \u00e5 tilby et nettsted som er tilgjengelig for et bredest mulig publikum. Vi f\u00f8lger World Wide Web Consortium (W3C) Web Content Accessibility Guidelines 2.1 (WCAG 2.1). Disse retningslinjene forklarer hvordan man kan gj\u00f8re nettinnhold tilgjengelig for et bredt spekter [&hellip;]\" \/>\n<meta property=\"og:url\" content=\"https:\/\/legal.bestway.eu\/no-no\/accessibility\/\" \/>\n<meta property=\"og:site_name\" content=\"Legal\" \/>\n<meta property=\"article:modified_time\" content=\"2025-06-23T08:46:03+00:00\" \/>\n<meta name=\"twitter:card\" content=\"summary_large_image\" \/>\n<meta name=\"twitter:label1\" content=\"Est. reading time\" \/>\n\t<meta name=\"twitter:data1\" content=\"4 minutes\" \/>\n<script type=\"application\/ld+json\" class=\"yoast-schema-graph\">{\"@context\":\"https:\\\/\\\/schema.org\",\"@graph\":[{\"@type\":\"WebPage\",\"@id\":\"https:\\\/\\\/legal.bestway.eu\\\/no-no\\\/accessibility\\\/\",\"url\":\"https:\\\/\\\/legal.bestway.eu\\\/no-no\\\/accessibility\\\/\",\"name\":\"Tilgjengelighet - Legal\",\"isPartOf\":{\"@id\":\"https:\\\/\\\/legal.bestway.eu\\\/no-no\\\/#website\"},\"datePublished\":\"2025-06-09T13:47:15+00:00\",\"dateModified\":\"2025-06-23T08:46:03+00:00\",\"inLanguage\":\"no-no\",\"potentialAction\":[{\"@type\":\"ReadAction\",\"target\":[\"https:\\\/\\\/legal.bestway.eu\\\/no-no\\\/accessibility\\\/\"]}]},{\"@type\":\"WebSite\",\"@id\":\"https:\\\/\\\/legal.bestway.eu\\\/no-no\\\/#website\",\"url\":\"https:\\\/\\\/legal.bestway.eu\\\/no-no\\\/\",\"name\":\"Legal\",\"description\":\"Legal\",\"publisher\":{\"@id\":\"https:\\\/\\\/legal.bestway.eu\\\/no-no\\\/#organization\"},\"potentialAction\":[{\"@type\":\"SearchAction\",\"target\":{\"@type\":\"EntryPoint\",\"urlTemplate\":\"https:\\\/\\\/legal.bestway.eu\\\/no-no\\\/?s={search_term_string}\"},\"query-input\":{\"@type\":\"PropertyValueSpecification\",\"valueRequired\":true,\"valueName\":\"search_term_string\"}}],\"inLanguage\":\"no-no\"},{\"@type\":\"Organization\",\"@id\":\"https:\\\/\\\/legal.bestway.eu\\\/no-no\\\/#organization\",\"name\":\"Legal\",\"url\":\"https:\\\/\\\/legal.bestway.eu\\\/no-no\\\/\",\"logo\":{\"@type\":\"ImageObject\",\"inLanguage\":\"no-no\",\"@id\":\"https:\\\/\\\/legal.bestway.eu\\\/no-no\\\/#\\\/schema\\\/logo\\\/image\\\/\",\"url\":\"https:\\\/\\\/legal.bestway.eu\\\/wp-content\\\/uploads\\\/sites\\\/2\\\/2023\\\/10\\\/bw-white-logo@2x.png\",\"contentUrl\":\"https:\\\/\\\/legal.bestway.eu\\\/wp-content\\\/uploads\\\/sites\\\/2\\\/2023\\\/10\\\/bw-white-logo@2x.png\",\"width\":348,\"height\":138,\"caption\":\"Legal\"},\"image\":{\"@id\":\"https:\\\/\\\/legal.bestway.eu\\\/no-no\\\/#\\\/schema\\\/logo\\\/image\\\/\"}}]}<\/script>\n<!-- \/ Yoast SEO plugin. -->","yoast_head_json":{"title":"Tilgjengelighet - Legal","robots":{"index":"noindex","follow":"follow","max-snippet":"max-snippet:-1","max-image-preview":"max-image-preview:large","max-video-preview":"max-video-preview:-1"},"og_locale":"en_US","og_type":"article","og_title":"Tilgjengelighet - Legal","og_description":"Vi mener at Internett skal v\u00e6re tilgjengelig og tilgjengelig for alle, og vi er forpliktet til \u00e5 tilby et nettsted som er tilgjengelig for et bredest mulig publikum. Vi f\u00f8lger World Wide Web Consortium (W3C) Web Content Accessibility Guidelines 2.1 (WCAG 2.1). Disse retningslinjene forklarer hvordan man kan gj\u00f8re nettinnhold tilgjengelig for et bredt spekter [&hellip;]","og_url":"https:\/\/legal.bestway.eu\/no-no\/accessibility\/","og_site_name":"Legal","article_modified_time":"2025-06-23T08:46:03+00:00","twitter_card":"summary_large_image","twitter_misc":{"Est. reading time":"4 minutes"},"schema":{"@context":"https:\/\/schema.org","@graph":[{"@type":"WebPage","@id":"https:\/\/legal.bestway.eu\/no-no\/accessibility\/","url":"https:\/\/legal.bestway.eu\/no-no\/accessibility\/","name":"Tilgjengelighet - Legal","isPartOf":{"@id":"https:\/\/legal.bestway.eu\/no-no\/#website"},"datePublished":"2025-06-09T13:47:15+00:00","dateModified":"2025-06-23T08:46:03+00:00","inLanguage":"no-no","potentialAction":[{"@type":"ReadAction","target":["https:\/\/legal.bestway.eu\/no-no\/accessibility\/"]}]},{"@type":"WebSite","@id":"https:\/\/legal.bestway.eu\/no-no\/#website","url":"https:\/\/legal.bestway.eu\/no-no\/","name":"Legal","description":"Legal","publisher":{"@id":"https:\/\/legal.bestway.eu\/no-no\/#organization"},"potentialAction":[{"@type":"SearchAction","target":{"@type":"EntryPoint","urlTemplate":"https:\/\/legal.bestway.eu\/no-no\/?s={search_term_string}"},"query-input":{"@type":"PropertyValueSpecification","valueRequired":true,"valueName":"search_term_string"}}],"inLanguage":"no-no"},{"@type":"Organization","@id":"https:\/\/legal.bestway.eu\/no-no\/#organization","name":"Legal","url":"https:\/\/legal.bestway.eu\/no-no\/","logo":{"@type":"ImageObject","inLanguage":"no-no","@id":"https:\/\/legal.bestway.eu\/no-no\/#\/schema\/logo\/image\/","url":"https:\/\/legal.bestway.eu\/wp-content\/uploads\/sites\/2\/2023\/10\/bw-white-logo@2x.png","contentUrl":"https:\/\/legal.bestway.eu\/wp-content\/uploads\/sites\/2\/2023\/10\/bw-white-logo@2x.png","width":348,"height":138,"caption":"Legal"},"image":{"@id":"https:\/\/legal.bestway.eu\/no-no\/#\/schema\/logo\/image\/"}}]}},"_links":{"self":[{"href":"https:\/\/legal.bestway.eu\/no-no\/wp-json\/wp\/v2\/pages\/8718","targetHints":{"allow":["GET"]}}],"collection":[{"href":"https:\/\/legal.bestway.eu\/no-no\/wp-json\/wp\/v2\/pages"}],"about":[{"href":"https:\/\/legal.bestway.eu\/no-no\/wp-json\/wp\/v2\/types\/page"}],"author":[{"embeddable":true,"href":"https:\/\/legal.bestway.eu\/no-no\/wp-json\/wp\/v2\/users\/1"}],"replies":[{"embeddable":true,"href":"https:\/\/legal.bestway.eu\/no-no\/wp-json\/wp\/v2\/comments?post=8718"}],"version-history":[{"count":5,"href":"https:\/\/legal.bestway.eu\/no-no\/wp-json\/wp\/v2\/pages\/8718\/revisions"}],"predecessor-version":[{"id":8732,"href":"https:\/\/legal.bestway.eu\/no-no\/wp-json\/wp\/v2\/pages\/8718\/revisions\/8732"}],"wp:attachment":[{"href":"https:\/\/legal.bestway.eu\/no-no\/wp-json\/wp\/v2\/media?parent=8718"}],"curies":[{"name":"wp","href":"https:\/\/api.w.org\/{rel}","templated":true}]}}