{"id":6658,"date":"2023-10-24T11:15:40","date_gmt":"2023-10-24T09:15:40","guid":{"rendered":"https:\/\/legal.bestway.eu\/?page_id=6658"},"modified":"2026-02-10T10:59:26","modified_gmt":"2026-02-10T09:59:26","slug":"warranty-extension","status":"publish","type":"page","link":"https:\/\/legal.bestway.eu\/no-no\/warranty-extension\/","title":{"rendered":"Bestway-garanti"},"content":{"rendered":"\t\t<div data-elementor-type=\"wp-page\" data-elementor-id=\"6658\" class=\"elementor elementor-6658\" data-elementor-post-type=\"page\">\n\t\t\t\t<div class=\"elementor-element elementor-element-201a7b e-flex e-con-boxed e-con e-parent\" data-id=\"201a7b\" data-element_type=\"container\" data-e-type=\"container\">\n\t\t\t\t\t<div class=\"e-con-inner\">\n\t\t\t\t<div class=\"elementor-element elementor-element-3862fa4 elementor-widget elementor-widget-text-editor\" data-id=\"3862fa4\" data-element_type=\"widget\" data-e-type=\"widget\" data-widget_type=\"text-editor.default\">\n\t\t\t\t<div class=\"elementor-widget-container\">\n\t\t\t\t\t\t\t\t\t<p>Nedenfor er garantibetingelsene som gjelder for BESTWAY EUROPE S.p.A., med registrert kontor i Via della Resistenza n. 5, San Giuliano Milanese (20098) &#8211; Milano, Italia (heretter kalt \u00abBESTWAY\u00bb), for produkter som selges i Det europeiske \u00f8konomiske samarbeidsomr\u00e5det under merkenavnet BESTWAY.<\/p>\t\t\t\t\t\t\t\t<\/div>\n\t\t\t\t<\/div>\n\t\t\t\t\t<\/div>\n\t\t\t\t<\/div>\n\t\t<div class=\"elementor-element elementor-element-2d7f1d1b e-flex e-con-boxed e-con e-parent\" data-id=\"2d7f1d1b\" data-element_type=\"container\" data-e-type=\"container\">\n\t\t\t\t\t<div class=\"e-con-inner\">\n\t\t\t\t<div class=\"elementor-element elementor-element-7112739 elementor-widget elementor-widget-heading\" data-id=\"7112739\" data-element_type=\"widget\" data-e-type=\"widget\" data-widget_type=\"heading.default\">\n\t\t\t\t<div class=\"elementor-widget-container\">\n\t\t\t\t\t<h2 class=\"elementor-heading-title elementor-size-default\">Juridisk garanti<\/h2>\t\t\t\t<\/div>\n\t\t\t\t<\/div>\n\t\t\t\t<div class=\"elementor-element elementor-element-0f3351f elementor-widget elementor-widget-text-editor\" data-id=\"0f3351f\" data-element_type=\"widget\" data-e-type=\"widget\" data-widget_type=\"text-editor.default\">\n\t\t\t\t<div class=\"elementor-widget-container\">\n\t\t\t\t\t\t\t\t\t<p>1.1 Den juridiske garantien gis av de europeiske direktivene 1999\/44\/EC og 2019\/771\/EC, som tar sikte p\u00e5 \u00e5 beskytte forbrukeren, som definert nedenfor, i tilfelle de kj\u00f8pte varene (\u00abProduktene\u00bb) har samsvarsfeil<\/p><ul class=\"points-list-blue\">\n<\/ul>\n<p>1.2 I henhold til ovennevnte europeiske direktiver er forbruker enhver fysisk person som kj\u00f8per et produkt for form\u00e5l som ikke er relatert til hans eller hennes virksomhet, handel, h\u00e5ndverk eller yrke (\u00abForbrukeren\u00bb).<\/p>\n<p>1.3 Den juridiske garantien varer i 24 m\u00e5neder fra levering av varene til forbrukeren. V\u00e6r oppmerksom p\u00e5 at vilk\u00e5rene fastsatt i de nevnte direktivene ikke gjelder utenfor landene innenfor det europeiske \u00f8konomiske samarbeidsomr\u00e5det som den relevante lokale lovgivningen gjelder.<\/p>\n<p>1.4 Hvis forbrukeren mener at han eller hun har kj\u00f8pt et produkt med en samsvarsfeil, m\u00e5 vedkommende kontakte sin forhandler for \u00e5 bruke den relaterte garantien.<\/p>\n<p>1.5 BESTWAY skal gi garantien for eventuelle samsvarsfeil p\u00e5 produktene til enhver forbruker som kj\u00f8pte produktene direkte fra BESTWAY.<\/p>\t\t\t\t\t\t\t\t<\/div>\n\t\t\t\t<\/div>\n\t\t\t\t<div class=\"elementor-element elementor-element-1fe5510 elementor-widget elementor-widget-heading\" data-id=\"1fe5510\" data-element_type=\"widget\" data-e-type=\"widget\" data-widget_type=\"heading.default\">\n\t\t\t\t<div class=\"elementor-widget-container\">\n\t\t\t\t\t<h2 class=\"elementor-heading-title elementor-size-default\">Produsentens garanti<\/h2>\t\t\t\t<\/div>\n\t\t\t\t<\/div>\n\t\t\t\t<div class=\"elementor-element elementor-element-b5b3ff4 elementor-widget elementor-widget-text-editor\" data-id=\"b5b3ff4\" data-element_type=\"widget\" data-e-type=\"widget\" data-widget_type=\"text-editor.default\">\n\t\t\t\t<div class=\"elementor-widget-container\">\n\t\t\t\t\t\t\t\t\t<p>Uten at det ber\u00f8rer garantiene og rettighetene som er gitt ved lov, og uten at det ber\u00f8rer forbrukerens mulighet til \u00e5 aktivere den ovennevnte juridiske garantien, tilbyr BESTWAY en tilleggsgaranti (\u00abBESTWAY produsentgaranti\u00bb) p\u00e5 manglende samsvar, som gjelder for et begrenset utvalg av produkter.<\/p><p><a href=\"https:\/\/support.bestway.eu\/no-no\/warranty\" target=\"_blank\" rel=\"noopener\">Klikk her<\/a> for \u00e5 finne ut vilk\u00e5rene og betingelsene, utvalget av produkter som dekkes og hvordan du aktiverer den.<\/p>\t\t\t\t\t\t\t\t<\/div>\n\t\t\t\t<\/div>\n\t\t\t\t\t<\/div>\n\t\t\t\t<\/div>\n\t\t\t\t<\/div>\n\t\t","protected":false},"excerpt":{"rendered":"<p>Nedenfor er garantibetingelsene som gjelder for BESTWAY EUROPE S.p.A., med registrert kontor i Via della Resistenza n. 5, San Giuliano Milanese (20098) &#8211; Milano, Italia (heretter kalt \u00abBESTWAY\u00bb), for produkter som selges i Det europeiske \u00f8konomiske samarbeidsomr\u00e5det under merkenavnet BESTWAY. Juridisk garanti 1.1 Den juridiske garantien gis av de europeiske direktivene 1999\/44\/EC og 2019\/771\/EC, som [&hellip;]<\/p>\n","protected":false},"author":9,"featured_media":0,"parent":0,"menu_order":0,"comment_status":"closed","ping_status":"closed","template":"","meta":{"_acf_changed":false,"site-sidebar-layout":"no-sidebar","site-content-layout":"page-builder","ast-site-content-layout":"full-width-container","site-content-style":"default","site-sidebar-style":"default","ast-global-header-display":"","ast-banner-title-visibility":"","ast-main-header-display":"","ast-hfb-above-header-display":"","ast-hfb-below-header-display":"","ast-hfb-mobile-header-display":"","site-post-title":"disabled","ast-breadcrumbs-content":"","ast-featured-img":"disabled","footer-sml-layout":"","ast-disable-related-posts":"","theme-transparent-header-meta":"","adv-header-id-meta":"","stick-header-meta":"","header-above-stick-meta":"","header-main-stick-meta":"","header-below-stick-meta":"","astra-migrate-meta-layouts":"set","ast-page-background-enabled":"default","ast-page-background-meta":{"desktop":{"background-color":"var(--ast-global-color-4)","background-image":"","background-repeat":"repeat","background-position":"center center","background-size":"auto","background-attachment":"scroll","background-type":"","background-media":"","overlay-type":"","overlay-color":"","overlay-opacity":"","overlay-gradient":""},"tablet":{"background-color":"","background-image":"","background-repeat":"repeat","background-position":"center center","background-size":"auto","background-attachment":"scroll","background-type":"","background-media":"","overlay-type":"","overlay-color":"","overlay-opacity":"","overlay-gradient":""},"mobile":{"background-color":"","background-image":"","background-repeat":"repeat","background-position":"center center","background-size":"auto","background-attachment":"scroll","background-type":"","background-media":"","overlay-type":"","overlay-color":"","overlay-opacity":"","overlay-gradient":""}},"ast-content-background-meta":{"desktop":{"background-color":"var(--ast-global-color-5)","background-image":"","background-repeat":"repeat","background-position":"center center","background-size":"auto","background-attachment":"scroll","background-type":"","background-media":"","overlay-type":"","overlay-color":"","overlay-opacity":"","overlay-gradient":""},"tablet":{"background-color":"var(--ast-global-color-5)","background-image":"","background-repeat":"repeat","background-position":"center center","background-size":"auto","background-attachment":"scroll","background-type":"","background-media":"","overlay-type":"","overlay-color":"","overlay-opacity":"","overlay-gradient":""},"mobile":{"background-color":"var(--ast-global-color-5)","background-image":"","background-repeat":"repeat","background-position":"center center","background-size":"auto","background-attachment":"scroll","background-type":"","background-media":"","overlay-type":"","overlay-color":"","overlay-opacity":"","overlay-gradient":""}},"footnotes":""},"class_list":["post-6658","page","type-page","status-publish","hentry"],"acf":[],"yoast_head":"<!-- This site is optimized with the Yoast SEO plugin v27.4 - https:\/\/yoast.com\/product\/yoast-seo-wordpress\/ -->\n<title>Bestway-garanti - Legal<\/title>\n<meta name=\"robots\" content=\"noindex, follow, max-snippet:-1, max-image-preview:large, max-video-preview:-1\" \/>\n<meta property=\"og:locale\" content=\"en_US\" \/>\n<meta property=\"og:type\" content=\"article\" \/>\n<meta property=\"og:title\" content=\"Bestway-garanti - Legal\" \/>\n<meta property=\"og:description\" content=\"Nedenfor er garantibetingelsene som gjelder for BESTWAY EUROPE S.p.A., med registrert kontor i Via della Resistenza n. 5, San Giuliano Milanese (20098) &#8211; Milano, Italia (heretter kalt \u00abBESTWAY\u00bb), for produkter som selges i Det europeiske \u00f8konomiske samarbeidsomr\u00e5det under merkenavnet BESTWAY. Juridisk garanti 1.1 Den juridiske garantien gis av de europeiske direktivene 1999\/44\/EC og 2019\/771\/EC, som [&hellip;]\" \/>\n<meta property=\"og:url\" content=\"https:\/\/legal.bestway.eu\/no-no\/warranty-extension\/\" \/>\n<meta property=\"og:site_name\" content=\"Legal\" \/>\n<meta property=\"article:modified_time\" content=\"2026-02-10T09:59:26+00:00\" \/>\n<meta name=\"twitter:card\" content=\"summary_large_image\" \/>\n<meta name=\"twitter:label1\" content=\"Est. reading time\" \/>\n\t<meta name=\"twitter:data1\" content=\"2 minutes\" \/>\n<script type=\"application\/ld+json\" class=\"yoast-schema-graph\">{\"@context\":\"https:\\\/\\\/schema.org\",\"@graph\":[{\"@type\":\"WebPage\",\"@id\":\"https:\\\/\\\/legal.bestway.eu\\\/no-no\\\/warranty-extension\\\/\",\"url\":\"https:\\\/\\\/legal.bestway.eu\\\/no-no\\\/warranty-extension\\\/\",\"name\":\"Bestway-garanti - Legal\",\"isPartOf\":{\"@id\":\"https:\\\/\\\/legal.bestway.eu\\\/no-no\\\/#website\"},\"datePublished\":\"2023-10-24T09:15:40+00:00\",\"dateModified\":\"2026-02-10T09:59:26+00:00\",\"inLanguage\":\"no-no\",\"potentialAction\":[{\"@type\":\"ReadAction\",\"target\":[\"https:\\\/\\\/legal.bestway.eu\\\/no-no\\\/warranty-extension\\\/\"]}]},{\"@type\":\"WebSite\",\"@id\":\"https:\\\/\\\/legal.bestway.eu\\\/no-no\\\/#website\",\"url\":\"https:\\\/\\\/legal.bestway.eu\\\/no-no\\\/\",\"name\":\"Legal\",\"description\":\"Legal\",\"publisher\":{\"@id\":\"https:\\\/\\\/legal.bestway.eu\\\/no-no\\\/#organization\"},\"potentialAction\":[{\"@type\":\"SearchAction\",\"target\":{\"@type\":\"EntryPoint\",\"urlTemplate\":\"https:\\\/\\\/legal.bestway.eu\\\/no-no\\\/?s={search_term_string}\"},\"query-input\":{\"@type\":\"PropertyValueSpecification\",\"valueRequired\":true,\"valueName\":\"search_term_string\"}}],\"inLanguage\":\"no-no\"},{\"@type\":\"Organization\",\"@id\":\"https:\\\/\\\/legal.bestway.eu\\\/no-no\\\/#organization\",\"name\":\"Legal\",\"url\":\"https:\\\/\\\/legal.bestway.eu\\\/no-no\\\/\",\"logo\":{\"@type\":\"ImageObject\",\"inLanguage\":\"no-no\",\"@id\":\"https:\\\/\\\/legal.bestway.eu\\\/no-no\\\/#\\\/schema\\\/logo\\\/image\\\/\",\"url\":\"https:\\\/\\\/legal.bestway.eu\\\/wp-content\\\/uploads\\\/sites\\\/2\\\/2023\\\/10\\\/bw-white-logo@2x.png\",\"contentUrl\":\"https:\\\/\\\/legal.bestway.eu\\\/wp-content\\\/uploads\\\/sites\\\/2\\\/2023\\\/10\\\/bw-white-logo@2x.png\",\"width\":348,\"height\":138,\"caption\":\"Legal\"},\"image\":{\"@id\":\"https:\\\/\\\/legal.bestway.eu\\\/no-no\\\/#\\\/schema\\\/logo\\\/image\\\/\"}}]}<\/script>\n<!-- \/ Yoast SEO plugin. -->","yoast_head_json":{"title":"Bestway-garanti - Legal","robots":{"index":"noindex","follow":"follow","max-snippet":"max-snippet:-1","max-image-preview":"max-image-preview:large","max-video-preview":"max-video-preview:-1"},"og_locale":"en_US","og_type":"article","og_title":"Bestway-garanti - Legal","og_description":"Nedenfor er garantibetingelsene som gjelder for BESTWAY EUROPE S.p.A., med registrert kontor i Via della Resistenza n. 5, San Giuliano Milanese (20098) &#8211; Milano, Italia (heretter kalt \u00abBESTWAY\u00bb), for produkter som selges i Det europeiske \u00f8konomiske samarbeidsomr\u00e5det under merkenavnet BESTWAY. Juridisk garanti 1.1 Den juridiske garantien gis av de europeiske direktivene 1999\/44\/EC og 2019\/771\/EC, som [&hellip;]","og_url":"https:\/\/legal.bestway.eu\/no-no\/warranty-extension\/","og_site_name":"Legal","article_modified_time":"2026-02-10T09:59:26+00:00","twitter_card":"summary_large_image","twitter_misc":{"Est. reading time":"2 minutes"},"schema":{"@context":"https:\/\/schema.org","@graph":[{"@type":"WebPage","@id":"https:\/\/legal.bestway.eu\/no-no\/warranty-extension\/","url":"https:\/\/legal.bestway.eu\/no-no\/warranty-extension\/","name":"Bestway-garanti - Legal","isPartOf":{"@id":"https:\/\/legal.bestway.eu\/no-no\/#website"},"datePublished":"2023-10-24T09:15:40+00:00","dateModified":"2026-02-10T09:59:26+00:00","inLanguage":"no-no","potentialAction":[{"@type":"ReadAction","target":["https:\/\/legal.bestway.eu\/no-no\/warranty-extension\/"]}]},{"@type":"WebSite","@id":"https:\/\/legal.bestway.eu\/no-no\/#website","url":"https:\/\/legal.bestway.eu\/no-no\/","name":"Legal","description":"Legal","publisher":{"@id":"https:\/\/legal.bestway.eu\/no-no\/#organization"},"potentialAction":[{"@type":"SearchAction","target":{"@type":"EntryPoint","urlTemplate":"https:\/\/legal.bestway.eu\/no-no\/?s={search_term_string}"},"query-input":{"@type":"PropertyValueSpecification","valueRequired":true,"valueName":"search_term_string"}}],"inLanguage":"no-no"},{"@type":"Organization","@id":"https:\/\/legal.bestway.eu\/no-no\/#organization","name":"Legal","url":"https:\/\/legal.bestway.eu\/no-no\/","logo":{"@type":"ImageObject","inLanguage":"no-no","@id":"https:\/\/legal.bestway.eu\/no-no\/#\/schema\/logo\/image\/","url":"https:\/\/legal.bestway.eu\/wp-content\/uploads\/sites\/2\/2023\/10\/bw-white-logo@2x.png","contentUrl":"https:\/\/legal.bestway.eu\/wp-content\/uploads\/sites\/2\/2023\/10\/bw-white-logo@2x.png","width":348,"height":138,"caption":"Legal"},"image":{"@id":"https:\/\/legal.bestway.eu\/no-no\/#\/schema\/logo\/image\/"}}]}},"_links":{"self":[{"href":"https:\/\/legal.bestway.eu\/no-no\/wp-json\/wp\/v2\/pages\/6658","targetHints":{"allow":["GET"]}}],"collection":[{"href":"https:\/\/legal.bestway.eu\/no-no\/wp-json\/wp\/v2\/pages"}],"about":[{"href":"https:\/\/legal.bestway.eu\/no-no\/wp-json\/wp\/v2\/types\/page"}],"author":[{"embeddable":true,"href":"https:\/\/legal.bestway.eu\/no-no\/wp-json\/wp\/v2\/users\/9"}],"replies":[{"embeddable":true,"href":"https:\/\/legal.bestway.eu\/no-no\/wp-json\/wp\/v2\/comments?post=6658"}],"version-history":[{"count":8,"href":"https:\/\/legal.bestway.eu\/no-no\/wp-json\/wp\/v2\/pages\/6658\/revisions"}],"predecessor-version":[{"id":9073,"href":"https:\/\/legal.bestway.eu\/no-no\/wp-json\/wp\/v2\/pages\/6658\/revisions\/9073"}],"wp:attachment":[{"href":"https:\/\/legal.bestway.eu\/no-no\/wp-json\/wp\/v2\/media?parent=6658"}],"curies":[{"name":"wp","href":"https:\/\/api.w.org\/{rel}","templated":true}]}}