{"id":6579,"date":"2023-10-24T12:37:41","date_gmt":"2023-10-24T10:37:41","guid":{"rendered":"https:\/\/legal.bestway.eu\/?page_id=6579"},"modified":"2026-01-19T09:51:58","modified_gmt":"2026-01-19T08:51:58","slug":"privacy-notice","status":"publish","type":"page","link":"https:\/\/legal.bestway.eu\/no-no\/privacy-notice\/","title":{"rendered":"Retningslinjer for personvern &#8211; GDPR"},"content":{"rendered":"\t\t<div data-elementor-type=\"wp-page\" data-elementor-id=\"6579\" class=\"elementor elementor-6579\" data-elementor-post-type=\"page\">\n\t\t\t\t<div class=\"elementor-element elementor-element-4233c87e e-flex e-con-boxed e-con e-parent\" data-id=\"4233c87e\" data-element_type=\"container\" data-e-type=\"container\">\n\t\t\t\t\t<div class=\"e-con-inner\">\n\t\t\t\t<div class=\"elementor-element elementor-element-eeb32c3 elementor-widget elementor-widget-menu-anchor\" data-id=\"eeb32c3\" data-element_type=\"widget\" data-e-type=\"widget\" data-widget_type=\"menu-anchor.default\">\n\t\t\t\t<div class=\"elementor-widget-container\">\n\t\t\t\t\t\t\t<div class=\"elementor-menu-anchor\" id=\"BoxNewsletter\"><\/div>\n\t\t\t\t\t\t<\/div>\n\t\t\t\t<\/div>\n\t\t\t\t<div class=\"elementor-element elementor-element-3c097587 elementor-widget elementor-widget-heading\" data-id=\"3c097587\" data-element_type=\"widget\" data-e-type=\"widget\" data-widget_type=\"heading.default\">\n\t\t\t\t<div class=\"elementor-widget-container\">\n\t\t\t\t\t<h2 class=\"elementor-heading-title elementor-size-default\">Markedsf\u00f8ring<\/h2>\t\t\t\t<\/div>\n\t\t\t\t<\/div>\n\t\t\t\t<div class=\"elementor-element elementor-element-375d8ec elementor-widget elementor-widget-text-editor\" data-id=\"375d8ec\" data-element_type=\"widget\" data-e-type=\"widget\" data-widget_type=\"text-editor.default\">\n\t\t\t\t<div class=\"elementor-widget-container\">\n\t\t\t\t\t\t\t\t\t<p>Retningslinjer i henhold til europeisk forordning 2016\/679 (GDPR) som endringer og tillegg til disse<\/p><p>Datakontroll\u00f8r: BESTWAY EUROPE SPA, med registrerte kontorer i San Giuliano Milanese (Mi), via Resistenza 5 (&#8220;BESTWAY&#8221;), Italia.<\/p><p>DPO: <a href=\"mailto:privacy@bestwaycorp.eu\">privacy@bestwaycorp.eu<\/a><\/p><p>Datakontroll\u00f8ren vil behandle f\u00f8lgende data:<\/p><p>Med forbehold om ditt samtykke ved \u00e5 merke av i den relevante boksen, vil datakontroll\u00f8ren behandle dataene dine for markedsf\u00f8ringsform\u00e5l, for \u00e5 sende deg nyhetsbrev som inneholder informasjon og oppdateringer om BESTWAY-produkter, tjenester, arrangementer og tilbud. Det juridiske grunnlaget for behandlingen av dataene du oppgir er ditt frie og valgfrie samtykke; ethvert avslag p\u00e5 \u00e5 gi slikt samtykke vil bare hindre deg i \u00e5 motta kommunikasjonen beskrevet ovenfor.<\/p><p>Dine data vil bli behandlet p\u00e5 papir og elektronisk i samsvar med gjeldende lovgivning om personvern (EU-forskrift 679\/2016 eller &#8220;GDPR&#8221; med endringer og tillegg). Persondata du oppgir kan avsl\u00f8res til tredjeparter, som personer, forbindelser, profesjonelle selskaper og firmaer som tilbyr konsulenttjenester og st\u00f8ttetjenester og -aktiviteter til BESTWAY (inkludert selskaper i BESTWAY-konsernet som ogs\u00e5 befinner seg i land utenfor EU), i sin kapasitet som databehandlere hvis de er utnevnt til dette og gitt at det er tilstrekkelige garantier om beskyttelse av persondata, kan felles datakontroll\u00f8rer sammen med BESTWAY eller uavhengige datakontroll\u00f8rer, i tillegg til BESTWAYs personale utnevnt som personer med ansvar for behandling, kun for form\u00e5lene som er beskrevet over. Liste over datakontroll\u00f8rer eller databehandlere som dataene kan avsl\u00f8res til, er tilgjengelig ved foresp\u00f8rsel.<\/p><p>Med hensyn til markedsf\u00f8ringsform\u00e5lene vil dataene dine oppbevares i ikke lenger enn 8 \u00e5r fra det tidspunktet du gir din tillatelse. Kunder kan melde seg av nyhetsbrevtjenesten n\u00e5r som helst ved \u00e5 klikke p\u00e5 koblingen &#8220;avslutt abonnement&#8221; i hver e-post eller ved \u00e5 sende en e-post til <a href=\"mailto:privacy@bestwaycorp.eu\">privacy@bestwaycorp.eu<\/a>.<\/p><p>Du kan n\u00e5r som helst ut\u00f8ve dine rettigheter slik disse er angitt i Art. 15 og etterf\u00f8lgende i forskriften, inkludert, spesielt, rett til rettelse, rett til sletting, rett til \u00e5 motsette seg behandling, rett til dataportabilitet og rett til innsending av klager til personvernmyndighet utnevnt i ditt land (<a href=\"https:\/\/edpb.europa.eu\/about-edpb\/board\/members_en\" target=\"_blank\" rel=\"noopener\">https:\/\/edpb.europa.eu\/about-edpb\/board\/members_en<\/a>).<\/p><p>Nevnte rettigheter kan ut\u00f8ves ved \u00e5 sende en e-post til f\u00f8lgende adresse <a href=\"mailto:privacy@bestwaycorp.eu\">privacy@bestwaycorp.eu<\/a><\/p>\t\t\t\t\t\t\t\t<\/div>\n\t\t\t\t<\/div>\n\t\t\t\t\t<\/div>\n\t\t\t\t<\/div>\n\t\t<div class=\"elementor-element elementor-element-fc9e459 e-flex e-con-boxed e-con e-parent\" data-id=\"fc9e459\" data-element_type=\"container\" data-e-type=\"container\">\n\t\t\t\t\t<div class=\"e-con-inner\">\n\t\t\t\t<div class=\"elementor-element elementor-element-4ff1b8f6 elementor-widget elementor-widget-menu-anchor\" data-id=\"4ff1b8f6\" data-element_type=\"widget\" data-e-type=\"widget\" data-widget_type=\"menu-anchor.default\">\n\t\t\t\t<div class=\"elementor-widget-container\">\n\t\t\t\t\t\t\t<div class=\"elementor-menu-anchor\" id=\"Sitoassistenza\"><\/div>\n\t\t\t\t\t\t<\/div>\n\t\t\t\t<\/div>\n\t\t\t\t<div class=\"elementor-element elementor-element-33a4a549 elementor-widget elementor-widget-heading\" data-id=\"33a4a549\" data-element_type=\"widget\" data-e-type=\"widget\" data-widget_type=\"heading.default\">\n\t\t\t\t<div class=\"elementor-widget-container\">\n\t\t\t\t\t<h2 class=\"elementor-heading-title elementor-size-default\">St\u00f8ttenettsted<\/h2>\t\t\t\t<\/div>\n\t\t\t\t<\/div>\n\t\t\t\t<div class=\"elementor-element elementor-element-10d7938d elementor-widget elementor-widget-text-editor\" data-id=\"10d7938d\" data-element_type=\"widget\" data-e-type=\"widget\" data-widget_type=\"text-editor.default\">\n\t\t\t\t<div class=\"elementor-widget-container\">\n\t\t\t\t\t\t\t\t\t<p>Retningslinjer i henhold til europeisk forordning 2016\/679 (GDPR) som endringer og tillegg til disse<\/p>\n<p>Datakontroll\u00f8r: BESTWAY EUROPE SPA, med registrerte kontorer i San Giuliano Milanese (Mi), via Resistenza 5 (&#8220;BESTWAY&#8221;), Italia.<\/p>\n<p>DPO: <a href=\"mailto:privacy@bestwaycorp.eu\">privacy@bestwaycorp.eu<\/a><\/p>\n<p>Datakontroll\u00f8ren vil behandle f\u00f8lgende data:<\/p>\n<p>i) For- og etternavn, e-postadresse, leveringsadresse og telefonnummer,samlet inn gjennom kundeservicesenter og\/eller chatbot<span style=\"font-style: inherit; font-weight: inherit;\">, for \u00e5 gi deg klageadministrasjonstjenesten ved \u00e5 \u00e5pne en personlig konto p\u00e5 BESTWAYs nettsted, tilgjengelig ved \u00e5 oppgi brukernavn og passord, som vil bli kommunisert til deg via e-post, hvor passordet m\u00e5 endres ved f\u00f8rste tilgang, og h\u00e5ndtere og p\u00e5 korrekt vis administrere din rapport om feil service, for administrative og regnskapsmessige form\u00e5l, for oppfyllelse av juridiske og forskriftsmessige forpliktelser.<\/span><\/p>\n<p>ii) for markedsf\u00f8ringsform\u00e5l, for \u00e5 sende deg nyhetsbrev som inneholder informasjon og oppdateringer om BESTWAY-produkter, tjenester, arrangementer og tilbud, med forbehold om ditt samtykke ved \u00e5 krysse av i den aktuelle boksen.<\/p>\n<p>iii) Med forbehold om ditt samtykke ved \u00e5 merke av i den aktuelle boksen, kan informasjon som kj\u00f8nn, aldersgruppe, arbeidsstatus, motivasjon for produktkj\u00f8p, metode for produktkj\u00f8p og antall barn i husholdningen samles inn for statistiske form\u00e5l. Disse dataene samles inn av BESTWAY for \u00e5 f\u00e5 en samlet oversikt over kundene sine uten \u00e5 fors\u00f8ke \u00e5 komme med sp\u00e5dommer eller trekke konklusjoner som er spesifikke for deg, siden form\u00e5let ikke er \u00e5 evaluere individuelle egenskaper.<\/p>\n<p>iv) med ditt samtykke, ved \u00e5 merke av i den aktuelle boksen, kan vi sende deg en foresp\u00f8rsel p\u00e5 e-post om \u00e5 delta i en unders\u00f8kelse om produktene v\u00e5re og din erfaring med \u00e5 bruke dem;<\/p>\n<p>Det rettslige grunnlaget for behandlingen av dataene nevnt i punkt (i) er etablering og gjennomf\u00f8ring av kontraktsmessige\/kommersielle vilk\u00e5r og gjeldende lovbestemmelser; disse dataene er obligatoriske, og avslaget p\u00e5 \u00e5 gi dem kan hindre BESTWAY i \u00e5 oppfylle den forespurte tjenesten. N\u00e5r det gjelder punktene (ii), (iii) og (iv) er det juridiske grunnlaget for denne behandlingen ditt frie og valgfrie samtykke, og ethvert avslag p\u00e5 \u00e5 gi slikt samtykke vil bare forhindre deg i \u00e5 motta de nevnte kommunikasjonene.<\/p>\n<p>Dine data vil bli behandlet p\u00e5 papir og elektronisk i samsvar med gjeldende lovgivning om personvern (EU-forskrift 679\/2016 eller &#8220;GDPR&#8221; med endringer og tillegg). Persondata du oppgir kan avsl\u00f8res til tredjeparter, som personer, forbindelser, profesjonelle selskaper og firmaer som tilbyr konsulenttjenester og st\u00f8ttetjenester og -aktiviteter til BESTWAY (inkludert selskaper i BESTWAY-konsernet som ogs\u00e5 befinner seg i land utenfor EU), i sin kapasitet som databehandlere hvis de er utnevnt til dette og gitt at det er tilstrekkelige garantier om beskyttelse av persondata, kan felles datakontroll\u00f8rer sammen med BESTWAY eller uavhengige datakontroll\u00f8rer, i tillegg til BESTWAYs personale utnevnt som personer med ansvar for behandling, kun for form\u00e5lene som er beskrevet over. Liste over datakontroll\u00f8rer eller databehandlere som dataene kan avsl\u00f8res til, er tilgjengelig ved foresp\u00f8rsel.<\/p>\n<p>For form\u00e5let med klagebehandling beskrevet i (i), vil dataene dine bli oppbevart selv etter opph\u00f8r av det kontraktsmessige\/kommersielle forholdet med BESTWAY for oppfyllelse av alle forpliktelser knyttet til eller som oppst\u00e5r fra inng\u00e5elsen av forholdet, inkludert de som er knyttet til juridiske forpliktelser og foreldelsesregler gitt for dette form\u00e5let av gjeldende lov og i alle tilfeller ikke lenger enn 10 \u00e5r.<\/p>\n<p>Med hensyn til markedsf\u00f8ringsform\u00e5lene beskrevet i (ii), vil dataene dine oppbevares i ikke lenger enn 8 \u00e5r fra det tidspunktet du gir din tillatelse. Kunder kan melde seg av nyhetsbrevtjenesten n\u00e5r som helst ved \u00e5 klikke p\u00e5 koblingen &#8220;avslutt abonnement&#8221; i hver e-post eller ved \u00e5 sende en e-post til <a href=\"mailto:privacy@bestwaycorp.eu\">privacy@bestwaycorp.eu<\/a>.<\/p>\n<p>For form\u00e5let med statistikk og unders\u00f8kelser beskrevet i (iii) og (iv) ovenfor, vil dataene dine lagres i opptil 8 \u00e5r fra datoen vi mottar ditt samtykke.<\/p>\n<p>Du kan n\u00e5r som helst ut\u00f8ve dine rettigheter slik disse er angitt i Art. 15 og etterf\u00f8lgende i forskriften, inkludert, spesielt, rett til rettelse, rett til sletting, rett til \u00e5 motsette seg behandling, rett til dataportabilitet og rett til innsending av klager til personvernmyndighet utnevnt i ditt land (<a href=\"https:\/\/edpb.europa.eu\/about-edpb\/board\/members_en\" target=\"_blank\" rel=\"noopener\">https:\/\/edpb.europa.eu\/about-edpb\/board\/members_en<\/a>).<\/p>\n<p>Nevnte rettigheter kan ut\u00f8ves ved \u00e5 sende en e-post til f\u00f8lgende adresse <a href=\"mailto:privacy@bestwaycorp.eu\">privacy@bestwaycorp.eu<\/a><\/p>\t\t\t\t\t\t\t\t<\/div>\n\t\t\t\t<\/div>\n\t\t\t\t\t<\/div>\n\t\t\t\t<\/div>\n\t\t\t\t<\/div>\n\t\t","protected":false},"excerpt":{"rendered":"<p>Markedsf\u00f8ring Retningslinjer i henhold til europeisk forordning 2016\/679 (GDPR) som endringer og tillegg til disse Datakontroll\u00f8r: BESTWAY EUROPE SPA, med registrerte kontorer i San Giuliano Milanese (Mi), via Resistenza 5 (&#8220;BESTWAY&#8221;), Italia. DPO: privacy@bestwaycorp.eu Datakontroll\u00f8ren vil behandle f\u00f8lgende data: Med forbehold om ditt samtykke ved \u00e5 merke av i den relevante boksen, vil datakontroll\u00f8ren behandle [&hellip;]<\/p>\n","protected":false},"author":9,"featured_media":0,"parent":0,"menu_order":0,"comment_status":"closed","ping_status":"closed","template":"","meta":{"_acf_changed":false,"site-sidebar-layout":"no-sidebar","site-content-layout":"page-builder","ast-site-content-layout":"full-width-container","site-content-style":"default","site-sidebar-style":"default","ast-global-header-display":"","ast-banner-title-visibility":"","ast-main-header-display":"","ast-hfb-above-header-display":"","ast-hfb-below-header-display":"","ast-hfb-mobile-header-display":"","site-post-title":"","ast-breadcrumbs-content":"","ast-featured-img":"disabled","footer-sml-layout":"","ast-disable-related-posts":"","theme-transparent-header-meta":"","adv-header-id-meta":"","stick-header-meta":"","header-above-stick-meta":"","header-main-stick-meta":"","header-below-stick-meta":"","astra-migrate-meta-layouts":"set","ast-page-background-enabled":"default","ast-page-background-meta":{"desktop":{"background-color":"var(--ast-global-color-4)","background-image":"","background-repeat":"repeat","background-position":"center center","background-size":"auto","background-attachment":"scroll","background-type":"","background-media":"","overlay-type":"","overlay-color":"","overlay-opacity":"","overlay-gradient":""},"tablet":{"background-color":"","background-image":"","background-repeat":"repeat","background-position":"center center","background-size":"auto","background-attachment":"scroll","background-type":"","background-media":"","overlay-type":"","overlay-color":"","overlay-opacity":"","overlay-gradient":""},"mobile":{"background-color":"","background-image":"","background-repeat":"repeat","background-position":"center center","background-size":"auto","background-attachment":"scroll","background-type":"","background-media":"","overlay-type":"","overlay-color":"","overlay-opacity":"","overlay-gradient":""}},"ast-content-background-meta":{"desktop":{"background-color":"var(--ast-global-color-5)","background-image":"","background-repeat":"repeat","background-position":"center center","background-size":"auto","background-attachment":"scroll","background-type":"","background-media":"","overlay-type":"","overlay-color":"","overlay-opacity":"","overlay-gradient":""},"tablet":{"background-color":"var(--ast-global-color-5)","background-image":"","background-repeat":"repeat","background-position":"center center","background-size":"auto","background-attachment":"scroll","background-type":"","background-media":"","overlay-type":"","overlay-color":"","overlay-opacity":"","overlay-gradient":""},"mobile":{"background-color":"var(--ast-global-color-5)","background-image":"","background-repeat":"repeat","background-position":"center center","background-size":"auto","background-attachment":"scroll","background-type":"","background-media":"","overlay-type":"","overlay-color":"","overlay-opacity":"","overlay-gradient":""}},"footnotes":""},"class_list":["post-6579","page","type-page","status-publish","hentry"],"acf":[],"yoast_head":"<!-- This site is optimized with the Yoast SEO plugin v27.4 - https:\/\/yoast.com\/product\/yoast-seo-wordpress\/ -->\n<title>Retningslinjer for personvern - GDPR - Legal<\/title>\n<meta name=\"robots\" content=\"noindex, follow, max-snippet:-1, max-image-preview:large, max-video-preview:-1\" \/>\n<meta property=\"og:locale\" content=\"en_US\" \/>\n<meta property=\"og:type\" content=\"article\" \/>\n<meta property=\"og:title\" content=\"Retningslinjer for personvern - GDPR - Legal\" \/>\n<meta property=\"og:description\" content=\"Markedsf\u00f8ring Retningslinjer i henhold til europeisk forordning 2016\/679 (GDPR) som endringer og tillegg til disse Datakontroll\u00f8r: BESTWAY EUROPE SPA, med registrerte kontorer i San Giuliano Milanese (Mi), via Resistenza 5 (&#8220;BESTWAY&#8221;), Italia. DPO: privacy@bestwaycorp.eu Datakontroll\u00f8ren vil behandle f\u00f8lgende data: Med forbehold om ditt samtykke ved \u00e5 merke av i den relevante boksen, vil datakontroll\u00f8ren behandle [&hellip;]\" \/>\n<meta property=\"og:url\" content=\"https:\/\/legal.bestway.eu\/no-no\/privacy-notice\/\" \/>\n<meta property=\"og:site_name\" content=\"Legal\" \/>\n<meta property=\"article:modified_time\" content=\"2026-01-19T08:51:58+00:00\" \/>\n<meta name=\"twitter:card\" content=\"summary_large_image\" \/>\n<meta name=\"twitter:label1\" content=\"Est. reading time\" \/>\n\t<meta name=\"twitter:data1\" content=\"6 minutes\" \/>\n<script type=\"application\/ld+json\" class=\"yoast-schema-graph\">{\"@context\":\"https:\\\/\\\/schema.org\",\"@graph\":[{\"@type\":\"WebPage\",\"@id\":\"https:\\\/\\\/legal.bestway.eu\\\/no-no\\\/privacy-notice\\\/\",\"url\":\"https:\\\/\\\/legal.bestway.eu\\\/no-no\\\/privacy-notice\\\/\",\"name\":\"Retningslinjer for personvern - GDPR - Legal\",\"isPartOf\":{\"@id\":\"https:\\\/\\\/legal.bestway.eu\\\/no-no\\\/#website\"},\"datePublished\":\"2023-10-24T10:37:41+00:00\",\"dateModified\":\"2026-01-19T08:51:58+00:00\",\"inLanguage\":\"no-no\",\"potentialAction\":[{\"@type\":\"ReadAction\",\"target\":[\"https:\\\/\\\/legal.bestway.eu\\\/no-no\\\/privacy-notice\\\/\"]}]},{\"@type\":\"WebSite\",\"@id\":\"https:\\\/\\\/legal.bestway.eu\\\/no-no\\\/#website\",\"url\":\"https:\\\/\\\/legal.bestway.eu\\\/no-no\\\/\",\"name\":\"Legal\",\"description\":\"Legal\",\"publisher\":{\"@id\":\"https:\\\/\\\/legal.bestway.eu\\\/no-no\\\/#organization\"},\"potentialAction\":[{\"@type\":\"SearchAction\",\"target\":{\"@type\":\"EntryPoint\",\"urlTemplate\":\"https:\\\/\\\/legal.bestway.eu\\\/no-no\\\/?s={search_term_string}\"},\"query-input\":{\"@type\":\"PropertyValueSpecification\",\"valueRequired\":true,\"valueName\":\"search_term_string\"}}],\"inLanguage\":\"no-no\"},{\"@type\":\"Organization\",\"@id\":\"https:\\\/\\\/legal.bestway.eu\\\/no-no\\\/#organization\",\"name\":\"Legal\",\"url\":\"https:\\\/\\\/legal.bestway.eu\\\/no-no\\\/\",\"logo\":{\"@type\":\"ImageObject\",\"inLanguage\":\"no-no\",\"@id\":\"https:\\\/\\\/legal.bestway.eu\\\/no-no\\\/#\\\/schema\\\/logo\\\/image\\\/\",\"url\":\"https:\\\/\\\/legal.bestway.eu\\\/wp-content\\\/uploads\\\/sites\\\/2\\\/2023\\\/10\\\/bw-white-logo@2x.png\",\"contentUrl\":\"https:\\\/\\\/legal.bestway.eu\\\/wp-content\\\/uploads\\\/sites\\\/2\\\/2023\\\/10\\\/bw-white-logo@2x.png\",\"width\":348,\"height\":138,\"caption\":\"Legal\"},\"image\":{\"@id\":\"https:\\\/\\\/legal.bestway.eu\\\/no-no\\\/#\\\/schema\\\/logo\\\/image\\\/\"}}]}<\/script>\n<!-- \/ Yoast SEO plugin. -->","yoast_head_json":{"title":"Retningslinjer for personvern - GDPR - Legal","robots":{"index":"noindex","follow":"follow","max-snippet":"max-snippet:-1","max-image-preview":"max-image-preview:large","max-video-preview":"max-video-preview:-1"},"og_locale":"en_US","og_type":"article","og_title":"Retningslinjer for personvern - GDPR - Legal","og_description":"Markedsf\u00f8ring Retningslinjer i henhold til europeisk forordning 2016\/679 (GDPR) som endringer og tillegg til disse Datakontroll\u00f8r: BESTWAY EUROPE SPA, med registrerte kontorer i San Giuliano Milanese (Mi), via Resistenza 5 (&#8220;BESTWAY&#8221;), Italia. DPO: privacy@bestwaycorp.eu Datakontroll\u00f8ren vil behandle f\u00f8lgende data: Med forbehold om ditt samtykke ved \u00e5 merke av i den relevante boksen, vil datakontroll\u00f8ren behandle [&hellip;]","og_url":"https:\/\/legal.bestway.eu\/no-no\/privacy-notice\/","og_site_name":"Legal","article_modified_time":"2026-01-19T08:51:58+00:00","twitter_card":"summary_large_image","twitter_misc":{"Est. reading time":"6 minutes"},"schema":{"@context":"https:\/\/schema.org","@graph":[{"@type":"WebPage","@id":"https:\/\/legal.bestway.eu\/no-no\/privacy-notice\/","url":"https:\/\/legal.bestway.eu\/no-no\/privacy-notice\/","name":"Retningslinjer for personvern - GDPR - Legal","isPartOf":{"@id":"https:\/\/legal.bestway.eu\/no-no\/#website"},"datePublished":"2023-10-24T10:37:41+00:00","dateModified":"2026-01-19T08:51:58+00:00","inLanguage":"no-no","potentialAction":[{"@type":"ReadAction","target":["https:\/\/legal.bestway.eu\/no-no\/privacy-notice\/"]}]},{"@type":"WebSite","@id":"https:\/\/legal.bestway.eu\/no-no\/#website","url":"https:\/\/legal.bestway.eu\/no-no\/","name":"Legal","description":"Legal","publisher":{"@id":"https:\/\/legal.bestway.eu\/no-no\/#organization"},"potentialAction":[{"@type":"SearchAction","target":{"@type":"EntryPoint","urlTemplate":"https:\/\/legal.bestway.eu\/no-no\/?s={search_term_string}"},"query-input":{"@type":"PropertyValueSpecification","valueRequired":true,"valueName":"search_term_string"}}],"inLanguage":"no-no"},{"@type":"Organization","@id":"https:\/\/legal.bestway.eu\/no-no\/#organization","name":"Legal","url":"https:\/\/legal.bestway.eu\/no-no\/","logo":{"@type":"ImageObject","inLanguage":"no-no","@id":"https:\/\/legal.bestway.eu\/no-no\/#\/schema\/logo\/image\/","url":"https:\/\/legal.bestway.eu\/wp-content\/uploads\/sites\/2\/2023\/10\/bw-white-logo@2x.png","contentUrl":"https:\/\/legal.bestway.eu\/wp-content\/uploads\/sites\/2\/2023\/10\/bw-white-logo@2x.png","width":348,"height":138,"caption":"Legal"},"image":{"@id":"https:\/\/legal.bestway.eu\/no-no\/#\/schema\/logo\/image\/"}}]}},"_links":{"self":[{"href":"https:\/\/legal.bestway.eu\/no-no\/wp-json\/wp\/v2\/pages\/6579","targetHints":{"allow":["GET"]}}],"collection":[{"href":"https:\/\/legal.bestway.eu\/no-no\/wp-json\/wp\/v2\/pages"}],"about":[{"href":"https:\/\/legal.bestway.eu\/no-no\/wp-json\/wp\/v2\/types\/page"}],"author":[{"embeddable":true,"href":"https:\/\/legal.bestway.eu\/no-no\/wp-json\/wp\/v2\/users\/9"}],"replies":[{"embeddable":true,"href":"https:\/\/legal.bestway.eu\/no-no\/wp-json\/wp\/v2\/comments?post=6579"}],"version-history":[{"count":16,"href":"https:\/\/legal.bestway.eu\/no-no\/wp-json\/wp\/v2\/pages\/6579\/revisions"}],"predecessor-version":[{"id":8952,"href":"https:\/\/legal.bestway.eu\/no-no\/wp-json\/wp\/v2\/pages\/6579\/revisions\/8952"}],"wp:attachment":[{"href":"https:\/\/legal.bestway.eu\/no-no\/wp-json\/wp\/v2\/media?parent=6579"}],"curies":[{"name":"wp","href":"https:\/\/api.w.org\/{rel}","templated":true}]}}