{"id":6486,"date":"2024-09-09T16:55:17","date_gmt":"2024-09-09T14:55:17","guid":{"rendered":"https:\/\/legal.bestway.eu\/?page_id=6486"},"modified":"2024-10-01T09:25:09","modified_gmt":"2024-10-01T07:25:09","slug":"terms-of-use","status":"publish","type":"page","link":"https:\/\/legal.bestway.eu\/no-no\/terms-of-use\/","title":{"rendered":"Betingelser for bruk"},"content":{"rendered":"\t\t<div data-elementor-type=\"wp-page\" data-elementor-id=\"6486\" class=\"elementor elementor-6486\" data-elementor-post-type=\"page\">\n\t\t\t\t<div class=\"elementor-element elementor-element-7386dff e-con-full e-flex e-con e-parent\" data-id=\"7386dff\" data-element_type=\"container\" data-e-type=\"container\">\n\t\t\t\t<div class=\"elementor-element elementor-element-75882a5 elementor-widget elementor-widget-heading\" data-id=\"75882a5\" data-element_type=\"widget\" data-e-type=\"widget\" data-widget_type=\"heading.default\">\n\t\t\t\t<div class=\"elementor-widget-container\">\n\t\t\t\t\t<h2 class=\"elementor-heading-title elementor-size-default\">Vilk\u00e5r og betingelser for Bestway<\/h2>\t\t\t\t<\/div>\n\t\t\t\t<\/div>\n\t\t\t\t<div class=\"elementor-element elementor-element-2a2d771 elementor-widget elementor-widget-text-editor\" data-id=\"2a2d771\" data-element_type=\"widget\" data-e-type=\"widget\" data-widget_type=\"text-editor.default\">\n\t\t\t\t<div class=\"elementor-widget-container\">\n\t\t\t\t\t\t\t\t\t<p>Disse vilk\u00e5rene styrer<\/p><ul><li>bruken av Bestway, og,<\/li><li>enhver annen relatert Avtale eller juridisk forhold med Eieren<\/li><\/ul><p>p\u00e5 en juridisk bindende m\u00e5te. Ord med store bokstaver er definert i den relevante dedikerte delen av dette dokumentet.<\/p><p>Brukeren m\u00e5 lese dette dokumentet n\u00f8ye.<\/p><h2>Eier av Bestway og relaterte Tjenester<\/h2><p><strong>Bestway Europe S.p.A.<\/strong>, Via Resistenza, 5 20098 San Giuliano Milanese (MI), VAT Number: IT02561670130, og dets\u00a0<a href=\"https:\/\/subsidiaries.bestwaycorp.eu\/bestwaySubsidiaries.html\" target=\"_blank\" rel=\"noopener\">europeiske datterselskaper<\/a><\/p><h2><br \/>Informasjon p\u00e5 Bestway-nettsteder<\/h2><p>Med unntak av e-handelsnettstedet i land der dette er tilgjengelig, kan brukerne ikke kj\u00f8pe produkter eller tjenester p\u00e5 Bestways nettsteder. Brukerne kan se produktkatalogen, s\u00f8ke etter forhandlere av Bestway-produkter og sende foresp\u00f8rsler om kontakt, service eller garantiforlengelse til Bestway.<\/p><h2>Introduksjon<\/h2><h2>\u00a0<\/h2><h3>Dette dokumentet<\/h3><p>Dette dokumentet er en juridisk avtale mellom deg, Brukeren, og enheten som leverer Bestway. Den regulerer din bruk av nettbaserte eiendommer og i alle fall for bruken av tjenestene som tilbys. \u201cJuridisk avtale\u201d betyr at vilk\u00e5rene i denne avtalen er bindende for forholdet mellom deg og oss n\u00e5r du har akseptert vilk\u00e5rene. For enkelhets skyld refererer &#8220;Bruker&#8221;, &#8220;deg&#8221;, &#8220;din&#8221; og lignende termer, enten i entall eller flertall, til deg, Brukeren. &#8220;Vi&#8221;, &#8220;v\u00e5r&#8221;, &#8220;oss&#8221; og lignende termer refererer til selskapet som eier og administrerer Bestway som beskrevet i dette dokumentet. &#8220;Bestway&#8221; refererer til gjeldende nettside og\/eller applikasjon. &#8220;Avtale&#8221; refererer til dette dokumentet, som endret fra tid til annen. Avtalen er inng\u00e5tt p\u00e5 engelsk. Andre definerte termer er angitt i avsnittet kalt &#8220;Definisjoner&#8221; nederst i Avtalen.<\/p><h3>Aksept av denne Avtalen<\/h3><p>For \u00e5 bruke Bestway m\u00e5 du lese denne Avtalen n\u00f8ye og godta den ved \u00e5 klikke p\u00e5 knappen for \u00e5 godta den. Hvis du ikke godtar denne Avtalen, kan du ikke bruke Tjenesten.<\/p><h2>Innhold p\u00e5 Bestway og forbudt bruk av Bestway<\/h2><h2>\u00a0<\/h2><h3>Innhold levert av Brukeren<\/h3><p>Brukere er ansvarlige for sitt eget innhold og det fra tredjeparter som de deler gjennom Bestway, som de laster opp og legger ut p\u00e5 eller gjennom Bestway, eller som de overf\u00f8rer p\u00e5 andre m\u00e5ter. Brukere bekrefter at de har alle n\u00f8dvendige samtykker fra tredjeparter hvis data og\/eller innhold de deler med Eieren og holder herved Eieren skadesl\u00f8s for ethvert ansvar eller krav som oppst\u00e5r mot Eieren i forbindelse med ulovlig distribusjon av tredjepartsinnhold eller ulovlig bruk av Tjenesten.<\/p><p>Eieren modererer ikke innholdet levert av Brukere eller av tredjeparter, men vil handle hvis det mottas klager fra Brukere eller hvis det gis ordre fra offentlige myndigheter ang\u00e5ende innhold som anses som st\u00f8tende eller ulovlig.<\/p><p>Spesielt kan Eieren bestemme seg for \u00e5 suspendere eller avbryte visualiseringen av innhold i tilfelle:<\/p><ul><li>andre Brukere sender inn klager;<\/li><li>en melding om brudd p\u00e5 immaterielle rettigheter er mottatt;<\/li><li>det er besluttet \u00e5 gj\u00f8re det i lys av, eller som et resultat av, rettslige handlinger;<\/li><li>nevnte handling er anmodet av en offentlig myndighet; eller<\/li><li>hvis det antas at innholdet, mens det er tilgjengelig via Bestway, kan sette Brukerne, tredjeparter, tilgjengeligheten til Tjenesten og\/eller Eieren i fare.<\/li><\/ul><h3>Rettigheter over innhold levert av Brukere<\/h3><p>De eneste rettighetene som gis til Eieren i forhold til innhold levert av Brukere er de som er n\u00f8dvendige for \u00e5 drive og vedlikeholde Bestway.<\/p><p>Med mindre annet er oppgitt, gjelder f\u00f8lgende:<\/p><p>Ved \u00e5 sende inn, legge ut eller vise innhold p\u00e5 eller gjennom Bestway, gir Brukeren en lisens til Eieren uten territorielle begrensninger, ikke-eksklusiv, royaltyfri og med rett til \u00e5 underlisensiere, bruke, kopiere, reprodusere, behandle, tilpasse, modifisere, publisere, overf\u00f8re, vise og distribuere slikt innhold i alle medier eller via distribusjonsmetoder som er tilgjengelige eller utviklet senere.<\/p><h3>Innhold levert av tredjeparter<\/h3><p>Eieren modererer ikke innholdet eller lenkene levert av tredjeparter f\u00f8r de publiseres p\u00e5 Bestway. Eieren er ikke ansvarlig for innholdet levert av tredjeparter eller for tilgjengeligheten.<\/p><h3>Tjenester levert av tredjeparter<\/h3><p>Brukere kan bruke tredjepartstjenester eller innhold inkludert i Bestway, men de m\u00e5 v\u00e6re klar over disse tredjepartenes vilk\u00e5r og betingelser og ha gitt samtykke til dem. Under ingen omstendigheter vil Eieren bli ansett som ansvarlig i forhold til riktig funksjonalitet eller tilgjengelighet, eller begge deler, av tredjepartstjenester.<\/p><h3>Forbudt bruk<\/h3><p>Tjenesten skal kun brukes i samsvar med disse Vilk\u00e5rene.<\/p><p>Brukere kan ikke:<\/p><ul><li>omvendt konstruere, dekompilere, demontere, modifisere eller lage avledede verk basert p\u00e5 Bestway eller deler av det;<\/li><li>omg\u00e5 all teknologi som brukes av Bestway eller dets lisensgivere for \u00e5 beskytte innhold som er tilgjengelig via det;<\/li><li>kopiere, lagre, redigere, endre, forberede noe avledet arbeid av eller p\u00e5 noen m\u00e5te endre noe av innholdet som tilbys gjennom Bestway;<\/li><li>bruke en hvilken som helst robot, edderkopp, applikasjon for nettsteds\u00f8k\/henting eller annen automatisert enhet, prosess eller midler for \u00e5 f\u00e5 tilgang til, hente, skrape eller indeksere deler av Bestway eller dets innhold;<\/li><li>leie, lease eller underlisensiere Bestway;<\/li><li>\u00e6rekrenke, misbruke, trakassere, bruke truende praksis, true eller krenke andres juridiske rettigheter p\u00e5 noen annen m\u00e5te (som rettigheter til privatliv og publisitet);<\/li><li>spre eller publisere innhold som er ulovlig, uanstendig, illegitimt, \u00e6rekrenkende eller upassende;<\/li><li>misbruke en konto som er i bruk av en annen Bruker;<\/li><li>registrere eller bruke Tjenesten for \u00e5 henvende seg til Brukerne for \u00e5 markedsf\u00f8re, selge eller annonsere produkter eller tjenester av noe slag gjennom Bestway p\u00e5 noen m\u00e5te;<\/li><li>bruke Bestway p\u00e5 annen upassende m\u00e5te som bryter Vilk\u00e5rene.<\/li><\/ul><h2>Skadel\u00f8sholdelse og ansvarsbegrensning<\/h2><h3>Skadeerstatning<\/h3><p>Brukeren godtar \u00e5 holde Eieren og dens datterselskaper, tilknyttede selskaper, ledere, direkt\u00f8rer, agenter, co-branders, partnere og ansatte skadesl\u00f8s fra og mot ethvert krav, inkludert uten begrensning, rimelige advokatgebyrer og -kostnader, gjort av en tredjepart p\u00e5 grunn av eller som f\u00f8lge av Brukerens innhold, bruk av eller tilknytning til Tjenesten, brudd p\u00e5 disse Vilk\u00e5rene eller brudd p\u00e5 tredjeparts rettigheter.<\/p><h3>Ansvarsbegrensninger<\/h3><p>Bestway og alle funksjoner som er tilgjengelige gjennom Bestway, gj\u00f8res tilgjengelig for Brukerne under vilk\u00e5rene og betingelsene i Avtalen, uten noen garanti, uttrykt eller underforst\u00e5tt, som ikke er p\u00e5krevd ved lov. Spesielt er det ingen garanti for egnethet av tjenestene som tilbys for Brukerens spesifikke m\u00e5l.<\/p><p>Bestway og funksjoner tilgjengelig gjennom Bestway brukes av Brukerne p\u00e5 egen risiko og p\u00e5 eget ansvar.<\/p><p>Spesielt er eieren, innenfor gjeldende lovs grenser, ansvarlig for kontraktsmessige og ikke-kontraktmessige skader til Brukere eller tredjeparter kun ved forsett eller grov uaktsomhet, n\u00e5r disse er umiddelbare og direkte konsekvenser av Bestways aktivitet. Derfor skal Eieren ikke v\u00e6re ansvarlig for:<\/p><ul><li>eventuelle tap som ikke er en direkte konsekvens av brudd p\u00e5 Avtalen fra Eieren;<\/li><li>ethvert tap av forretningsmuligheter og ethvert annet tap, selv indirekte, som kan p\u00e5dras av Brukeren (som, men ikke begrenset til, tap av omsetning, inntektstap, fortjeneste eller forventede besparelser, tap av kontrakter eller forretningsforhold, tap av omd\u00f8mme eller goodwill, etc.);<\/li><li>skader eller tap som f\u00f8lge av avbrudd eller funksjonsfeil i Bestway p\u00e5 grunn av force majeure-handlinger, eller i det minste uforutsette og uforutsigbare hendelser, og i alle fall uavhengig av viljen og utenfor Eierens kontroll, som f.eks. ikke begrenset til, feil eller forstyrrelser av telefon- eller str\u00f8mlinjer, Internett og\/eller andre overf\u00f8ringsm\u00e5ter, utilgjengelighet av nettsider, streik, naturkatastrofer, virus og cyberangrep, avbrudd i leveringen av produkter, tredjepartstjenester eller applikasjoner; og<\/li><li>feil eller uegnet bruk av Bestway av Brukere eller tredjeparter.<\/li><\/ul><h2>Diverse<\/h2><h2>\u00a0<\/h2><h3>Tjenesteavbrudd<\/h3><p>For \u00e5 garantere Brukerne best mulig bruk av Tjenesten, forbeholder Eieren seg retten til \u00e5 avbryte tjenesten for vedlikehold eller systemoppdateringer, og informere Brukerne gjennom konstante oppdateringer publisert p\u00e5 Bestway.<\/p><h3>Videresalg av tjenester<\/h3><p>Brukere har ikke lov til \u00e5 reprodusere, duplisere, kopiere, selge, videreselge eller utnytte noen del av Bestway og Tjenesten uten Eierens uttrykkelige skriftlige forh\u00e5ndstillatelse, gitt enten direkte eller gjennom et riktig videresalgsprogram.<\/p><h3>Personvernerkl\u00e6ring<\/h3><p>For informasjon om bruken av deres personopplysninger, m\u00e5 Brukere se personvernreglene til Bestway som herved anses \u00e5 v\u00e6re en del av disse Vilk\u00e5rene.<\/p><h3>Immaterielle rettigheter<\/h3><p>Alle varemerker, nominelle eller figurative, og alle andre merker, handelsnavn, tjenestemerker, ordmerker, illustrasjoner, bilder eller logoer som vises ang\u00e5ende Bestway, er og forblir den eksklusive eiendommen til Eieren eller dens lisensgivere og er beskyttet av gjeldende lover om varemerker og relaterte internasjonale traktater.<\/p><p>Alle varemerker og alle andre merker, varenavn, tjenestemerker, ordmerker, varemerker, illustrasjoner, bilder, logoer ang\u00e5ende tredjeparter og innhold lagt ut av slike tredjeparter p\u00e5 Bestway er og forblir den eksklusive eiendommen til slike tredjeparter og deres lisensgivere, og er beskyttet av gjeldende varemerkelover og relevante internasjonale traktater. Eieren eier ikke de nevnte immaterielle rettighetene og kan bare bruke dem innenfor grensene og i samsvar med kontraktene som er inng\u00e5tt med slike tredjeparter og for form\u00e5lene som er skissert her.<\/p><h3>Programvarelisens<\/h3><p>Bestway gir Brukerne en tilbakekallelig, personlig, verdensomspennende, royaltyfri, ikke-overdragbar og ikke-eksklusiv lisens til \u00e5 bruke programvaren og\/eller andre tekniske midler innebygd i Tjenesten levert av Bestway. Denne lisensen er utelukkende for \u00e5 gj\u00f8re det mulig for Brukere \u00e5 bruke Tjenesten og ved \u00e5 gj\u00f8re det innenfor grensene og i samsvar med denne Avtalen og\/eller andre gjeldende regler.<\/p><p>Brukeren er p\u00e5lagt \u00e5 bruke Tjenesten i samsvar med Eierens immaterielle og industrielle rettigheter.<\/p><p>Programvaren knyttet til Tjenesten, som enhver annen opphavsrett eller andre immaterielle rettigheter, er den eksklusive eiendommen til Eieren og\/eller dens lisensgivere. Brukeren erverver ingen rettigheter eller tittel med hensyn til Programvaren, og erkjenner at bruken av den er ikke-eksklusiv og ikke kan overdras, kun for varigheten av tjenestebruken, via ekstern tilkobling, via Internett, for levering av Tjenester iht. denne Avtalen.<\/p><p>Retten til \u00e5 bruke Programvaren gir ingen rettigheter til den originale kildekoden. Alle teknikker, algoritmer og prosedyrer i Programvaren og deres dokumentasjon er informasjon beskyttet av opphavsrett og er den eneste eiendommen til Eieren eller dens lisensgivere, og kan derfor ikke brukes p\u00e5 noen m\u00e5te av Brukeren til andre form\u00e5l enn de som er angitt i denne Avtalen.<\/p><p>Alle rettigheter og lisenstildelinger til Brukeren skal umiddelbart avsluttes ved oppsigelse eller utl\u00f8p av denne Avtalen.<\/p><h3>Endringer i disse Vilk\u00e5rene<\/h3><p>Eieren forbeholder seg retten til \u00e5 endre disse Vilk\u00e5rene n\u00e5r som helst, og informere Brukerne ved \u00e5 publisere en melding i Bestway.<\/p><p>Brukere som fortsetter \u00e5 bruke Bestway etter publisering av endringene godtar de nye Vilk\u00e5rene i sin helhet.<\/p><h3>Overdragelse av kontrakt<\/h3><p>Eieren forbeholder seg retten til \u00e5 overf\u00f8re, tildele, disponere ved novasjon eller sette ut alle eller noen rettigheter eller forpliktelser under disse Vilk\u00e5rene, s\u00e5 lenge Brukerens rettigheter under Vilk\u00e5rene ikke p\u00e5virkes.<\/p><p>Brukere kan ikke tildele eller overf\u00f8re sine rettigheter eller forpliktelser under disse Vilk\u00e5rene p\u00e5 noen m\u00e5te uten skriftlig tillatelse fra Eieren.<\/p><h3>Kontakter<\/h3><p>All kommunikasjon knyttet til Bestway m\u00e5 sendes ved hjelp av kontaktene som er oppgitt i dette dokumentet.<\/p><h3>Skillbarhet<\/h3><p>Hvis noen bestemmelse i disse Vilk\u00e5rene er ugyldige eller ikke kan h\u00e5ndheves, vil den klausulen bli fjernet og de gjenv\u00e6rende bestemmelsene skal ikke p\u00e5virkes, og de vil forbli i kraft.<\/p><h3>Gjeldende lov og jurisdiksjon<\/h3><p>Disse Vilk\u00e5rene og enhver tvist ang\u00e5ende implementering, tolkning og gyldighet av denne avtalen er underlagt loven, jurisdiksjonen til staten og den eksklusive jurisdiksjonen til domstolene der Eieren har sitt registrerte kontor.<\/p><p>Et unntak fra denne regelen gjelder i tilfeller der loven gir en eneste verneting for forbrukere.<\/p><h2>Definisjoner og juridiske referanser<\/h2><h4>Bestway (eller denne applikasjonen)<\/h4><h4>\u00a0<\/h4><p>Eiendommen som muliggj\u00f8r levering av Tjenesten.<\/p><h4>Avtale<\/h4><p>Ethvert juridisk bindende eller kontraktsmessig forhold mellom Eieren og Brukeren, styrt av disse Vilk\u00e5rene.<\/p><h4>Eier (eller Vi)<\/h4><p>Indikerer den\/de fysiske personen\/personene eller juridiske enheten som leverer Bestway og\/eller Tjenesten til Brukere.<\/p><h4>Tjeneste<\/h4><p>Tjenesten levert av Bestway som beskrevet i disse Vilk\u00e5rene og p\u00e5 Bestway.<\/p><h4>Vilk\u00e5r<\/h4><p>Alle bestemmelser som gjelder bruken av Bestway og\/eller Tjenesten som beskrevet i dette dokumentet, inkludert andre relaterte dokumenter eller avtaler, og som oppdateres fra tid til annen.<\/p><h4>Bruker (eller Deg)<\/h4><p>Indikerer enhver fysisk person eller juridisk enhet som bruker Bestway.<\/p>\t\t\t\t\t\t\t\t<\/div>\n\t\t\t\t<\/div>\n\t\t\t\t<\/div>\n\t\t\t\t<\/div>\n\t\t","protected":false},"excerpt":{"rendered":"<p>Vilk\u00e5r og betingelser for Bestway Disse vilk\u00e5rene styrer bruken av Bestway, og, enhver annen relatert Avtale eller juridisk forhold med Eieren p\u00e5 en juridisk bindende m\u00e5te. Ord med store bokstaver er definert i den relevante dedikerte delen av dette dokumentet. Brukeren m\u00e5 lese dette dokumentet n\u00f8ye. Eier av Bestway og relaterte Tjenester Bestway Europe S.p.A., [&hellip;]<\/p>\n","protected":false},"author":9,"featured_media":0,"parent":0,"menu_order":0,"comment_status":"closed","ping_status":"closed","template":"","meta":{"_acf_changed":false,"site-sidebar-layout":"no-sidebar","site-content-layout":"page-builder","ast-site-content-layout":"full-width-container","site-content-style":"default","site-sidebar-style":"default","ast-global-header-display":"","ast-banner-title-visibility":"","ast-main-header-display":"","ast-hfb-above-header-display":"","ast-hfb-below-header-display":"","ast-hfb-mobile-header-display":"","site-post-title":"disabled","ast-breadcrumbs-content":"","ast-featured-img":"disabled","footer-sml-layout":"","ast-disable-related-posts":"","theme-transparent-header-meta":"","adv-header-id-meta":"","stick-header-meta":"","header-above-stick-meta":"","header-main-stick-meta":"","header-below-stick-meta":"","astra-migrate-meta-layouts":"set","ast-page-background-enabled":"default","ast-page-background-meta":{"desktop":{"background-color":"var(--ast-global-color-4)","background-image":"","background-repeat":"repeat","background-position":"center center","background-size":"auto","background-attachment":"scroll","background-type":"","background-media":"","overlay-type":"","overlay-color":"","overlay-opacity":"","overlay-gradient":""},"tablet":{"background-color":"","background-image":"","background-repeat":"repeat","background-position":"center center","background-size":"auto","background-attachment":"scroll","background-type":"","background-media":"","overlay-type":"","overlay-color":"","overlay-opacity":"","overlay-gradient":""},"mobile":{"background-color":"","background-image":"","background-repeat":"repeat","background-position":"center center","background-size":"auto","background-attachment":"scroll","background-type":"","background-media":"","overlay-type":"","overlay-color":"","overlay-opacity":"","overlay-gradient":""}},"ast-content-background-meta":{"desktop":{"background-color":"var(--ast-global-color-5)","background-image":"","background-repeat":"repeat","background-position":"center center","background-size":"auto","background-attachment":"scroll","background-type":"","background-media":"","overlay-type":"","overlay-color":"","overlay-opacity":"","overlay-gradient":""},"tablet":{"background-color":"var(--ast-global-color-5)","background-image":"","background-repeat":"repeat","background-position":"center center","background-size":"auto","background-attachment":"scroll","background-type":"","background-media":"","overlay-type":"","overlay-color":"","overlay-opacity":"","overlay-gradient":""},"mobile":{"background-color":"var(--ast-global-color-5)","background-image":"","background-repeat":"repeat","background-position":"center center","background-size":"auto","background-attachment":"scroll","background-type":"","background-media":"","overlay-type":"","overlay-color":"","overlay-opacity":"","overlay-gradient":""}},"footnotes":""},"class_list":["post-6486","page","type-page","status-publish","hentry"],"acf":[],"yoast_head":"<!-- This site is optimized with the Yoast SEO plugin v27.4 - https:\/\/yoast.com\/product\/yoast-seo-wordpress\/ -->\n<title>Betingelser for bruk - Legal<\/title>\n<meta name=\"robots\" content=\"noindex, follow, max-snippet:-1, max-image-preview:large, max-video-preview:-1\" \/>\n<meta property=\"og:locale\" content=\"en_US\" \/>\n<meta property=\"og:type\" content=\"article\" \/>\n<meta property=\"og:title\" content=\"Betingelser for bruk - Legal\" \/>\n<meta property=\"og:description\" content=\"Vilk\u00e5r og betingelser for Bestway Disse vilk\u00e5rene styrer bruken av Bestway, og, enhver annen relatert Avtale eller juridisk forhold med Eieren p\u00e5 en juridisk bindende m\u00e5te. Ord med store bokstaver er definert i den relevante dedikerte delen av dette dokumentet. Brukeren m\u00e5 lese dette dokumentet n\u00f8ye. Eier av Bestway og relaterte Tjenester Bestway Europe S.p.A., [&hellip;]\" \/>\n<meta property=\"og:url\" content=\"https:\/\/legal.bestway.eu\/no-no\/terms-of-use\/\" \/>\n<meta property=\"og:site_name\" content=\"Legal\" \/>\n<meta property=\"article:modified_time\" content=\"2024-10-01T07:25:09+00:00\" \/>\n<meta name=\"twitter:card\" content=\"summary_large_image\" \/>\n<meta name=\"twitter:label1\" content=\"Est. reading time\" \/>\n\t<meta name=\"twitter:data1\" content=\"11 minutes\" \/>\n<script type=\"application\/ld+json\" class=\"yoast-schema-graph\">{\"@context\":\"https:\\\/\\\/schema.org\",\"@graph\":[{\"@type\":\"WebPage\",\"@id\":\"https:\\\/\\\/legal.bestway.eu\\\/no-no\\\/terms-of-use\\\/\",\"url\":\"https:\\\/\\\/legal.bestway.eu\\\/no-no\\\/terms-of-use\\\/\",\"name\":\"Betingelser for bruk - Legal\",\"isPartOf\":{\"@id\":\"https:\\\/\\\/legal.bestway.eu\\\/no-no\\\/#website\"},\"datePublished\":\"2024-09-09T14:55:17+00:00\",\"dateModified\":\"2024-10-01T07:25:09+00:00\",\"inLanguage\":\"no-no\",\"potentialAction\":[{\"@type\":\"ReadAction\",\"target\":[\"https:\\\/\\\/legal.bestway.eu\\\/no-no\\\/terms-of-use\\\/\"]}]},{\"@type\":\"WebSite\",\"@id\":\"https:\\\/\\\/legal.bestway.eu\\\/no-no\\\/#website\",\"url\":\"https:\\\/\\\/legal.bestway.eu\\\/no-no\\\/\",\"name\":\"Legal\",\"description\":\"Legal\",\"publisher\":{\"@id\":\"https:\\\/\\\/legal.bestway.eu\\\/no-no\\\/#organization\"},\"potentialAction\":[{\"@type\":\"SearchAction\",\"target\":{\"@type\":\"EntryPoint\",\"urlTemplate\":\"https:\\\/\\\/legal.bestway.eu\\\/no-no\\\/?s={search_term_string}\"},\"query-input\":{\"@type\":\"PropertyValueSpecification\",\"valueRequired\":true,\"valueName\":\"search_term_string\"}}],\"inLanguage\":\"no-no\"},{\"@type\":\"Organization\",\"@id\":\"https:\\\/\\\/legal.bestway.eu\\\/no-no\\\/#organization\",\"name\":\"Legal\",\"url\":\"https:\\\/\\\/legal.bestway.eu\\\/no-no\\\/\",\"logo\":{\"@type\":\"ImageObject\",\"inLanguage\":\"no-no\",\"@id\":\"https:\\\/\\\/legal.bestway.eu\\\/no-no\\\/#\\\/schema\\\/logo\\\/image\\\/\",\"url\":\"https:\\\/\\\/legal.bestway.eu\\\/wp-content\\\/uploads\\\/sites\\\/2\\\/2023\\\/10\\\/bw-white-logo@2x.png\",\"contentUrl\":\"https:\\\/\\\/legal.bestway.eu\\\/wp-content\\\/uploads\\\/sites\\\/2\\\/2023\\\/10\\\/bw-white-logo@2x.png\",\"width\":348,\"height\":138,\"caption\":\"Legal\"},\"image\":{\"@id\":\"https:\\\/\\\/legal.bestway.eu\\\/no-no\\\/#\\\/schema\\\/logo\\\/image\\\/\"}}]}<\/script>\n<!-- \/ Yoast SEO plugin. -->","yoast_head_json":{"title":"Betingelser for bruk - Legal","robots":{"index":"noindex","follow":"follow","max-snippet":"max-snippet:-1","max-image-preview":"max-image-preview:large","max-video-preview":"max-video-preview:-1"},"og_locale":"en_US","og_type":"article","og_title":"Betingelser for bruk - Legal","og_description":"Vilk\u00e5r og betingelser for Bestway Disse vilk\u00e5rene styrer bruken av Bestway, og, enhver annen relatert Avtale eller juridisk forhold med Eieren p\u00e5 en juridisk bindende m\u00e5te. Ord med store bokstaver er definert i den relevante dedikerte delen av dette dokumentet. Brukeren m\u00e5 lese dette dokumentet n\u00f8ye. Eier av Bestway og relaterte Tjenester Bestway Europe S.p.A., [&hellip;]","og_url":"https:\/\/legal.bestway.eu\/no-no\/terms-of-use\/","og_site_name":"Legal","article_modified_time":"2024-10-01T07:25:09+00:00","twitter_card":"summary_large_image","twitter_misc":{"Est. reading time":"11 minutes"},"schema":{"@context":"https:\/\/schema.org","@graph":[{"@type":"WebPage","@id":"https:\/\/legal.bestway.eu\/no-no\/terms-of-use\/","url":"https:\/\/legal.bestway.eu\/no-no\/terms-of-use\/","name":"Betingelser for bruk - Legal","isPartOf":{"@id":"https:\/\/legal.bestway.eu\/no-no\/#website"},"datePublished":"2024-09-09T14:55:17+00:00","dateModified":"2024-10-01T07:25:09+00:00","inLanguage":"no-no","potentialAction":[{"@type":"ReadAction","target":["https:\/\/legal.bestway.eu\/no-no\/terms-of-use\/"]}]},{"@type":"WebSite","@id":"https:\/\/legal.bestway.eu\/no-no\/#website","url":"https:\/\/legal.bestway.eu\/no-no\/","name":"Legal","description":"Legal","publisher":{"@id":"https:\/\/legal.bestway.eu\/no-no\/#organization"},"potentialAction":[{"@type":"SearchAction","target":{"@type":"EntryPoint","urlTemplate":"https:\/\/legal.bestway.eu\/no-no\/?s={search_term_string}"},"query-input":{"@type":"PropertyValueSpecification","valueRequired":true,"valueName":"search_term_string"}}],"inLanguage":"no-no"},{"@type":"Organization","@id":"https:\/\/legal.bestway.eu\/no-no\/#organization","name":"Legal","url":"https:\/\/legal.bestway.eu\/no-no\/","logo":{"@type":"ImageObject","inLanguage":"no-no","@id":"https:\/\/legal.bestway.eu\/no-no\/#\/schema\/logo\/image\/","url":"https:\/\/legal.bestway.eu\/wp-content\/uploads\/sites\/2\/2023\/10\/bw-white-logo@2x.png","contentUrl":"https:\/\/legal.bestway.eu\/wp-content\/uploads\/sites\/2\/2023\/10\/bw-white-logo@2x.png","width":348,"height":138,"caption":"Legal"},"image":{"@id":"https:\/\/legal.bestway.eu\/no-no\/#\/schema\/logo\/image\/"}}]}},"_links":{"self":[{"href":"https:\/\/legal.bestway.eu\/no-no\/wp-json\/wp\/v2\/pages\/6486","targetHints":{"allow":["GET"]}}],"collection":[{"href":"https:\/\/legal.bestway.eu\/no-no\/wp-json\/wp\/v2\/pages"}],"about":[{"href":"https:\/\/legal.bestway.eu\/no-no\/wp-json\/wp\/v2\/types\/page"}],"author":[{"embeddable":true,"href":"https:\/\/legal.bestway.eu\/no-no\/wp-json\/wp\/v2\/users\/9"}],"replies":[{"embeddable":true,"href":"https:\/\/legal.bestway.eu\/no-no\/wp-json\/wp\/v2\/comments?post=6486"}],"version-history":[{"count":4,"href":"https:\/\/legal.bestway.eu\/no-no\/wp-json\/wp\/v2\/pages\/6486\/revisions"}],"predecessor-version":[{"id":6491,"href":"https:\/\/legal.bestway.eu\/no-no\/wp-json\/wp\/v2\/pages\/6486\/revisions\/6491"}],"wp:attachment":[{"href":"https:\/\/legal.bestway.eu\/no-no\/wp-json\/wp\/v2\/media?parent=6486"}],"curies":[{"name":"wp","href":"https:\/\/api.w.org\/{rel}","templated":true}]}}