{"id":8699,"date":"2025-06-09T15:47:15","date_gmt":"2025-06-09T13:47:15","guid":{"rendered":"https:\/\/legal.bestway.eu\/accessibility\/"},"modified":"2025-06-23T09:54:07","modified_gmt":"2025-06-23T07:54:07","slug":"accessibility","status":"publish","type":"page","link":"https:\/\/legal.bestway.eu\/lv-lv\/accessibility\/","title":{"rendered":"Pieejam\u012bba"},"content":{"rendered":"\t\t<div data-elementor-type=\"wp-page\" data-elementor-id=\"8699\" class=\"elementor elementor-8699\" data-elementor-post-type=\"page\">\n\t\t\t\t<div class=\"elementor-element elementor-element-5b5bf09 e-flex e-con-boxed e-con e-parent\" data-id=\"5b5bf09\" data-element_type=\"container\" data-e-type=\"container\">\n\t\t\t\t\t<div class=\"e-con-inner\">\n\t\t\t\t<div class=\"elementor-element elementor-element-febc057 elementor-widget elementor-widget-text-editor\" data-id=\"febc057\" data-element_type=\"widget\" data-e-type=\"widget\" data-widget_type=\"text-editor.default\">\n\t\t\t\t<div class=\"elementor-widget-container\">\n\t\t\t\t\t\t\t\t\t<p>M\u0113s uzskat\u0101m, ka internetam j\u0101b\u016bt pieejamam ikvienam, un m\u0113s esam ap\u0146\u0113mu\u0161ies nodro\u0161in\u0101t t\u012bmek\u013ca vietni, kas ir pieejama p\u0113c iesp\u0113jas pla\u0161\u0101kai auditorijai.<\/p><p>M\u0113s parasti iev\u0113rojam Pasaules t\u012bmek\u013ca konsorcija (W3C) t\u012bmek\u013ca satura pieejam\u012bbas vadl\u012bnijas 2.1 (WCAG 2.1). \u0160aj\u0101s vadl\u012bnij\u0101s ir paskaidrots, k\u0101 padar\u012bt t\u012bmek\u013ca saturu pieejamu pla\u0161am lietot\u0101ju lokam ar da\u017e\u0101d\u0101m vajadz\u012bb\u0101m. \u0160o vadl\u012bniju iev\u0113ro\u0161ana pal\u012bdz mums nodro\u0161in\u0101t, ka m\u016bsu t\u012bmek\u013ca vietnes ir pieejamas p\u0113c iesp\u0113jas pla\u0161\u0101kam cilv\u0113ku skaitam.<\/p>\t\t\t\t\t\t\t\t<\/div>\n\t\t\t\t<\/div>\n\t\t\t\t<div class=\"elementor-element elementor-element-a41cc72 elementor-widget elementor-widget-heading\" data-id=\"a41cc72\" data-element_type=\"widget\" data-e-type=\"widget\" data-widget_type=\"heading.default\">\n\t\t\t\t<div class=\"elementor-widget-container\">\n\t\t\t\t\t<h2 class=\"elementor-heading-title elementor-size-default\">Pieejam\u012bbas pazi\u0146ojumi<\/h2>\t\t\t\t<\/div>\n\t\t\t\t<\/div>\n\t\t\t\t<div class=\"elementor-element elementor-element-dd82ffd elementor-widget elementor-widget-n-accordion\" data-id=\"dd82ffd\" data-element_type=\"widget\" data-e-type=\"widget\" data-settings=\"{&quot;max_items_expended&quot;:&quot;multiple&quot;,&quot;default_state&quot;:&quot;expanded&quot;,&quot;n_accordion_animation_duration&quot;:{&quot;unit&quot;:&quot;ms&quot;,&quot;size&quot;:400,&quot;sizes&quot;:[]}}\" data-widget_type=\"nested-accordion.default\">\n\t\t\t\t<div class=\"elementor-widget-container\">\n\t\t\t\t\t\t\t<div class=\"e-n-accordion\" aria-label=\"Accordion. Open links with Enter or Space, close with Escape, and navigate with Arrow Keys\">\n\t\t\t\t\t\t<details id=\"e-n-accordion-item-2320\" class=\"e-n-accordion-item\" open>\n\t\t\t\t<summary class=\"e-n-accordion-item-title\" data-accordion-index=\"1\" tabindex=\"0\" aria-expanded=\"true\" aria-controls=\"e-n-accordion-item-2320\" >\n\t\t\t\t\t<span class='e-n-accordion-item-title-header'><div class=\"e-n-accordion-item-title-text\"> Atbalsta vietne (support.bestway.eu) <\/div><\/span>\n\t\t\t\t\t\t\t<span class='e-n-accordion-item-title-icon'>\n\t\t\t<span class='e-opened' ><i aria-hidden=\"true\" class=\"fas fa-minus\"><\/i><\/span>\n\t\t\t<span class='e-closed'><i aria-hidden=\"true\" class=\"fas fa-plus\"><\/i><\/span>\n\t\t<\/span>\n\n\t\t\t\t\t\t<\/summary>\n\t\t\t\t<div role=\"region\" aria-labelledby=\"e-n-accordion-item-2320\" class=\"elementor-element elementor-element-0ab357d e-con-full e-flex e-con e-child\" data-id=\"0ab357d\" data-element_type=\"container\" data-e-type=\"container\">\n\t\t\t\t<div class=\"elementor-element elementor-element-7f3cfd0 elementor-widget elementor-widget-text-editor\" data-id=\"7f3cfd0\" data-element_type=\"widget\" data-e-type=\"widget\" data-widget_type=\"text-editor.default\">\n\t\t\t\t<div class=\"elementor-widget-container\">\n\t\t\t\t\t\t\t\t\t<p data-start=\"105\" data-end=\"179\"><strong data-start=\"105\" data-end=\"179\">\u0160is piek\u013c\u016bstam\u012bbas pazi\u0146ojums attiecas uz: https:\/\/support.bestway.eu.<\/strong><\/p><p data-start=\"181\" data-end=\"355\"><strong data-start=\"181\" data-end=\"224\">Atbilst\u012bbas statuss: Da\u013c\u0113ji atbilsto\u0161s.<\/strong><br data-start=\"224\" data-end=\"227\" \/>\u0160\u012b vietne da\u013c\u0113ji atbilst UNI CEI EN 301549 standarta A pielikuma pras\u012bb\u0101m, \u0146emot v\u0113r\u0101 zem\u0101k uzskait\u012btos neatbilst\u012bbas gad\u012bjumus.<\/p><p data-start=\"497\" data-end=\"537\"><strong data-start=\"497\" data-end=\"535\">1.1.1 \u2013 Nesatur teksta alternat\u012bvu<\/strong><\/p><ul data-start=\"538\" data-end=\"829\"><li data-start=\"538\" data-end=\"620\"><p data-start=\"540\" data-end=\"620\">Da\u017eiem att\u0113liem tr\u016bkst <code data-start=\"563\" data-end=\"568\">alt<\/code> atrib\u016bta vai alternat\u012bvais teksts nav apraksto\u0161s.<\/p><\/li><li data-start=\"621\" data-end=\"704\"><p data-start=\"623\" data-end=\"704\">Da\u017eiem <code data-start=\"630\" data-end=\"638\">iframe<\/code> tr\u016bkst teksta alternat\u012bvas, piem\u0113ram, <code data-start=\"677\" data-end=\"684\">title<\/code> vai <code data-start=\"689\" data-end=\"701\">aria-label<\/code>.<\/p><\/li><li data-start=\"705\" data-end=\"829\"><p data-start=\"707\" data-end=\"829\">Da\u017ei tikai vizu\u0101lai noform\u0113\u0161anai paredz\u0113ti elementi nav pareizi mar\u0137\u0113ti ar <code data-start=\"782\" data-end=\"803\">role=\"presentation\"<\/code> vai <code data-start=\"808\" data-end=\"828\">aria-hidden=\"true\"<\/code>.<\/p><\/li><\/ul><p data-start=\"831\" data-end=\"870\"><strong data-start=\"831\" data-end=\"868\">1.3.1 \u2013 Inform\u0101cija un attiec\u012bbas<\/strong><\/p><ul data-start=\"871\" data-end=\"1239\"><li data-start=\"871\" data-end=\"971\"><p data-start=\"873\" data-end=\"971\">Vair\u0101ki konteineru elementi DOM strukt\u016br\u0101 ir tuk\u0161i, k\u0101 rezult\u0101t\u0101 izveidojas nesemantisks saturs.<\/p><\/li><li data-start=\"972\" data-end=\"1063\"><p data-start=\"974\" data-end=\"1063\">Da\u017eiem formas laukiem nav saist\u012btu eti\u0137e\u0161u, izmantojot <code data-start=\"1029\" data-end=\"1038\">&lt;label&gt;<\/code> vai <code data-start=\"1043\" data-end=\"1060\">aria-labelledby<\/code>.<\/p><\/li><li data-start=\"1064\" data-end=\"1110\"><p data-start=\"1066\" data-end=\"1110\">Da\u013cai teksta tr\u016bkst ARIA lomu vai \u012bpa\u0161\u012bbu.<\/p><\/li><li data-start=\"1111\" data-end=\"1239\"><p data-start=\"1113\" data-end=\"1239\">Da\u017eos dokumentos nav izmantoti semantiskie virsrakstu mar\u0137\u0113jumi (<code data-start=\"1178\" data-end=\"1187\">heading<\/code>), kas apgr\u016btina piek\u013c\u016bstam\u012bbu ar pal\u012bgtehnolo\u0123ij\u0101m.<\/p><\/li><\/ul><p data-start=\"1241\" data-end=\"1325\"><strong data-start=\"1241\" data-end=\"1323\">1.3.2 \/ 2.1.1 \/ 2.4.3 \u2013 Noz\u012bm\u012bga sec\u012bba, piek\u013cuve ar tastat\u016bru, fokusa k\u0101rt\u012bba<\/strong><\/p><ul data-start=\"1326\" data-end=\"1469\"><li data-start=\"1326\" data-end=\"1469\"><p data-start=\"1328\" data-end=\"1469\">Da\u017eos dokumentos las\u012b\u0161anas un navig\u0101cijas k\u0101rt\u012bba neatbilst vizu\u0101lajam izk\u0101rtojumam, apgr\u016btinot izmanto\u0161anu ar tastat\u016bru vai ekr\u0101na las\u012bt\u0101ju.<\/p><\/li><\/ul><p data-start=\"1471\" data-end=\"1507\"><strong data-start=\"1471\" data-end=\"1505\">1.4.3 \u2013 Kontrasts (minim\u0101lais)<\/strong><\/p><ul data-start=\"1508\" data-end=\"1607\"><li data-start=\"1508\" data-end=\"1607\"><p data-start=\"1510\" data-end=\"1607\">Da\u017eiem elementiem starp tekstu un fonu nav pietiekamas kr\u0101su kontrasta attiec\u012bbas (vismaz 4.5:1).<\/p><\/li><\/ul><p data-start=\"1609\" data-end=\"1640\"><strong data-start=\"1609\" data-end=\"1638\">1.4.4 \u2013 Teksta m\u0113rogo\u0161ana<\/strong><\/p><ul data-start=\"1641\" data-end=\"1709\"><li data-start=\"1641\" data-end=\"1709\"><p data-start=\"1643\" data-end=\"1709\">Teksts da\u017ek\u0101rt tiek apgriezts vai p\u0101rkl\u0101jas, kad tiek palielin\u0101ts.<\/p><\/li><\/ul><p data-start=\"1711\" data-end=\"1754\"><strong data-start=\"1711\" data-end=\"1752\">1.4.10 \u2013 Satura p\u0101rk\u0101rto\u0161ana (Reflow)<\/strong><\/p><ul data-start=\"1755\" data-end=\"1863\"><li data-start=\"1755\" data-end=\"1863\"><p data-start=\"1757\" data-end=\"1863\">Da\u017eas lapas vai komponentes nepareizi apstr\u0101d\u0101 m\u0113rogo\u0161anu vai izk\u0101rtojuma mai\u0146u, radot vizu\u0101las probl\u0113mas.<\/p><\/li><\/ul><p data-start=\"1865\" data-end=\"1900\"><strong data-start=\"1865\" data-end=\"1898\">2.4.1 \u2013 Izlaist satura blokus<\/strong><\/p><ul data-start=\"1901\" data-end=\"1977\"><li data-start=\"1901\" data-end=\"1977\"><p data-start=\"1903\" data-end=\"1977\">Da\u017e\u0101s lap\u0101s nav pieejamas tastat\u016brai paredz\u0113tas saites \u201cP\u0101riet uz saturu\u201d.<\/p><\/li><\/ul><p data-start=\"1979\" data-end=\"2009\"><strong data-start=\"1979\" data-end=\"2007\">2.4.2 \u2013 Lapas virsraksts<\/strong><\/p><ul data-start=\"2010\" data-end=\"2102\"><li data-start=\"2010\" data-end=\"2102\"><p data-start=\"2012\" data-end=\"2102\">Da\u013cai dokumentu metadatos tr\u016bkst virsraksta, kas samazina to atpaz\u012bstam\u012bbu pal\u012bgr\u012bku vid\u0113.<\/p><\/li><\/ul><p data-start=\"2104\" data-end=\"2143\"><strong data-start=\"2104\" data-end=\"2141\">2.4.4 \u2013 Saites nol\u016bks (kontekst\u0101)<\/strong><\/p><ul data-start=\"2144\" data-end=\"2194\"><li data-start=\"2144\" data-end=\"2194\"><p data-start=\"2146\" data-end=\"2194\">Da\u017e\u0101m sait\u0113m nav noz\u012bm\u012bga vai apraksto\u0161a teksta.<\/p><\/li><\/ul><p data-start=\"2196\" data-end=\"2232\"><strong data-start=\"2196\" data-end=\"2230\">2.4.6 \u2013 Virsraksti un eti\u0137etes<\/strong><\/p><ul data-start=\"2233\" data-end=\"2294\"><li data-start=\"2233\" data-end=\"2294\"><p data-start=\"2235\" data-end=\"2294\">Da\u017e\u0101s lap\u0101s tr\u016bkst semantisku virsrakstu vai <code data-start=\"2280\" data-end=\"2288\">header<\/code> tagu.<\/p><\/li><\/ul><p data-start=\"2296\" data-end=\"2322\"><strong data-start=\"2296\" data-end=\"2320\">3.1.1 \u2013 Lapas valoda<\/strong><\/p><ul data-start=\"2323\" data-end=\"2412\"><li data-start=\"2323\" data-end=\"2412\"><p data-start=\"2325\" data-end=\"2412\">Dokument\u0101 nav iestat\u012bta noklus\u0113juma valoda, kas trauc\u0113 ekr\u0101na las\u012bt\u0101ju pareizu darb\u012bbu.<\/p><\/li><\/ul><p data-start=\"2414\" data-end=\"2452\"><strong data-start=\"2414\" data-end=\"2450\">4.1.2 \u2013 Nosaukums, loma, v\u0113rt\u012bba<\/strong><\/p><ul data-start=\"2453\" data-end=\"2586\"><li data-start=\"2453\" data-end=\"2520\"><p data-start=\"2455\" data-end=\"2520\">Vair\u0101kiem pogu elementiem nav teksta eti\u0137etes vai <code data-start=\"2505\" data-end=\"2517\">aria-label<\/code>.<\/p><\/li><li data-start=\"2521\" data-end=\"2586\"><p data-start=\"2523\" data-end=\"2586\">Da\u017eiem ARIA atrib\u016btiem ir neder\u012bgas vai neatbilsto\u0161as v\u0113rt\u012bbas.<\/p><\/li><\/ul>\t\t\t\t\t\t\t\t<\/div>\n\t\t\t\t<\/div>\n\t\t\t\t<\/div>\n\t\t\t\t\t<\/details>\n\t\t\t\t\t<\/div>\n\t\t\t\t\t\t<\/div>\n\t\t\t\t<\/div>\n\t\t\t\t<div class=\"elementor-element elementor-element-3003df7 elementor-widget elementor-widget-heading\" data-id=\"3003df7\" data-element_type=\"widget\" data-e-type=\"widget\" data-widget_type=\"heading.default\">\n\t\t\t\t<div class=\"elementor-widget-container\">\n\t\t\t\t\t<h2 class=\"elementor-heading-title elementor-size-default\">Koment\u0101ri un atsauksmes<\/h2>\t\t\t\t<\/div>\n\t\t\t\t<\/div>\n\t\t\t\t<div class=\"elementor-element elementor-element-2b49daa elementor-widget elementor-widget-text-editor\" data-id=\"2b49daa\" data-element_type=\"widget\" data-e-type=\"widget\" data-widget_type=\"text-editor.default\">\n\t\t\t\t<div class=\"elementor-widget-container\">\n\t\t\t\t\t\t\t\t\t<p><span style=\"font-size: 16px;\">M\u0113s izstr\u0101d\u0101jam savas vietnes, cen\u0161oties iev\u0113rot digit\u0101l\u0101s pieejam\u012bbas krit\u0113rijus, ta\u010du joproj\u0101m var b\u016bt lapas vai sada\u013cas, kas nav piln\u012bb\u0101 pieejamas, ir pieejam\u012bbas proces\u0101 vai kur\u0101m tr\u016bkst atbilsto\u0161a tehnolo\u0123isk\u0101 risin\u0101juma, lai t\u0101s padar\u012btu pieejamas. Lai sa\u0146emtu atsauksmes vai zi\u0146ojumus, rakstiet uz <\/span><a style=\"font-size: 16px; background-color: #ffffff;\" href=\"mailto:accessibility@bestwaycorp.eu\"><strong>accessibility@bestwaycorp.eu<\/strong><\/a><\/p>\t\t\t\t\t\t\t\t<\/div>\n\t\t\t\t<\/div>\n\t\t\t\t\t<\/div>\n\t\t\t\t<\/div>\n\t\t\t\t<\/div>\n\t\t","protected":false},"excerpt":{"rendered":"<p>M\u0113s uzskat\u0101m, ka internetam j\u0101b\u016bt pieejamam ikvienam, un m\u0113s esam ap\u0146\u0113mu\u0161ies nodro\u0161in\u0101t t\u012bmek\u013ca vietni, kas ir pieejama p\u0113c iesp\u0113jas pla\u0161\u0101kai auditorijai. M\u0113s parasti iev\u0113rojam Pasaules t\u012bmek\u013ca konsorcija (W3C) t\u012bmek\u013ca satura pieejam\u012bbas vadl\u012bnijas 2.1 (WCAG 2.1). \u0160aj\u0101s vadl\u012bnij\u0101s ir paskaidrots, k\u0101 padar\u012bt t\u012bmek\u013ca saturu pieejamu pla\u0161am lietot\u0101ju lokam ar da\u017e\u0101d\u0101m vajadz\u012bb\u0101m. \u0160o vadl\u012bniju iev\u0113ro\u0161ana pal\u012bdz mums [&hellip;]<\/p>\n","protected":false},"author":1,"featured_media":0,"parent":0,"menu_order":0,"comment_status":"closed","ping_status":"closed","template":"","meta":{"_acf_changed":false,"site-sidebar-layout":"no-sidebar","site-content-layout":"page-builder","ast-site-content-layout":"full-width-container","site-content-style":"default","site-sidebar-style":"default","ast-global-header-display":"","ast-banner-title-visibility":"","ast-main-header-display":"","ast-hfb-above-header-display":"","ast-hfb-below-header-display":"","ast-hfb-mobile-header-display":"","site-post-title":"disabled","ast-breadcrumbs-content":"","ast-featured-img":"disabled","footer-sml-layout":"","ast-disable-related-posts":"","theme-transparent-header-meta":"","adv-header-id-meta":"","stick-header-meta":"","header-above-stick-meta":"","header-main-stick-meta":"","header-below-stick-meta":"","astra-migrate-meta-layouts":"set","ast-page-background-enabled":"default","ast-page-background-meta":{"desktop":{"background-color":"var(--ast-global-color-4)","background-image":"","background-repeat":"repeat","background-position":"center center","background-size":"auto","background-attachment":"scroll","background-type":"","background-media":"","overlay-type":"","overlay-color":"","overlay-opacity":"","overlay-gradient":""},"tablet":{"background-color":"","background-image":"","background-repeat":"repeat","background-position":"center center","background-size":"auto","background-attachment":"scroll","background-type":"","background-media":"","overlay-type":"","overlay-color":"","overlay-opacity":"","overlay-gradient":""},"mobile":{"background-color":"","background-image":"","background-repeat":"repeat","background-position":"center center","background-size":"auto","background-attachment":"scroll","background-type":"","background-media":"","overlay-type":"","overlay-color":"","overlay-opacity":"","overlay-gradient":""}},"ast-content-background-meta":{"desktop":{"background-color":"var(--ast-global-color-5)","background-image":"","background-repeat":"repeat","background-position":"center center","background-size":"auto","background-attachment":"scroll","background-type":"","background-media":"","overlay-type":"","overlay-color":"","overlay-opacity":"","overlay-gradient":""},"tablet":{"background-color":"var(--ast-global-color-5)","background-image":"","background-repeat":"repeat","background-position":"center center","background-size":"auto","background-attachment":"scroll","background-type":"","background-media":"","overlay-type":"","overlay-color":"","overlay-opacity":"","overlay-gradient":""},"mobile":{"background-color":"var(--ast-global-color-5)","background-image":"","background-repeat":"repeat","background-position":"center center","background-size":"auto","background-attachment":"scroll","background-type":"","background-media":"","overlay-type":"","overlay-color":"","overlay-opacity":"","overlay-gradient":""}},"footnotes":""},"class_list":["post-8699","page","type-page","status-publish","hentry"],"acf":[],"yoast_head":"<!-- This site is optimized with the Yoast SEO plugin v27.6 - https:\/\/yoast.com\/product\/yoast-seo-wordpress\/ -->\n<title>Pieejam\u012bba - Legal<\/title>\n<meta name=\"robots\" content=\"noindex, follow, max-snippet:-1, max-image-preview:large, max-video-preview:-1\" \/>\n<meta property=\"og:locale\" content=\"lv_LV\" \/>\n<meta property=\"og:type\" content=\"article\" \/>\n<meta property=\"og:title\" content=\"Pieejam\u012bba - Legal\" \/>\n<meta property=\"og:description\" content=\"M\u0113s uzskat\u0101m, ka internetam j\u0101b\u016bt pieejamam ikvienam, un m\u0113s esam ap\u0146\u0113mu\u0161ies nodro\u0161in\u0101t t\u012bmek\u013ca vietni, kas ir pieejama p\u0113c iesp\u0113jas pla\u0161\u0101kai auditorijai. M\u0113s parasti iev\u0113rojam Pasaules t\u012bmek\u013ca konsorcija (W3C) t\u012bmek\u013ca satura pieejam\u012bbas vadl\u012bnijas 2.1 (WCAG 2.1). \u0160aj\u0101s vadl\u012bnij\u0101s ir paskaidrots, k\u0101 padar\u012bt t\u012bmek\u013ca saturu pieejamu pla\u0161am lietot\u0101ju lokam ar da\u017e\u0101d\u0101m vajadz\u012bb\u0101m. \u0160o vadl\u012bniju iev\u0113ro\u0161ana pal\u012bdz mums [&hellip;]\" \/>\n<meta property=\"og:url\" content=\"https:\/\/legal.bestway.eu\/lv-lv\/accessibility\/\" \/>\n<meta property=\"og:site_name\" content=\"Legal\" \/>\n<meta property=\"article:modified_time\" content=\"2025-06-23T07:54:07+00:00\" \/>\n<meta name=\"twitter:card\" content=\"summary_large_image\" \/>\n<meta name=\"twitter:label1\" content=\"Est. reading time\" \/>\n\t<meta name=\"twitter:data1\" content=\"4 minutes\" \/>\n<script type=\"application\/ld+json\" class=\"yoast-schema-graph\">{\"@context\":\"https:\\\/\\\/schema.org\",\"@graph\":[{\"@type\":\"WebPage\",\"@id\":\"https:\\\/\\\/legal.bestway.eu\\\/lv-lv\\\/accessibility\\\/\",\"url\":\"https:\\\/\\\/legal.bestway.eu\\\/lv-lv\\\/accessibility\\\/\",\"name\":\"Pieejam\u012bba - Legal\",\"isPartOf\":{\"@id\":\"https:\\\/\\\/legal.bestway.eu\\\/lv-lv\\\/#website\"},\"datePublished\":\"2025-06-09T13:47:15+00:00\",\"dateModified\":\"2025-06-23T07:54:07+00:00\",\"inLanguage\":\"lv-lv\",\"potentialAction\":[{\"@type\":\"ReadAction\",\"target\":[\"https:\\\/\\\/legal.bestway.eu\\\/lv-lv\\\/accessibility\\\/\"]}]},{\"@type\":\"WebSite\",\"@id\":\"https:\\\/\\\/legal.bestway.eu\\\/lv-lv\\\/#website\",\"url\":\"https:\\\/\\\/legal.bestway.eu\\\/lv-lv\\\/\",\"name\":\"Legal\",\"description\":\"Legal\",\"publisher\":{\"@id\":\"https:\\\/\\\/legal.bestway.eu\\\/lv-lv\\\/#organization\"},\"potentialAction\":[{\"@type\":\"SearchAction\",\"target\":{\"@type\":\"EntryPoint\",\"urlTemplate\":\"https:\\\/\\\/legal.bestway.eu\\\/lv-lv\\\/?s={search_term_string}\"},\"query-input\":{\"@type\":\"PropertyValueSpecification\",\"valueRequired\":true,\"valueName\":\"search_term_string\"}}],\"inLanguage\":\"lv-lv\"},{\"@type\":\"Organization\",\"@id\":\"https:\\\/\\\/legal.bestway.eu\\\/lv-lv\\\/#organization\",\"name\":\"Legal\",\"url\":\"https:\\\/\\\/legal.bestway.eu\\\/lv-lv\\\/\",\"logo\":{\"@type\":\"ImageObject\",\"inLanguage\":\"lv-lv\",\"@id\":\"https:\\\/\\\/legal.bestway.eu\\\/lv-lv\\\/#\\\/schema\\\/logo\\\/image\\\/\",\"url\":\"https:\\\/\\\/legal.bestway.eu\\\/wp-content\\\/uploads\\\/sites\\\/2\\\/2023\\\/10\\\/bw-white-logo@2x.png\",\"contentUrl\":\"https:\\\/\\\/legal.bestway.eu\\\/wp-content\\\/uploads\\\/sites\\\/2\\\/2023\\\/10\\\/bw-white-logo@2x.png\",\"width\":348,\"height\":138,\"caption\":\"Legal\"},\"image\":{\"@id\":\"https:\\\/\\\/legal.bestway.eu\\\/lv-lv\\\/#\\\/schema\\\/logo\\\/image\\\/\"}}]}<\/script>\n<!-- \/ Yoast SEO plugin. -->","yoast_head_json":{"title":"Pieejam\u012bba - Legal","robots":{"index":"noindex","follow":"follow","max-snippet":"max-snippet:-1","max-image-preview":"max-image-preview:large","max-video-preview":"max-video-preview:-1"},"og_locale":"lv_LV","og_type":"article","og_title":"Pieejam\u012bba - Legal","og_description":"M\u0113s uzskat\u0101m, ka internetam j\u0101b\u016bt pieejamam ikvienam, un m\u0113s esam ap\u0146\u0113mu\u0161ies nodro\u0161in\u0101t t\u012bmek\u013ca vietni, kas ir pieejama p\u0113c iesp\u0113jas pla\u0161\u0101kai auditorijai. M\u0113s parasti iev\u0113rojam Pasaules t\u012bmek\u013ca konsorcija (W3C) t\u012bmek\u013ca satura pieejam\u012bbas vadl\u012bnijas 2.1 (WCAG 2.1). \u0160aj\u0101s vadl\u012bnij\u0101s ir paskaidrots, k\u0101 padar\u012bt t\u012bmek\u013ca saturu pieejamu pla\u0161am lietot\u0101ju lokam ar da\u017e\u0101d\u0101m vajadz\u012bb\u0101m. \u0160o vadl\u012bniju iev\u0113ro\u0161ana pal\u012bdz mums [&hellip;]","og_url":"https:\/\/legal.bestway.eu\/lv-lv\/accessibility\/","og_site_name":"Legal","article_modified_time":"2025-06-23T07:54:07+00:00","twitter_card":"summary_large_image","twitter_misc":{"Est. reading time":"4 minutes"},"schema":{"@context":"https:\/\/schema.org","@graph":[{"@type":"WebPage","@id":"https:\/\/legal.bestway.eu\/lv-lv\/accessibility\/","url":"https:\/\/legal.bestway.eu\/lv-lv\/accessibility\/","name":"Pieejam\u012bba - Legal","isPartOf":{"@id":"https:\/\/legal.bestway.eu\/lv-lv\/#website"},"datePublished":"2025-06-09T13:47:15+00:00","dateModified":"2025-06-23T07:54:07+00:00","inLanguage":"lv-lv","potentialAction":[{"@type":"ReadAction","target":["https:\/\/legal.bestway.eu\/lv-lv\/accessibility\/"]}]},{"@type":"WebSite","@id":"https:\/\/legal.bestway.eu\/lv-lv\/#website","url":"https:\/\/legal.bestway.eu\/lv-lv\/","name":"Legal","description":"Legal","publisher":{"@id":"https:\/\/legal.bestway.eu\/lv-lv\/#organization"},"potentialAction":[{"@type":"SearchAction","target":{"@type":"EntryPoint","urlTemplate":"https:\/\/legal.bestway.eu\/lv-lv\/?s={search_term_string}"},"query-input":{"@type":"PropertyValueSpecification","valueRequired":true,"valueName":"search_term_string"}}],"inLanguage":"lv-lv"},{"@type":"Organization","@id":"https:\/\/legal.bestway.eu\/lv-lv\/#organization","name":"Legal","url":"https:\/\/legal.bestway.eu\/lv-lv\/","logo":{"@type":"ImageObject","inLanguage":"lv-lv","@id":"https:\/\/legal.bestway.eu\/lv-lv\/#\/schema\/logo\/image\/","url":"https:\/\/legal.bestway.eu\/wp-content\/uploads\/sites\/2\/2023\/10\/bw-white-logo@2x.png","contentUrl":"https:\/\/legal.bestway.eu\/wp-content\/uploads\/sites\/2\/2023\/10\/bw-white-logo@2x.png","width":348,"height":138,"caption":"Legal"},"image":{"@id":"https:\/\/legal.bestway.eu\/lv-lv\/#\/schema\/logo\/image\/"}}]}},"_links":{"self":[{"href":"https:\/\/legal.bestway.eu\/lv-lv\/wp-json\/wp\/v2\/pages\/8699","targetHints":{"allow":["GET"]}}],"collection":[{"href":"https:\/\/legal.bestway.eu\/lv-lv\/wp-json\/wp\/v2\/pages"}],"about":[{"href":"https:\/\/legal.bestway.eu\/lv-lv\/wp-json\/wp\/v2\/types\/page"}],"author":[{"embeddable":true,"href":"https:\/\/legal.bestway.eu\/lv-lv\/wp-json\/wp\/v2\/users\/1"}],"replies":[{"embeddable":true,"href":"https:\/\/legal.bestway.eu\/lv-lv\/wp-json\/wp\/v2\/comments?post=8699"}],"version-history":[{"count":4,"href":"https:\/\/legal.bestway.eu\/lv-lv\/wp-json\/wp\/v2\/pages\/8699\/revisions"}],"predecessor-version":[{"id":8703,"href":"https:\/\/legal.bestway.eu\/lv-lv\/wp-json\/wp\/v2\/pages\/8699\/revisions\/8703"}],"wp:attachment":[{"href":"https:\/\/legal.bestway.eu\/lv-lv\/wp-json\/wp\/v2\/media?parent=8699"}],"curies":[{"name":"wp","href":"https:\/\/api.w.org\/{rel}","templated":true}]}}