{"id":7341,"date":"2023-10-24T11:15:40","date_gmt":"2023-10-24T09:15:40","guid":{"rendered":"https:\/\/legal.bestway.eu\/?page_id=7341"},"modified":"2026-02-10T10:55:44","modified_gmt":"2026-02-10T09:55:44","slug":"warranty-extension","status":"publish","type":"page","link":"https:\/\/legal.bestway.eu\/lv-lv\/warranty-extension\/","title":{"rendered":"Bestway garantija"},"content":{"rendered":"\t\t<div data-elementor-type=\"wp-page\" data-elementor-id=\"7341\" class=\"elementor elementor-7341\" data-elementor-post-type=\"page\">\n\t\t\t\t<div class=\"elementor-element elementor-element-201a7b e-flex e-con-boxed e-con e-parent\" data-id=\"201a7b\" data-element_type=\"container\" data-e-type=\"container\">\n\t\t\t\t\t<div class=\"e-con-inner\">\n\t\t\t\t<div class=\"elementor-element elementor-element-3862fa4 elementor-widget elementor-widget-text-editor\" data-id=\"3862fa4\" data-element_type=\"widget\" data-e-type=\"widget\" data-widget_type=\"text-editor.default\">\n\t\t\t\t<div class=\"elementor-widget-container\">\n\t\t\t\t\t\t\t\t\t<p><span class=\"jCAhz ChMk0b\"><span class=\"ryNqvb\">T\u0101l\u0101k ir nor\u0101d\u012bti garantijas noteikumi, ko piem\u0113ro BESTWAY EUROPE S.p.A., kura juridisk\u0101 adrese ir Via della Resistenza n.<\/span><\/span> <span class=\"jCAhz ChMk0b\"><span class=\"ryNqvb\">5, San Giuliano Milanese (20098)\u00a0\u2014 Mil\u0101na, It\u0101lija (turpm\u0101k \u201cBESTWAY\u201d) par produktiem, kas tiek p\u0101rdoti Eiropas Ekonomikas zon\u0101 ar z\u012bmolu BESTWAY.<\/span><\/span><\/p>\t\t\t\t\t\t\t\t<\/div>\n\t\t\t\t<\/div>\n\t\t\t\t\t<\/div>\n\t\t\t\t<\/div>\n\t\t<div class=\"elementor-element elementor-element-2d7f1d1b e-flex e-con-boxed e-con e-parent\" data-id=\"2d7f1d1b\" data-element_type=\"container\" data-e-type=\"container\">\n\t\t\t\t\t<div class=\"e-con-inner\">\n\t\t\t\t<div class=\"elementor-element elementor-element-7112739 elementor-widget elementor-widget-heading\" data-id=\"7112739\" data-element_type=\"widget\" data-e-type=\"widget\" data-widget_type=\"heading.default\">\n\t\t\t\t<div class=\"elementor-widget-container\">\n\t\t\t\t\t<h2 class=\"elementor-heading-title elementor-size-default\">Juridisk\u0101 garantija<\/h2>\t\t\t\t<\/div>\n\t\t\t\t<\/div>\n\t\t\t\t<div class=\"elementor-element elementor-element-0f3351f elementor-widget elementor-widget-text-editor\" data-id=\"0f3351f\" data-element_type=\"widget\" data-e-type=\"widget\" data-widget_type=\"text-editor.default\">\n\t\t\t\t<div class=\"elementor-widget-container\">\n\t\t\t\t\t\t\t\t\t<p><style>\na {\n    text-decoration: none;\n    color: #464feb;\n}\ntr th, tr td {\n    border: 1px solid #e6e6e6;\n}\ntr th {\n    background-color: #f5f5f5;\n}\n<\/style><\/p><div><p><strong>1.1<\/strong> Likuma garantiju nosaka Eiropas Direkt\u012bvas 1999\/44\/EK un 2019\/771\/ES, kuru m\u0113r\u0137is ir aizsarg\u0101t Pat\u0113r\u0113t\u0101ju, k\u0101 defin\u0113ts turpm\u0101k, gad\u012bjumos, kad ieg\u0101d\u0101t\u0101s preces (\u201cProdukti\u201d) neatbilst l\u012bguma noteikumiem vai ir ar neatbilst\u012bbas tr\u016bkumiem.<\/p><p><strong>1.2<\/strong> Saska\u0146\u0101 ar min\u0113taj\u0101m Eiropas Direkt\u012bv\u0101m par Pat\u0113r\u0113t\u0101ju tiek uzskat\u012bta jebkura fiziska persona, kas ieg\u0101d\u0101jas Produktu nol\u016bkiem, kas nav saist\u012bti ar vi\u0146as uz\u0146\u0113m\u0113jdarb\u012bbu, komercdarb\u012bbu, amatniec\u012bbu vai profesion\u0101lo darb\u012bbu (\u201cPat\u0113r\u0113t\u0101js\u201d).<\/p><p><strong>1.3<\/strong> Likuma garantija ir sp\u0113k\u0101 24 m\u0113ne\u0161us no Produkta pieg\u0101des Pat\u0113r\u0113t\u0101jam. L\u016bdzu, \u0146emiet v\u0113r\u0101, ka Direkt\u012bv\u0101s noteiktie termi\u0146i netiek piem\u0113roti \u0101rpus Eiropas Ekonomikas zonas valst\u012bm, kur\u0101s tiek piem\u0113roti attiec\u012bg\u0101s valsts viet\u0113jie ties\u012bbu akti.<\/p><p><strong>1.4<\/strong> Ja Pat\u0113r\u0113t\u0101js uzskata, ka ir ieg\u0101d\u0101jies Produktu ar neatbilst\u012bbas tr\u016bkumu, vi\u0146am ir j\u0101sazin\u0101s ar savu tirgot\u0101ju, lai izmantotu attiec\u012bgo garantiju.<\/p><p><strong>1.5<\/strong> BESTWAY nodro\u0161ina garantiju par iesp\u0113jamiem Produkta neatbilst\u012bbas tr\u016bkumiem visiem Pat\u0113r\u0113t\u0101jiem, kuri Produk\u00adtus ir ieg\u0101d\u0101ju\u0161ies tie\u0161i no BESTWAY.<\/p><\/div>\t\t\t\t\t\t\t\t<\/div>\n\t\t\t\t<\/div>\n\t\t\t\t<div class=\"elementor-element elementor-element-1fe5510 elementor-widget elementor-widget-heading\" data-id=\"1fe5510\" data-element_type=\"widget\" data-e-type=\"widget\" data-widget_type=\"heading.default\">\n\t\t\t\t<div class=\"elementor-widget-container\">\n\t\t\t\t\t<h2 class=\"elementor-heading-title elementor-size-default\">Ra\u017eot\u0101ja garantija<\/h2>\t\t\t\t<\/div>\n\t\t\t\t<\/div>\n\t\t\t\t<div class=\"elementor-element elementor-element-b5b3ff4 elementor-widget elementor-widget-text-editor\" data-id=\"b5b3ff4\" data-element_type=\"widget\" data-e-type=\"widget\" data-widget_type=\"text-editor.default\">\n\t\t\t\t<div class=\"elementor-widget-container\">\n\t\t\t\t\t\t\t\t\t<p>Neskarot likum\u0101 noteikt\u0101s garantijas un prerogat\u012bvas un neskarot iesp\u0113ju pat\u0113r\u0113t\u0101jam aktiviz\u0113t iepriek\u0161 min\u0113to juridisko garantiju, BESTWAY pied\u0101v\u0101 papildu garantiju (&#8220;BESTWAY ra\u017eot\u0101ja garantija&#8221;) par jebkuriem atbilst\u012bbas defektiem, kas attiecas uz ierobe\u017eotu kl\u0101stu Produkti.<\/p><p><a href=\"https:\/\/support.bestway.eu\/lv-lv\/warranty\" target=\"_blank\" rel=\"noopener\">Noklik\u0161\u0137iniet \u0161eit<\/a>, lai uzzin\u0101tu noteikumus un nosac\u012bjumus, aptverto produktu kl\u0101stu un aktiviz\u0101cijas metodes.<\/p>\t\t\t\t\t\t\t\t<\/div>\n\t\t\t\t<\/div>\n\t\t\t\t\t<\/div>\n\t\t\t\t<\/div>\n\t\t\t\t<\/div>\n\t\t","protected":false},"excerpt":{"rendered":"<p>T\u0101l\u0101k ir nor\u0101d\u012bti garantijas noteikumi, ko piem\u0113ro BESTWAY EUROPE S.p.A., kura juridisk\u0101 adrese ir Via della Resistenza n. 5, San Giuliano Milanese (20098)\u00a0\u2014 Mil\u0101na, It\u0101lija (turpm\u0101k \u201cBESTWAY\u201d) par produktiem, kas tiek p\u0101rdoti Eiropas Ekonomikas zon\u0101 ar z\u012bmolu BESTWAY. Juridisk\u0101 garantija 1.1 Likuma garantiju nosaka Eiropas Direkt\u012bvas 1999\/44\/EK un 2019\/771\/ES, kuru m\u0113r\u0137is ir aizsarg\u0101t Pat\u0113r\u0113t\u0101ju, k\u0101 [&hellip;]<\/p>\n","protected":false},"author":9,"featured_media":0,"parent":0,"menu_order":0,"comment_status":"closed","ping_status":"closed","template":"","meta":{"_acf_changed":false,"site-sidebar-layout":"no-sidebar","site-content-layout":"page-builder","ast-site-content-layout":"full-width-container","site-content-style":"default","site-sidebar-style":"default","ast-global-header-display":"","ast-banner-title-visibility":"","ast-main-header-display":"","ast-hfb-above-header-display":"","ast-hfb-below-header-display":"","ast-hfb-mobile-header-display":"","site-post-title":"disabled","ast-breadcrumbs-content":"","ast-featured-img":"disabled","footer-sml-layout":"","ast-disable-related-posts":"","theme-transparent-header-meta":"","adv-header-id-meta":"","stick-header-meta":"","header-above-stick-meta":"","header-main-stick-meta":"","header-below-stick-meta":"","astra-migrate-meta-layouts":"set","ast-page-background-enabled":"default","ast-page-background-meta":{"desktop":{"background-color":"var(--ast-global-color-4)","background-image":"","background-repeat":"repeat","background-position":"center center","background-size":"auto","background-attachment":"scroll","background-type":"","background-media":"","overlay-type":"","overlay-color":"","overlay-opacity":"","overlay-gradient":""},"tablet":{"background-color":"","background-image":"","background-repeat":"repeat","background-position":"center center","background-size":"auto","background-attachment":"scroll","background-type":"","background-media":"","overlay-type":"","overlay-color":"","overlay-opacity":"","overlay-gradient":""},"mobile":{"background-color":"","background-image":"","background-repeat":"repeat","background-position":"center center","background-size":"auto","background-attachment":"scroll","background-type":"","background-media":"","overlay-type":"","overlay-color":"","overlay-opacity":"","overlay-gradient":""}},"ast-content-background-meta":{"desktop":{"background-color":"var(--ast-global-color-5)","background-image":"","background-repeat":"repeat","background-position":"center center","background-size":"auto","background-attachment":"scroll","background-type":"","background-media":"","overlay-type":"","overlay-color":"","overlay-opacity":"","overlay-gradient":""},"tablet":{"background-color":"var(--ast-global-color-5)","background-image":"","background-repeat":"repeat","background-position":"center center","background-size":"auto","background-attachment":"scroll","background-type":"","background-media":"","overlay-type":"","overlay-color":"","overlay-opacity":"","overlay-gradient":""},"mobile":{"background-color":"var(--ast-global-color-5)","background-image":"","background-repeat":"repeat","background-position":"center center","background-size":"auto","background-attachment":"scroll","background-type":"","background-media":"","overlay-type":"","overlay-color":"","overlay-opacity":"","overlay-gradient":""}},"footnotes":""},"class_list":["post-7341","page","type-page","status-publish","hentry"],"acf":[],"yoast_head":"<!-- This site is optimized with the Yoast SEO plugin v27.4 - https:\/\/yoast.com\/product\/yoast-seo-wordpress\/ -->\n<title>Bestway garantija - Legal<\/title>\n<meta name=\"robots\" content=\"noindex, follow, max-snippet:-1, max-image-preview:large, max-video-preview:-1\" \/>\n<meta property=\"og:locale\" content=\"lv_LV\" \/>\n<meta property=\"og:type\" content=\"article\" \/>\n<meta property=\"og:title\" content=\"Bestway garantija - Legal\" \/>\n<meta property=\"og:description\" content=\"T\u0101l\u0101k ir nor\u0101d\u012bti garantijas noteikumi, ko piem\u0113ro BESTWAY EUROPE S.p.A., kura juridisk\u0101 adrese ir Via della Resistenza n. 5, San Giuliano Milanese (20098)\u00a0\u2014 Mil\u0101na, It\u0101lija (turpm\u0101k \u201cBESTWAY\u201d) par produktiem, kas tiek p\u0101rdoti Eiropas Ekonomikas zon\u0101 ar z\u012bmolu BESTWAY. Juridisk\u0101 garantija 1.1 Likuma garantiju nosaka Eiropas Direkt\u012bvas 1999\/44\/EK un 2019\/771\/ES, kuru m\u0113r\u0137is ir aizsarg\u0101t Pat\u0113r\u0113t\u0101ju, k\u0101 [&hellip;]\" \/>\n<meta property=\"og:url\" content=\"https:\/\/legal.bestway.eu\/lv-lv\/warranty-extension\/\" \/>\n<meta property=\"og:site_name\" content=\"Legal\" \/>\n<meta property=\"article:modified_time\" content=\"2026-02-10T09:55:44+00:00\" \/>\n<meta name=\"twitter:card\" content=\"summary_large_image\" \/>\n<meta name=\"twitter:label1\" content=\"Est. reading time\" \/>\n\t<meta name=\"twitter:data1\" content=\"2 minutes\" \/>\n<script type=\"application\/ld+json\" class=\"yoast-schema-graph\">{\"@context\":\"https:\\\/\\\/schema.org\",\"@graph\":[{\"@type\":\"WebPage\",\"@id\":\"https:\\\/\\\/legal.bestway.eu\\\/lv-lv\\\/warranty-extension\\\/\",\"url\":\"https:\\\/\\\/legal.bestway.eu\\\/lv-lv\\\/warranty-extension\\\/\",\"name\":\"Bestway garantija - Legal\",\"isPartOf\":{\"@id\":\"https:\\\/\\\/legal.bestway.eu\\\/lv-lv\\\/#website\"},\"datePublished\":\"2023-10-24T09:15:40+00:00\",\"dateModified\":\"2026-02-10T09:55:44+00:00\",\"inLanguage\":\"lv-lv\",\"potentialAction\":[{\"@type\":\"ReadAction\",\"target\":[\"https:\\\/\\\/legal.bestway.eu\\\/lv-lv\\\/warranty-extension\\\/\"]}]},{\"@type\":\"WebSite\",\"@id\":\"https:\\\/\\\/legal.bestway.eu\\\/lv-lv\\\/#website\",\"url\":\"https:\\\/\\\/legal.bestway.eu\\\/lv-lv\\\/\",\"name\":\"Legal\",\"description\":\"Legal\",\"publisher\":{\"@id\":\"https:\\\/\\\/legal.bestway.eu\\\/lv-lv\\\/#organization\"},\"potentialAction\":[{\"@type\":\"SearchAction\",\"target\":{\"@type\":\"EntryPoint\",\"urlTemplate\":\"https:\\\/\\\/legal.bestway.eu\\\/lv-lv\\\/?s={search_term_string}\"},\"query-input\":{\"@type\":\"PropertyValueSpecification\",\"valueRequired\":true,\"valueName\":\"search_term_string\"}}],\"inLanguage\":\"lv-lv\"},{\"@type\":\"Organization\",\"@id\":\"https:\\\/\\\/legal.bestway.eu\\\/lv-lv\\\/#organization\",\"name\":\"Legal\",\"url\":\"https:\\\/\\\/legal.bestway.eu\\\/lv-lv\\\/\",\"logo\":{\"@type\":\"ImageObject\",\"inLanguage\":\"lv-lv\",\"@id\":\"https:\\\/\\\/legal.bestway.eu\\\/lv-lv\\\/#\\\/schema\\\/logo\\\/image\\\/\",\"url\":\"https:\\\/\\\/legal.bestway.eu\\\/wp-content\\\/uploads\\\/sites\\\/2\\\/2023\\\/10\\\/bw-white-logo@2x.png\",\"contentUrl\":\"https:\\\/\\\/legal.bestway.eu\\\/wp-content\\\/uploads\\\/sites\\\/2\\\/2023\\\/10\\\/bw-white-logo@2x.png\",\"width\":348,\"height\":138,\"caption\":\"Legal\"},\"image\":{\"@id\":\"https:\\\/\\\/legal.bestway.eu\\\/lv-lv\\\/#\\\/schema\\\/logo\\\/image\\\/\"}}]}<\/script>\n<!-- \/ Yoast SEO plugin. -->","yoast_head_json":{"title":"Bestway garantija - Legal","robots":{"index":"noindex","follow":"follow","max-snippet":"max-snippet:-1","max-image-preview":"max-image-preview:large","max-video-preview":"max-video-preview:-1"},"og_locale":"lv_LV","og_type":"article","og_title":"Bestway garantija - Legal","og_description":"T\u0101l\u0101k ir nor\u0101d\u012bti garantijas noteikumi, ko piem\u0113ro BESTWAY EUROPE S.p.A., kura juridisk\u0101 adrese ir Via della Resistenza n. 5, San Giuliano Milanese (20098)\u00a0\u2014 Mil\u0101na, It\u0101lija (turpm\u0101k \u201cBESTWAY\u201d) par produktiem, kas tiek p\u0101rdoti Eiropas Ekonomikas zon\u0101 ar z\u012bmolu BESTWAY. Juridisk\u0101 garantija 1.1 Likuma garantiju nosaka Eiropas Direkt\u012bvas 1999\/44\/EK un 2019\/771\/ES, kuru m\u0113r\u0137is ir aizsarg\u0101t Pat\u0113r\u0113t\u0101ju, k\u0101 [&hellip;]","og_url":"https:\/\/legal.bestway.eu\/lv-lv\/warranty-extension\/","og_site_name":"Legal","article_modified_time":"2026-02-10T09:55:44+00:00","twitter_card":"summary_large_image","twitter_misc":{"Est. reading time":"2 minutes"},"schema":{"@context":"https:\/\/schema.org","@graph":[{"@type":"WebPage","@id":"https:\/\/legal.bestway.eu\/lv-lv\/warranty-extension\/","url":"https:\/\/legal.bestway.eu\/lv-lv\/warranty-extension\/","name":"Bestway garantija - Legal","isPartOf":{"@id":"https:\/\/legal.bestway.eu\/lv-lv\/#website"},"datePublished":"2023-10-24T09:15:40+00:00","dateModified":"2026-02-10T09:55:44+00:00","inLanguage":"lv-lv","potentialAction":[{"@type":"ReadAction","target":["https:\/\/legal.bestway.eu\/lv-lv\/warranty-extension\/"]}]},{"@type":"WebSite","@id":"https:\/\/legal.bestway.eu\/lv-lv\/#website","url":"https:\/\/legal.bestway.eu\/lv-lv\/","name":"Legal","description":"Legal","publisher":{"@id":"https:\/\/legal.bestway.eu\/lv-lv\/#organization"},"potentialAction":[{"@type":"SearchAction","target":{"@type":"EntryPoint","urlTemplate":"https:\/\/legal.bestway.eu\/lv-lv\/?s={search_term_string}"},"query-input":{"@type":"PropertyValueSpecification","valueRequired":true,"valueName":"search_term_string"}}],"inLanguage":"lv-lv"},{"@type":"Organization","@id":"https:\/\/legal.bestway.eu\/lv-lv\/#organization","name":"Legal","url":"https:\/\/legal.bestway.eu\/lv-lv\/","logo":{"@type":"ImageObject","inLanguage":"lv-lv","@id":"https:\/\/legal.bestway.eu\/lv-lv\/#\/schema\/logo\/image\/","url":"https:\/\/legal.bestway.eu\/wp-content\/uploads\/sites\/2\/2023\/10\/bw-white-logo@2x.png","contentUrl":"https:\/\/legal.bestway.eu\/wp-content\/uploads\/sites\/2\/2023\/10\/bw-white-logo@2x.png","width":348,"height":138,"caption":"Legal"},"image":{"@id":"https:\/\/legal.bestway.eu\/lv-lv\/#\/schema\/logo\/image\/"}}]}},"_links":{"self":[{"href":"https:\/\/legal.bestway.eu\/lv-lv\/wp-json\/wp\/v2\/pages\/7341","targetHints":{"allow":["GET"]}}],"collection":[{"href":"https:\/\/legal.bestway.eu\/lv-lv\/wp-json\/wp\/v2\/pages"}],"about":[{"href":"https:\/\/legal.bestway.eu\/lv-lv\/wp-json\/wp\/v2\/types\/page"}],"author":[{"embeddable":true,"href":"https:\/\/legal.bestway.eu\/lv-lv\/wp-json\/wp\/v2\/users\/9"}],"replies":[{"embeddable":true,"href":"https:\/\/legal.bestway.eu\/lv-lv\/wp-json\/wp\/v2\/comments?post=7341"}],"version-history":[{"count":7,"href":"https:\/\/legal.bestway.eu\/lv-lv\/wp-json\/wp\/v2\/pages\/7341\/revisions"}],"predecessor-version":[{"id":9031,"href":"https:\/\/legal.bestway.eu\/lv-lv\/wp-json\/wp\/v2\/pages\/7341\/revisions\/9031"}],"wp:attachment":[{"href":"https:\/\/legal.bestway.eu\/lv-lv\/wp-json\/wp\/v2\/media?parent=7341"}],"curies":[{"name":"wp","href":"https:\/\/api.w.org\/{rel}","templated":true}]}}