{"id":7277,"date":"2023-10-24T12:37:41","date_gmt":"2023-10-24T10:37:41","guid":{"rendered":"https:\/\/legal.bestway.eu\/?page_id=7277"},"modified":"2024-12-11T12:49:07","modified_gmt":"2024-12-11T11:49:07","slug":"privacy-notice","status":"publish","type":"page","link":"https:\/\/legal.bestway.eu\/lv-lv\/privacy-notice\/","title":{"rendered":"Priv\u0101tuma inform\u0101cija\u00a0&#8211; GDPR"},"content":{"rendered":"\t\t<div data-elementor-type=\"wp-page\" data-elementor-id=\"7277\" class=\"elementor elementor-7277\" data-elementor-post-type=\"page\">\n\t\t\t\t<div class=\"elementor-element elementor-element-4233c87e e-flex e-con-boxed e-con e-parent\" data-id=\"4233c87e\" data-element_type=\"container\" data-e-type=\"container\">\n\t\t\t\t\t<div class=\"e-con-inner\">\n\t\t\t\t<div class=\"elementor-element elementor-element-eeb32c3 elementor-widget elementor-widget-menu-anchor\" data-id=\"eeb32c3\" data-element_type=\"widget\" data-e-type=\"widget\" data-widget_type=\"menu-anchor.default\">\n\t\t\t\t<div class=\"elementor-widget-container\">\n\t\t\t\t\t\t\t<div class=\"elementor-menu-anchor\" id=\"BoxNewsletter\"><\/div>\n\t\t\t\t\t\t<\/div>\n\t\t\t\t<\/div>\n\t\t\t\t<div class=\"elementor-element elementor-element-3c097587 elementor-widget elementor-widget-heading\" data-id=\"3c097587\" data-element_type=\"widget\" data-e-type=\"widget\" data-widget_type=\"heading.default\">\n\t\t\t\t<div class=\"elementor-widget-container\">\n\t\t\t\t\t<h2 class=\"elementor-heading-title elementor-size-default\">M\u0101rketings<\/h2>\t\t\t\t<\/div>\n\t\t\t\t<\/div>\n\t\t\t\t<div class=\"elementor-element elementor-element-375d8ec elementor-widget elementor-widget-text-editor\" data-id=\"375d8ec\" data-element_type=\"widget\" data-e-type=\"widget\" data-widget_type=\"text-editor.default\">\n\t\t\t\t<div class=\"elementor-widget-container\">\n\t\t\t\t\t\t\t\t\t<p>politika atbilst Eiropas Parlamenta un Padomes Regulai (ES) 2016\/679 (VDAR) ar t\u0101s groz\u012bjumiem un papildin\u0101jumiem<\/p><p>Datu p\u0101rzinis: BESTWAY EUROPE S.P.A., juridisk\u0101 adrese San Giuliano Milanese (Mi), via Resistenza 5 (\u201cBESTWAY\u201d), It\u0101lija.<\/p><p>Datu aizsardz\u012bbas speci\u0101lists: <a href=\"mailto:privacy@bestwaycorp.eu\">privacy@bestwaycorp.eu<\/a><\/p><p>Datu p\u0101rzinis apstr\u0101d\u0101s t\u0101l\u0101k nor\u0101d\u012btos datus.<\/p><p>Saska\u0146\u0101 ar j\u016bsu piekri\u0161anu, ko sniedzat, atz\u012bm\u0113jot izv\u0113les r\u016bti\u0146u, datu p\u0101rzinis apstr\u0101d\u0101s j\u016bsu datus m\u0101rketinga nol\u016bkos, lai s\u016bt\u012btu jums informat\u012bvos pazi\u0146ojumus ar inform\u0101ciju un jaunumiem par BESTWAY produktiem, pakalpojumiem, pas\u0101kumiem un pied\u0101v\u0101jumiem. J\u016bsu sniegto datu apstr\u0101des juridiskais pamats ir j\u016bsu br\u012bva un neoblig\u0101ta piekri\u0161ana, un jebkur\u0161 atteikums sniegt \u0161\u0101du piekri\u0161anu tikai liegs jums iesp\u0113ju sa\u0146emt iepriek\u0161 min\u0113tos pazi\u0146ojumus.<\/p><p>J\u016bsu dati tiks apstr\u0101d\u0101ti pap\u012bra un elektronisk\u0101 form\u0101t\u0101 saska\u0146\u0101 ar sp\u0113k\u0101 eso\u0161ajiem ties\u012bbu aktiem par personas datu aizsardz\u012bbu (ES Regula\u00a0679\/2016 jeb VDAR ar groz\u012bjumiem un papildin\u0101jumiem). J\u016bsu sniegtie personas dati var tikt izpausti tre\u0161aj\u0101m person\u0101m, t\u0101d\u0101m k\u0101 personas, apvien\u012bbas, profesion\u0101lie uz\u0146\u0113mumi un komp\u0101nijas, kas nodro\u0161ina konsult\u0113\u0161anas un atbalsta pakalpojumus un darb\u012bbas uz\u0146\u0113mumam BESTWAY (tostarp BESTWAY Group uz\u0146\u0113mumiem, kas var atrasties \u0101rpus ES), pildot savus datu apstr\u0101d\u0101t\u0101ju pien\u0101kumus, ja tie ir pien\u0101c\u012bgi iecelti un ir nodro\u0161in\u0101tas atbilsto\u0161as garantijas attiec\u012bb\u0101 uz personas datu aizsardz\u012bbu, k\u0101 ar\u012b person\u0101m, kas ir kop\u012bgi datu p\u0101rzi\u0146i vai neatkar\u012bgi datu p\u0101rzi\u0146i un BESTWAY darbiniekiem, kuri ir iecelti par datu p\u0101rzi\u0146iem tikai iepriek\u0161 izkl\u0101st\u012btajiem nol\u016bkiem. Pilns datu p\u0101rzi\u0146u vai datu apstr\u0101d\u0101t\u0101ju saraksts, kam var tikt izpausti dati, ir pieejams p\u0113c piepras\u012bjuma.<\/p><p>Attiec\u012bb\u0101 uz m\u0101rketinga nol\u016bkiem j\u016bsu dati tiks glab\u0101ti ne ilg\u0101k k\u0101 8\u00a0gadus no br\u012b\u017ea, kad tika sa\u0146emta j\u016bsu at\u013cauja. Klienti var jebkur\u0101 br\u012bd\u012b atteikties no informat\u012bvo pazi\u0146ojumu abon\u0113\u0161anas, noklik\u0161\u0137inot uz saites \u201catteikt abon\u0113\u0161anu\u201d, kas atrodama katr\u0101 e-pasta zi\u0146ojum\u0101, vai nos\u016btot e-pasta zi\u0146ojumu uz <a href=\"mailto:privacy@bestwaycorp.eu\">privacy@bestwaycorp.eu<\/a>.<\/p><p>J\u016bs jebkur\u0101 laik\u0101 varat izmantot visas ties\u012bbas, kas noteiktas iepriek\u0161 min\u0113t\u0101s Regulas 15.\u00a0pant\u0101 un turpm\u0101kajos pantos, tostarp, jo \u012bpa\u0161i, ties\u012bbas piek\u013c\u016bt j\u016bsu personas datiem, ties\u012bbas piepras\u012bt datu labo\u0161anu, ties\u012bbas uz dz\u0113\u0161anu, ties\u012bbas iebilst apstr\u0101dei, ties\u012bbas uz datu p\u0101rne\u0161anu un ties\u012bbas iesniegt s\u016bdz\u012bbu j\u016bsu valsts personas datu aizsardz\u012bbas iest\u0101dei (<a href=\"https:\/\/edpb.europa.eu\/about-edpb\/board\/members_en\" target=\"_blank\" rel=\"noopener\">https:\/\/edpb.europa.eu\/about-edpb\/board\/members_en<\/a>).<\/p><p>Iepriek\u0161 min\u0113t\u0101s ties\u012bbas var izmantot, nos\u016btot e-pasta zi\u0146ojumu uz adresi <a href=\"mailto:privacy@bestwaycorp.eu\">privacy@bestwaycorp.eu<\/a><\/p>\t\t\t\t\t\t\t\t<\/div>\n\t\t\t\t<\/div>\n\t\t\t\t\t<\/div>\n\t\t\t\t<\/div>\n\t\t<div class=\"elementor-element elementor-element-fc9e459 e-flex e-con-boxed e-con e-parent\" data-id=\"fc9e459\" data-element_type=\"container\" data-e-type=\"container\">\n\t\t\t\t\t<div class=\"e-con-inner\">\n\t\t\t\t<div class=\"elementor-element elementor-element-4ff1b8f6 elementor-widget elementor-widget-menu-anchor\" data-id=\"4ff1b8f6\" data-element_type=\"widget\" data-e-type=\"widget\" data-widget_type=\"menu-anchor.default\">\n\t\t\t\t<div class=\"elementor-widget-container\">\n\t\t\t\t\t\t\t<div class=\"elementor-menu-anchor\" id=\"Sitoassistenza\"><\/div>\n\t\t\t\t\t\t<\/div>\n\t\t\t\t<\/div>\n\t\t\t\t<div class=\"elementor-element elementor-element-33a4a549 elementor-widget elementor-widget-heading\" data-id=\"33a4a549\" data-element_type=\"widget\" data-e-type=\"widget\" data-widget_type=\"heading.default\">\n\t\t\t\t<div class=\"elementor-widget-container\">\n\t\t\t\t\t<h2 class=\"elementor-heading-title elementor-size-default\">Atbalsta vietne<\/h2>\t\t\t\t<\/div>\n\t\t\t\t<\/div>\n\t\t\t\t<div class=\"elementor-element elementor-element-10d7938d elementor-widget elementor-widget-text-editor\" data-id=\"10d7938d\" data-element_type=\"widget\" data-e-type=\"widget\" data-widget_type=\"text-editor.default\">\n\t\t\t\t<div class=\"elementor-widget-container\">\n\t\t\t\t\t\t\t\t\t<p>politika atbilst Eiropas Parlamenta un Padomes Regulai (ES) 2016\/679 (VDAR) ar t\u0101s groz\u012bjumiem un papildin\u0101jumiem<\/p><p>Datu p\u0101rzinis: BESTWAY EUROPE S.P.A., juridisk\u0101 adrese San Giuliano Milanese (Mi), via Resistenza 5 (\u201cBESTWAY\u201d), It\u0101lija.<\/p><p>Datu aizsardz\u012bbas speci\u0101lists: <a href=\"mailto:privacy@bestwaycorp.eu\">privacy@bestwaycorp.eu<\/a><\/p><p>Datu p\u0101rzinis apstr\u0101d\u0101s t\u0101l\u0101k nor\u0101d\u012btos datus.<\/p><p>i) V\u0101rds un uzv\u0101rds, e-pasta adrese, pieg\u0101des adrese un t\u0101lru\u0146a numurs, lai sniegtu jums s\u016bdz\u012bbu p\u0101rvald\u012bbas pakalpojumu, atverot personaliz\u0113tu kontu BESTWAY vietn\u0113, kuram var piek\u013c\u016bt, ievadot lietot\u0101jv\u0101rdu un paroli, ko j\u016bs sa\u0146emsit e-past\u0101 \u2013 t\u0101 tiks main\u012bta, pirmo reizi piesakoties \u2013 un uz\u0146emoties atbild\u012bbu un pien\u0101c\u012bgi p\u0101rvaldot j\u016bsu zi\u0146ojumu par sliktu pakalpojumu administrat\u012bvos un gr\u0101matved\u012bbas nol\u016bkos, lai izpild\u012btu juridiskas vai reglament\u0113jo\u0161as saist\u012bbas.<\/p><p>ii) M\u0101rketinga nol\u016bkos, lai s\u016bt\u012btu jums informat\u012bvos pazi\u0146ojumus ar inform\u0101ciju un jaunumiem par BESTWAY produktiem, pakalpojumiem, pas\u0101kumiem un pied\u0101v\u0101jumiem, saska\u0146\u0101 ar j\u016bsu piekri\u0161anu, ko sniedzat, atz\u012bm\u0113jot izv\u0113les r\u016bti\u0146u.<\/p><p>iii) Saska\u0146\u0101 ar j\u016bsu piekri\u0161anu, ko sniedzat, atz\u012bm\u0113jot izv\u0113les r\u016bti\u0146u, statistikas nol\u016bkos var tikt v\u0101kta t\u0101da inform\u0101cija k\u0101 dzimums, vecuma diapazons, nodarbin\u0101t\u012bbas statuss, produkta ieg\u0101des motiv\u0101cija, produkta ieg\u0101des veids un b\u0113rnu skaits m\u0101jsaimniec\u012bb\u0101. BESTWAY v\u0101c \u0161os datus, lai ieg\u016btu apkopoto p\u0101rskatu par saviem klientiem, nesagatavojot prognozes vai neizdarot secin\u0101jumus saist\u012bb\u0101 konkr\u0113ti ar jums, jo m\u0113r\u0137is nav nov\u0113rt\u0113t inform\u0101ciju par atsevi\u0161\u0137iem klientiem.<\/p><p>iv) Ar j\u016bsu piekri\u0161anu, ko sniedzat, atz\u012bm\u0113jot izv\u0113les r\u016bti\u0146u, m\u0113s varam nos\u016bt\u012bt jums pa e-pastu aicin\u0101jumu aizpild\u012bt aptauju par m\u016bsu produktiem un j\u016bsu pieredzi, tos lietojot.<\/p><p>Juridiskais pamats (i) punkt\u0101 min\u0113to datu apstr\u0101dei ir l\u012bguma\/komerci\u0101lu nosac\u012bjumu un piem\u0113rojamu juridisko nosac\u012bjumu izstr\u0101de un izpilde; \u0161ie dati ir oblig\u0101ti, un atteik\u0161an\u0101s no to snieg\u0161anas var liegt uz\u0146\u0113mumam BESTWAY iesp\u0113ju nodro\u0161in\u0101t piepras\u012bto pakalpojumu. Attiec\u012bb\u0101 uz (ii), (iii) un (iv) punktu\u00a0\u2013 \u0161\u012bs apstr\u0101des juridiskais pamats ir j\u016bsu br\u012bva un neoblig\u0101ta piekri\u0161ana, un jebkur\u0161 atteikums sniegt \u0161\u0101du piekri\u0161anu tikai liegs jums iesp\u0113ju sa\u0146emt iepriek\u0161 min\u0113tos pazi\u0146ojumus.<\/p><p>J\u016bsu dati tiks apstr\u0101d\u0101ti pap\u012bra un elektronisk\u0101 form\u0101t\u0101 saska\u0146\u0101 ar sp\u0113k\u0101 eso\u0161ajiem ties\u012bbu aktiem par personas datu aizsardz\u012bbu (ES Regula\u00a0679\/2016 jeb VDAR ar groz\u012bjumiem un papildin\u0101jumiem). J\u016bsu sniegtie personas dati var tikt izpausti tre\u0161aj\u0101m person\u0101m, t\u0101d\u0101m k\u0101 personas, apvien\u012bbas, profesion\u0101lie uz\u0146\u0113mumi un komp\u0101nijas, kas nodro\u0161ina konsult\u0113\u0161anas un atbalsta pakalpojumus un darb\u012bbas uz\u0146\u0113mumam BESTWAY (tostarp BESTWAY Group uz\u0146\u0113mumiem, kas var atrasties \u0101rpus ES), pildot savus datu apstr\u0101d\u0101t\u0101ju pien\u0101kumus, ja tie ir pien\u0101c\u012bgi iecelti un ir nodro\u0161in\u0101tas atbilsto\u0161as garantijas attiec\u012bb\u0101 uz personas datu aizsardz\u012bbu, k\u0101 ar\u012b person\u0101m, kas ir kop\u012bgi datu p\u0101rzi\u0146i vai neatkar\u012bgi datu p\u0101rzi\u0146i un BESTWAY darbiniekiem, kuri ir iecelti par datu p\u0101rzi\u0146iem tikai iepriek\u0161 izkl\u0101st\u012btajiem nol\u016bkiem. Pilns datu p\u0101rzi\u0146u vai datu apstr\u0101d\u0101t\u0101ju saraksts, kam var tikt izpausti dati, ir pieejams p\u0113c piepras\u012bjuma.<\/p><p>S\u016bdz\u012bbu p\u0101rvald\u012bbas nol\u016bkos, kas aprakst\u012bti (i) punkt\u0101, j\u016bsu dati tiks saglab\u0101ti pat p\u0113c l\u012bgumattiec\u012bbu\/komerci\u0101lo attiec\u012bbu izbeig\u0161anas ar BESTWAY, lai izpild\u012btu visus pien\u0101kumus, kas saist\u012bti ar vai izriet no nodibin\u0101taj\u0101m attiec\u012bb\u0101m, tostarp juridiskos pien\u0101kumus un noilguma noteikumus, kas \u0161im nol\u016bkam paredz\u0113ti piem\u0113rojamajos ties\u012bbu aktos, un jebkur\u0101 gad\u012bjum\u0101 ne ilg\u0101k k\u0101 10\u00a0gadus.<\/p><p>Attiec\u012bb\u0101 uz m\u0101rketinga nol\u016bkiem, kas aprakst\u012bti (ii)\u00a0punkt\u0101, j\u016bsu dati tiks glab\u0101ti ne ilg\u0101k k\u0101 8\u00a0gadus no br\u012b\u017ea, kad tika sa\u0146emta j\u016bsu at\u013cauja. Klienti var jebkur\u0101 br\u012bd\u012b atteikties no informat\u012bvo pazi\u0146ojumu abon\u0113\u0161anas, noklik\u0161\u0137inot uz saites \u201catteikt abon\u0113\u0161anu\u201d, kas atrodama katr\u0101 e-pasta zi\u0146ojum\u0101, vai nos\u016btot e-pasta zi\u0146ojumu uz <a href=\"mailto:privacy@bestwaycorp.eu\">privacy@bestwaycorp.eu<\/a>.<\/p><p>Statistikas apkopo\u0161anas un anket\u0113\u0161anas nol\u016bkos, kas ir iepriek\u0161 izkl\u0101st\u012bti (iii) un (iv) punkt\u0101, j\u016bsu dati tiks glab\u0101ti l\u012bdz 8\u00a0gadiem, s\u0101kot no dienas, kad ir sa\u0146emta j\u016bsu piekri\u0161ana.<\/p><p>J\u016bs jebkur\u0101 laik\u0101 varat izmantot visas ties\u012bbas, kas noteiktas iepriek\u0161 min\u0113t\u0101s Regulas 15.\u00a0pant\u0101 un turpm\u0101kajos pantos, tostarp, jo \u012bpa\u0161i, ties\u012bbas piek\u013c\u016bt j\u016bsu personas datiem, ties\u012bbas piepras\u012bt datu labo\u0161anu, ties\u012bbas uz dz\u0113\u0161anu, ties\u012bbas iebilst apstr\u0101dei, ties\u012bbas uz datu p\u0101rne\u0161anu un ties\u012bbas iesniegt s\u016bdz\u012bbu j\u016bsu valsts personas datu aizsardz\u012bbas iest\u0101dei (<a href=\"https:\/\/edpb.europa.eu\/about-edpb\/board\/members_en\" target=\"_blank\" rel=\"noopener\">https:\/\/edpb.europa.eu\/about-edpb\/board\/members_en<\/a>).<\/p><p>Iepriek\u0161 min\u0113t\u0101s ties\u012bbas var izmantot, nos\u016btot e-pasta zi\u0146ojumu uz adresi <a href=\"mailto:privacy@bestwaycorp.eu\">privacy@bestwaycorp.eu<\/a><\/p>\t\t\t\t\t\t\t\t<\/div>\n\t\t\t\t<\/div>\n\t\t\t\t\t<\/div>\n\t\t\t\t<\/div>\n\t\t\t\t<\/div>\n\t\t","protected":false},"excerpt":{"rendered":"<p>M\u0101rketings politika atbilst Eiropas Parlamenta un Padomes Regulai (ES) 2016\/679 (VDAR) ar t\u0101s groz\u012bjumiem un papildin\u0101jumiem Datu p\u0101rzinis: BESTWAY EUROPE S.P.A., juridisk\u0101 adrese San Giuliano Milanese (Mi), via Resistenza 5 (\u201cBESTWAY\u201d), It\u0101lija. Datu aizsardz\u012bbas speci\u0101lists: privacy@bestwaycorp.eu Datu p\u0101rzinis apstr\u0101d\u0101s t\u0101l\u0101k nor\u0101d\u012btos datus. Saska\u0146\u0101 ar j\u016bsu piekri\u0161anu, ko sniedzat, atz\u012bm\u0113jot izv\u0113les r\u016bti\u0146u, datu p\u0101rzinis apstr\u0101d\u0101s j\u016bsu [&hellip;]<\/p>\n","protected":false},"author":9,"featured_media":0,"parent":0,"menu_order":0,"comment_status":"closed","ping_status":"closed","template":"","meta":{"_acf_changed":false,"site-sidebar-layout":"no-sidebar","site-content-layout":"page-builder","ast-site-content-layout":"full-width-container","site-content-style":"default","site-sidebar-style":"default","ast-global-header-display":"","ast-banner-title-visibility":"","ast-main-header-display":"","ast-hfb-above-header-display":"","ast-hfb-below-header-display":"","ast-hfb-mobile-header-display":"","site-post-title":"","ast-breadcrumbs-content":"","ast-featured-img":"disabled","footer-sml-layout":"","ast-disable-related-posts":"","theme-transparent-header-meta":"","adv-header-id-meta":"","stick-header-meta":"","header-above-stick-meta":"","header-main-stick-meta":"","header-below-stick-meta":"","astra-migrate-meta-layouts":"set","ast-page-background-enabled":"default","ast-page-background-meta":{"desktop":{"background-color":"var(--ast-global-color-4)","background-image":"","background-repeat":"repeat","background-position":"center center","background-size":"auto","background-attachment":"scroll","background-type":"","background-media":"","overlay-type":"","overlay-color":"","overlay-opacity":"","overlay-gradient":""},"tablet":{"background-color":"","background-image":"","background-repeat":"repeat","background-position":"center center","background-size":"auto","background-attachment":"scroll","background-type":"","background-media":"","overlay-type":"","overlay-color":"","overlay-opacity":"","overlay-gradient":""},"mobile":{"background-color":"","background-image":"","background-repeat":"repeat","background-position":"center center","background-size":"auto","background-attachment":"scroll","background-type":"","background-media":"","overlay-type":"","overlay-color":"","overlay-opacity":"","overlay-gradient":""}},"ast-content-background-meta":{"desktop":{"background-color":"var(--ast-global-color-5)","background-image":"","background-repeat":"repeat","background-position":"center center","background-size":"auto","background-attachment":"scroll","background-type":"","background-media":"","overlay-type":"","overlay-color":"","overlay-opacity":"","overlay-gradient":""},"tablet":{"background-color":"var(--ast-global-color-5)","background-image":"","background-repeat":"repeat","background-position":"center center","background-size":"auto","background-attachment":"scroll","background-type":"","background-media":"","overlay-type":"","overlay-color":"","overlay-opacity":"","overlay-gradient":""},"mobile":{"background-color":"var(--ast-global-color-5)","background-image":"","background-repeat":"repeat","background-position":"center center","background-size":"auto","background-attachment":"scroll","background-type":"","background-media":"","overlay-type":"","overlay-color":"","overlay-opacity":"","overlay-gradient":""}},"footnotes":""},"class_list":["post-7277","page","type-page","status-publish","hentry"],"acf":[],"yoast_head":"<!-- This site is optimized with the Yoast SEO plugin v27.4 - https:\/\/yoast.com\/product\/yoast-seo-wordpress\/ -->\n<title>Priv\u0101tuma inform\u0101cija\u00a0- GDPR - Legal<\/title>\n<meta name=\"robots\" content=\"noindex, follow, max-snippet:-1, max-image-preview:large, max-video-preview:-1\" \/>\n<meta property=\"og:locale\" content=\"lv_LV\" \/>\n<meta property=\"og:type\" content=\"article\" \/>\n<meta property=\"og:title\" content=\"Priv\u0101tuma inform\u0101cija\u00a0- GDPR - Legal\" \/>\n<meta property=\"og:description\" content=\"M\u0101rketings politika atbilst Eiropas Parlamenta un Padomes Regulai (ES) 2016\/679 (VDAR) ar t\u0101s groz\u012bjumiem un papildin\u0101jumiem Datu p\u0101rzinis: BESTWAY EUROPE S.P.A., juridisk\u0101 adrese San Giuliano Milanese (Mi), via Resistenza 5 (\u201cBESTWAY\u201d), It\u0101lija. Datu aizsardz\u012bbas speci\u0101lists: privacy@bestwaycorp.eu Datu p\u0101rzinis apstr\u0101d\u0101s t\u0101l\u0101k nor\u0101d\u012btos datus. Saska\u0146\u0101 ar j\u016bsu piekri\u0161anu, ko sniedzat, atz\u012bm\u0113jot izv\u0113les r\u016bti\u0146u, datu p\u0101rzinis apstr\u0101d\u0101s j\u016bsu [&hellip;]\" \/>\n<meta property=\"og:url\" content=\"https:\/\/legal.bestway.eu\/lv-lv\/privacy-notice\/\" \/>\n<meta property=\"og:site_name\" content=\"Legal\" \/>\n<meta property=\"article:modified_time\" content=\"2024-12-11T11:49:07+00:00\" \/>\n<meta name=\"twitter:card\" content=\"summary_large_image\" \/>\n<meta name=\"twitter:label1\" content=\"Est. reading time\" \/>\n\t<meta name=\"twitter:data1\" content=\"6 minutes\" \/>\n<script type=\"application\/ld+json\" class=\"yoast-schema-graph\">{\"@context\":\"https:\\\/\\\/schema.org\",\"@graph\":[{\"@type\":\"WebPage\",\"@id\":\"https:\\\/\\\/legal.bestway.eu\\\/lv-lv\\\/privacy-notice\\\/\",\"url\":\"https:\\\/\\\/legal.bestway.eu\\\/lv-lv\\\/privacy-notice\\\/\",\"name\":\"Priv\u0101tuma inform\u0101cija\u00a0- GDPR - Legal\",\"isPartOf\":{\"@id\":\"https:\\\/\\\/legal.bestway.eu\\\/lv-lv\\\/#website\"},\"datePublished\":\"2023-10-24T10:37:41+00:00\",\"dateModified\":\"2024-12-11T11:49:07+00:00\",\"inLanguage\":\"lv-lv\",\"potentialAction\":[{\"@type\":\"ReadAction\",\"target\":[\"https:\\\/\\\/legal.bestway.eu\\\/lv-lv\\\/privacy-notice\\\/\"]}]},{\"@type\":\"WebSite\",\"@id\":\"https:\\\/\\\/legal.bestway.eu\\\/lv-lv\\\/#website\",\"url\":\"https:\\\/\\\/legal.bestway.eu\\\/lv-lv\\\/\",\"name\":\"Legal\",\"description\":\"Legal\",\"publisher\":{\"@id\":\"https:\\\/\\\/legal.bestway.eu\\\/lv-lv\\\/#organization\"},\"potentialAction\":[{\"@type\":\"SearchAction\",\"target\":{\"@type\":\"EntryPoint\",\"urlTemplate\":\"https:\\\/\\\/legal.bestway.eu\\\/lv-lv\\\/?s={search_term_string}\"},\"query-input\":{\"@type\":\"PropertyValueSpecification\",\"valueRequired\":true,\"valueName\":\"search_term_string\"}}],\"inLanguage\":\"lv-lv\"},{\"@type\":\"Organization\",\"@id\":\"https:\\\/\\\/legal.bestway.eu\\\/lv-lv\\\/#organization\",\"name\":\"Legal\",\"url\":\"https:\\\/\\\/legal.bestway.eu\\\/lv-lv\\\/\",\"logo\":{\"@type\":\"ImageObject\",\"inLanguage\":\"lv-lv\",\"@id\":\"https:\\\/\\\/legal.bestway.eu\\\/lv-lv\\\/#\\\/schema\\\/logo\\\/image\\\/\",\"url\":\"https:\\\/\\\/legal.bestway.eu\\\/wp-content\\\/uploads\\\/sites\\\/2\\\/2023\\\/10\\\/bw-white-logo@2x.png\",\"contentUrl\":\"https:\\\/\\\/legal.bestway.eu\\\/wp-content\\\/uploads\\\/sites\\\/2\\\/2023\\\/10\\\/bw-white-logo@2x.png\",\"width\":348,\"height\":138,\"caption\":\"Legal\"},\"image\":{\"@id\":\"https:\\\/\\\/legal.bestway.eu\\\/lv-lv\\\/#\\\/schema\\\/logo\\\/image\\\/\"}}]}<\/script>\n<!-- \/ Yoast SEO plugin. -->","yoast_head_json":{"title":"Priv\u0101tuma inform\u0101cija\u00a0- GDPR - Legal","robots":{"index":"noindex","follow":"follow","max-snippet":"max-snippet:-1","max-image-preview":"max-image-preview:large","max-video-preview":"max-video-preview:-1"},"og_locale":"lv_LV","og_type":"article","og_title":"Priv\u0101tuma inform\u0101cija\u00a0- GDPR - Legal","og_description":"M\u0101rketings politika atbilst Eiropas Parlamenta un Padomes Regulai (ES) 2016\/679 (VDAR) ar t\u0101s groz\u012bjumiem un papildin\u0101jumiem Datu p\u0101rzinis: BESTWAY EUROPE S.P.A., juridisk\u0101 adrese San Giuliano Milanese (Mi), via Resistenza 5 (\u201cBESTWAY\u201d), It\u0101lija. Datu aizsardz\u012bbas speci\u0101lists: privacy@bestwaycorp.eu Datu p\u0101rzinis apstr\u0101d\u0101s t\u0101l\u0101k nor\u0101d\u012btos datus. Saska\u0146\u0101 ar j\u016bsu piekri\u0161anu, ko sniedzat, atz\u012bm\u0113jot izv\u0113les r\u016bti\u0146u, datu p\u0101rzinis apstr\u0101d\u0101s j\u016bsu [&hellip;]","og_url":"https:\/\/legal.bestway.eu\/lv-lv\/privacy-notice\/","og_site_name":"Legal","article_modified_time":"2024-12-11T11:49:07+00:00","twitter_card":"summary_large_image","twitter_misc":{"Est. reading time":"6 minutes"},"schema":{"@context":"https:\/\/schema.org","@graph":[{"@type":"WebPage","@id":"https:\/\/legal.bestway.eu\/lv-lv\/privacy-notice\/","url":"https:\/\/legal.bestway.eu\/lv-lv\/privacy-notice\/","name":"Priv\u0101tuma inform\u0101cija\u00a0- GDPR - Legal","isPartOf":{"@id":"https:\/\/legal.bestway.eu\/lv-lv\/#website"},"datePublished":"2023-10-24T10:37:41+00:00","dateModified":"2024-12-11T11:49:07+00:00","inLanguage":"lv-lv","potentialAction":[{"@type":"ReadAction","target":["https:\/\/legal.bestway.eu\/lv-lv\/privacy-notice\/"]}]},{"@type":"WebSite","@id":"https:\/\/legal.bestway.eu\/lv-lv\/#website","url":"https:\/\/legal.bestway.eu\/lv-lv\/","name":"Legal","description":"Legal","publisher":{"@id":"https:\/\/legal.bestway.eu\/lv-lv\/#organization"},"potentialAction":[{"@type":"SearchAction","target":{"@type":"EntryPoint","urlTemplate":"https:\/\/legal.bestway.eu\/lv-lv\/?s={search_term_string}"},"query-input":{"@type":"PropertyValueSpecification","valueRequired":true,"valueName":"search_term_string"}}],"inLanguage":"lv-lv"},{"@type":"Organization","@id":"https:\/\/legal.bestway.eu\/lv-lv\/#organization","name":"Legal","url":"https:\/\/legal.bestway.eu\/lv-lv\/","logo":{"@type":"ImageObject","inLanguage":"lv-lv","@id":"https:\/\/legal.bestway.eu\/lv-lv\/#\/schema\/logo\/image\/","url":"https:\/\/legal.bestway.eu\/wp-content\/uploads\/sites\/2\/2023\/10\/bw-white-logo@2x.png","contentUrl":"https:\/\/legal.bestway.eu\/wp-content\/uploads\/sites\/2\/2023\/10\/bw-white-logo@2x.png","width":348,"height":138,"caption":"Legal"},"image":{"@id":"https:\/\/legal.bestway.eu\/lv-lv\/#\/schema\/logo\/image\/"}}]}},"_links":{"self":[{"href":"https:\/\/legal.bestway.eu\/lv-lv\/wp-json\/wp\/v2\/pages\/7277","targetHints":{"allow":["GET"]}}],"collection":[{"href":"https:\/\/legal.bestway.eu\/lv-lv\/wp-json\/wp\/v2\/pages"}],"about":[{"href":"https:\/\/legal.bestway.eu\/lv-lv\/wp-json\/wp\/v2\/types\/page"}],"author":[{"embeddable":true,"href":"https:\/\/legal.bestway.eu\/lv-lv\/wp-json\/wp\/v2\/users\/9"}],"replies":[{"embeddable":true,"href":"https:\/\/legal.bestway.eu\/lv-lv\/wp-json\/wp\/v2\/comments?post=7277"}],"version-history":[{"count":7,"href":"https:\/\/legal.bestway.eu\/lv-lv\/wp-json\/wp\/v2\/pages\/7277\/revisions"}],"predecessor-version":[{"id":7286,"href":"https:\/\/legal.bestway.eu\/lv-lv\/wp-json\/wp\/v2\/pages\/7277\/revisions\/7286"}],"wp:attachment":[{"href":"https:\/\/legal.bestway.eu\/lv-lv\/wp-json\/wp\/v2\/media?parent=7277"}],"curies":[{"name":"wp","href":"https:\/\/api.w.org\/{rel}","templated":true}]}}