{"id":6877,"date":"2023-10-24T11:15:40","date_gmt":"2023-10-24T09:15:40","guid":{"rendered":"https:\/\/legal.bestway.eu\/?page_id=6877"},"modified":"2026-02-10T10:59:52","modified_gmt":"2026-02-10T09:59:52","slug":"warranty-extension","status":"publish","type":"page","link":"https:\/\/legal.bestway.eu\/lu-fr\/warranty-extension\/","title":{"rendered":"Garantie Bestway"},"content":{"rendered":"\t\t<div data-elementor-type=\"wp-page\" data-elementor-id=\"6877\" class=\"elementor elementor-6877\" data-elementor-post-type=\"page\">\n\t\t\t\t<div class=\"elementor-element elementor-element-201a7b e-flex e-con-boxed e-con e-parent\" data-id=\"201a7b\" data-element_type=\"container\" data-e-type=\"container\">\n\t\t\t\t\t<div class=\"e-con-inner\">\n\t\t\t\t<div class=\"elementor-element elementor-element-3862fa4 elementor-widget elementor-widget-text-editor\" data-id=\"3862fa4\" data-element_type=\"widget\" data-e-type=\"widget\" data-widget_type=\"text-editor.default\">\n\t\t\t\t<div class=\"elementor-widget-container\">\n\t\t\t\t\t\t\t\t\t<p>Vous trouverez ci-dessous les conditions de garantie appliqu\u00e9es par BESTWAY EUROPE S.p.A., dont le si\u00e8ge social est situ\u00e9 Via della Resistenza n. 5, San Giuliano Milanese (20098) &#8211; Milan, Italie (ci-apr\u00e8s \u00ab BESTWAY \u00bb), sur les produits vendus dans l&#8217;Espace \u00e9conomique europ\u00e9en sous la marque BESTWAY.<\/p>\t\t\t\t\t\t\t\t<\/div>\n\t\t\t\t<\/div>\n\t\t\t\t\t<\/div>\n\t\t\t\t<\/div>\n\t\t<div class=\"elementor-element elementor-element-2d7f1d1b e-flex e-con-boxed e-con e-parent\" data-id=\"2d7f1d1b\" data-element_type=\"container\" data-e-type=\"container\">\n\t\t\t\t\t<div class=\"e-con-inner\">\n\t\t\t\t<div class=\"elementor-element elementor-element-2b19393 elementor-widget elementor-widget-heading\" data-id=\"2b19393\" data-element_type=\"widget\" data-e-type=\"widget\" data-widget_type=\"heading.default\">\n\t\t\t\t<div class=\"elementor-widget-container\">\n\t\t\t\t\t<h2 class=\"elementor-heading-title elementor-size-default\">Garantie l\u00e9gale<\/h2>\t\t\t\t<\/div>\n\t\t\t\t<\/div>\n\t\t\t\t<div class=\"elementor-element elementor-element-45a226b elementor-widget elementor-widget-text-editor\" data-id=\"45a226b\" data-element_type=\"widget\" data-e-type=\"widget\" data-widget_type=\"text-editor.default\">\n\t\t\t\t<div class=\"elementor-widget-container\">\n\t\t\t\t\t\t\t\t\t<p>1.1 La garantie l\u00e9gale est pr\u00e9vue par les directives europ\u00e9ennes 1999\/44\/EC et 2019\/771\/EC, qui visent \u00e0 prot\u00e9ger le Consommateur, tel que d\u00e9fini ci-apr\u00e8s, dans le cas o\u00f9 les biens achet\u00e9s (\u00ab Produits \u00bb) pr\u00e9sentent des d\u00e9fauts de conformit\u00e9.<\/p><ul class=\"points-list-blue\">\n<\/ul>\n<p>1.2 Conform\u00e9ment aux directives europ\u00e9ennes pr\u00e9cit\u00e9es, le Consommateur est toute personne physique qui ach\u00e8te un Produit \u00e0 des fins non li\u00e9es \u00e0 son activit\u00e9, son activit\u00e9 commerciale, son m\u00e9tier, son artisanat ou sa profession (le \u00ab Consommateur \u00bb).<\/p>\n<p>1.3 La garantie l\u00e9gale est d\u2019une dur\u00e9e de 24 mois \u00e0 compter de la livraison des biens au consommateur. Veuillez noter que les conditions stipul\u00e9es dans les directives mentionn\u00e9es ne s\u2019appliquent pas en dehors des pays de l\u2019Espace \u00e9conomique europ\u00e9en pour lesquels la l\u00e9gislation locale pertinente s\u2019applique.<\/p>\n<p>1.4 Si le Consommateur estime qu&#8217;il a achet\u00e9 un Produit avec un d\u00e9faut de conformit\u00e9, le Consommateur doit contacter son d\u00e9taillant pour utiliser la garantie correspondante.<\/p>\n<p>1.5 BESTWAY doit fournir la garantie, pour tout d\u00e9faut \u00e9ventuel de conformit\u00e9 des Produits, \u00e0 tout Consommateur qui a achet\u00e9 les Produits directement aupr\u00e8s de BESTWAY lui-m\u00eame.<\/p>\t\t\t\t\t\t\t\t<\/div>\n\t\t\t\t<\/div>\n\t\t\t\t<div class=\"elementor-element elementor-element-7112739 elementor-widget elementor-widget-heading\" data-id=\"7112739\" data-element_type=\"widget\" data-e-type=\"widget\" data-widget_type=\"heading.default\">\n\t\t\t\t<div class=\"elementor-widget-container\">\n\t\t\t\t\t<h2 class=\"elementor-heading-title elementor-size-default\">Garantie du fabricant<\/h2>\t\t\t\t<\/div>\n\t\t\t\t<\/div>\n\t\t\t\t<div class=\"elementor-element elementor-element-0f3351f elementor-widget elementor-widget-text-editor\" data-id=\"0f3351f\" data-element_type=\"widget\" data-e-type=\"widget\" data-widget_type=\"text-editor.default\">\n\t\t\t\t<div class=\"elementor-widget-container\">\n\t\t\t\t\t\t\t\t\t<p>Sous r\u00e9serve des garanties et pr\u00e9rogatives pr\u00e9vues par la loi et sans pr\u00e9judice de la possibilit\u00e9 pour le consommateur de faire jouer la garantie l\u00e9gale susmentionn\u00e9e, BESTWAY offre une garantie suppl\u00e9mentaire (\u00ab Garantie Fabricant BESTWAY \u00bb) sur les \u00e9ventuels d\u00e9fauts de conformit\u00e9, applicable \u00e0 une gamme limit\u00e9e de Produits.<\/p><p><a href=\"https:\/\/legal.bestway.eu\/lu-fr\/privacy-notice\/\" target=\"_blank\" rel=\"noopener\">Cliquez ici<\/a> pour conna\u00eetre les conditions g\u00e9n\u00e9rales, la gamme de produits couverts et la mani\u00e8re de l&#8217;activer.<\/p>\t\t\t\t\t\t\t\t<\/div>\n\t\t\t\t<\/div>\n\t\t\t\t\t<\/div>\n\t\t\t\t<\/div>\n\t\t\t\t<\/div>\n\t\t","protected":false},"excerpt":{"rendered":"<p>Vous trouverez ci-dessous les conditions de garantie appliqu\u00e9es par BESTWAY EUROPE S.p.A., dont le si\u00e8ge social est situ\u00e9 Via della Resistenza n. 5, San Giuliano Milanese (20098) &#8211; Milan, Italie (ci-apr\u00e8s \u00ab BESTWAY \u00bb), sur les produits vendus dans l&#8217;Espace \u00e9conomique europ\u00e9en sous la marque BESTWAY. Garantie l\u00e9gale 1.1 La garantie l\u00e9gale est pr\u00e9vue par [&hellip;]<\/p>\n","protected":false},"author":9,"featured_media":0,"parent":0,"menu_order":0,"comment_status":"closed","ping_status":"closed","template":"","meta":{"_acf_changed":false,"site-sidebar-layout":"no-sidebar","site-content-layout":"page-builder","ast-site-content-layout":"full-width-container","site-content-style":"default","site-sidebar-style":"default","ast-global-header-display":"","ast-banner-title-visibility":"","ast-main-header-display":"","ast-hfb-above-header-display":"","ast-hfb-below-header-display":"","ast-hfb-mobile-header-display":"","site-post-title":"disabled","ast-breadcrumbs-content":"","ast-featured-img":"disabled","footer-sml-layout":"","ast-disable-related-posts":"","theme-transparent-header-meta":"","adv-header-id-meta":"","stick-header-meta":"","header-above-stick-meta":"","header-main-stick-meta":"","header-below-stick-meta":"","astra-migrate-meta-layouts":"set","ast-page-background-enabled":"default","ast-page-background-meta":{"desktop":{"background-color":"var(--ast-global-color-4)","background-image":"","background-repeat":"repeat","background-position":"center center","background-size":"auto","background-attachment":"scroll","background-type":"","background-media":"","overlay-type":"","overlay-color":"","overlay-opacity":"","overlay-gradient":""},"tablet":{"background-color":"","background-image":"","background-repeat":"repeat","background-position":"center center","background-size":"auto","background-attachment":"scroll","background-type":"","background-media":"","overlay-type":"","overlay-color":"","overlay-opacity":"","overlay-gradient":""},"mobile":{"background-color":"","background-image":"","background-repeat":"repeat","background-position":"center center","background-size":"auto","background-attachment":"scroll","background-type":"","background-media":"","overlay-type":"","overlay-color":"","overlay-opacity":"","overlay-gradient":""}},"ast-content-background-meta":{"desktop":{"background-color":"var(--ast-global-color-5)","background-image":"","background-repeat":"repeat","background-position":"center center","background-size":"auto","background-attachment":"scroll","background-type":"","background-media":"","overlay-type":"","overlay-color":"","overlay-opacity":"","overlay-gradient":""},"tablet":{"background-color":"var(--ast-global-color-5)","background-image":"","background-repeat":"repeat","background-position":"center center","background-size":"auto","background-attachment":"scroll","background-type":"","background-media":"","overlay-type":"","overlay-color":"","overlay-opacity":"","overlay-gradient":""},"mobile":{"background-color":"var(--ast-global-color-5)","background-image":"","background-repeat":"repeat","background-position":"center center","background-size":"auto","background-attachment":"scroll","background-type":"","background-media":"","overlay-type":"","overlay-color":"","overlay-opacity":"","overlay-gradient":""}},"footnotes":""},"class_list":["post-6877","page","type-page","status-publish","hentry"],"acf":[],"yoast_head":"<!-- This site is optimized with the Yoast SEO plugin v27.4 - https:\/\/yoast.com\/product\/yoast-seo-wordpress\/ -->\n<title>Garantie Bestway - Legal<\/title>\n<meta name=\"robots\" content=\"noindex, follow, max-snippet:-1, max-image-preview:large, max-video-preview:-1\" \/>\n<meta property=\"og:locale\" content=\"en_US\" \/>\n<meta property=\"og:type\" content=\"article\" \/>\n<meta property=\"og:title\" content=\"Garantie Bestway - Legal\" \/>\n<meta property=\"og:description\" content=\"Vous trouverez ci-dessous les conditions de garantie appliqu\u00e9es par BESTWAY EUROPE S.p.A., dont le si\u00e8ge social est situ\u00e9 Via della Resistenza n. 5, San Giuliano Milanese (20098) &#8211; Milan, Italie (ci-apr\u00e8s \u00ab BESTWAY \u00bb), sur les produits vendus dans l&#8217;Espace \u00e9conomique europ\u00e9en sous la marque BESTWAY. Garantie l\u00e9gale 1.1 La garantie l\u00e9gale est pr\u00e9vue par [&hellip;]\" \/>\n<meta property=\"og:url\" content=\"https:\/\/legal.bestway.eu\/lu-fr\/warranty-extension\/\" \/>\n<meta property=\"og:site_name\" content=\"Legal\" \/>\n<meta property=\"article:modified_time\" content=\"2026-02-10T09:59:52+00:00\" \/>\n<meta name=\"twitter:card\" content=\"summary_large_image\" \/>\n<meta name=\"twitter:label1\" content=\"Est. reading time\" \/>\n\t<meta name=\"twitter:data1\" content=\"2 minutes\" \/>\n<script type=\"application\/ld+json\" class=\"yoast-schema-graph\">{\"@context\":\"https:\\\/\\\/schema.org\",\"@graph\":[{\"@type\":\"WebPage\",\"@id\":\"https:\\\/\\\/legal.bestway.eu\\\/lu-fr\\\/warranty-extension\\\/\",\"url\":\"https:\\\/\\\/legal.bestway.eu\\\/lu-fr\\\/warranty-extension\\\/\",\"name\":\"Garantie Bestway - Legal\",\"isPartOf\":{\"@id\":\"https:\\\/\\\/legal.bestway.eu\\\/lu-fr\\\/#website\"},\"datePublished\":\"2023-10-24T09:15:40+00:00\",\"dateModified\":\"2026-02-10T09:59:52+00:00\",\"inLanguage\":\"lu-fr\",\"potentialAction\":[{\"@type\":\"ReadAction\",\"target\":[\"https:\\\/\\\/legal.bestway.eu\\\/lu-fr\\\/warranty-extension\\\/\"]}]},{\"@type\":\"WebSite\",\"@id\":\"https:\\\/\\\/legal.bestway.eu\\\/lu-fr\\\/#website\",\"url\":\"https:\\\/\\\/legal.bestway.eu\\\/lu-fr\\\/\",\"name\":\"Legal\",\"description\":\"Legal\",\"publisher\":{\"@id\":\"https:\\\/\\\/legal.bestway.eu\\\/lu-fr\\\/#organization\"},\"potentialAction\":[{\"@type\":\"SearchAction\",\"target\":{\"@type\":\"EntryPoint\",\"urlTemplate\":\"https:\\\/\\\/legal.bestway.eu\\\/lu-fr\\\/?s={search_term_string}\"},\"query-input\":{\"@type\":\"PropertyValueSpecification\",\"valueRequired\":true,\"valueName\":\"search_term_string\"}}],\"inLanguage\":\"lu-fr\"},{\"@type\":\"Organization\",\"@id\":\"https:\\\/\\\/legal.bestway.eu\\\/lu-fr\\\/#organization\",\"name\":\"Legal\",\"url\":\"https:\\\/\\\/legal.bestway.eu\\\/lu-fr\\\/\",\"logo\":{\"@type\":\"ImageObject\",\"inLanguage\":\"lu-fr\",\"@id\":\"https:\\\/\\\/legal.bestway.eu\\\/lu-fr\\\/#\\\/schema\\\/logo\\\/image\\\/\",\"url\":\"https:\\\/\\\/legal.bestway.eu\\\/wp-content\\\/uploads\\\/sites\\\/2\\\/2023\\\/10\\\/bw-white-logo@2x.png\",\"contentUrl\":\"https:\\\/\\\/legal.bestway.eu\\\/wp-content\\\/uploads\\\/sites\\\/2\\\/2023\\\/10\\\/bw-white-logo@2x.png\",\"width\":348,\"height\":138,\"caption\":\"Legal\"},\"image\":{\"@id\":\"https:\\\/\\\/legal.bestway.eu\\\/lu-fr\\\/#\\\/schema\\\/logo\\\/image\\\/\"}}]}<\/script>\n<!-- \/ Yoast SEO plugin. -->","yoast_head_json":{"title":"Garantie Bestway - Legal","robots":{"index":"noindex","follow":"follow","max-snippet":"max-snippet:-1","max-image-preview":"max-image-preview:large","max-video-preview":"max-video-preview:-1"},"og_locale":"en_US","og_type":"article","og_title":"Garantie Bestway - Legal","og_description":"Vous trouverez ci-dessous les conditions de garantie appliqu\u00e9es par BESTWAY EUROPE S.p.A., dont le si\u00e8ge social est situ\u00e9 Via della Resistenza n. 5, San Giuliano Milanese (20098) &#8211; Milan, Italie (ci-apr\u00e8s \u00ab BESTWAY \u00bb), sur les produits vendus dans l&#8217;Espace \u00e9conomique europ\u00e9en sous la marque BESTWAY. Garantie l\u00e9gale 1.1 La garantie l\u00e9gale est pr\u00e9vue par [&hellip;]","og_url":"https:\/\/legal.bestway.eu\/lu-fr\/warranty-extension\/","og_site_name":"Legal","article_modified_time":"2026-02-10T09:59:52+00:00","twitter_card":"summary_large_image","twitter_misc":{"Est. reading time":"2 minutes"},"schema":{"@context":"https:\/\/schema.org","@graph":[{"@type":"WebPage","@id":"https:\/\/legal.bestway.eu\/lu-fr\/warranty-extension\/","url":"https:\/\/legal.bestway.eu\/lu-fr\/warranty-extension\/","name":"Garantie Bestway - Legal","isPartOf":{"@id":"https:\/\/legal.bestway.eu\/lu-fr\/#website"},"datePublished":"2023-10-24T09:15:40+00:00","dateModified":"2026-02-10T09:59:52+00:00","inLanguage":"lu-fr","potentialAction":[{"@type":"ReadAction","target":["https:\/\/legal.bestway.eu\/lu-fr\/warranty-extension\/"]}]},{"@type":"WebSite","@id":"https:\/\/legal.bestway.eu\/lu-fr\/#website","url":"https:\/\/legal.bestway.eu\/lu-fr\/","name":"Legal","description":"Legal","publisher":{"@id":"https:\/\/legal.bestway.eu\/lu-fr\/#organization"},"potentialAction":[{"@type":"SearchAction","target":{"@type":"EntryPoint","urlTemplate":"https:\/\/legal.bestway.eu\/lu-fr\/?s={search_term_string}"},"query-input":{"@type":"PropertyValueSpecification","valueRequired":true,"valueName":"search_term_string"}}],"inLanguage":"lu-fr"},{"@type":"Organization","@id":"https:\/\/legal.bestway.eu\/lu-fr\/#organization","name":"Legal","url":"https:\/\/legal.bestway.eu\/lu-fr\/","logo":{"@type":"ImageObject","inLanguage":"lu-fr","@id":"https:\/\/legal.bestway.eu\/lu-fr\/#\/schema\/logo\/image\/","url":"https:\/\/legal.bestway.eu\/wp-content\/uploads\/sites\/2\/2023\/10\/bw-white-logo@2x.png","contentUrl":"https:\/\/legal.bestway.eu\/wp-content\/uploads\/sites\/2\/2023\/10\/bw-white-logo@2x.png","width":348,"height":138,"caption":"Legal"},"image":{"@id":"https:\/\/legal.bestway.eu\/lu-fr\/#\/schema\/logo\/image\/"}}]}},"_links":{"self":[{"href":"https:\/\/legal.bestway.eu\/lu-fr\/wp-json\/wp\/v2\/pages\/6877","targetHints":{"allow":["GET"]}}],"collection":[{"href":"https:\/\/legal.bestway.eu\/lu-fr\/wp-json\/wp\/v2\/pages"}],"about":[{"href":"https:\/\/legal.bestway.eu\/lu-fr\/wp-json\/wp\/v2\/types\/page"}],"author":[{"embeddable":true,"href":"https:\/\/legal.bestway.eu\/lu-fr\/wp-json\/wp\/v2\/users\/9"}],"replies":[{"embeddable":true,"href":"https:\/\/legal.bestway.eu\/lu-fr\/wp-json\/wp\/v2\/comments?post=6877"}],"version-history":[{"count":7,"href":"https:\/\/legal.bestway.eu\/lu-fr\/wp-json\/wp\/v2\/pages\/6877\/revisions"}],"predecessor-version":[{"id":9079,"href":"https:\/\/legal.bestway.eu\/lu-fr\/wp-json\/wp\/v2\/pages\/6877\/revisions\/9079"}],"wp:attachment":[{"href":"https:\/\/legal.bestway.eu\/lu-fr\/wp-json\/wp\/v2\/media?parent=6877"}],"curies":[{"name":"wp","href":"https:\/\/api.w.org\/{rel}","templated":true}]}}