{"id":8694,"date":"2025-06-09T15:47:15","date_gmt":"2025-06-09T13:47:15","guid":{"rendered":"https:\/\/legal.bestway.eu\/accessibility\/"},"modified":"2025-06-23T09:50:09","modified_gmt":"2025-06-23T07:50:09","slug":"accessibility","status":"publish","type":"page","link":"https:\/\/legal.bestway.eu\/lt-lt\/accessibility\/","title":{"rendered":"Prieinamumas"},"content":{"rendered":"\t\t<div data-elementor-type=\"wp-page\" data-elementor-id=\"8694\" class=\"elementor elementor-8694\" data-elementor-post-type=\"page\">\n\t\t\t\t<div class=\"elementor-element elementor-element-5b5bf09 e-flex e-con-boxed e-con e-parent\" data-id=\"5b5bf09\" data-element_type=\"container\" data-e-type=\"container\">\n\t\t\t\t\t<div class=\"e-con-inner\">\n\t\t\t\t<div class=\"elementor-element elementor-element-febc057 elementor-widget elementor-widget-text-editor\" data-id=\"febc057\" data-element_type=\"widget\" data-e-type=\"widget\" data-widget_type=\"text-editor.default\">\n\t\t\t\t<div class=\"elementor-widget-container\">\n\t\t\t\t\t\t\t\t\t<p>Tikime, kad internetas tur\u0117t\u0173 b\u016bti prieinamas visiems, tod\u0117l esame \u012fsipareigoj\u0119 teikti svetain\u0119, kuri b\u016bt\u0173 prieinama kuo platesnei auditorijai.<\/p><p>Mes link\u0119 laikytis Pasaulinio \u017einiatinklio konsorciumo (W3C) \u017einiatinklio turinio prieinamumo gairi\u0173 2.1 (WCAG 2.1). \u0160iose gair\u0117se paai\u0161kinama, kaip padaryti \u017einiatinklio turin\u012f prieinam\u0105 \u017emon\u0117ms, turintiems \u012fvairi\u0173 poreiki\u0173. \u0160i\u0173 gairi\u0173 laikymasis padeda mums u\u017etikrinti, kad m\u016bs\u0173 svetain\u0117s b\u016bt\u0173 prieinamos kuo platesniam \u017emoni\u0173 skai\u010diui.<\/p>\t\t\t\t\t\t\t\t<\/div>\n\t\t\t\t<\/div>\n\t\t\t\t<div class=\"elementor-element elementor-element-a41cc72 elementor-widget elementor-widget-heading\" data-id=\"a41cc72\" data-element_type=\"widget\" data-e-type=\"widget\" data-widget_type=\"heading.default\">\n\t\t\t\t<div class=\"elementor-widget-container\">\n\t\t\t\t\t<h2 class=\"elementor-heading-title elementor-size-default\">Prieinamumo parei\u0161kimai<\/h2>\t\t\t\t<\/div>\n\t\t\t\t<\/div>\n\t\t\t\t<div class=\"elementor-element elementor-element-dd82ffd elementor-widget elementor-widget-n-accordion\" data-id=\"dd82ffd\" data-element_type=\"widget\" data-e-type=\"widget\" data-settings=\"{&quot;max_items_expended&quot;:&quot;multiple&quot;,&quot;default_state&quot;:&quot;expanded&quot;,&quot;n_accordion_animation_duration&quot;:{&quot;unit&quot;:&quot;ms&quot;,&quot;size&quot;:400,&quot;sizes&quot;:[]}}\" data-widget_type=\"nested-accordion.default\">\n\t\t\t\t<div class=\"elementor-widget-container\">\n\t\t\t\t\t\t\t<div class=\"e-n-accordion\" aria-label=\"Accordion. Open links with Enter or Space, close with Escape, and navigate with Arrow Keys\">\n\t\t\t\t\t\t<details id=\"e-n-accordion-item-2320\" class=\"e-n-accordion-item\" open>\n\t\t\t\t<summary class=\"e-n-accordion-item-title\" data-accordion-index=\"1\" tabindex=\"0\" aria-expanded=\"true\" aria-controls=\"e-n-accordion-item-2320\" >\n\t\t\t\t\t<span class='e-n-accordion-item-title-header'><div class=\"e-n-accordion-item-title-text\"> Pagalbos svetain\u0117 (support.bestway.eu) <\/div><\/span>\n\t\t\t\t\t\t\t<span class='e-n-accordion-item-title-icon'>\n\t\t\t<span class='e-opened' ><i aria-hidden=\"true\" class=\"fas fa-minus\"><\/i><\/span>\n\t\t\t<span class='e-closed'><i aria-hidden=\"true\" class=\"fas fa-plus\"><\/i><\/span>\n\t\t<\/span>\n\n\t\t\t\t\t\t<\/summary>\n\t\t\t\t<div role=\"region\" aria-labelledby=\"e-n-accordion-item-2320\" class=\"elementor-element elementor-element-0ab357d e-con-full e-flex e-con e-child\" data-id=\"0ab357d\" data-element_type=\"container\" data-e-type=\"container\">\n\t\t\t\t<div class=\"elementor-element elementor-element-7f3cfd0 elementor-widget elementor-widget-text-editor\" data-id=\"7f3cfd0\" data-element_type=\"widget\" data-e-type=\"widget\" data-widget_type=\"text-editor.default\">\n\t\t\t\t<div class=\"elementor-widget-container\">\n\t\t\t\t\t\t\t\t\t<p data-start=\"101\" data-end=\"170\"><strong data-start=\"101\" data-end=\"170\">\u0160is prieinamumo parei\u0161kimas taikomas: https:\/\/support.bestway.eu.<\/strong><\/p><p data-start=\"172\" data-end=\"331\"><strong data-start=\"172\" data-end=\"214\">Atitikties b\u016bsena: I\u0161 dalies atitinka.<\/strong><br data-start=\"214\" data-end=\"217\" \/>\u0160i svetain\u0117 i\u0161 dalies atitinka UNI CEI EN 301549 standarto A priedo reikalavimus d\u0117l toliau i\u0161vardyt\u0173 neatitikim\u0173.<\/p><p data-start=\"463\" data-end=\"496\"><strong data-start=\"463\" data-end=\"494\">1.1.1 \u2013 Netekstinis turinys<\/strong><\/p><ul data-start=\"497\" data-end=\"804\"><li data-start=\"497\" data-end=\"601\"><p data-start=\"499\" data-end=\"601\">Kai kuriems paveiksl\u0117liams tr\u016bksta <code data-start=\"534\" data-end=\"539\">alt<\/code> atributo arba pateikiamas neapra\u0161omas alternatyvus tekstas.<\/p><\/li><li data-start=\"602\" data-end=\"696\"><p data-start=\"604\" data-end=\"696\">Kai kuriems <code data-start=\"616\" data-end=\"624\">iframe<\/code> tr\u016bksta alternatyvaus teksto per <code data-start=\"658\" data-end=\"665\">title<\/code> arba <code data-start=\"671\" data-end=\"683\">aria-label<\/code> atributus.<\/p><\/li><li data-start=\"697\" data-end=\"804\"><p data-start=\"699\" data-end=\"804\">Kai kurie tik vizualinio pateikimo elementai neturi <code data-start=\"751\" data-end=\"772\">role=\"presentation\"<\/code> arba <code data-start=\"778\" data-end=\"798\">aria-hidden=\"true\"<\/code> \u017eym\u0173.<\/p><\/li><\/ul><p data-start=\"806\" data-end=\"841\"><strong data-start=\"806\" data-end=\"839\">1.3.1 \u2013 Informacija ir ry\u0161iai<\/strong><\/p><ul data-start=\"842\" data-end=\"1215\"><li data-start=\"842\" data-end=\"942\"><p data-start=\"844\" data-end=\"942\">Keli konteineriniai elementai DOM strukt\u016broje yra tu\u0161ti, d\u0117l to susidaro nesemanti\u0161ka strukt\u016bra.<\/p><\/li><li data-start=\"943\" data-end=\"1031\"><p data-start=\"945\" data-end=\"1031\">Kai kuriems form\u0173 laukams tr\u016bksta susiet\u0173 \u017eym\u0173 per <code data-start=\"996\" data-end=\"1005\">&lt;label&gt;<\/code> arba <code data-start=\"1011\" data-end=\"1028\">aria-labelledby<\/code>.<\/p><\/li><li data-start=\"1032\" data-end=\"1092\"><p data-start=\"1034\" data-end=\"1092\">Kai kuriuose tekstuose tr\u016bksta ARIA vaidmen\u0173 ar savybi\u0173.<\/p><\/li><li data-start=\"1093\" data-end=\"1215\"><p data-start=\"1095\" data-end=\"1215\">Kai kuriuose dokumentuose n\u0117ra semantini\u0173 antra\u0161\u010di\u0173 (<code data-start=\"1148\" data-end=\"1157\">heading<\/code>), tod\u0117l sunku nar\u0161yti naudojant pagalbines technologijas.<\/p><\/li><\/ul><p data-start=\"1217\" data-end=\"1303\"><strong data-start=\"1217\" data-end=\"1301\">1.3.2 \/ 2.1.1 \/ 2.4.3 \u2013 Reik\u0161minga tvarka, prieiga klaviat\u016bra, fokusavimo tvarka<\/strong><\/p><ul data-start=\"1304\" data-end=\"1454\"><li data-start=\"1304\" data-end=\"1454\"><p data-start=\"1306\" data-end=\"1454\">Kai kuriuose dokumentuose skaitymo ir nar\u0161ymo tvarka neatitinka vizualinio i\u0161d\u0117stymo, tod\u0117l kyla sunkum\u0173 naudojant klaviat\u016br\u0105 ar ekrano skaitytuvus.<\/p><\/li><\/ul><p data-start=\"1456\" data-end=\"1492\"><strong data-start=\"1456\" data-end=\"1490\">1.4.3 \u2013 Kontrastas (minimalus)<\/strong><\/p><ul data-start=\"1493\" data-end=\"1588\"><li data-start=\"1493\" data-end=\"1588\"><p data-start=\"1495\" data-end=\"1588\">Kai kuriuose elementuose teksto ir fono spalv\u0173 kontrastas nesiekia minimalaus 4.5:1 santykio.<\/p><\/li><\/ul><p data-start=\"1590\" data-end=\"1622\"><strong data-start=\"1590\" data-end=\"1620\">1.4.4 \u2013 Teksto padidinimas<\/strong><\/p><ul data-start=\"1623\" data-end=\"1690\"><li data-start=\"1623\" data-end=\"1690\"><p data-start=\"1625\" data-end=\"1690\">Kai kurie tekstai pasislenka arba persidengia taikant padidinim\u0105.<\/p><\/li><\/ul><p data-start=\"1692\" data-end=\"1736\"><strong data-start=\"1692\" data-end=\"1734\">1.4.10 \u2013 Turinio pertvarkymas (Reflow)<\/strong><\/p><ul data-start=\"1737\" data-end=\"1864\"><li data-start=\"1737\" data-end=\"1864\"><p data-start=\"1739\" data-end=\"1864\">Kai kurie puslapiai ar komponentai netinkamai valdo mastelio keitim\u0105 ar i\u0161d\u0117stymo pakeitimus, d\u0117l ko kyla i\u0161d\u0117stymo problem\u0173.<\/p><\/li><\/ul><p data-start=\"1866\" data-end=\"1903\"><strong data-start=\"1866\" data-end=\"1901\">2.4.1 \u2013 Per\u0161okti turinio blokus<\/strong><\/p><ul data-start=\"1904\" data-end=\"1991\"><li data-start=\"1904\" data-end=\"1991\"><p data-start=\"1906\" data-end=\"1991\">Kai kuriuose puslapiuose tr\u016bksta klaviat\u016bra pasiekiamos nuorodos \u201ePer\u0161okti \u012f turin\u012f\u201c.<\/p><\/li><\/ul><p data-start=\"1993\" data-end=\"2027\"><strong data-start=\"1993\" data-end=\"2025\">2.4.2 \u2013 Puslapio pavadinimas<\/strong><\/p><ul data-start=\"2028\" data-end=\"2157\"><li data-start=\"2028\" data-end=\"2157\"><p data-start=\"2030\" data-end=\"2157\">Kai kuri\u0173 dokument\u0173 meta\u017eymose n\u0117ra puslapio pavadinimo, tod\u0117l sunkiau atpa\u017einti turin\u012f naudojant pagalbines nar\u0161ymo priemones.<\/p><\/li><\/ul><p data-start=\"2159\" data-end=\"2203\"><strong data-start=\"2159\" data-end=\"2201\">2.4.4 \u2013 Nuorodos paskirtis (kontekste)<\/strong><\/p><ul data-start=\"2204\" data-end=\"2268\"><li data-start=\"2204\" data-end=\"2268\"><p data-start=\"2206\" data-end=\"2268\">Kai kurioms nuorodoms tr\u016bksta reik\u0161mingo alternatyvaus teksto.<\/p><\/li><\/ul><p data-start=\"2270\" data-end=\"2305\"><strong data-start=\"2270\" data-end=\"2303\">2.4.6 \u2013 Antra\u0161t\u0117s ir etiket\u0117s<\/strong><\/p><ul data-start=\"2306\" data-end=\"2379\"><li data-start=\"2306\" data-end=\"2379\"><p data-start=\"2308\" data-end=\"2379\">Kai kuriuose puslapiuose tr\u016bksta semantini\u0173 antra\u0161\u010di\u0173 ar <code data-start=\"2365\" data-end=\"2373\">header<\/code> \u017eym\u0173.<\/p><\/li><\/ul><p data-start=\"2381\" data-end=\"2409\"><strong data-start=\"2381\" data-end=\"2407\">3.1.1 \u2013 Puslapio kalba<\/strong><\/p><ul data-start=\"2410\" data-end=\"2516\"><li data-start=\"2410\" data-end=\"2516\"><p data-start=\"2412\" data-end=\"2516\">Dokumente n\u0117ra nustatyta numatytoji kalba, tod\u0117l ekrano skaitytuvai gali neteisingai perskaityti tekst\u0105.<\/p><\/li><\/ul><p data-start=\"2518\" data-end=\"2561\"><strong data-start=\"2518\" data-end=\"2559\">4.1.2 \u2013 Pavadinimas, vaidmuo, reik\u0161m\u0117<\/strong><\/p><ul data-start=\"2562\" data-end=\"2710\"><li data-start=\"2562\" data-end=\"2624\"><p data-start=\"2564\" data-end=\"2624\">Keli mygtukai neturi tekstini\u0173 etike\u010di\u0173 arba <code data-start=\"2609\" data-end=\"2621\">aria-label<\/code>.<\/p><\/li><li data-start=\"2625\" data-end=\"2710\"><p data-start=\"2627\" data-end=\"2710\">Kai kurie ARIA atributai turi netinkamas ar specifikacij\u0173 neatitinkan\u010dias reik\u0161mes.<\/p><\/li><\/ul>\t\t\t\t\t\t\t\t<\/div>\n\t\t\t\t<\/div>\n\t\t\t\t<\/div>\n\t\t\t\t\t<\/details>\n\t\t\t\t\t<\/div>\n\t\t\t\t\t\t<\/div>\n\t\t\t\t<\/div>\n\t\t\t\t<div class=\"elementor-element elementor-element-3003df7 elementor-widget elementor-widget-heading\" data-id=\"3003df7\" data-element_type=\"widget\" data-e-type=\"widget\" data-widget_type=\"heading.default\">\n\t\t\t\t<div class=\"elementor-widget-container\">\n\t\t\t\t\t<h2 class=\"elementor-heading-title elementor-size-default\">Komentarai ir atsiliepimai<\/h2>\t\t\t\t<\/div>\n\t\t\t\t<\/div>\n\t\t\t\t<div class=\"elementor-element elementor-element-2b49daa elementor-widget elementor-widget-text-editor\" data-id=\"2b49daa\" data-element_type=\"widget\" data-e-type=\"widget\" data-widget_type=\"text-editor.default\">\n\t\t\t\t<div class=\"elementor-widget-container\">\n\t\t\t\t\t\t\t\t\t<p><span style=\"font-size: 16px;\">Kurdami savo svetaines stengiam\u0117s laikytis skaitmeninio prieinamumo kriterij\u0173, ta\u010diau vis dar gali b\u016bti puslapi\u0173 ar skyri\u0173, kurie n\u0117ra visi\u0161kai prieinami, yra dar tik tampami prieinami arba kuriems tr\u016bksta tinkamo technologinio sprendimo. Nor\u0117dami pateikti atsiliepim\u0173 ar ataskait\u0173, ra\u0161ykite adresu <\/span><a style=\"font-size: 16px; background-color: #ffffff;\" href=\"mailto:accessibility@bestwaycorp.eu\"><strong>accessibility@bestwaycorp.eu<\/strong><\/a><\/p>\t\t\t\t\t\t\t\t<\/div>\n\t\t\t\t<\/div>\n\t\t\t\t\t<\/div>\n\t\t\t\t<\/div>\n\t\t\t\t<\/div>\n\t\t","protected":false},"excerpt":{"rendered":"<p>Tikime, kad internetas tur\u0117t\u0173 b\u016bti prieinamas visiems, tod\u0117l esame \u012fsipareigoj\u0119 teikti svetain\u0119, kuri b\u016bt\u0173 prieinama kuo platesnei auditorijai. Mes link\u0119 laikytis Pasaulinio \u017einiatinklio konsorciumo (W3C) \u017einiatinklio turinio prieinamumo gairi\u0173 2.1 (WCAG 2.1). \u0160iose gair\u0117se paai\u0161kinama, kaip padaryti \u017einiatinklio turin\u012f prieinam\u0105 \u017emon\u0117ms, turintiems \u012fvairi\u0173 poreiki\u0173. \u0160i\u0173 gairi\u0173 laikymasis padeda mums u\u017etikrinti, kad m\u016bs\u0173 svetain\u0117s b\u016bt\u0173 prieinamos [&hellip;]<\/p>\n","protected":false},"author":1,"featured_media":0,"parent":0,"menu_order":0,"comment_status":"closed","ping_status":"closed","template":"","meta":{"_acf_changed":false,"site-sidebar-layout":"no-sidebar","site-content-layout":"page-builder","ast-site-content-layout":"full-width-container","site-content-style":"default","site-sidebar-style":"default","ast-global-header-display":"","ast-banner-title-visibility":"","ast-main-header-display":"","ast-hfb-above-header-display":"","ast-hfb-below-header-display":"","ast-hfb-mobile-header-display":"","site-post-title":"disabled","ast-breadcrumbs-content":"","ast-featured-img":"disabled","footer-sml-layout":"","ast-disable-related-posts":"","theme-transparent-header-meta":"","adv-header-id-meta":"","stick-header-meta":"","header-above-stick-meta":"","header-main-stick-meta":"","header-below-stick-meta":"","astra-migrate-meta-layouts":"set","ast-page-background-enabled":"default","ast-page-background-meta":{"desktop":{"background-color":"var(--ast-global-color-4)","background-image":"","background-repeat":"repeat","background-position":"center center","background-size":"auto","background-attachment":"scroll","background-type":"","background-media":"","overlay-type":"","overlay-color":"","overlay-opacity":"","overlay-gradient":""},"tablet":{"background-color":"","background-image":"","background-repeat":"repeat","background-position":"center center","background-size":"auto","background-attachment":"scroll","background-type":"","background-media":"","overlay-type":"","overlay-color":"","overlay-opacity":"","overlay-gradient":""},"mobile":{"background-color":"","background-image":"","background-repeat":"repeat","background-position":"center center","background-size":"auto","background-attachment":"scroll","background-type":"","background-media":"","overlay-type":"","overlay-color":"","overlay-opacity":"","overlay-gradient":""}},"ast-content-background-meta":{"desktop":{"background-color":"var(--ast-global-color-5)","background-image":"","background-repeat":"repeat","background-position":"center center","background-size":"auto","background-attachment":"scroll","background-type":"","background-media":"","overlay-type":"","overlay-color":"","overlay-opacity":"","overlay-gradient":""},"tablet":{"background-color":"var(--ast-global-color-5)","background-image":"","background-repeat":"repeat","background-position":"center center","background-size":"auto","background-attachment":"scroll","background-type":"","background-media":"","overlay-type":"","overlay-color":"","overlay-opacity":"","overlay-gradient":""},"mobile":{"background-color":"var(--ast-global-color-5)","background-image":"","background-repeat":"repeat","background-position":"center center","background-size":"auto","background-attachment":"scroll","background-type":"","background-media":"","overlay-type":"","overlay-color":"","overlay-opacity":"","overlay-gradient":""}},"footnotes":""},"class_list":["post-8694","page","type-page","status-publish","hentry"],"acf":[],"yoast_head":"<!-- This site is optimized with the Yoast SEO plugin v27.6 - https:\/\/yoast.com\/product\/yoast-seo-wordpress\/ -->\n<title>Prieinamumas - Legal<\/title>\n<meta name=\"robots\" content=\"noindex, follow, max-snippet:-1, max-image-preview:large, max-video-preview:-1\" \/>\n<meta property=\"og:locale\" content=\"lt_LT\" \/>\n<meta property=\"og:type\" content=\"article\" \/>\n<meta property=\"og:title\" content=\"Prieinamumas - Legal\" \/>\n<meta property=\"og:description\" content=\"Tikime, kad internetas tur\u0117t\u0173 b\u016bti prieinamas visiems, tod\u0117l esame \u012fsipareigoj\u0119 teikti svetain\u0119, kuri b\u016bt\u0173 prieinama kuo platesnei auditorijai. Mes link\u0119 laikytis Pasaulinio \u017einiatinklio konsorciumo (W3C) \u017einiatinklio turinio prieinamumo gairi\u0173 2.1 (WCAG 2.1). \u0160iose gair\u0117se paai\u0161kinama, kaip padaryti \u017einiatinklio turin\u012f prieinam\u0105 \u017emon\u0117ms, turintiems \u012fvairi\u0173 poreiki\u0173. \u0160i\u0173 gairi\u0173 laikymasis padeda mums u\u017etikrinti, kad m\u016bs\u0173 svetain\u0117s b\u016bt\u0173 prieinamos [&hellip;]\" \/>\n<meta property=\"og:url\" content=\"https:\/\/legal.bestway.eu\/lt-lt\/accessibility\/\" \/>\n<meta property=\"og:site_name\" content=\"Legal\" \/>\n<meta property=\"article:modified_time\" content=\"2025-06-23T07:50:09+00:00\" \/>\n<meta name=\"twitter:card\" content=\"summary_large_image\" \/>\n<meta name=\"twitter:label1\" content=\"Est. reading time\" \/>\n\t<meta name=\"twitter:data1\" content=\"4 minutes\" \/>\n<script type=\"application\/ld+json\" class=\"yoast-schema-graph\">{\"@context\":\"https:\\\/\\\/schema.org\",\"@graph\":[{\"@type\":\"WebPage\",\"@id\":\"https:\\\/\\\/legal.bestway.eu\\\/lt-lt\\\/accessibility\\\/\",\"url\":\"https:\\\/\\\/legal.bestway.eu\\\/lt-lt\\\/accessibility\\\/\",\"name\":\"Prieinamumas - Legal\",\"isPartOf\":{\"@id\":\"https:\\\/\\\/legal.bestway.eu\\\/lt-lt\\\/#website\"},\"datePublished\":\"2025-06-09T13:47:15+00:00\",\"dateModified\":\"2025-06-23T07:50:09+00:00\",\"inLanguage\":\"lt-lt\",\"potentialAction\":[{\"@type\":\"ReadAction\",\"target\":[\"https:\\\/\\\/legal.bestway.eu\\\/lt-lt\\\/accessibility\\\/\"]}]},{\"@type\":\"WebSite\",\"@id\":\"https:\\\/\\\/legal.bestway.eu\\\/lt-lt\\\/#website\",\"url\":\"https:\\\/\\\/legal.bestway.eu\\\/lt-lt\\\/\",\"name\":\"Legal\",\"description\":\"Legal\",\"publisher\":{\"@id\":\"https:\\\/\\\/legal.bestway.eu\\\/lt-lt\\\/#organization\"},\"potentialAction\":[{\"@type\":\"SearchAction\",\"target\":{\"@type\":\"EntryPoint\",\"urlTemplate\":\"https:\\\/\\\/legal.bestway.eu\\\/lt-lt\\\/?s={search_term_string}\"},\"query-input\":{\"@type\":\"PropertyValueSpecification\",\"valueRequired\":true,\"valueName\":\"search_term_string\"}}],\"inLanguage\":\"lt-lt\"},{\"@type\":\"Organization\",\"@id\":\"https:\\\/\\\/legal.bestway.eu\\\/lt-lt\\\/#organization\",\"name\":\"Legal\",\"url\":\"https:\\\/\\\/legal.bestway.eu\\\/lt-lt\\\/\",\"logo\":{\"@type\":\"ImageObject\",\"inLanguage\":\"lt-lt\",\"@id\":\"https:\\\/\\\/legal.bestway.eu\\\/lt-lt\\\/#\\\/schema\\\/logo\\\/image\\\/\",\"url\":\"https:\\\/\\\/legal.bestway.eu\\\/wp-content\\\/uploads\\\/sites\\\/2\\\/2023\\\/10\\\/bw-white-logo@2x.png\",\"contentUrl\":\"https:\\\/\\\/legal.bestway.eu\\\/wp-content\\\/uploads\\\/sites\\\/2\\\/2023\\\/10\\\/bw-white-logo@2x.png\",\"width\":348,\"height\":138,\"caption\":\"Legal\"},\"image\":{\"@id\":\"https:\\\/\\\/legal.bestway.eu\\\/lt-lt\\\/#\\\/schema\\\/logo\\\/image\\\/\"}}]}<\/script>\n<!-- \/ Yoast SEO plugin. -->","yoast_head_json":{"title":"Prieinamumas - Legal","robots":{"index":"noindex","follow":"follow","max-snippet":"max-snippet:-1","max-image-preview":"max-image-preview:large","max-video-preview":"max-video-preview:-1"},"og_locale":"lt_LT","og_type":"article","og_title":"Prieinamumas - Legal","og_description":"Tikime, kad internetas tur\u0117t\u0173 b\u016bti prieinamas visiems, tod\u0117l esame \u012fsipareigoj\u0119 teikti svetain\u0119, kuri b\u016bt\u0173 prieinama kuo platesnei auditorijai. Mes link\u0119 laikytis Pasaulinio \u017einiatinklio konsorciumo (W3C) \u017einiatinklio turinio prieinamumo gairi\u0173 2.1 (WCAG 2.1). \u0160iose gair\u0117se paai\u0161kinama, kaip padaryti \u017einiatinklio turin\u012f prieinam\u0105 \u017emon\u0117ms, turintiems \u012fvairi\u0173 poreiki\u0173. \u0160i\u0173 gairi\u0173 laikymasis padeda mums u\u017etikrinti, kad m\u016bs\u0173 svetain\u0117s b\u016bt\u0173 prieinamos [&hellip;]","og_url":"https:\/\/legal.bestway.eu\/lt-lt\/accessibility\/","og_site_name":"Legal","article_modified_time":"2025-06-23T07:50:09+00:00","twitter_card":"summary_large_image","twitter_misc":{"Est. reading time":"4 minutes"},"schema":{"@context":"https:\/\/schema.org","@graph":[{"@type":"WebPage","@id":"https:\/\/legal.bestway.eu\/lt-lt\/accessibility\/","url":"https:\/\/legal.bestway.eu\/lt-lt\/accessibility\/","name":"Prieinamumas - Legal","isPartOf":{"@id":"https:\/\/legal.bestway.eu\/lt-lt\/#website"},"datePublished":"2025-06-09T13:47:15+00:00","dateModified":"2025-06-23T07:50:09+00:00","inLanguage":"lt-lt","potentialAction":[{"@type":"ReadAction","target":["https:\/\/legal.bestway.eu\/lt-lt\/accessibility\/"]}]},{"@type":"WebSite","@id":"https:\/\/legal.bestway.eu\/lt-lt\/#website","url":"https:\/\/legal.bestway.eu\/lt-lt\/","name":"Legal","description":"Legal","publisher":{"@id":"https:\/\/legal.bestway.eu\/lt-lt\/#organization"},"potentialAction":[{"@type":"SearchAction","target":{"@type":"EntryPoint","urlTemplate":"https:\/\/legal.bestway.eu\/lt-lt\/?s={search_term_string}"},"query-input":{"@type":"PropertyValueSpecification","valueRequired":true,"valueName":"search_term_string"}}],"inLanguage":"lt-lt"},{"@type":"Organization","@id":"https:\/\/legal.bestway.eu\/lt-lt\/#organization","name":"Legal","url":"https:\/\/legal.bestway.eu\/lt-lt\/","logo":{"@type":"ImageObject","inLanguage":"lt-lt","@id":"https:\/\/legal.bestway.eu\/lt-lt\/#\/schema\/logo\/image\/","url":"https:\/\/legal.bestway.eu\/wp-content\/uploads\/sites\/2\/2023\/10\/bw-white-logo@2x.png","contentUrl":"https:\/\/legal.bestway.eu\/wp-content\/uploads\/sites\/2\/2023\/10\/bw-white-logo@2x.png","width":348,"height":138,"caption":"Legal"},"image":{"@id":"https:\/\/legal.bestway.eu\/lt-lt\/#\/schema\/logo\/image\/"}}]}},"_links":{"self":[{"href":"https:\/\/legal.bestway.eu\/lt-lt\/wp-json\/wp\/v2\/pages\/8694","targetHints":{"allow":["GET"]}}],"collection":[{"href":"https:\/\/legal.bestway.eu\/lt-lt\/wp-json\/wp\/v2\/pages"}],"about":[{"href":"https:\/\/legal.bestway.eu\/lt-lt\/wp-json\/wp\/v2\/types\/page"}],"author":[{"embeddable":true,"href":"https:\/\/legal.bestway.eu\/lt-lt\/wp-json\/wp\/v2\/users\/1"}],"replies":[{"embeddable":true,"href":"https:\/\/legal.bestway.eu\/lt-lt\/wp-json\/wp\/v2\/comments?post=8694"}],"version-history":[{"count":4,"href":"https:\/\/legal.bestway.eu\/lt-lt\/wp-json\/wp\/v2\/pages\/8694\/revisions"}],"predecessor-version":[{"id":8698,"href":"https:\/\/legal.bestway.eu\/lt-lt\/wp-json\/wp\/v2\/pages\/8694\/revisions\/8698"}],"wp:attachment":[{"href":"https:\/\/legal.bestway.eu\/lt-lt\/wp-json\/wp\/v2\/media?parent=8694"}],"curies":[{"name":"wp","href":"https:\/\/api.w.org\/{rel}","templated":true}]}}