{"id":7545,"date":"2023-10-24T11:15:40","date_gmt":"2023-10-24T09:15:40","guid":{"rendered":"https:\/\/legal.bestway.eu\/?page_id=7545"},"modified":"2025-02-10T10:52:05","modified_gmt":"2025-02-10T09:52:05","slug":"warranty-extension","status":"publish","type":"page","link":"https:\/\/legal.bestway.eu\/lt-lt\/warranty-extension\/","title":{"rendered":"Bestway garantija"},"content":{"rendered":"\t\t<div data-elementor-type=\"wp-page\" data-elementor-id=\"7545\" class=\"elementor elementor-7545\" data-elementor-post-type=\"page\">\n\t\t\t\t<div class=\"elementor-element elementor-element-201a7b e-flex e-con-boxed e-con e-parent\" data-id=\"201a7b\" data-element_type=\"container\" data-e-type=\"container\">\n\t\t\t\t\t<div class=\"e-con-inner\">\n\t\t\t\t<div class=\"elementor-element elementor-element-3862fa4 elementor-widget elementor-widget-text-editor\" data-id=\"3862fa4\" data-element_type=\"widget\" data-e-type=\"widget\" data-widget_type=\"text-editor.default\">\n\t\t\t\t<div class=\"elementor-widget-container\">\n\t\t\t\t\t\t\t\t\t<p>\u017demiau pateikiamos garantijos s\u0105lygos, kurias taiko BESTWAY EUROPE S.p.A., kurios registruota buvein\u0117 yra Via della Resistenza n. 5, San Giuliano Milanese (20098 m.) \u2013 Milanas, Italija (toliau \u201eBESTWAY\u201c), apie produktus, parduodamus Europos ekonomin\u0117je erdv\u0117je su prek\u0117s \u017eenklu BESTWAY.<\/p>\t\t\t\t\t\t\t\t<\/div>\n\t\t\t\t<\/div>\n\t\t\t\t\t<\/div>\n\t\t\t\t<\/div>\n\t\t<div class=\"elementor-element elementor-element-2d7f1d1b e-flex e-con-boxed e-con e-parent\" data-id=\"2d7f1d1b\" data-element_type=\"container\" data-e-type=\"container\">\n\t\t\t\t\t<div class=\"e-con-inner\">\n\t\t\t\t<div class=\"elementor-element elementor-element-7112739 elementor-widget elementor-widget-heading\" data-id=\"7112739\" data-element_type=\"widget\" data-e-type=\"widget\" data-widget_type=\"heading.default\">\n\t\t\t\t<div class=\"elementor-widget-container\">\n\t\t\t\t\t<h2 class=\"elementor-heading-title elementor-size-default\">Teisin\u0117 garantija<\/h2>\t\t\t\t<\/div>\n\t\t\t\t<\/div>\n\t\t\t\t<div class=\"elementor-element elementor-element-0f3351f elementor-widget elementor-widget-text-editor\" data-id=\"0f3351f\" data-element_type=\"widget\" data-e-type=\"widget\" data-widget_type=\"text-editor.default\">\n\t\t\t\t<div class=\"elementor-widget-container\">\n\t\t\t\t\t\t\t\t\t<p>1.1 Teisin\u0117 garantija suteikiama pagal Europos direktyv\u0105 2019\/771\/EB, kuria siekiama apsaugoti toliau apibr\u0117\u017et\u0105 vartotoj\u0105, jei \u012fsigytos prek\u0117s (toliau &#8211; gaminiai) turi atitikties tr\u016bkum\u0173.<br \/><br \/>1.2 Pagal pirmiau min\u0117t\u0105 Europos direktyv\u0105 vartotojas yra bet kuris fizinis asmuo, kuris \u012fsigyja Produkt\u0105 su savo verslu, prekyba, amatu ar profesija nesusijusiais tikslais (\u201eVartotojas\u201c).<br \/><br \/>1.3. Teisin\u0117 garantija trunka 24 m\u0117nesius nuo Prek\u0117s pristatymo Vartotojui. Pra\u0161ome atsi\u017evelgti \u012f tai, kad min\u0117toje direktyvoje nustatytos s\u0105lygos netaikomos u\u017e Europos ekonomin\u0117s erdv\u0117s \u0161ali\u0173 rib\u0173, kurioms taikomi atitinkami vietos teis\u0117s aktai.<br \/><br \/>1.4 Jei Naudotojas mano, kad \u012fsigijo Produkt\u0105 su atitikties defektu, jis turi susisiekti su savo pardav\u0117ju ir pasinaudoti susijusia garantija.<br \/><br \/>1.5 BESTWAY suteikia garantij\u0105 visiems Naudotojams, \u012fsigyjantiems Produktus i\u0161 BESTWAY, o garantija dengia bet kok\u012f galim\u0105 Produkt\u0173 atitikties tr\u016bkum\u0105.<\/p>\t\t\t\t\t\t\t\t<\/div>\n\t\t\t\t<\/div>\n\t\t\t\t<div class=\"elementor-element elementor-element-1fe5510 elementor-widget elementor-widget-heading\" data-id=\"1fe5510\" data-element_type=\"widget\" data-e-type=\"widget\" data-widget_type=\"heading.default\">\n\t\t\t\t<div class=\"elementor-widget-container\">\n\t\t\t\t\t<h2 class=\"elementor-heading-title elementor-size-default\">Gamintojo garantija<\/h2>\t\t\t\t<\/div>\n\t\t\t\t<\/div>\n\t\t\t\t<div class=\"elementor-element elementor-element-b5b3ff4 elementor-widget elementor-widget-text-editor\" data-id=\"b5b3ff4\" data-element_type=\"widget\" data-e-type=\"widget\" data-widget_type=\"text-editor.default\">\n\t\t\t\t<div class=\"elementor-widget-container\">\n\t\t\t\t\t\t\t\t\t<p>Nepa\u017eeisdama \u012fstatymuose numatyt\u0173 garantij\u0173 ir i\u0161imtini\u0173 teisi\u0173 bei Naudotojo galimyb\u0117s pasinaudoti pirmiau min\u0117ta teisine garantija, BESTWAY suteikia papildom\u0105 garantij\u0105 (\u201eBESTWAY gamintojo garantija\u201c) galimiems atitikties tr\u016bkumams, susijusiems su ribotu Produkt\u0173 asortimentu, padengti.<\/p><p><a href=\"https:\/\/support.bestway.eu\/lt-lt\/warranty\" target=\"_blank\" rel=\"noopener\">Spustel\u0117kite \u010dia<\/a>, kad su\u017einotum\u0117te s\u0105lygas, produkt\u0173 asortiment\u0105 ir aktyvinimo b\u016bdus.<\/p>\t\t\t\t\t\t\t\t<\/div>\n\t\t\t\t<\/div>\n\t\t\t\t\t<\/div>\n\t\t\t\t<\/div>\n\t\t\t\t<\/div>\n\t\t","protected":false},"excerpt":{"rendered":"<p>\u017demiau pateikiamos garantijos s\u0105lygos, kurias taiko BESTWAY EUROPE S.p.A., kurios registruota buvein\u0117 yra Via della Resistenza n. 5, San Giuliano Milanese (20098 m.) \u2013 Milanas, Italija (toliau \u201eBESTWAY\u201c), apie produktus, parduodamus Europos ekonomin\u0117je erdv\u0117je su prek\u0117s \u017eenklu BESTWAY. Teisin\u0117 garantija 1.1 Teisin\u0117 garantija suteikiama pagal Europos direktyv\u0105 2019\/771\/EB, kuria siekiama apsaugoti toliau apibr\u0117\u017et\u0105 vartotoj\u0105, jei [&hellip;]<\/p>\n","protected":false},"author":9,"featured_media":0,"parent":0,"menu_order":0,"comment_status":"closed","ping_status":"closed","template":"","meta":{"_acf_changed":false,"site-sidebar-layout":"no-sidebar","site-content-layout":"page-builder","ast-site-content-layout":"full-width-container","site-content-style":"default","site-sidebar-style":"default","ast-global-header-display":"","ast-banner-title-visibility":"","ast-main-header-display":"","ast-hfb-above-header-display":"","ast-hfb-below-header-display":"","ast-hfb-mobile-header-display":"","site-post-title":"disabled","ast-breadcrumbs-content":"","ast-featured-img":"disabled","footer-sml-layout":"","ast-disable-related-posts":"","theme-transparent-header-meta":"","adv-header-id-meta":"","stick-header-meta":"","header-above-stick-meta":"","header-main-stick-meta":"","header-below-stick-meta":"","astra-migrate-meta-layouts":"set","ast-page-background-enabled":"default","ast-page-background-meta":{"desktop":{"background-color":"var(--ast-global-color-4)","background-image":"","background-repeat":"repeat","background-position":"center center","background-size":"auto","background-attachment":"scroll","background-type":"","background-media":"","overlay-type":"","overlay-color":"","overlay-opacity":"","overlay-gradient":""},"tablet":{"background-color":"","background-image":"","background-repeat":"repeat","background-position":"center center","background-size":"auto","background-attachment":"scroll","background-type":"","background-media":"","overlay-type":"","overlay-color":"","overlay-opacity":"","overlay-gradient":""},"mobile":{"background-color":"","background-image":"","background-repeat":"repeat","background-position":"center center","background-size":"auto","background-attachment":"scroll","background-type":"","background-media":"","overlay-type":"","overlay-color":"","overlay-opacity":"","overlay-gradient":""}},"ast-content-background-meta":{"desktop":{"background-color":"var(--ast-global-color-5)","background-image":"","background-repeat":"repeat","background-position":"center center","background-size":"auto","background-attachment":"scroll","background-type":"","background-media":"","overlay-type":"","overlay-color":"","overlay-opacity":"","overlay-gradient":""},"tablet":{"background-color":"var(--ast-global-color-5)","background-image":"","background-repeat":"repeat","background-position":"center center","background-size":"auto","background-attachment":"scroll","background-type":"","background-media":"","overlay-type":"","overlay-color":"","overlay-opacity":"","overlay-gradient":""},"mobile":{"background-color":"var(--ast-global-color-5)","background-image":"","background-repeat":"repeat","background-position":"center center","background-size":"auto","background-attachment":"scroll","background-type":"","background-media":"","overlay-type":"","overlay-color":"","overlay-opacity":"","overlay-gradient":""}},"footnotes":""},"class_list":["post-7545","page","type-page","status-publish","hentry"],"acf":[],"yoast_head":"<!-- This site is optimized with the Yoast SEO plugin v27.4 - https:\/\/yoast.com\/product\/yoast-seo-wordpress\/ -->\n<title>Bestway garantija - Legal<\/title>\n<meta name=\"robots\" content=\"noindex, follow, max-snippet:-1, max-image-preview:large, max-video-preview:-1\" \/>\n<meta property=\"og:locale\" content=\"lt_LT\" \/>\n<meta property=\"og:type\" content=\"article\" \/>\n<meta property=\"og:title\" content=\"Bestway garantija - Legal\" \/>\n<meta property=\"og:description\" content=\"\u017demiau pateikiamos garantijos s\u0105lygos, kurias taiko BESTWAY EUROPE S.p.A., kurios registruota buvein\u0117 yra Via della Resistenza n. 5, San Giuliano Milanese (20098 m.) \u2013 Milanas, Italija (toliau \u201eBESTWAY\u201c), apie produktus, parduodamus Europos ekonomin\u0117je erdv\u0117je su prek\u0117s \u017eenklu BESTWAY. Teisin\u0117 garantija 1.1 Teisin\u0117 garantija suteikiama pagal Europos direktyv\u0105 2019\/771\/EB, kuria siekiama apsaugoti toliau apibr\u0117\u017et\u0105 vartotoj\u0105, jei [&hellip;]\" \/>\n<meta property=\"og:url\" content=\"https:\/\/legal.bestway.eu\/lt-lt\/warranty-extension\/\" \/>\n<meta property=\"og:site_name\" content=\"Legal\" \/>\n<meta property=\"article:modified_time\" content=\"2025-02-10T09:52:05+00:00\" \/>\n<meta name=\"twitter:card\" content=\"summary_large_image\" \/>\n<meta name=\"twitter:label1\" content=\"Est. reading time\" \/>\n\t<meta name=\"twitter:data1\" content=\"2 minutes\" \/>\n<script type=\"application\/ld+json\" class=\"yoast-schema-graph\">{\"@context\":\"https:\\\/\\\/schema.org\",\"@graph\":[{\"@type\":\"WebPage\",\"@id\":\"https:\\\/\\\/legal.bestway.eu\\\/lt-lt\\\/warranty-extension\\\/\",\"url\":\"https:\\\/\\\/legal.bestway.eu\\\/lt-lt\\\/warranty-extension\\\/\",\"name\":\"Bestway garantija - Legal\",\"isPartOf\":{\"@id\":\"https:\\\/\\\/legal.bestway.eu\\\/lt-lt\\\/#website\"},\"datePublished\":\"2023-10-24T09:15:40+00:00\",\"dateModified\":\"2025-02-10T09:52:05+00:00\",\"inLanguage\":\"lt-lt\",\"potentialAction\":[{\"@type\":\"ReadAction\",\"target\":[\"https:\\\/\\\/legal.bestway.eu\\\/lt-lt\\\/warranty-extension\\\/\"]}]},{\"@type\":\"WebSite\",\"@id\":\"https:\\\/\\\/legal.bestway.eu\\\/lt-lt\\\/#website\",\"url\":\"https:\\\/\\\/legal.bestway.eu\\\/lt-lt\\\/\",\"name\":\"Legal\",\"description\":\"Legal\",\"publisher\":{\"@id\":\"https:\\\/\\\/legal.bestway.eu\\\/lt-lt\\\/#organization\"},\"potentialAction\":[{\"@type\":\"SearchAction\",\"target\":{\"@type\":\"EntryPoint\",\"urlTemplate\":\"https:\\\/\\\/legal.bestway.eu\\\/lt-lt\\\/?s={search_term_string}\"},\"query-input\":{\"@type\":\"PropertyValueSpecification\",\"valueRequired\":true,\"valueName\":\"search_term_string\"}}],\"inLanguage\":\"lt-lt\"},{\"@type\":\"Organization\",\"@id\":\"https:\\\/\\\/legal.bestway.eu\\\/lt-lt\\\/#organization\",\"name\":\"Legal\",\"url\":\"https:\\\/\\\/legal.bestway.eu\\\/lt-lt\\\/\",\"logo\":{\"@type\":\"ImageObject\",\"inLanguage\":\"lt-lt\",\"@id\":\"https:\\\/\\\/legal.bestway.eu\\\/lt-lt\\\/#\\\/schema\\\/logo\\\/image\\\/\",\"url\":\"https:\\\/\\\/legal.bestway.eu\\\/wp-content\\\/uploads\\\/sites\\\/2\\\/2023\\\/10\\\/bw-white-logo@2x.png\",\"contentUrl\":\"https:\\\/\\\/legal.bestway.eu\\\/wp-content\\\/uploads\\\/sites\\\/2\\\/2023\\\/10\\\/bw-white-logo@2x.png\",\"width\":348,\"height\":138,\"caption\":\"Legal\"},\"image\":{\"@id\":\"https:\\\/\\\/legal.bestway.eu\\\/lt-lt\\\/#\\\/schema\\\/logo\\\/image\\\/\"}}]}<\/script>\n<!-- \/ Yoast SEO plugin. -->","yoast_head_json":{"title":"Bestway garantija - Legal","robots":{"index":"noindex","follow":"follow","max-snippet":"max-snippet:-1","max-image-preview":"max-image-preview:large","max-video-preview":"max-video-preview:-1"},"og_locale":"lt_LT","og_type":"article","og_title":"Bestway garantija - Legal","og_description":"\u017demiau pateikiamos garantijos s\u0105lygos, kurias taiko BESTWAY EUROPE S.p.A., kurios registruota buvein\u0117 yra Via della Resistenza n. 5, San Giuliano Milanese (20098 m.) \u2013 Milanas, Italija (toliau \u201eBESTWAY\u201c), apie produktus, parduodamus Europos ekonomin\u0117je erdv\u0117je su prek\u0117s \u017eenklu BESTWAY. Teisin\u0117 garantija 1.1 Teisin\u0117 garantija suteikiama pagal Europos direktyv\u0105 2019\/771\/EB, kuria siekiama apsaugoti toliau apibr\u0117\u017et\u0105 vartotoj\u0105, jei [&hellip;]","og_url":"https:\/\/legal.bestway.eu\/lt-lt\/warranty-extension\/","og_site_name":"Legal","article_modified_time":"2025-02-10T09:52:05+00:00","twitter_card":"summary_large_image","twitter_misc":{"Est. reading time":"2 minutes"},"schema":{"@context":"https:\/\/schema.org","@graph":[{"@type":"WebPage","@id":"https:\/\/legal.bestway.eu\/lt-lt\/warranty-extension\/","url":"https:\/\/legal.bestway.eu\/lt-lt\/warranty-extension\/","name":"Bestway garantija - Legal","isPartOf":{"@id":"https:\/\/legal.bestway.eu\/lt-lt\/#website"},"datePublished":"2023-10-24T09:15:40+00:00","dateModified":"2025-02-10T09:52:05+00:00","inLanguage":"lt-lt","potentialAction":[{"@type":"ReadAction","target":["https:\/\/legal.bestway.eu\/lt-lt\/warranty-extension\/"]}]},{"@type":"WebSite","@id":"https:\/\/legal.bestway.eu\/lt-lt\/#website","url":"https:\/\/legal.bestway.eu\/lt-lt\/","name":"Legal","description":"Legal","publisher":{"@id":"https:\/\/legal.bestway.eu\/lt-lt\/#organization"},"potentialAction":[{"@type":"SearchAction","target":{"@type":"EntryPoint","urlTemplate":"https:\/\/legal.bestway.eu\/lt-lt\/?s={search_term_string}"},"query-input":{"@type":"PropertyValueSpecification","valueRequired":true,"valueName":"search_term_string"}}],"inLanguage":"lt-lt"},{"@type":"Organization","@id":"https:\/\/legal.bestway.eu\/lt-lt\/#organization","name":"Legal","url":"https:\/\/legal.bestway.eu\/lt-lt\/","logo":{"@type":"ImageObject","inLanguage":"lt-lt","@id":"https:\/\/legal.bestway.eu\/lt-lt\/#\/schema\/logo\/image\/","url":"https:\/\/legal.bestway.eu\/wp-content\/uploads\/sites\/2\/2023\/10\/bw-white-logo@2x.png","contentUrl":"https:\/\/legal.bestway.eu\/wp-content\/uploads\/sites\/2\/2023\/10\/bw-white-logo@2x.png","width":348,"height":138,"caption":"Legal"},"image":{"@id":"https:\/\/legal.bestway.eu\/lt-lt\/#\/schema\/logo\/image\/"}}]}},"_links":{"self":[{"href":"https:\/\/legal.bestway.eu\/lt-lt\/wp-json\/wp\/v2\/pages\/7545","targetHints":{"allow":["GET"]}}],"collection":[{"href":"https:\/\/legal.bestway.eu\/lt-lt\/wp-json\/wp\/v2\/pages"}],"about":[{"href":"https:\/\/legal.bestway.eu\/lt-lt\/wp-json\/wp\/v2\/types\/page"}],"author":[{"embeddable":true,"href":"https:\/\/legal.bestway.eu\/lt-lt\/wp-json\/wp\/v2\/users\/9"}],"replies":[{"embeddable":true,"href":"https:\/\/legal.bestway.eu\/lt-lt\/wp-json\/wp\/v2\/comments?post=7545"}],"version-history":[{"count":7,"href":"https:\/\/legal.bestway.eu\/lt-lt\/wp-json\/wp\/v2\/pages\/7545\/revisions"}],"predecessor-version":[{"id":7556,"href":"https:\/\/legal.bestway.eu\/lt-lt\/wp-json\/wp\/v2\/pages\/7545\/revisions\/7556"}],"wp:attachment":[{"href":"https:\/\/legal.bestway.eu\/lt-lt\/wp-json\/wp\/v2\/media?parent=7545"}],"curies":[{"name":"wp","href":"https:\/\/api.w.org\/{rel}","templated":true}]}}