{"id":7287,"date":"2023-10-24T12:37:41","date_gmt":"2023-10-24T10:37:41","guid":{"rendered":"https:\/\/legal.bestway.eu\/?page_id=7287"},"modified":"2024-12-11T12:54:08","modified_gmt":"2024-12-11T11:54:08","slug":"privacy-notice","status":"publish","type":"page","link":"https:\/\/legal.bestway.eu\/lt-lt\/privacy-notice\/","title":{"rendered":"Privatumo informacija \u2013 GDPR"},"content":{"rendered":"\t\t<div data-elementor-type=\"wp-page\" data-elementor-id=\"7287\" class=\"elementor elementor-7287\" data-elementor-post-type=\"page\">\n\t\t\t\t<div class=\"elementor-element elementor-element-4233c87e e-flex e-con-boxed e-con e-parent\" data-id=\"4233c87e\" data-element_type=\"container\" data-e-type=\"container\">\n\t\t\t\t\t<div class=\"e-con-inner\">\n\t\t\t\t<div class=\"elementor-element elementor-element-eeb32c3 elementor-widget elementor-widget-menu-anchor\" data-id=\"eeb32c3\" data-element_type=\"widget\" data-e-type=\"widget\" data-widget_type=\"menu-anchor.default\">\n\t\t\t\t<div class=\"elementor-widget-container\">\n\t\t\t\t\t\t\t<div class=\"elementor-menu-anchor\" id=\"BoxNewsletter\"><\/div>\n\t\t\t\t\t\t<\/div>\n\t\t\t\t<\/div>\n\t\t\t\t<div class=\"elementor-element elementor-element-3c097587 elementor-widget elementor-widget-heading\" data-id=\"3c097587\" data-element_type=\"widget\" data-e-type=\"widget\" data-widget_type=\"heading.default\">\n\t\t\t\t<div class=\"elementor-widget-container\">\n\t\t\t\t\t<h2 class=\"elementor-heading-title elementor-size-default\">Rinkodara<\/h2>\t\t\t\t<\/div>\n\t\t\t\t<\/div>\n\t\t\t\t<div class=\"elementor-element elementor-element-375d8ec elementor-widget elementor-widget-text-editor\" data-id=\"375d8ec\" data-element_type=\"widget\" data-e-type=\"widget\" data-widget_type=\"text-editor.default\">\n\t\t\t\t<div class=\"elementor-widget-container\">\n\t\t\t\t\t\t\t\t\t<p>Politika pagal Reglament\u0105 (ES) 2016\/679 (BDAR) su pakeitimais ir papildymais<\/p><p>Duomen\u0173 valdytojas: BESTWAY EUROPE S.P.A., kurios registruota buvein\u0117 yra adresu San Giuliano Milanese (Mi), via Resistenza 5 (BESTWAY), Italija.<\/p><p>DAP: <a href=\"mailto:privacy@bestwaycorp.eu\">privacy@bestwaycorp.eu<\/a><\/p><p>Duomen\u0173 valdytojas tvarkys \u0161iuos duomenis:<\/p><p>Gav\u0119s j\u016bs\u0173 sutikim\u0105, jums pa\u017eym\u0117jus atitinkam\u0105 langel\u012f, duomen\u0173 valdytojas tvarkys j\u016bs\u0173 duomenis rinkodaros tikslais, kad gal\u0117t\u0173 si\u0173sti jums naujienlai\u0161kius, kuriuose bus pateikta informacija apie BESTWAY produktus, paslaugas, renginius ir pasi\u016blymus. J\u016bs\u0173 pateikt\u0173 duomen\u0173 tvarkymo teisinis pagrindas yra j\u016bs\u0173 laisvas ir neprivalomas sutikimas; bet koks atsisakymas duoti tok\u012f sutikim\u0105 tik trukdys jums gauti pirmiau min\u0117tus prane\u0161imus.<\/p><p>J\u016bs\u0173 duomenys bus tvarkomi popierin\u0117mis ir elektronin\u0117mis priemon\u0117mis laikantis galiojan\u010di\u0173 asmens duomen\u0173 apsaugos teis\u0117s akt\u0173 (Reglamento (ES) 679\/2016 (BDAR) su pakeitimais ir papildymais). J\u016bs\u0173 pateikti asmens duomenys gali b\u016bti atskleisti tre\u010diosioms \u0161alims, pvz., asmenims, asociacijoms, specialist\u0173 paslaugas teikian\u010dioms \u012fmon\u0117ms ir \u012fmon\u0117ms, teikian\u010dioms konsultavimo ir paramos paslaugas BESTWAY (\u012fskaitant BESTWAY grup\u0117s \u012fmones, taip pat esan\u010dias u\u017esienyje, ne ES \u0161alyse), kaip duomen\u0173 tvarkytojoms, jei jos yra tinkamai paskirtos ir jei yra tinkamos garantijos d\u0117l asmens duomen\u0173 apsaugos, bendriesiems duomen\u0173 valdytojams, valdantiems duomenis kartu su BESTWAY, arba nepriklausomiems duomen\u0173 valdytojams, taip pat BESTWAY darbuotojams, paskirtiems u\u017e duomen\u0173 tvarkym\u0105 atsakingais asmenimis, tik pirmiau apra\u0161ytais tikslais. Duomen\u0173 valdytoj\u0173 arba duomen\u0173 tvarkytoj\u0173, kuriems duomenys gali b\u016bti atskleisti, s\u0105ra\u0161as pateikiamas papra\u0161ius.<\/p><p>Atsi\u017evelgiant \u012f rinkodaros tikslus j\u016bs\u0173 duomenys bus saugomi ne ilgiau kaip 8 metus nuo to laiko, kai suteiksite leidim\u0105. Klientai gali bet kuriuo metu atsisakyti naujienlai\u0161kio prenumeratos spustel\u0117dami kiekviename el. lai\u0161ke esan\u010di\u0105 nuorod\u0105 \u201eatsisakyti prenumeratos\u201c arba atsi\u0173sdami el. lai\u0161k\u0105 adresu <a href=\"mailto:privacy@bestwaycorp.eu\">privacy@bestwaycorp.eu<\/a>.<\/p><p>Bet kuriuo metu galite pasinaudoti visomis teis\u0117mis, nustatytomis Reglamento 15 ir paskesniuose straipsniuose, \u012fskaitant teis\u0119 reikalauti i\u0161taisyti duomenis, juos i\u0161trinti, teis\u0119 nesutikti, kad duomenys b\u016bt\u0173 tvarkomi, teis\u0119 \u012f duomen\u0173 perkeliamum\u0105 ir teis\u0119 pateikti skund\u0105 j\u016bs\u0173 \u0161alyje paskirtai asmens duomen\u0173 apsaugos institucijai (<a href=\"https:\/\/edpb.europa.eu\/about-edpb\/board\/members_en\" target=\"_blank\" rel=\"noopener\">https:\/\/edpb.europa.eu\/about-edpb\/board\/members_en<\/a>).<\/p><p>Min\u0117tomis teis\u0117mis galima pasinaudoti i\u0161siuntus el. lai\u0161k\u0105 adresu <a href=\"mailto:privacy@bestwaycorp.eu\">privacy@bestwaycorp.eu<\/a><\/p>\t\t\t\t\t\t\t\t<\/div>\n\t\t\t\t<\/div>\n\t\t\t\t\t<\/div>\n\t\t\t\t<\/div>\n\t\t<div class=\"elementor-element elementor-element-fc9e459 e-flex e-con-boxed e-con e-parent\" data-id=\"fc9e459\" data-element_type=\"container\" data-e-type=\"container\">\n\t\t\t\t\t<div class=\"e-con-inner\">\n\t\t\t\t<div class=\"elementor-element elementor-element-4ff1b8f6 elementor-widget elementor-widget-menu-anchor\" data-id=\"4ff1b8f6\" data-element_type=\"widget\" data-e-type=\"widget\" data-widget_type=\"menu-anchor.default\">\n\t\t\t\t<div class=\"elementor-widget-container\">\n\t\t\t\t\t\t\t<div class=\"elementor-menu-anchor\" id=\"Sitoassistenza\"><\/div>\n\t\t\t\t\t\t<\/div>\n\t\t\t\t<\/div>\n\t\t\t\t<div class=\"elementor-element elementor-element-33a4a549 elementor-widget elementor-widget-heading\" data-id=\"33a4a549\" data-element_type=\"widget\" data-e-type=\"widget\" data-widget_type=\"heading.default\">\n\t\t\t\t<div class=\"elementor-widget-container\">\n\t\t\t\t\t<h2 class=\"elementor-heading-title elementor-size-default\">Palaikymo svetain\u0117<\/h2>\t\t\t\t<\/div>\n\t\t\t\t<\/div>\n\t\t\t\t<div class=\"elementor-element elementor-element-10d7938d elementor-widget elementor-widget-text-editor\" data-id=\"10d7938d\" data-element_type=\"widget\" data-e-type=\"widget\" data-widget_type=\"text-editor.default\">\n\t\t\t\t<div class=\"elementor-widget-container\">\n\t\t\t\t\t\t\t\t\t<p>Politika pagal Reglament\u0105 (ES) 2016\/679 (BDAR) su pakeitimais ir papildymais<\/p><p>Duomen\u0173 valdytojas: BESTWAY EUROPE S.P.A., kurios registruota buvein\u0117 yra adresu San Giuliano Milanese (Mi), via Resistenza 5 (BESTWAY), Italija.<\/p><p>DAP: <a href=\"mailto:privacy@bestwaycorp.eu\">privacy@bestwaycorp.eu<\/a><\/p><p>Duomen\u0173 valdytojas tvarkys \u0161iuos duomenis:<\/p><p>i) Vardas ir pavard\u0117, el. pa\u0161to adresas, pristatymo adresas ir telefono numeris, kad gal\u0117tume sukurti j\u016bs\u0173 asmenin\u0119 paskyr\u0105 BESTWAY svetain\u0117je, kuri bus naudojama skund\u0173 valdymo paslaugai teikti, tvarkyti j\u016bs\u0173 prane\u0161imus apie netinkamai suteiktas paslaugas, taip pat administraciniais ir apskaitos tikslais bei teisiniams ar reguliavimo \u012fsipareigojimams vykdyti. Paskyr\u0105 gal\u0117site pasiekti \u012fved\u0119 vartotojo vard\u0105 ir slapta\u017eod\u012f, kuriuos gausite el. pa\u0161tu (pirm\u0105 kart\u0105 prisijungus, slapta\u017eodis turi b\u016bti pakeistas).<\/p><p>ii)\u00a0rinkodaros tikslais naujienlai\u0161kiams si\u0173sti, kuriuose pateikiama informacija ir naujienos apie \u201eBESTWAY\u201c produktus, paslaugas, renginius ir pasi\u016blymus, jums su tuo sutikus ir pa\u017eym\u0117jus atitinkam\u0105 langel\u012f;<\/p><p>iii) toki\u0105 informacija kaip lytis, am\u017eiaus intervalas, u\u017eimtumas, produkto pirkimo prie\u017eastis, produkto pirkimo b\u016bdas ir vaik\u0173 skai\u010dius nam\u0173 \u016bkyje statistiniais tikslais jums su tuo sutikus ir pa\u017eym\u0117jus atitinkam\u0105 langel\u012f. \u0160iuos duomenis BESTWAY renka, kad susidaryt\u0173 bendr\u0105 vaizd\u0105 apie savo klientus, nebandydama apie juos sp\u0117lioti ar daryti konkre\u010dias i\u0161vadas, nes \u012fmon\u0117s tikslas n\u0117ra \u012fvertinti individualias savybes.<\/p><p>iv) pra\u0161ymui prisijungti prie apklausos apie m\u016bs\u0173 produktus ir j\u016bs\u0173 patirt\u012f jais naudojantis i\u0161si\u0173sti j\u016bs\u0173 el. pa\u0161to adresu, jums su tuo sutikus ir pa\u017eym\u0117jus atitinkam\u0105 langel\u012f;<\/p><p>Teisinis (i) punkte nurodyt\u0173 duomen\u0173 tvarkymo pagrindas yra sutartini\u0173 \/ komercini\u0173 s\u0105lyg\u0173 ir taikom\u0173 teisini\u0173 nuostat\u0173 nustatymas ir vykdymas. \u0160ie duomenys yra privalomi, o atsisakymas juos pateikti gali trukdyti BESTWAY teikti pageidaujam\u0105 paslaug\u0105. Teisinis (ii), (iii) ir (iv) punktuose nurodyt\u0173 duomen\u0173 tvarkymo pagrindas yra j\u016bs\u0173 laisvas ir neprivalomas sutikimas, o bet koks atsisakymas duoti tok\u012f sutikim\u0105 tik trukdys jums gauti pirmiau min\u0117tus prane\u0161imus.<\/p><p>J\u016bs\u0173 duomenys bus tvarkomi popierin\u0117mis ir elektronin\u0117mis priemon\u0117mis laikantis galiojan\u010di\u0173 asmens duomen\u0173 apsaugos teis\u0117s akt\u0173 (Reglamento (ES) 679\/2016 (BDAR) su pakeitimais ir papildymais). J\u016bs\u0173 pateikti asmens duomenys gali b\u016bti atskleisti tre\u010diosioms \u0161alims, pvz., asmenims, asociacijoms, specialist\u0173 paslaugas teikian\u010dioms \u012fmon\u0117ms ir \u012fmon\u0117ms, teikian\u010dioms konsultavimo ir paramos paslaugas BESTWAY (\u012fskaitant BESTWAY grup\u0117s \u012fmones, taip pat esan\u010dias u\u017esienyje, ne ES \u0161alyse), kaip duomen\u0173 tvarkytojoms, jei jos yra tinkamai paskirtos ir jei yra tinkamos garantijos d\u0117l asmens duomen\u0173 apsaugos, bendriesiems duomen\u0173 valdytojams, valdantiems duomenis kartu su BESTWAY, arba nepriklausomiems duomen\u0173 valdytojams, taip pat BESTWAY darbuotojams, paskirtiems u\u017e duomen\u0173 tvarkym\u0105 atsakingais asmenimis, tik pirmiau apra\u0161ytais tikslais. Duomen\u0173 valdytoj\u0173 arba duomen\u0173 tvarkytoj\u0173, kuriems duomenys gali b\u016bti atskleisti, s\u0105ra\u0161as pateikiamas papra\u0161ius.<\/p><p>Skund\u0173 valdymo tikslais, apra\u0161ytais (i) punkte, j\u016bs\u0173 duomenys bus saugomi net ir pasibaigus sutartiniams \/ komerciniams santykiams su BESTWAY, kad b\u016bt\u0173 \u012fvykdyti visi \u012fsipareigojimai, susij\u0119 su santyki\u0173 sudarymu arba kylantys i\u0161 jo, \u012fskaitant \u012fsipareigojimus, susijusius su teisiniais \u012fsipareigojimais ir senaties terminais, numatytais \u0161iuo tikslu taikomuose \u012fstatymuose, ta\u010diau bet kuriuo atveju ne ilgiau kaip 10 met\u0173.<\/p><p>Atsi\u017evelgiant \u012f rinkodaros tikslus, apra\u0161ytus (ii) punkte, j\u016bs\u0173 duomenys bus saugomi ne ilgiau kaip 8 metus nuo to laiko, kai suteiksite leidim\u0105. Klientai gali bet kuriuo metu atsisakyti naujienlai\u0161kio prenumeratos spustel\u0117dami kiekviename el. lai\u0161ke esan\u010di\u0105 nuorod\u0105 \u201eatsisakyti prenumeratos\u201c arba atsi\u0173sdami el. lai\u0161k\u0105 adresu <a href=\"mailto:privacy@bestwaycorp.eu\">privacy@bestwaycorp.eu<\/a>.<\/p><p>Statistini\u0173 duomen\u0173 ir apklaus\u0173, apra\u0161yt\u0173 (iii) ir (iv) punktuose, tikslais j\u016bs\u0173 duomenys bus saugomi iki 8 met\u0173 nuo tos dienos, kai gausime j\u016bs\u0173 sutikim\u0105.<\/p><p>Bet kuriuo metu galite pasinaudoti visomis teis\u0117mis, nustatytomis Reglamento 15 ir paskesniuose straipsniuose, \u012fskaitant teis\u0119 reikalauti i\u0161taisyti duomenis, juos i\u0161trinti, teis\u0119 nesutikti, kad duomenys b\u016bt\u0173 tvarkomi, teis\u0119 \u012f duomen\u0173 perkeliamum\u0105 ir teis\u0119 pateikti skund\u0105 j\u016bs\u0173 \u0161alyje paskirtai asmens duomen\u0173 apsaugos institucijai (<a href=\"https:\/\/edpb.europa.eu\/about-edpb\/board\/members_en\" target=\"_blank\" rel=\"noopener\">https:\/\/edpb.europa.eu\/about-edpb\/board\/members_en<\/a>).<\/p><p>Min\u0117tomis teis\u0117mis galima pasinaudoti i\u0161siuntus el. lai\u0161k\u0105 adresu <a href=\"mailto:privacy@bestwaycorp.eu\">privacy@bestwaycorp.eu<\/a><\/p>\t\t\t\t\t\t\t\t<\/div>\n\t\t\t\t<\/div>\n\t\t\t\t\t<\/div>\n\t\t\t\t<\/div>\n\t\t\t\t<\/div>\n\t\t","protected":false},"excerpt":{"rendered":"<p>Rinkodara Politika pagal Reglament\u0105 (ES) 2016\/679 (BDAR) su pakeitimais ir papildymais Duomen\u0173 valdytojas: BESTWAY EUROPE S.P.A., kurios registruota buvein\u0117 yra adresu San Giuliano Milanese (Mi), via Resistenza 5 (BESTWAY), Italija. DAP: privacy@bestwaycorp.eu Duomen\u0173 valdytojas tvarkys \u0161iuos duomenis: Gav\u0119s j\u016bs\u0173 sutikim\u0105, jums pa\u017eym\u0117jus atitinkam\u0105 langel\u012f, duomen\u0173 valdytojas tvarkys j\u016bs\u0173 duomenis rinkodaros tikslais, kad gal\u0117t\u0173 si\u0173sti jums [&hellip;]<\/p>\n","protected":false},"author":9,"featured_media":0,"parent":0,"menu_order":0,"comment_status":"closed","ping_status":"closed","template":"","meta":{"_acf_changed":false,"site-sidebar-layout":"no-sidebar","site-content-layout":"page-builder","ast-site-content-layout":"full-width-container","site-content-style":"default","site-sidebar-style":"default","ast-global-header-display":"","ast-banner-title-visibility":"","ast-main-header-display":"","ast-hfb-above-header-display":"","ast-hfb-below-header-display":"","ast-hfb-mobile-header-display":"","site-post-title":"","ast-breadcrumbs-content":"","ast-featured-img":"disabled","footer-sml-layout":"","ast-disable-related-posts":"","theme-transparent-header-meta":"","adv-header-id-meta":"","stick-header-meta":"","header-above-stick-meta":"","header-main-stick-meta":"","header-below-stick-meta":"","astra-migrate-meta-layouts":"set","ast-page-background-enabled":"default","ast-page-background-meta":{"desktop":{"background-color":"var(--ast-global-color-4)","background-image":"","background-repeat":"repeat","background-position":"center center","background-size":"auto","background-attachment":"scroll","background-type":"","background-media":"","overlay-type":"","overlay-color":"","overlay-opacity":"","overlay-gradient":""},"tablet":{"background-color":"","background-image":"","background-repeat":"repeat","background-position":"center center","background-size":"auto","background-attachment":"scroll","background-type":"","background-media":"","overlay-type":"","overlay-color":"","overlay-opacity":"","overlay-gradient":""},"mobile":{"background-color":"","background-image":"","background-repeat":"repeat","background-position":"center center","background-size":"auto","background-attachment":"scroll","background-type":"","background-media":"","overlay-type":"","overlay-color":"","overlay-opacity":"","overlay-gradient":""}},"ast-content-background-meta":{"desktop":{"background-color":"var(--ast-global-color-5)","background-image":"","background-repeat":"repeat","background-position":"center center","background-size":"auto","background-attachment":"scroll","background-type":"","background-media":"","overlay-type":"","overlay-color":"","overlay-opacity":"","overlay-gradient":""},"tablet":{"background-color":"var(--ast-global-color-5)","background-image":"","background-repeat":"repeat","background-position":"center center","background-size":"auto","background-attachment":"scroll","background-type":"","background-media":"","overlay-type":"","overlay-color":"","overlay-opacity":"","overlay-gradient":""},"mobile":{"background-color":"var(--ast-global-color-5)","background-image":"","background-repeat":"repeat","background-position":"center center","background-size":"auto","background-attachment":"scroll","background-type":"","background-media":"","overlay-type":"","overlay-color":"","overlay-opacity":"","overlay-gradient":""}},"footnotes":""},"class_list":["post-7287","page","type-page","status-publish","hentry"],"acf":[],"yoast_head":"<!-- This site is optimized with the Yoast SEO plugin v27.4 - https:\/\/yoast.com\/product\/yoast-seo-wordpress\/ -->\n<title>Privatumo informacija \u2013 GDPR - Legal<\/title>\n<meta name=\"robots\" content=\"noindex, follow, max-snippet:-1, max-image-preview:large, max-video-preview:-1\" \/>\n<meta property=\"og:locale\" content=\"lt_LT\" \/>\n<meta property=\"og:type\" content=\"article\" \/>\n<meta property=\"og:title\" content=\"Privatumo informacija \u2013 GDPR - Legal\" \/>\n<meta property=\"og:description\" content=\"Rinkodara Politika pagal Reglament\u0105 (ES) 2016\/679 (BDAR) su pakeitimais ir papildymais Duomen\u0173 valdytojas: BESTWAY EUROPE S.P.A., kurios registruota buvein\u0117 yra adresu San Giuliano Milanese (Mi), via Resistenza 5 (BESTWAY), Italija. DAP: privacy@bestwaycorp.eu Duomen\u0173 valdytojas tvarkys \u0161iuos duomenis: Gav\u0119s j\u016bs\u0173 sutikim\u0105, jums pa\u017eym\u0117jus atitinkam\u0105 langel\u012f, duomen\u0173 valdytojas tvarkys j\u016bs\u0173 duomenis rinkodaros tikslais, kad gal\u0117t\u0173 si\u0173sti jums [&hellip;]\" \/>\n<meta property=\"og:url\" content=\"https:\/\/legal.bestway.eu\/lt-lt\/privacy-notice\/\" \/>\n<meta property=\"og:site_name\" content=\"Legal\" \/>\n<meta property=\"article:modified_time\" content=\"2024-12-11T11:54:08+00:00\" \/>\n<meta name=\"twitter:card\" content=\"summary_large_image\" \/>\n<meta name=\"twitter:label1\" content=\"Est. reading time\" \/>\n\t<meta name=\"twitter:data1\" content=\"5 minutes\" \/>\n<script type=\"application\/ld+json\" class=\"yoast-schema-graph\">{\"@context\":\"https:\\\/\\\/schema.org\",\"@graph\":[{\"@type\":\"WebPage\",\"@id\":\"https:\\\/\\\/legal.bestway.eu\\\/lt-lt\\\/privacy-notice\\\/\",\"url\":\"https:\\\/\\\/legal.bestway.eu\\\/lt-lt\\\/privacy-notice\\\/\",\"name\":\"Privatumo informacija \u2013 GDPR - Legal\",\"isPartOf\":{\"@id\":\"https:\\\/\\\/legal.bestway.eu\\\/lt-lt\\\/#website\"},\"datePublished\":\"2023-10-24T10:37:41+00:00\",\"dateModified\":\"2024-12-11T11:54:08+00:00\",\"inLanguage\":\"lt-lt\",\"potentialAction\":[{\"@type\":\"ReadAction\",\"target\":[\"https:\\\/\\\/legal.bestway.eu\\\/lt-lt\\\/privacy-notice\\\/\"]}]},{\"@type\":\"WebSite\",\"@id\":\"https:\\\/\\\/legal.bestway.eu\\\/lt-lt\\\/#website\",\"url\":\"https:\\\/\\\/legal.bestway.eu\\\/lt-lt\\\/\",\"name\":\"Legal\",\"description\":\"Legal\",\"publisher\":{\"@id\":\"https:\\\/\\\/legal.bestway.eu\\\/lt-lt\\\/#organization\"},\"potentialAction\":[{\"@type\":\"SearchAction\",\"target\":{\"@type\":\"EntryPoint\",\"urlTemplate\":\"https:\\\/\\\/legal.bestway.eu\\\/lt-lt\\\/?s={search_term_string}\"},\"query-input\":{\"@type\":\"PropertyValueSpecification\",\"valueRequired\":true,\"valueName\":\"search_term_string\"}}],\"inLanguage\":\"lt-lt\"},{\"@type\":\"Organization\",\"@id\":\"https:\\\/\\\/legal.bestway.eu\\\/lt-lt\\\/#organization\",\"name\":\"Legal\",\"url\":\"https:\\\/\\\/legal.bestway.eu\\\/lt-lt\\\/\",\"logo\":{\"@type\":\"ImageObject\",\"inLanguage\":\"lt-lt\",\"@id\":\"https:\\\/\\\/legal.bestway.eu\\\/lt-lt\\\/#\\\/schema\\\/logo\\\/image\\\/\",\"url\":\"https:\\\/\\\/legal.bestway.eu\\\/wp-content\\\/uploads\\\/sites\\\/2\\\/2023\\\/10\\\/bw-white-logo@2x.png\",\"contentUrl\":\"https:\\\/\\\/legal.bestway.eu\\\/wp-content\\\/uploads\\\/sites\\\/2\\\/2023\\\/10\\\/bw-white-logo@2x.png\",\"width\":348,\"height\":138,\"caption\":\"Legal\"},\"image\":{\"@id\":\"https:\\\/\\\/legal.bestway.eu\\\/lt-lt\\\/#\\\/schema\\\/logo\\\/image\\\/\"}}]}<\/script>\n<!-- \/ Yoast SEO plugin. -->","yoast_head_json":{"title":"Privatumo informacija \u2013 GDPR - Legal","robots":{"index":"noindex","follow":"follow","max-snippet":"max-snippet:-1","max-image-preview":"max-image-preview:large","max-video-preview":"max-video-preview:-1"},"og_locale":"lt_LT","og_type":"article","og_title":"Privatumo informacija \u2013 GDPR - Legal","og_description":"Rinkodara Politika pagal Reglament\u0105 (ES) 2016\/679 (BDAR) su pakeitimais ir papildymais Duomen\u0173 valdytojas: BESTWAY EUROPE S.P.A., kurios registruota buvein\u0117 yra adresu San Giuliano Milanese (Mi), via Resistenza 5 (BESTWAY), Italija. DAP: privacy@bestwaycorp.eu Duomen\u0173 valdytojas tvarkys \u0161iuos duomenis: Gav\u0119s j\u016bs\u0173 sutikim\u0105, jums pa\u017eym\u0117jus atitinkam\u0105 langel\u012f, duomen\u0173 valdytojas tvarkys j\u016bs\u0173 duomenis rinkodaros tikslais, kad gal\u0117t\u0173 si\u0173sti jums [&hellip;]","og_url":"https:\/\/legal.bestway.eu\/lt-lt\/privacy-notice\/","og_site_name":"Legal","article_modified_time":"2024-12-11T11:54:08+00:00","twitter_card":"summary_large_image","twitter_misc":{"Est. reading time":"5 minutes"},"schema":{"@context":"https:\/\/schema.org","@graph":[{"@type":"WebPage","@id":"https:\/\/legal.bestway.eu\/lt-lt\/privacy-notice\/","url":"https:\/\/legal.bestway.eu\/lt-lt\/privacy-notice\/","name":"Privatumo informacija \u2013 GDPR - Legal","isPartOf":{"@id":"https:\/\/legal.bestway.eu\/lt-lt\/#website"},"datePublished":"2023-10-24T10:37:41+00:00","dateModified":"2024-12-11T11:54:08+00:00","inLanguage":"lt-lt","potentialAction":[{"@type":"ReadAction","target":["https:\/\/legal.bestway.eu\/lt-lt\/privacy-notice\/"]}]},{"@type":"WebSite","@id":"https:\/\/legal.bestway.eu\/lt-lt\/#website","url":"https:\/\/legal.bestway.eu\/lt-lt\/","name":"Legal","description":"Legal","publisher":{"@id":"https:\/\/legal.bestway.eu\/lt-lt\/#organization"},"potentialAction":[{"@type":"SearchAction","target":{"@type":"EntryPoint","urlTemplate":"https:\/\/legal.bestway.eu\/lt-lt\/?s={search_term_string}"},"query-input":{"@type":"PropertyValueSpecification","valueRequired":true,"valueName":"search_term_string"}}],"inLanguage":"lt-lt"},{"@type":"Organization","@id":"https:\/\/legal.bestway.eu\/lt-lt\/#organization","name":"Legal","url":"https:\/\/legal.bestway.eu\/lt-lt\/","logo":{"@type":"ImageObject","inLanguage":"lt-lt","@id":"https:\/\/legal.bestway.eu\/lt-lt\/#\/schema\/logo\/image\/","url":"https:\/\/legal.bestway.eu\/wp-content\/uploads\/sites\/2\/2023\/10\/bw-white-logo@2x.png","contentUrl":"https:\/\/legal.bestway.eu\/wp-content\/uploads\/sites\/2\/2023\/10\/bw-white-logo@2x.png","width":348,"height":138,"caption":"Legal"},"image":{"@id":"https:\/\/legal.bestway.eu\/lt-lt\/#\/schema\/logo\/image\/"}}]}},"_links":{"self":[{"href":"https:\/\/legal.bestway.eu\/lt-lt\/wp-json\/wp\/v2\/pages\/7287","targetHints":{"allow":["GET"]}}],"collection":[{"href":"https:\/\/legal.bestway.eu\/lt-lt\/wp-json\/wp\/v2\/pages"}],"about":[{"href":"https:\/\/legal.bestway.eu\/lt-lt\/wp-json\/wp\/v2\/types\/page"}],"author":[{"embeddable":true,"href":"https:\/\/legal.bestway.eu\/lt-lt\/wp-json\/wp\/v2\/users\/9"}],"replies":[{"embeddable":true,"href":"https:\/\/legal.bestway.eu\/lt-lt\/wp-json\/wp\/v2\/comments?post=7287"}],"version-history":[{"count":4,"href":"https:\/\/legal.bestway.eu\/lt-lt\/wp-json\/wp\/v2\/pages\/7287\/revisions"}],"predecessor-version":[{"id":7292,"href":"https:\/\/legal.bestway.eu\/lt-lt\/wp-json\/wp\/v2\/pages\/7287\/revisions\/7292"}],"wp:attachment":[{"href":"https:\/\/legal.bestway.eu\/lt-lt\/wp-json\/wp\/v2\/media?parent=7287"}],"curies":[{"name":"wp","href":"https:\/\/api.w.org\/{rel}","templated":true}]}}