{"id":3436,"date":"2023-10-24T11:15:40","date_gmt":"2023-10-24T09:15:40","guid":{"rendered":"https:\/\/legal.bestway.eu\/?page_id=3436"},"modified":"2026-02-10T10:45:32","modified_gmt":"2026-02-10T09:45:32","slug":"warranty-extension","status":"publish","type":"page","link":"https:\/\/legal.bestway.eu\/it-it\/warranty-extension\/","title":{"rendered":"Garanzia Bestway\u00a0"},"content":{"rendered":"\t\t<div data-elementor-type=\"wp-page\" data-elementor-id=\"3436\" class=\"elementor elementor-3436\" data-elementor-post-type=\"page\">\n\t\t\t\t<div class=\"elementor-element elementor-element-201a7b e-flex e-con-boxed e-con e-parent\" data-id=\"201a7b\" data-element_type=\"container\" data-e-type=\"container\">\n\t\t\t\t\t<div class=\"e-con-inner\">\n\t\t\t\t<div class=\"elementor-element elementor-element-3862fa4 elementor-widget elementor-widget-text-editor\" data-id=\"3862fa4\" data-element_type=\"widget\" data-e-type=\"widget\" data-widget_type=\"text-editor.default\">\n\t\t\t\t<div class=\"elementor-widget-container\">\n\t\t\t\t\t\t\t\t\t<p>Di seguito sono riportati i termini di garanzia applicati da BESTWAY EUROPE S.p.A., con sede legale in Via della Resistenza n. 5, San Giuliano Milanese (20098) &#8211; Milano, Italia (di seguito &#8220;BESTWAY&#8221;), sui prodotti venduti all&#8217;interno dello Spazio Economico Europeo con il marchio BESTWAY.<\/p>\t\t\t\t\t\t\t\t<\/div>\n\t\t\t\t<\/div>\n\t\t\t\t\t<\/div>\n\t\t\t\t<\/div>\n\t\t<div class=\"elementor-element elementor-element-2d7f1d1b e-flex e-con-boxed e-con e-parent\" data-id=\"2d7f1d1b\" data-element_type=\"container\" data-e-type=\"container\">\n\t\t\t\t\t<div class=\"e-con-inner\">\n\t\t\t\t<div class=\"elementor-element elementor-element-2b19393 elementor-widget elementor-widget-heading\" data-id=\"2b19393\" data-element_type=\"widget\" data-e-type=\"widget\" data-widget_type=\"heading.default\">\n\t\t\t\t<div class=\"elementor-widget-container\">\n\t\t\t\t\t<h2 class=\"elementor-heading-title elementor-size-default\">Estensione di garanzia<\/h2>\t\t\t\t<\/div>\n\t\t\t\t<\/div>\n\t\t\t\t<div class=\"elementor-element elementor-element-45a226b elementor-widget elementor-widget-text-editor\" data-id=\"45a226b\" data-element_type=\"widget\" data-e-type=\"widget\" data-widget_type=\"text-editor.default\">\n\t\t\t\t<div class=\"elementor-widget-container\">\n\t\t\t\t\t\t\t\t\t<p>Su Bestway Store puoi beneficiare, su una selezione di prodotti, di una speciale assistenza supplementare di 6 (sei) mesi oltre ai 2 (due) anni di garanzia legale.<\/p><p>La garanzia supplementare lascia intatti i diritti del consumatore previsti nelle Condizioni Generali della garanzia convenzionale offerta da Bestway e anche i diritti riconosciuti dalla direttiva n. 771\/2019\/UE del Parlamento europeo e del Consiglio del 25 maggio 1999 sulla vendita e le garanzie dei beni di consumo. Tale garanzia costituisce un servizio aggiuntivo messo a disposizione del consumatore. Si richiamano integralmente, in proposito, le nostre condizioni generali di vendita sulla garanzia legale di conformit\u00e0.<\/p><p>\u00c8 richiesta la registrazione del prodotto inderogabilmente entro 30 (trenta) giorni dall&#8217;acquisto, al link: Estensione di Garanzia Bestway. <a href=\"https:\/\/event.bestwaycorp.com\/Registration\/it\" target=\"_blank\" rel=\"noopener\">Estensione di Garanzia Bestway (bestwaycorp.com)<\/a><\/p><p>Per maggiori informazioni, puoi parlare direttamente con il nostro Chatbot che ti fornir\u00e0 tutta l\u2019assistenza necessaria.<\/p><p>Il servizio di assistenza supplementare \u00e8 valido 6 (sei) mesi decorrenti dalla data di scadenza dei ventiquattro mesi previsti come termine di validit\u00e0 della garanzia legale. Si potr\u00e0 beneficiare del servizio di assistenza supplementare sia in caso di acquisto effettuato presso uno store fisico che online. Nel caso in cui l\u2019acquisto sia stato effettuato sull\u2019e-commerce ufficiale di Bestway potr\u00e0 essere fatto valere e sar\u00e0 efficace solo con la relativa ricevuta d\u2019acquisto.<\/p><p>I dati personali inseriti dall\u2019acquirente nel modulo on-line per attivare l\u2019assistenza supplementare saranno trattati da Bestway conformemente alle disposizioni vigenti con modalit\u00e0 cartacee ed informatiche esclusivamente per l\u2019assistenza richiesta.<\/p>\t\t\t\t\t\t\t\t<\/div>\n\t\t\t\t<\/div>\n\t\t\t\t<div class=\"elementor-element elementor-element-7112739 elementor-widget elementor-widget-heading\" data-id=\"7112739\" data-element_type=\"widget\" data-e-type=\"widget\" data-widget_type=\"heading.default\">\n\t\t\t\t<div class=\"elementor-widget-container\">\n\t\t\t\t\t<h2 class=\"elementor-heading-title elementor-size-default\">Garanzia legale<\/h2>\t\t\t\t<\/div>\n\t\t\t\t<\/div>\n\t\t\t\t<div class=\"elementor-element elementor-element-0f3351f elementor-widget elementor-widget-text-editor\" data-id=\"0f3351f\" data-element_type=\"widget\" data-e-type=\"widget\" data-widget_type=\"text-editor.default\">\n\t\t\t\t<div class=\"elementor-widget-container\">\n\t\t\t\t\t\t\t\t\t<p>1.1 La garanzia legale \u00e8 prevista dalle Direttive Europee 1999\/44\/EC e 2019\/771\/EC, volte a tutelare il Consumatore, come di seguito definito, nel caso in cui i beni acquistati (&#8220;Prodotti&#8221;) presentino difetti di conformit\u00e0<span style=\"font-style: inherit; font-weight: inherit;\">.<\/span><\/p>\n<p>1.2 Ai sensi delle suddette Direttive Europee, per Consumatore si intende qualsiasi persona fisica che acquista un Prodotto per scopi non connessi alla propria attivit\u00e0 aziendale, commerciale, artigianale o professionale (il &#8220;Consumatore&#8221;).<\/p>\n<p>1.3 La garanzia legale ha la durata di 24 mesi dalla consegna del bene al Consumatore. Si prega di considerare che i termini previsti nelle citate Direttive non trovano applicazione fuori dei Paesi all&#8217;interno dello Spazio Economico Europeo, per i quali vige la normativa locale applicabile in materia.<\/p>\n<p>1.4 Qualora ritenga di aver acquistato un Prodotto con un difetto di conformit\u00e0, il Consumatore dovr\u00e0 contattare il proprio rivenditore per avvalersi della relativa garanzia.<\/p>\n<p>1.5 BESTWAY fornisce la garanzia su eventuali difetti di conformit\u00e0 dei Prodotti a tutti i Consumatori che abbiano acquistato i Prodotti direttamente da BESTWAY.<\/p>\t\t\t\t\t\t\t\t<\/div>\n\t\t\t\t<\/div>\n\t\t\t\t<div class=\"elementor-element elementor-element-1fe5510 elementor-widget elementor-widget-heading\" data-id=\"1fe5510\" data-element_type=\"widget\" data-e-type=\"widget\" data-widget_type=\"heading.default\">\n\t\t\t\t<div class=\"elementor-widget-container\">\n\t\t\t\t\t<h2 class=\"elementor-heading-title elementor-size-default\">Garanzia del produttore<\/h2>\t\t\t\t<\/div>\n\t\t\t\t<\/div>\n\t\t\t\t<div class=\"elementor-element elementor-element-b5b3ff4 elementor-widget elementor-widget-text-editor\" data-id=\"b5b3ff4\" data-element_type=\"widget\" data-e-type=\"widget\" data-widget_type=\"text-editor.default\">\n\t\t\t\t<div class=\"elementor-widget-container\">\n\t\t\t\t\t\t\t\t\t<p>Fatte salve le garanzie e le prerogative previste dalla legge e ferma restando la possibilit\u00e0 per il consumatore di attivare la suddetta garanzia legale, BESTWAY offre una ulteriore garanzia (&#8220;Garanzia del produttore BESTWAY&#8221;) su eventuali difetti di conformit\u00e0, applicabile a una gamma limitata di Prodotti.<\/p><p><a href=\"https:\/\/support.bestway.eu\/it-it\/warranty\" target=\"_blank\" rel=\"noopener\">Clicca qui<\/a> per conoscere i termini e condizioni, la gamma dei prodotti coperti e le modalit\u00e0 di attivazione.<\/p>\t\t\t\t\t\t\t\t<\/div>\n\t\t\t\t<\/div>\n\t\t\t\t\t<\/div>\n\t\t\t\t<\/div>\n\t\t\t\t<\/div>\n\t\t","protected":false},"excerpt":{"rendered":"<p>Di seguito sono riportati i termini di garanzia applicati da BESTWAY EUROPE S.p.A., con sede legale in Via della Resistenza n. 5, San Giuliano Milanese (20098) &#8211; Milano, Italia (di seguito &#8220;BESTWAY&#8221;), sui prodotti venduti all&#8217;interno dello Spazio Economico Europeo con il marchio BESTWAY. Estensione di garanzia Su Bestway Store puoi beneficiare, su una selezione [&hellip;]<\/p>\n","protected":false},"author":3,"featured_media":0,"parent":0,"menu_order":0,"comment_status":"closed","ping_status":"closed","template":"","meta":{"_acf_changed":false,"site-sidebar-layout":"no-sidebar","site-content-layout":"page-builder","ast-site-content-layout":"full-width-container","site-content-style":"default","site-sidebar-style":"default","ast-global-header-display":"","ast-banner-title-visibility":"","ast-main-header-display":"","ast-hfb-above-header-display":"","ast-hfb-below-header-display":"","ast-hfb-mobile-header-display":"","site-post-title":"disabled","ast-breadcrumbs-content":"","ast-featured-img":"disabled","footer-sml-layout":"","ast-disable-related-posts":"","theme-transparent-header-meta":"","adv-header-id-meta":"","stick-header-meta":"","header-above-stick-meta":"","header-main-stick-meta":"","header-below-stick-meta":"","astra-migrate-meta-layouts":"set","ast-page-background-enabled":"default","ast-page-background-meta":{"desktop":{"background-color":"var(--ast-global-color-4)","background-image":"","background-repeat":"repeat","background-position":"center center","background-size":"auto","background-attachment":"scroll","background-type":"","background-media":"","overlay-type":"","overlay-color":"","overlay-opacity":"","overlay-gradient":""},"tablet":{"background-color":"","background-image":"","background-repeat":"repeat","background-position":"center center","background-size":"auto","background-attachment":"scroll","background-type":"","background-media":"","overlay-type":"","overlay-color":"","overlay-opacity":"","overlay-gradient":""},"mobile":{"background-color":"","background-image":"","background-repeat":"repeat","background-position":"center center","background-size":"auto","background-attachment":"scroll","background-type":"","background-media":"","overlay-type":"","overlay-color":"","overlay-opacity":"","overlay-gradient":""}},"ast-content-background-meta":{"desktop":{"background-color":"var(--ast-global-color-5)","background-image":"","background-repeat":"repeat","background-position":"center center","background-size":"auto","background-attachment":"scroll","background-type":"","background-media":"","overlay-type":"","overlay-color":"","overlay-opacity":"","overlay-gradient":""},"tablet":{"background-color":"var(--ast-global-color-5)","background-image":"","background-repeat":"repeat","background-position":"center center","background-size":"auto","background-attachment":"scroll","background-type":"","background-media":"","overlay-type":"","overlay-color":"","overlay-opacity":"","overlay-gradient":""},"mobile":{"background-color":"var(--ast-global-color-5)","background-image":"","background-repeat":"repeat","background-position":"center center","background-size":"auto","background-attachment":"scroll","background-type":"","background-media":"","overlay-type":"","overlay-color":"","overlay-opacity":"","overlay-gradient":""}},"footnotes":""},"class_list":["post-3436","page","type-page","status-publish","hentry"],"acf":[],"yoast_head":"<!-- This site is optimized with the Yoast SEO plugin v27.5 - https:\/\/yoast.com\/product\/yoast-seo-wordpress\/ -->\n<title>Garanzia Bestway\u00a0 - Legal<\/title>\n<meta name=\"robots\" content=\"noindex, follow, max-snippet:-1, max-image-preview:large, max-video-preview:-1\" \/>\n<meta property=\"og:locale\" content=\"it_IT\" \/>\n<meta property=\"og:type\" content=\"article\" \/>\n<meta property=\"og:title\" content=\"Garanzia Bestway\u00a0 - Legal\" \/>\n<meta property=\"og:description\" content=\"Di seguito sono riportati i termini di garanzia applicati da BESTWAY EUROPE S.p.A., con sede legale in Via della Resistenza n. 5, San Giuliano Milanese (20098) &#8211; Milano, Italia (di seguito &#8220;BESTWAY&#8221;), sui prodotti venduti all&#8217;interno dello Spazio Economico Europeo con il marchio BESTWAY. Estensione di garanzia Su Bestway Store puoi beneficiare, su una selezione [&hellip;]\" \/>\n<meta property=\"og:url\" content=\"https:\/\/legal.bestway.eu\/it-it\/warranty-extension\/\" \/>\n<meta property=\"og:site_name\" content=\"Legal\" \/>\n<meta property=\"article:modified_time\" content=\"2026-02-10T09:45:32+00:00\" \/>\n<meta name=\"twitter:card\" content=\"summary_large_image\" \/>\n<meta name=\"twitter:label1\" content=\"Est. reading time\" \/>\n\t<meta name=\"twitter:data1\" content=\"3 minutes\" \/>\n<script type=\"application\/ld+json\" class=\"yoast-schema-graph\">{\"@context\":\"https:\\\/\\\/schema.org\",\"@graph\":[{\"@type\":\"WebPage\",\"@id\":\"https:\\\/\\\/legal.bestway.eu\\\/it-it\\\/warranty-extension\\\/\",\"url\":\"https:\\\/\\\/legal.bestway.eu\\\/it-it\\\/warranty-extension\\\/\",\"name\":\"Garanzia Bestway\u00a0 - Legal\",\"isPartOf\":{\"@id\":\"https:\\\/\\\/legal.bestway.eu\\\/it-it\\\/#website\"},\"datePublished\":\"2023-10-24T09:15:40+00:00\",\"dateModified\":\"2026-02-10T09:45:32+00:00\",\"inLanguage\":\"it-it\",\"potentialAction\":[{\"@type\":\"ReadAction\",\"target\":[\"https:\\\/\\\/legal.bestway.eu\\\/it-it\\\/warranty-extension\\\/\"]}]},{\"@type\":\"WebSite\",\"@id\":\"https:\\\/\\\/legal.bestway.eu\\\/it-it\\\/#website\",\"url\":\"https:\\\/\\\/legal.bestway.eu\\\/it-it\\\/\",\"name\":\"Legal\",\"description\":\"Legal\",\"publisher\":{\"@id\":\"https:\\\/\\\/legal.bestway.eu\\\/it-it\\\/#organization\"},\"potentialAction\":[{\"@type\":\"SearchAction\",\"target\":{\"@type\":\"EntryPoint\",\"urlTemplate\":\"https:\\\/\\\/legal.bestway.eu\\\/it-it\\\/?s={search_term_string}\"},\"query-input\":{\"@type\":\"PropertyValueSpecification\",\"valueRequired\":true,\"valueName\":\"search_term_string\"}}],\"inLanguage\":\"it-it\"},{\"@type\":\"Organization\",\"@id\":\"https:\\\/\\\/legal.bestway.eu\\\/it-it\\\/#organization\",\"name\":\"Legal\",\"url\":\"https:\\\/\\\/legal.bestway.eu\\\/it-it\\\/\",\"logo\":{\"@type\":\"ImageObject\",\"inLanguage\":\"it-it\",\"@id\":\"https:\\\/\\\/legal.bestway.eu\\\/it-it\\\/#\\\/schema\\\/logo\\\/image\\\/\",\"url\":\"https:\\\/\\\/legal.bestway.eu\\\/wp-content\\\/uploads\\\/sites\\\/2\\\/2023\\\/10\\\/bw-white-logo@2x.png\",\"contentUrl\":\"https:\\\/\\\/legal.bestway.eu\\\/wp-content\\\/uploads\\\/sites\\\/2\\\/2023\\\/10\\\/bw-white-logo@2x.png\",\"width\":348,\"height\":138,\"caption\":\"Legal\"},\"image\":{\"@id\":\"https:\\\/\\\/legal.bestway.eu\\\/it-it\\\/#\\\/schema\\\/logo\\\/image\\\/\"}}]}<\/script>\n<!-- \/ Yoast SEO plugin. -->","yoast_head_json":{"title":"Garanzia Bestway\u00a0 - Legal","robots":{"index":"noindex","follow":"follow","max-snippet":"max-snippet:-1","max-image-preview":"max-image-preview:large","max-video-preview":"max-video-preview:-1"},"og_locale":"it_IT","og_type":"article","og_title":"Garanzia Bestway\u00a0 - Legal","og_description":"Di seguito sono riportati i termini di garanzia applicati da BESTWAY EUROPE S.p.A., con sede legale in Via della Resistenza n. 5, San Giuliano Milanese (20098) &#8211; Milano, Italia (di seguito &#8220;BESTWAY&#8221;), sui prodotti venduti all&#8217;interno dello Spazio Economico Europeo con il marchio BESTWAY. Estensione di garanzia Su Bestway Store puoi beneficiare, su una selezione [&hellip;]","og_url":"https:\/\/legal.bestway.eu\/it-it\/warranty-extension\/","og_site_name":"Legal","article_modified_time":"2026-02-10T09:45:32+00:00","twitter_card":"summary_large_image","twitter_misc":{"Est. reading time":"3 minutes"},"schema":{"@context":"https:\/\/schema.org","@graph":[{"@type":"WebPage","@id":"https:\/\/legal.bestway.eu\/it-it\/warranty-extension\/","url":"https:\/\/legal.bestway.eu\/it-it\/warranty-extension\/","name":"Garanzia Bestway\u00a0 - Legal","isPartOf":{"@id":"https:\/\/legal.bestway.eu\/it-it\/#website"},"datePublished":"2023-10-24T09:15:40+00:00","dateModified":"2026-02-10T09:45:32+00:00","inLanguage":"it-it","potentialAction":[{"@type":"ReadAction","target":["https:\/\/legal.bestway.eu\/it-it\/warranty-extension\/"]}]},{"@type":"WebSite","@id":"https:\/\/legal.bestway.eu\/it-it\/#website","url":"https:\/\/legal.bestway.eu\/it-it\/","name":"Legal","description":"Legal","publisher":{"@id":"https:\/\/legal.bestway.eu\/it-it\/#organization"},"potentialAction":[{"@type":"SearchAction","target":{"@type":"EntryPoint","urlTemplate":"https:\/\/legal.bestway.eu\/it-it\/?s={search_term_string}"},"query-input":{"@type":"PropertyValueSpecification","valueRequired":true,"valueName":"search_term_string"}}],"inLanguage":"it-it"},{"@type":"Organization","@id":"https:\/\/legal.bestway.eu\/it-it\/#organization","name":"Legal","url":"https:\/\/legal.bestway.eu\/it-it\/","logo":{"@type":"ImageObject","inLanguage":"it-it","@id":"https:\/\/legal.bestway.eu\/it-it\/#\/schema\/logo\/image\/","url":"https:\/\/legal.bestway.eu\/wp-content\/uploads\/sites\/2\/2023\/10\/bw-white-logo@2x.png","contentUrl":"https:\/\/legal.bestway.eu\/wp-content\/uploads\/sites\/2\/2023\/10\/bw-white-logo@2x.png","width":348,"height":138,"caption":"Legal"},"image":{"@id":"https:\/\/legal.bestway.eu\/it-it\/#\/schema\/logo\/image\/"}}]}},"_links":{"self":[{"href":"https:\/\/legal.bestway.eu\/it-it\/wp-json\/wp\/v2\/pages\/3436","targetHints":{"allow":["GET"]}}],"collection":[{"href":"https:\/\/legal.bestway.eu\/it-it\/wp-json\/wp\/v2\/pages"}],"about":[{"href":"https:\/\/legal.bestway.eu\/it-it\/wp-json\/wp\/v2\/types\/page"}],"author":[{"embeddable":true,"href":"https:\/\/legal.bestway.eu\/it-it\/wp-json\/wp\/v2\/users\/3"}],"replies":[{"embeddable":true,"href":"https:\/\/legal.bestway.eu\/it-it\/wp-json\/wp\/v2\/comments?post=3436"}],"version-history":[{"count":41,"href":"https:\/\/legal.bestway.eu\/it-it\/wp-json\/wp\/v2\/pages\/3436\/revisions"}],"predecessor-version":[{"id":8998,"href":"https:\/\/legal.bestway.eu\/it-it\/wp-json\/wp\/v2\/pages\/3436\/revisions\/8998"}],"wp:attachment":[{"href":"https:\/\/legal.bestway.eu\/it-it\/wp-json\/wp\/v2\/media?parent=3436"}],"curies":[{"name":"wp","href":"https:\/\/api.w.org\/{rel}","templated":true}]}}