{"id":8689,"date":"2025-06-09T15:47:15","date_gmt":"2025-06-09T13:47:15","guid":{"rendered":"https:\/\/legal.bestway.eu\/accessibility\/"},"modified":"2025-06-23T09:45:56","modified_gmt":"2025-06-23T07:45:56","slug":"accessibility","status":"publish","type":"page","link":"https:\/\/legal.bestway.eu\/hu-hu\/accessibility\/","title":{"rendered":"Megk\u00f6zel\u00edthet\u0151s\u00e9g"},"content":{"rendered":"\t\t<div data-elementor-type=\"wp-page\" data-elementor-id=\"8689\" class=\"elementor elementor-8689\" data-elementor-post-type=\"page\">\n\t\t\t\t<div class=\"elementor-element elementor-element-5b5bf09 e-flex e-con-boxed e-con e-parent\" data-id=\"5b5bf09\" data-element_type=\"container\" data-e-type=\"container\">\n\t\t\t\t\t<div class=\"e-con-inner\">\n\t\t\t\t<div class=\"elementor-element elementor-element-febc057 elementor-widget elementor-widget-text-editor\" data-id=\"febc057\" data-element_type=\"widget\" data-e-type=\"widget\" data-widget_type=\"text-editor.default\">\n\t\t\t\t<div class=\"elementor-widget-container\">\n\t\t\t\t\t\t\t\t\t<p>\u00dagy gondoljuk, hogy az internetnek mindenki sz\u00e1m\u00e1ra el\u00e9rhet\u0151nek \u00e9s hozz\u00e1f\u00e9rhet\u0151nek kell lennie, \u00e9s elk\u00f6telezettek vagyunk egy olyan weboldal biztos\u00edt\u00e1sa ir\u00e1nt, amely a lehet\u0151 legsz\u00e9lesebb k\u00f6z\u00f6ns\u00e9g sz\u00e1m\u00e1ra hozz\u00e1f\u00e9rhet\u0151.<\/p><p>Jellemz\u0151en a World Wide Web Consortium (W3C) Web Content Accessibility Guidelines 2.1 (WCAG 2.1) ir\u00e1nyelveit k\u00f6vetj\u00fck. Ezek az ir\u00e1nyelvek elmagyar\u00e1zz\u00e1k, hogyan tehetj\u00fck a webes tartalmakat hozz\u00e1f\u00e9rhet\u0151v\u00e9 a felhaszn\u00e1l\u00f3k sz\u00e9les k\u00f6re \u00e9s k\u00fcl\u00f6nb\u00f6z\u0151 ig\u00e9nyeik sz\u00e1m\u00e1ra. Ezen ir\u00e1nyelvek betart\u00e1sa seg\u00edt biztos\u00edtani, hogy weboldalaink a lehet\u0151 legsz\u00e9lesebb k\u00f6rben legyenek hozz\u00e1f\u00e9rhet\u0151ek.<\/p>\t\t\t\t\t\t\t\t<\/div>\n\t\t\t\t<\/div>\n\t\t\t\t<div class=\"elementor-element elementor-element-a41cc72 elementor-widget elementor-widget-heading\" data-id=\"a41cc72\" data-element_type=\"widget\" data-e-type=\"widget\" data-widget_type=\"heading.default\">\n\t\t\t\t<div class=\"elementor-widget-container\">\n\t\t\t\t\t<h2 class=\"elementor-heading-title elementor-size-default\">Hozz\u00e1f\u00e9rhet\u0151s\u00e9gi nyilatkozatok<\/h2>\t\t\t\t<\/div>\n\t\t\t\t<\/div>\n\t\t\t\t<div class=\"elementor-element elementor-element-dd82ffd elementor-widget elementor-widget-n-accordion\" data-id=\"dd82ffd\" data-element_type=\"widget\" data-e-type=\"widget\" data-settings=\"{&quot;max_items_expended&quot;:&quot;multiple&quot;,&quot;default_state&quot;:&quot;expanded&quot;,&quot;n_accordion_animation_duration&quot;:{&quot;unit&quot;:&quot;ms&quot;,&quot;size&quot;:400,&quot;sizes&quot;:[]}}\" data-widget_type=\"nested-accordion.default\">\n\t\t\t\t<div class=\"elementor-widget-container\">\n\t\t\t\t\t\t\t<div class=\"e-n-accordion\" aria-label=\"Accordion. Open links with Enter or Space, close with Escape, and navigate with Arrow Keys\">\n\t\t\t\t\t\t<details id=\"e-n-accordion-item-2320\" class=\"e-n-accordion-item\" open>\n\t\t\t\t<summary class=\"e-n-accordion-item-title\" data-accordion-index=\"1\" tabindex=\"0\" aria-expanded=\"true\" aria-controls=\"e-n-accordion-item-2320\" >\n\t\t\t\t\t<span class='e-n-accordion-item-title-header'><div class=\"e-n-accordion-item-title-text\"> T\u00e1mogat\u00e1si weboldal (support.bestway.eu) <\/div><\/span>\n\t\t\t\t\t\t\t<span class='e-n-accordion-item-title-icon'>\n\t\t\t<span class='e-opened' ><i aria-hidden=\"true\" class=\"fas fa-minus\"><\/i><\/span>\n\t\t\t<span class='e-closed'><i aria-hidden=\"true\" class=\"fas fa-plus\"><\/i><\/span>\n\t\t<\/span>\n\n\t\t\t\t\t\t<\/summary>\n\t\t\t\t<div role=\"region\" aria-labelledby=\"e-n-accordion-item-2320\" class=\"elementor-element elementor-element-0ab357d e-con-full e-flex e-con e-child\" data-id=\"0ab357d\" data-element_type=\"container\" data-e-type=\"container\">\n\t\t\t\t<div class=\"elementor-element elementor-element-7f3cfd0 elementor-widget elementor-widget-text-editor\" data-id=\"7f3cfd0\" data-element_type=\"widget\" data-e-type=\"widget\" data-widget_type=\"text-editor.default\">\n\t\t\t\t<div class=\"elementor-widget-container\">\n\t\t\t\t\t\t\t\t\t<p data-start=\"92\" data-end=\"193\"><strong data-start=\"92\" data-end=\"193\">Ez az akad\u00e1lymentes\u00edt\u00e9si nyilatkozat az al\u00e1bbi weboldalra vonatkozik: https:\/\/support.bestway.eu.<\/strong><\/p><p data-start=\"195\" data-end=\"396\"><strong data-start=\"195\" data-end=\"239\">Megfelel\u0151s\u00e9gi \u00e1llapot: R\u00e9szben megfelel.<\/strong><br data-start=\"239\" data-end=\"242\" \/>Ez a weboldal r\u00e9szben felel meg az UNI CEI EN 301549 szabv\u00e1ny A mell\u00e9klet\u00e9ben meghat\u00e1rozott k\u00f6vetelm\u00e9nyeknek, az al\u00e1bbiakban felsorolt hi\u00e1nyoss\u00e1gok miatt.<\/p><p data-start=\"540\" data-end=\"575\"><strong data-start=\"540\" data-end=\"573\">1.1.1 \u2013 Nem sz\u00f6veges tartalom<\/strong><\/p><ul data-start=\"576\" data-end=\"872\"><li data-start=\"576\" data-end=\"680\"><p data-start=\"578\" data-end=\"680\">Egyes k\u00e9pek nem rendelkeznek alt attrib\u00fatummal, vagy a megadott alternat\u00edv sz\u00f6veg nem le\u00edr\u00f3 jelleg\u0171.<\/p><\/li><li data-start=\"681\" data-end=\"749\"><p data-start=\"683\" data-end=\"749\">Egyes iframe-ekb\u0151l hi\u00e1nyzik a c\u00edm attrib\u00fatum vagy az aria-label.<\/p><\/li><li data-start=\"750\" data-end=\"872\"><p data-start=\"752\" data-end=\"872\">Egyes kiz\u00e1r\u00f3lag vizu\u00e1lis elemek nincsenek megfelel\u0151en megjel\u00f6lve (role=&#8221;presentation&#8221; vagy aria-hidden=&#8221;true&#8221; hi\u00e1nyzik).<\/p><\/li><\/ul><p data-start=\"874\" data-end=\"914\"><strong data-start=\"874\" data-end=\"912\">1.3.1 \u2013 Inform\u00e1ci\u00f3k \u00e9s kapcsolatok<\/strong><\/p><ul data-start=\"915\" data-end=\"1296\"><li data-start=\"915\" data-end=\"998\"><p data-start=\"917\" data-end=\"998\">T\u00f6bb kont\u00e9ner elem \u00fcres a DOM-ban, ami nem szemantikus strukt\u00far\u00e1kat eredm\u00e9nyez.<\/p><\/li><li data-start=\"999\" data-end=\"1093\"><p data-start=\"1001\" data-end=\"1093\">Egyes \u0171rlapmez\u0151k nem rendelkeznek megfelel\u0151 &lt;label&gt; vagy aria-labelledby hozz\u00e1rendel\u00e9ssel.<\/p><\/li><li data-start=\"1094\" data-end=\"1170\"><p data-start=\"1096\" data-end=\"1170\">Egyes sz\u00f6vegek nem rendelkeznek ARIA szerepk\u00f6rrel vagy tulajdons\u00e1gokkal.<\/p><\/li><li data-start=\"1171\" data-end=\"1296\"><p data-start=\"1173\" data-end=\"1296\">Bizonyos dokumentumok nem haszn\u00e1lnak szemantikus c\u00edmk\u00e9ket (heading), ami megnehez\u00edti a seg\u00e9deszk\u00f6z\u00f6kkel t\u00f6rt\u00e9n\u0151 navig\u00e1ci\u00f3t.<\/p><\/li><\/ul><p data-start=\"1298\" data-end=\"1387\"><strong data-start=\"1298\" data-end=\"1385\">1.3.2 \/ 2.1.1 \/ 2.4.3 \u2013 Jelent\u0151s sorrend, billenty\u0171zet-hozz\u00e1f\u00e9r\u00e9s, f\u00f3kusz sorrendje<\/strong><\/p><ul data-start=\"1388\" data-end=\"1565\"><li data-start=\"1388\" data-end=\"1565\"><p data-start=\"1390\" data-end=\"1565\">Egyes dokumentumokban az olvas\u00e1si \u00e9s navig\u00e1ci\u00f3s sorrend nem egyezik a vizu\u00e1lis elrendez\u00e9ssel, ami probl\u00e9m\u00e1t okoz a billenty\u0171zettel vagy k\u00e9perny\u0151olvas\u00f3val val\u00f3 haszn\u00e1lat sor\u00e1n.<\/p><\/li><\/ul><p data-start=\"1567\" data-end=\"1600\"><strong data-start=\"1567\" data-end=\"1598\">1.4.3 \u2013 Kontraszt (minimum)<\/strong><\/p><ul data-start=\"1601\" data-end=\"1696\"><li data-start=\"1601\" data-end=\"1696\"><p data-start=\"1603\" data-end=\"1696\">A sz\u00f6veg \u00e9s h\u00e1tt\u00e9r k\u00f6z\u00f6tti sz\u00ednkontraszt egyes elemekn\u00e9l nem \u00e9ri el a minim\u00e1lis 4.5:1 ar\u00e1nyt.<\/p><\/li><\/ul><p data-start=\"1698\" data-end=\"1728\"><strong data-start=\"1698\" data-end=\"1726\">1.4.4 \u2013 Sz\u00f6veg nagy\u00edt\u00e1sa<\/strong><\/p><ul data-start=\"1729\" data-end=\"1803\"><li data-start=\"1729\" data-end=\"1803\"><p data-start=\"1731\" data-end=\"1803\">A sz\u00f6vegek n\u00e9h\u00e1ny esetben lev\u00e1g\u00f3dnak vagy egym\u00e1sra ker\u00fclnek nagy\u00edt\u00e1skor.<\/p><\/li><\/ul><p data-start=\"1805\" data-end=\"1851\"><strong data-start=\"1805\" data-end=\"1849\">1.4.10 \u2013 Tartalom \u00fajrarendez\u00e9se (Reflow)<\/strong><\/p><ul data-start=\"1852\" data-end=\"1974\"><li data-start=\"1852\" data-end=\"1974\"><p data-start=\"1854\" data-end=\"1974\">Egyes oldalak vagy elemek nem kezelik megfelel\u0151en a nagy\u00edt\u00e1st vagy az \u00fajram\u00e9retez\u00e9st, ami elrendez\u00e9si hib\u00e1khoz vezethet.<\/p><\/li><\/ul><p data-start=\"1976\" data-end=\"2016\"><strong data-start=\"1976\" data-end=\"2014\">2.4.1 \u2013 Tartalmi blokkok kihagy\u00e1sa<\/strong><\/p><ul data-start=\"2017\" data-end=\"2110\"><li data-start=\"2017\" data-end=\"2110\"><p data-start=\"2019\" data-end=\"2110\">Egyes oldalakon hi\u00e1nyzik a \u201eUgr\u00e1s a tartalomra\u201d link, amely el\u00e9rhet\u0151 lenne billenty\u0171zettel.<\/p><\/li><\/ul><p data-start=\"2112\" data-end=\"2134\"><strong data-start=\"2112\" data-end=\"2132\">2.4.2 \u2013 Oldalc\u00edm<\/strong><\/p><ul data-start=\"2135\" data-end=\"2253\"><li data-start=\"2135\" data-end=\"2253\"><p data-start=\"2137\" data-end=\"2253\">Egyes dokumentumok metainform\u00e1ci\u00f3ib\u00f3l hi\u00e1nyzik az oldalc\u00edm, ami megnehez\u00edti az azonos\u00edt\u00e1st seg\u00edtett b\u00f6ng\u00e9sz\u00e9s sor\u00e1n.<\/p><\/li><\/ul><p data-start=\"2255\" data-end=\"2302\"><strong data-start=\"2255\" data-end=\"2300\">2.4.4 \u2013 Hivatkoz\u00e1s c\u00e9lja (\u00f6sszef\u00fcgg\u00e9sben)<\/strong><\/p><ul data-start=\"2303\" data-end=\"2373\"><li data-start=\"2303\" data-end=\"2373\"><p data-start=\"2305\" data-end=\"2373\">Egyes linkek nem tartalmaznak egy\u00e9rtelm\u0171, jelent\u00e9ssel b\u00edr\u00f3 sz\u00f6veget.<\/p><\/li><\/ul><p data-start=\"2375\" data-end=\"2407\"><strong data-start=\"2375\" data-end=\"2405\">2.4.6 \u2013 Fejl\u00e9cek \u00e9s c\u00edmk\u00e9k<\/strong><\/p><ul data-start=\"2408\" data-end=\"2480\"><li data-start=\"2408\" data-end=\"2480\"><p data-start=\"2410\" data-end=\"2480\">Egyes oldalakon hi\u00e1nyoznak a szemantikus fejl\u00e9cek vagy a header tagek.<\/p><\/li><\/ul><p data-start=\"2482\" data-end=\"2511\"><strong data-start=\"2482\" data-end=\"2509\">3.1.1 \u2013 Az oldal nyelve<\/strong><\/p><ul data-start=\"2512\" data-end=\"2619\"><li data-start=\"2512\" data-end=\"2619\"><p data-start=\"2514\" data-end=\"2619\">Az alap\u00e9rtelmezett dokumentumnyelv nincs be\u00e1ll\u00edtva, ez akad\u00e1lyozza a k\u00e9perny\u0151olvas\u00f3k megfelel\u0151 m\u0171k\u00f6d\u00e9s\u00e9t.<\/p><\/li><\/ul><p data-start=\"2621\" data-end=\"2653\"><strong data-start=\"2621\" data-end=\"2651\">4.1.2 \u2013 N\u00e9v, szerep, \u00e9rt\u00e9k<\/strong><\/p><ul data-start=\"2654\" data-end=\"2815\"><li data-start=\"2654\" data-end=\"2732\"><p data-start=\"2656\" data-end=\"2732\">T\u00f6bb gomb nem rendelkezik sz\u00f6veges c\u00edmk\u00e9vel vagy aria-label attrib\u00fatummal.<\/p><\/li><li data-start=\"2733\" data-end=\"2815\"><p data-start=\"2735\" data-end=\"2815\">Egyes ARIA attrib\u00fatumok nem \u00e9rv\u00e9nyes vagy nem szabv\u00e1nyos \u00e9rt\u00e9keket tartalmaznak.<\/p><\/li><\/ul>\t\t\t\t\t\t\t\t<\/div>\n\t\t\t\t<\/div>\n\t\t\t\t<\/div>\n\t\t\t\t\t<\/details>\n\t\t\t\t\t<\/div>\n\t\t\t\t\t\t<\/div>\n\t\t\t\t<\/div>\n\t\t\t\t<div class=\"elementor-element elementor-element-3003df7 elementor-widget elementor-widget-heading\" data-id=\"3003df7\" data-element_type=\"widget\" data-e-type=\"widget\" data-widget_type=\"heading.default\">\n\t\t\t\t<div class=\"elementor-widget-container\">\n\t\t\t\t\t<h2 class=\"elementor-heading-title elementor-size-default\">Megjegyz\u00e9sek \u00e9s visszajelz\u00e9sek<\/h2>\t\t\t\t<\/div>\n\t\t\t\t<\/div>\n\t\t\t\t<div class=\"elementor-element elementor-element-2b49daa elementor-widget elementor-widget-text-editor\" data-id=\"2b49daa\" data-element_type=\"widget\" data-e-type=\"widget\" data-widget_type=\"text-editor.default\">\n\t\t\t\t<div class=\"elementor-widget-container\">\n\t\t\t\t\t\t\t\t\t<p><span style=\"font-size: 16px;\">Weboldalaink fejleszt\u00e9se sor\u00e1n igyeksz\u00fcnk betartani a digit\u00e1lis akad\u00e1lymentes\u00edt\u00e9s krit\u00e9riumait, de el\u0151fordulhat, hogy olyan oldalak vagy r\u00e9szek vannak, amelyek nem teljesen akad\u00e1lymentesek, az akad\u00e1lymentes\u00edt\u00e9s folyamat\u00e1ban vannak, vagy hi\u00e1nyzik r\u00f3luk a megfelel\u0151 technol\u00f3giai megold\u00e1s az akad\u00e1lymentes\u00edt\u00e9shez. Visszajelz\u00e9s\u00e9rt vagy bejelent\u00e9s\u00e9rt \u00edrjon a k\u00f6vetkez\u0151 c\u00edmre <\/span><a style=\"font-size: 16px; background-color: #ffffff;\" href=\"mailto:accessibility@bestwaycorp.eu\"><strong>accessibility@bestwaycorp.eu<\/strong><\/a><\/p>\t\t\t\t\t\t\t\t<\/div>\n\t\t\t\t<\/div>\n\t\t\t\t\t<\/div>\n\t\t\t\t<\/div>\n\t\t\t\t<\/div>\n\t\t","protected":false},"excerpt":{"rendered":"<p>\u00dagy gondoljuk, hogy az internetnek mindenki sz\u00e1m\u00e1ra el\u00e9rhet\u0151nek \u00e9s hozz\u00e1f\u00e9rhet\u0151nek kell lennie, \u00e9s elk\u00f6telezettek vagyunk egy olyan weboldal biztos\u00edt\u00e1sa ir\u00e1nt, amely a lehet\u0151 legsz\u00e9lesebb k\u00f6z\u00f6ns\u00e9g sz\u00e1m\u00e1ra hozz\u00e1f\u00e9rhet\u0151. Jellemz\u0151en a World Wide Web Consortium (W3C) Web Content Accessibility Guidelines 2.1 (WCAG 2.1) ir\u00e1nyelveit k\u00f6vetj\u00fck. Ezek az ir\u00e1nyelvek elmagyar\u00e1zz\u00e1k, hogyan tehetj\u00fck a webes tartalmakat hozz\u00e1f\u00e9rhet\u0151v\u00e9 a felhaszn\u00e1l\u00f3k [&hellip;]<\/p>\n","protected":false},"author":1,"featured_media":0,"parent":0,"menu_order":0,"comment_status":"closed","ping_status":"closed","template":"","meta":{"_acf_changed":false,"site-sidebar-layout":"no-sidebar","site-content-layout":"page-builder","ast-site-content-layout":"full-width-container","site-content-style":"default","site-sidebar-style":"default","ast-global-header-display":"","ast-banner-title-visibility":"","ast-main-header-display":"","ast-hfb-above-header-display":"","ast-hfb-below-header-display":"","ast-hfb-mobile-header-display":"","site-post-title":"disabled","ast-breadcrumbs-content":"","ast-featured-img":"disabled","footer-sml-layout":"","ast-disable-related-posts":"","theme-transparent-header-meta":"","adv-header-id-meta":"","stick-header-meta":"","header-above-stick-meta":"","header-main-stick-meta":"","header-below-stick-meta":"","astra-migrate-meta-layouts":"set","ast-page-background-enabled":"default","ast-page-background-meta":{"desktop":{"background-color":"var(--ast-global-color-4)","background-image":"","background-repeat":"repeat","background-position":"center center","background-size":"auto","background-attachment":"scroll","background-type":"","background-media":"","overlay-type":"","overlay-color":"","overlay-opacity":"","overlay-gradient":""},"tablet":{"background-color":"","background-image":"","background-repeat":"repeat","background-position":"center center","background-size":"auto","background-attachment":"scroll","background-type":"","background-media":"","overlay-type":"","overlay-color":"","overlay-opacity":"","overlay-gradient":""},"mobile":{"background-color":"","background-image":"","background-repeat":"repeat","background-position":"center center","background-size":"auto","background-attachment":"scroll","background-type":"","background-media":"","overlay-type":"","overlay-color":"","overlay-opacity":"","overlay-gradient":""}},"ast-content-background-meta":{"desktop":{"background-color":"var(--ast-global-color-5)","background-image":"","background-repeat":"repeat","background-position":"center center","background-size":"auto","background-attachment":"scroll","background-type":"","background-media":"","overlay-type":"","overlay-color":"","overlay-opacity":"","overlay-gradient":""},"tablet":{"background-color":"var(--ast-global-color-5)","background-image":"","background-repeat":"repeat","background-position":"center center","background-size":"auto","background-attachment":"scroll","background-type":"","background-media":"","overlay-type":"","overlay-color":"","overlay-opacity":"","overlay-gradient":""},"mobile":{"background-color":"var(--ast-global-color-5)","background-image":"","background-repeat":"repeat","background-position":"center center","background-size":"auto","background-attachment":"scroll","background-type":"","background-media":"","overlay-type":"","overlay-color":"","overlay-opacity":"","overlay-gradient":""}},"footnotes":""},"class_list":["post-8689","page","type-page","status-publish","hentry"],"acf":[],"yoast_head":"<!-- This site is optimized with the Yoast SEO plugin v27.4 - https:\/\/yoast.com\/product\/yoast-seo-wordpress\/ -->\n<title>Megk\u00f6zel\u00edthet\u0151s\u00e9g - Legal<\/title>\n<meta name=\"robots\" content=\"noindex, follow, max-snippet:-1, max-image-preview:large, max-video-preview:-1\" \/>\n<meta property=\"og:locale\" content=\"hu_HU\" \/>\n<meta property=\"og:type\" content=\"article\" \/>\n<meta property=\"og:title\" content=\"Megk\u00f6zel\u00edthet\u0151s\u00e9g - Legal\" \/>\n<meta property=\"og:description\" content=\"\u00dagy gondoljuk, hogy az internetnek mindenki sz\u00e1m\u00e1ra el\u00e9rhet\u0151nek \u00e9s hozz\u00e1f\u00e9rhet\u0151nek kell lennie, \u00e9s elk\u00f6telezettek vagyunk egy olyan weboldal biztos\u00edt\u00e1sa ir\u00e1nt, amely a lehet\u0151 legsz\u00e9lesebb k\u00f6z\u00f6ns\u00e9g sz\u00e1m\u00e1ra hozz\u00e1f\u00e9rhet\u0151. Jellemz\u0151en a World Wide Web Consortium (W3C) Web Content Accessibility Guidelines 2.1 (WCAG 2.1) ir\u00e1nyelveit k\u00f6vetj\u00fck. Ezek az ir\u00e1nyelvek elmagyar\u00e1zz\u00e1k, hogyan tehetj\u00fck a webes tartalmakat hozz\u00e1f\u00e9rhet\u0151v\u00e9 a felhaszn\u00e1l\u00f3k [&hellip;]\" \/>\n<meta property=\"og:url\" content=\"https:\/\/legal.bestway.eu\/hu-hu\/accessibility\/\" \/>\n<meta property=\"og:site_name\" content=\"Legal\" \/>\n<meta property=\"article:modified_time\" content=\"2025-06-23T07:45:56+00:00\" \/>\n<meta name=\"twitter:card\" content=\"summary_large_image\" \/>\n<meta name=\"twitter:label1\" content=\"Est. reading time\" \/>\n\t<meta name=\"twitter:data1\" content=\"4 minutes\" \/>\n<script type=\"application\/ld+json\" class=\"yoast-schema-graph\">{\"@context\":\"https:\\\/\\\/schema.org\",\"@graph\":[{\"@type\":\"WebPage\",\"@id\":\"https:\\\/\\\/legal.bestway.eu\\\/hu-hu\\\/accessibility\\\/\",\"url\":\"https:\\\/\\\/legal.bestway.eu\\\/hu-hu\\\/accessibility\\\/\",\"name\":\"Megk\u00f6zel\u00edthet\u0151s\u00e9g - Legal\",\"isPartOf\":{\"@id\":\"https:\\\/\\\/legal.bestway.eu\\\/hu-hu\\\/#website\"},\"datePublished\":\"2025-06-09T13:47:15+00:00\",\"dateModified\":\"2025-06-23T07:45:56+00:00\",\"inLanguage\":\"hu-hu\",\"potentialAction\":[{\"@type\":\"ReadAction\",\"target\":[\"https:\\\/\\\/legal.bestway.eu\\\/hu-hu\\\/accessibility\\\/\"]}]},{\"@type\":\"WebSite\",\"@id\":\"https:\\\/\\\/legal.bestway.eu\\\/hu-hu\\\/#website\",\"url\":\"https:\\\/\\\/legal.bestway.eu\\\/hu-hu\\\/\",\"name\":\"Legal\",\"description\":\"Legal\",\"publisher\":{\"@id\":\"https:\\\/\\\/legal.bestway.eu\\\/hu-hu\\\/#organization\"},\"potentialAction\":[{\"@type\":\"SearchAction\",\"target\":{\"@type\":\"EntryPoint\",\"urlTemplate\":\"https:\\\/\\\/legal.bestway.eu\\\/hu-hu\\\/?s={search_term_string}\"},\"query-input\":{\"@type\":\"PropertyValueSpecification\",\"valueRequired\":true,\"valueName\":\"search_term_string\"}}],\"inLanguage\":\"hu-hu\"},{\"@type\":\"Organization\",\"@id\":\"https:\\\/\\\/legal.bestway.eu\\\/hu-hu\\\/#organization\",\"name\":\"Legal\",\"url\":\"https:\\\/\\\/legal.bestway.eu\\\/hu-hu\\\/\",\"logo\":{\"@type\":\"ImageObject\",\"inLanguage\":\"hu-hu\",\"@id\":\"https:\\\/\\\/legal.bestway.eu\\\/hu-hu\\\/#\\\/schema\\\/logo\\\/image\\\/\",\"url\":\"https:\\\/\\\/legal.bestway.eu\\\/wp-content\\\/uploads\\\/sites\\\/2\\\/2023\\\/10\\\/bw-white-logo@2x.png\",\"contentUrl\":\"https:\\\/\\\/legal.bestway.eu\\\/wp-content\\\/uploads\\\/sites\\\/2\\\/2023\\\/10\\\/bw-white-logo@2x.png\",\"width\":348,\"height\":138,\"caption\":\"Legal\"},\"image\":{\"@id\":\"https:\\\/\\\/legal.bestway.eu\\\/hu-hu\\\/#\\\/schema\\\/logo\\\/image\\\/\"}}]}<\/script>\n<!-- \/ Yoast SEO plugin. -->","yoast_head_json":{"title":"Megk\u00f6zel\u00edthet\u0151s\u00e9g - Legal","robots":{"index":"noindex","follow":"follow","max-snippet":"max-snippet:-1","max-image-preview":"max-image-preview:large","max-video-preview":"max-video-preview:-1"},"og_locale":"hu_HU","og_type":"article","og_title":"Megk\u00f6zel\u00edthet\u0151s\u00e9g - Legal","og_description":"\u00dagy gondoljuk, hogy az internetnek mindenki sz\u00e1m\u00e1ra el\u00e9rhet\u0151nek \u00e9s hozz\u00e1f\u00e9rhet\u0151nek kell lennie, \u00e9s elk\u00f6telezettek vagyunk egy olyan weboldal biztos\u00edt\u00e1sa ir\u00e1nt, amely a lehet\u0151 legsz\u00e9lesebb k\u00f6z\u00f6ns\u00e9g sz\u00e1m\u00e1ra hozz\u00e1f\u00e9rhet\u0151. Jellemz\u0151en a World Wide Web Consortium (W3C) Web Content Accessibility Guidelines 2.1 (WCAG 2.1) ir\u00e1nyelveit k\u00f6vetj\u00fck. Ezek az ir\u00e1nyelvek elmagyar\u00e1zz\u00e1k, hogyan tehetj\u00fck a webes tartalmakat hozz\u00e1f\u00e9rhet\u0151v\u00e9 a felhaszn\u00e1l\u00f3k [&hellip;]","og_url":"https:\/\/legal.bestway.eu\/hu-hu\/accessibility\/","og_site_name":"Legal","article_modified_time":"2025-06-23T07:45:56+00:00","twitter_card":"summary_large_image","twitter_misc":{"Est. reading time":"4 minutes"},"schema":{"@context":"https:\/\/schema.org","@graph":[{"@type":"WebPage","@id":"https:\/\/legal.bestway.eu\/hu-hu\/accessibility\/","url":"https:\/\/legal.bestway.eu\/hu-hu\/accessibility\/","name":"Megk\u00f6zel\u00edthet\u0151s\u00e9g - Legal","isPartOf":{"@id":"https:\/\/legal.bestway.eu\/hu-hu\/#website"},"datePublished":"2025-06-09T13:47:15+00:00","dateModified":"2025-06-23T07:45:56+00:00","inLanguage":"hu-hu","potentialAction":[{"@type":"ReadAction","target":["https:\/\/legal.bestway.eu\/hu-hu\/accessibility\/"]}]},{"@type":"WebSite","@id":"https:\/\/legal.bestway.eu\/hu-hu\/#website","url":"https:\/\/legal.bestway.eu\/hu-hu\/","name":"Legal","description":"Legal","publisher":{"@id":"https:\/\/legal.bestway.eu\/hu-hu\/#organization"},"potentialAction":[{"@type":"SearchAction","target":{"@type":"EntryPoint","urlTemplate":"https:\/\/legal.bestway.eu\/hu-hu\/?s={search_term_string}"},"query-input":{"@type":"PropertyValueSpecification","valueRequired":true,"valueName":"search_term_string"}}],"inLanguage":"hu-hu"},{"@type":"Organization","@id":"https:\/\/legal.bestway.eu\/hu-hu\/#organization","name":"Legal","url":"https:\/\/legal.bestway.eu\/hu-hu\/","logo":{"@type":"ImageObject","inLanguage":"hu-hu","@id":"https:\/\/legal.bestway.eu\/hu-hu\/#\/schema\/logo\/image\/","url":"https:\/\/legal.bestway.eu\/wp-content\/uploads\/sites\/2\/2023\/10\/bw-white-logo@2x.png","contentUrl":"https:\/\/legal.bestway.eu\/wp-content\/uploads\/sites\/2\/2023\/10\/bw-white-logo@2x.png","width":348,"height":138,"caption":"Legal"},"image":{"@id":"https:\/\/legal.bestway.eu\/hu-hu\/#\/schema\/logo\/image\/"}}]}},"_links":{"self":[{"href":"https:\/\/legal.bestway.eu\/hu-hu\/wp-json\/wp\/v2\/pages\/8689","targetHints":{"allow":["GET"]}}],"collection":[{"href":"https:\/\/legal.bestway.eu\/hu-hu\/wp-json\/wp\/v2\/pages"}],"about":[{"href":"https:\/\/legal.bestway.eu\/hu-hu\/wp-json\/wp\/v2\/types\/page"}],"author":[{"embeddable":true,"href":"https:\/\/legal.bestway.eu\/hu-hu\/wp-json\/wp\/v2\/users\/1"}],"replies":[{"embeddable":true,"href":"https:\/\/legal.bestway.eu\/hu-hu\/wp-json\/wp\/v2\/comments?post=8689"}],"version-history":[{"count":4,"href":"https:\/\/legal.bestway.eu\/hu-hu\/wp-json\/wp\/v2\/pages\/8689\/revisions"}],"predecessor-version":[{"id":8693,"href":"https:\/\/legal.bestway.eu\/hu-hu\/wp-json\/wp\/v2\/pages\/8689\/revisions\/8693"}],"wp:attachment":[{"href":"https:\/\/legal.bestway.eu\/hu-hu\/wp-json\/wp\/v2\/media?parent=8689"}],"curies":[{"name":"wp","href":"https:\/\/api.w.org\/{rel}","templated":true}]}}