{"id":6637,"date":"2023-10-24T11:15:40","date_gmt":"2023-10-24T09:15:40","guid":{"rendered":"https:\/\/legal.bestway.eu\/?page_id=6637"},"modified":"2026-02-10T10:58:24","modified_gmt":"2026-02-10T09:58:24","slug":"warranty-extension","status":"publish","type":"page","link":"https:\/\/legal.bestway.eu\/hu-hu\/warranty-extension\/","title":{"rendered":"Bestway garancia"},"content":{"rendered":"\t\t<div data-elementor-type=\"wp-page\" data-elementor-id=\"6637\" class=\"elementor elementor-6637\" data-elementor-post-type=\"page\">\n\t\t\t\t<div class=\"elementor-element elementor-element-201a7b e-flex e-con-boxed e-con e-parent\" data-id=\"201a7b\" data-element_type=\"container\" data-e-type=\"container\">\n\t\t\t\t\t<div class=\"e-con-inner\">\n\t\t\t\t<div class=\"elementor-element elementor-element-3862fa4 elementor-widget elementor-widget-text-editor\" data-id=\"3862fa4\" data-element_type=\"widget\" data-e-type=\"widget\" data-widget_type=\"text-editor.default\">\n\t\t\t\t<div class=\"elementor-widget-container\">\n\t\t\t\t\t\t\t\t\t<p>Az al\u00e1bbiakban a BESTWAY EUROPE S.p.A., sz\u00e9khelye: Via della Resistenza n. 5, San Giuliano Milanese (20098) &#8211; Mil\u00e1n\u00f3, Olaszorsz\u00e1g (a tov\u00e1bbiakban: \u201eBESTWAY\u201d) \u00e1ltal az Eur\u00f3pai Gazdas\u00e1gi T\u00e9rs\u00e9gen bel\u00fcl a BESTWAY m\u00e1rkan\u00e9v alatt \u00e9rt\u00e9kes\u00edtett term\u00e9kekre alkalmazott j\u00f3t\u00e1ll\u00e1si felt\u00e9teleket ismertetj\u00fck.<\/p>\t\t\t\t\t\t\t\t<\/div>\n\t\t\t\t<\/div>\n\t\t\t\t\t<\/div>\n\t\t\t\t<\/div>\n\t\t<div class=\"elementor-element elementor-element-2d7f1d1b e-flex e-con-boxed e-con e-parent\" data-id=\"2d7f1d1b\" data-element_type=\"container\" data-e-type=\"container\">\n\t\t\t\t\t<div class=\"e-con-inner\">\n\t\t\t\t<div class=\"elementor-element elementor-element-7112739 elementor-widget elementor-widget-heading\" data-id=\"7112739\" data-element_type=\"widget\" data-e-type=\"widget\" data-widget_type=\"heading.default\">\n\t\t\t\t<div class=\"elementor-widget-container\">\n\t\t\t\t\t<h2 class=\"elementor-heading-title elementor-size-default\">T\u00f6rv\u00e9nyes j\u00f3t\u00e1ll\u00e1s<\/h2>\t\t\t\t<\/div>\n\t\t\t\t<\/div>\n\t\t\t\t<div class=\"elementor-element elementor-element-0f3351f elementor-widget elementor-widget-text-editor\" data-id=\"0f3351f\" data-element_type=\"widget\" data-e-type=\"widget\" data-widget_type=\"text-editor.default\">\n\t\t\t\t<div class=\"elementor-widget-container\">\n\t\t\t\t\t\t\t\t\t<p>1.1 A k\u00f6telez\u0151 szavatoss\u00e1got az 1999\/44\/EC \u00e9s a 2019\/771\/EC eur\u00f3pai ir\u00e1nyelv \u00edrja el\u0151, amelyek c\u00e9lja a Fogyaszt\u00f3 v\u00e9delme az al\u00e1bbiakban meghat\u00e1rozottak szerint abban az esetben, ha a megv\u00e1s\u00e1rolt \u00e1ruk (\u201eTerm\u00e9kek\u201d) megfelel\u0151s\u00e9gi hib\u00e1kkal rendelkeznek.<\/p><ul class=\"points-list-blue\">\n<\/ul>\n<p>1.2. A fent eml\u00edtett eur\u00f3pai ir\u00e1nyelvek \u00e9rtelm\u00e9ben Fogyaszt\u00f3 minden olyan term\u00e9szetes szem\u00e9ly, aki \u00fczleti, ipari, k\u00e9zm\u0171ipari vagy szakmai tev\u00e9kenys\u00e9g\u00e9t\u0151l f\u00fcggetlen c\u00e9lb\u00f3l v\u00e1s\u00e1rol Term\u00e9ket (\u201eFogyaszt\u00f3\u201d).<\/p>\n<p>1.3 A k\u00f6telez\u0151 szavatoss\u00e1g az \u00e1ru fogyaszt\u00f3 r\u00e9sz\u00e9re t\u00f6rt\u00e9n\u0151 \u00e1tad\u00e1s\u00e1t\u00f3l sz\u00e1m\u00edtott 24 h\u00f3napig tart. K\u00e9rj\u00fck, vegye figyelembe, hogy az eml\u00edtett ir\u00e1nyelvekben meghat\u00e1rozott felt\u00e9telek nem \u00e9rv\u00e9nyesek az Eur\u00f3pai Gazdas\u00e1gi T\u00e9rs\u00e9g orsz\u00e1gain k\u00edv\u00fcl, ahol a vonatkoz\u00f3 helyi jogszab\u00e1lyok ir\u00e1nyad\u00f3ak.<\/p>\n<p>1.4. Ha a Fogyaszt\u00f3 \u00fagy v\u00e9li, hogy megfelel\u0151s\u00e9gi hib\u00e1val rendelkez\u0151 Term\u00e9ket v\u00e1s\u00e1rolt, a Fogyaszt\u00f3nak fel kell vennie a kapcsolatot a kiskeresked\u0151j\u00e9vel a kapcsol\u00f3d\u00f3 szavatoss\u00e1g ig\u00e9nybev\u00e9tele \u00e9rdek\u00e9ben.<\/p>\n<p>1.5. A BESTWAY a Term\u00e9kekkel kapcsolatos esetleges megfelel\u0151s\u00e9gi hib\u00e1kra szavatoss\u00e1got v\u00e1llal minden olyan Fogyaszt\u00f3 fel\u00e9, aki a Term\u00e9keket k\u00f6zvetlen\u00fcl a BESTWAY-t\u0151l v\u00e1s\u00e1rolta.<\/p>\t\t\t\t\t\t\t\t<\/div>\n\t\t\t\t<\/div>\n\t\t\t\t<div class=\"elementor-element elementor-element-1fe5510 elementor-widget elementor-widget-heading\" data-id=\"1fe5510\" data-element_type=\"widget\" data-e-type=\"widget\" data-widget_type=\"heading.default\">\n\t\t\t\t<div class=\"elementor-widget-container\">\n\t\t\t\t\t<h2 class=\"elementor-heading-title elementor-size-default\">Gy\u00e1rt\u00f3i garancia<\/h2>\t\t\t\t<\/div>\n\t\t\t\t<\/div>\n\t\t\t\t<div class=\"elementor-element elementor-element-b5b3ff4 elementor-widget elementor-widget-text-editor\" data-id=\"b5b3ff4\" data-element_type=\"widget\" data-e-type=\"widget\" data-widget_type=\"text-editor.default\">\n\t\t\t\t<div class=\"elementor-widget-container\">\n\t\t\t\t\t\t\t\t\t<p>A t\u00f6rv\u00e9nyben el\u0151\u00edrt garanci\u00e1k \u00e9s el\u0151jogok f\u00fcggv\u00e9ny\u00e9ben \u00e9s a fogyaszt\u00f3nak a fenti t\u00f6rv\u00e9nyes garancia aktiv\u00e1l\u00e1s\u00e1nak lehet\u0151s\u00e9g\u00e9t nem \u00e9rintve, a BESTWAY kieg\u00e9sz\u00edt\u0151 garanci\u00e1t (\u201eBESTWAY gy\u00e1rt\u00f3i garancia\u201d) ny\u00fajt a term\u00e9kek korl\u00e1tozott k\u00f6r\u00e9re vonatkoz\u00f3 esetleges hib\u00e1kra.<\/p><p>A felt\u00e9telekr\u0151l, a lefedett term\u00e9kk\u00f6rr\u0151l \u00e9s az aktiv\u00e1l\u00e1s m\u00f3dj\u00e1r\u00f3l <a href=\"https:\/\/support.bestway.eu\/hu-hu\/warranty\" target=\"_blank\" rel=\"noopener\">ide kattintva<\/a> t\u00e1j\u00e9koz\u00f3dhat.<\/p>\t\t\t\t\t\t\t\t<\/div>\n\t\t\t\t<\/div>\n\t\t\t\t\t<\/div>\n\t\t\t\t<\/div>\n\t\t\t\t<\/div>\n\t\t","protected":false},"excerpt":{"rendered":"<p>Az al\u00e1bbiakban a BESTWAY EUROPE S.p.A., sz\u00e9khelye: Via della Resistenza n. 5, San Giuliano Milanese (20098) &#8211; Mil\u00e1n\u00f3, Olaszorsz\u00e1g (a tov\u00e1bbiakban: \u201eBESTWAY\u201d) \u00e1ltal az Eur\u00f3pai Gazdas\u00e1gi T\u00e9rs\u00e9gen bel\u00fcl a BESTWAY m\u00e1rkan\u00e9v alatt \u00e9rt\u00e9kes\u00edtett term\u00e9kekre alkalmazott j\u00f3t\u00e1ll\u00e1si felt\u00e9teleket ismertetj\u00fck. T\u00f6rv\u00e9nyes j\u00f3t\u00e1ll\u00e1s 1.1 A k\u00f6telez\u0151 szavatoss\u00e1got az 1999\/44\/EC \u00e9s a 2019\/771\/EC eur\u00f3pai ir\u00e1nyelv \u00edrja el\u0151, amelyek c\u00e9lja [&hellip;]<\/p>\n","protected":false},"author":9,"featured_media":0,"parent":0,"menu_order":0,"comment_status":"closed","ping_status":"closed","template":"","meta":{"_acf_changed":false,"site-sidebar-layout":"no-sidebar","site-content-layout":"page-builder","ast-site-content-layout":"full-width-container","site-content-style":"default","site-sidebar-style":"default","ast-global-header-display":"","ast-banner-title-visibility":"","ast-main-header-display":"","ast-hfb-above-header-display":"","ast-hfb-below-header-display":"","ast-hfb-mobile-header-display":"","site-post-title":"disabled","ast-breadcrumbs-content":"","ast-featured-img":"disabled","footer-sml-layout":"","ast-disable-related-posts":"","theme-transparent-header-meta":"","adv-header-id-meta":"","stick-header-meta":"","header-above-stick-meta":"","header-main-stick-meta":"","header-below-stick-meta":"","astra-migrate-meta-layouts":"set","ast-page-background-enabled":"default","ast-page-background-meta":{"desktop":{"background-color":"var(--ast-global-color-4)","background-image":"","background-repeat":"repeat","background-position":"center center","background-size":"auto","background-attachment":"scroll","background-type":"","background-media":"","overlay-type":"","overlay-color":"","overlay-opacity":"","overlay-gradient":""},"tablet":{"background-color":"","background-image":"","background-repeat":"repeat","background-position":"center center","background-size":"auto","background-attachment":"scroll","background-type":"","background-media":"","overlay-type":"","overlay-color":"","overlay-opacity":"","overlay-gradient":""},"mobile":{"background-color":"","background-image":"","background-repeat":"repeat","background-position":"center center","background-size":"auto","background-attachment":"scroll","background-type":"","background-media":"","overlay-type":"","overlay-color":"","overlay-opacity":"","overlay-gradient":""}},"ast-content-background-meta":{"desktop":{"background-color":"var(--ast-global-color-5)","background-image":"","background-repeat":"repeat","background-position":"center center","background-size":"auto","background-attachment":"scroll","background-type":"","background-media":"","overlay-type":"","overlay-color":"","overlay-opacity":"","overlay-gradient":""},"tablet":{"background-color":"var(--ast-global-color-5)","background-image":"","background-repeat":"repeat","background-position":"center center","background-size":"auto","background-attachment":"scroll","background-type":"","background-media":"","overlay-type":"","overlay-color":"","overlay-opacity":"","overlay-gradient":""},"mobile":{"background-color":"var(--ast-global-color-5)","background-image":"","background-repeat":"repeat","background-position":"center center","background-size":"auto","background-attachment":"scroll","background-type":"","background-media":"","overlay-type":"","overlay-color":"","overlay-opacity":"","overlay-gradient":""}},"footnotes":""},"class_list":["post-6637","page","type-page","status-publish","hentry"],"acf":[],"yoast_head":"<!-- This site is optimized with the Yoast SEO plugin v27.4 - https:\/\/yoast.com\/product\/yoast-seo-wordpress\/ -->\n<title>Bestway garancia - Legal<\/title>\n<meta name=\"robots\" content=\"noindex, follow, max-snippet:-1, max-image-preview:large, max-video-preview:-1\" \/>\n<meta property=\"og:locale\" content=\"hu_HU\" \/>\n<meta property=\"og:type\" content=\"article\" \/>\n<meta property=\"og:title\" content=\"Bestway garancia - Legal\" \/>\n<meta property=\"og:description\" content=\"Az al\u00e1bbiakban a BESTWAY EUROPE S.p.A., sz\u00e9khelye: Via della Resistenza n. 5, San Giuliano Milanese (20098) &#8211; Mil\u00e1n\u00f3, Olaszorsz\u00e1g (a tov\u00e1bbiakban: \u201eBESTWAY\u201d) \u00e1ltal az Eur\u00f3pai Gazdas\u00e1gi T\u00e9rs\u00e9gen bel\u00fcl a BESTWAY m\u00e1rkan\u00e9v alatt \u00e9rt\u00e9kes\u00edtett term\u00e9kekre alkalmazott j\u00f3t\u00e1ll\u00e1si felt\u00e9teleket ismertetj\u00fck. T\u00f6rv\u00e9nyes j\u00f3t\u00e1ll\u00e1s 1.1 A k\u00f6telez\u0151 szavatoss\u00e1got az 1999\/44\/EC \u00e9s a 2019\/771\/EC eur\u00f3pai ir\u00e1nyelv \u00edrja el\u0151, amelyek c\u00e9lja [&hellip;]\" \/>\n<meta property=\"og:url\" content=\"https:\/\/legal.bestway.eu\/hu-hu\/warranty-extension\/\" \/>\n<meta property=\"og:site_name\" content=\"Legal\" \/>\n<meta property=\"article:modified_time\" content=\"2026-02-10T09:58:24+00:00\" \/>\n<meta name=\"twitter:card\" content=\"summary_large_image\" \/>\n<meta name=\"twitter:label1\" content=\"Est. reading time\" \/>\n\t<meta name=\"twitter:data1\" content=\"2 minutes\" \/>\n<script type=\"application\/ld+json\" class=\"yoast-schema-graph\">{\"@context\":\"https:\\\/\\\/schema.org\",\"@graph\":[{\"@type\":\"WebPage\",\"@id\":\"https:\\\/\\\/legal.bestway.eu\\\/hu-hu\\\/warranty-extension\\\/\",\"url\":\"https:\\\/\\\/legal.bestway.eu\\\/hu-hu\\\/warranty-extension\\\/\",\"name\":\"Bestway garancia - Legal\",\"isPartOf\":{\"@id\":\"https:\\\/\\\/legal.bestway.eu\\\/hu-hu\\\/#website\"},\"datePublished\":\"2023-10-24T09:15:40+00:00\",\"dateModified\":\"2026-02-10T09:58:24+00:00\",\"inLanguage\":\"hu-hu\",\"potentialAction\":[{\"@type\":\"ReadAction\",\"target\":[\"https:\\\/\\\/legal.bestway.eu\\\/hu-hu\\\/warranty-extension\\\/\"]}]},{\"@type\":\"WebSite\",\"@id\":\"https:\\\/\\\/legal.bestway.eu\\\/hu-hu\\\/#website\",\"url\":\"https:\\\/\\\/legal.bestway.eu\\\/hu-hu\\\/\",\"name\":\"Legal\",\"description\":\"Legal\",\"publisher\":{\"@id\":\"https:\\\/\\\/legal.bestway.eu\\\/hu-hu\\\/#organization\"},\"potentialAction\":[{\"@type\":\"SearchAction\",\"target\":{\"@type\":\"EntryPoint\",\"urlTemplate\":\"https:\\\/\\\/legal.bestway.eu\\\/hu-hu\\\/?s={search_term_string}\"},\"query-input\":{\"@type\":\"PropertyValueSpecification\",\"valueRequired\":true,\"valueName\":\"search_term_string\"}}],\"inLanguage\":\"hu-hu\"},{\"@type\":\"Organization\",\"@id\":\"https:\\\/\\\/legal.bestway.eu\\\/hu-hu\\\/#organization\",\"name\":\"Legal\",\"url\":\"https:\\\/\\\/legal.bestway.eu\\\/hu-hu\\\/\",\"logo\":{\"@type\":\"ImageObject\",\"inLanguage\":\"hu-hu\",\"@id\":\"https:\\\/\\\/legal.bestway.eu\\\/hu-hu\\\/#\\\/schema\\\/logo\\\/image\\\/\",\"url\":\"https:\\\/\\\/legal.bestway.eu\\\/wp-content\\\/uploads\\\/sites\\\/2\\\/2023\\\/10\\\/bw-white-logo@2x.png\",\"contentUrl\":\"https:\\\/\\\/legal.bestway.eu\\\/wp-content\\\/uploads\\\/sites\\\/2\\\/2023\\\/10\\\/bw-white-logo@2x.png\",\"width\":348,\"height\":138,\"caption\":\"Legal\"},\"image\":{\"@id\":\"https:\\\/\\\/legal.bestway.eu\\\/hu-hu\\\/#\\\/schema\\\/logo\\\/image\\\/\"}}]}<\/script>\n<!-- \/ Yoast SEO plugin. -->","yoast_head_json":{"title":"Bestway garancia - Legal","robots":{"index":"noindex","follow":"follow","max-snippet":"max-snippet:-1","max-image-preview":"max-image-preview:large","max-video-preview":"max-video-preview:-1"},"og_locale":"hu_HU","og_type":"article","og_title":"Bestway garancia - Legal","og_description":"Az al\u00e1bbiakban a BESTWAY EUROPE S.p.A., sz\u00e9khelye: Via della Resistenza n. 5, San Giuliano Milanese (20098) &#8211; Mil\u00e1n\u00f3, Olaszorsz\u00e1g (a tov\u00e1bbiakban: \u201eBESTWAY\u201d) \u00e1ltal az Eur\u00f3pai Gazdas\u00e1gi T\u00e9rs\u00e9gen bel\u00fcl a BESTWAY m\u00e1rkan\u00e9v alatt \u00e9rt\u00e9kes\u00edtett term\u00e9kekre alkalmazott j\u00f3t\u00e1ll\u00e1si felt\u00e9teleket ismertetj\u00fck. T\u00f6rv\u00e9nyes j\u00f3t\u00e1ll\u00e1s 1.1 A k\u00f6telez\u0151 szavatoss\u00e1got az 1999\/44\/EC \u00e9s a 2019\/771\/EC eur\u00f3pai ir\u00e1nyelv \u00edrja el\u0151, amelyek c\u00e9lja [&hellip;]","og_url":"https:\/\/legal.bestway.eu\/hu-hu\/warranty-extension\/","og_site_name":"Legal","article_modified_time":"2026-02-10T09:58:24+00:00","twitter_card":"summary_large_image","twitter_misc":{"Est. reading time":"2 minutes"},"schema":{"@context":"https:\/\/schema.org","@graph":[{"@type":"WebPage","@id":"https:\/\/legal.bestway.eu\/hu-hu\/warranty-extension\/","url":"https:\/\/legal.bestway.eu\/hu-hu\/warranty-extension\/","name":"Bestway garancia - Legal","isPartOf":{"@id":"https:\/\/legal.bestway.eu\/hu-hu\/#website"},"datePublished":"2023-10-24T09:15:40+00:00","dateModified":"2026-02-10T09:58:24+00:00","inLanguage":"hu-hu","potentialAction":[{"@type":"ReadAction","target":["https:\/\/legal.bestway.eu\/hu-hu\/warranty-extension\/"]}]},{"@type":"WebSite","@id":"https:\/\/legal.bestway.eu\/hu-hu\/#website","url":"https:\/\/legal.bestway.eu\/hu-hu\/","name":"Legal","description":"Legal","publisher":{"@id":"https:\/\/legal.bestway.eu\/hu-hu\/#organization"},"potentialAction":[{"@type":"SearchAction","target":{"@type":"EntryPoint","urlTemplate":"https:\/\/legal.bestway.eu\/hu-hu\/?s={search_term_string}"},"query-input":{"@type":"PropertyValueSpecification","valueRequired":true,"valueName":"search_term_string"}}],"inLanguage":"hu-hu"},{"@type":"Organization","@id":"https:\/\/legal.bestway.eu\/hu-hu\/#organization","name":"Legal","url":"https:\/\/legal.bestway.eu\/hu-hu\/","logo":{"@type":"ImageObject","inLanguage":"hu-hu","@id":"https:\/\/legal.bestway.eu\/hu-hu\/#\/schema\/logo\/image\/","url":"https:\/\/legal.bestway.eu\/wp-content\/uploads\/sites\/2\/2023\/10\/bw-white-logo@2x.png","contentUrl":"https:\/\/legal.bestway.eu\/wp-content\/uploads\/sites\/2\/2023\/10\/bw-white-logo@2x.png","width":348,"height":138,"caption":"Legal"},"image":{"@id":"https:\/\/legal.bestway.eu\/hu-hu\/#\/schema\/logo\/image\/"}}]}},"_links":{"self":[{"href":"https:\/\/legal.bestway.eu\/hu-hu\/wp-json\/wp\/v2\/pages\/6637","targetHints":{"allow":["GET"]}}],"collection":[{"href":"https:\/\/legal.bestway.eu\/hu-hu\/wp-json\/wp\/v2\/pages"}],"about":[{"href":"https:\/\/legal.bestway.eu\/hu-hu\/wp-json\/wp\/v2\/types\/page"}],"author":[{"embeddable":true,"href":"https:\/\/legal.bestway.eu\/hu-hu\/wp-json\/wp\/v2\/users\/9"}],"replies":[{"embeddable":true,"href":"https:\/\/legal.bestway.eu\/hu-hu\/wp-json\/wp\/v2\/comments?post=6637"}],"version-history":[{"count":8,"href":"https:\/\/legal.bestway.eu\/hu-hu\/wp-json\/wp\/v2\/pages\/6637\/revisions"}],"predecessor-version":[{"id":9052,"href":"https:\/\/legal.bestway.eu\/hu-hu\/wp-json\/wp\/v2\/pages\/6637\/revisions\/9052"}],"wp:attachment":[{"href":"https:\/\/legal.bestway.eu\/hu-hu\/wp-json\/wp\/v2\/media?parent=6637"}],"curies":[{"name":"wp","href":"https:\/\/api.w.org\/{rel}","templated":true}]}}