{"id":6551,"date":"2023-10-24T12:37:41","date_gmt":"2023-10-24T10:37:41","guid":{"rendered":"https:\/\/legal.bestway.eu\/?page_id=6551"},"modified":"2024-10-15T10:51:48","modified_gmt":"2024-10-15T08:51:48","slug":"privacy-notice","status":"publish","type":"page","link":"https:\/\/legal.bestway.eu\/hu-hu\/privacy-notice\/","title":{"rendered":"Adatv\u00e9delmi szab\u00e1lyzat &#8211; GDPR"},"content":{"rendered":"\t\t<div data-elementor-type=\"wp-page\" data-elementor-id=\"6551\" class=\"elementor elementor-6551\" data-elementor-post-type=\"page\">\n\t\t\t\t<div class=\"elementor-element elementor-element-4233c87e e-flex e-con-boxed e-con e-parent\" data-id=\"4233c87e\" data-element_type=\"container\" data-e-type=\"container\">\n\t\t\t\t\t<div class=\"e-con-inner\">\n\t\t\t\t<div class=\"elementor-element elementor-element-eeb32c3 elementor-widget elementor-widget-menu-anchor\" data-id=\"eeb32c3\" data-element_type=\"widget\" data-e-type=\"widget\" data-widget_type=\"menu-anchor.default\">\n\t\t\t\t<div class=\"elementor-widget-container\">\n\t\t\t\t\t\t\t<div class=\"elementor-menu-anchor\" id=\"BoxNewsletter\"><\/div>\n\t\t\t\t\t\t<\/div>\n\t\t\t\t<\/div>\n\t\t\t\t<div class=\"elementor-element elementor-element-3c097587 elementor-widget elementor-widget-heading\" data-id=\"3c097587\" data-element_type=\"widget\" data-e-type=\"widget\" data-widget_type=\"heading.default\">\n\t\t\t\t<div class=\"elementor-widget-container\">\n\t\t\t\t\t<h2 class=\"elementor-heading-title elementor-size-default\">Marketing<\/h2>\t\t\t\t<\/div>\n\t\t\t\t<\/div>\n\t\t\t\t<div class=\"elementor-element elementor-element-375d8ec elementor-widget elementor-widget-text-editor\" data-id=\"375d8ec\" data-element_type=\"widget\" data-e-type=\"widget\" data-widget_type=\"text-editor.default\">\n\t\t\t\t<div class=\"elementor-widget-container\">\n\t\t\t\t\t\t\t\t\t<p>Szab\u00e1lyzat a 2016\/679. sz. m\u00f3dos\u00edtott \u00e9s kieg\u00e9sz\u00edtett \u00e1ltal\u00e1nos adatv\u00e9delmi eur\u00f3pai rendeletnek (GDPR) megfelel\u0151en<\/p><p>Adatkezel\u0151: BESTWAY EUROPE S.P.A., sz\u00e9khelye: San Giuliano Milanese (Mi), via Resistenza 5, Olaszorsz\u00e1g (\u201eBESTWAY\u201d).<\/p><p>Adatv\u00e9delmi tisztvisel\u0151: <a href=\"mailto:privacy@bestwaycorp.eu\">privacy@bestwaycorp.eu<\/a><\/p><p>Az Adatkezel\u0151 a k\u00f6vetkez\u0151 adatokat kezeli:<\/p><p>A megfelel\u0151 n\u00e9gyzet bejel\u00f6l\u00e9s\u00e9vel adott hozz\u00e1j\u00e1rul\u00e1sa eset\u00e9n az Adatkezel\u0151 marketing c\u00e9lb\u00f3l kezeli az adatait, hogy a BESTWAY term\u00e9keivel, szolg\u00e1ltat\u00e1saival, esem\u00e9nyeivel \u00e9s aj\u00e1nlataival kapcsolatos inform\u00e1ci\u00f3kat \u00e9s friss\u00edt\u00e9seket tartalmaz\u00f3 h\u00edrleveleket k\u00fcldj\u00f6n \u00d6nnek. Az \u00d6n \u00e1ltal megadott adatok kezel\u00e9s\u00e9nek jogalapja az \u00d6n szabad d\u00f6nt\u00e9si jog\u00e1n alapul\u00f3 hozz\u00e1j\u00e1rul\u00e1sa; \u00e9s ezen hozz\u00e1j\u00e1rul\u00e1s megtagad\u00e1sa csak a fent eml\u00edtett kommunik\u00e1ci\u00f3s anyagok \u00d6n r\u00e9sz\u00e9re t\u00f6rt\u00e9n\u0151 megk\u00fcld\u00e9s\u00e9t akad\u00e1lyozza.<\/p><p>Adatait pap\u00edr alapon \u00e9s elektronikus \u00faton kezelj\u00fck \u00f6sszhangban a szem\u00e9lyes adatok v\u00e9delm\u00e9r\u0151l sz\u00f3l\u00f3 hat\u00e1lyos jogszab\u00e1lyokkal (a m\u00f3dos\u00edtott \u00e9s kieg\u00e9sz\u00edtett 679\/2016\/EU rendelet vagy \u201eGDPR\u201d). Az \u00d6n \u00e1ltal megadott szem\u00e9lyes adatok &#8211; kiz\u00e1r\u00f3lag a fent meghat\u00e1rozott c\u00e9lokb\u00f3l &#8211; k\u00f6z\u00f6lhet\u0151k harmadik f\u00e9llel, mint p\u00e9ld\u00e1ul term\u00e9szetes szem\u00e9lyekkel, egyes\u00fcletekkel, szakmai c\u00e9gekkel, vagy \u00fczleti v\u00e1llalkoz\u00e1sokkal, amelyek a BESTWAY sz\u00e1m\u00e1ra tan\u00e1csad\u00e1si \u00e9s seg\u00edt\u0151 szolg\u00e1ltat\u00e1sokat ny\u00fajtanak vagy ilyen tev\u00e9kenys\u00e9geket v\u00e9geznek (bele\u00e9rtve a BESTWAY Csoport harmadik orsz\u00e1gokban tal\u00e1lhat\u00f3 c\u00e9geit is) mint Adatfeldolgoz\u00f3k &#8211; amennyiben ezeket szab\u00e1lyszer\u0171en jel\u00f6lik ki, \u00e9s felt\u00e9ve, hogy vannak a szem\u00e9lyes adatok v\u00e9delm\u00e9t biztos\u00edt\u00f3 megfelel\u0151 garanci\u00e1k &#8211; K\u00f6z\u00f6s adatkezel\u0151kkel vagy F\u00fcggetlen adatkezel\u0151kkel, illetve a BESTWAY adatkezel\u00e9s\u00e9rt felel\u0151s szem\u00e9lyk\u00e9nt kijel\u00f6lt szem\u00e9lyzet\u00e9vel. K\u00e9r\u00e9sre el\u00e9rhet\u0151 a teljes lista azon Adatkezel\u0151kr\u0151l vagy Adatfeldolgoz\u00f3kr\u00f3l, akikkel az adatok k\u00f6z\u00f6lhet\u0151k.<\/p><p>A marketing c\u00e9lokra tekintettel az \u00d6n adatait legfeljebb a hozz\u00e1j\u00e1rul\u00e1s megad\u00e1s\u00e1t\u00f3l sz\u00e1m\u00edtott 8 \u00e9vig \u0151rizz\u00fck meg. Az \u00fcgyfelek b\u00e1rmikor leiratkozhatnak a h\u00edrlev\u00e9l szolg\u00e1ltat\u00e1sr\u00f3l az egyes e-mailekben tal\u00e1lhat\u00f3 &#8220;leiratkoz\u00e1s&#8221; linkre kattintva vagy a <a href=\"mailto:privacy@bestwaycorp.eu\">privacy@bestwaycorp.eu <\/a>c\u00edmre k\u00fcld\u00f6tt e-mailben.<\/p><p>B\u00e1rmikor gyakorolhatja a rendelet 15. \u00e9s azt k\u00f6vet\u0151 cikkeiben foglalt valamennyi jogot, bele\u00e9rtve k\u00fcl\u00f6n\u00f6sen a szem\u00e9lyes adataihoz val\u00f3 hozz\u00e1f\u00e9r\u00e9s jog\u00e1t, a helyesb\u00edt\u00e9shez val\u00f3 jogot, a t\u00f6rl\u00e9shez val\u00f3 jogot, az adatkezel\u00e9s elleni tiltakoz\u00e1shoz val\u00f3 jogot, az adathordozhat\u00f3s\u00e1ghoz val\u00f3 jogot \u00e9s azon jog\u00e1t, hogy az orsz\u00e1g\u00e1ban illet\u00e9kes Adatv\u00e9delmi hat\u00f3s\u00e1gn\u00e1l panaszt tegyen (<a href=\"https:\/\/edpb.europa.eu\/about-edpb\/board\/members_en\" target=\"_blank\" rel=\"noopener\">https:\/\/edpb.europa.eu\/about-edpb\/board\/members_en<\/a>).<\/p><p>A fent eml\u00edtett jogok a <a href=\"mailto:privacy@bestwaycorp.eu\">privacy@bestwaycorp.eu <\/a>c\u00edmre k\u00fcld\u00f6tt e-mailben gyakorolhat\u00f3k.<\/p>\t\t\t\t\t\t\t\t<\/div>\n\t\t\t\t<\/div>\n\t\t\t\t\t<\/div>\n\t\t\t\t<\/div>\n\t\t<div class=\"elementor-element elementor-element-fc9e459 e-flex e-con-boxed e-con e-parent\" data-id=\"fc9e459\" data-element_type=\"container\" data-e-type=\"container\">\n\t\t\t\t\t<div class=\"e-con-inner\">\n\t\t\t\t<div class=\"elementor-element elementor-element-4ff1b8f6 elementor-widget elementor-widget-menu-anchor\" data-id=\"4ff1b8f6\" data-element_type=\"widget\" data-e-type=\"widget\" data-widget_type=\"menu-anchor.default\">\n\t\t\t\t<div class=\"elementor-widget-container\">\n\t\t\t\t\t\t\t<div class=\"elementor-menu-anchor\" id=\"Sitoassistenza\"><\/div>\n\t\t\t\t\t\t<\/div>\n\t\t\t\t<\/div>\n\t\t\t\t<div class=\"elementor-element elementor-element-33a4a549 elementor-widget elementor-widget-heading\" data-id=\"33a4a549\" data-element_type=\"widget\" data-e-type=\"widget\" data-widget_type=\"heading.default\">\n\t\t\t\t<div class=\"elementor-widget-container\">\n\t\t\t\t\t<h2 class=\"elementor-heading-title elementor-size-default\">T\u00e1mogat\u00e1s weboldal<\/h2>\t\t\t\t<\/div>\n\t\t\t\t<\/div>\n\t\t\t\t<div class=\"elementor-element elementor-element-10d7938d elementor-widget elementor-widget-text-editor\" data-id=\"10d7938d\" data-element_type=\"widget\" data-e-type=\"widget\" data-widget_type=\"text-editor.default\">\n\t\t\t\t<div class=\"elementor-widget-container\">\n\t\t\t\t\t\t\t\t\t<p>Szab\u00e1lyzat a 2016\/679. sz. m\u00f3dos\u00edtott \u00e9s kieg\u00e9sz\u00edtett \u00e1ltal\u00e1nos adatv\u00e9delmi eur\u00f3pai rendeletnek (GDPR) megfelel\u0151en<\/p><p>Adatkezel\u0151: BESTWAY EUROPE S.P.A., sz\u00e9khelye: San Giuliano Milanese (Mi), via Resistenza 5, Olaszorsz\u00e1g (\u201eBESTWAY\u201d).<\/p><p>Adatv\u00e9delmi tisztvisel\u0151: <a href=\"mailto:privacy@bestwaycorp.eu\">privacy@bestwaycorp.eu<\/a><\/p><p>Az Adatkezel\u0151 a k\u00f6vetkez\u0151 adatokat kezeli:<\/p><p>i) Csal\u00e1di \u00e9s ut\u00f3n\u00e9v, e-mail-c\u00edm, sz\u00e1ll\u00edt\u00e1si c\u00edm \u00e9s telefonsz\u00e1m, hogy biztos\u00edtani tudjuk \u00d6nnek a panaszkezel\u00e9si szolg\u00e1ltat\u00e1st az\u00e1ltal, hogy szem\u00e9lyre szabott fi\u00f3kot hozunk l\u00e9tre a BESTWAY weboldal\u00e1n, amelyhez az \u00d6n sz\u00e1m\u00e1ra e-mailben megadott felhaszn\u00e1l\u00f3n\u00e9v \u00e9s jelsz\u00f3 megad\u00e1s\u00e1val lehet hozz\u00e1f\u00e9rni (a jelsz\u00f3t az els\u0151 bel\u00e9p\u00e9skor meg kell v\u00e1ltoztatni), \u00e9s hogy megfelel\u0151en kezelj\u00fck a hib\u00e1s szolg\u00e1ltat\u00e1sr\u00f3l sz\u00f3l\u00f3 bejelent\u00e9s\u00e9t, tov\u00e1bb\u00e1 adminisztrat\u00edv \u00e9s k\u00f6nyvel\u00e9si c\u00e9lokb\u00f3l, illetve jogi vagy szab\u00e1lyoz\u00f3i k\u00f6telezetts\u00e9geink teljes\u00edt\u00e9se \u00e9rdek\u00e9ben.<\/p><p>ii) marketing c\u00e9lb\u00f3l, hogy a BESTWAY term\u00e9kekre, szolg\u00e1ltat\u00e1sokra, esem\u00e9nyekre \u00e9s aj\u00e1nlatokra vonatkoz\u00f3 inform\u00e1ci\u00f3kat \u00e9s friss\u00edt\u00e9seket tartalmaz\u00f3 h\u00edrlevelet kapjon, a megfelel\u0151 n\u00e9gyzet bejel\u00f6l\u00e9s\u00e9vel t\u00f6rt\u00e9n\u0151 hozz\u00e1j\u00e1rul\u00e1sa eset\u00e9n.<\/p><p>iii) a megfelel\u0151 n\u00e9gyzet bejel\u00f6l\u00e9s\u00e9vel t\u00f6rt\u00e9n\u0151 hozz\u00e1j\u00e1rul\u00e1sa eset\u00e9n statisztikai c\u00e9lokra gy\u0171jthet\u0151k olyan adatok, mint a nem, a korcsoport, a foglalkoztat\u00e1s jellege, a term\u00e9kv\u00e1s\u00e1rl\u00e1s motiv\u00e1ci\u00f3ja, a term\u00e9kv\u00e1s\u00e1rl\u00e1s m\u00f3dja \u00e9s a h\u00e1ztart\u00e1sban \u00e9l\u0151 gyermekek sz\u00e1ma. Ezeket az adatokat a BESTWAY az\u00e9rt gy\u0171jti, hogy \u00f6sszes\u00edtett k\u00e9pet kapjon \u00fcgyfeleir\u0151l an\u00e9lk\u00fcl, hogy megpr\u00f3b\u00e1lna \u00d6nre vonatkoz\u00f3 el\u0151rejelz\u00e9seket adni vagy k\u00f6vetkeztet\u00e9seket levonni, mivel a c\u00e9l nem az egy\u00e9ni jellemz\u0151k \u00e9rt\u00e9kel\u00e9se.<\/p><p>iv) a megfelel\u0151 n\u00e9gyzet bejel\u00f6l\u00e9s\u00e9vel t\u00f6rt\u00e9n\u0151 hozz\u00e1j\u00e1rul\u00e1sa eset\u00e9n e-mailben k\u00e9rhetj\u00fck, hogy csatlakozzon a term\u00e9keinkr\u0151l \u00e9s a haszn\u00e1latukkal kapcsolatos tapasztalatair\u00f3l sz\u00f3l\u00f3 felm\u00e9r\u00e9shez;<\/p><p>Az (i) pontban eml\u00edtett adatok kezel\u00e9s\u00e9nek jogalapja a szerz\u0151d\u00e9ses\/kereskedelmi felt\u00e9telek \u00e9s az alkalmazand\u00f3 jogszab\u00e1lyi rendelkez\u00e9sek meg\u00e1llap\u00edt\u00e1sa \u00e9s v\u00e9grehajt\u00e1sa; ezeknek az adatoknak a megad\u00e1sa k\u00f6telez\u0151, megad\u00e1suk megtagad\u00e1sa azzal is j\u00e1rhat, hogy a BESTWAY a k\u00e9rt szolg\u00e1ltat\u00e1st nem tudja ny\u00fajtani. A (ii), (iii), \u00e9s (iv) pontok tekintet\u00e9ben az adatkezel\u00e9s jogalapja az \u00d6n szabad d\u00f6nt\u00e9si jog\u00e1n alapul\u00f3 hozz\u00e1j\u00e1rul\u00e1sa, \u00e9s a hozz\u00e1j\u00e1rul\u00e1s megtagad\u00e1sa csak a fent eml\u00edtett kommunik\u00e1ci\u00f3s anyagok \u00d6n r\u00e9sz\u00e9re t\u00f6rt\u00e9n\u0151 megk\u00fcld\u00e9s\u00e9t akad\u00e1lyozza.<\/p><p>Adatait pap\u00edr alapon \u00e9s elektronikus \u00faton kezelj\u00fck \u00f6sszhangban a szem\u00e9lyes adatok v\u00e9delm\u00e9r\u0151l sz\u00f3l\u00f3 hat\u00e1lyos jogszab\u00e1lyokkal (a m\u00f3dos\u00edtott \u00e9s kieg\u00e9sz\u00edtett 679\/2016\/EU rendelet vagy \u201eGDPR\u201d). Az \u00d6n \u00e1ltal megadott szem\u00e9lyes adatok &#8211; kiz\u00e1r\u00f3lag a fent meghat\u00e1rozott c\u00e9lokb\u00f3l &#8211; k\u00f6z\u00f6lhet\u0151k harmadik f\u00e9llel, mint p\u00e9ld\u00e1ul term\u00e9szetes szem\u00e9lyekkel, egyes\u00fcletekkel, szakmai c\u00e9gekkel, vagy \u00fczleti v\u00e1llalkoz\u00e1sokkal, amelyek a BESTWAY sz\u00e1m\u00e1ra tan\u00e1csad\u00e1si \u00e9s seg\u00edt\u0151 szolg\u00e1ltat\u00e1sokat ny\u00fajtanak vagy ilyen tev\u00e9kenys\u00e9geket v\u00e9geznek (bele\u00e9rtve a BESTWAY Csoport harmadik orsz\u00e1gokban tal\u00e1lhat\u00f3 c\u00e9geit is) mint Adatfeldolgoz\u00f3k &#8211; amennyiben ezeket szab\u00e1lyszer\u0171en jel\u00f6lik ki, \u00e9s felt\u00e9ve, hogy vannak a szem\u00e9lyes adatok v\u00e9delm\u00e9t biztos\u00edt\u00f3 megfelel\u0151 garanci\u00e1k &#8211; K\u00f6z\u00f6s adatkezel\u0151kkel vagy F\u00fcggetlen adatkezel\u0151kkel, illetve a BESTWAY adatkezel\u00e9s\u00e9rt felel\u0151s szem\u00e9lyk\u00e9nt kijel\u00f6lt szem\u00e9lyzet\u00e9vel. K\u00e9r\u00e9sre el\u00e9rhet\u0151 a teljes lista azon Adatkezel\u0151kr\u0151l vagy Adatfeldolgoz\u00f3kr\u00f3l, akikkel az adatok k\u00f6z\u00f6lhet\u0151k.<\/p><p>Az (i) pontban le\u00edrt panaszkezel\u00e9s c\u00e9lj\u00e1b\u00f3l az \u00d6n adatait a BESTWAY-jel fenn\u00e1ll\u00f3 szerz\u0151d\u00e9ses\/kereskedelmi kapcsolat megsz\u0171n\u00e9se ut\u00e1n is meg\u0151rizz\u00fck a kapcsolat megk\u00f6t\u00e9s\u00e9vel \u00f6sszef\u00fcgg\u0151 vagy abb\u00f3l ered\u0151 valamennyi k\u00f6telezetts\u00e9g teljes\u00edt\u00e9s\u00e9hez, bele\u00e9rtve a vonatkoz\u00f3 jogszab\u00e1lyok \u00e1ltal ebb\u0151l a c\u00e9lb\u00f3l biztos\u00edtott jogi k\u00f6telezetts\u00e9gekkel \u00e9s el\u00e9v\u00fcl\u00e9si id\u0151vel kapcsolatos k\u00f6telezetts\u00e9geket is, de semmik\u00e9ppen sem hosszabb id\u0151re, mint 10 \u00e9v.<\/p><p>A (ii) pontban le\u00edrt marketing c\u00e9lokra tekintettel az \u00d6n adatait legfeljebb a hozz\u00e1j\u00e1rul\u00e1s megad\u00e1s\u00e1t\u00f3l sz\u00e1m\u00edtott 8 \u00e9vig \u0151rizz\u00fck meg. Az \u00fcgyfelek b\u00e1rmikor leiratkozhatnak a h\u00edrlev\u00e9l szolg\u00e1ltat\u00e1sr\u00f3l az egyes e-mailekben tal\u00e1lhat\u00f3 &#8220;leiratkoz\u00e1s&#8221; linkre kattintva vagy a <a href=\"mailto:privacy@bestwaycorp.eu\">privacy@bestwaycorp.eu <\/a>c\u00edmre k\u00fcld\u00f6tt e-mailben.<\/p><p>A fenti (iii) \u00e9s (iv) pontokban le\u00edrt statisztik\u00e1k \u00e9s felm\u00e9r\u00e9sek c\u00e9lj\u00e1b\u00f3l az \u00d6n adatait legfeljebb a hozz\u00e1j\u00e1rul\u00e1s\u00e1nak k\u00e9zhezv\u00e9tel\u00e9t\u0151l sz\u00e1m\u00edtott 8 \u00e9vig t\u00e1roljuk.<\/p><p>B\u00e1rmikor gyakorolhatja a rendelet 15. \u00e9s azt k\u00f6vet\u0151 cikkeiben foglalt valamennyi jogot, bele\u00e9rtve k\u00fcl\u00f6n\u00f6sen a szem\u00e9lyes adataihoz val\u00f3 hozz\u00e1f\u00e9r\u00e9s jog\u00e1t, a helyesb\u00edt\u00e9shez val\u00f3 jogot, a t\u00f6rl\u00e9shez val\u00f3 jogot, az adatkezel\u00e9s elleni tiltakoz\u00e1shoz val\u00f3 jogot, az adathordozhat\u00f3s\u00e1ghoz val\u00f3 jogot \u00e9s azon jog\u00e1t, hogy az orsz\u00e1g\u00e1ban illet\u00e9kes Adatv\u00e9delmi hat\u00f3s\u00e1gn\u00e1l panaszt tegyen (<a href=\"https:\/\/edpb.europa.eu\/about-edpb\/board\/members_en\" target=\"_blank\" rel=\"noopener\">https:\/\/edpb.europa.eu\/about-edpb\/board\/members_en<\/a>).<\/p><p>A fent eml\u00edtett jogok a <a href=\"mailto:privacy@bestwaycorp.eu\">privacy@bestwaycorp.eu <\/a>c\u00edmre k\u00fcld\u00f6tt e-mailben gyakorolhat\u00f3k.<\/p>\t\t\t\t\t\t\t\t<\/div>\n\t\t\t\t<\/div>\n\t\t\t\t\t<\/div>\n\t\t\t\t<\/div>\n\t\t\t\t<\/div>\n\t\t","protected":false},"excerpt":{"rendered":"<p>Marketing Szab\u00e1lyzat a 2016\/679. sz. m\u00f3dos\u00edtott \u00e9s kieg\u00e9sz\u00edtett \u00e1ltal\u00e1nos adatv\u00e9delmi eur\u00f3pai rendeletnek (GDPR) megfelel\u0151en Adatkezel\u0151: BESTWAY EUROPE S.P.A., sz\u00e9khelye: San Giuliano Milanese (Mi), via Resistenza 5, Olaszorsz\u00e1g (\u201eBESTWAY\u201d). Adatv\u00e9delmi tisztvisel\u0151: privacy@bestwaycorp.eu Az Adatkezel\u0151 a k\u00f6vetkez\u0151 adatokat kezeli: A megfelel\u0151 n\u00e9gyzet bejel\u00f6l\u00e9s\u00e9vel adott hozz\u00e1j\u00e1rul\u00e1sa eset\u00e9n az Adatkezel\u0151 marketing c\u00e9lb\u00f3l kezeli az adatait, hogy a BESTWAY term\u00e9keivel, [&hellip;]<\/p>\n","protected":false},"author":9,"featured_media":0,"parent":0,"menu_order":0,"comment_status":"closed","ping_status":"closed","template":"","meta":{"_acf_changed":false,"site-sidebar-layout":"no-sidebar","site-content-layout":"page-builder","ast-site-content-layout":"full-width-container","site-content-style":"default","site-sidebar-style":"default","ast-global-header-display":"","ast-banner-title-visibility":"","ast-main-header-display":"","ast-hfb-above-header-display":"","ast-hfb-below-header-display":"","ast-hfb-mobile-header-display":"","site-post-title":"","ast-breadcrumbs-content":"","ast-featured-img":"disabled","footer-sml-layout":"","ast-disable-related-posts":"","theme-transparent-header-meta":"","adv-header-id-meta":"","stick-header-meta":"","header-above-stick-meta":"","header-main-stick-meta":"","header-below-stick-meta":"","astra-migrate-meta-layouts":"set","ast-page-background-enabled":"default","ast-page-background-meta":{"desktop":{"background-color":"var(--ast-global-color-4)","background-image":"","background-repeat":"repeat","background-position":"center center","background-size":"auto","background-attachment":"scroll","background-type":"","background-media":"","overlay-type":"","overlay-color":"","overlay-opacity":"","overlay-gradient":""},"tablet":{"background-color":"","background-image":"","background-repeat":"repeat","background-position":"center center","background-size":"auto","background-attachment":"scroll","background-type":"","background-media":"","overlay-type":"","overlay-color":"","overlay-opacity":"","overlay-gradient":""},"mobile":{"background-color":"","background-image":"","background-repeat":"repeat","background-position":"center center","background-size":"auto","background-attachment":"scroll","background-type":"","background-media":"","overlay-type":"","overlay-color":"","overlay-opacity":"","overlay-gradient":""}},"ast-content-background-meta":{"desktop":{"background-color":"var(--ast-global-color-5)","background-image":"","background-repeat":"repeat","background-position":"center center","background-size":"auto","background-attachment":"scroll","background-type":"","background-media":"","overlay-type":"","overlay-color":"","overlay-opacity":"","overlay-gradient":""},"tablet":{"background-color":"var(--ast-global-color-5)","background-image":"","background-repeat":"repeat","background-position":"center center","background-size":"auto","background-attachment":"scroll","background-type":"","background-media":"","overlay-type":"","overlay-color":"","overlay-opacity":"","overlay-gradient":""},"mobile":{"background-color":"var(--ast-global-color-5)","background-image":"","background-repeat":"repeat","background-position":"center center","background-size":"auto","background-attachment":"scroll","background-type":"","background-media":"","overlay-type":"","overlay-color":"","overlay-opacity":"","overlay-gradient":""}},"footnotes":""},"class_list":["post-6551","page","type-page","status-publish","hentry"],"acf":[],"yoast_head":"<!-- This site is optimized with the Yoast SEO plugin v27.4 - https:\/\/yoast.com\/product\/yoast-seo-wordpress\/ -->\n<title>Adatv\u00e9delmi szab\u00e1lyzat - GDPR - Legal<\/title>\n<meta name=\"robots\" content=\"noindex, follow, max-snippet:-1, max-image-preview:large, max-video-preview:-1\" \/>\n<meta property=\"og:locale\" content=\"hu_HU\" \/>\n<meta property=\"og:type\" content=\"article\" \/>\n<meta property=\"og:title\" content=\"Adatv\u00e9delmi szab\u00e1lyzat - GDPR - Legal\" \/>\n<meta property=\"og:description\" content=\"Marketing Szab\u00e1lyzat a 2016\/679. sz. m\u00f3dos\u00edtott \u00e9s kieg\u00e9sz\u00edtett \u00e1ltal\u00e1nos adatv\u00e9delmi eur\u00f3pai rendeletnek (GDPR) megfelel\u0151en Adatkezel\u0151: BESTWAY EUROPE S.P.A., sz\u00e9khelye: San Giuliano Milanese (Mi), via Resistenza 5, Olaszorsz\u00e1g (\u201eBESTWAY\u201d). Adatv\u00e9delmi tisztvisel\u0151: privacy@bestwaycorp.eu Az Adatkezel\u0151 a k\u00f6vetkez\u0151 adatokat kezeli: A megfelel\u0151 n\u00e9gyzet bejel\u00f6l\u00e9s\u00e9vel adott hozz\u00e1j\u00e1rul\u00e1sa eset\u00e9n az Adatkezel\u0151 marketing c\u00e9lb\u00f3l kezeli az adatait, hogy a BESTWAY term\u00e9keivel, [&hellip;]\" \/>\n<meta property=\"og:url\" content=\"https:\/\/legal.bestway.eu\/hu-hu\/privacy-notice\/\" \/>\n<meta property=\"og:site_name\" content=\"Legal\" \/>\n<meta property=\"article:modified_time\" content=\"2024-10-15T08:51:48+00:00\" \/>\n<meta name=\"twitter:card\" content=\"summary_large_image\" \/>\n<meta name=\"twitter:label1\" content=\"Est. reading time\" \/>\n\t<meta name=\"twitter:data1\" content=\"5 minutes\" \/>\n<script type=\"application\/ld+json\" class=\"yoast-schema-graph\">{\"@context\":\"https:\\\/\\\/schema.org\",\"@graph\":[{\"@type\":\"WebPage\",\"@id\":\"https:\\\/\\\/legal.bestway.eu\\\/hu-hu\\\/privacy-notice\\\/\",\"url\":\"https:\\\/\\\/legal.bestway.eu\\\/hu-hu\\\/privacy-notice\\\/\",\"name\":\"Adatv\u00e9delmi szab\u00e1lyzat - GDPR - Legal\",\"isPartOf\":{\"@id\":\"https:\\\/\\\/legal.bestway.eu\\\/hu-hu\\\/#website\"},\"datePublished\":\"2023-10-24T10:37:41+00:00\",\"dateModified\":\"2024-10-15T08:51:48+00:00\",\"inLanguage\":\"hu-hu\",\"potentialAction\":[{\"@type\":\"ReadAction\",\"target\":[\"https:\\\/\\\/legal.bestway.eu\\\/hu-hu\\\/privacy-notice\\\/\"]}]},{\"@type\":\"WebSite\",\"@id\":\"https:\\\/\\\/legal.bestway.eu\\\/hu-hu\\\/#website\",\"url\":\"https:\\\/\\\/legal.bestway.eu\\\/hu-hu\\\/\",\"name\":\"Legal\",\"description\":\"Legal\",\"publisher\":{\"@id\":\"https:\\\/\\\/legal.bestway.eu\\\/hu-hu\\\/#organization\"},\"potentialAction\":[{\"@type\":\"SearchAction\",\"target\":{\"@type\":\"EntryPoint\",\"urlTemplate\":\"https:\\\/\\\/legal.bestway.eu\\\/hu-hu\\\/?s={search_term_string}\"},\"query-input\":{\"@type\":\"PropertyValueSpecification\",\"valueRequired\":true,\"valueName\":\"search_term_string\"}}],\"inLanguage\":\"hu-hu\"},{\"@type\":\"Organization\",\"@id\":\"https:\\\/\\\/legal.bestway.eu\\\/hu-hu\\\/#organization\",\"name\":\"Legal\",\"url\":\"https:\\\/\\\/legal.bestway.eu\\\/hu-hu\\\/\",\"logo\":{\"@type\":\"ImageObject\",\"inLanguage\":\"hu-hu\",\"@id\":\"https:\\\/\\\/legal.bestway.eu\\\/hu-hu\\\/#\\\/schema\\\/logo\\\/image\\\/\",\"url\":\"https:\\\/\\\/legal.bestway.eu\\\/wp-content\\\/uploads\\\/sites\\\/2\\\/2023\\\/10\\\/bw-white-logo@2x.png\",\"contentUrl\":\"https:\\\/\\\/legal.bestway.eu\\\/wp-content\\\/uploads\\\/sites\\\/2\\\/2023\\\/10\\\/bw-white-logo@2x.png\",\"width\":348,\"height\":138,\"caption\":\"Legal\"},\"image\":{\"@id\":\"https:\\\/\\\/legal.bestway.eu\\\/hu-hu\\\/#\\\/schema\\\/logo\\\/image\\\/\"}}]}<\/script>\n<!-- \/ Yoast SEO plugin. -->","yoast_head_json":{"title":"Adatv\u00e9delmi szab\u00e1lyzat - GDPR - Legal","robots":{"index":"noindex","follow":"follow","max-snippet":"max-snippet:-1","max-image-preview":"max-image-preview:large","max-video-preview":"max-video-preview:-1"},"og_locale":"hu_HU","og_type":"article","og_title":"Adatv\u00e9delmi szab\u00e1lyzat - GDPR - Legal","og_description":"Marketing Szab\u00e1lyzat a 2016\/679. sz. m\u00f3dos\u00edtott \u00e9s kieg\u00e9sz\u00edtett \u00e1ltal\u00e1nos adatv\u00e9delmi eur\u00f3pai rendeletnek (GDPR) megfelel\u0151en Adatkezel\u0151: BESTWAY EUROPE S.P.A., sz\u00e9khelye: San Giuliano Milanese (Mi), via Resistenza 5, Olaszorsz\u00e1g (\u201eBESTWAY\u201d). Adatv\u00e9delmi tisztvisel\u0151: privacy@bestwaycorp.eu Az Adatkezel\u0151 a k\u00f6vetkez\u0151 adatokat kezeli: A megfelel\u0151 n\u00e9gyzet bejel\u00f6l\u00e9s\u00e9vel adott hozz\u00e1j\u00e1rul\u00e1sa eset\u00e9n az Adatkezel\u0151 marketing c\u00e9lb\u00f3l kezeli az adatait, hogy a BESTWAY term\u00e9keivel, [&hellip;]","og_url":"https:\/\/legal.bestway.eu\/hu-hu\/privacy-notice\/","og_site_name":"Legal","article_modified_time":"2024-10-15T08:51:48+00:00","twitter_card":"summary_large_image","twitter_misc":{"Est. reading time":"5 minutes"},"schema":{"@context":"https:\/\/schema.org","@graph":[{"@type":"WebPage","@id":"https:\/\/legal.bestway.eu\/hu-hu\/privacy-notice\/","url":"https:\/\/legal.bestway.eu\/hu-hu\/privacy-notice\/","name":"Adatv\u00e9delmi szab\u00e1lyzat - GDPR - Legal","isPartOf":{"@id":"https:\/\/legal.bestway.eu\/hu-hu\/#website"},"datePublished":"2023-10-24T10:37:41+00:00","dateModified":"2024-10-15T08:51:48+00:00","inLanguage":"hu-hu","potentialAction":[{"@type":"ReadAction","target":["https:\/\/legal.bestway.eu\/hu-hu\/privacy-notice\/"]}]},{"@type":"WebSite","@id":"https:\/\/legal.bestway.eu\/hu-hu\/#website","url":"https:\/\/legal.bestway.eu\/hu-hu\/","name":"Legal","description":"Legal","publisher":{"@id":"https:\/\/legal.bestway.eu\/hu-hu\/#organization"},"potentialAction":[{"@type":"SearchAction","target":{"@type":"EntryPoint","urlTemplate":"https:\/\/legal.bestway.eu\/hu-hu\/?s={search_term_string}"},"query-input":{"@type":"PropertyValueSpecification","valueRequired":true,"valueName":"search_term_string"}}],"inLanguage":"hu-hu"},{"@type":"Organization","@id":"https:\/\/legal.bestway.eu\/hu-hu\/#organization","name":"Legal","url":"https:\/\/legal.bestway.eu\/hu-hu\/","logo":{"@type":"ImageObject","inLanguage":"hu-hu","@id":"https:\/\/legal.bestway.eu\/hu-hu\/#\/schema\/logo\/image\/","url":"https:\/\/legal.bestway.eu\/wp-content\/uploads\/sites\/2\/2023\/10\/bw-white-logo@2x.png","contentUrl":"https:\/\/legal.bestway.eu\/wp-content\/uploads\/sites\/2\/2023\/10\/bw-white-logo@2x.png","width":348,"height":138,"caption":"Legal"},"image":{"@id":"https:\/\/legal.bestway.eu\/hu-hu\/#\/schema\/logo\/image\/"}}]}},"_links":{"self":[{"href":"https:\/\/legal.bestway.eu\/hu-hu\/wp-json\/wp\/v2\/pages\/6551","targetHints":{"allow":["GET"]}}],"collection":[{"href":"https:\/\/legal.bestway.eu\/hu-hu\/wp-json\/wp\/v2\/pages"}],"about":[{"href":"https:\/\/legal.bestway.eu\/hu-hu\/wp-json\/wp\/v2\/types\/page"}],"author":[{"embeddable":true,"href":"https:\/\/legal.bestway.eu\/hu-hu\/wp-json\/wp\/v2\/users\/9"}],"replies":[{"embeddable":true,"href":"https:\/\/legal.bestway.eu\/hu-hu\/wp-json\/wp\/v2\/comments?post=6551"}],"version-history":[{"count":8,"href":"https:\/\/legal.bestway.eu\/hu-hu\/wp-json\/wp\/v2\/pages\/6551\/revisions"}],"predecessor-version":[{"id":6568,"href":"https:\/\/legal.bestway.eu\/hu-hu\/wp-json\/wp\/v2\/pages\/6551\/revisions\/6568"}],"wp:attachment":[{"href":"https:\/\/legal.bestway.eu\/hu-hu\/wp-json\/wp\/v2\/media?parent=6551"}],"curies":[{"name":"wp","href":"https:\/\/api.w.org\/{rel}","templated":true}]}}