{"id":8629,"date":"2025-06-09T15:47:15","date_gmt":"2025-06-09T13:47:15","guid":{"rendered":"https:\/\/legal.bestway.eu\/accessibility\/"},"modified":"2025-06-18T14:48:03","modified_gmt":"2025-06-18T12:48:03","slug":"accessibility","status":"publish","type":"page","link":"https:\/\/legal.bestway.eu\/hr-hr\/accessibility\/","title":{"rendered":"Pristupa\u010dnost"},"content":{"rendered":"\t\t<div data-elementor-type=\"wp-page\" data-elementor-id=\"8629\" class=\"elementor elementor-8629\" data-elementor-post-type=\"page\">\n\t\t\t\t<div class=\"elementor-element elementor-element-5b5bf09 e-flex e-con-boxed e-con e-parent\" data-id=\"5b5bf09\" data-element_type=\"container\" data-e-type=\"container\">\n\t\t\t\t\t<div class=\"e-con-inner\">\n\t\t\t\t<div class=\"elementor-element elementor-element-febc057 elementor-widget elementor-widget-text-editor\" data-id=\"febc057\" data-element_type=\"widget\" data-e-type=\"widget\" data-widget_type=\"text-editor.default\">\n\t\t\t\t<div class=\"elementor-widget-container\">\n\t\t\t\t\t\t\t\t\t<p>Vjerujemo da bi internet trebao biti dostupan i pristupa\u010dan svima te smo predani pru\u017eanju web stranice koja je dostupna naj\u0161iroj mogu\u0107oj publici.<\/p><p>Nastojimo slijediti Smjernice za pristupa\u010dnost web sadr\u017eaja 2.1 (WCAG 2.1) World Wide Web Consortiuma (W3C). Ove smjernice obja\u0161njavaju kako u\u010diniti web sadr\u017eaj dostupnim ljudima s \u0161irokim rasponom korisnika s razli\u010ditim potrebama. Slije\u0111enje ovih smjernica poma\u017ee nam osigurati da su na\u0161e web stranice dostupne naj\u0161irem mogu\u0107em broju ljudi.<\/p>\t\t\t\t\t\t\t\t<\/div>\n\t\t\t\t<\/div>\n\t\t\t\t<div class=\"elementor-element elementor-element-a41cc72 elementor-widget elementor-widget-heading\" data-id=\"a41cc72\" data-element_type=\"widget\" data-e-type=\"widget\" data-widget_type=\"heading.default\">\n\t\t\t\t<div class=\"elementor-widget-container\">\n\t\t\t\t\t<h2 class=\"elementor-heading-title elementor-size-default\">Izjave o pristupa\u010dnosti<\/h2>\t\t\t\t<\/div>\n\t\t\t\t<\/div>\n\t\t\t\t<div class=\"elementor-element elementor-element-dd82ffd elementor-widget elementor-widget-n-accordion\" data-id=\"dd82ffd\" data-element_type=\"widget\" data-e-type=\"widget\" data-settings=\"{&quot;max_items_expended&quot;:&quot;multiple&quot;,&quot;default_state&quot;:&quot;expanded&quot;,&quot;n_accordion_animation_duration&quot;:{&quot;unit&quot;:&quot;ms&quot;,&quot;size&quot;:400,&quot;sizes&quot;:[]}}\" data-widget_type=\"nested-accordion.default\">\n\t\t\t\t<div class=\"elementor-widget-container\">\n\t\t\t\t\t\t\t<div class=\"e-n-accordion\" aria-label=\"Accordion. Open links with Enter or Space, close with Escape, and navigate with Arrow Keys\">\n\t\t\t\t\t\t<details id=\"e-n-accordion-item-2320\" class=\"e-n-accordion-item\" open>\n\t\t\t\t<summary class=\"e-n-accordion-item-title\" data-accordion-index=\"1\" tabindex=\"0\" aria-expanded=\"true\" aria-controls=\"e-n-accordion-item-2320\" >\n\t\t\t\t\t<span class='e-n-accordion-item-title-header'><div class=\"e-n-accordion-item-title-text\"> Web-stranica za podr\u0161ku (support.bestway.eu) <\/div><\/span>\n\t\t\t\t\t\t\t<span class='e-n-accordion-item-title-icon'>\n\t\t\t<span class='e-opened' ><i aria-hidden=\"true\" class=\"fas fa-minus\"><\/i><\/span>\n\t\t\t<span class='e-closed'><i aria-hidden=\"true\" class=\"fas fa-plus\"><\/i><\/span>\n\t\t<\/span>\n\n\t\t\t\t\t\t<\/summary>\n\t\t\t\t<div role=\"region\" aria-labelledby=\"e-n-accordion-item-2320\" class=\"elementor-element elementor-element-0ab357d e-con-full e-flex e-con e-child\" data-id=\"0ab357d\" data-element_type=\"container\" data-e-type=\"container\">\n\t\t\t\t<div class=\"elementor-element elementor-element-7f3cfd0 elementor-widget elementor-widget-text-editor\" data-id=\"7f3cfd0\" data-element_type=\"widget\" data-e-type=\"widget\" data-widget_type=\"text-editor.default\">\n\t\t\t\t<div class=\"elementor-widget-container\">\n\t\t\t\t\t\t\t\t\t<p data-start=\"100\" data-end=\"169\"><strong data-start=\"100\" data-end=\"169\">Izjava o pristupa\u010dnosti odnosi se na: https:\/\/support.bestway.eu.<\/strong><\/p><p data-start=\"171\" data-end=\"363\"><strong data-start=\"171\" data-end=\"217\">Stanje uskla\u0111enosti: Djelomi\u010dno uskla\u0111eno.<\/strong><br data-start=\"217\" data-end=\"220\" \/>Ova web stranica je djelomi\u010dno uskla\u0111ena sa zahtjevima iz Dodatka A norme UNI CEI EN 301549 zbog slu\u010dajeva neuskla\u0111enosti navedenih u nastavku.<\/p><p data-start=\"365\" data-end=\"481\"><strong data-start=\"365\" data-end=\"390\">Nepristupa\u010dan sadr\u017eaj<\/strong><br data-start=\"390\" data-end=\"393\" \/>Sljede\u0107i sadr\u017eaji nisu pristupa\u010dni zbog nepo\u0161tivanja Zakona od 9. sije\u010dnja 2004., br. 4:<\/p><p data-start=\"483\" data-end=\"517\"><strong data-start=\"483\" data-end=\"515\">1.1.1 \u2013 Netekstualni sadr\u017eaj<\/strong><\/p><ul data-start=\"518\" data-end=\"813\"><li data-start=\"518\" data-end=\"598\"><p data-start=\"520\" data-end=\"598\">Neke slike nemaju atribut <em data-start=\"546\" data-end=\"551\">alt<\/em> ili imaju nedeskriptivni alternativni tekst.<\/p><\/li><li data-start=\"599\" data-end=\"692\"><p data-start=\"601\" data-end=\"692\">Neki <em data-start=\"606\" data-end=\"614\">iframe<\/em> elementi nemaju alternativni tekst putem atributa <em data-start=\"665\" data-end=\"672\">title<\/em> ili <em data-start=\"677\" data-end=\"689\">aria-label<\/em>.<\/p><\/li><li data-start=\"693\" data-end=\"813\"><p data-start=\"695\" data-end=\"813\">Neki elementi koji slu\u017ee isklju\u010divo za prikaz nisu ispravno ozna\u010deni s <em data-start=\"766\" data-end=\"787\">role=&#8221;presentation&#8221;<\/em> ili <em data-start=\"792\" data-end=\"812\">aria-hidden=&#8221;true&#8221;<\/em>.<\/p><\/li><\/ul><p data-start=\"815\" data-end=\"849\"><strong data-start=\"815\" data-end=\"847\">1.3.1 \u2013 Informacije i odnosi<\/strong><\/p><ul data-start=\"850\" data-end=\"1216\"><li data-start=\"850\" data-end=\"942\"><p data-start=\"852\" data-end=\"942\">Nekoliko kontejnerskih elemenata je prazno u DOM-u, \u0161to uzrokuje nesemanti\u010dke strukture.<\/p><\/li><li data-start=\"943\" data-end=\"1029\"><p data-start=\"945\" data-end=\"1029\">Neka polja obrasca nemaju pridru\u017eene oznake putem <code data-start=\"995\" data-end=\"1004\">&lt;label&gt;<\/code> ili <em data-start=\"1009\" data-end=\"1026\">aria-labelledby<\/em>.<\/p><\/li><li data-start=\"1030\" data-end=\"1078\"><p data-start=\"1032\" data-end=\"1078\">Neki tekstovi nemaju uloge ni ARIA svojstva.<\/p><\/li><li data-start=\"1079\" data-end=\"1216\"><p data-start=\"1081\" data-end=\"1216\">Neki dokumenti ne koriste semanti\u010dke oznake za naslove (<em data-start=\"1137\" data-end=\"1146\">heading<\/em>), \u0161to ote\u017eava strukturiranu navigaciju uz pomo\u0107 pomo\u0107nih tehnologija.<\/p><\/li><\/ul><p data-start=\"1218\" data-end=\"1307\"><strong data-start=\"1218\" data-end=\"1305\">1.3.2 \/ 2.1.1 \/ 2.4.3 \u2013 Zna\u010dajni redoslijed, pristup tipkovnicom, redoslijed fokusa<\/strong><\/p><ul data-start=\"1308\" data-end=\"1455\"><li data-start=\"1308\" data-end=\"1455\"><p data-start=\"1310\" data-end=\"1455\">U nekim dokumentima redoslijed \u010ditanja i navigacije nije u skladu s vizualnim rasporedom, \u0161to ote\u017eava pristup putem tipkovnice ili \u010dita\u010da ekrana.<\/p><\/li><\/ul><p data-start=\"1457\" data-end=\"1491\"><strong data-start=\"1457\" data-end=\"1489\">1.4.3 \u2013 Kontrast (minimalni)<\/strong><\/p><ul data-start=\"1492\" data-end=\"1588\"><li data-start=\"1492\" data-end=\"1588\"><p data-start=\"1494\" data-end=\"1588\">Kontrast boja izme\u0111u teksta i pozadine kod nekih elemenata ne dose\u017ee minimalni omjer od 4.5:1.<\/p><\/li><\/ul><p data-start=\"1590\" data-end=\"1620\"><strong data-start=\"1590\" data-end=\"1618\">1.4.4 \u2013 Pove\u0107anje teksta<\/strong><\/p><ul data-start=\"1621\" data-end=\"1692\"><li data-start=\"1621\" data-end=\"1692\"><p data-start=\"1623\" data-end=\"1692\">Neki tekstovi se izrezuju ili preklapaju kada se primijeni pove\u0107anje.<\/p><\/li><\/ul><p data-start=\"1694\" data-end=\"1738\"><strong data-start=\"1694\" data-end=\"1736\">1.4.10 \u2013 Preure\u0111enje sadr\u017eaja (Reflow)<\/strong><\/p><ul data-start=\"1739\" data-end=\"1858\"><li data-start=\"1739\" data-end=\"1858\"><p data-start=\"1741\" data-end=\"1858\">Neke stranice ili komponente ne podr\u017eavaju pravilno zumiranje ili promjenu veli\u010dine, \u0161to uzrokuje probleme u prikazu.<\/p><\/li><\/ul><p data-start=\"1860\" data-end=\"1902\"><strong data-start=\"1860\" data-end=\"1900\">2.4.1 \u2013 Preskakanje blokova sadr\u017eaja<\/strong><\/p><ul data-start=\"1903\" data-end=\"1993\"><li data-start=\"1903\" data-end=\"1993\"><p data-start=\"1905\" data-end=\"1993\">Na nekim stranicama nedostaje poveznica \u201cPresko\u010di na sadr\u017eaj\u201d dostupna putem tipkovnice.<\/p><\/li><\/ul><p data-start=\"1995\" data-end=\"2024\"><strong data-start=\"1995\" data-end=\"2022\">2.4.2 \u2013 Naslov stranice<\/strong><\/p><ul data-start=\"2025\" data-end=\"2161\"><li data-start=\"2025\" data-end=\"2161\"><p data-start=\"2027\" data-end=\"2161\">Nedostaje naslov u metapodacima nekih dokumenata, \u0161to smanjuje prepoznatljivost sadr\u017eaja pri navigaciji uz pomo\u0107 pomo\u0107nih tehnologija.<\/p><\/li><\/ul><p data-start=\"2163\" data-end=\"2206\"><strong data-start=\"2163\" data-end=\"2204\">2.4.4 \u2013 Svrha poveznice (u kontekstu)<\/strong><\/p><ul data-start=\"2207\" data-end=\"2259\"><li data-start=\"2207\" data-end=\"2259\"><p data-start=\"2209\" data-end=\"2259\">Neke poveznice nemaju zna\u010dajan alternativni tekst.<\/p><\/li><\/ul><p data-start=\"2261\" data-end=\"2291\"><strong data-start=\"2261\" data-end=\"2289\">2.4.6 \u2013 Naslovi i oznake<\/strong><\/p><ul data-start=\"2292\" data-end=\"2363\"><li data-start=\"2292\" data-end=\"2363\"><p data-start=\"2294\" data-end=\"2363\">Na nekim stranicama nedostaju semanti\u010dki naslovi ili <em data-start=\"2347\" data-end=\"2355\">header<\/em> oznake.<\/p><\/li><\/ul><p data-start=\"2365\" data-end=\"2393\"><strong data-start=\"2365\" data-end=\"2391\">3.1.1 \u2013 Jezik stranice<\/strong><\/p><ul data-start=\"2394\" data-end=\"2504\"><li data-start=\"2394\" data-end=\"2504\"><p data-start=\"2396\" data-end=\"2504\">Nije postavljen zadani jezik dokumenta, \u0161to ote\u017eava ispravnu vokalnu interpretaciju od strane \u010dita\u010da ekrana.<\/p><\/li><\/ul><p data-start=\"2506\" data-end=\"2542\"><strong data-start=\"2506\" data-end=\"2540\">4.1.2 \u2013 Ime, uloga, vrijednost<\/strong><\/p><ul data-start=\"2543\" data-end=\"2692\"><li data-start=\"2543\" data-end=\"2606\"><p data-start=\"2545\" data-end=\"2606\">Nekim gumbima nedostaju tekstualne oznake ili <em data-start=\"2591\" data-end=\"2603\">aria-label<\/em>.<\/p><\/li><li data-start=\"2607\" data-end=\"2692\"><p data-start=\"2609\" data-end=\"2692\">Neki ARIA atributi imaju neva\u017ee\u0107e vrijednosti ili nisu u skladu sa specifikacijama.<\/p><\/li><\/ul>\t\t\t\t\t\t\t\t<\/div>\n\t\t\t\t<\/div>\n\t\t\t\t<\/div>\n\t\t\t\t\t<\/details>\n\t\t\t\t\t<\/div>\n\t\t\t\t\t\t<\/div>\n\t\t\t\t<\/div>\n\t\t\t\t<div class=\"elementor-element elementor-element-3003df7 elementor-widget elementor-widget-heading\" data-id=\"3003df7\" data-element_type=\"widget\" data-e-type=\"widget\" data-widget_type=\"heading.default\">\n\t\t\t\t<div class=\"elementor-widget-container\">\n\t\t\t\t\t<h2 class=\"elementor-heading-title elementor-size-default\">Komentari i povratne informacije<\/h2>\t\t\t\t<\/div>\n\t\t\t\t<\/div>\n\t\t\t\t<div class=\"elementor-element elementor-element-2b49daa elementor-widget elementor-widget-text-editor\" data-id=\"2b49daa\" data-element_type=\"widget\" data-e-type=\"widget\" data-widget_type=\"text-editor.default\">\n\t\t\t\t<div class=\"elementor-widget-container\">\n\t\t\t\t\t\t\t\t\t<p>\u00a0<\/p><p><br \/>Razvijamo na\u0161e stranice po\u0161tuju\u0107i kriterije digitalne pristupa\u010dnosti, ali jo\u0161 uvijek mogu postojati stranice ili dijelovi koji nisu u potpunosti dostupni, koji su u procesu postajanja dostupnima ili im nedostaje odgovaraju\u0107e tehnolo\u0161ko rje\u0161enje koje bi ih to u\u010dinilo. Za povratne informacije ili izvje\u0161\u0107a pi\u0161ite na<span style=\"font-size: 16px;\">\u00a0<\/span><a style=\"font-size: 16px; background-color: #ffffff;\" href=\"mailto:accessibility@bestwaycorp.eu\"><strong>accessibility@bestwaycorp.eu<\/strong><\/a><\/p>\t\t\t\t\t\t\t\t<\/div>\n\t\t\t\t<\/div>\n\t\t\t\t\t<\/div>\n\t\t\t\t<\/div>\n\t\t\t\t<\/div>\n\t\t","protected":false},"excerpt":{"rendered":"<p>Vjerujemo da bi internet trebao biti dostupan i pristupa\u010dan svima te smo predani pru\u017eanju web stranice koja je dostupna naj\u0161iroj mogu\u0107oj publici. Nastojimo slijediti Smjernice za pristupa\u010dnost web sadr\u017eaja 2.1 (WCAG 2.1) World Wide Web Consortiuma (W3C). Ove smjernice obja\u0161njavaju kako u\u010diniti web sadr\u017eaj dostupnim ljudima s \u0161irokim rasponom korisnika s razli\u010ditim potrebama. Slije\u0111enje ovih [&hellip;]<\/p>\n","protected":false},"author":1,"featured_media":0,"parent":0,"menu_order":0,"comment_status":"closed","ping_status":"closed","template":"","meta":{"_acf_changed":false,"site-sidebar-layout":"no-sidebar","site-content-layout":"page-builder","ast-site-content-layout":"full-width-container","site-content-style":"default","site-sidebar-style":"default","ast-global-header-display":"","ast-banner-title-visibility":"","ast-main-header-display":"","ast-hfb-above-header-display":"","ast-hfb-below-header-display":"","ast-hfb-mobile-header-display":"","site-post-title":"disabled","ast-breadcrumbs-content":"","ast-featured-img":"disabled","footer-sml-layout":"","ast-disable-related-posts":"","theme-transparent-header-meta":"","adv-header-id-meta":"","stick-header-meta":"","header-above-stick-meta":"","header-main-stick-meta":"","header-below-stick-meta":"","astra-migrate-meta-layouts":"set","ast-page-background-enabled":"default","ast-page-background-meta":{"desktop":{"background-color":"var(--ast-global-color-4)","background-image":"","background-repeat":"repeat","background-position":"center center","background-size":"auto","background-attachment":"scroll","background-type":"","background-media":"","overlay-type":"","overlay-color":"","overlay-opacity":"","overlay-gradient":""},"tablet":{"background-color":"","background-image":"","background-repeat":"repeat","background-position":"center center","background-size":"auto","background-attachment":"scroll","background-type":"","background-media":"","overlay-type":"","overlay-color":"","overlay-opacity":"","overlay-gradient":""},"mobile":{"background-color":"","background-image":"","background-repeat":"repeat","background-position":"center center","background-size":"auto","background-attachment":"scroll","background-type":"","background-media":"","overlay-type":"","overlay-color":"","overlay-opacity":"","overlay-gradient":""}},"ast-content-background-meta":{"desktop":{"background-color":"var(--ast-global-color-5)","background-image":"","background-repeat":"repeat","background-position":"center center","background-size":"auto","background-attachment":"scroll","background-type":"","background-media":"","overlay-type":"","overlay-color":"","overlay-opacity":"","overlay-gradient":""},"tablet":{"background-color":"var(--ast-global-color-5)","background-image":"","background-repeat":"repeat","background-position":"center center","background-size":"auto","background-attachment":"scroll","background-type":"","background-media":"","overlay-type":"","overlay-color":"","overlay-opacity":"","overlay-gradient":""},"mobile":{"background-color":"var(--ast-global-color-5)","background-image":"","background-repeat":"repeat","background-position":"center center","background-size":"auto","background-attachment":"scroll","background-type":"","background-media":"","overlay-type":"","overlay-color":"","overlay-opacity":"","overlay-gradient":""}},"footnotes":""},"class_list":["post-8629","page","type-page","status-publish","hentry"],"acf":[],"yoast_head":"<!-- This site is optimized with the Yoast SEO plugin v27.6 - https:\/\/yoast.com\/product\/yoast-seo-wordpress\/ -->\n<title>Pristupa\u010dnost - Legal<\/title>\n<meta name=\"robots\" content=\"noindex, follow, max-snippet:-1, max-image-preview:large, max-video-preview:-1\" \/>\n<meta property=\"og:locale\" content=\"hr_HR\" \/>\n<meta property=\"og:type\" content=\"article\" \/>\n<meta property=\"og:title\" content=\"Pristupa\u010dnost - Legal\" \/>\n<meta property=\"og:description\" content=\"Vjerujemo da bi internet trebao biti dostupan i pristupa\u010dan svima te smo predani pru\u017eanju web stranice koja je dostupna naj\u0161iroj mogu\u0107oj publici. Nastojimo slijediti Smjernice za pristupa\u010dnost web sadr\u017eaja 2.1 (WCAG 2.1) World Wide Web Consortiuma (W3C). Ove smjernice obja\u0161njavaju kako u\u010diniti web sadr\u017eaj dostupnim ljudima s \u0161irokim rasponom korisnika s razli\u010ditim potrebama. Slije\u0111enje ovih [&hellip;]\" \/>\n<meta property=\"og:url\" content=\"https:\/\/legal.bestway.eu\/hr-hr\/accessibility\/\" \/>\n<meta property=\"og:site_name\" content=\"Legal\" \/>\n<meta property=\"article:modified_time\" content=\"2025-06-18T12:48:03+00:00\" \/>\n<meta name=\"twitter:card\" content=\"summary_large_image\" \/>\n<meta name=\"twitter:label1\" content=\"Est. reading time\" \/>\n\t<meta name=\"twitter:data1\" content=\"5 minutes\" \/>\n<script type=\"application\/ld+json\" class=\"yoast-schema-graph\">{\"@context\":\"https:\\\/\\\/schema.org\",\"@graph\":[{\"@type\":\"WebPage\",\"@id\":\"https:\\\/\\\/legal.bestway.eu\\\/hr-hr\\\/accessibility\\\/\",\"url\":\"https:\\\/\\\/legal.bestway.eu\\\/hr-hr\\\/accessibility\\\/\",\"name\":\"Pristupa\u010dnost - Legal\",\"isPartOf\":{\"@id\":\"https:\\\/\\\/legal.bestway.eu\\\/hr-hr\\\/#website\"},\"datePublished\":\"2025-06-09T13:47:15+00:00\",\"dateModified\":\"2025-06-18T12:48:03+00:00\",\"inLanguage\":\"hr-hr\",\"potentialAction\":[{\"@type\":\"ReadAction\",\"target\":[\"https:\\\/\\\/legal.bestway.eu\\\/hr-hr\\\/accessibility\\\/\"]}]},{\"@type\":\"WebSite\",\"@id\":\"https:\\\/\\\/legal.bestway.eu\\\/hr-hr\\\/#website\",\"url\":\"https:\\\/\\\/legal.bestway.eu\\\/hr-hr\\\/\",\"name\":\"Legal\",\"description\":\"Legal\",\"publisher\":{\"@id\":\"https:\\\/\\\/legal.bestway.eu\\\/hr-hr\\\/#organization\"},\"potentialAction\":[{\"@type\":\"SearchAction\",\"target\":{\"@type\":\"EntryPoint\",\"urlTemplate\":\"https:\\\/\\\/legal.bestway.eu\\\/hr-hr\\\/?s={search_term_string}\"},\"query-input\":{\"@type\":\"PropertyValueSpecification\",\"valueRequired\":true,\"valueName\":\"search_term_string\"}}],\"inLanguage\":\"hr-hr\"},{\"@type\":\"Organization\",\"@id\":\"https:\\\/\\\/legal.bestway.eu\\\/hr-hr\\\/#organization\",\"name\":\"Legal\",\"url\":\"https:\\\/\\\/legal.bestway.eu\\\/hr-hr\\\/\",\"logo\":{\"@type\":\"ImageObject\",\"inLanguage\":\"hr-hr\",\"@id\":\"https:\\\/\\\/legal.bestway.eu\\\/hr-hr\\\/#\\\/schema\\\/logo\\\/image\\\/\",\"url\":\"https:\\\/\\\/legal.bestway.eu\\\/wp-content\\\/uploads\\\/sites\\\/2\\\/2023\\\/10\\\/bw-white-logo@2x.png\",\"contentUrl\":\"https:\\\/\\\/legal.bestway.eu\\\/wp-content\\\/uploads\\\/sites\\\/2\\\/2023\\\/10\\\/bw-white-logo@2x.png\",\"width\":348,\"height\":138,\"caption\":\"Legal\"},\"image\":{\"@id\":\"https:\\\/\\\/legal.bestway.eu\\\/hr-hr\\\/#\\\/schema\\\/logo\\\/image\\\/\"}}]}<\/script>\n<!-- \/ Yoast SEO plugin. -->","yoast_head_json":{"title":"Pristupa\u010dnost - Legal","robots":{"index":"noindex","follow":"follow","max-snippet":"max-snippet:-1","max-image-preview":"max-image-preview:large","max-video-preview":"max-video-preview:-1"},"og_locale":"hr_HR","og_type":"article","og_title":"Pristupa\u010dnost - Legal","og_description":"Vjerujemo da bi internet trebao biti dostupan i pristupa\u010dan svima te smo predani pru\u017eanju web stranice koja je dostupna naj\u0161iroj mogu\u0107oj publici. Nastojimo slijediti Smjernice za pristupa\u010dnost web sadr\u017eaja 2.1 (WCAG 2.1) World Wide Web Consortiuma (W3C). Ove smjernice obja\u0161njavaju kako u\u010diniti web sadr\u017eaj dostupnim ljudima s \u0161irokim rasponom korisnika s razli\u010ditim potrebama. Slije\u0111enje ovih [&hellip;]","og_url":"https:\/\/legal.bestway.eu\/hr-hr\/accessibility\/","og_site_name":"Legal","article_modified_time":"2025-06-18T12:48:03+00:00","twitter_card":"summary_large_image","twitter_misc":{"Est. reading time":"5 minutes"},"schema":{"@context":"https:\/\/schema.org","@graph":[{"@type":"WebPage","@id":"https:\/\/legal.bestway.eu\/hr-hr\/accessibility\/","url":"https:\/\/legal.bestway.eu\/hr-hr\/accessibility\/","name":"Pristupa\u010dnost - Legal","isPartOf":{"@id":"https:\/\/legal.bestway.eu\/hr-hr\/#website"},"datePublished":"2025-06-09T13:47:15+00:00","dateModified":"2025-06-18T12:48:03+00:00","inLanguage":"hr-hr","potentialAction":[{"@type":"ReadAction","target":["https:\/\/legal.bestway.eu\/hr-hr\/accessibility\/"]}]},{"@type":"WebSite","@id":"https:\/\/legal.bestway.eu\/hr-hr\/#website","url":"https:\/\/legal.bestway.eu\/hr-hr\/","name":"Legal","description":"Legal","publisher":{"@id":"https:\/\/legal.bestway.eu\/hr-hr\/#organization"},"potentialAction":[{"@type":"SearchAction","target":{"@type":"EntryPoint","urlTemplate":"https:\/\/legal.bestway.eu\/hr-hr\/?s={search_term_string}"},"query-input":{"@type":"PropertyValueSpecification","valueRequired":true,"valueName":"search_term_string"}}],"inLanguage":"hr-hr"},{"@type":"Organization","@id":"https:\/\/legal.bestway.eu\/hr-hr\/#organization","name":"Legal","url":"https:\/\/legal.bestway.eu\/hr-hr\/","logo":{"@type":"ImageObject","inLanguage":"hr-hr","@id":"https:\/\/legal.bestway.eu\/hr-hr\/#\/schema\/logo\/image\/","url":"https:\/\/legal.bestway.eu\/wp-content\/uploads\/sites\/2\/2023\/10\/bw-white-logo@2x.png","contentUrl":"https:\/\/legal.bestway.eu\/wp-content\/uploads\/sites\/2\/2023\/10\/bw-white-logo@2x.png","width":348,"height":138,"caption":"Legal"},"image":{"@id":"https:\/\/legal.bestway.eu\/hr-hr\/#\/schema\/logo\/image\/"}}]}},"_links":{"self":[{"href":"https:\/\/legal.bestway.eu\/hr-hr\/wp-json\/wp\/v2\/pages\/8629","targetHints":{"allow":["GET"]}}],"collection":[{"href":"https:\/\/legal.bestway.eu\/hr-hr\/wp-json\/wp\/v2\/pages"}],"about":[{"href":"https:\/\/legal.bestway.eu\/hr-hr\/wp-json\/wp\/v2\/types\/page"}],"author":[{"embeddable":true,"href":"https:\/\/legal.bestway.eu\/hr-hr\/wp-json\/wp\/v2\/users\/1"}],"replies":[{"embeddable":true,"href":"https:\/\/legal.bestway.eu\/hr-hr\/wp-json\/wp\/v2\/comments?post=8629"}],"version-history":[{"count":7,"href":"https:\/\/legal.bestway.eu\/hr-hr\/wp-json\/wp\/v2\/pages\/8629\/revisions"}],"predecessor-version":[{"id":8641,"href":"https:\/\/legal.bestway.eu\/hr-hr\/wp-json\/wp\/v2\/pages\/8629\/revisions\/8641"}],"wp:attachment":[{"href":"https:\/\/legal.bestway.eu\/hr-hr\/wp-json\/wp\/v2\/media?parent=8629"}],"curies":[{"name":"wp","href":"https:\/\/api.w.org\/{rel}","templated":true}]}}