{"id":7394,"date":"2024-09-09T16:55:17","date_gmt":"2024-09-09T14:55:17","guid":{"rendered":"https:\/\/legal.bestway.eu\/?page_id=7394"},"modified":"2025-01-02T12:16:33","modified_gmt":"2025-01-02T11:16:33","slug":"terms-of-use","status":"publish","type":"page","link":"https:\/\/legal.bestway.eu\/hr-hr\/terms-of-use\/","title":{"rendered":"Uvjeti kori\u0161tenja"},"content":{"rendered":"\t\t<div data-elementor-type=\"wp-page\" data-elementor-id=\"7394\" class=\"elementor elementor-7394\" data-elementor-post-type=\"page\">\n\t\t\t\t<div class=\"elementor-element elementor-element-7386dff e-flex e-con-boxed e-con e-parent\" data-id=\"7386dff\" data-element_type=\"container\" data-e-type=\"container\">\n\t\t\t\t\t<div class=\"e-con-inner\">\n\t\t\t\t<div class=\"elementor-element elementor-element-75882a5 elementor-widget elementor-widget-heading\" data-id=\"75882a5\" data-element_type=\"widget\" data-e-type=\"widget\" data-widget_type=\"heading.default\">\n\t\t\t\t<div class=\"elementor-widget-container\">\n\t\t\t\t\t<h2 class=\"elementor-heading-title elementor-size-default\">Uvjeti kori\u0161tenja Bestway stranica<\/h2>\t\t\t\t<\/div>\n\t\t\t\t<\/div>\n\t\t\t\t<div class=\"elementor-element elementor-element-2a2d771 elementor-widget elementor-widget-text-editor\" data-id=\"2a2d771\" data-element_type=\"widget\" data-e-type=\"widget\" data-widget_type=\"text-editor.default\">\n\t\t\t\t<div class=\"elementor-widget-container\">\n\t\t\t\t\t\t\t\t\t<p>Ovi Uvjeti reguliraju<\/p><ul><li>kori\u0161tenje Bestwaya, i<\/li><li>bilo koji drugi povezani Ugovor ili pravni odnos s Vlasnikom<\/li><\/ul><p>na pravno obvezuju\u0107i na\u010din. Rije\u010di napisane velikim po\u010detnim slovom definirane su u odgovaraju\u0107em posebnom odjeljku ovog dokumenta.<\/p><p>\u00a0<\/p><p>\u00a0<\/p><p>Korisnik mora pa\u017eljivo pro\u010ditati ovaj dokument.<\/p><p>\u00a0<\/p><h2>Vlasnik Bestwaya i srodnih Usluga<\/h2><p><strong>Bestway Europe S.p.A.<\/strong>, Via Resistenza, 5 20098 San Giuliano Milanese (MI), PDV broj: IT02561670130, i njegove\u00a0<a href=\"https:\/\/subsidiaries.bestwaycorp.eu\/bestwaySubsidiaries.html\" target=\"_blank\" rel=\"noopener\">Europske podru\u017enice<\/a><\/p><p>\u00a0<\/p><h2>Informacije o Bestway stranicama<\/h2><p>Uz iznimku stranica za e-trgovinu u zemljama gdje su dostupne, korisnici ne mogu kupiti proizvode ili usluge na stranicama Bestwaya. Korisnici mogu pregledavati katalog proizvoda, tra\u017eiti preprodava\u010de Bestway proizvoda i slati Bestway zahtjeve za kontakt, pomo\u0107 ili produljenje jamstva..<\/p><p>\u00a0<\/p><h2>Uvod<\/h2><h2>\u00a0<\/h2><h3>Ovaj dokument<\/h3><p>Ovaj je dokument predstavlja pravni ugovor izme\u0111u vas, Korisnika i subjekta koji pru\u017ea Bestway. On\u00a0regulira va\u0161u upotrebu online entiteta i, u svakom slu\u010daju, kori\u0161tenje pru\u017eenih usluga. \u201ePravni ugovor\u201d zna\u010di da su uvjeti ovog ugovora obvezuju\u0107i za odnos izme\u0111u vas i nas nakon \u0161to prihvatite uvjete. Radi jednostavnosti, \u201eKorisnik\u201d, \u201evi\u201d, \u201eva\u0161\u201d i sli\u010dni pojmovi, bilo u jednini ili mno\u017eini, odnose se na vas, Korisnika. \u201eMi\u201d, \u201ena\u0161\u201d, \u201enas\u201d i sli\u010dni pojmovi odnose se na korporaciju koja posjeduje Bestway i upravlja njime kako je navedeno u ovom dokumentu. \u201eBestway\u201d se odnosi na trenuta\u010dnu web-lokaciju i\/ili aplikaciju. \u201eUgovor\u201d se odnosi na ovaj dokument, s povremenim izmjenama i dopunama. Ugovor je sklopljen na engleskom jeziku. Ostali definirani pojmovi navedeni su u odjeljku pod nazivom \u201eDefinicije\u201d na dnu Ugovora.<\/p><p>\u00a0<\/p><h3>Prihva\u0107anje ovog Ugovora<\/h3><p>Kako biste koristili Bestway, morate pa\u017eljivo pro\u010ditati ovaj Ugovor i pristati na prihva\u0107anje istog klikom na gumb za njegovo prihva\u0107anje. Ako ne prihvatite ovaj Ugovor, ne mo\u017eete koristiti Uslugu.<\/p><p>\u00a0<\/p><h2>Sadr\u017eaj na Bestwayu i zabranjena upotreba Bestwaya<\/h2><h2>\u00a0<\/h2><h3>Sadr\u017eaj koji pru\u017ea Korisnik<\/h3><p>Korisnici su odgovorni za vlastiti sadr\u017eaj i sadr\u017eaj tre\u0107ih strana koje dijele putem Bestwaya, koje prenose i objavljuju na ili putem Bestwaya ili koje prenose na bilo koji drugi na\u010din. Korisnici potvr\u0111uju da imaju sve potrebne privole tre\u0107ih strana \u010dije podatke i\/ili sadr\u017eaj dijele s Vlasnikom te ovime obe\u0161te\u0107uju Vlasnika za bilo kakvu odgovornost ili potra\u017eivanje koje nastane protiv Vlasnika u vezi s nezakonitom distribucijom sadr\u017eaja tre\u0107ih strana ili nezakonitim kori\u0161tenjem Usluge.<\/p><p>Vlasnik ne moderira sadr\u017eaj koji pru\u017eaju Korisnici ili tre\u0107e strane, ali \u0107e djelovati ako primi pritu\u017ebe od Korisnika ili ako javna tijela izdaju naloge u vezi sa sadr\u017eajem koji se smatra uvredljivim ili nezakonitim.<\/p><p>Konkretno, Vlasnik mo\u017ee odlu\u010diti obustaviti ili prekinuti vizualizaciju sadr\u017eaja u slu\u010daju da:<\/p><ul><li>drugi Korisnici podnose pritu\u017ebe;<\/li><li>zaprimi obavijest o povredi prava intelektualnog vlasni\u0161tva;<\/li><li>odlu\u010deno je da se to u\u010dini s obzirom na pravne radnje ili kao rezultat pravnih radnji;<\/li><li>navedenu radnju tra\u017ei javno tijelo; ili<\/li><li>smatra se da sadr\u017eaj, iako je dostupan putem Bestwaya, mo\u017ee ugroziti Korisnike, tre\u0107e strane, dostupnost Usluge i\/ili Vlasnika.<\/li><\/ul><p>\u00a0<\/p><h3>Prava nad sadr\u017eajem koji pru\u017eaju Korisnici<\/h3><p>Jedina prava dodijeljena Vlasniku u vezi sa sadr\u017eajem koji pru\u017eaju Korisnici su ona koja su potrebna za rad i odr\u017eavanje Bestwaya.<\/p><p>Ako nije druga\u010dije navedeno, primjenjuje se sljede\u0107e:<\/p><p>Slanjem, objavljivanjem ili prikazivanjem sadr\u017eaja na Bestwayu ili putem Bestwaya, Korisnik dodjeljuje licencu Vlasniku bez teritorijalnih ograni\u010denja, neekskluzivno, bez naknade i s pravom na podlicenciranje, kori\u0161tenje, kopiranje, reprodukciju, obradu, prilagodbu, izmjenu, objavljivanje, prijenos, prikazivanje i distribuciju takvog sadr\u017eaja putem bilo kojeg medija ili distribucije koji su trenuta\u010dno dostupni ili se razviju kasnije.<\/p><p>\u00a0<\/p><h3>Sadr\u017eaj koji pru\u017eaju tre\u0107e strane<\/h3><p>Vlasnik ne moderira sadr\u017eaj ili poveznice koje pru\u017eaju tre\u0107e strane prije njihove objave na Bestwayu. Vlasnik nije odgovoran za sadr\u017eaj koji pru\u017eaju tre\u0107e strane ili za njegovu dostupnost.<\/p><p>\u00a0<\/p><h3>Usluge koje pru\u017eaju tre\u0107e strane<\/h3><p>Korisnici mogu upotrebljavati usluge ili sadr\u017eaje tre\u0107ih strana uklju\u010dene u Bestway, ali moraju biti upoznati s odredbama i uvjetima tih tre\u0107ih strana i dati im suglasnost. Vlasnik se ni u kojem slu\u010daju ne\u0107e smatrati odgovornim u odnosu na odgovaraju\u0107u funkcionalnost ili dostupnost, ili oboje, usluga tre\u0107ih strana.<\/p><p>\u00a0<\/p><h3>Zabranjena uporaba<\/h3><p>Usluga \u0107e se koristiti samo u skladu s ovim Uvjetima.<\/p><p>Korisnici ne smiju:<\/p><ul><li>provoditi obrnuti in\u017eenjering, dekompiliranje, rastavljanje, izmjenu ili stvaranje izvedenih radova na temelju Bestwaya ili bilo kojeg njegovog dijela;<\/li><li>zaobi\u0107i bilo koju tehnologiju koju koristi Bestway ili njegovi davatelji licenci za za\u0161titu sadr\u017eaja dostupnog putem njega;<\/li><li>kopirati, pohranjivati, ure\u0111ivati, mijenjati, pripremati bilo koji izvedeni rad ili mijenjati na bilo koji na\u010din bilo koji sadr\u017eaj koji se pru\u017ea putem Bestwaya;<\/li><li>koristiti bilo koji robot, alat za indeksiranje, aplikacija za pretra\u017eivanje\/dohva\u0107anje web-mjesta ili drugi automatizirani ure\u0111aj, proces ili sredstvo za pristup, dohva\u0107anje, struganje ili indeksiranje bilo kojeg dijela Bestwaya ili njegovog sadr\u017eaja;<\/li><li>davati u najam, zakup ili podlicenciranje Bestwaya;<\/li><li>klevetati, zlostavljati, uznemiravati, koristiti prijete\u0107e prakse, prijetiti ili kr\u0161iti zakonska prava drugih na bilo koji drugi na\u010din (kao \u0161to su prava na privatnost i publicitet);<\/li><li>\u0161iriti ili objavljivati sadr\u017eaj koji je nezakonit, opscen, nelegitiman, klevetni\u010dki ili neprimjeren;<\/li><li>zlouporabiti bilo koji ra\u010dun koji koristi drugi Korisnik;<\/li><li>registrirati ili koristiti Uslugu kako bi pristupili Korisnicima za promociju, prodaju ili ogla\u0161avanje proizvoda ili usluga bilo koje vrste putem Bestwaya na bilo koji na\u010din;<\/li><li>koristiti Bestway na bilo koji drugi neprikladan na\u010din koji kr\u0161i Uvjete.<\/li><\/ul><h2>Naknada \u0161tete i ograni\u010denje odgovornosti<\/h2><h3>Naknada \u0161tete<\/h3><p>Korisnik je suglasan da \u0107e Vlasniku i njegovim podru\u017enicama, povezanim dru\u0161tvima, slu\u017ebenicima, direktorima, agentima, brand partnerima, partnerima i zaposlenicima, ovisno o slu\u010daju, nadoknaditi \u0161tetu i za\u0161tititi ih od bilo kakvih potra\u017eivanja ili zahtjeva, uklju\u010duju\u0107i, bez ograni\u010denja, razumne odvjetni\u010dke naknade i tro\u0161kove, koje je napravila bilo koja tre\u0107a strana zbog ili koji proizlaze iz Korisnikovog sadr\u017eaja, kori\u0161tenja Usluge ili veze s njom, kr\u0161enja ovih Uvjeta ili kr\u0161enja bilo kakvih prava tre\u0107ih strana.<\/p><p>\u00a0<\/p><h3>Ograni\u010denja odgovornosti<\/h3><p>Bestway i sve funkcije dostupne putem Bestwaya stavljaju se na raspolaganje Korisnicima pod uvjetima i odredbama Ugovora, bez ikakvog jamstva, izri\u010ditog ili impliciranog, koje nije propisano zakonom. Konkretno, ne postoji jamstvo prikladnosti ponu\u0111enih usluga za specifi\u010dne ciljeve Korisnika.<\/p><p>Bestway i funkcije dostupne putem Bestwaya korisnici koriste na vlastiti rizik i na vlastitu odgovornost.<\/p><p>Konkretno, Vlasnik je, u granicama va\u017ee\u0107eg zakona, odgovoran za ugovornu i izvanugovornu \u0161tetu prema Korisnicima ili tre\u0107im stranama samo namjerno ili iz krajnje nepa\u017enje, kada su to neposredne i direktne posljedice aktivnosti Bestwaya. Stoga, Vlasnik ne\u0107e biti odgovoran za:<\/p><ul><li>bilo kakve gubitke koji nisu izravna posljedica kr\u0161enja Ugovora od strane Vlasnika;<\/li><li>svaki gubitak poslovnih prilika i svaki drugi gubitak, \u010dak i neizravan, koji mo\u017ee nastati Korisniku (kao \u0161to su, ali ne ograni\u010davaju\u0107i se na, gubitke u trgovanju, gubitak prihoda, dohotka, dobiti ili o\u010dekivane u\u0161tede, gubitak ugovora ili poslovnih odnosa, gubitak ugleda ili reputacije itd.);<\/li><li>\u0161tete ili gubitke koji proizlaze iz prekida ili kvarova Bestwaya zbog djela vi\u0161e sile, ili barem nepredvi\u0111enih i nepredvidivih doga\u0111aja i, u svakom slu\u010daju, neovisno o volji i izvan kontrole Vlasnika, kao \u0161to su, na primjer, ali ne ograni\u010davaju\u0107i se na, kvarove ili poreme\u0107aje telefonskih ili elektri\u010dnih linija, interneta i\/ili drugih na\u010dina prijenosa, nedostupnosti web-mjesta, \u0161trajkova, prirodnih katastrofa, virusa i kiberneti\u010dkih napada, prekida u isporuci proizvoda, usluga ili aplikacija tre\u0107ih strana; i<\/li><li>neispravno ili neprikladno kori\u0161tenje Bestwaya od strane Korisnika ili tre\u0107ih strana.<\/li><\/ul><p>\u00a0<\/p><h2>Razno<\/h2><h2>\u00a0<\/h2><h3>Prekid usluge<\/h3><p>Kako bi Korisnicima zajam\u010dio najbolju mogu\u0107u upotrebu Usluge, Vlasnik zadr\u017eava pravo prekinuti uslugu radi odr\u017eavanja ili a\u017euriranja sustava, obavje\u0161tavaju\u0107i Korisnike putem stalnih a\u017euriranja objavljenih na Bestwayu.<\/p><p>\u00a0<\/p><h3>Preprodaja usluga<\/h3><p>Korisnicima nije dopu\u0161teno reproducirati, umno\u017eavati, kopirati, prodavati, preprodavati ili iskori\u0161tavati bilo koji dio Bestwaya i njegove Usluge bez izri\u010ditog prethodnog pismenog dopu\u0161tenja Vlasnika, odobrenog izravno ili putem odgovaraju\u0107eg programa preprodaje.<\/p><p>\u00a0<\/p><h3>Pravila o privatnosti<\/h3><p>Za informacije o kori\u0161tenju svojih osobnih podataka, Korisnici moraju pogledati pravila o privatnosti Bestwaya koja se ovime smatraju dijelom ovih Uvjeta.<\/p><p>\u00a0<\/p><h3>Prava intelektualnog vlasni\u0161tva<\/h3><p>Svi za\u0161titni znakovi, nominalni ili figurativni, i svi drugi znakovi, trgova\u010dki nazivi, uslu\u017eni \u017eigovi, verbalni \u017eigovi, ilustracije, slike ili logotipi koji se pojavljuju u vezi s Bestwayom jesu i ostaju isklju\u010divo vlasni\u0161tvo Vlasnika ili njegovih davatelja licence i za\u0161ti\u0107eni su zakonima koji su na snazi o za\u0161titnim znakovima i povezanim me\u0111unarodnim ugovorima.<\/p><p>Svi za\u0161titni znakovi i svi drugi znakovi, trgova\u010dki nazivi, uslu\u017eni znakovi, verbalni znakovi, za\u0161titni znakovi, ilustracije, slike, logotipi koji se odnose na tre\u0107e strane i sadr\u017eaj koji te tre\u0107e strane objavljuju na Bestwayu jesu i ostaju isklju\u010divo vlasni\u0161tvo tih tre\u0107ih strana i njihovih davatelja licenci te su za\u0161ti\u0107eni primjenjivim zakonima o za\u0161titnim znakovima i relevantnim me\u0111unarodnim ugovorima. Vlasnik ne posjeduje gore navedena prava intelektualnog vlasni\u0161tva i mo\u017ee ih koristiti samo u granicama i u skladu s ugovorima sklopljenim s takvim tre\u0107im stranama i u svrhe navedene u ovom Ugovoru.<\/p><p>\u00a0<\/p><h3>Licenca za softver<\/h3><p>Bestway daje Korisnicima opozivu, osobnu, svjetsku, besplatnu, neprenosivu i neisklju\u010divu licencu za kori\u0161tenje Softvera i\/ili bilo kojih drugih tehni\u010dkih sredstava ugra\u0111enih u Uslugu koju pru\u017ea Bestway. Ova licenca slu\u017ei isklju\u010divo u svrhu omogu\u0107avanja Korisnicima da koriste Uslugu i to u granicama i u skladu s ovim Ugovorom i\/ili bilo kojim drugim primjenjivim pravilima.<\/p><p>Korisnik je du\u017ean koristiti Uslugu u skladu s pravima intelektualnog i industrijskog vlasni\u0161tva Vlasnika.<\/p><p>Softver koji se odnosi na Uslugu, kao i sva druga autorska prava ili druga prava intelektualnog vlasni\u0161tva, isklju\u010divo je vlasni\u0161tvo Vlasnika i\/ili njegovih davatelja licence. Korisnik ne stje\u010de nikakvo pravo ili vlasni\u0161tvo u vezi sa Softverom i potvr\u0111uje da je njegovo kori\u0161tenje neekskluzivno i neprenosivo, samo tijekom trajanja kori\u0161tenja Usluge, putem daljinske povezivosti, putem Interneta, za pru\u017eanje Usluga prema ovom Ugovoru.<\/p><p>Pravo na kori\u0161tenje Softvera ne daje nikakva prava na izvorni k\u00f4d. Sve tehnike, algoritmi i postupci sadr\u017eani u Softveru i njihovoj dokumentaciji su informacije za\u0161ti\u0107ene autorskim pravima i isklju\u010divo su vlasni\u0161tvo Vlasnika ili njegovih davatelja licence i stoga ih Korisnik ne smije ni na koji na\u010din koristiti u svrhe koje nisu navedene u ovom Ugovoru.<\/p><p>Sva prava i licencije dodijeljene Korisniku odmah prestaju nakon bilo kakvog raskida ili isteka ovog Ugovora.<\/p><p>\u00a0<\/p><h3>Izmjene ovih Uvjeta<\/h3><p>Vlasnik zadr\u017eava pravo izmjene ovih Uvjeta u bilo kojem trenutku, obavje\u0161tavaju\u0107i Korisnike objavljivanjem obavijesti na Bestwayu.<\/p><p>Korisnici koji nastave upotrebljavati Bestway nakon objave izmjena prihva\u0107aju nove Uvjete u cijelosti.<\/p><p>\u00a0<\/p><h3>Dodjela ugovora<\/h3><p>Vlasnik zadr\u017eava pravo prijenosa, ustupanja, raspolaganja obnavljanju ili podugovaranja svih ili bilo kojih prava ili obveza prema ovim Uvjetima, sve dok to ne utje\u010de na prava Korisnika prema Uvjetima.<\/p><p>Korisnici ne smiju dodijeliti ili prenijeti svoja prava ili obveze prema ovim Uvjetima na bilo koji na\u010din bez pismenog dopu\u0161tenja Vlasnika.<\/p><p>\u00a0<\/p><h3>Kontakti<\/h3><p>Sva komunikacija koja se odnosi na Bestway mora se slati putem kontakata navedenih u ovom dokumentu.<\/p><p>\u00a0<\/p><h3>Odvojivost<\/h3><p>Ako je bilo koja odredba ovih Uvjeta neva\u017ee\u0107a ili neprovediva, ta \u0107e se klauzula ukloniti, a to ne\u0107e utjecati na preostale odredbe i one \u0107e ostati na snazi.<\/p><p>\u00a0<\/p><h3>Mjerodavno pravo i nadle\u017enost<\/h3><p>Ovi Uvjeti i svi sporovi koji se ti\u010du provedbe, tuma\u010denja i valjanosti ovog ugovora podlije\u017eu zakonu, nadle\u017enosti dr\u017eave i isklju\u010divoj nadle\u017enosti sudova u kojima Vlasnik ima svoje registrirane urede.<\/p><p>Iznimka od ovog pravila primjenjuje se u slu\u010dajevima kada zakon predvi\u0111a isklju\u010divo mjesto nadle\u017enosti za potro\u0161a\u010de.<\/p><p>\u00a0<\/p><h2>Definicije i pravne reference<\/h2><h4>Bestway (ili ova Aplikacija)<\/h4><h4>\u00a0<\/h4><p>Subjekt koja omogu\u0107uje pru\u017eanje Usluge.<\/p><p>\u00a0<\/p><h4>Ugovor<\/h4><p>Bilo koji pravno obvezuju\u0107i ili ugovorni odnos izme\u0111u Vlasnika i Korisnika, ure\u0111en ovim Uvjetima.<\/p><p>\u00a0<\/p><h4>Vlasnik (ili Mi)<\/h4><p>Ozna\u010dava fizi\u010dku osobu ili fizi\u010dke osove ili pravnu osobu koja pru\u017ea Bestway i\/ili Uslugu Korisnicima.<\/p><p>\u00a0<\/p><h4>Usluga<\/h4><p>Usluga koju pru\u017ea Bestway kako je opisano u ovim Uvjetima i na Bestwayu.<\/p><p>\u00a0<\/p><h4>Uvjeti<\/h4><p>Sve odredbe koje se primjenjuju na kori\u0161tenje Bestwaya i\/ili Usluge kako je opisano u ovom dokumentu, uklju\u010duju\u0107i sve druge povezane dokumente ili ugovore, i koje se povremeno a\u017euriraju.<\/p><p>\u00a0<\/p><h4>Korisnik (ili Vi)<\/h4><p>Ozna\u010dava bilo koju fizi\u010dku ili pravnu osobu koja koristi Bestway.<\/p>\t\t\t\t\t\t\t\t<\/div>\n\t\t\t\t<\/div>\n\t\t\t\t\t<\/div>\n\t\t\t\t<\/div>\n\t\t\t\t<\/div>\n\t\t","protected":false},"excerpt":{"rendered":"<p>Uvjeti kori\u0161tenja Bestway stranica Ovi Uvjeti reguliraju kori\u0161tenje Bestwaya, i bilo koji drugi povezani Ugovor ili pravni odnos s Vlasnikom na pravno obvezuju\u0107i na\u010din. Rije\u010di napisane velikim po\u010detnim slovom definirane su u odgovaraju\u0107em posebnom odjeljku ovog dokumenta. \u00a0 \u00a0 Korisnik mora pa\u017eljivo pro\u010ditati ovaj dokument. \u00a0 Vlasnik Bestwaya i srodnih Usluga Bestway Europe S.p.A., Via [&hellip;]<\/p>\n","protected":false},"author":9,"featured_media":0,"parent":0,"menu_order":0,"comment_status":"closed","ping_status":"closed","template":"","meta":{"_acf_changed":false,"site-sidebar-layout":"no-sidebar","site-content-layout":"page-builder","ast-site-content-layout":"full-width-container","site-content-style":"default","site-sidebar-style":"default","ast-global-header-display":"","ast-banner-title-visibility":"","ast-main-header-display":"","ast-hfb-above-header-display":"","ast-hfb-below-header-display":"","ast-hfb-mobile-header-display":"","site-post-title":"disabled","ast-breadcrumbs-content":"","ast-featured-img":"disabled","footer-sml-layout":"","ast-disable-related-posts":"","theme-transparent-header-meta":"","adv-header-id-meta":"","stick-header-meta":"","header-above-stick-meta":"","header-main-stick-meta":"","header-below-stick-meta":"","astra-migrate-meta-layouts":"set","ast-page-background-enabled":"default","ast-page-background-meta":{"desktop":{"background-color":"var(--ast-global-color-4)","background-image":"","background-repeat":"repeat","background-position":"center center","background-size":"auto","background-attachment":"scroll","background-type":"","background-media":"","overlay-type":"","overlay-color":"","overlay-opacity":"","overlay-gradient":""},"tablet":{"background-color":"","background-image":"","background-repeat":"repeat","background-position":"center center","background-size":"auto","background-attachment":"scroll","background-type":"","background-media":"","overlay-type":"","overlay-color":"","overlay-opacity":"","overlay-gradient":""},"mobile":{"background-color":"","background-image":"","background-repeat":"repeat","background-position":"center center","background-size":"auto","background-attachment":"scroll","background-type":"","background-media":"","overlay-type":"","overlay-color":"","overlay-opacity":"","overlay-gradient":""}},"ast-content-background-meta":{"desktop":{"background-color":"var(--ast-global-color-5)","background-image":"","background-repeat":"repeat","background-position":"center center","background-size":"auto","background-attachment":"scroll","background-type":"","background-media":"","overlay-type":"","overlay-color":"","overlay-opacity":"","overlay-gradient":""},"tablet":{"background-color":"var(--ast-global-color-5)","background-image":"","background-repeat":"repeat","background-position":"center center","background-size":"auto","background-attachment":"scroll","background-type":"","background-media":"","overlay-type":"","overlay-color":"","overlay-opacity":"","overlay-gradient":""},"mobile":{"background-color":"var(--ast-global-color-5)","background-image":"","background-repeat":"repeat","background-position":"center center","background-size":"auto","background-attachment":"scroll","background-type":"","background-media":"","overlay-type":"","overlay-color":"","overlay-opacity":"","overlay-gradient":""}},"footnotes":""},"class_list":["post-7394","page","type-page","status-publish","hentry"],"acf":[],"yoast_head":"<!-- This site is optimized with the Yoast SEO plugin v27.4 - https:\/\/yoast.com\/product\/yoast-seo-wordpress\/ -->\n<title>Uvjeti kori\u0161tenja - Legal<\/title>\n<meta name=\"robots\" content=\"noindex, follow, max-snippet:-1, max-image-preview:large, max-video-preview:-1\" \/>\n<meta property=\"og:locale\" content=\"hr_HR\" \/>\n<meta property=\"og:type\" content=\"article\" \/>\n<meta property=\"og:title\" content=\"Uvjeti kori\u0161tenja - Legal\" \/>\n<meta property=\"og:description\" content=\"Uvjeti kori\u0161tenja Bestway stranica Ovi Uvjeti reguliraju kori\u0161tenje Bestwaya, i bilo koji drugi povezani Ugovor ili pravni odnos s Vlasnikom na pravno obvezuju\u0107i na\u010din. Rije\u010di napisane velikim po\u010detnim slovom definirane su u odgovaraju\u0107em posebnom odjeljku ovog dokumenta. \u00a0 \u00a0 Korisnik mora pa\u017eljivo pro\u010ditati ovaj dokument. \u00a0 Vlasnik Bestwaya i srodnih Usluga Bestway Europe S.p.A., Via [&hellip;]\" \/>\n<meta property=\"og:url\" content=\"https:\/\/legal.bestway.eu\/hr-hr\/terms-of-use\/\" \/>\n<meta property=\"og:site_name\" content=\"Legal\" \/>\n<meta property=\"article:modified_time\" content=\"2025-01-02T11:16:33+00:00\" \/>\n<meta name=\"twitter:card\" content=\"summary_large_image\" \/>\n<script type=\"application\/ld+json\" class=\"yoast-schema-graph\">{\"@context\":\"https:\\\/\\\/schema.org\",\"@graph\":[{\"@type\":\"WebPage\",\"@id\":\"https:\\\/\\\/legal.bestway.eu\\\/hr-hr\\\/terms-of-use\\\/\",\"url\":\"https:\\\/\\\/legal.bestway.eu\\\/hr-hr\\\/terms-of-use\\\/\",\"name\":\"Uvjeti kori\u0161tenja - Legal\",\"isPartOf\":{\"@id\":\"https:\\\/\\\/legal.bestway.eu\\\/hr-hr\\\/#website\"},\"datePublished\":\"2024-09-09T14:55:17+00:00\",\"dateModified\":\"2025-01-02T11:16:33+00:00\",\"inLanguage\":\"hr-hr\",\"potentialAction\":[{\"@type\":\"ReadAction\",\"target\":[\"https:\\\/\\\/legal.bestway.eu\\\/hr-hr\\\/terms-of-use\\\/\"]}]},{\"@type\":\"WebSite\",\"@id\":\"https:\\\/\\\/legal.bestway.eu\\\/hr-hr\\\/#website\",\"url\":\"https:\\\/\\\/legal.bestway.eu\\\/hr-hr\\\/\",\"name\":\"Legal\",\"description\":\"Legal\",\"publisher\":{\"@id\":\"https:\\\/\\\/legal.bestway.eu\\\/hr-hr\\\/#organization\"},\"potentialAction\":[{\"@type\":\"SearchAction\",\"target\":{\"@type\":\"EntryPoint\",\"urlTemplate\":\"https:\\\/\\\/legal.bestway.eu\\\/hr-hr\\\/?s={search_term_string}\"},\"query-input\":{\"@type\":\"PropertyValueSpecification\",\"valueRequired\":true,\"valueName\":\"search_term_string\"}}],\"inLanguage\":\"hr-hr\"},{\"@type\":\"Organization\",\"@id\":\"https:\\\/\\\/legal.bestway.eu\\\/hr-hr\\\/#organization\",\"name\":\"Legal\",\"url\":\"https:\\\/\\\/legal.bestway.eu\\\/hr-hr\\\/\",\"logo\":{\"@type\":\"ImageObject\",\"inLanguage\":\"hr-hr\",\"@id\":\"https:\\\/\\\/legal.bestway.eu\\\/hr-hr\\\/#\\\/schema\\\/logo\\\/image\\\/\",\"url\":\"https:\\\/\\\/legal.bestway.eu\\\/wp-content\\\/uploads\\\/sites\\\/2\\\/2023\\\/10\\\/bw-white-logo@2x.png\",\"contentUrl\":\"https:\\\/\\\/legal.bestway.eu\\\/wp-content\\\/uploads\\\/sites\\\/2\\\/2023\\\/10\\\/bw-white-logo@2x.png\",\"width\":348,\"height\":138,\"caption\":\"Legal\"},\"image\":{\"@id\":\"https:\\\/\\\/legal.bestway.eu\\\/hr-hr\\\/#\\\/schema\\\/logo\\\/image\\\/\"}}]}<\/script>\n<!-- \/ Yoast SEO plugin. -->","yoast_head_json":{"title":"Uvjeti kori\u0161tenja - Legal","robots":{"index":"noindex","follow":"follow","max-snippet":"max-snippet:-1","max-image-preview":"max-image-preview:large","max-video-preview":"max-video-preview:-1"},"og_locale":"hr_HR","og_type":"article","og_title":"Uvjeti kori\u0161tenja - Legal","og_description":"Uvjeti kori\u0161tenja Bestway stranica Ovi Uvjeti reguliraju kori\u0161tenje Bestwaya, i bilo koji drugi povezani Ugovor ili pravni odnos s Vlasnikom na pravno obvezuju\u0107i na\u010din. Rije\u010di napisane velikim po\u010detnim slovom definirane su u odgovaraju\u0107em posebnom odjeljku ovog dokumenta. \u00a0 \u00a0 Korisnik mora pa\u017eljivo pro\u010ditati ovaj dokument. \u00a0 Vlasnik Bestwaya i srodnih Usluga Bestway Europe S.p.A., Via [&hellip;]","og_url":"https:\/\/legal.bestway.eu\/hr-hr\/terms-of-use\/","og_site_name":"Legal","article_modified_time":"2025-01-02T11:16:33+00:00","twitter_card":"summary_large_image","schema":{"@context":"https:\/\/schema.org","@graph":[{"@type":"WebPage","@id":"https:\/\/legal.bestway.eu\/hr-hr\/terms-of-use\/","url":"https:\/\/legal.bestway.eu\/hr-hr\/terms-of-use\/","name":"Uvjeti kori\u0161tenja - Legal","isPartOf":{"@id":"https:\/\/legal.bestway.eu\/hr-hr\/#website"},"datePublished":"2024-09-09T14:55:17+00:00","dateModified":"2025-01-02T11:16:33+00:00","inLanguage":"hr-hr","potentialAction":[{"@type":"ReadAction","target":["https:\/\/legal.bestway.eu\/hr-hr\/terms-of-use\/"]}]},{"@type":"WebSite","@id":"https:\/\/legal.bestway.eu\/hr-hr\/#website","url":"https:\/\/legal.bestway.eu\/hr-hr\/","name":"Legal","description":"Legal","publisher":{"@id":"https:\/\/legal.bestway.eu\/hr-hr\/#organization"},"potentialAction":[{"@type":"SearchAction","target":{"@type":"EntryPoint","urlTemplate":"https:\/\/legal.bestway.eu\/hr-hr\/?s={search_term_string}"},"query-input":{"@type":"PropertyValueSpecification","valueRequired":true,"valueName":"search_term_string"}}],"inLanguage":"hr-hr"},{"@type":"Organization","@id":"https:\/\/legal.bestway.eu\/hr-hr\/#organization","name":"Legal","url":"https:\/\/legal.bestway.eu\/hr-hr\/","logo":{"@type":"ImageObject","inLanguage":"hr-hr","@id":"https:\/\/legal.bestway.eu\/hr-hr\/#\/schema\/logo\/image\/","url":"https:\/\/legal.bestway.eu\/wp-content\/uploads\/sites\/2\/2023\/10\/bw-white-logo@2x.png","contentUrl":"https:\/\/legal.bestway.eu\/wp-content\/uploads\/sites\/2\/2023\/10\/bw-white-logo@2x.png","width":348,"height":138,"caption":"Legal"},"image":{"@id":"https:\/\/legal.bestway.eu\/hr-hr\/#\/schema\/logo\/image\/"}}]}},"_links":{"self":[{"href":"https:\/\/legal.bestway.eu\/hr-hr\/wp-json\/wp\/v2\/pages\/7394","targetHints":{"allow":["GET"]}}],"collection":[{"href":"https:\/\/legal.bestway.eu\/hr-hr\/wp-json\/wp\/v2\/pages"}],"about":[{"href":"https:\/\/legal.bestway.eu\/hr-hr\/wp-json\/wp\/v2\/types\/page"}],"author":[{"embeddable":true,"href":"https:\/\/legal.bestway.eu\/hr-hr\/wp-json\/wp\/v2\/users\/9"}],"replies":[{"embeddable":true,"href":"https:\/\/legal.bestway.eu\/hr-hr\/wp-json\/wp\/v2\/comments?post=7394"}],"version-history":[{"count":4,"href":"https:\/\/legal.bestway.eu\/hr-hr\/wp-json\/wp\/v2\/pages\/7394\/revisions"}],"predecessor-version":[{"id":7399,"href":"https:\/\/legal.bestway.eu\/hr-hr\/wp-json\/wp\/v2\/pages\/7394\/revisions\/7399"}],"wp:attachment":[{"href":"https:\/\/legal.bestway.eu\/hr-hr\/wp-json\/wp\/v2\/media?parent=7394"}],"curies":[{"name":"wp","href":"https:\/\/api.w.org\/{rel}","templated":true}]}}