{"id":7270,"date":"2023-10-24T12:37:41","date_gmt":"2023-10-24T10:37:41","guid":{"rendered":"https:\/\/legal.bestway.eu\/?page_id=7270"},"modified":"2024-12-11T12:40:50","modified_gmt":"2024-12-11T11:40:50","slug":"privacy-notice","status":"publish","type":"page","link":"https:\/\/legal.bestway.eu\/hr-hr\/privacy-notice\/","title":{"rendered":"Informacije o privatnosti &#8211; GDPR"},"content":{"rendered":"\t\t<div data-elementor-type=\"wp-page\" data-elementor-id=\"7270\" class=\"elementor elementor-7270\" data-elementor-post-type=\"page\">\n\t\t\t\t<div class=\"elementor-element elementor-element-4233c87e e-flex e-con-boxed e-con e-parent\" data-id=\"4233c87e\" data-element_type=\"container\" data-e-type=\"container\">\n\t\t\t\t\t<div class=\"e-con-inner\">\n\t\t\t\t<div class=\"elementor-element elementor-element-eeb32c3 elementor-widget elementor-widget-menu-anchor\" data-id=\"eeb32c3\" data-element_type=\"widget\" data-e-type=\"widget\" data-widget_type=\"menu-anchor.default\">\n\t\t\t\t<div class=\"elementor-widget-container\">\n\t\t\t\t\t\t\t<div class=\"elementor-menu-anchor\" id=\"BoxNewsletter\"><\/div>\n\t\t\t\t\t\t<\/div>\n\t\t\t\t<\/div>\n\t\t\t\t<div class=\"elementor-element elementor-element-3c097587 elementor-widget elementor-widget-heading\" data-id=\"3c097587\" data-element_type=\"widget\" data-e-type=\"widget\" data-widget_type=\"heading.default\">\n\t\t\t\t<div class=\"elementor-widget-container\">\n\t\t\t\t\t<h2 class=\"elementor-heading-title elementor-size-default\">Marketing<\/h2>\t\t\t\t<\/div>\n\t\t\t\t<\/div>\n\t\t\t\t<div class=\"elementor-element elementor-element-375d8ec elementor-widget elementor-widget-text-editor\" data-id=\"375d8ec\" data-element_type=\"widget\" data-e-type=\"widget\" data-widget_type=\"text-editor.default\">\n\t\t\t\t<div class=\"elementor-widget-container\">\n\t\t\t\t\t\t\t\t\t<p>pravila u skladu s Uredbom (EU) 2016\/679 (GDPR) kao izmjene i dopune te uredbe<\/p><p>Voditelj obrade podataka: BESTWAY EUROPE S.P.A., sa sjedi\u0161tem na adresi San Giuliano Milanese (Mi), via Resistenza 5 (\u201eBESTWAY\u201d), Italiji.<\/p><p>SZP: <a href=\"mailto:privacy@bestwaycorp.eu\">privacy@bestwaycorp.eu<\/a><\/p><p>Voditelj obrade podataka obra\u0111uje sljede\u0107e podatke:<\/p><p>Podlo\u017eno va\u0161oj privoli, ozna\u010davanjem odgovaraju\u0107eg okvira, voditelj obrade podataka obra\u0111ivat \u0107e va\u0161e podatke u marketin\u0161ke svrhe kako bi vam slao biltene koji sadr\u017ee informacije i novosti o proizvodima, uslugama, doga\u0111ajima i ponudama dru\u0161tva BESTWAY. Pravna osnova za obradu podataka koje ste dali va\u0161a je dobrovoljna i neobavezna privola, a svako odbijanje davanja takve privole samo \u0107e vas sprije\u010diti da primite prethodno opisane komunikacije.<\/p><p>Va\u0161i \u0107e se podaci obra\u0111ivati u papirnatom i elektroni\u010dkom obliku u skladu s va\u017ee\u0107im zakonodavstvom o za\u0161titi osobnih podataka (Uredba (EU) 679\/2016 ili \u201eGDPR\u201d kako je izmijenjena i dopunjena). Osobni podaci koje navedete mogu se otkriti tre\u0107im stranama, kao \u0161to su osobe, udru\u017eenja, stru\u010dna poduze\u0107a i dru\u0161tva koja pru\u017eaju usluge savjetovanja i podr\u0161ke te aktivnosti dru\u0161tvu BESTWAY (uklju\u010duju\u0107i dru\u0161tva grupacije BESTWAY koja se mogu nalaziti izvan EU-a), u svojstvu izvr\u0161itelja obrade podataka ako su propisno imenovani i pod uvjetom da postoje odgovaraju\u0107e za\u0161titne mjere za za\u0161titu osobnih podataka, zajedni\u010dkim voditeljima obrade podataka ili neovisnim voditeljima obrade podataka, kao i osoblju dru\u0161tva BESTWAY imenovano kao izvr\u0161itelji obrade podataka isklju\u010divo u prethodno opisane svrhe. Potpuni popis voditelja obrade ili izvr\u0161itelja obrade podataka kojima se podaci mogu otkriti dostupan je na zahtjev.<\/p><p>S obzirom na marketin\u0161ke va\u0161i \u0107e se podaci \u010duvati najvi\u0161e osam godina od trenutka kada date svoje dopu\u0161tenje. Kupci mogu otkazati pretplatu na uslugu biltena u bilo kojem trenutku tako da kliknu na poveznicu \u201eotka\u017ei pretplatu\u201d koja se nalazi u svakoj poruci e-po\u0161te ili slanjem poruke e-po\u0161te na <a href=\"mailto:privacy@bestwaycorp.eu\">privacy@bestwaycorp.eu<\/a>.<\/p><p>U svakom trenutku mo\u017eete ostvariti sva prava navedena u \u010dl. 15. i dalje Uredbe, uklju\u010duju\u0107i, osobito, pravo na pristup svojim osobnim podacima, pravo na ispravak, pravo na brisanje, pravo na prigovor na njihovu obradu, pravo na prijenos podataka i pravo na podno\u0161enje prigovora Tijelu za za\u0161titu osobnih podataka imenovanom u va\u0161oj zemlji (<a href=\"https:\/\/edpb.europa.eu\/about-edpb\/board\/members_hr\" target=\"_blank\" rel=\"noopener\">https:\/\/edpb.europa.eu\/about-edpb\/board\/members_hr<\/a>).<\/p><p>Navedena prava mogu se ostvariti slanjem poruke e-po\u0161te na sljede\u0107u adresu <a href=\"mailto:privacy@bestwaycorp.eu\">privacy@bestwaycorp.eu<\/a><\/p>\t\t\t\t\t\t\t\t<\/div>\n\t\t\t\t<\/div>\n\t\t\t\t\t<\/div>\n\t\t\t\t<\/div>\n\t\t<div class=\"elementor-element elementor-element-fc9e459 e-flex e-con-boxed e-con e-parent\" data-id=\"fc9e459\" data-element_type=\"container\" data-e-type=\"container\">\n\t\t\t\t\t<div class=\"e-con-inner\">\n\t\t\t\t<div class=\"elementor-element elementor-element-4ff1b8f6 elementor-widget elementor-widget-menu-anchor\" data-id=\"4ff1b8f6\" data-element_type=\"widget\" data-e-type=\"widget\" data-widget_type=\"menu-anchor.default\">\n\t\t\t\t<div class=\"elementor-widget-container\">\n\t\t\t\t\t\t\t<div class=\"elementor-menu-anchor\" id=\"Sitoassistenza\"><\/div>\n\t\t\t\t\t\t<\/div>\n\t\t\t\t<\/div>\n\t\t\t\t<div class=\"elementor-element elementor-element-33a4a549 elementor-widget elementor-widget-heading\" data-id=\"33a4a549\" data-element_type=\"widget\" data-e-type=\"widget\" data-widget_type=\"heading.default\">\n\t\t\t\t<div class=\"elementor-widget-container\">\n\t\t\t\t\t<h2 class=\"elementor-heading-title elementor-size-default\">Stranica za podr\u0161ku<\/h2>\t\t\t\t<\/div>\n\t\t\t\t<\/div>\n\t\t\t\t<div class=\"elementor-element elementor-element-10d7938d elementor-widget elementor-widget-text-editor\" data-id=\"10d7938d\" data-element_type=\"widget\" data-e-type=\"widget\" data-widget_type=\"text-editor.default\">\n\t\t\t\t<div class=\"elementor-widget-container\">\n\t\t\t\t\t\t\t\t\t<p>pravila u skladu s Uredbom (EU) 2016\/679 (GDPR) kao izmjene i dopune te uredbe<\/p><p>Voditelj obrade podataka: BESTWAY EUROPE S.P.A., sa sjedi\u0161tem na adresi San Giuliano Milanese (Mi), via Resistenza 5 (\u201eBESTWAY\u201d), Italiji.<\/p><p>SZP: <a href=\"mailto:privacy@bestwaycorp.eu\">privacy@bestwaycorp.eu<\/a><\/p><p>Voditelj obrade podataka obra\u0111uje sljede\u0107e podatke:<\/p><p>i) Ime i prezime, adresa e-po\u0161te, adresa za isporuku i broj telefona u svrhu pru\u017eanja usluge upravljanja pritu\u017ebama uz otvaranje personaliziranog ra\u010duna na mre\u017enom mjestu BESTWAY, kojem mo\u017eete pristupiti unosom korisni\u010dkog imena i lozinke koji \u0107e vam biti poslani e-po\u0161tom (lozinka se mijenja nakon prvog pristupa), kao i preuzimanja odgovornosti i pravilnog upravljanja va\u0161im prijavama nekvalitetne usluge te u administrativne i ra\u010dunovodstvene svrhe (radi ispunjavanja zakonskih ili regulatornih obveza).<\/p><p>ii)\u00a0u marketin\u0161ke svrhe, za slanje biltena koji sadr\u017ee informacije i novosti o proizvodima, uslugama, doga\u0111ajima i ponudama dru\u0161tva BESTWAY, podlo\u017eno va\u0161oj privoli, ozna\u010davanjem odgovaraju\u0107eg okvira<\/p><p>iii) uz va\u0161u privolu, ozna\u010davanjem odgovaraju\u0107eg okvira, u statisti\u010dke svrhe mogu se prikupljati informacije kao \u0161to su spol, dobni raspon, status zaposlenja, motivacija za kupnju proizvoda, na\u010din kupnje proizvoda i broj djece u ku\u0107anstvu. BESTWAY prikuplja te podatke kako bi dobio agregirani prikaz svojih kupaca bez poku\u0161aja predvi\u0111anja ili dono\u0161enja specifi\u010dnih zaklju\u010daka koji se odnose na vas jer svrha nije procijeniti pojedina\u010dne karakteristike<\/p><p>iv) uz va\u0161u privolu, ozna\u010davanjem odgovaraju\u0107eg okvira, mo\u017eemo vam porukom e-po\u0161te poslati zahtjev za pridru\u017eivanje anketi o na\u0161im proizvodima i va\u0161em iskustvu s njihovom upotrebom<\/p><p>Pravna osnova za obradu podataka iz to\u010dke (i) uspostava je i izvr\u0161enje ugovornih\/komercijalnih uvjeta i primjenjivih zakonskih odredbi, a ti su podaci obvezni i odbijanje njihovog slanja mo\u017ee sprije\u010diti BESTWAY od ispunjavanja tra\u017eene usluge. Kad je rije\u010d o to\u010dkama (ii), (iii) i (iv) pravna osnova za ovu obradu va\u0161a je dobrovoljna i neobavezna privola, a svako odbijanje davanja takve privole samo \u0107e vas sprije\u010diti da primite prethodno navedene komunikacije.<\/p><p>Va\u0161i \u0107e se podaci obra\u0111ivati u papirnatom i elektroni\u010dkom obliku u skladu s va\u017ee\u0107im zakonodavstvom o za\u0161titi osobnih podataka (Uredba (EU) 679\/2016 ili \u201eGDPR\u201d kako je izmijenjena i dopunjena). Osobni podaci koje navedete mogu se otkriti tre\u0107im stranama, kao \u0161to su osobe, udru\u017eenja, stru\u010dna poduze\u0107a i dru\u0161tva koja pru\u017eaju usluge savjetovanja i podr\u0161ke te aktivnosti dru\u0161tvu BESTWAY (uklju\u010duju\u0107i dru\u0161tva grupacije BESTWAY koja se mogu nalaziti izvan EU-a), u svojstvu izvr\u0161itelja obrade podataka ako su propisno imenovani i pod uvjetom da postoje odgovaraju\u0107e za\u0161titne mjere za za\u0161titu osobnih podataka, zajedni\u010dkim voditeljima obrade podataka ili neovisnim voditeljima obrade podataka, kao i osoblju dru\u0161tva BESTWAY imenovano kao izvr\u0161itelji obrade podataka isklju\u010divo u prethodno opisane svrhe. Potpuni popis voditelja obrade ili izvr\u0161itelja obrade podataka kojima se podaci mogu otkriti dostupan je na zahtjev.<\/p><p>Za potrebe upravljanja prigovorima opisanim u to\u010dki (i) va\u0161i \u0107e se podaci zadr\u017eati \u010dak i nakon raskida ugovornog\/komercijalnog odnosa s dru\u0161tvom BESTWAY radi ispunjenja svih obveza koje se odnose na sklapanje odnosa ili proizlaze iz sklapanja odnosa, uklju\u010duju\u0107i one koje se odnose na zakonske obveze i zastare predvi\u0111ene u tu svrhu mjerodavnim pravom, a u svakom slu\u010daju ne dulje od 10 godina.<\/p><p>S obzirom na marketin\u0161ke svrhe opisane u to\u010dki (ii), va\u0161i \u0107e se podaci \u010duvati najvi\u0161e osam godina od trenutka kada date svoje dopu\u0161tenje. Kupci mogu otkazati pretplatu na uslugu biltena u bilo kojem trenutku tako da kliknu na poveznicu \u201eotka\u017ei pretplatu\u201d koja se nalazi u svakoj poruci e-po\u0161te ili slanjem poruke e-po\u0161te na <a href=\"mailto:privacy@bestwaycorp.eu\">privacy@bestwaycorp.eu<\/a>.<\/p><p>Za potrebe statistike i anketa opisanih u to\u010dkama (iii) i (iv) va\u0161i \u0107e se podaci pohranjivati do osam godina od datuma kada primimo va\u0161u privolu.<\/p><p>U svakom trenutku mo\u017eete ostvariti sva prava navedena u \u010dl. 15. i dalje Uredbe, uklju\u010duju\u0107i, osobito, pravo na pristup svojim osobnim podacima, pravo na ispravak, pravo na brisanje, pravo na prigovor na njihovu obradu, pravo na prijenos podataka i pravo na podno\u0161enje prigovora Tijelu za za\u0161titu osobnih podataka imenovanom u va\u0161oj zemlji (<a href=\"https:\/\/edpb.europa.eu\/about-edpb\/board\/members_hr\" target=\"_blank\" rel=\"noopener\">https:\/\/edpb.europa.eu\/about-edpb\/board\/members_hr<\/a>).<\/p><p>Navedena prava mogu se ostvariti slanjem poruke e-po\u0161te na sljede\u0107u adresu <a href=\"mailto:privacy@bestwaycorp.eu\">privacy@bestwaycorp.eu<\/a><\/p>\t\t\t\t\t\t\t\t<\/div>\n\t\t\t\t<\/div>\n\t\t\t\t\t<\/div>\n\t\t\t\t<\/div>\n\t\t\t\t<\/div>\n\t\t","protected":false},"excerpt":{"rendered":"<p>Marketing pravila u skladu s Uredbom (EU) 2016\/679 (GDPR) kao izmjene i dopune te uredbe Voditelj obrade podataka: BESTWAY EUROPE S.P.A., sa sjedi\u0161tem na adresi San Giuliano Milanese (Mi), via Resistenza 5 (\u201eBESTWAY\u201d), Italiji. SZP: privacy@bestwaycorp.eu Voditelj obrade podataka obra\u0111uje sljede\u0107e podatke: Podlo\u017eno va\u0161oj privoli, ozna\u010davanjem odgovaraju\u0107eg okvira, voditelj obrade podataka obra\u0111ivat \u0107e va\u0161e podatke [&hellip;]<\/p>\n","protected":false},"author":9,"featured_media":0,"parent":0,"menu_order":0,"comment_status":"closed","ping_status":"closed","template":"","meta":{"_acf_changed":false,"site-sidebar-layout":"no-sidebar","site-content-layout":"page-builder","ast-site-content-layout":"full-width-container","site-content-style":"default","site-sidebar-style":"default","ast-global-header-display":"","ast-banner-title-visibility":"","ast-main-header-display":"","ast-hfb-above-header-display":"","ast-hfb-below-header-display":"","ast-hfb-mobile-header-display":"","site-post-title":"","ast-breadcrumbs-content":"","ast-featured-img":"disabled","footer-sml-layout":"","ast-disable-related-posts":"","theme-transparent-header-meta":"","adv-header-id-meta":"","stick-header-meta":"","header-above-stick-meta":"","header-main-stick-meta":"","header-below-stick-meta":"","astra-migrate-meta-layouts":"set","ast-page-background-enabled":"default","ast-page-background-meta":{"desktop":{"background-color":"var(--ast-global-color-4)","background-image":"","background-repeat":"repeat","background-position":"center center","background-size":"auto","background-attachment":"scroll","background-type":"","background-media":"","overlay-type":"","overlay-color":"","overlay-opacity":"","overlay-gradient":""},"tablet":{"background-color":"","background-image":"","background-repeat":"repeat","background-position":"center center","background-size":"auto","background-attachment":"scroll","background-type":"","background-media":"","overlay-type":"","overlay-color":"","overlay-opacity":"","overlay-gradient":""},"mobile":{"background-color":"","background-image":"","background-repeat":"repeat","background-position":"center center","background-size":"auto","background-attachment":"scroll","background-type":"","background-media":"","overlay-type":"","overlay-color":"","overlay-opacity":"","overlay-gradient":""}},"ast-content-background-meta":{"desktop":{"background-color":"var(--ast-global-color-5)","background-image":"","background-repeat":"repeat","background-position":"center center","background-size":"auto","background-attachment":"scroll","background-type":"","background-media":"","overlay-type":"","overlay-color":"","overlay-opacity":"","overlay-gradient":""},"tablet":{"background-color":"var(--ast-global-color-5)","background-image":"","background-repeat":"repeat","background-position":"center center","background-size":"auto","background-attachment":"scroll","background-type":"","background-media":"","overlay-type":"","overlay-color":"","overlay-opacity":"","overlay-gradient":""},"mobile":{"background-color":"var(--ast-global-color-5)","background-image":"","background-repeat":"repeat","background-position":"center center","background-size":"auto","background-attachment":"scroll","background-type":"","background-media":"","overlay-type":"","overlay-color":"","overlay-opacity":"","overlay-gradient":""}},"footnotes":""},"class_list":["post-7270","page","type-page","status-publish","hentry"],"acf":[],"yoast_head":"<!-- This site is optimized with the Yoast SEO plugin v27.4 - https:\/\/yoast.com\/product\/yoast-seo-wordpress\/ -->\n<title>Informacije o privatnosti - GDPR - Legal<\/title>\n<meta name=\"robots\" content=\"noindex, follow, max-snippet:-1, max-image-preview:large, max-video-preview:-1\" \/>\n<meta property=\"og:locale\" content=\"hr_HR\" \/>\n<meta property=\"og:type\" content=\"article\" \/>\n<meta property=\"og:title\" content=\"Informacije o privatnosti - GDPR - Legal\" \/>\n<meta property=\"og:description\" content=\"Marketing pravila u skladu s Uredbom (EU) 2016\/679 (GDPR) kao izmjene i dopune te uredbe Voditelj obrade podataka: BESTWAY EUROPE S.P.A., sa sjedi\u0161tem na adresi San Giuliano Milanese (Mi), via Resistenza 5 (\u201eBESTWAY\u201d), Italiji. SZP: privacy@bestwaycorp.eu Voditelj obrade podataka obra\u0111uje sljede\u0107e podatke: Podlo\u017eno va\u0161oj privoli, ozna\u010davanjem odgovaraju\u0107eg okvira, voditelj obrade podataka obra\u0111ivat \u0107e va\u0161e podatke [&hellip;]\" \/>\n<meta property=\"og:url\" content=\"https:\/\/legal.bestway.eu\/hr-hr\/privacy-notice\/\" \/>\n<meta property=\"og:site_name\" content=\"Legal\" \/>\n<meta property=\"article:modified_time\" content=\"2024-12-11T11:40:50+00:00\" \/>\n<meta name=\"twitter:card\" content=\"summary_large_image\" \/>\n<meta name=\"twitter:label1\" content=\"Est. reading time\" \/>\n\t<meta name=\"twitter:data1\" content=\"6 minutes\" \/>\n<script type=\"application\/ld+json\" class=\"yoast-schema-graph\">{\"@context\":\"https:\\\/\\\/schema.org\",\"@graph\":[{\"@type\":\"WebPage\",\"@id\":\"https:\\\/\\\/legal.bestway.eu\\\/hr-hr\\\/privacy-notice\\\/\",\"url\":\"https:\\\/\\\/legal.bestway.eu\\\/hr-hr\\\/privacy-notice\\\/\",\"name\":\"Informacije o privatnosti - GDPR - Legal\",\"isPartOf\":{\"@id\":\"https:\\\/\\\/legal.bestway.eu\\\/hr-hr\\\/#website\"},\"datePublished\":\"2023-10-24T10:37:41+00:00\",\"dateModified\":\"2024-12-11T11:40:50+00:00\",\"inLanguage\":\"hr-hr\",\"potentialAction\":[{\"@type\":\"ReadAction\",\"target\":[\"https:\\\/\\\/legal.bestway.eu\\\/hr-hr\\\/privacy-notice\\\/\"]}]},{\"@type\":\"WebSite\",\"@id\":\"https:\\\/\\\/legal.bestway.eu\\\/hr-hr\\\/#website\",\"url\":\"https:\\\/\\\/legal.bestway.eu\\\/hr-hr\\\/\",\"name\":\"Legal\",\"description\":\"Legal\",\"publisher\":{\"@id\":\"https:\\\/\\\/legal.bestway.eu\\\/hr-hr\\\/#organization\"},\"potentialAction\":[{\"@type\":\"SearchAction\",\"target\":{\"@type\":\"EntryPoint\",\"urlTemplate\":\"https:\\\/\\\/legal.bestway.eu\\\/hr-hr\\\/?s={search_term_string}\"},\"query-input\":{\"@type\":\"PropertyValueSpecification\",\"valueRequired\":true,\"valueName\":\"search_term_string\"}}],\"inLanguage\":\"hr-hr\"},{\"@type\":\"Organization\",\"@id\":\"https:\\\/\\\/legal.bestway.eu\\\/hr-hr\\\/#organization\",\"name\":\"Legal\",\"url\":\"https:\\\/\\\/legal.bestway.eu\\\/hr-hr\\\/\",\"logo\":{\"@type\":\"ImageObject\",\"inLanguage\":\"hr-hr\",\"@id\":\"https:\\\/\\\/legal.bestway.eu\\\/hr-hr\\\/#\\\/schema\\\/logo\\\/image\\\/\",\"url\":\"https:\\\/\\\/legal.bestway.eu\\\/wp-content\\\/uploads\\\/sites\\\/2\\\/2023\\\/10\\\/bw-white-logo@2x.png\",\"contentUrl\":\"https:\\\/\\\/legal.bestway.eu\\\/wp-content\\\/uploads\\\/sites\\\/2\\\/2023\\\/10\\\/bw-white-logo@2x.png\",\"width\":348,\"height\":138,\"caption\":\"Legal\"},\"image\":{\"@id\":\"https:\\\/\\\/legal.bestway.eu\\\/hr-hr\\\/#\\\/schema\\\/logo\\\/image\\\/\"}}]}<\/script>\n<!-- \/ Yoast SEO plugin. -->","yoast_head_json":{"title":"Informacije o privatnosti - GDPR - Legal","robots":{"index":"noindex","follow":"follow","max-snippet":"max-snippet:-1","max-image-preview":"max-image-preview:large","max-video-preview":"max-video-preview:-1"},"og_locale":"hr_HR","og_type":"article","og_title":"Informacije o privatnosti - GDPR - Legal","og_description":"Marketing pravila u skladu s Uredbom (EU) 2016\/679 (GDPR) kao izmjene i dopune te uredbe Voditelj obrade podataka: BESTWAY EUROPE S.P.A., sa sjedi\u0161tem na adresi San Giuliano Milanese (Mi), via Resistenza 5 (\u201eBESTWAY\u201d), Italiji. SZP: privacy@bestwaycorp.eu Voditelj obrade podataka obra\u0111uje sljede\u0107e podatke: Podlo\u017eno va\u0161oj privoli, ozna\u010davanjem odgovaraju\u0107eg okvira, voditelj obrade podataka obra\u0111ivat \u0107e va\u0161e podatke [&hellip;]","og_url":"https:\/\/legal.bestway.eu\/hr-hr\/privacy-notice\/","og_site_name":"Legal","article_modified_time":"2024-12-11T11:40:50+00:00","twitter_card":"summary_large_image","twitter_misc":{"Est. reading time":"6 minutes"},"schema":{"@context":"https:\/\/schema.org","@graph":[{"@type":"WebPage","@id":"https:\/\/legal.bestway.eu\/hr-hr\/privacy-notice\/","url":"https:\/\/legal.bestway.eu\/hr-hr\/privacy-notice\/","name":"Informacije o privatnosti - GDPR - Legal","isPartOf":{"@id":"https:\/\/legal.bestway.eu\/hr-hr\/#website"},"datePublished":"2023-10-24T10:37:41+00:00","dateModified":"2024-12-11T11:40:50+00:00","inLanguage":"hr-hr","potentialAction":[{"@type":"ReadAction","target":["https:\/\/legal.bestway.eu\/hr-hr\/privacy-notice\/"]}]},{"@type":"WebSite","@id":"https:\/\/legal.bestway.eu\/hr-hr\/#website","url":"https:\/\/legal.bestway.eu\/hr-hr\/","name":"Legal","description":"Legal","publisher":{"@id":"https:\/\/legal.bestway.eu\/hr-hr\/#organization"},"potentialAction":[{"@type":"SearchAction","target":{"@type":"EntryPoint","urlTemplate":"https:\/\/legal.bestway.eu\/hr-hr\/?s={search_term_string}"},"query-input":{"@type":"PropertyValueSpecification","valueRequired":true,"valueName":"search_term_string"}}],"inLanguage":"hr-hr"},{"@type":"Organization","@id":"https:\/\/legal.bestway.eu\/hr-hr\/#organization","name":"Legal","url":"https:\/\/legal.bestway.eu\/hr-hr\/","logo":{"@type":"ImageObject","inLanguage":"hr-hr","@id":"https:\/\/legal.bestway.eu\/hr-hr\/#\/schema\/logo\/image\/","url":"https:\/\/legal.bestway.eu\/wp-content\/uploads\/sites\/2\/2023\/10\/bw-white-logo@2x.png","contentUrl":"https:\/\/legal.bestway.eu\/wp-content\/uploads\/sites\/2\/2023\/10\/bw-white-logo@2x.png","width":348,"height":138,"caption":"Legal"},"image":{"@id":"https:\/\/legal.bestway.eu\/hr-hr\/#\/schema\/logo\/image\/"}}]}},"_links":{"self":[{"href":"https:\/\/legal.bestway.eu\/hr-hr\/wp-json\/wp\/v2\/pages\/7270","targetHints":{"allow":["GET"]}}],"collection":[{"href":"https:\/\/legal.bestway.eu\/hr-hr\/wp-json\/wp\/v2\/pages"}],"about":[{"href":"https:\/\/legal.bestway.eu\/hr-hr\/wp-json\/wp\/v2\/types\/page"}],"author":[{"embeddable":true,"href":"https:\/\/legal.bestway.eu\/hr-hr\/wp-json\/wp\/v2\/users\/9"}],"replies":[{"embeddable":true,"href":"https:\/\/legal.bestway.eu\/hr-hr\/wp-json\/wp\/v2\/comments?post=7270"}],"version-history":[{"count":4,"href":"https:\/\/legal.bestway.eu\/hr-hr\/wp-json\/wp\/v2\/pages\/7270\/revisions"}],"predecessor-version":[{"id":7276,"href":"https:\/\/legal.bestway.eu\/hr-hr\/wp-json\/wp\/v2\/pages\/7270\/revisions\/7276"}],"wp:attachment":[{"href":"https:\/\/legal.bestway.eu\/hr-hr\/wp-json\/wp\/v2\/media?parent=7270"}],"curies":[{"name":"wp","href":"https:\/\/api.w.org\/{rel}","templated":true}]}}