{"id":8243,"date":"2025-06-09T15:47:15","date_gmt":"2025-06-09T13:47:15","guid":{"rendered":"https:\/\/legal.bestway.eu\/?page_id=8243"},"modified":"2025-12-18T11:38:21","modified_gmt":"2025-12-18T10:38:21","slug":"accessibility","status":"publish","type":"page","link":"https:\/\/legal.bestway.eu\/fr-fr\/accessibility\/","title":{"rendered":"Accessibilit\u00e9"},"content":{"rendered":"\t\t<div data-elementor-type=\"wp-page\" data-elementor-id=\"8243\" class=\"elementor elementor-8243\" data-elementor-post-type=\"page\">\n\t\t\t\t<div class=\"elementor-element elementor-element-5af0347b e-flex e-con-boxed e-con e-parent\" data-id=\"5af0347b\" data-element_type=\"container\" data-e-type=\"container\">\n\t\t\t\t\t<div class=\"e-con-inner\">\n\t\t\t\t<div class=\"elementor-element elementor-element-aa16122 elementor-widget elementor-widget-text-editor\" data-id=\"aa16122\" data-element_type=\"widget\" data-e-type=\"widget\" data-widget_type=\"text-editor.default\">\n\t\t\t\t<div class=\"elementor-widget-container\">\n\t\t\t\t\t\t\t\t\t<p>Nous pensons qu&#8217;Internet doit \u00eatre accessible \u00e0 tous et nous nous engageons \u00e0 proposer un site web accessible au plus grand nombre.<\/p><p>Nous suivons <strong><a href=\"https:\/\/www.w3.org\/Translations\/WCAG21-fr\/\" target=\"_blank\" rel=\"noopener\">les R\u00e8gles pour l&#8217;accessibilit\u00e9 des contenus web 2.1 (WCAG 2.1) du World Wide Web Consortium (W3C).<\/a><\/strong> Ces r\u00e8gles expliquent comment rendre le contenu web accessible \u00e0 un large \u00e9ventail d&#8217;utilisateurs ayant des besoins diff\u00e9rents. Le respect de ces r\u00e8gles nous permet de garantir l&#8217;accessibilit\u00e9 de nos sites web au plus grand nombre.<\/p>\t\t\t\t\t\t\t\t<\/div>\n\t\t\t\t<\/div>\n\t\t\t\t<div class=\"elementor-element elementor-element-2683ea5 elementor-widget elementor-widget-heading\" data-id=\"2683ea5\" data-element_type=\"widget\" data-e-type=\"widget\" data-widget_type=\"heading.default\">\n\t\t\t\t<div class=\"elementor-widget-container\">\n\t\t\t\t\t<h2 class=\"elementor-heading-title elementor-size-default\">D\u00e9claration d'accessibilit\u00e9<\/h2>\t\t\t\t<\/div>\n\t\t\t\t<\/div>\n\t\t\t\t<div class=\"elementor-element elementor-element-758ab39 elementor-widget elementor-widget-n-accordion\" data-id=\"758ab39\" data-element_type=\"widget\" data-e-type=\"widget\" data-settings=\"{&quot;max_items_expended&quot;:&quot;multiple&quot;,&quot;default_state&quot;:&quot;expanded&quot;,&quot;n_accordion_animation_duration&quot;:{&quot;unit&quot;:&quot;ms&quot;,&quot;size&quot;:400,&quot;sizes&quot;:[]}}\" data-widget_type=\"nested-accordion.default\">\n\t\t\t\t<div class=\"elementor-widget-container\">\n\t\t\t\t\t\t\t<div class=\"e-n-accordion\" aria-label=\"Accordion. Open links with Enter or Space, close with Escape, and navigate with Arrow Keys\">\n\t\t\t\t\t\t<details id=\"e-n-accordion-item-1230\" class=\"e-n-accordion-item\" open>\n\t\t\t\t<summary class=\"e-n-accordion-item-title\" data-accordion-index=\"1\" tabindex=\"0\" aria-expanded=\"true\" aria-controls=\"e-n-accordion-item-1230\" >\n\t\t\t\t\t<span class='e-n-accordion-item-title-header'><div class=\"e-n-accordion-item-title-text\"> Site d'assistance (support.bestway.eu) <\/div><\/span>\n\t\t\t\t\t\t\t<span class='e-n-accordion-item-title-icon'>\n\t\t\t<span class='e-opened' ><i aria-hidden=\"true\" class=\"fas fa-minus\"><\/i><\/span>\n\t\t\t<span class='e-closed'><i aria-hidden=\"true\" class=\"fas fa-plus\"><\/i><\/span>\n\t\t<\/span>\n\n\t\t\t\t\t\t<\/summary>\n\t\t\t\t<div role=\"region\" aria-labelledby=\"e-n-accordion-item-1230\" class=\"elementor-element elementor-element-0028ad1 e-con-full e-flex e-con e-child\" data-id=\"0028ad1\" data-element_type=\"container\" data-e-type=\"container\">\n\t\t\t\t<div class=\"elementor-element elementor-element-9418653 elementor-widget elementor-widget-text-editor\" data-id=\"9418653\" data-element_type=\"widget\" data-e-type=\"widget\" data-widget_type=\"text-editor.default\">\n\t\t\t\t<div class=\"elementor-widget-container\">\n\t\t\t\t\t\t\t\t\t<p>La d\u00e9claration d&#8217;accessibilit\u00e9 suivante s&#8217;applique \u00e0 : https:\/\/support.bestway.eu.<\/p>\n<p><strong>\u00c9tat de conformit\u00e9 : Partiellement conforme.<\/strong><br>Ce site web est partiellement conforme aux exigences de l&#8217;annexe A de la norme UNI CEI EN 301549 en raison des cas de non-conformit\u00e9 \u00e9num\u00e9r\u00e9s ci-dessous.<\/p>\n<p data-start=\"74\" data-end=\"107\"><strong data-start=\"74\" data-end=\"105\">1.1.1 \u2013 Contenu non textuel<\/strong><\/p><ul data-start=\"108\" data-end=\"416\">\n<li data-start=\"108\" data-end=\"209\">\n<p data-start=\"110\" data-end=\"209\">Certaines images sont d\u00e9pourvues d\u2019attribut alt ou pr\u00e9sentent un texte alternatif non descriptif.<\/p>\n<\/li>\n<li data-start=\"210\" data-end=\"295\">\n<p data-start=\"212\" data-end=\"295\">Certains iframes manquent de texte alternatif via l\u2019attribut title ou aria-label.<\/p>\n<\/li>\n<li data-start=\"296\" data-end=\"416\">\n<p data-start=\"298\" data-end=\"416\">Certains \u00e9l\u00e9ments purement d\u00e9coratifs ne sont pas correctement marqu\u00e9s avec role=&#8221;presentation&#8221; ou aria-hidden=&#8221;true&#8221;.<\/p>\n<\/li>\n<\/ul><p data-start=\"418\" data-end=\"457\"><strong data-start=\"418\" data-end=\"455\">1.3.1 \u2013 Informations et relations<\/strong><\/p><ul data-start=\"458\" data-end=\"880\">\n<li data-start=\"458\" data-end=\"549\">\n<p data-start=\"460\" data-end=\"549\">Plusieurs conteneurs sont vides dans le DOM, entra\u00eenant des structures non s\u00e9mantiques.<\/p>\n<\/li>\n<li data-start=\"550\" data-end=\"657\">\n<p data-start=\"552\" data-end=\"657\">Certains champs de formulaire ne disposent pas d\u2019\u00e9tiquettes associ\u00e9es via <code data-start=\"626\" data-end=\"635\">&lt;label&gt;<\/code> ou aria-labelledby.<\/p>\n<\/li>\n<li data-start=\"658\" data-end=\"715\">\n<p data-start=\"660\" data-end=\"715\">Certains textes manquent de r\u00f4les ou propri\u00e9t\u00e9s ARIA.<\/p>\n<\/li>\n<li data-start=\"716\" data-end=\"880\">\n<p data-start=\"718\" data-end=\"880\">Certains documents n\u2019utilisent pas de marqueurs s\u00e9mantiques pour les titres (headings), compromettant la navigation structur\u00e9e avec les technologies d\u2019assistance.<\/p>\n<\/li>\n<\/ul><p data-start=\"882\" data-end=\"961\"><strong data-start=\"882\" data-end=\"959\">1.3.2 \/ 2.1.1 \/ 2.4.3 \u2013 Ordre significatif, acc\u00e8s clavier, ordre du focus<\/strong><\/p><ul data-start=\"962\" data-end=\"1155\">\n<li data-start=\"962\" data-end=\"1155\">\n<p data-start=\"964\" data-end=\"1155\">Dans certains documents, l\u2019ordre de lecture et de navigation n\u2019est pas coh\u00e9rent avec la disposition visuelle, causant des difficult\u00e9s pour l\u2019utilisation au clavier ou avec un lecteur d\u2019\u00e9cran.<\/p>\n<\/li>\n<\/ul><p data-start=\"1157\" data-end=\"1190\"><strong data-start=\"1157\" data-end=\"1188\">1.4.3 \u2013 Contraste (minimum)<\/strong><\/p><ul data-start=\"1191\" data-end=\"1305\">\n<li data-start=\"1191\" data-end=\"1305\">\n<p data-start=\"1193\" data-end=\"1305\">Le contraste chromatique entre le texte et le fond de certains \u00e9l\u00e9ments n\u2019atteint pas le ratio minimum de 4,5:1.<\/p>\n<\/li>\n<\/ul><p data-start=\"1307\" data-end=\"1347\"><strong data-start=\"1307\" data-end=\"1345\">1.4.4 \u2013 Redimensionnement du texte<\/strong><\/p><ul data-start=\"1348\" data-end=\"1421\">\n<li data-start=\"1348\" data-end=\"1421\">\n<p data-start=\"1350\" data-end=\"1421\">Certains textes sont coup\u00e9s ou se chevauchent lors de l\u2019agrandissement.<\/p>\n<\/li>\n<\/ul><p data-start=\"1423\" data-end=\"1472\"><strong data-start=\"1423\" data-end=\"1470\">1.4.10 \u2013 R\u00e9organisation du contenu (Reflow)<\/strong><\/p><ul data-start=\"1473\" data-end=\"1606\">\n<li data-start=\"1473\" data-end=\"1606\">\n<p data-start=\"1475\" data-end=\"1606\">Certaines pages ou composants ne g\u00e8rent pas correctement le zoom ou le redimensionnement, entra\u00eenant des probl\u00e8mes de mise en page.<\/p>\n<\/li>\n<\/ul><p data-start=\"1608\" data-end=\"1649\"><strong data-start=\"1608\" data-end=\"1647\">2.4.1 \u2013 Sauter les blocs de contenu<\/strong><\/p><ul data-start=\"1650\" data-end=\"1736\">\n<li data-start=\"1650\" data-end=\"1736\">\n<p data-start=\"1652\" data-end=\"1736\">Sur certaines pages, le lien \u00ab Passer au contenu \u00bb accessible au clavier est absent.<\/p>\n<\/li>\n<\/ul><p data-start=\"1738\" data-end=\"1768\"><strong data-start=\"1738\" data-end=\"1766\">2.4.2 \u2013 Titre de la page<\/strong><\/p><ul data-start=\"1769\" data-end=\"1918\">\n<li data-start=\"1769\" data-end=\"1918\">\n<p data-start=\"1771\" data-end=\"1918\">Le titre est manquant dans les m\u00e9tadonn\u00e9es de certains documents, r\u00e9duisant la reconnaissance du contenu dans les contextes de navigation assist\u00e9e.<\/p>\n<\/li>\n<\/ul><p data-start=\"1920\" data-end=\"1964\"><strong data-start=\"1920\" data-end=\"1962\">2.4.4 \u2013 But du lien (dans le contexte)<\/strong><\/p><ul data-start=\"1965\" data-end=\"2024\">\n<li data-start=\"1965\" data-end=\"2024\">\n<p data-start=\"1967\" data-end=\"2024\">Certains liens manquent de texte alternatif significatif.<\/p>\n<\/li>\n<\/ul><p data-start=\"2026\" data-end=\"2060\"><strong data-start=\"2026\" data-end=\"2058\">2.4.6 \u2013 Titres et \u00e9tiquettes<\/strong><\/p><ul data-start=\"2061\" data-end=\"2138\">\n<li data-start=\"2061\" data-end=\"2138\">\n<p data-start=\"2063\" data-end=\"2138\">Sur certaines pages, les titres s\u00e9mantiques ou balises header sont absents.<\/p>\n<\/li>\n<\/ul><p data-start=\"2140\" data-end=\"2171\"><strong data-start=\"2140\" data-end=\"2169\">3.1.1 \u2013 Langue de la page<\/strong><\/p><ul data-start=\"2172\" data-end=\"2285\">\n<li data-start=\"2172\" data-end=\"2285\">\n<p data-start=\"2174\" data-end=\"2285\">La langue par d\u00e9faut du document n\u2019est pas d\u00e9finie, compromettant la lecture correcte par les lecteurs d\u2019\u00e9cran.<\/p>\n<\/li>\n<\/ul><p data-start=\"2287\" data-end=\"2318\"><strong data-start=\"2287\" data-end=\"2316\">4.1.2 \u2013 Nom, r\u00f4le, valeur<\/strong><\/p><p data-start=\"82\" data-end=\"113\">\n\n\n\n\n\n\n\n\n\n\n\n\n\n\n\n\n\n\n\n\n\n\n<\/p><ul data-start=\"1681\" data-end=\"1767\">\n<li data-start=\"2319\" data-end=\"2388\">\n<p data-start=\"2321\" data-end=\"2388\">Plusieurs boutons manquent d\u2019\u00e9tiquettes textuelles ou aria-label.<\/p>\n<\/li>\n<li data-start=\"2389\" data-end=\"2468\">\n<p data-start=\"2391\" data-end=\"2468\">Certains attributs ARIA contiennent des valeurs non valides ou non conformes.<\/p><\/li>\n<\/ul>\t\t\t\t\t\t\t\t<\/div>\n\t\t\t\t<\/div>\n\t\t\t\t<\/div>\n\t\t\t\t\t<\/details>\n\t\t\t\t\t<\/div>\n\t\t\t\t\t\t<\/div>\n\t\t\t\t<\/div>\n\t\t\t\t<div class=\"elementor-element elementor-element-a423f77 elementor-widget elementor-widget-heading\" data-id=\"a423f77\" data-element_type=\"widget\" data-e-type=\"widget\" data-widget_type=\"heading.default\">\n\t\t\t\t<div class=\"elementor-widget-container\">\n\t\t\t\t\t<h2 class=\"elementor-heading-title elementor-size-default\">Commentaires et r\u00e9actions<\/h2>\t\t\t\t<\/div>\n\t\t\t\t<\/div>\n\t\t\t\t<div class=\"elementor-element elementor-element-6514fd8 elementor-widget elementor-widget-text-editor\" data-id=\"6514fd8\" data-element_type=\"widget\" data-e-type=\"widget\" data-widget_type=\"text-editor.default\">\n\t\t\t\t<div class=\"elementor-widget-container\">\n\t\t\t\t\t\t\t\t\t<p>Nous d\u00e9veloppons nos sites en respectant les crit\u00e8res d&#8217;accessibilit\u00e9 num\u00e9rique. Cependant, certaines pages ou sections peuvent ne pas \u00eatre enti\u00e8rement accessibles, \u00eatre en cours d&#8217;accessibilit\u00e9 ou ne pas b\u00e9n\u00e9ficier d&#8217;une solution technologique ad\u00e9quate. Pour tout commentaire ou signalement, veuillez \u00e9crire \u00e0 <strong><a href=\"mailto:accessibility@bestwaycorp.eu\">accessibility@bestwaycorp.eu<\/a><\/strong><\/p>\t\t\t\t\t\t\t\t<\/div>\n\t\t\t\t<\/div>\n\t\t\t\t\t<\/div>\n\t\t\t\t<\/div>\n\t\t\t\t<\/div>\n\t\t","protected":false},"excerpt":{"rendered":"<p>Nous pensons qu&#8217;Internet doit \u00eatre accessible \u00e0 tous et nous nous engageons \u00e0 proposer un site web accessible au plus grand nombre. Nous suivons les R\u00e8gles pour l&#8217;accessibilit\u00e9 des contenus web 2.1 (WCAG 2.1) du World Wide Web Consortium (W3C). Ces r\u00e8gles expliquent comment rendre le contenu web accessible \u00e0 un large \u00e9ventail d&#8217;utilisateurs ayant [&hellip;]<\/p>\n","protected":false},"author":1,"featured_media":0,"parent":0,"menu_order":0,"comment_status":"closed","ping_status":"closed","template":"","meta":{"_acf_changed":false,"site-sidebar-layout":"no-sidebar","site-content-layout":"page-builder","ast-site-content-layout":"full-width-container","site-content-style":"default","site-sidebar-style":"default","ast-global-header-display":"","ast-banner-title-visibility":"","ast-main-header-display":"","ast-hfb-above-header-display":"","ast-hfb-below-header-display":"","ast-hfb-mobile-header-display":"","site-post-title":"disabled","ast-breadcrumbs-content":"","ast-featured-img":"disabled","footer-sml-layout":"","ast-disable-related-posts":"","theme-transparent-header-meta":"","adv-header-id-meta":"","stick-header-meta":"","header-above-stick-meta":"","header-main-stick-meta":"","header-below-stick-meta":"","astra-migrate-meta-layouts":"set","ast-page-background-enabled":"default","ast-page-background-meta":{"desktop":{"background-color":"var(--ast-global-color-4)","background-image":"","background-repeat":"repeat","background-position":"center center","background-size":"auto","background-attachment":"scroll","background-type":"","background-media":"","overlay-type":"","overlay-color":"","overlay-opacity":"","overlay-gradient":""},"tablet":{"background-color":"","background-image":"","background-repeat":"repeat","background-position":"center center","background-size":"auto","background-attachment":"scroll","background-type":"","background-media":"","overlay-type":"","overlay-color":"","overlay-opacity":"","overlay-gradient":""},"mobile":{"background-color":"","background-image":"","background-repeat":"repeat","background-position":"center center","background-size":"auto","background-attachment":"scroll","background-type":"","background-media":"","overlay-type":"","overlay-color":"","overlay-opacity":"","overlay-gradient":""}},"ast-content-background-meta":{"desktop":{"background-color":"var(--ast-global-color-5)","background-image":"","background-repeat":"repeat","background-position":"center center","background-size":"auto","background-attachment":"scroll","background-type":"","background-media":"","overlay-type":"","overlay-color":"","overlay-opacity":"","overlay-gradient":""},"tablet":{"background-color":"var(--ast-global-color-5)","background-image":"","background-repeat":"repeat","background-position":"center center","background-size":"auto","background-attachment":"scroll","background-type":"","background-media":"","overlay-type":"","overlay-color":"","overlay-opacity":"","overlay-gradient":""},"mobile":{"background-color":"var(--ast-global-color-5)","background-image":"","background-repeat":"repeat","background-position":"center center","background-size":"auto","background-attachment":"scroll","background-type":"","background-media":"","overlay-type":"","overlay-color":"","overlay-opacity":"","overlay-gradient":""}},"footnotes":""},"class_list":["post-8243","page","type-page","status-publish","hentry"],"acf":[],"yoast_head":"<!-- This site is optimized with the Yoast SEO plugin v27.5 - https:\/\/yoast.com\/product\/yoast-seo-wordpress\/ -->\n<title>Accessibilit\u00e9 - Legal<\/title>\n<meta name=\"robots\" content=\"noindex, follow, max-snippet:-1, max-image-preview:large, max-video-preview:-1\" \/>\n<meta property=\"og:locale\" content=\"fr_FR\" \/>\n<meta property=\"og:type\" content=\"article\" \/>\n<meta property=\"og:title\" content=\"Accessibilit\u00e9 - Legal\" \/>\n<meta property=\"og:description\" content=\"Nous pensons qu&#8217;Internet doit \u00eatre accessible \u00e0 tous et nous nous engageons \u00e0 proposer un site web accessible au plus grand nombre. Nous suivons les R\u00e8gles pour l&#8217;accessibilit\u00e9 des contenus web 2.1 (WCAG 2.1) du World Wide Web Consortium (W3C). Ces r\u00e8gles expliquent comment rendre le contenu web accessible \u00e0 un large \u00e9ventail d&#8217;utilisateurs ayant [&hellip;]\" \/>\n<meta property=\"og:url\" content=\"https:\/\/legal.bestway.eu\/fr-fr\/accessibility\/\" \/>\n<meta property=\"og:site_name\" content=\"Legal\" \/>\n<meta property=\"article:modified_time\" content=\"2025-12-18T10:38:21+00:00\" \/>\n<meta name=\"twitter:card\" content=\"summary_large_image\" \/>\n<meta name=\"twitter:label1\" content=\"Est. reading time\" \/>\n\t<meta name=\"twitter:data1\" content=\"5 minutes\" \/>\n<script type=\"application\/ld+json\" class=\"yoast-schema-graph\">{\"@context\":\"https:\\\/\\\/schema.org\",\"@graph\":[{\"@type\":\"WebPage\",\"@id\":\"https:\\\/\\\/legal.bestway.eu\\\/fr-fr\\\/accessibility\\\/\",\"url\":\"https:\\\/\\\/legal.bestway.eu\\\/fr-fr\\\/accessibility\\\/\",\"name\":\"Accessibilit\u00e9 - Legal\",\"isPartOf\":{\"@id\":\"https:\\\/\\\/legal.bestway.eu\\\/fr-fr\\\/#website\"},\"datePublished\":\"2025-06-09T13:47:15+00:00\",\"dateModified\":\"2025-12-18T10:38:21+00:00\",\"inLanguage\":\"fr-fr\",\"potentialAction\":[{\"@type\":\"ReadAction\",\"target\":[\"https:\\\/\\\/legal.bestway.eu\\\/fr-fr\\\/accessibility\\\/\"]}]},{\"@type\":\"WebSite\",\"@id\":\"https:\\\/\\\/legal.bestway.eu\\\/fr-fr\\\/#website\",\"url\":\"https:\\\/\\\/legal.bestway.eu\\\/fr-fr\\\/\",\"name\":\"Legal\",\"description\":\"Legal\",\"publisher\":{\"@id\":\"https:\\\/\\\/legal.bestway.eu\\\/fr-fr\\\/#organization\"},\"potentialAction\":[{\"@type\":\"SearchAction\",\"target\":{\"@type\":\"EntryPoint\",\"urlTemplate\":\"https:\\\/\\\/legal.bestway.eu\\\/fr-fr\\\/?s={search_term_string}\"},\"query-input\":{\"@type\":\"PropertyValueSpecification\",\"valueRequired\":true,\"valueName\":\"search_term_string\"}}],\"inLanguage\":\"fr-fr\"},{\"@type\":\"Organization\",\"@id\":\"https:\\\/\\\/legal.bestway.eu\\\/fr-fr\\\/#organization\",\"name\":\"Legal\",\"url\":\"https:\\\/\\\/legal.bestway.eu\\\/fr-fr\\\/\",\"logo\":{\"@type\":\"ImageObject\",\"inLanguage\":\"fr-fr\",\"@id\":\"https:\\\/\\\/legal.bestway.eu\\\/fr-fr\\\/#\\\/schema\\\/logo\\\/image\\\/\",\"url\":\"https:\\\/\\\/legal.bestway.eu\\\/wp-content\\\/uploads\\\/sites\\\/2\\\/2023\\\/10\\\/bw-white-logo@2x.png\",\"contentUrl\":\"https:\\\/\\\/legal.bestway.eu\\\/wp-content\\\/uploads\\\/sites\\\/2\\\/2023\\\/10\\\/bw-white-logo@2x.png\",\"width\":348,\"height\":138,\"caption\":\"Legal\"},\"image\":{\"@id\":\"https:\\\/\\\/legal.bestway.eu\\\/fr-fr\\\/#\\\/schema\\\/logo\\\/image\\\/\"}}]}<\/script>\n<!-- \/ Yoast SEO plugin. -->","yoast_head_json":{"title":"Accessibilit\u00e9 - Legal","robots":{"index":"noindex","follow":"follow","max-snippet":"max-snippet:-1","max-image-preview":"max-image-preview:large","max-video-preview":"max-video-preview:-1"},"og_locale":"fr_FR","og_type":"article","og_title":"Accessibilit\u00e9 - Legal","og_description":"Nous pensons qu&#8217;Internet doit \u00eatre accessible \u00e0 tous et nous nous engageons \u00e0 proposer un site web accessible au plus grand nombre. Nous suivons les R\u00e8gles pour l&#8217;accessibilit\u00e9 des contenus web 2.1 (WCAG 2.1) du World Wide Web Consortium (W3C). Ces r\u00e8gles expliquent comment rendre le contenu web accessible \u00e0 un large \u00e9ventail d&#8217;utilisateurs ayant [&hellip;]","og_url":"https:\/\/legal.bestway.eu\/fr-fr\/accessibility\/","og_site_name":"Legal","article_modified_time":"2025-12-18T10:38:21+00:00","twitter_card":"summary_large_image","twitter_misc":{"Est. reading time":"5 minutes"},"schema":{"@context":"https:\/\/schema.org","@graph":[{"@type":"WebPage","@id":"https:\/\/legal.bestway.eu\/fr-fr\/accessibility\/","url":"https:\/\/legal.bestway.eu\/fr-fr\/accessibility\/","name":"Accessibilit\u00e9 - Legal","isPartOf":{"@id":"https:\/\/legal.bestway.eu\/fr-fr\/#website"},"datePublished":"2025-06-09T13:47:15+00:00","dateModified":"2025-12-18T10:38:21+00:00","inLanguage":"fr-fr","potentialAction":[{"@type":"ReadAction","target":["https:\/\/legal.bestway.eu\/fr-fr\/accessibility\/"]}]},{"@type":"WebSite","@id":"https:\/\/legal.bestway.eu\/fr-fr\/#website","url":"https:\/\/legal.bestway.eu\/fr-fr\/","name":"Legal","description":"Legal","publisher":{"@id":"https:\/\/legal.bestway.eu\/fr-fr\/#organization"},"potentialAction":[{"@type":"SearchAction","target":{"@type":"EntryPoint","urlTemplate":"https:\/\/legal.bestway.eu\/fr-fr\/?s={search_term_string}"},"query-input":{"@type":"PropertyValueSpecification","valueRequired":true,"valueName":"search_term_string"}}],"inLanguage":"fr-fr"},{"@type":"Organization","@id":"https:\/\/legal.bestway.eu\/fr-fr\/#organization","name":"Legal","url":"https:\/\/legal.bestway.eu\/fr-fr\/","logo":{"@type":"ImageObject","inLanguage":"fr-fr","@id":"https:\/\/legal.bestway.eu\/fr-fr\/#\/schema\/logo\/image\/","url":"https:\/\/legal.bestway.eu\/wp-content\/uploads\/sites\/2\/2023\/10\/bw-white-logo@2x.png","contentUrl":"https:\/\/legal.bestway.eu\/wp-content\/uploads\/sites\/2\/2023\/10\/bw-white-logo@2x.png","width":348,"height":138,"caption":"Legal"},"image":{"@id":"https:\/\/legal.bestway.eu\/fr-fr\/#\/schema\/logo\/image\/"}}]}},"_links":{"self":[{"href":"https:\/\/legal.bestway.eu\/fr-fr\/wp-json\/wp\/v2\/pages\/8243","targetHints":{"allow":["GET"]}}],"collection":[{"href":"https:\/\/legal.bestway.eu\/fr-fr\/wp-json\/wp\/v2\/pages"}],"about":[{"href":"https:\/\/legal.bestway.eu\/fr-fr\/wp-json\/wp\/v2\/types\/page"}],"author":[{"embeddable":true,"href":"https:\/\/legal.bestway.eu\/fr-fr\/wp-json\/wp\/v2\/users\/1"}],"replies":[{"embeddable":true,"href":"https:\/\/legal.bestway.eu\/fr-fr\/wp-json\/wp\/v2\/comments?post=8243"}],"version-history":[{"count":51,"href":"https:\/\/legal.bestway.eu\/fr-fr\/wp-json\/wp\/v2\/pages\/8243\/revisions"}],"predecessor-version":[{"id":8873,"href":"https:\/\/legal.bestway.eu\/fr-fr\/wp-json\/wp\/v2\/pages\/8243\/revisions\/8873"}],"wp:attachment":[{"href":"https:\/\/legal.bestway.eu\/fr-fr\/wp-json\/wp\/v2\/media?parent=8243"}],"curies":[{"name":"wp","href":"https:\/\/api.w.org\/{rel}","templated":true}]}}