{"id":3607,"date":"2023-10-24T11:15:40","date_gmt":"2023-10-24T09:15:40","guid":{"rendered":"https:\/\/legal.bestway.eu\/warranty-extension\/"},"modified":"2026-02-10T10:49:08","modified_gmt":"2026-02-10T09:49:08","slug":"warranty-extension","status":"publish","type":"page","link":"https:\/\/legal.bestway.eu\/fr-fr\/warranty-extension\/","title":{"rendered":"Garantie Bestway\u00a0"},"content":{"rendered":"\t\t<div data-elementor-type=\"wp-page\" data-elementor-id=\"3607\" class=\"elementor elementor-3607\" data-elementor-post-type=\"page\">\n\t\t\t\t<div class=\"elementor-element elementor-element-201a7b e-flex e-con-boxed e-con e-parent\" data-id=\"201a7b\" data-element_type=\"container\" data-e-type=\"container\">\n\t\t\t\t\t<div class=\"e-con-inner\">\n\t\t\t\t<div class=\"elementor-element elementor-element-f0cbdea elementor-widget elementor-widget-text-editor\" data-id=\"f0cbdea\" data-element_type=\"widget\" data-e-type=\"widget\" data-widget_type=\"text-editor.default\">\n\t\t\t\t<div class=\"elementor-widget-container\">\n\t\t\t\t\t\t\t\t\t<p>Vous trouverez ci-dessous les conditions de garantie appliqu\u00e9es par BESTWAY EUROPE S.p.A. dont le si\u00e8ge social est situ\u00e9 Via della Resistenza n. 5, San Giuliano Milanese (20098) &#8211; Milan, Italie (ci-apr\u00e8s \u00ab BESTWAY \u00bb), sur les produits vendus dans l&#8217;Espace \u00e9conomique europ\u00e9en sous la marque BESTWAY.<\/p>\t\t\t\t\t\t\t\t<\/div>\n\t\t\t\t<\/div>\n\t\t\t\t<div class=\"elementor-element elementor-element-c840566 elementor-widget elementor-widget-heading\" data-id=\"c840566\" data-element_type=\"widget\" data-e-type=\"widget\" data-widget_type=\"heading.default\">\n\t\t\t\t<div class=\"elementor-widget-container\">\n\t\t\t\t\t<h2 class=\"elementor-heading-title elementor-size-default\">Extension de garantie<\/h2>\t\t\t\t<\/div>\n\t\t\t\t<\/div>\n\t\t\t\t<div class=\"elementor-element elementor-element-4cc58ab elementor-widget elementor-widget-text-editor\" data-id=\"4cc58ab\" data-element_type=\"widget\" data-e-type=\"widget\" data-widget_type=\"text-editor.default\">\n\t\t\t\t<div class=\"elementor-widget-container\">\n\t\t\t\t\t\t\t\t\t<p>Sur Bestway Store vous pouvez b\u00e9n\u00e9ficier d\u2019une garantie suppl\u00e9mentaire sp\u00e9ciale de 6 mois, apr\u00e8s les deux ans de garantie l\u00e9gale, sur une s\u00e9lection de produits.<\/p><ul><li>La garantie suppl\u00e9mentaire ne porte pas atteinte aux droits du consommateur pr\u00e9vus dans les Conditions G\u00e9n\u00e9rales de la garantie conventionnelle offerte par Bestway, ni aux droits reconnus par la directive n\u00b0 771\/2019\/UE du Parlement europ\u00e9en et du Conseil du 25 mai 1999 sur la vente et les garanties des biens de consommation. Cette garantie constitue un service suppl\u00e9mentaire mis \u00e0 la disposition du consommateur. On citera \u00e0 ce propos int\u00e9gralement nos conditions g\u00e9n\u00e9rales de vente concernant la garantie l\u00e9gale de conformit\u00e9.<br \/><br \/><\/li><li>Il est obligatoire d\u2019enregistrer le produit dans les 30 jours \u00e0 compter de l\u2019achat, en cliquant sur le lien : <a href=\"https:\/\/event.bestwaycorp.com\/Registration\/fr\" target=\"_blank\" rel=\"noopener\">Extension de garantie Bestway (bestwaycorp.com)<\/a>.<br \/><br \/><\/li><li>Pour de plus amples informations, il est possible de consulter <a href=\"https:\/\/support.bestway.eu\/fr-fr\" target=\"_blank\" rel=\"noopener\">Bestway Assistance | Le site consacr\u00e9 au service client\u00e8le en ligne<\/a> dans la section \u00ab Extension de garantie \u00bb, o\u00f9 il sera possible de v\u00e9rifier les produits auxquels l\u2019Extension de Garantie peut s\u2019appliquer.<br \/><br \/><\/li><li>Apr\u00e8s avoir effectu\u00e9 l\u2019achat du produit sur le site <a href=\"https:\/\/fr.bestway.eu\" target=\"_blank\" rel=\"noopener\">fr.Bestway.eu<\/a>, l&#8217;utilisateur recevra via courriel, lors de la confirmation de la commande, le lien o\u00f9 effectuer l\u2019enregistrement du produit, indispensable pour b\u00e9n\u00e9ficier de l\u2019extension de garantie.<br \/><br \/><\/li><li>Le service d\u2019assistance suppl\u00e9mentaire est valable pendant six mois \u00e0 compter de l\u2019\u00e9ch\u00e9ance des vingt-quatre mois pr\u00e9vus comme terme de validit\u00e9 de la garantie l\u00e9gale. Il sera possible de b\u00e9n\u00e9ficier du service d\u2019assistance suppl\u00e9mentaire aussi bien en cas d\u2019achat effectu\u00e9 dans un magasin physique qu\u2019en ligne. Si l\u2019achat a \u00e9t\u00e9 effectu\u00e9 sur le site e-commerce officiel Bestway Store, il ne pourra \u00eatre reconnu et \u00eatre efficace qu\u2019accompagn\u00e9 du r\u00e9c\u00e9piss\u00e9 d\u2019achat correspondant.<br \/><br \/><\/li><li>Les donn\u00e9es personnelles saisies par l\u2019acheteur dans le formulaire en ligne pour activer l\u2019assistance suppl\u00e9mentaire seront trait\u00e9es par Bestway conform\u00e9ment aux dispositions en vigueur sur papier et par processus informatique exclusivement pour l\u2019assistance requise.<\/li><\/ul>\t\t\t\t\t\t\t\t<\/div>\n\t\t\t\t<\/div>\n\t\t\t\t<div class=\"elementor-element elementor-element-68763f1 elementor-widget elementor-widget-heading\" data-id=\"68763f1\" data-element_type=\"widget\" data-e-type=\"widget\" data-widget_type=\"heading.default\">\n\t\t\t\t<div class=\"elementor-widget-container\">\n\t\t\t\t\t<h2 class=\"elementor-heading-title elementor-size-default\">Garantie l\u00e9gale<\/h2>\t\t\t\t<\/div>\n\t\t\t\t<\/div>\n\t\t\t\t<div class=\"elementor-element elementor-element-c422bb1 elementor-widget elementor-widget-text-editor\" data-id=\"c422bb1\" data-element_type=\"widget\" data-e-type=\"widget\" data-widget_type=\"text-editor.default\">\n\t\t\t\t<div class=\"elementor-widget-container\">\n\t\t\t\t\t\t\t\t\t<p>1.1 La garantie l\u00e9gale est pr\u00e9vue par les directives europ\u00e9ennes 1999\/44\/EC et 2019\/771\/EC, qui visent \u00e0 prot\u00e9ger le Consommateur, tel que d\u00e9fini ci-apr\u00e8s, dans le cas o\u00f9 les biens achet\u00e9s (\u00ab Produits \u00bb) pr\u00e9sentent des d\u00e9fauts de conformit\u00e9.<\/p><ul class=\"points-list-blue\">\n<\/ul>\n<p>1.2 Conform\u00e9ment aux directives europ\u00e9ennes pr\u00e9cit\u00e9es, le Consommateur est toute personne physique qui ach\u00e8te un Produit \u00e0 des fins non li\u00e9es \u00e0 son activit\u00e9, son activit\u00e9 commerciale, son m\u00e9tier, son artisanat ou sa profession (le \u00ab Consommateur \u00bb).<\/p>\n<p>1.3 La garantie l\u00e9gale est d\u2019une dur\u00e9e de 24 mois \u00e0 compter de la livraison des biens au consommateur. Veuillez noter que les conditions stipul\u00e9es dans les directives mentionn\u00e9es ne s\u2019appliquent pas en dehors des pays de l\u2019Espace \u00e9conomique europ\u00e9en pour lesquels la l\u00e9gislation locale pertinente s\u2019applique.<\/p>\n<p>1.4 Si le Consommateur estime qu&#8217;il a achet\u00e9 un Produit avec un d\u00e9faut de conformit\u00e9, le Consommateur doit contacter son d\u00e9taillant pour utiliser la garantie correspondante.<\/p>\n<p>1.5 BESTWAY doit fournir la garantie, pour tout d\u00e9faut \u00e9ventuel de conformit\u00e9 des Produits, \u00e0 tout Consommateur qui a achet\u00e9 les Produits directement aupr\u00e8s de BESTWAY lui-m\u00eame.<\/p>\t\t\t\t\t\t\t\t<\/div>\n\t\t\t\t<\/div>\n\t\t\t\t<div class=\"elementor-element elementor-element-2706fac elementor-widget elementor-widget-heading\" data-id=\"2706fac\" data-element_type=\"widget\" data-e-type=\"widget\" data-widget_type=\"heading.default\">\n\t\t\t\t<div class=\"elementor-widget-container\">\n\t\t\t\t\t<h2 class=\"elementor-heading-title elementor-size-default\">Garantie du fabricant<\/h2>\t\t\t\t<\/div>\n\t\t\t\t<\/div>\n\t\t\t\t<div class=\"elementor-element elementor-element-537efa1 elementor-widget elementor-widget-text-editor\" data-id=\"537efa1\" data-element_type=\"widget\" data-e-type=\"widget\" data-widget_type=\"text-editor.default\">\n\t\t\t\t<div class=\"elementor-widget-container\">\n\t\t\t\t\t\t\t\t\t<p>Sans pr\u00e9judice des garanties et pr\u00e9rogatives pr\u00e9vues par la loi et sans pr\u00e9judice de la facult\u00e9 du Consommateur de se pr\u00e9valoir de la garantie l\u00e9gale mentionn\u00e9e ci-dessus, BESTWAY accorde une garantie suppl\u00e9mentaire (ci-apr\u00e8s la \u00ab Garantie du fabricant BESTWAY \u00bb) concernant d\u2019\u00e9ventuels d\u00e9fauts de conformit\u00e9, \u00e0 l\u2019\u00e9gard d\u2019un \u00e9ventail de produits limit\u00e9s.<\/p><p><a href=\"https:\/\/support.bestway.eu\/fr-fr\/warranty\" target=\"_blank\" rel=\"noopener\">Cliquez ici<\/a> pour conna\u00eetre les modalit\u00e9s, la gamme de produits couverts et les modalit\u00e9s d&#8217;activation.<\/p>\t\t\t\t\t\t\t\t<\/div>\n\t\t\t\t<\/div>\n\t\t\t\t\t<\/div>\n\t\t\t\t<\/div>\n\t\t<div class=\"elementor-element elementor-element-2d7f1d1b e-flex e-con-boxed e-con e-parent\" data-id=\"2d7f1d1b\" data-element_type=\"container\" data-e-type=\"container\">\n\t\t\t\t\t<div class=\"e-con-inner\">\n\t\t\t\t\t<\/div>\n\t\t\t\t<\/div>\n\t\t\t\t<\/div>\n\t\t","protected":false},"excerpt":{"rendered":"<p>Vous trouverez ci-dessous les conditions de garantie appliqu\u00e9es par BESTWAY EUROPE S.p.A. dont le si\u00e8ge social est situ\u00e9 Via della Resistenza n. 5, San Giuliano Milanese (20098) &#8211; Milan, Italie (ci-apr\u00e8s \u00ab BESTWAY \u00bb), sur les produits vendus dans l&#8217;Espace \u00e9conomique europ\u00e9en sous la marque BESTWAY. Extension de garantie Sur Bestway Store vous pouvez b\u00e9n\u00e9ficier [&hellip;]<\/p>\n","protected":false},"author":3,"featured_media":0,"parent":0,"menu_order":0,"comment_status":"closed","ping_status":"closed","template":"","meta":{"_acf_changed":false,"site-sidebar-layout":"no-sidebar","site-content-layout":"page-builder","ast-site-content-layout":"full-width-container","site-content-style":"default","site-sidebar-style":"default","ast-global-header-display":"","ast-banner-title-visibility":"","ast-main-header-display":"","ast-hfb-above-header-display":"","ast-hfb-below-header-display":"","ast-hfb-mobile-header-display":"","site-post-title":"disabled","ast-breadcrumbs-content":"","ast-featured-img":"disabled","footer-sml-layout":"","ast-disable-related-posts":"","theme-transparent-header-meta":"","adv-header-id-meta":"","stick-header-meta":"","header-above-stick-meta":"","header-main-stick-meta":"","header-below-stick-meta":"","astra-migrate-meta-layouts":"set","ast-page-background-enabled":"default","ast-page-background-meta":{"desktop":{"background-color":"var(--ast-global-color-4)","background-image":"","background-repeat":"repeat","background-position":"center center","background-size":"auto","background-attachment":"scroll","background-type":"","background-media":"","overlay-type":"","overlay-color":"","overlay-opacity":"","overlay-gradient":""},"tablet":{"background-color":"","background-image":"","background-repeat":"repeat","background-position":"center center","background-size":"auto","background-attachment":"scroll","background-type":"","background-media":"","overlay-type":"","overlay-color":"","overlay-opacity":"","overlay-gradient":""},"mobile":{"background-color":"","background-image":"","background-repeat":"repeat","background-position":"center center","background-size":"auto","background-attachment":"scroll","background-type":"","background-media":"","overlay-type":"","overlay-color":"","overlay-opacity":"","overlay-gradient":""}},"ast-content-background-meta":{"desktop":{"background-color":"var(--ast-global-color-5)","background-image":"","background-repeat":"repeat","background-position":"center center","background-size":"auto","background-attachment":"scroll","background-type":"","background-media":"","overlay-type":"","overlay-color":"","overlay-opacity":"","overlay-gradient":""},"tablet":{"background-color":"var(--ast-global-color-5)","background-image":"","background-repeat":"repeat","background-position":"center center","background-size":"auto","background-attachment":"scroll","background-type":"","background-media":"","overlay-type":"","overlay-color":"","overlay-opacity":"","overlay-gradient":""},"mobile":{"background-color":"var(--ast-global-color-5)","background-image":"","background-repeat":"repeat","background-position":"center center","background-size":"auto","background-attachment":"scroll","background-type":"","background-media":"","overlay-type":"","overlay-color":"","overlay-opacity":"","overlay-gradient":""}},"footnotes":""},"class_list":["post-3607","page","type-page","status-publish","hentry"],"acf":[],"yoast_head":"<!-- This site is optimized with the Yoast SEO plugin v27.3 - https:\/\/yoast.com\/product\/yoast-seo-wordpress\/ -->\n<title>Garantie Bestway\u00a0 - Legal<\/title>\n<meta name=\"robots\" content=\"noindex, follow, max-snippet:-1, max-image-preview:large, max-video-preview:-1\" \/>\n<meta property=\"og:locale\" content=\"fr_FR\" \/>\n<meta property=\"og:type\" content=\"article\" \/>\n<meta property=\"og:title\" content=\"Garantie Bestway\u00a0 - Legal\" \/>\n<meta property=\"og:description\" content=\"Vous trouverez ci-dessous les conditions de garantie appliqu\u00e9es par BESTWAY EUROPE S.p.A. dont le si\u00e8ge social est situ\u00e9 Via della Resistenza n. 5, San Giuliano Milanese (20098) &#8211; Milan, Italie (ci-apr\u00e8s \u00ab BESTWAY \u00bb), sur les produits vendus dans l&#8217;Espace \u00e9conomique europ\u00e9en sous la marque BESTWAY. Extension de garantie Sur Bestway Store vous pouvez b\u00e9n\u00e9ficier [&hellip;]\" \/>\n<meta property=\"og:url\" content=\"https:\/\/legal.bestway.eu\/fr-fr\/warranty-extension\/\" \/>\n<meta property=\"og:site_name\" content=\"Legal\" \/>\n<meta property=\"article:modified_time\" content=\"2026-02-10T09:49:08+00:00\" \/>\n<meta name=\"twitter:card\" content=\"summary_large_image\" \/>\n<meta name=\"twitter:label1\" content=\"Est. reading time\" \/>\n\t<meta name=\"twitter:data1\" content=\"4 minutes\" \/>\n<script type=\"application\/ld+json\" class=\"yoast-schema-graph\">{\"@context\":\"https:\\\/\\\/schema.org\",\"@graph\":[{\"@type\":\"WebPage\",\"@id\":\"https:\\\/\\\/legal.bestway.eu\\\/fr-fr\\\/warranty-extension\\\/\",\"url\":\"https:\\\/\\\/legal.bestway.eu\\\/fr-fr\\\/warranty-extension\\\/\",\"name\":\"Garantie Bestway\u00a0 - Legal\",\"isPartOf\":{\"@id\":\"https:\\\/\\\/legal.bestway.eu\\\/fr-fr\\\/#website\"},\"datePublished\":\"2023-10-24T09:15:40+00:00\",\"dateModified\":\"2026-02-10T09:49:08+00:00\",\"inLanguage\":\"fr-fr\",\"potentialAction\":[{\"@type\":\"ReadAction\",\"target\":[\"https:\\\/\\\/legal.bestway.eu\\\/fr-fr\\\/warranty-extension\\\/\"]}]},{\"@type\":\"WebSite\",\"@id\":\"https:\\\/\\\/legal.bestway.eu\\\/fr-fr\\\/#website\",\"url\":\"https:\\\/\\\/legal.bestway.eu\\\/fr-fr\\\/\",\"name\":\"Legal\",\"description\":\"Legal\",\"publisher\":{\"@id\":\"https:\\\/\\\/legal.bestway.eu\\\/fr-fr\\\/#organization\"},\"potentialAction\":[{\"@type\":\"SearchAction\",\"target\":{\"@type\":\"EntryPoint\",\"urlTemplate\":\"https:\\\/\\\/legal.bestway.eu\\\/fr-fr\\\/?s={search_term_string}\"},\"query-input\":{\"@type\":\"PropertyValueSpecification\",\"valueRequired\":true,\"valueName\":\"search_term_string\"}}],\"inLanguage\":\"fr-fr\"},{\"@type\":\"Organization\",\"@id\":\"https:\\\/\\\/legal.bestway.eu\\\/fr-fr\\\/#organization\",\"name\":\"Legal\",\"url\":\"https:\\\/\\\/legal.bestway.eu\\\/fr-fr\\\/\",\"logo\":{\"@type\":\"ImageObject\",\"inLanguage\":\"fr-fr\",\"@id\":\"https:\\\/\\\/legal.bestway.eu\\\/fr-fr\\\/#\\\/schema\\\/logo\\\/image\\\/\",\"url\":\"https:\\\/\\\/legal.bestway.eu\\\/wp-content\\\/uploads\\\/sites\\\/2\\\/2023\\\/10\\\/bw-white-logo@2x.png\",\"contentUrl\":\"https:\\\/\\\/legal.bestway.eu\\\/wp-content\\\/uploads\\\/sites\\\/2\\\/2023\\\/10\\\/bw-white-logo@2x.png\",\"width\":348,\"height\":138,\"caption\":\"Legal\"},\"image\":{\"@id\":\"https:\\\/\\\/legal.bestway.eu\\\/fr-fr\\\/#\\\/schema\\\/logo\\\/image\\\/\"}}]}<\/script>\n<!-- \/ Yoast SEO plugin. -->","yoast_head_json":{"title":"Garantie Bestway\u00a0 - Legal","robots":{"index":"noindex","follow":"follow","max-snippet":"max-snippet:-1","max-image-preview":"max-image-preview:large","max-video-preview":"max-video-preview:-1"},"og_locale":"fr_FR","og_type":"article","og_title":"Garantie Bestway\u00a0 - Legal","og_description":"Vous trouverez ci-dessous les conditions de garantie appliqu\u00e9es par BESTWAY EUROPE S.p.A. dont le si\u00e8ge social est situ\u00e9 Via della Resistenza n. 5, San Giuliano Milanese (20098) &#8211; Milan, Italie (ci-apr\u00e8s \u00ab BESTWAY \u00bb), sur les produits vendus dans l&#8217;Espace \u00e9conomique europ\u00e9en sous la marque BESTWAY. Extension de garantie Sur Bestway Store vous pouvez b\u00e9n\u00e9ficier [&hellip;]","og_url":"https:\/\/legal.bestway.eu\/fr-fr\/warranty-extension\/","og_site_name":"Legal","article_modified_time":"2026-02-10T09:49:08+00:00","twitter_card":"summary_large_image","twitter_misc":{"Est. reading time":"4 minutes"},"schema":{"@context":"https:\/\/schema.org","@graph":[{"@type":"WebPage","@id":"https:\/\/legal.bestway.eu\/fr-fr\/warranty-extension\/","url":"https:\/\/legal.bestway.eu\/fr-fr\/warranty-extension\/","name":"Garantie Bestway\u00a0 - Legal","isPartOf":{"@id":"https:\/\/legal.bestway.eu\/fr-fr\/#website"},"datePublished":"2023-10-24T09:15:40+00:00","dateModified":"2026-02-10T09:49:08+00:00","inLanguage":"fr-fr","potentialAction":[{"@type":"ReadAction","target":["https:\/\/legal.bestway.eu\/fr-fr\/warranty-extension\/"]}]},{"@type":"WebSite","@id":"https:\/\/legal.bestway.eu\/fr-fr\/#website","url":"https:\/\/legal.bestway.eu\/fr-fr\/","name":"Legal","description":"Legal","publisher":{"@id":"https:\/\/legal.bestway.eu\/fr-fr\/#organization"},"potentialAction":[{"@type":"SearchAction","target":{"@type":"EntryPoint","urlTemplate":"https:\/\/legal.bestway.eu\/fr-fr\/?s={search_term_string}"},"query-input":{"@type":"PropertyValueSpecification","valueRequired":true,"valueName":"search_term_string"}}],"inLanguage":"fr-fr"},{"@type":"Organization","@id":"https:\/\/legal.bestway.eu\/fr-fr\/#organization","name":"Legal","url":"https:\/\/legal.bestway.eu\/fr-fr\/","logo":{"@type":"ImageObject","inLanguage":"fr-fr","@id":"https:\/\/legal.bestway.eu\/fr-fr\/#\/schema\/logo\/image\/","url":"https:\/\/legal.bestway.eu\/wp-content\/uploads\/sites\/2\/2023\/10\/bw-white-logo@2x.png","contentUrl":"https:\/\/legal.bestway.eu\/wp-content\/uploads\/sites\/2\/2023\/10\/bw-white-logo@2x.png","width":348,"height":138,"caption":"Legal"},"image":{"@id":"https:\/\/legal.bestway.eu\/fr-fr\/#\/schema\/logo\/image\/"}}]}},"_links":{"self":[{"href":"https:\/\/legal.bestway.eu\/fr-fr\/wp-json\/wp\/v2\/pages\/3607","targetHints":{"allow":["GET"]}}],"collection":[{"href":"https:\/\/legal.bestway.eu\/fr-fr\/wp-json\/wp\/v2\/pages"}],"about":[{"href":"https:\/\/legal.bestway.eu\/fr-fr\/wp-json\/wp\/v2\/types\/page"}],"author":[{"embeddable":true,"href":"https:\/\/legal.bestway.eu\/fr-fr\/wp-json\/wp\/v2\/users\/3"}],"replies":[{"embeddable":true,"href":"https:\/\/legal.bestway.eu\/fr-fr\/wp-json\/wp\/v2\/comments?post=3607"}],"version-history":[{"count":36,"href":"https:\/\/legal.bestway.eu\/fr-fr\/wp-json\/wp\/v2\/pages\/3607\/revisions"}],"predecessor-version":[{"id":9007,"href":"https:\/\/legal.bestway.eu\/fr-fr\/wp-json\/wp\/v2\/pages\/3607\/revisions\/9007"}],"wp:attachment":[{"href":"https:\/\/legal.bestway.eu\/fr-fr\/wp-json\/wp\/v2\/media?parent=3607"}],"curies":[{"name":"wp","href":"https:\/\/api.w.org\/{rel}","templated":true}]}}