{"id":1554,"date":"2023-05-03T15:04:15","date_gmt":"2023-05-03T13:04:15","guid":{"rendered":"https:\/\/legal.bestway.eu\/?page_id=1554"},"modified":"2024-05-31T10:54:10","modified_gmt":"2024-05-31T08:54:10","slug":"home-page","status":"publish","type":"page","link":"https:\/\/legal.bestway.eu\/fr-fr\/","title":{"rendered":"Home page"},"content":{"rendered":"\t\t<div data-elementor-type=\"wp-page\" data-elementor-id=\"1554\" class=\"elementor elementor-1554\" data-elementor-post-type=\"page\">\n\t\t\t\t<div class=\"elementor-element elementor-element-e3916b8 e-con-full e-flex e-con e-parent\" data-id=\"e3916b8\" data-element_type=\"container\" data-e-type=\"container\">\n\t\t<div class=\"elementor-element elementor-element-442d42e e-con-full e-flex e-con e-child\" data-id=\"442d42e\" data-element_type=\"container\" data-e-type=\"container\">\n\t\t\t\t<div class=\"elementor-element elementor-element-2256f30 elementor-widget elementor-widget-heading\" data-id=\"2256f30\" data-element_type=\"widget\" data-e-type=\"widget\" data-widget_type=\"heading.default\">\n\t\t\t\t<div class=\"elementor-widget-container\">\n\t\t\t\t\t<h1 class=\"elementor-heading-title elementor-size-default\">Nous nous soucions de nos clients, c'est pourquoi nous sommes pr\u00eats \u00e0 fournir tout le soutien n\u00e9cessaire \u00e0 nos clients.<\/h1>\t\t\t\t<\/div>\n\t\t\t\t<\/div>\n\t\t\t\t<\/div>\n\t\t<div class=\"elementor-element elementor-element-e62c530 e-con-full e-flex e-con e-child\" data-id=\"e62c530\" data-element_type=\"container\" data-e-type=\"container\">\n\t\t\t\t<\/div>\n\t\t\t\t<\/div>\n\t\t\t\t<\/div>\n\t\t","protected":false},"excerpt":{"rendered":"<p>Nous nous soucions de nos clients, c&#8217;est pourquoi nous sommes pr\u00eats \u00e0 fournir tout le soutien n\u00e9cessaire \u00e0 nos clients.<\/p>\n","protected":false},"author":1,"featured_media":0,"parent":0,"menu_order":0,"comment_status":"closed","ping_status":"closed","template":"","meta":{"_acf_changed":false,"site-sidebar-layout":"no-sidebar","site-content-layout":"page-builder","ast-site-content-layout":"default","site-content-style":"default","site-sidebar-style":"default","ast-global-header-display":"","ast-banner-title-visibility":"","ast-main-header-display":"","ast-hfb-above-header-display":"","ast-hfb-below-header-display":"","ast-hfb-mobile-header-display":"","site-post-title":"disabled","ast-breadcrumbs-content":"","ast-featured-img":"disabled","footer-sml-layout":"","ast-disable-related-posts":"","theme-transparent-header-meta":"","adv-header-id-meta":"","stick-header-meta":"","header-above-stick-meta":"","header-main-stick-meta":"","header-below-stick-meta":"","astra-migrate-meta-layouts":"set","ast-page-background-enabled":"default","ast-page-background-meta":{"desktop":{"background-color":"var(--ast-global-color-4)","background-image":"","background-repeat":"repeat","background-position":"center center","background-size":"auto","background-attachment":"scroll","background-type":"","background-media":"","overlay-type":"","overlay-color":"","overlay-opacity":"","overlay-gradient":""},"tablet":{"background-color":"","background-image":"","background-repeat":"repeat","background-position":"center center","background-size":"auto","background-attachment":"scroll","background-type":"","background-media":"","overlay-type":"","overlay-color":"","overlay-opacity":"","overlay-gradient":""},"mobile":{"background-color":"","background-image":"","background-repeat":"repeat","background-position":"center center","background-size":"auto","background-attachment":"scroll","background-type":"","background-media":"","overlay-type":"","overlay-color":"","overlay-opacity":"","overlay-gradient":""}},"ast-content-background-meta":{"desktop":{"background-color":"var(--ast-global-color-5)","background-image":"","background-repeat":"repeat","background-position":"center center","background-size":"auto","background-attachment":"scroll","background-type":"","background-media":"","overlay-type":"","overlay-color":"","overlay-opacity":"","overlay-gradient":""},"tablet":{"background-color":"var(--ast-global-color-5)","background-image":"","background-repeat":"repeat","background-position":"center center","background-size":"auto","background-attachment":"scroll","background-type":"","background-media":"","overlay-type":"","overlay-color":"","overlay-opacity":"","overlay-gradient":""},"mobile":{"background-color":"var(--ast-global-color-5)","background-image":"","background-repeat":"repeat","background-position":"center center","background-size":"auto","background-attachment":"scroll","background-type":"","background-media":"","overlay-type":"","overlay-color":"","overlay-opacity":"","overlay-gradient":""}},"footnotes":""},"class_list":["post-1554","page","type-page","status-publish","hentry"],"acf":[],"yoast_head":"<!-- This site is optimized with the Yoast SEO plugin v27.4 - https:\/\/yoast.com\/product\/yoast-seo-wordpress\/ -->\n<title>Home page - Legal<\/title>\n<meta name=\"robots\" content=\"noindex, follow, max-snippet:-1, max-image-preview:large, max-video-preview:-1\" \/>\n<meta property=\"og:locale\" content=\"fr_FR\" \/>\n<meta property=\"og:type\" content=\"article\" \/>\n<meta property=\"og:title\" content=\"Home page - Legal\" \/>\n<meta property=\"og:description\" content=\"Nous nous soucions de nos clients, c&#8217;est pourquoi nous sommes pr\u00eats \u00e0 fournir tout le soutien n\u00e9cessaire \u00e0 nos clients.\" \/>\n<meta property=\"og:url\" content=\"https:\/\/legal.bestway.eu\/fr-fr\/\" \/>\n<meta property=\"og:site_name\" content=\"Legal\" \/>\n<meta property=\"article:modified_time\" content=\"2024-05-31T08:54:10+00:00\" \/>\n<meta name=\"twitter:card\" content=\"summary_large_image\" \/>\n<meta name=\"twitter:label1\" content=\"Est. reading time\" \/>\n\t<meta name=\"twitter:data1\" content=\"1 minute\" \/>\n<script type=\"application\/ld+json\" class=\"yoast-schema-graph\">{\"@context\":\"https:\\\/\\\/schema.org\",\"@graph\":[{\"@type\":\"WebPage\",\"@id\":\"https:\\\/\\\/legal.bestway.eu\\\/fr-fr\\\/\",\"url\":\"https:\\\/\\\/legal.bestway.eu\\\/fr-fr\\\/\",\"name\":\"Home page - Legal\",\"isPartOf\":{\"@id\":\"https:\\\/\\\/legal.bestway.eu\\\/fr-fr\\\/#website\"},\"datePublished\":\"2023-05-03T13:04:15+00:00\",\"dateModified\":\"2024-05-31T08:54:10+00:00\",\"inLanguage\":\"fr-fr\",\"potentialAction\":[{\"@type\":\"ReadAction\",\"target\":[\"https:\\\/\\\/legal.bestway.eu\\\/fr-fr\\\/\"]}]},{\"@type\":\"WebSite\",\"@id\":\"https:\\\/\\\/legal.bestway.eu\\\/fr-fr\\\/#website\",\"url\":\"https:\\\/\\\/legal.bestway.eu\\\/fr-fr\\\/\",\"name\":\"Legal\",\"description\":\"Legal\",\"publisher\":{\"@id\":\"https:\\\/\\\/legal.bestway.eu\\\/fr-fr\\\/#organization\"},\"potentialAction\":[{\"@type\":\"SearchAction\",\"target\":{\"@type\":\"EntryPoint\",\"urlTemplate\":\"https:\\\/\\\/legal.bestway.eu\\\/fr-fr\\\/?s={search_term_string}\"},\"query-input\":{\"@type\":\"PropertyValueSpecification\",\"valueRequired\":true,\"valueName\":\"search_term_string\"}}],\"inLanguage\":\"fr-fr\"},{\"@type\":\"Organization\",\"@id\":\"https:\\\/\\\/legal.bestway.eu\\\/fr-fr\\\/#organization\",\"name\":\"Legal\",\"url\":\"https:\\\/\\\/legal.bestway.eu\\\/fr-fr\\\/\",\"logo\":{\"@type\":\"ImageObject\",\"inLanguage\":\"fr-fr\",\"@id\":\"https:\\\/\\\/legal.bestway.eu\\\/fr-fr\\\/#\\\/schema\\\/logo\\\/image\\\/\",\"url\":\"https:\\\/\\\/legal.bestway.eu\\\/wp-content\\\/uploads\\\/sites\\\/2\\\/2023\\\/10\\\/bw-white-logo@2x.png\",\"contentUrl\":\"https:\\\/\\\/legal.bestway.eu\\\/wp-content\\\/uploads\\\/sites\\\/2\\\/2023\\\/10\\\/bw-white-logo@2x.png\",\"width\":348,\"height\":138,\"caption\":\"Legal\"},\"image\":{\"@id\":\"https:\\\/\\\/legal.bestway.eu\\\/fr-fr\\\/#\\\/schema\\\/logo\\\/image\\\/\"}}]}<\/script>\n<!-- \/ Yoast SEO plugin. -->","yoast_head_json":{"title":"Home page - Legal","robots":{"index":"noindex","follow":"follow","max-snippet":"max-snippet:-1","max-image-preview":"max-image-preview:large","max-video-preview":"max-video-preview:-1"},"og_locale":"fr_FR","og_type":"article","og_title":"Home page - Legal","og_description":"Nous nous soucions de nos clients, c&#8217;est pourquoi nous sommes pr\u00eats \u00e0 fournir tout le soutien n\u00e9cessaire \u00e0 nos clients.","og_url":"https:\/\/legal.bestway.eu\/fr-fr\/","og_site_name":"Legal","article_modified_time":"2024-05-31T08:54:10+00:00","twitter_card":"summary_large_image","twitter_misc":{"Est. reading time":"1 minute"},"schema":{"@context":"https:\/\/schema.org","@graph":[{"@type":"WebPage","@id":"https:\/\/legal.bestway.eu\/fr-fr\/","url":"https:\/\/legal.bestway.eu\/fr-fr\/","name":"Home page - Legal","isPartOf":{"@id":"https:\/\/legal.bestway.eu\/fr-fr\/#website"},"datePublished":"2023-05-03T13:04:15+00:00","dateModified":"2024-05-31T08:54:10+00:00","inLanguage":"fr-fr","potentialAction":[{"@type":"ReadAction","target":["https:\/\/legal.bestway.eu\/fr-fr\/"]}]},{"@type":"WebSite","@id":"https:\/\/legal.bestway.eu\/fr-fr\/#website","url":"https:\/\/legal.bestway.eu\/fr-fr\/","name":"Legal","description":"Legal","publisher":{"@id":"https:\/\/legal.bestway.eu\/fr-fr\/#organization"},"potentialAction":[{"@type":"SearchAction","target":{"@type":"EntryPoint","urlTemplate":"https:\/\/legal.bestway.eu\/fr-fr\/?s={search_term_string}"},"query-input":{"@type":"PropertyValueSpecification","valueRequired":true,"valueName":"search_term_string"}}],"inLanguage":"fr-fr"},{"@type":"Organization","@id":"https:\/\/legal.bestway.eu\/fr-fr\/#organization","name":"Legal","url":"https:\/\/legal.bestway.eu\/fr-fr\/","logo":{"@type":"ImageObject","inLanguage":"fr-fr","@id":"https:\/\/legal.bestway.eu\/fr-fr\/#\/schema\/logo\/image\/","url":"https:\/\/legal.bestway.eu\/wp-content\/uploads\/sites\/2\/2023\/10\/bw-white-logo@2x.png","contentUrl":"https:\/\/legal.bestway.eu\/wp-content\/uploads\/sites\/2\/2023\/10\/bw-white-logo@2x.png","width":348,"height":138,"caption":"Legal"},"image":{"@id":"https:\/\/legal.bestway.eu\/fr-fr\/#\/schema\/logo\/image\/"}}]}},"_links":{"self":[{"href":"https:\/\/legal.bestway.eu\/fr-fr\/wp-json\/wp\/v2\/pages\/1554","targetHints":{"allow":["GET"]}}],"collection":[{"href":"https:\/\/legal.bestway.eu\/fr-fr\/wp-json\/wp\/v2\/pages"}],"about":[{"href":"https:\/\/legal.bestway.eu\/fr-fr\/wp-json\/wp\/v2\/types\/page"}],"author":[{"embeddable":true,"href":"https:\/\/legal.bestway.eu\/fr-fr\/wp-json\/wp\/v2\/users\/1"}],"replies":[{"embeddable":true,"href":"https:\/\/legal.bestway.eu\/fr-fr\/wp-json\/wp\/v2\/comments?post=1554"}],"version-history":[{"count":71,"href":"https:\/\/legal.bestway.eu\/fr-fr\/wp-json\/wp\/v2\/pages\/1554\/revisions"}],"predecessor-version":[{"id":3618,"href":"https:\/\/legal.bestway.eu\/fr-fr\/wp-json\/wp\/v2\/pages\/1554\/revisions\/3618"}],"wp:attachment":[{"href":"https:\/\/legal.bestway.eu\/fr-fr\/wp-json\/wp\/v2\/media?parent=1554"}],"curies":[{"name":"wp","href":"https:\/\/api.w.org\/{rel}","templated":true}]}}