{"id":8678,"date":"2025-06-09T15:47:15","date_gmt":"2025-06-09T13:47:15","guid":{"rendered":"https:\/\/legal.bestway.eu\/accessibility\/"},"modified":"2025-06-18T16:54:18","modified_gmt":"2025-06-18T14:54:18","slug":"accessibility","status":"publish","type":"page","link":"https:\/\/legal.bestway.eu\/fi-fi\/accessibility\/","title":{"rendered":"Esteett\u00f6myys"},"content":{"rendered":"\t\t<div data-elementor-type=\"wp-page\" data-elementor-id=\"8678\" class=\"elementor elementor-8678\" data-elementor-post-type=\"page\">\n\t\t\t\t<div class=\"elementor-element elementor-element-5b5bf09 e-flex e-con-boxed e-con e-parent\" data-id=\"5b5bf09\" data-element_type=\"container\" data-e-type=\"container\">\n\t\t\t\t\t<div class=\"e-con-inner\">\n\t\t\t\t<div class=\"elementor-element elementor-element-febc057 elementor-widget elementor-widget-text-editor\" data-id=\"febc057\" data-element_type=\"widget\" data-e-type=\"widget\" data-widget_type=\"text-editor.default\">\n\t\t\t\t<div class=\"elementor-widget-container\">\n\t\t\t\t\t\t\t\t\t<p>Uskomme, ett\u00e4 internetin tulisi olla kaikkien saatavilla ja saavutettavissa, ja olemme sitoutuneet tarjoamaan verkkosivuston, joka on saavutettavissa mahdollisimman laajalle yleis\u00f6lle.<\/p><p>Noudatamme yleens\u00e4 World Wide Web Consortiumin (W3C) Web Content Accessibility Guidelines 2.1 (WCAG 2.1) -ohjeita. N\u00e4m\u00e4 ohjeet selitt\u00e4v\u00e4t, miten verkkosis\u00e4ll\u00f6st\u00e4 tehd\u00e4\u00e4n saavutettavaa ihmisille, joilla on laaja k\u00e4ytt\u00e4j\u00e4kunta ja erilaisia \u200b\u200btarpeita. N\u00e4iden ohjeiden noudattaminen auttaa meit\u00e4 varmistamaan, ett\u00e4 verkkosivustomme ovat saavutettavissa mahdollisimman laajalle ihmisjoukolle.<\/p>\t\t\t\t\t\t\t\t<\/div>\n\t\t\t\t<\/div>\n\t\t\t\t<div class=\"elementor-element elementor-element-a41cc72 elementor-widget elementor-widget-heading\" data-id=\"a41cc72\" data-element_type=\"widget\" data-e-type=\"widget\" data-widget_type=\"heading.default\">\n\t\t\t\t<div class=\"elementor-widget-container\">\n\t\t\t\t\t<h2 class=\"elementor-heading-title elementor-size-default\">Esteett\u00f6myyslausunnot<\/h2>\t\t\t\t<\/div>\n\t\t\t\t<\/div>\n\t\t\t\t<div class=\"elementor-element elementor-element-dd82ffd elementor-widget elementor-widget-n-accordion\" data-id=\"dd82ffd\" data-element_type=\"widget\" data-e-type=\"widget\" data-settings=\"{&quot;max_items_expended&quot;:&quot;multiple&quot;,&quot;default_state&quot;:&quot;expanded&quot;,&quot;n_accordion_animation_duration&quot;:{&quot;unit&quot;:&quot;ms&quot;,&quot;size&quot;:400,&quot;sizes&quot;:[]}}\" data-widget_type=\"nested-accordion.default\">\n\t\t\t\t<div class=\"elementor-widget-container\">\n\t\t\t\t\t\t\t<div class=\"e-n-accordion\" aria-label=\"Accordion. Open links with Enter or Space, close with Escape, and navigate with Arrow Keys\">\n\t\t\t\t\t\t<details id=\"e-n-accordion-item-2320\" class=\"e-n-accordion-item\" open>\n\t\t\t\t<summary class=\"e-n-accordion-item-title\" data-accordion-index=\"1\" tabindex=\"0\" aria-expanded=\"true\" aria-controls=\"e-n-accordion-item-2320\" >\n\t\t\t\t\t<span class='e-n-accordion-item-title-header'><div class=\"e-n-accordion-item-title-text\">  Tukisivusto (support.bestway.eu) <\/div><\/span>\n\t\t\t\t\t\t\t<span class='e-n-accordion-item-title-icon'>\n\t\t\t<span class='e-opened' ><i aria-hidden=\"true\" class=\"fas fa-minus\"><\/i><\/span>\n\t\t\t<span class='e-closed'><i aria-hidden=\"true\" class=\"fas fa-plus\"><\/i><\/span>\n\t\t<\/span>\n\n\t\t\t\t\t\t<\/summary>\n\t\t\t\t<div role=\"region\" aria-labelledby=\"e-n-accordion-item-2320\" class=\"elementor-element elementor-element-0ab357d e-con-full e-flex e-con e-child\" data-id=\"0ab357d\" data-element_type=\"container\" data-e-type=\"container\">\n\t\t\t\t<div class=\"elementor-element elementor-element-7f3cfd0 elementor-widget elementor-widget-text-editor\" data-id=\"7f3cfd0\" data-element_type=\"widget\" data-e-type=\"widget\" data-widget_type=\"text-editor.default\">\n\t\t\t\t<div class=\"elementor-widget-container\">\n\t\t\t\t\t\t\t\t\t<p data-start=\"107\" data-end=\"192\"><strong data-start=\"107\" data-end=\"192\">Seuraava saavutettavuusseloste koskee verkkosivustoa: https:\/\/support.bestway.eu.<\/strong><\/p><p data-start=\"194\" data-end=\"399\"><strong data-start=\"194\" data-end=\"243\">Yhdenmukaisuuden tila: Osittain saavutettava.<\/strong><br data-start=\"243\" data-end=\"246\" \/>T\u00e4m\u00e4 verkkosivusto on osittain yhdenmukainen standardin UNI CEI EN 301549 liitteen A vaatimusten kanssa alla lueteltujen saavutettavuuspuutteiden vuoksi.<\/p><p data-start=\"529\" data-end=\"567\"><strong data-start=\"529\" data-end=\"565\">1.1.1 \u2013 Ei-tekstuaalinen sis\u00e4lt\u00f6<\/strong><\/p><ul data-start=\"568\" data-end=\"915\"><li data-start=\"568\" data-end=\"659\"><p data-start=\"570\" data-end=\"659\">Joiltakin kuvilta puuttuu <em data-start=\"596\" data-end=\"601\">alt<\/em>-attribuutti tai vaihtoehtoinen teksti ei ole kuvaileva.<\/p><\/li><li data-start=\"660\" data-end=\"771\"><p data-start=\"662\" data-end=\"771\">Joistakin <em data-start=\"672\" data-end=\"680\">iframe<\/em>-elementeist\u00e4 puuttuu vaihtoehtoinen teksti <em data-start=\"724\" data-end=\"731\">title<\/em>&#8211; tai <em data-start=\"737\" data-end=\"749\">aria-label<\/em>-attribuutin kautta.<\/p><\/li><li data-start=\"772\" data-end=\"915\"><p data-start=\"774\" data-end=\"915\">Joitakin vain esitysk\u00e4ytt\u00f6\u00f6n tarkoitettuja elementtej\u00e4 ei ole merkitty oikein <em data-start=\"852\" data-end=\"873\">role=&#8221;presentation&#8221;<\/em> tai <em data-start=\"878\" data-end=\"898\">aria-hidden=&#8221;true&#8221;<\/em> -attribuuteilla.<\/p><\/li><\/ul><p data-start=\"917\" data-end=\"947\"><strong data-start=\"917\" data-end=\"945\">1.3.1 \u2013 Tieto ja suhteet<\/strong><\/p><ul data-start=\"948\" data-end=\"1357\"><li data-start=\"948\" data-end=\"1035\"><p data-start=\"950\" data-end=\"1035\">Useat s\u00e4il\u00f6elementit ovat DOM:ssa tyhji\u00e4, mik\u00e4 aiheuttaa ei-semanttisia rakenteita.<\/p><\/li><li data-start=\"1036\" data-end=\"1152\"><p data-start=\"1038\" data-end=\"1152\">Joiltakin lomakekentilt\u00e4 puuttuvat tunnisteet, jotka on liitetty <em data-start=\"1103\" data-end=\"1112\">&lt;label&gt;<\/em>&#8211; tai <em data-start=\"1118\" data-end=\"1135\">aria-labelledby<\/em>-attribuutilla.<\/p><\/li><li data-start=\"1153\" data-end=\"1217\"><p data-start=\"1155\" data-end=\"1217\">Joistain teksteist\u00e4 puuttuvat ARIA-roolit tai -ominaisuudet.<\/p><\/li><li data-start=\"1218\" data-end=\"1357\"><p data-start=\"1220\" data-end=\"1357\">Joissakin asiakirjoissa ei k\u00e4ytet\u00e4 semanttisia otsikkotunnisteita, mik\u00e4 vaikeuttaa rakenteellista navigointia avustavilla teknologioilla.<\/p><\/li><\/ul><p data-start=\"1359\" data-end=\"1454\"><strong data-start=\"1359\" data-end=\"1452\">1.3.2 \/ 2.1.1 \/ 2.4.3 \u2013 Merkityksellinen j\u00e4rjestys, n\u00e4pp\u00e4imist\u00f6k\u00e4ytt\u00f6, kohdistusj\u00e4rjestys<\/strong><\/p><ul data-start=\"1455\" data-end=\"1607\"><li data-start=\"1455\" data-end=\"1607\"><p data-start=\"1457\" data-end=\"1607\">Joissakin asiakirjoissa lukemis- ja navigointij\u00e4rjestys ei vastaa visuaalista j\u00e4rjestyst\u00e4, mik\u00e4 vaikeuttaa k\u00e4ytt\u00f6\u00e4 n\u00e4pp\u00e4imist\u00f6ll\u00e4 tai ruudunlukijalla.<\/p><\/li><\/ul><p data-start=\"1609\" data-end=\"1641\"><strong data-start=\"1609\" data-end=\"1639\">1.4.3 \u2013 Kontrasti (minimi)<\/strong><\/p><ul data-start=\"1642\" data-end=\"1741\"><li data-start=\"1642\" data-end=\"1741\"><p data-start=\"1644\" data-end=\"1741\">Tekstin ja taustan v\u00e4linen kontrasti ei joissakin elementeiss\u00e4 saavuta v\u00e4himm\u00e4isvaatimusta 4.5:1.<\/p><\/li><\/ul><p data-start=\"1743\" data-end=\"1778\"><strong data-start=\"1743\" data-end=\"1776\">1.4.4 \u2013 Tekstin suurentaminen<\/strong><\/p><ul data-start=\"1779\" data-end=\"1857\"><li data-start=\"1779\" data-end=\"1857\"><p data-start=\"1781\" data-end=\"1857\">Joitakin tekstej\u00e4 leikataan pois tai ne menev\u00e4t p\u00e4\u00e4llekk\u00e4in suurennettaessa.<\/p><\/li><\/ul><p data-start=\"1859\" data-end=\"1908\"><strong data-start=\"1859\" data-end=\"1906\">1.4.10 \u2013 Sis\u00e4ll\u00f6n uudelleenvirtaus (Reflow)<\/strong><\/p><ul data-start=\"1909\" data-end=\"2027\"><li data-start=\"1909\" data-end=\"2027\"><p data-start=\"1911\" data-end=\"2027\">Jotkin sivut tai komponentit eiv\u00e4t k\u00e4sittele zoomausta tai koon muuttamista oikein, mik\u00e4 aiheuttaa asetteluongelmia.<\/p><\/li><\/ul><p data-start=\"2029\" data-end=\"2070\"><strong data-start=\"2029\" data-end=\"2068\">2.4.1 \u2013 Sis\u00e4lt\u00f6lohkojen ohittaminen<\/strong><\/p><ul data-start=\"2071\" data-end=\"2162\"><li data-start=\"2071\" data-end=\"2162\"><p data-start=\"2073\" data-end=\"2162\">Joiltakin sivuilta puuttuu n\u00e4pp\u00e4imist\u00f6ll\u00e4 k\u00e4ytett\u00e4viss\u00e4 oleva &#8220;Siirry sis\u00e4lt\u00f6\u00f6n&#8221; -linkki.<\/p><\/li><\/ul><p data-start=\"2164\" data-end=\"2191\"><strong data-start=\"2164\" data-end=\"2189\">2.4.2 \u2013 Sivun otsikko<\/strong><\/p><ul data-start=\"2192\" data-end=\"2321\"><li data-start=\"2192\" data-end=\"2321\"><p data-start=\"2194\" data-end=\"2321\">Joistakin asiakirjoista puuttuu metatiedoissa sivun otsikko, mik\u00e4 vaikeuttaa sis\u00e4ll\u00f6n tunnistamista avustavilla teknologioilla.<\/p><\/li><\/ul><p data-start=\"2323\" data-end=\"2368\"><strong data-start=\"2323\" data-end=\"2366\">2.4.4 \u2013 Linkin tarkoitus (kontekstissa)<\/strong><\/p><ul data-start=\"2369\" data-end=\"2438\"><li data-start=\"2369\" data-end=\"2438\"><p data-start=\"2371\" data-end=\"2438\">Joistakin linkeist\u00e4 puuttuu merkityksellinen vaihtoehtoinen teksti.<\/p><\/li><\/ul><p data-start=\"2440\" data-end=\"2474\"><strong data-start=\"2440\" data-end=\"2472\">2.4.6 \u2013 Otsikot ja nimikkeet<\/strong><\/p><ul data-start=\"2475\" data-end=\"2546\"><li data-start=\"2475\" data-end=\"2546\"><p data-start=\"2477\" data-end=\"2546\">Joiltakin sivuilta puuttuu semanttisia otsikoita tai <em data-start=\"2530\" data-end=\"2538\">header<\/em>-tageja.<\/p><\/li><\/ul><p data-start=\"2548\" data-end=\"2573\"><strong data-start=\"2548\" data-end=\"2571\">3.1.1 \u2013 Sivun kieli<\/strong><\/p><ul data-start=\"2574\" data-end=\"2673\"><li data-start=\"2574\" data-end=\"2673\"><p data-start=\"2576\" data-end=\"2673\">Asiakirjalle ei ole m\u00e4\u00e4ritelty oletuskielt\u00e4, mik\u00e4 est\u00e4\u00e4 ruudunlukijoita lukemasta teksti\u00e4 oikein.<\/p><\/li><\/ul><p data-start=\"2675\" data-end=\"2706\"><strong data-start=\"2675\" data-end=\"2704\">4.1.2 \u2013 Nimi, rooli, arvo<\/strong><\/p><ul data-start=\"2707\" data-end=\"2852\"><li data-start=\"2707\" data-end=\"2770\"><p data-start=\"2709\" data-end=\"2770\">Useilta painikkeilta puuttuu tekstiselite tai <em data-start=\"2755\" data-end=\"2767\">aria-label<\/em>.<\/p><\/li><li data-start=\"2771\" data-end=\"2852\"><p data-start=\"2773\" data-end=\"2852\">Joissakin ARIA-attribuuteissa on virheellisi\u00e4 tai standardien vastaisia arvoja.<\/p><\/li><\/ul>\t\t\t\t\t\t\t\t<\/div>\n\t\t\t\t<\/div>\n\t\t\t\t<\/div>\n\t\t\t\t\t<\/details>\n\t\t\t\t\t<\/div>\n\t\t\t\t\t\t<\/div>\n\t\t\t\t<\/div>\n\t\t\t\t<div class=\"elementor-element elementor-element-3003df7 elementor-widget elementor-widget-heading\" data-id=\"3003df7\" data-element_type=\"widget\" data-e-type=\"widget\" data-widget_type=\"heading.default\">\n\t\t\t\t<div class=\"elementor-widget-container\">\n\t\t\t\t\t<h2 class=\"elementor-heading-title elementor-size-default\">Kommentteja ja palautetta<\/h2>\t\t\t\t<\/div>\n\t\t\t\t<\/div>\n\t\t\t\t<div class=\"elementor-element elementor-element-2b49daa elementor-widget elementor-widget-text-editor\" data-id=\"2b49daa\" data-element_type=\"widget\" data-e-type=\"widget\" data-widget_type=\"text-editor.default\">\n\t\t\t\t<div class=\"elementor-widget-container\">\n\t\t\t\t\t\t\t\t\t<p>\u00a0<\/p><p><br \/>Kehit\u00e4mme sivustojamme pyrkien noudattamaan digitaalisen saavutettavuuden kriteerej\u00e4, mutta jotkin sivut tai osiot eiv\u00e4t v\u00e4ltt\u00e4m\u00e4tt\u00e4 ole t\u00e4ysin saavutettavia, ovat vasta tulossa saavutettaviksi tai niist\u00e4 puuttuu riitt\u00e4v\u00e4 tekninen ratkaisu saavutettavuuden takaamiseksi. Palautetta tai raportteja varten kirjoita osoitteeseen <a style=\"font-size: 16px; background-color: #ffffff;\" href=\"mailto:accessibility@bestwaycorp.eu\"><strong>accessibility@bestwaycorp.eu<\/strong><\/a><\/p>\t\t\t\t\t\t\t\t<\/div>\n\t\t\t\t<\/div>\n\t\t\t\t\t<\/div>\n\t\t\t\t<\/div>\n\t\t\t\t<\/div>\n\t\t","protected":false},"excerpt":{"rendered":"<p>Uskomme, ett\u00e4 internetin tulisi olla kaikkien saatavilla ja saavutettavissa, ja olemme sitoutuneet tarjoamaan verkkosivuston, joka on saavutettavissa mahdollisimman laajalle yleis\u00f6lle. Noudatamme yleens\u00e4 World Wide Web Consortiumin (W3C) Web Content Accessibility Guidelines 2.1 (WCAG 2.1) -ohjeita. N\u00e4m\u00e4 ohjeet selitt\u00e4v\u00e4t, miten verkkosis\u00e4ll\u00f6st\u00e4 tehd\u00e4\u00e4n saavutettavaa ihmisille, joilla on laaja k\u00e4ytt\u00e4j\u00e4kunta ja erilaisia \u200b\u200btarpeita. N\u00e4iden ohjeiden noudattaminen auttaa meit\u00e4 [&hellip;]<\/p>\n","protected":false},"author":1,"featured_media":0,"parent":0,"menu_order":0,"comment_status":"closed","ping_status":"closed","template":"","meta":{"_acf_changed":false,"site-sidebar-layout":"no-sidebar","site-content-layout":"page-builder","ast-site-content-layout":"full-width-container","site-content-style":"default","site-sidebar-style":"default","ast-global-header-display":"","ast-banner-title-visibility":"","ast-main-header-display":"","ast-hfb-above-header-display":"","ast-hfb-below-header-display":"","ast-hfb-mobile-header-display":"","site-post-title":"disabled","ast-breadcrumbs-content":"","ast-featured-img":"disabled","footer-sml-layout":"","ast-disable-related-posts":"","theme-transparent-header-meta":"","adv-header-id-meta":"","stick-header-meta":"","header-above-stick-meta":"","header-main-stick-meta":"","header-below-stick-meta":"","astra-migrate-meta-layouts":"set","ast-page-background-enabled":"default","ast-page-background-meta":{"desktop":{"background-color":"var(--ast-global-color-4)","background-image":"","background-repeat":"repeat","background-position":"center center","background-size":"auto","background-attachment":"scroll","background-type":"","background-media":"","overlay-type":"","overlay-color":"","overlay-opacity":"","overlay-gradient":""},"tablet":{"background-color":"","background-image":"","background-repeat":"repeat","background-position":"center center","background-size":"auto","background-attachment":"scroll","background-type":"","background-media":"","overlay-type":"","overlay-color":"","overlay-opacity":"","overlay-gradient":""},"mobile":{"background-color":"","background-image":"","background-repeat":"repeat","background-position":"center center","background-size":"auto","background-attachment":"scroll","background-type":"","background-media":"","overlay-type":"","overlay-color":"","overlay-opacity":"","overlay-gradient":""}},"ast-content-background-meta":{"desktop":{"background-color":"var(--ast-global-color-5)","background-image":"","background-repeat":"repeat","background-position":"center center","background-size":"auto","background-attachment":"scroll","background-type":"","background-media":"","overlay-type":"","overlay-color":"","overlay-opacity":"","overlay-gradient":""},"tablet":{"background-color":"var(--ast-global-color-5)","background-image":"","background-repeat":"repeat","background-position":"center center","background-size":"auto","background-attachment":"scroll","background-type":"","background-media":"","overlay-type":"","overlay-color":"","overlay-opacity":"","overlay-gradient":""},"mobile":{"background-color":"var(--ast-global-color-5)","background-image":"","background-repeat":"repeat","background-position":"center center","background-size":"auto","background-attachment":"scroll","background-type":"","background-media":"","overlay-type":"","overlay-color":"","overlay-opacity":"","overlay-gradient":""}},"footnotes":""},"class_list":["post-8678","page","type-page","status-publish","hentry"],"acf":[],"yoast_head":"<!-- This site is optimized with the Yoast SEO plugin v27.6 - https:\/\/yoast.com\/product\/yoast-seo-wordpress\/ -->\n<title>Esteett\u00f6myys - Legal<\/title>\n<meta name=\"robots\" content=\"noindex, follow, max-snippet:-1, max-image-preview:large, max-video-preview:-1\" \/>\n<meta property=\"og:locale\" content=\"fi_FI\" \/>\n<meta property=\"og:type\" content=\"article\" \/>\n<meta property=\"og:title\" content=\"Esteett\u00f6myys - Legal\" \/>\n<meta property=\"og:description\" content=\"Uskomme, ett\u00e4 internetin tulisi olla kaikkien saatavilla ja saavutettavissa, ja olemme sitoutuneet tarjoamaan verkkosivuston, joka on saavutettavissa mahdollisimman laajalle yleis\u00f6lle. Noudatamme yleens\u00e4 World Wide Web Consortiumin (W3C) Web Content Accessibility Guidelines 2.1 (WCAG 2.1) -ohjeita. N\u00e4m\u00e4 ohjeet selitt\u00e4v\u00e4t, miten verkkosis\u00e4ll\u00f6st\u00e4 tehd\u00e4\u00e4n saavutettavaa ihmisille, joilla on laaja k\u00e4ytt\u00e4j\u00e4kunta ja erilaisia \u200b\u200btarpeita. N\u00e4iden ohjeiden noudattaminen auttaa meit\u00e4 [&hellip;]\" \/>\n<meta property=\"og:url\" content=\"https:\/\/legal.bestway.eu\/fi-fi\/accessibility\/\" \/>\n<meta property=\"og:site_name\" content=\"Legal\" \/>\n<meta property=\"article:modified_time\" content=\"2025-06-18T14:54:18+00:00\" \/>\n<meta name=\"twitter:card\" content=\"summary_large_image\" \/>\n<meta name=\"twitter:label1\" content=\"Est. reading time\" \/>\n\t<meta name=\"twitter:data1\" content=\"4 minutes\" \/>\n<script type=\"application\/ld+json\" class=\"yoast-schema-graph\">{\"@context\":\"https:\\\/\\\/schema.org\",\"@graph\":[{\"@type\":\"WebPage\",\"@id\":\"https:\\\/\\\/legal.bestway.eu\\\/fi-fi\\\/accessibility\\\/\",\"url\":\"https:\\\/\\\/legal.bestway.eu\\\/fi-fi\\\/accessibility\\\/\",\"name\":\"Esteett\u00f6myys - Legal\",\"isPartOf\":{\"@id\":\"https:\\\/\\\/legal.bestway.eu\\\/fi-fi\\\/#website\"},\"datePublished\":\"2025-06-09T13:47:15+00:00\",\"dateModified\":\"2025-06-18T14:54:18+00:00\",\"inLanguage\":\"fi-fi\",\"potentialAction\":[{\"@type\":\"ReadAction\",\"target\":[\"https:\\\/\\\/legal.bestway.eu\\\/fi-fi\\\/accessibility\\\/\"]}]},{\"@type\":\"WebSite\",\"@id\":\"https:\\\/\\\/legal.bestway.eu\\\/fi-fi\\\/#website\",\"url\":\"https:\\\/\\\/legal.bestway.eu\\\/fi-fi\\\/\",\"name\":\"Legal\",\"description\":\"Legal\",\"publisher\":{\"@id\":\"https:\\\/\\\/legal.bestway.eu\\\/fi-fi\\\/#organization\"},\"potentialAction\":[{\"@type\":\"SearchAction\",\"target\":{\"@type\":\"EntryPoint\",\"urlTemplate\":\"https:\\\/\\\/legal.bestway.eu\\\/fi-fi\\\/?s={search_term_string}\"},\"query-input\":{\"@type\":\"PropertyValueSpecification\",\"valueRequired\":true,\"valueName\":\"search_term_string\"}}],\"inLanguage\":\"fi-fi\"},{\"@type\":\"Organization\",\"@id\":\"https:\\\/\\\/legal.bestway.eu\\\/fi-fi\\\/#organization\",\"name\":\"Legal\",\"url\":\"https:\\\/\\\/legal.bestway.eu\\\/fi-fi\\\/\",\"logo\":{\"@type\":\"ImageObject\",\"inLanguage\":\"fi-fi\",\"@id\":\"https:\\\/\\\/legal.bestway.eu\\\/fi-fi\\\/#\\\/schema\\\/logo\\\/image\\\/\",\"url\":\"https:\\\/\\\/legal.bestway.eu\\\/wp-content\\\/uploads\\\/sites\\\/2\\\/2023\\\/10\\\/bw-white-logo@2x.png\",\"contentUrl\":\"https:\\\/\\\/legal.bestway.eu\\\/wp-content\\\/uploads\\\/sites\\\/2\\\/2023\\\/10\\\/bw-white-logo@2x.png\",\"width\":348,\"height\":138,\"caption\":\"Legal\"},\"image\":{\"@id\":\"https:\\\/\\\/legal.bestway.eu\\\/fi-fi\\\/#\\\/schema\\\/logo\\\/image\\\/\"}}]}<\/script>\n<!-- \/ Yoast SEO plugin. -->","yoast_head_json":{"title":"Esteett\u00f6myys - Legal","robots":{"index":"noindex","follow":"follow","max-snippet":"max-snippet:-1","max-image-preview":"max-image-preview:large","max-video-preview":"max-video-preview:-1"},"og_locale":"fi_FI","og_type":"article","og_title":"Esteett\u00f6myys - Legal","og_description":"Uskomme, ett\u00e4 internetin tulisi olla kaikkien saatavilla ja saavutettavissa, ja olemme sitoutuneet tarjoamaan verkkosivuston, joka on saavutettavissa mahdollisimman laajalle yleis\u00f6lle. Noudatamme yleens\u00e4 World Wide Web Consortiumin (W3C) Web Content Accessibility Guidelines 2.1 (WCAG 2.1) -ohjeita. N\u00e4m\u00e4 ohjeet selitt\u00e4v\u00e4t, miten verkkosis\u00e4ll\u00f6st\u00e4 tehd\u00e4\u00e4n saavutettavaa ihmisille, joilla on laaja k\u00e4ytt\u00e4j\u00e4kunta ja erilaisia \u200b\u200btarpeita. N\u00e4iden ohjeiden noudattaminen auttaa meit\u00e4 [&hellip;]","og_url":"https:\/\/legal.bestway.eu\/fi-fi\/accessibility\/","og_site_name":"Legal","article_modified_time":"2025-06-18T14:54:18+00:00","twitter_card":"summary_large_image","twitter_misc":{"Est. reading time":"4 minutes"},"schema":{"@context":"https:\/\/schema.org","@graph":[{"@type":"WebPage","@id":"https:\/\/legal.bestway.eu\/fi-fi\/accessibility\/","url":"https:\/\/legal.bestway.eu\/fi-fi\/accessibility\/","name":"Esteett\u00f6myys - Legal","isPartOf":{"@id":"https:\/\/legal.bestway.eu\/fi-fi\/#website"},"datePublished":"2025-06-09T13:47:15+00:00","dateModified":"2025-06-18T14:54:18+00:00","inLanguage":"fi-fi","potentialAction":[{"@type":"ReadAction","target":["https:\/\/legal.bestway.eu\/fi-fi\/accessibility\/"]}]},{"@type":"WebSite","@id":"https:\/\/legal.bestway.eu\/fi-fi\/#website","url":"https:\/\/legal.bestway.eu\/fi-fi\/","name":"Legal","description":"Legal","publisher":{"@id":"https:\/\/legal.bestway.eu\/fi-fi\/#organization"},"potentialAction":[{"@type":"SearchAction","target":{"@type":"EntryPoint","urlTemplate":"https:\/\/legal.bestway.eu\/fi-fi\/?s={search_term_string}"},"query-input":{"@type":"PropertyValueSpecification","valueRequired":true,"valueName":"search_term_string"}}],"inLanguage":"fi-fi"},{"@type":"Organization","@id":"https:\/\/legal.bestway.eu\/fi-fi\/#organization","name":"Legal","url":"https:\/\/legal.bestway.eu\/fi-fi\/","logo":{"@type":"ImageObject","inLanguage":"fi-fi","@id":"https:\/\/legal.bestway.eu\/fi-fi\/#\/schema\/logo\/image\/","url":"https:\/\/legal.bestway.eu\/wp-content\/uploads\/sites\/2\/2023\/10\/bw-white-logo@2x.png","contentUrl":"https:\/\/legal.bestway.eu\/wp-content\/uploads\/sites\/2\/2023\/10\/bw-white-logo@2x.png","width":348,"height":138,"caption":"Legal"},"image":{"@id":"https:\/\/legal.bestway.eu\/fi-fi\/#\/schema\/logo\/image\/"}}]}},"_links":{"self":[{"href":"https:\/\/legal.bestway.eu\/fi-fi\/wp-json\/wp\/v2\/pages\/8678","targetHints":{"allow":["GET"]}}],"collection":[{"href":"https:\/\/legal.bestway.eu\/fi-fi\/wp-json\/wp\/v2\/pages"}],"about":[{"href":"https:\/\/legal.bestway.eu\/fi-fi\/wp-json\/wp\/v2\/types\/page"}],"author":[{"embeddable":true,"href":"https:\/\/legal.bestway.eu\/fi-fi\/wp-json\/wp\/v2\/users\/1"}],"replies":[{"embeddable":true,"href":"https:\/\/legal.bestway.eu\/fi-fi\/wp-json\/wp\/v2\/comments?post=8678"}],"version-history":[{"count":4,"href":"https:\/\/legal.bestway.eu\/fi-fi\/wp-json\/wp\/v2\/pages\/8678\/revisions"}],"predecessor-version":[{"id":8682,"href":"https:\/\/legal.bestway.eu\/fi-fi\/wp-json\/wp\/v2\/pages\/8678\/revisions\/8682"}],"wp:attachment":[{"href":"https:\/\/legal.bestway.eu\/fi-fi\/wp-json\/wp\/v2\/media?parent=8678"}],"curies":[{"name":"wp","href":"https:\/\/api.w.org\/{rel}","templated":true}]}}