{"id":7319,"date":"2023-10-24T11:15:40","date_gmt":"2023-10-24T09:15:40","guid":{"rendered":"https:\/\/legal.bestway.eu\/?page_id=7319"},"modified":"2026-02-10T10:52:45","modified_gmt":"2026-02-10T09:52:45","slug":"warranty-extension","status":"publish","type":"page","link":"https:\/\/legal.bestway.eu\/fi-fi\/warranty-extension\/","title":{"rendered":"Bestwayn takuu"},"content":{"rendered":"\t\t<div data-elementor-type=\"wp-page\" data-elementor-id=\"7319\" class=\"elementor elementor-7319\" data-elementor-post-type=\"page\">\n\t\t\t\t<div class=\"elementor-element elementor-element-201a7b e-flex e-con-boxed e-con e-parent\" data-id=\"201a7b\" data-element_type=\"container\" data-e-type=\"container\">\n\t\t\t\t\t<div class=\"e-con-inner\">\n\t\t\t\t<div class=\"elementor-element elementor-element-3862fa4 elementor-widget elementor-widget-text-editor\" data-id=\"3862fa4\" data-element_type=\"widget\" data-e-type=\"widget\" data-widget_type=\"text-editor.default\">\n\t\t\t\t<div class=\"elementor-widget-container\">\n\t\t\t\t\t\t\t\t\t<p><span class=\"jCAhz ChMk0b\"><span class=\"ryNqvb\">Alla on BESTWAY EUROPE S.p.A.:n soveltamat takuuehdot, jonka kotipaikka on Via della Resistenza n.<\/span><\/span> <span class=\"jCAhz ChMk0b\"><span class=\"ryNqvb\">5, San Giuliano Milanese (20098) &#8211; Milano, Italia (j\u00e4ljemp\u00e4n\u00e4 &#8220;BESTWAY&#8221;), Euroopan talousalueella BESTWAY-tuotemerkill\u00e4 myyt\u00e4vist\u00e4 tuotteista.<\/span><\/span><\/p>\t\t\t\t\t\t\t\t<\/div>\n\t\t\t\t<\/div>\n\t\t\t\t\t<\/div>\n\t\t\t\t<\/div>\n\t\t<div class=\"elementor-element elementor-element-2d7f1d1b e-flex e-con-boxed e-con e-parent\" data-id=\"2d7f1d1b\" data-element_type=\"container\" data-e-type=\"container\">\n\t\t\t\t\t<div class=\"e-con-inner\">\n\t\t\t\t<div class=\"elementor-element elementor-element-7112739 elementor-widget elementor-widget-heading\" data-id=\"7112739\" data-element_type=\"widget\" data-e-type=\"widget\" data-widget_type=\"heading.default\">\n\t\t\t\t<div class=\"elementor-widget-container\">\n\t\t\t\t\t<h2 class=\"elementor-heading-title elementor-size-default\">Laillinen takuu<\/h2>\t\t\t\t<\/div>\n\t\t\t\t<\/div>\n\t\t\t\t<div class=\"elementor-element elementor-element-0f3351f elementor-widget elementor-widget-text-editor\" data-id=\"0f3351f\" data-element_type=\"widget\" data-e-type=\"widget\" data-widget_type=\"text-editor.default\">\n\t\t\t\t<div class=\"elementor-widget-container\">\n\t\t\t\t\t\t\t\t\t<p>1.1 Lakis\u00e4\u00e4teinen takuu perustuu Euroopan direktiiveihin 1999\/44\/EY ja 2019\/771\/EU, jotka on tarkoitettu suojaamaan Kuluttajaa, kuten j\u00e4ljemp\u00e4n\u00e4 m\u00e4\u00e4ritelty, tilanteissa, joissa ostetut tavarat (&#8220;Tuotteet&#8221;) osoittautuvat virheellisiksi tai eiv\u00e4t vastaa sovittua.<br><br>1.2 Edell\u00e4 mainittujen Euroopan direktiivien mukaan Kuluttajalla tarkoitetaan luonnollista henkil\u00f6\u00e4, joka ostaa Tuotteen tarkoituksiin, jotka eiv\u00e4t liity h\u00e4nen yritys-, liike-, k\u00e4sity\u00f6- tai ammattitoimintaansa (&#8220;Kuluttaja&#8221;).<br><br>1.3 Lakis\u00e4\u00e4teinen takuu on voimassa 24 kuukautta siit\u00e4 hetkest\u00e4, kun Tuote toimitetaan Kuluttajalle. Huomioithan, ett\u00e4 n\u00e4iss\u00e4 direktiiveiss\u00e4 vahvistettuja m\u00e4\u00e4r\u00e4aikoja ei sovelleta maissa Euroopan talousalueen ulkopuolella, joissa noudatetaan kyseisen maan paikallista sovellettavaa lains\u00e4\u00e4d\u00e4nt\u00f6\u00e4.<br><br>1.4 Mik\u00e4li Kuluttaja katsoo ostaneensa Tuotteen, jossa on virhe tai puutteellisuus, h\u00e4nen tulee ottaa yhteytt\u00e4 omaan j\u00e4lleenmyyj\u00e4\u00e4ns\u00e4 hy\u00f6dynt\u00e4\u00e4kseen asiaankuuluvaa takuuta.<br><br>1.5 BESTWAY my\u00f6nt\u00e4\u00e4 takuun Tuotteiden mahdollisista virheist\u00e4 kaikille Kuluttajille, jotka ovat ostaneet Tuotteet suoraan BESTWAYlta.<\/p>\t\t\t\t\t\t\t\t<\/div>\n\t\t\t\t<\/div>\n\t\t\t\t<div class=\"elementor-element elementor-element-1fe5510 elementor-widget elementor-widget-heading\" data-id=\"1fe5510\" data-element_type=\"widget\" data-e-type=\"widget\" data-widget_type=\"heading.default\">\n\t\t\t\t<div class=\"elementor-widget-container\">\n\t\t\t\t\t<h2 class=\"elementor-heading-title elementor-size-default\">Valmistajan takuu<\/h2>\t\t\t\t<\/div>\n\t\t\t\t<\/div>\n\t\t\t\t<div class=\"elementor-element elementor-element-b5b3ff4 elementor-widget elementor-widget-text-editor\" data-id=\"b5b3ff4\" data-element_type=\"widget\" data-e-type=\"widget\" data-widget_type=\"text-editor.default\">\n\t\t\t\t<div class=\"elementor-widget-container\">\n\t\t\t\t\t\t\t\t\t<div class=\"lRu31\" dir=\"ltr\"><span class=\"HwtZe\" lang=\"fi\"><span class=\"jCAhz ChMk0b\"><span class=\"ryNqvb\">Rajoittamatta laissa s\u00e4\u00e4dettyj\u00e4 takuita ja oikeuksia ja rajoittamatta kuluttajan mahdollisuutta aktivoida edell\u00e4 mainittu lakis\u00e4\u00e4teinen takuu, BESTWAY tarjoaa lis\u00e4takuun (&#8220;BESTWAY:n valmistajan takuu&#8221;) mahdollisille vaatimustenmukaisuusvirheille, jota sovelletaan rajoitettuun valikoimaan Tuotteet. <\/span><\/span><\/span><\/div><div dir=\"ltr\">\u00a0<\/div><div class=\"lRu31\" dir=\"ltr\"><span class=\"HwtZe\" lang=\"fi\"><span class=\"jCAhz ChMk0b\"><span class=\"ryNqvb\"><a href=\"https:\/\/support.bestway.eu\/fi-fi\/warranty\" target=\"_blank\" rel=\"noopener\">Napsauta t\u00e4t\u00e4<\/a> saadaksesi selville ehdot, tuotevalikoiman ja aktivointitavat.<\/span><\/span><\/span><div class=\"OvtS8d\">\u00a0<\/div><div id=\"ow31\">\u00a0<\/div><\/div><div class=\"UdTY9 WdefRb\" aria-hidden=\"true\" data-location=\"2\">\u00a0<\/div>\t\t\t\t\t\t\t\t<\/div>\n\t\t\t\t<\/div>\n\t\t\t\t\t<\/div>\n\t\t\t\t<\/div>\n\t\t\t\t<\/div>\n\t\t","protected":false},"excerpt":{"rendered":"<p>Alla on BESTWAY EUROPE S.p.A.:n soveltamat takuuehdot, jonka kotipaikka on Via della Resistenza n. 5, San Giuliano Milanese (20098) &#8211; Milano, Italia (j\u00e4ljemp\u00e4n\u00e4 &#8220;BESTWAY&#8221;), Euroopan talousalueella BESTWAY-tuotemerkill\u00e4 myyt\u00e4vist\u00e4 tuotteista. Laillinen takuu 1.1 Lakis\u00e4\u00e4teinen takuu perustuu Euroopan direktiiveihin 1999\/44\/EY ja 2019\/771\/EU, jotka on tarkoitettu suojaamaan Kuluttajaa, kuten j\u00e4ljemp\u00e4n\u00e4 m\u00e4\u00e4ritelty, tilanteissa, joissa ostetut tavarat (&#8220;Tuotteet&#8221;) osoittautuvat virheellisiksi [&hellip;]<\/p>\n","protected":false},"author":9,"featured_media":0,"parent":0,"menu_order":0,"comment_status":"closed","ping_status":"closed","template":"","meta":{"_acf_changed":false,"site-sidebar-layout":"no-sidebar","site-content-layout":"page-builder","ast-site-content-layout":"full-width-container","site-content-style":"default","site-sidebar-style":"default","ast-global-header-display":"","ast-banner-title-visibility":"","ast-main-header-display":"","ast-hfb-above-header-display":"","ast-hfb-below-header-display":"","ast-hfb-mobile-header-display":"","site-post-title":"disabled","ast-breadcrumbs-content":"","ast-featured-img":"disabled","footer-sml-layout":"","ast-disable-related-posts":"","theme-transparent-header-meta":"","adv-header-id-meta":"","stick-header-meta":"","header-above-stick-meta":"","header-main-stick-meta":"","header-below-stick-meta":"","astra-migrate-meta-layouts":"set","ast-page-background-enabled":"default","ast-page-background-meta":{"desktop":{"background-color":"var(--ast-global-color-4)","background-image":"","background-repeat":"repeat","background-position":"center center","background-size":"auto","background-attachment":"scroll","background-type":"","background-media":"","overlay-type":"","overlay-color":"","overlay-opacity":"","overlay-gradient":""},"tablet":{"background-color":"","background-image":"","background-repeat":"repeat","background-position":"center center","background-size":"auto","background-attachment":"scroll","background-type":"","background-media":"","overlay-type":"","overlay-color":"","overlay-opacity":"","overlay-gradient":""},"mobile":{"background-color":"","background-image":"","background-repeat":"repeat","background-position":"center center","background-size":"auto","background-attachment":"scroll","background-type":"","background-media":"","overlay-type":"","overlay-color":"","overlay-opacity":"","overlay-gradient":""}},"ast-content-background-meta":{"desktop":{"background-color":"var(--ast-global-color-5)","background-image":"","background-repeat":"repeat","background-position":"center center","background-size":"auto","background-attachment":"scroll","background-type":"","background-media":"","overlay-type":"","overlay-color":"","overlay-opacity":"","overlay-gradient":""},"tablet":{"background-color":"var(--ast-global-color-5)","background-image":"","background-repeat":"repeat","background-position":"center center","background-size":"auto","background-attachment":"scroll","background-type":"","background-media":"","overlay-type":"","overlay-color":"","overlay-opacity":"","overlay-gradient":""},"mobile":{"background-color":"var(--ast-global-color-5)","background-image":"","background-repeat":"repeat","background-position":"center center","background-size":"auto","background-attachment":"scroll","background-type":"","background-media":"","overlay-type":"","overlay-color":"","overlay-opacity":"","overlay-gradient":""}},"footnotes":""},"class_list":["post-7319","page","type-page","status-publish","hentry"],"acf":[],"yoast_head":"<!-- This site is optimized with the Yoast SEO plugin v27.4 - https:\/\/yoast.com\/product\/yoast-seo-wordpress\/ -->\n<title>Bestwayn takuu - Legal<\/title>\n<meta name=\"robots\" content=\"noindex, follow, max-snippet:-1, max-image-preview:large, max-video-preview:-1\" \/>\n<meta property=\"og:locale\" content=\"fi_FI\" \/>\n<meta property=\"og:type\" content=\"article\" \/>\n<meta property=\"og:title\" content=\"Bestwayn takuu - Legal\" \/>\n<meta property=\"og:description\" content=\"Alla on BESTWAY EUROPE S.p.A.:n soveltamat takuuehdot, jonka kotipaikka on Via della Resistenza n. 5, San Giuliano Milanese (20098) &#8211; Milano, Italia (j\u00e4ljemp\u00e4n\u00e4 &#8220;BESTWAY&#8221;), Euroopan talousalueella BESTWAY-tuotemerkill\u00e4 myyt\u00e4vist\u00e4 tuotteista. Laillinen takuu 1.1 Lakis\u00e4\u00e4teinen takuu perustuu Euroopan direktiiveihin 1999\/44\/EY ja 2019\/771\/EU, jotka on tarkoitettu suojaamaan Kuluttajaa, kuten j\u00e4ljemp\u00e4n\u00e4 m\u00e4\u00e4ritelty, tilanteissa, joissa ostetut tavarat (&#8220;Tuotteet&#8221;) osoittautuvat virheellisiksi [&hellip;]\" \/>\n<meta property=\"og:url\" content=\"https:\/\/legal.bestway.eu\/fi-fi\/warranty-extension\/\" \/>\n<meta property=\"og:site_name\" content=\"Legal\" \/>\n<meta property=\"article:modified_time\" content=\"2026-02-10T09:52:45+00:00\" \/>\n<meta name=\"twitter:card\" content=\"summary_large_image\" \/>\n<meta name=\"twitter:label1\" content=\"Est. reading time\" \/>\n\t<meta name=\"twitter:data1\" content=\"2 minutes\" \/>\n<script type=\"application\/ld+json\" class=\"yoast-schema-graph\">{\"@context\":\"https:\\\/\\\/schema.org\",\"@graph\":[{\"@type\":\"WebPage\",\"@id\":\"https:\\\/\\\/legal.bestway.eu\\\/fi-fi\\\/warranty-extension\\\/\",\"url\":\"https:\\\/\\\/legal.bestway.eu\\\/fi-fi\\\/warranty-extension\\\/\",\"name\":\"Bestwayn takuu - Legal\",\"isPartOf\":{\"@id\":\"https:\\\/\\\/legal.bestway.eu\\\/fi-fi\\\/#website\"},\"datePublished\":\"2023-10-24T09:15:40+00:00\",\"dateModified\":\"2026-02-10T09:52:45+00:00\",\"inLanguage\":\"fi-fi\",\"potentialAction\":[{\"@type\":\"ReadAction\",\"target\":[\"https:\\\/\\\/legal.bestway.eu\\\/fi-fi\\\/warranty-extension\\\/\"]}]},{\"@type\":\"WebSite\",\"@id\":\"https:\\\/\\\/legal.bestway.eu\\\/fi-fi\\\/#website\",\"url\":\"https:\\\/\\\/legal.bestway.eu\\\/fi-fi\\\/\",\"name\":\"Legal\",\"description\":\"Legal\",\"publisher\":{\"@id\":\"https:\\\/\\\/legal.bestway.eu\\\/fi-fi\\\/#organization\"},\"potentialAction\":[{\"@type\":\"SearchAction\",\"target\":{\"@type\":\"EntryPoint\",\"urlTemplate\":\"https:\\\/\\\/legal.bestway.eu\\\/fi-fi\\\/?s={search_term_string}\"},\"query-input\":{\"@type\":\"PropertyValueSpecification\",\"valueRequired\":true,\"valueName\":\"search_term_string\"}}],\"inLanguage\":\"fi-fi\"},{\"@type\":\"Organization\",\"@id\":\"https:\\\/\\\/legal.bestway.eu\\\/fi-fi\\\/#organization\",\"name\":\"Legal\",\"url\":\"https:\\\/\\\/legal.bestway.eu\\\/fi-fi\\\/\",\"logo\":{\"@type\":\"ImageObject\",\"inLanguage\":\"fi-fi\",\"@id\":\"https:\\\/\\\/legal.bestway.eu\\\/fi-fi\\\/#\\\/schema\\\/logo\\\/image\\\/\",\"url\":\"https:\\\/\\\/legal.bestway.eu\\\/wp-content\\\/uploads\\\/sites\\\/2\\\/2023\\\/10\\\/bw-white-logo@2x.png\",\"contentUrl\":\"https:\\\/\\\/legal.bestway.eu\\\/wp-content\\\/uploads\\\/sites\\\/2\\\/2023\\\/10\\\/bw-white-logo@2x.png\",\"width\":348,\"height\":138,\"caption\":\"Legal\"},\"image\":{\"@id\":\"https:\\\/\\\/legal.bestway.eu\\\/fi-fi\\\/#\\\/schema\\\/logo\\\/image\\\/\"}}]}<\/script>\n<!-- \/ Yoast SEO plugin. -->","yoast_head_json":{"title":"Bestwayn takuu - Legal","robots":{"index":"noindex","follow":"follow","max-snippet":"max-snippet:-1","max-image-preview":"max-image-preview:large","max-video-preview":"max-video-preview:-1"},"og_locale":"fi_FI","og_type":"article","og_title":"Bestwayn takuu - Legal","og_description":"Alla on BESTWAY EUROPE S.p.A.:n soveltamat takuuehdot, jonka kotipaikka on Via della Resistenza n. 5, San Giuliano Milanese (20098) &#8211; Milano, Italia (j\u00e4ljemp\u00e4n\u00e4 &#8220;BESTWAY&#8221;), Euroopan talousalueella BESTWAY-tuotemerkill\u00e4 myyt\u00e4vist\u00e4 tuotteista. Laillinen takuu 1.1 Lakis\u00e4\u00e4teinen takuu perustuu Euroopan direktiiveihin 1999\/44\/EY ja 2019\/771\/EU, jotka on tarkoitettu suojaamaan Kuluttajaa, kuten j\u00e4ljemp\u00e4n\u00e4 m\u00e4\u00e4ritelty, tilanteissa, joissa ostetut tavarat (&#8220;Tuotteet&#8221;) osoittautuvat virheellisiksi [&hellip;]","og_url":"https:\/\/legal.bestway.eu\/fi-fi\/warranty-extension\/","og_site_name":"Legal","article_modified_time":"2026-02-10T09:52:45+00:00","twitter_card":"summary_large_image","twitter_misc":{"Est. reading time":"2 minutes"},"schema":{"@context":"https:\/\/schema.org","@graph":[{"@type":"WebPage","@id":"https:\/\/legal.bestway.eu\/fi-fi\/warranty-extension\/","url":"https:\/\/legal.bestway.eu\/fi-fi\/warranty-extension\/","name":"Bestwayn takuu - Legal","isPartOf":{"@id":"https:\/\/legal.bestway.eu\/fi-fi\/#website"},"datePublished":"2023-10-24T09:15:40+00:00","dateModified":"2026-02-10T09:52:45+00:00","inLanguage":"fi-fi","potentialAction":[{"@type":"ReadAction","target":["https:\/\/legal.bestway.eu\/fi-fi\/warranty-extension\/"]}]},{"@type":"WebSite","@id":"https:\/\/legal.bestway.eu\/fi-fi\/#website","url":"https:\/\/legal.bestway.eu\/fi-fi\/","name":"Legal","description":"Legal","publisher":{"@id":"https:\/\/legal.bestway.eu\/fi-fi\/#organization"},"potentialAction":[{"@type":"SearchAction","target":{"@type":"EntryPoint","urlTemplate":"https:\/\/legal.bestway.eu\/fi-fi\/?s={search_term_string}"},"query-input":{"@type":"PropertyValueSpecification","valueRequired":true,"valueName":"search_term_string"}}],"inLanguage":"fi-fi"},{"@type":"Organization","@id":"https:\/\/legal.bestway.eu\/fi-fi\/#organization","name":"Legal","url":"https:\/\/legal.bestway.eu\/fi-fi\/","logo":{"@type":"ImageObject","inLanguage":"fi-fi","@id":"https:\/\/legal.bestway.eu\/fi-fi\/#\/schema\/logo\/image\/","url":"https:\/\/legal.bestway.eu\/wp-content\/uploads\/sites\/2\/2023\/10\/bw-white-logo@2x.png","contentUrl":"https:\/\/legal.bestway.eu\/wp-content\/uploads\/sites\/2\/2023\/10\/bw-white-logo@2x.png","width":348,"height":138,"caption":"Legal"},"image":{"@id":"https:\/\/legal.bestway.eu\/fi-fi\/#\/schema\/logo\/image\/"}}]}},"_links":{"self":[{"href":"https:\/\/legal.bestway.eu\/fi-fi\/wp-json\/wp\/v2\/pages\/7319","targetHints":{"allow":["GET"]}}],"collection":[{"href":"https:\/\/legal.bestway.eu\/fi-fi\/wp-json\/wp\/v2\/pages"}],"about":[{"href":"https:\/\/legal.bestway.eu\/fi-fi\/wp-json\/wp\/v2\/types\/page"}],"author":[{"embeddable":true,"href":"https:\/\/legal.bestway.eu\/fi-fi\/wp-json\/wp\/v2\/users\/9"}],"replies":[{"embeddable":true,"href":"https:\/\/legal.bestway.eu\/fi-fi\/wp-json\/wp\/v2\/comments?post=7319"}],"version-history":[{"count":7,"href":"https:\/\/legal.bestway.eu\/fi-fi\/wp-json\/wp\/v2\/pages\/7319\/revisions"}],"predecessor-version":[{"id":9022,"href":"https:\/\/legal.bestway.eu\/fi-fi\/wp-json\/wp\/v2\/pages\/7319\/revisions\/9022"}],"wp:attachment":[{"href":"https:\/\/legal.bestway.eu\/fi-fi\/wp-json\/wp\/v2\/media?parent=7319"}],"curies":[{"name":"wp","href":"https:\/\/api.w.org\/{rel}","templated":true}]}}