{"id":7232,"date":"2023-10-24T12:37:41","date_gmt":"2023-10-24T10:37:41","guid":{"rendered":"https:\/\/legal.bestway.eu\/?page_id=7232"},"modified":"2024-12-11T09:27:08","modified_gmt":"2024-12-11T08:27:08","slug":"privacy-notice","status":"publish","type":"page","link":"https:\/\/legal.bestway.eu\/fi-fi\/privacy-notice\/","title":{"rendered":"Tietosuojailmoitus &#8211; GDPR"},"content":{"rendered":"\t\t<div data-elementor-type=\"wp-page\" data-elementor-id=\"7232\" class=\"elementor elementor-7232\" data-elementor-post-type=\"page\">\n\t\t\t\t<div class=\"elementor-element elementor-element-4233c87e e-flex e-con-boxed e-con e-parent\" data-id=\"4233c87e\" data-element_type=\"container\" data-e-type=\"container\">\n\t\t\t\t\t<div class=\"e-con-inner\">\n\t\t\t\t<div class=\"elementor-element elementor-element-eeb32c3 elementor-widget elementor-widget-menu-anchor\" data-id=\"eeb32c3\" data-element_type=\"widget\" data-e-type=\"widget\" data-widget_type=\"menu-anchor.default\">\n\t\t\t\t<div class=\"elementor-widget-container\">\n\t\t\t\t\t\t\t<div class=\"elementor-menu-anchor\" id=\"BoxNewsletter\"><\/div>\n\t\t\t\t\t\t<\/div>\n\t\t\t\t<\/div>\n\t\t\t\t<div class=\"elementor-element elementor-element-3c097587 elementor-widget elementor-widget-heading\" data-id=\"3c097587\" data-element_type=\"widget\" data-e-type=\"widget\" data-widget_type=\"heading.default\">\n\t\t\t\t<div class=\"elementor-widget-container\">\n\t\t\t\t\t<h2 class=\"elementor-heading-title elementor-size-default\">Markkinointi<\/h2>\t\t\t\t<\/div>\n\t\t\t\t<\/div>\n\t\t\t\t<div class=\"elementor-element elementor-element-375d8ec elementor-widget elementor-widget-text-editor\" data-id=\"375d8ec\" data-element_type=\"widget\" data-e-type=\"widget\" data-widget_type=\"text-editor.default\">\n\t\t\t\t<div class=\"elementor-widget-container\">\n\t\t\t\t\t\t\t\t\t<p>EU-asetuksen 2016\/679 (GDPR) mukainen k\u00e4yt\u00e4nt\u00f6 muutoksina ja lis\u00e4yksin\u00e4<\/p><p>Rekisterinpit\u00e4j\u00e4: BESTWAY EUROPE S.P.A., jonka rekister\u00f6ity toimipaikka on San Giuliano Milanese (Mi), via Resistenza 5 (\u201dBESTWAY\u201d), Italia.<\/p><p>DPO: <a href=\"mailto:privacy@bestwaycorp.eu\">privacy@bestwaycorp.eu<\/a><\/p><p>Rekisterinpit\u00e4j\u00e4 k\u00e4sittelee seuraavia tietoja:<\/p><p>Kun olet antanut suostumuksesi rastittamalla asianmukaisen ruudun, rekisterinpit\u00e4j\u00e4 k\u00e4sittelee tietojasi markkinointitarkoituksiin ja l\u00e4hett\u00e4\u00e4 sinulle uutiskirjeit\u00e4, jotka sis\u00e4lt\u00e4v\u00e4t tietoja ja p\u00e4ivityksi\u00e4 BESTWAY-tuotteista, -palveluista, -tapahtumista ja -tarjouksista. Antamiesi tietojen k\u00e4sittelyn oikeusperuste on sinun vapaa ja valinnainen suostumuksesi; t\u00e4llaisen suostumuksen ep\u00e4\u00e4minen est\u00e4\u00e4 sinua vain vastaanottamasta edell\u00e4 kuvattuja viestej\u00e4.<\/p><p>Tietojasi k\u00e4sitell\u00e4\u00e4n paperilla ja s\u00e4hk\u00f6isesti voimassa olevan henkil\u00f6tietojen suojaa koskevan lains\u00e4\u00e4d\u00e4nn\u00f6n mukaisesti (EU:n asetus 679\/2016 eli \u201dyleinen tietosuoja-asetus\u201d (GDPR) muutoksineen ja t\u00e4ydennyksineen). Antamiasi henkil\u00f6tietoja voidaan luovuttaa kolmansille osapuolille, kuten BESTWAYlle konsultointi- ja tukipalveluita tarjoaville henkil\u00f6ille, yhdistyksille ja yrityksille (mukaan lukien BESTWAY-konsernin yritykset, jotka sijaitsevat EU:n ulkopuolisissa maissa) niiden toimiessa henkil\u00f6tietojen k\u00e4sittelij\u00f6in\u00e4, edellytt\u00e4en, ett\u00e4 ne on asianmukaisesti nimitetty t\u00e4h\u00e4n teht\u00e4v\u00e4\u00e4n ja ett\u00e4 henkil\u00f6tietojen suojasta on riitt\u00e4v\u00e4t takeet, BESTWAYn kanssa yhdess\u00e4 toimiville tai itsen\u00e4isille rekisterinpit\u00e4jille sek\u00e4 k\u00e4sittelyst\u00e4 vastaaviksi henkil\u00f6iksi nimitetylle BESTWAYn henkil\u00f6st\u00f6lle ainoastaan edell\u00e4 kuvattuja tarkoituksia varten. Luettelo rekisterinpit\u00e4jist\u00e4 tai tietojenk\u00e4sittelij\u00f6ist\u00e4, joille tietoja voidaan luovuttaa, on saatavilla pyynn\u00f6st\u00e4.<\/p><p>Kuvattujen markkinointitarkoitusten osalta tietojasi s\u00e4ilytet\u00e4\u00e4n enint\u00e4\u00e4n 8 vuotta luvan antamisesta. Asiakkaat voivat peruuttaa uutiskirjepalvelun tilauksen milloin tahansa napsauttamalla jokaisessa s\u00e4hk\u00f6postissa olevaa \u201dunsubscribe\u201d-linkki\u00e4 tai l\u00e4hett\u00e4m\u00e4ll\u00e4 s\u00e4hk\u00f6postia osoitteeseen <a href=\"mailto:privacy@bestwaycorp.eu\">privacy@bestwaycorp.eu<\/a>.<\/p><p>Voit milloin tahansa k\u00e4ytt\u00e4\u00e4 kaikkia artiklassa 15 ja sit\u00e4 seuraavissa artikloissa mainittuja oikeuksiasi, mukaan lukien erityisesti oikeus tietojen oikaisemiseen, oikeus tietojen poistamiseen, oikeus vastustaa k\u00e4sittely\u00e4, oikeus tietojen siirrett\u00e4vyyteen ja oikeus tehd\u00e4 valitus oman maasi tietosuojaviranomaiselle (<a href=\"https:\/\/edpb.europa.eu\/about-edpb\/board\/members_en\" target=\"_blank\" rel=\"noopener\">https:\/\/edpb.europa.eu\/about-edpb\/board\/members_en<\/a>).<\/p><p>Voit harjoittaa edell\u00e4 mainittuja oikeuksiasi l\u00e4hett\u00e4m\u00e4ll\u00e4 s\u00e4hk\u00f6postia osoitteeseen <a href=\"mailto:privacy@bestwaycorp.eu\">privacy@bestwaycorp.eu<\/a><\/p>\t\t\t\t\t\t\t\t<\/div>\n\t\t\t\t<\/div>\n\t\t\t\t\t<\/div>\n\t\t\t\t<\/div>\n\t\t<div class=\"elementor-element elementor-element-fc9e459 e-flex e-con-boxed e-con e-parent\" data-id=\"fc9e459\" data-element_type=\"container\" data-e-type=\"container\">\n\t\t\t\t\t<div class=\"e-con-inner\">\n\t\t\t\t<div class=\"elementor-element elementor-element-4ff1b8f6 elementor-widget elementor-widget-menu-anchor\" data-id=\"4ff1b8f6\" data-element_type=\"widget\" data-e-type=\"widget\" data-widget_type=\"menu-anchor.default\">\n\t\t\t\t<div class=\"elementor-widget-container\">\n\t\t\t\t\t\t\t<div class=\"elementor-menu-anchor\" id=\"Sitoassistenza\"><\/div>\n\t\t\t\t\t\t<\/div>\n\t\t\t\t<\/div>\n\t\t\t\t<div class=\"elementor-element elementor-element-33a4a549 elementor-widget elementor-widget-heading\" data-id=\"33a4a549\" data-element_type=\"widget\" data-e-type=\"widget\" data-widget_type=\"heading.default\">\n\t\t\t\t<div class=\"elementor-widget-container\">\n\t\t\t\t\t<h2 class=\"elementor-heading-title elementor-size-default\">Tukisivusto<\/h2>\t\t\t\t<\/div>\n\t\t\t\t<\/div>\n\t\t\t\t<div class=\"elementor-element elementor-element-10d7938d elementor-widget elementor-widget-text-editor\" data-id=\"10d7938d\" data-element_type=\"widget\" data-e-type=\"widget\" data-widget_type=\"text-editor.default\">\n\t\t\t\t<div class=\"elementor-widget-container\">\n\t\t\t\t\t\t\t\t\t<p>EU-asetuksen 2016\/679 (GDPR) mukainen k\u00e4yt\u00e4nt\u00f6 muutoksina ja lis\u00e4yksin\u00e4<\/p><p>Rekisterinpit\u00e4j\u00e4: BESTWAY EUROPE S.P.A., jonka rekister\u00f6ity toimipaikka on San Giuliano Milanese (Mi), via Resistenza 5 (\u201dBESTWAY\u201d), Italia.<\/p><p>DPO: <a href=\"mailto:privacy@bestwaycorp.eu\">privacy@bestwaycorp.eu<\/a><\/p><p>Rekisterinpit\u00e4j\u00e4 k\u00e4sittelee seuraavia tietoja:<\/p><p>i) Etu- ja sukunimi, s\u00e4hk\u00f6postiosoite, toimitusosoite ja puhelinnumero, jotta voit k\u00e4ytt\u00e4\u00e4 valitustenk\u00e4sittelypalvelua avaamalla ahenkil\u00f6kohtaisen tilin BESTWAY:n verkkosivustolla. Sivustolle voit kirjautua sy\u00f6tt\u00e4m\u00e4ll\u00e4 k\u00e4ytt\u00e4j\u00e4tunnuksen ja salasanan, jotka l\u00e4hetet\u00e4\u00e4n sinulle s\u00e4hk\u00f6postitse (salasana pit\u00e4\u00e4 muuttaa ensimm\u00e4isen k\u00e4ytt\u00f6kerran yhteydess\u00e4). N\u00e4in voimme k\u00e4sitell\u00e4 ja hallinnoida ilmoitustasi huonosta palvelusta hallinnollisissa ja kirjanpitoprosesseissamme asianmukaisesti sek\u00e4 t\u00e4ytt\u00e4\u00e4 lakis\u00e4\u00e4teiset tai s\u00e4\u00e4ntelyyn perustuvat velvoitteemme.<\/p><p>ii) markkinointitarkoituksiin l\u00e4hett\u00e4\u00e4ksemme sinulle uutiskirjeit\u00e4, jotka sis\u00e4lt\u00e4v\u00e4t tietoja ja p\u00e4ivityksi\u00e4 BESTWAY tuotteista, palveluista, tapahtumista ja tarjouksista, sinun suostumuksellasi rastittamalla asianmukainen ruutu.<\/p><p>iii) Jos olet antanut suostumuksesi valitsemalla asianmukaisen ruudun, sellaisia tietoja kuin sukupuoli, ik\u00e4ryhm\u00e4, ty\u00f6suhteen tila, motivaatio tuotteen ostamiseen, tuotteen ostomenetelm\u00e4 ja lasten lukum\u00e4\u00e4r\u00e4 kotitaloudessa voidaan ker\u00e4t\u00e4 tilastollisiin tarkoituksiin. BESTWAY ker\u00e4\u00e4 n\u00e4it\u00e4 tietoja saadakseen kokonaiskuvan asiakkaistaan yritt\u00e4m\u00e4tt\u00e4 tehd\u00e4 ennusteita tai tehd\u00e4 juuri sinua koskevia johtop\u00e4\u00e4t\u00f6ksi\u00e4, koska tarkoituksena ei ole arvioida yksil\u00f6llisi\u00e4 ominaisuuksia.<\/p><p>iv) Suostumuksellasi, rastittamalla asianmukaisen ruudun, voimme l\u00e4hett\u00e4\u00e4 sinulle s\u00e4hk\u00f6postilla pyynn\u00f6n liitty\u00e4 kyselyyn tuotteistamme ja kokemuksistasi niiden k\u00e4yt\u00f6st\u00e4;<\/p><p>Edell\u00e4 kohdassa (i) tarkoitettujen tietojen k\u00e4sittelyn oikeusperustana on sopimusehtojen\/kaupallisten ehtojen ja sovellettavien s\u00e4\u00e4nn\u00f6sten vahvistaminen ja t\u00e4yt\u00e4nt\u00f6\u00f6npano; n\u00e4m\u00e4 tiedot ovat pakollisia, ja niiden antamisesta kielt\u00e4ytyminen voi est\u00e4\u00e4 BESTWAYt\u00e4 t\u00e4ytt\u00e4m\u00e4st\u00e4 pyydetty\u00e4 palvelua. Mit\u00e4 tulee kohtiin (ii), (iii) ja (iv) t\u00e4m\u00e4n k\u00e4sittelyn oikeusperuste on sinun vapaa ja valinnainen suostumuksesi, ja t\u00e4llaisen suostumuksen ep\u00e4\u00e4minen est\u00e4\u00e4 sinua vain vastaanottamasta edell\u00e4 mainittuja viestej\u00e4.<\/p><p>Tietojasi k\u00e4sitell\u00e4\u00e4n paperilla ja s\u00e4hk\u00f6isesti voimassa olevan henkil\u00f6tietojen suojaa koskevan lains\u00e4\u00e4d\u00e4nn\u00f6n mukaisesti (EU:n asetus 679\/2016 eli \u201dyleinen tietosuoja-asetus\u201d (GDPR) muutoksineen ja t\u00e4ydennyksineen). Antamiasi henkil\u00f6tietoja voidaan luovuttaa kolmansille osapuolille, kuten BESTWAYlle konsultointi- ja tukipalveluita tarjoaville henkil\u00f6ille, yhdistyksille ja yrityksille (mukaan lukien BESTWAY-konsernin yritykset, jotka sijaitsevat EU:n ulkopuolisissa maissa) niiden toimiessa henkil\u00f6tietojen k\u00e4sittelij\u00f6in\u00e4, edellytt\u00e4en, ett\u00e4 ne on asianmukaisesti nimitetty t\u00e4h\u00e4n teht\u00e4v\u00e4\u00e4n ja ett\u00e4 henkil\u00f6tietojen suojasta on riitt\u00e4v\u00e4t takeet, BESTWAYn kanssa yhdess\u00e4 toimiville tai itsen\u00e4isille rekisterinpit\u00e4jille sek\u00e4 k\u00e4sittelyst\u00e4 vastaaviksi henkil\u00f6iksi nimitetylle BESTWAYn henkil\u00f6st\u00f6lle ainoastaan edell\u00e4 kuvattuja tarkoituksia varten. Luettelo rekisterinpit\u00e4jist\u00e4 tai tietojenk\u00e4sittelij\u00f6ist\u00e4, joille tietoja voidaan luovuttaa, on saatavilla pyynn\u00f6st\u00e4.<\/p><p>Kohdassa (i) kuvattua valitusten hallintaa varten tietojasi s\u00e4ilytet\u00e4\u00e4n my\u00f6s BESTWAYn kanssa solmitun sopimus-\/kaupallisen suhteen p\u00e4\u00e4ttymisen j\u00e4lkeen kaikkien sopimuksen solmimiseen liittyvien tai siit\u00e4 johtuvien velvoitteiden t\u00e4ytt\u00e4miseksi, mukaan lukien oikeudelliset velvoitteet ja vanhentumiss\u00e4\u00e4nn\u00f6t, jotka soveltuva laki t\u00e4t\u00e4 tarkoitusta varten m\u00e4\u00e4r\u00e4\u00e4, ja joka tapauksessa enint\u00e4\u00e4n 10 vuoden ajan.<\/p><p>Kohdassa (ii) kuvattujen markkinointitarkoitusten osalta tietojasi s\u00e4ilytet\u00e4\u00e4n enint\u00e4\u00e4n 8 vuotta luvan antamisesta. Asiakkaat voivat peruuttaa uutiskirjepalvelun tilauksen milloin tahansa napsauttamalla jokaisessa s\u00e4hk\u00f6postissa olevaa \u201dunsubscribe\u201d-linkki\u00e4 tai l\u00e4hett\u00e4m\u00e4ll\u00e4 s\u00e4hk\u00f6postia osoitteeseen <a href=\"mailto:privacy@bestwaycorp.eu\">privacy@bestwaycorp.eu<\/a>.<\/p><p>Yll\u00e4 olevissa kohdissa (iii) ja (iv) kuvattuja tilastoja ja tutkimuksia varten tietojasi s\u00e4ilytet\u00e4\u00e4n enint\u00e4\u00e4n 8 vuotta siit\u00e4 p\u00e4iv\u00e4st\u00e4, jona olemme saaneet suostumuksesi.<\/p><p>Voit milloin tahansa k\u00e4ytt\u00e4\u00e4 kaikkia artiklassa 15 ja sit\u00e4 seuraavissa artikloissa mainittuja oikeuksiasi, mukaan lukien erityisesti oikeus tietojen oikaisemiseen, oikeus tietojen poistamiseen, oikeus vastustaa k\u00e4sittely\u00e4, oikeus tietojen siirrett\u00e4vyyteen ja oikeus tehd\u00e4 valitus oman maasi tietosuojaviranomaiselle (<a href=\"https:\/\/edpb.europa.eu\/about-edpb\/board\/members_en\" target=\"_blank\" rel=\"noopener\">https:\/\/edpb.europa.eu\/about-edpb\/board\/members_en<\/a>).<\/p><p>Voit harjoittaa edell\u00e4 mainittuja oikeuksiasi l\u00e4hett\u00e4m\u00e4ll\u00e4 s\u00e4hk\u00f6postia osoitteeseen <a href=\"mailto:privacy@bestwaycorp.eu\">privacy@bestwaycorp.eu<\/a><\/p>\t\t\t\t\t\t\t\t<\/div>\n\t\t\t\t<\/div>\n\t\t\t\t\t<\/div>\n\t\t\t\t<\/div>\n\t\t\t\t<\/div>\n\t\t","protected":false},"excerpt":{"rendered":"<p>Markkinointi EU-asetuksen 2016\/679 (GDPR) mukainen k\u00e4yt\u00e4nt\u00f6 muutoksina ja lis\u00e4yksin\u00e4 Rekisterinpit\u00e4j\u00e4: BESTWAY EUROPE S.P.A., jonka rekister\u00f6ity toimipaikka on San Giuliano Milanese (Mi), via Resistenza 5 (\u201dBESTWAY\u201d), Italia. DPO: privacy@bestwaycorp.eu Rekisterinpit\u00e4j\u00e4 k\u00e4sittelee seuraavia tietoja: Kun olet antanut suostumuksesi rastittamalla asianmukaisen ruudun, rekisterinpit\u00e4j\u00e4 k\u00e4sittelee tietojasi markkinointitarkoituksiin ja l\u00e4hett\u00e4\u00e4 sinulle uutiskirjeit\u00e4, jotka sis\u00e4lt\u00e4v\u00e4t tietoja ja p\u00e4ivityksi\u00e4 BESTWAY-tuotteista, -palveluista, -tapahtumista [&hellip;]<\/p>\n","protected":false},"author":9,"featured_media":0,"parent":0,"menu_order":0,"comment_status":"closed","ping_status":"closed","template":"","meta":{"_acf_changed":false,"site-sidebar-layout":"no-sidebar","site-content-layout":"page-builder","ast-site-content-layout":"full-width-container","site-content-style":"default","site-sidebar-style":"default","ast-global-header-display":"","ast-banner-title-visibility":"","ast-main-header-display":"","ast-hfb-above-header-display":"","ast-hfb-below-header-display":"","ast-hfb-mobile-header-display":"","site-post-title":"","ast-breadcrumbs-content":"","ast-featured-img":"disabled","footer-sml-layout":"","ast-disable-related-posts":"","theme-transparent-header-meta":"","adv-header-id-meta":"","stick-header-meta":"","header-above-stick-meta":"","header-main-stick-meta":"","header-below-stick-meta":"","astra-migrate-meta-layouts":"set","ast-page-background-enabled":"default","ast-page-background-meta":{"desktop":{"background-color":"var(--ast-global-color-4)","background-image":"","background-repeat":"repeat","background-position":"center center","background-size":"auto","background-attachment":"scroll","background-type":"","background-media":"","overlay-type":"","overlay-color":"","overlay-opacity":"","overlay-gradient":""},"tablet":{"background-color":"","background-image":"","background-repeat":"repeat","background-position":"center center","background-size":"auto","background-attachment":"scroll","background-type":"","background-media":"","overlay-type":"","overlay-color":"","overlay-opacity":"","overlay-gradient":""},"mobile":{"background-color":"","background-image":"","background-repeat":"repeat","background-position":"center center","background-size":"auto","background-attachment":"scroll","background-type":"","background-media":"","overlay-type":"","overlay-color":"","overlay-opacity":"","overlay-gradient":""}},"ast-content-background-meta":{"desktop":{"background-color":"var(--ast-global-color-5)","background-image":"","background-repeat":"repeat","background-position":"center center","background-size":"auto","background-attachment":"scroll","background-type":"","background-media":"","overlay-type":"","overlay-color":"","overlay-opacity":"","overlay-gradient":""},"tablet":{"background-color":"var(--ast-global-color-5)","background-image":"","background-repeat":"repeat","background-position":"center center","background-size":"auto","background-attachment":"scroll","background-type":"","background-media":"","overlay-type":"","overlay-color":"","overlay-opacity":"","overlay-gradient":""},"mobile":{"background-color":"var(--ast-global-color-5)","background-image":"","background-repeat":"repeat","background-position":"center center","background-size":"auto","background-attachment":"scroll","background-type":"","background-media":"","overlay-type":"","overlay-color":"","overlay-opacity":"","overlay-gradient":""}},"footnotes":""},"class_list":["post-7232","page","type-page","status-publish","hentry"],"acf":[],"yoast_head":"<!-- This site is optimized with the Yoast SEO plugin v27.4 - https:\/\/yoast.com\/product\/yoast-seo-wordpress\/ -->\n<title>Tietosuojailmoitus - GDPR - Legal<\/title>\n<meta name=\"robots\" content=\"noindex, follow, max-snippet:-1, max-image-preview:large, max-video-preview:-1\" \/>\n<meta property=\"og:locale\" content=\"fi_FI\" \/>\n<meta property=\"og:type\" content=\"article\" \/>\n<meta property=\"og:title\" content=\"Tietosuojailmoitus - GDPR - Legal\" \/>\n<meta property=\"og:description\" content=\"Markkinointi EU-asetuksen 2016\/679 (GDPR) mukainen k\u00e4yt\u00e4nt\u00f6 muutoksina ja lis\u00e4yksin\u00e4 Rekisterinpit\u00e4j\u00e4: BESTWAY EUROPE S.P.A., jonka rekister\u00f6ity toimipaikka on San Giuliano Milanese (Mi), via Resistenza 5 (\u201dBESTWAY\u201d), Italia. DPO: privacy@bestwaycorp.eu Rekisterinpit\u00e4j\u00e4 k\u00e4sittelee seuraavia tietoja: Kun olet antanut suostumuksesi rastittamalla asianmukaisen ruudun, rekisterinpit\u00e4j\u00e4 k\u00e4sittelee tietojasi markkinointitarkoituksiin ja l\u00e4hett\u00e4\u00e4 sinulle uutiskirjeit\u00e4, jotka sis\u00e4lt\u00e4v\u00e4t tietoja ja p\u00e4ivityksi\u00e4 BESTWAY-tuotteista, -palveluista, -tapahtumista [&hellip;]\" \/>\n<meta property=\"og:url\" content=\"https:\/\/legal.bestway.eu\/fi-fi\/privacy-notice\/\" \/>\n<meta property=\"og:site_name\" content=\"Legal\" \/>\n<meta property=\"article:modified_time\" content=\"2024-12-11T08:27:08+00:00\" \/>\n<meta name=\"twitter:card\" content=\"summary_large_image\" \/>\n<meta name=\"twitter:label1\" content=\"Est. reading time\" \/>\n\t<meta name=\"twitter:data1\" content=\"4 minutes\" \/>\n<script type=\"application\/ld+json\" class=\"yoast-schema-graph\">{\"@context\":\"https:\\\/\\\/schema.org\",\"@graph\":[{\"@type\":\"WebPage\",\"@id\":\"https:\\\/\\\/legal.bestway.eu\\\/fi-fi\\\/privacy-notice\\\/\",\"url\":\"https:\\\/\\\/legal.bestway.eu\\\/fi-fi\\\/privacy-notice\\\/\",\"name\":\"Tietosuojailmoitus - GDPR - Legal\",\"isPartOf\":{\"@id\":\"https:\\\/\\\/legal.bestway.eu\\\/fi-fi\\\/#website\"},\"datePublished\":\"2023-10-24T10:37:41+00:00\",\"dateModified\":\"2024-12-11T08:27:08+00:00\",\"inLanguage\":\"fi-fi\",\"potentialAction\":[{\"@type\":\"ReadAction\",\"target\":[\"https:\\\/\\\/legal.bestway.eu\\\/fi-fi\\\/privacy-notice\\\/\"]}]},{\"@type\":\"WebSite\",\"@id\":\"https:\\\/\\\/legal.bestway.eu\\\/fi-fi\\\/#website\",\"url\":\"https:\\\/\\\/legal.bestway.eu\\\/fi-fi\\\/\",\"name\":\"Legal\",\"description\":\"Legal\",\"publisher\":{\"@id\":\"https:\\\/\\\/legal.bestway.eu\\\/fi-fi\\\/#organization\"},\"potentialAction\":[{\"@type\":\"SearchAction\",\"target\":{\"@type\":\"EntryPoint\",\"urlTemplate\":\"https:\\\/\\\/legal.bestway.eu\\\/fi-fi\\\/?s={search_term_string}\"},\"query-input\":{\"@type\":\"PropertyValueSpecification\",\"valueRequired\":true,\"valueName\":\"search_term_string\"}}],\"inLanguage\":\"fi-fi\"},{\"@type\":\"Organization\",\"@id\":\"https:\\\/\\\/legal.bestway.eu\\\/fi-fi\\\/#organization\",\"name\":\"Legal\",\"url\":\"https:\\\/\\\/legal.bestway.eu\\\/fi-fi\\\/\",\"logo\":{\"@type\":\"ImageObject\",\"inLanguage\":\"fi-fi\",\"@id\":\"https:\\\/\\\/legal.bestway.eu\\\/fi-fi\\\/#\\\/schema\\\/logo\\\/image\\\/\",\"url\":\"https:\\\/\\\/legal.bestway.eu\\\/wp-content\\\/uploads\\\/sites\\\/2\\\/2023\\\/10\\\/bw-white-logo@2x.png\",\"contentUrl\":\"https:\\\/\\\/legal.bestway.eu\\\/wp-content\\\/uploads\\\/sites\\\/2\\\/2023\\\/10\\\/bw-white-logo@2x.png\",\"width\":348,\"height\":138,\"caption\":\"Legal\"},\"image\":{\"@id\":\"https:\\\/\\\/legal.bestway.eu\\\/fi-fi\\\/#\\\/schema\\\/logo\\\/image\\\/\"}}]}<\/script>\n<!-- \/ Yoast SEO plugin. -->","yoast_head_json":{"title":"Tietosuojailmoitus - GDPR - Legal","robots":{"index":"noindex","follow":"follow","max-snippet":"max-snippet:-1","max-image-preview":"max-image-preview:large","max-video-preview":"max-video-preview:-1"},"og_locale":"fi_FI","og_type":"article","og_title":"Tietosuojailmoitus - GDPR - Legal","og_description":"Markkinointi EU-asetuksen 2016\/679 (GDPR) mukainen k\u00e4yt\u00e4nt\u00f6 muutoksina ja lis\u00e4yksin\u00e4 Rekisterinpit\u00e4j\u00e4: BESTWAY EUROPE S.P.A., jonka rekister\u00f6ity toimipaikka on San Giuliano Milanese (Mi), via Resistenza 5 (\u201dBESTWAY\u201d), Italia. DPO: privacy@bestwaycorp.eu Rekisterinpit\u00e4j\u00e4 k\u00e4sittelee seuraavia tietoja: Kun olet antanut suostumuksesi rastittamalla asianmukaisen ruudun, rekisterinpit\u00e4j\u00e4 k\u00e4sittelee tietojasi markkinointitarkoituksiin ja l\u00e4hett\u00e4\u00e4 sinulle uutiskirjeit\u00e4, jotka sis\u00e4lt\u00e4v\u00e4t tietoja ja p\u00e4ivityksi\u00e4 BESTWAY-tuotteista, -palveluista, -tapahtumista [&hellip;]","og_url":"https:\/\/legal.bestway.eu\/fi-fi\/privacy-notice\/","og_site_name":"Legal","article_modified_time":"2024-12-11T08:27:08+00:00","twitter_card":"summary_large_image","twitter_misc":{"Est. reading time":"4 minutes"},"schema":{"@context":"https:\/\/schema.org","@graph":[{"@type":"WebPage","@id":"https:\/\/legal.bestway.eu\/fi-fi\/privacy-notice\/","url":"https:\/\/legal.bestway.eu\/fi-fi\/privacy-notice\/","name":"Tietosuojailmoitus - GDPR - Legal","isPartOf":{"@id":"https:\/\/legal.bestway.eu\/fi-fi\/#website"},"datePublished":"2023-10-24T10:37:41+00:00","dateModified":"2024-12-11T08:27:08+00:00","inLanguage":"fi-fi","potentialAction":[{"@type":"ReadAction","target":["https:\/\/legal.bestway.eu\/fi-fi\/privacy-notice\/"]}]},{"@type":"WebSite","@id":"https:\/\/legal.bestway.eu\/fi-fi\/#website","url":"https:\/\/legal.bestway.eu\/fi-fi\/","name":"Legal","description":"Legal","publisher":{"@id":"https:\/\/legal.bestway.eu\/fi-fi\/#organization"},"potentialAction":[{"@type":"SearchAction","target":{"@type":"EntryPoint","urlTemplate":"https:\/\/legal.bestway.eu\/fi-fi\/?s={search_term_string}"},"query-input":{"@type":"PropertyValueSpecification","valueRequired":true,"valueName":"search_term_string"}}],"inLanguage":"fi-fi"},{"@type":"Organization","@id":"https:\/\/legal.bestway.eu\/fi-fi\/#organization","name":"Legal","url":"https:\/\/legal.bestway.eu\/fi-fi\/","logo":{"@type":"ImageObject","inLanguage":"fi-fi","@id":"https:\/\/legal.bestway.eu\/fi-fi\/#\/schema\/logo\/image\/","url":"https:\/\/legal.bestway.eu\/wp-content\/uploads\/sites\/2\/2023\/10\/bw-white-logo@2x.png","contentUrl":"https:\/\/legal.bestway.eu\/wp-content\/uploads\/sites\/2\/2023\/10\/bw-white-logo@2x.png","width":348,"height":138,"caption":"Legal"},"image":{"@id":"https:\/\/legal.bestway.eu\/fi-fi\/#\/schema\/logo\/image\/"}}]}},"_links":{"self":[{"href":"https:\/\/legal.bestway.eu\/fi-fi\/wp-json\/wp\/v2\/pages\/7232","targetHints":{"allow":["GET"]}}],"collection":[{"href":"https:\/\/legal.bestway.eu\/fi-fi\/wp-json\/wp\/v2\/pages"}],"about":[{"href":"https:\/\/legal.bestway.eu\/fi-fi\/wp-json\/wp\/v2\/types\/page"}],"author":[{"embeddable":true,"href":"https:\/\/legal.bestway.eu\/fi-fi\/wp-json\/wp\/v2\/users\/9"}],"replies":[{"embeddable":true,"href":"https:\/\/legal.bestway.eu\/fi-fi\/wp-json\/wp\/v2\/comments?post=7232"}],"version-history":[{"count":7,"href":"https:\/\/legal.bestway.eu\/fi-fi\/wp-json\/wp\/v2\/pages\/7232\/revisions"}],"predecessor-version":[{"id":7241,"href":"https:\/\/legal.bestway.eu\/fi-fi\/wp-json\/wp\/v2\/pages\/7232\/revisions\/7241"}],"wp:attachment":[{"href":"https:\/\/legal.bestway.eu\/fi-fi\/wp-json\/wp\/v2\/media?parent=7232"}],"curies":[{"name":"wp","href":"https:\/\/api.w.org\/{rel}","templated":true}]}}