{"id":8670,"date":"2025-06-09T15:47:15","date_gmt":"2025-06-09T13:47:15","guid":{"rendered":"https:\/\/legal.bestway.eu\/accessibility\/"},"modified":"2025-06-18T16:35:35","modified_gmt":"2025-06-18T14:35:35","slug":"accessibility","status":"publish","type":"page","link":"https:\/\/legal.bestway.eu\/es-es\/accessibility\/","title":{"rendered":"Accesibilidad"},"content":{"rendered":"\t\t<div data-elementor-type=\"wp-page\" data-elementor-id=\"8670\" class=\"elementor elementor-8670\" data-elementor-post-type=\"page\">\n\t\t\t\t<div class=\"elementor-element elementor-element-5b5bf09 e-flex e-con-boxed e-con e-parent\" data-id=\"5b5bf09\" data-element_type=\"container\" data-e-type=\"container\">\n\t\t\t\t\t<div class=\"e-con-inner\">\n\t\t\t\t<div class=\"elementor-element elementor-element-febc057 elementor-widget elementor-widget-text-editor\" data-id=\"febc057\" data-element_type=\"widget\" data-e-type=\"widget\" data-widget_type=\"text-editor.default\">\n\t\t\t\t<div class=\"elementor-widget-container\">\n\t\t\t\t\t\t\t\t\t<p>Creemos que Internet debe ser accesible para todos y nos comprometemos a ofrecer un sitio web accesible para el mayor n\u00famero de personas posible.<\/p><p>Seguimos las Pautas de Accesibilidad al Contenido Web 2.1 (WCAG 2.1) del Consorcio World Wide Web (W3C). Estas pautas explican c\u00f3mo hacer que el contenido web sea accesible para una amplia gama de usuarios con diferentes necesidades. Seguir estas pautas nos ayuda a garantizar que nuestros sitios web sean accesibles para el mayor n\u00famero de personas posible.<\/p>\t\t\t\t\t\t\t\t<\/div>\n\t\t\t\t<\/div>\n\t\t\t\t<div class=\"elementor-element elementor-element-a41cc72 elementor-widget elementor-widget-heading\" data-id=\"a41cc72\" data-element_type=\"widget\" data-e-type=\"widget\" data-widget_type=\"heading.default\">\n\t\t\t\t<div class=\"elementor-widget-container\">\n\t\t\t\t\t<h2 class=\"elementor-heading-title elementor-size-default\">Declaraciones de accesibilidad<\/h2>\t\t\t\t<\/div>\n\t\t\t\t<\/div>\n\t\t\t\t<div class=\"elementor-element elementor-element-dd82ffd elementor-widget elementor-widget-n-accordion\" data-id=\"dd82ffd\" data-element_type=\"widget\" data-e-type=\"widget\" data-settings=\"{&quot;max_items_expended&quot;:&quot;multiple&quot;,&quot;default_state&quot;:&quot;expanded&quot;,&quot;n_accordion_animation_duration&quot;:{&quot;unit&quot;:&quot;ms&quot;,&quot;size&quot;:400,&quot;sizes&quot;:[]}}\" data-widget_type=\"nested-accordion.default\">\n\t\t\t\t<div class=\"elementor-widget-container\">\n\t\t\t\t\t\t\t<div class=\"e-n-accordion\" aria-label=\"Accordion. Open links with Enter or Space, close with Escape, and navigate with Arrow Keys\">\n\t\t\t\t\t\t<details id=\"e-n-accordion-item-2320\" class=\"e-n-accordion-item\" open>\n\t\t\t\t<summary class=\"e-n-accordion-item-title\" data-accordion-index=\"1\" tabindex=\"0\" aria-expanded=\"true\" aria-controls=\"e-n-accordion-item-2320\" >\n\t\t\t\t\t<span class='e-n-accordion-item-title-header'><div class=\"e-n-accordion-item-title-text\"> Sitio web de soporte (support.bestway.eu) <\/div><\/span>\n\t\t\t\t\t\t\t<span class='e-n-accordion-item-title-icon'>\n\t\t\t<span class='e-opened' ><i aria-hidden=\"true\" class=\"fas fa-minus\"><\/i><\/span>\n\t\t\t<span class='e-closed'><i aria-hidden=\"true\" class=\"fas fa-plus\"><\/i><\/span>\n\t\t<\/span>\n\n\t\t\t\t\t\t<\/summary>\n\t\t\t\t<div role=\"region\" aria-labelledby=\"e-n-accordion-item-2320\" class=\"elementor-element elementor-element-0ab357d e-con-full e-flex e-con e-child\" data-id=\"0ab357d\" data-element_type=\"container\" data-e-type=\"container\">\n\t\t\t\t<div class=\"elementor-element elementor-element-7f3cfd0 elementor-widget elementor-widget-text-editor\" data-id=\"7f3cfd0\" data-element_type=\"widget\" data-e-type=\"widget\" data-widget_type=\"text-editor.default\">\n\t\t\t\t<div class=\"elementor-widget-container\">\n\t\t\t\t\t\t\t\t\t<p data-start=\"105\" data-end=\"191\"><strong data-start=\"105\" data-end=\"191\">La siguiente declaraci\u00f3n de accesibilidad se aplica a: https:\/\/support.bestway.eu.<\/strong><\/p><p data-start=\"193\" data-end=\"429\"><strong data-start=\"193\" data-end=\"242\">Estado de conformidad: Parcialmente conforme.<\/strong><br data-start=\"242\" data-end=\"245\" \/>Este sitio web es parcialmente conforme con los requisitos establecidos en el Anexo A de la norma UNI CEI EN 301549 debido a los casos de no conformidad que se detallan a continuaci\u00f3n.<\/p><p data-start=\"580\" data-end=\"614\"><strong data-start=\"580\" data-end=\"612\">1.1.1 \u2013 Contenido no textual<\/strong><\/p><ul data-start=\"615\" data-end=\"928\"><li data-start=\"615\" data-end=\"707\"><p data-start=\"617\" data-end=\"707\">Algunas im\u00e1genes no tienen atributo <em data-start=\"653\" data-end=\"658\">alt<\/em> o incluyen texto alternativo poco descriptivo.<\/p><\/li><li data-start=\"708\" data-end=\"804\"><p data-start=\"710\" data-end=\"804\">Algunos elementos <em data-start=\"728\" data-end=\"736\">iframe<\/em> no cuentan con texto alternativo mediante <em data-start=\"779\" data-end=\"786\">title<\/em> o <em data-start=\"789\" data-end=\"801\">aria-label<\/em>.<\/p><\/li><li data-start=\"805\" data-end=\"928\"><p data-start=\"807\" data-end=\"928\">Algunos elementos puramente decorativos no est\u00e1n correctamente marcados con <em data-start=\"883\" data-end=\"904\">role=&#8221;presentation&#8221;<\/em> o <em data-start=\"907\" data-end=\"927\">aria-hidden=&#8221;true&#8221;<\/em>.<\/p><\/li><\/ul><p data-start=\"930\" data-end=\"968\"><strong data-start=\"930\" data-end=\"966\">1.3.1 \u2013 Informaci\u00f3n y relaciones<\/strong><\/p><ul data-start=\"969\" data-end=\"1374\"><li data-start=\"969\" data-end=\"1067\"><p data-start=\"971\" data-end=\"1067\">Varios elementos contenedores est\u00e1n vac\u00edos en el DOM, lo que genera estructuras no sem\u00e1nticas.<\/p><\/li><li data-start=\"1068\" data-end=\"1171\"><p data-start=\"1070\" data-end=\"1171\">Algunos campos de formularios no tienen etiquetas asociadas mediante <code data-start=\"1139\" data-end=\"1148\">&lt;label&gt;<\/code> o <em data-start=\"1151\" data-end=\"1168\">aria-labelledby<\/em>.<\/p><\/li><li data-start=\"1172\" data-end=\"1227\"><p data-start=\"1174\" data-end=\"1227\">Algunos textos carecen de roles o propiedades ARIA.<\/p><\/li><li data-start=\"1228\" data-end=\"1374\"><p data-start=\"1230\" data-end=\"1374\">Algunos documentos no utilizan etiquetas sem\u00e1nticas para los encabezados, dificultando la navegaci\u00f3n estructurada con tecnolog\u00edas de asistencia.<\/p><\/li><\/ul><p data-start=\"1376\" data-end=\"1461\"><strong data-start=\"1376\" data-end=\"1459\">1.3.2 \/ 2.1.1 \/ 2.4.3 \u2013 Orden significativo, acceso por teclado, orden del foco<\/strong><\/p><ul data-start=\"1462\" data-end=\"1609\"><li data-start=\"1462\" data-end=\"1609\"><p data-start=\"1464\" data-end=\"1609\">En algunos documentos, el orden de lectura y navegaci\u00f3n no corresponde al orden visual, lo que dificulta el uso con teclado o lector de pantalla.<\/p><\/li><\/ul><p data-start=\"1611\" data-end=\"1643\"><strong data-start=\"1611\" data-end=\"1641\">1.4.3 \u2013 Contraste (m\u00ednimo)<\/strong><\/p><ul data-start=\"1644\" data-end=\"1756\"><li data-start=\"1644\" data-end=\"1756\"><p data-start=\"1646\" data-end=\"1756\">El contraste de color entre el texto y el fondo en algunos elementos no alcanza la proporci\u00f3n m\u00ednima de 4.5:1.<\/p><\/li><\/ul><p data-start=\"1758\" data-end=\"1800\"><strong data-start=\"1758\" data-end=\"1798\">1.4.4 \u2013 Redimensionamiento del texto<\/strong><\/p><ul data-start=\"1801\" data-end=\"1879\"><li data-start=\"1801\" data-end=\"1879\"><p data-start=\"1803\" data-end=\"1879\">Algunos textos se cortan o se superponen cuando se aplica aumento de tama\u00f1o.<\/p><\/li><\/ul><p data-start=\"1881\" data-end=\"1933\"><strong data-start=\"1881\" data-end=\"1931\">1.4.10 \u2013 Reorganizaci\u00f3n del contenido (Reflow)<\/strong><\/p><ul data-start=\"1934\" data-end=\"2063\"><li data-start=\"1934\" data-end=\"2063\"><p data-start=\"1936\" data-end=\"2063\">Algunas p\u00e1ginas o componentes no gestionan correctamente el zoom o redimensionamiento, lo que provoca problemas de maquetaci\u00f3n.<\/p><\/li><\/ul><p data-start=\"2065\" data-end=\"2106\"><strong data-start=\"2065\" data-end=\"2104\">2.4.1 \u2013 Saltar bloques de contenido<\/strong><\/p><ul data-start=\"2107\" data-end=\"2194\"><li data-start=\"2107\" data-end=\"2194\"><p data-start=\"2109\" data-end=\"2194\">En algunas p\u00e1ginas falta el enlace &#8220;Saltar al contenido&#8221;, accesible mediante teclado.<\/p><\/li><\/ul><p data-start=\"2196\" data-end=\"2229\"><strong data-start=\"2196\" data-end=\"2227\">2.4.2 \u2013 T\u00edtulo de la p\u00e1gina<\/strong><\/p><ul data-start=\"2230\" data-end=\"2370\"><li data-start=\"2230\" data-end=\"2370\"><p data-start=\"2232\" data-end=\"2370\">Falta el t\u00edtulo en los metadatos de algunos documentos, lo que reduce la identificaci\u00f3n del contenido en contextos de navegaci\u00f3n asistida.<\/p><\/li><\/ul><p data-start=\"2372\" data-end=\"2420\"><strong data-start=\"2372\" data-end=\"2418\">2.4.4 \u2013 Prop\u00f3sito del enlace (en contexto)<\/strong><\/p><ul data-start=\"2421\" data-end=\"2481\"><li data-start=\"2421\" data-end=\"2481\"><p data-start=\"2423\" data-end=\"2481\">Algunos enlaces no tienen texto alternativo significativo.<\/p><\/li><\/ul><p data-start=\"2483\" data-end=\"2520\"><strong data-start=\"2483\" data-end=\"2518\">2.4.6 \u2013 Encabezados y etiquetas<\/strong><\/p><ul data-start=\"2521\" data-end=\"2593\"><li data-start=\"2521\" data-end=\"2593\"><p data-start=\"2523\" data-end=\"2593\">En algunas p\u00e1ginas faltan encabezados sem\u00e1nticos o etiquetas <em data-start=\"2584\" data-end=\"2592\">header<\/em>.<\/p><\/li><\/ul><p data-start=\"2595\" data-end=\"2628\"><strong data-start=\"2595\" data-end=\"2626\">3.1.1 \u2013 Idioma de la p\u00e1gina<\/strong><\/p><ul data-start=\"2629\" data-end=\"2759\"><li data-start=\"2629\" data-end=\"2759\"><p data-start=\"2631\" data-end=\"2759\">No se ha definido el idioma por defecto del documento, lo que impide una correcta lectura por parte de los lectores de pantalla.<\/p><\/li><\/ul><p data-start=\"2761\" data-end=\"2797\"><strong data-start=\"2761\" data-end=\"2795\">4.1.2 \u2013 Nombre, funci\u00f3n, valor<\/strong><\/p><ul data-start=\"2798\" data-end=\"2958\"><li data-start=\"2798\" data-end=\"2863\"><p data-start=\"2800\" data-end=\"2863\">Varios botones carecen de etiquetas textuales o <em data-start=\"2848\" data-end=\"2860\">aria-label<\/em>.<\/p><\/li><li data-start=\"2864\" data-end=\"2958\"><p data-start=\"2866\" data-end=\"2958\">Algunos atributos ARIA presentan valores no v\u00e1lidos o no conformes con las especificaciones.<\/p><\/li><\/ul>\t\t\t\t\t\t\t\t<\/div>\n\t\t\t\t<\/div>\n\t\t\t\t<\/div>\n\t\t\t\t\t<\/details>\n\t\t\t\t\t<\/div>\n\t\t\t\t\t\t<\/div>\n\t\t\t\t<\/div>\n\t\t\t\t<div class=\"elementor-element elementor-element-3003df7 elementor-widget elementor-widget-heading\" data-id=\"3003df7\" data-element_type=\"widget\" data-e-type=\"widget\" data-widget_type=\"heading.default\">\n\t\t\t\t<div class=\"elementor-widget-container\">\n\t\t\t\t\t<h2 class=\"elementor-heading-title elementor-size-default\">Comentarios y opiniones<\/h2>\t\t\t\t<\/div>\n\t\t\t\t<\/div>\n\t\t\t\t<div class=\"elementor-element elementor-element-2b49daa elementor-widget elementor-widget-text-editor\" data-id=\"2b49daa\" data-element_type=\"widget\" data-e-type=\"widget\" data-widget_type=\"text-editor.default\">\n\t\t\t\t<div class=\"elementor-widget-container\">\n\t\t\t\t\t\t\t\t\t<p><span style=\"font-size: 16px;\">Desarrollamos nuestros sitios web respetando los criterios de accesibilidad digital, pero a\u00fan puede haber p\u00e1ginas o secciones que no sean totalmente accesibles, que est\u00e9n en proceso de serlo o que carezcan de una soluci\u00f3n tecnol\u00f3gica adecuada para ello. Para comentarios o informes, escriba a <\/span><a style=\"font-size: 16px; background-color: #ffffff;\" href=\"mailto:accessibility@bestwaycorp.eu\"><strong>accessibility@bestwaycorp.eu<\/strong><\/a><\/p>\t\t\t\t\t\t\t\t<\/div>\n\t\t\t\t<\/div>\n\t\t\t\t\t<\/div>\n\t\t\t\t<\/div>\n\t\t\t\t<\/div>\n\t\t","protected":false},"excerpt":{"rendered":"<p>Creemos que Internet debe ser accesible para todos y nos comprometemos a ofrecer un sitio web accesible para el mayor n\u00famero de personas posible. Seguimos las Pautas de Accesibilidad al Contenido Web 2.1 (WCAG 2.1) del Consorcio World Wide Web (W3C). Estas pautas explican c\u00f3mo hacer que el contenido web sea accesible para una amplia [&hellip;]<\/p>\n","protected":false},"author":1,"featured_media":0,"parent":0,"menu_order":0,"comment_status":"closed","ping_status":"closed","template":"","meta":{"_acf_changed":false,"site-sidebar-layout":"no-sidebar","site-content-layout":"page-builder","ast-site-content-layout":"full-width-container","site-content-style":"default","site-sidebar-style":"default","ast-global-header-display":"","ast-banner-title-visibility":"","ast-main-header-display":"","ast-hfb-above-header-display":"","ast-hfb-below-header-display":"","ast-hfb-mobile-header-display":"","site-post-title":"disabled","ast-breadcrumbs-content":"","ast-featured-img":"disabled","footer-sml-layout":"","ast-disable-related-posts":"","theme-transparent-header-meta":"","adv-header-id-meta":"","stick-header-meta":"","header-above-stick-meta":"","header-main-stick-meta":"","header-below-stick-meta":"","astra-migrate-meta-layouts":"set","ast-page-background-enabled":"default","ast-page-background-meta":{"desktop":{"background-color":"var(--ast-global-color-4)","background-image":"","background-repeat":"repeat","background-position":"center center","background-size":"auto","background-attachment":"scroll","background-type":"","background-media":"","overlay-type":"","overlay-color":"","overlay-opacity":"","overlay-gradient":""},"tablet":{"background-color":"","background-image":"","background-repeat":"repeat","background-position":"center center","background-size":"auto","background-attachment":"scroll","background-type":"","background-media":"","overlay-type":"","overlay-color":"","overlay-opacity":"","overlay-gradient":""},"mobile":{"background-color":"","background-image":"","background-repeat":"repeat","background-position":"center center","background-size":"auto","background-attachment":"scroll","background-type":"","background-media":"","overlay-type":"","overlay-color":"","overlay-opacity":"","overlay-gradient":""}},"ast-content-background-meta":{"desktop":{"background-color":"var(--ast-global-color-5)","background-image":"","background-repeat":"repeat","background-position":"center center","background-size":"auto","background-attachment":"scroll","background-type":"","background-media":"","overlay-type":"","overlay-color":"","overlay-opacity":"","overlay-gradient":""},"tablet":{"background-color":"var(--ast-global-color-5)","background-image":"","background-repeat":"repeat","background-position":"center center","background-size":"auto","background-attachment":"scroll","background-type":"","background-media":"","overlay-type":"","overlay-color":"","overlay-opacity":"","overlay-gradient":""},"mobile":{"background-color":"var(--ast-global-color-5)","background-image":"","background-repeat":"repeat","background-position":"center center","background-size":"auto","background-attachment":"scroll","background-type":"","background-media":"","overlay-type":"","overlay-color":"","overlay-opacity":"","overlay-gradient":""}},"footnotes":""},"class_list":["post-8670","page","type-page","status-publish","hentry"],"acf":[],"yoast_head":"<!-- This site is optimized with the Yoast SEO plugin v27.6 - https:\/\/yoast.com\/product\/yoast-seo-wordpress\/ -->\n<title>Accesibilidad - Legal<\/title>\n<meta name=\"robots\" content=\"noindex, follow, max-snippet:-1, max-image-preview:large, max-video-preview:-1\" \/>\n<meta property=\"og:locale\" content=\"es_ES\" \/>\n<meta property=\"og:type\" content=\"article\" \/>\n<meta property=\"og:title\" content=\"Accesibilidad - Legal\" \/>\n<meta property=\"og:description\" content=\"Creemos que Internet debe ser accesible para todos y nos comprometemos a ofrecer un sitio web accesible para el mayor n\u00famero de personas posible. Seguimos las Pautas de Accesibilidad al Contenido Web 2.1 (WCAG 2.1) del Consorcio World Wide Web (W3C). Estas pautas explican c\u00f3mo hacer que el contenido web sea accesible para una amplia [&hellip;]\" \/>\n<meta property=\"og:url\" content=\"https:\/\/legal.bestway.eu\/es-es\/accessibility\/\" \/>\n<meta property=\"og:site_name\" content=\"Legal\" \/>\n<meta property=\"article:modified_time\" content=\"2025-06-18T14:35:35+00:00\" \/>\n<meta name=\"twitter:card\" content=\"summary_large_image\" \/>\n<meta name=\"twitter:label1\" content=\"Est. reading time\" \/>\n\t<meta name=\"twitter:data1\" content=\"5 minutes\" \/>\n<script type=\"application\/ld+json\" class=\"yoast-schema-graph\">{\"@context\":\"https:\\\/\\\/schema.org\",\"@graph\":[{\"@type\":\"WebPage\",\"@id\":\"https:\\\/\\\/legal.bestway.eu\\\/es-es\\\/accessibility\\\/\",\"url\":\"https:\\\/\\\/legal.bestway.eu\\\/es-es\\\/accessibility\\\/\",\"name\":\"Accesibilidad - Legal\",\"isPartOf\":{\"@id\":\"https:\\\/\\\/legal.bestway.eu\\\/es-es\\\/#website\"},\"datePublished\":\"2025-06-09T13:47:15+00:00\",\"dateModified\":\"2025-06-18T14:35:35+00:00\",\"inLanguage\":\"es-es\",\"potentialAction\":[{\"@type\":\"ReadAction\",\"target\":[\"https:\\\/\\\/legal.bestway.eu\\\/es-es\\\/accessibility\\\/\"]}]},{\"@type\":\"WebSite\",\"@id\":\"https:\\\/\\\/legal.bestway.eu\\\/es-es\\\/#website\",\"url\":\"https:\\\/\\\/legal.bestway.eu\\\/es-es\\\/\",\"name\":\"Legal\",\"description\":\"Legal\",\"publisher\":{\"@id\":\"https:\\\/\\\/legal.bestway.eu\\\/es-es\\\/#organization\"},\"potentialAction\":[{\"@type\":\"SearchAction\",\"target\":{\"@type\":\"EntryPoint\",\"urlTemplate\":\"https:\\\/\\\/legal.bestway.eu\\\/es-es\\\/?s={search_term_string}\"},\"query-input\":{\"@type\":\"PropertyValueSpecification\",\"valueRequired\":true,\"valueName\":\"search_term_string\"}}],\"inLanguage\":\"es-es\"},{\"@type\":\"Organization\",\"@id\":\"https:\\\/\\\/legal.bestway.eu\\\/es-es\\\/#organization\",\"name\":\"Legal\",\"url\":\"https:\\\/\\\/legal.bestway.eu\\\/es-es\\\/\",\"logo\":{\"@type\":\"ImageObject\",\"inLanguage\":\"es-es\",\"@id\":\"https:\\\/\\\/legal.bestway.eu\\\/es-es\\\/#\\\/schema\\\/logo\\\/image\\\/\",\"url\":\"https:\\\/\\\/legal.bestway.eu\\\/wp-content\\\/uploads\\\/sites\\\/2\\\/2023\\\/10\\\/bw-white-logo@2x.png\",\"contentUrl\":\"https:\\\/\\\/legal.bestway.eu\\\/wp-content\\\/uploads\\\/sites\\\/2\\\/2023\\\/10\\\/bw-white-logo@2x.png\",\"width\":348,\"height\":138,\"caption\":\"Legal\"},\"image\":{\"@id\":\"https:\\\/\\\/legal.bestway.eu\\\/es-es\\\/#\\\/schema\\\/logo\\\/image\\\/\"}}]}<\/script>\n<!-- \/ Yoast SEO plugin. -->","yoast_head_json":{"title":"Accesibilidad - Legal","robots":{"index":"noindex","follow":"follow","max-snippet":"max-snippet:-1","max-image-preview":"max-image-preview:large","max-video-preview":"max-video-preview:-1"},"og_locale":"es_ES","og_type":"article","og_title":"Accesibilidad - Legal","og_description":"Creemos que Internet debe ser accesible para todos y nos comprometemos a ofrecer un sitio web accesible para el mayor n\u00famero de personas posible. Seguimos las Pautas de Accesibilidad al Contenido Web 2.1 (WCAG 2.1) del Consorcio World Wide Web (W3C). Estas pautas explican c\u00f3mo hacer que el contenido web sea accesible para una amplia [&hellip;]","og_url":"https:\/\/legal.bestway.eu\/es-es\/accessibility\/","og_site_name":"Legal","article_modified_time":"2025-06-18T14:35:35+00:00","twitter_card":"summary_large_image","twitter_misc":{"Est. reading time":"5 minutes"},"schema":{"@context":"https:\/\/schema.org","@graph":[{"@type":"WebPage","@id":"https:\/\/legal.bestway.eu\/es-es\/accessibility\/","url":"https:\/\/legal.bestway.eu\/es-es\/accessibility\/","name":"Accesibilidad - Legal","isPartOf":{"@id":"https:\/\/legal.bestway.eu\/es-es\/#website"},"datePublished":"2025-06-09T13:47:15+00:00","dateModified":"2025-06-18T14:35:35+00:00","inLanguage":"es-es","potentialAction":[{"@type":"ReadAction","target":["https:\/\/legal.bestway.eu\/es-es\/accessibility\/"]}]},{"@type":"WebSite","@id":"https:\/\/legal.bestway.eu\/es-es\/#website","url":"https:\/\/legal.bestway.eu\/es-es\/","name":"Legal","description":"Legal","publisher":{"@id":"https:\/\/legal.bestway.eu\/es-es\/#organization"},"potentialAction":[{"@type":"SearchAction","target":{"@type":"EntryPoint","urlTemplate":"https:\/\/legal.bestway.eu\/es-es\/?s={search_term_string}"},"query-input":{"@type":"PropertyValueSpecification","valueRequired":true,"valueName":"search_term_string"}}],"inLanguage":"es-es"},{"@type":"Organization","@id":"https:\/\/legal.bestway.eu\/es-es\/#organization","name":"Legal","url":"https:\/\/legal.bestway.eu\/es-es\/","logo":{"@type":"ImageObject","inLanguage":"es-es","@id":"https:\/\/legal.bestway.eu\/es-es\/#\/schema\/logo\/image\/","url":"https:\/\/legal.bestway.eu\/wp-content\/uploads\/sites\/2\/2023\/10\/bw-white-logo@2x.png","contentUrl":"https:\/\/legal.bestway.eu\/wp-content\/uploads\/sites\/2\/2023\/10\/bw-white-logo@2x.png","width":348,"height":138,"caption":"Legal"},"image":{"@id":"https:\/\/legal.bestway.eu\/es-es\/#\/schema\/logo\/image\/"}}]}},"_links":{"self":[{"href":"https:\/\/legal.bestway.eu\/es-es\/wp-json\/wp\/v2\/pages\/8670","targetHints":{"allow":["GET"]}}],"collection":[{"href":"https:\/\/legal.bestway.eu\/es-es\/wp-json\/wp\/v2\/pages"}],"about":[{"href":"https:\/\/legal.bestway.eu\/es-es\/wp-json\/wp\/v2\/types\/page"}],"author":[{"embeddable":true,"href":"https:\/\/legal.bestway.eu\/es-es\/wp-json\/wp\/v2\/users\/1"}],"replies":[{"embeddable":true,"href":"https:\/\/legal.bestway.eu\/es-es\/wp-json\/wp\/v2\/comments?post=8670"}],"version-history":[{"count":4,"href":"https:\/\/legal.bestway.eu\/es-es\/wp-json\/wp\/v2\/pages\/8670\/revisions"}],"predecessor-version":[{"id":8674,"href":"https:\/\/legal.bestway.eu\/es-es\/wp-json\/wp\/v2\/pages\/8670\/revisions\/8674"}],"wp:attachment":[{"href":"https:\/\/legal.bestway.eu\/es-es\/wp-json\/wp\/v2\/media?parent=8670"}],"curies":[{"name":"wp","href":"https:\/\/api.w.org\/{rel}","templated":true}]}}