{"id":6894,"date":"2023-10-24T11:15:40","date_gmt":"2023-10-24T09:15:40","guid":{"rendered":"https:\/\/legal.bestway.eu\/?page_id=6894"},"modified":"2026-02-10T10:58:40","modified_gmt":"2026-02-10T09:58:40","slug":"warranty-extension","status":"publish","type":"page","link":"https:\/\/legal.bestway.eu\/es-es\/warranty-extension\/","title":{"rendered":"Garant\u00eda Bestway"},"content":{"rendered":"\t\t<div data-elementor-type=\"wp-page\" data-elementor-id=\"6894\" class=\"elementor elementor-6894\" data-elementor-post-type=\"page\">\n\t\t\t\t<div class=\"elementor-element elementor-element-201a7b e-flex e-con-boxed e-con e-parent\" data-id=\"201a7b\" data-element_type=\"container\" data-e-type=\"container\">\n\t\t\t\t\t<div class=\"e-con-inner\">\n\t\t\t\t<div class=\"elementor-element elementor-element-3862fa4 elementor-widget elementor-widget-text-editor\" data-id=\"3862fa4\" data-element_type=\"widget\" data-e-type=\"widget\" data-widget_type=\"text-editor.default\">\n\t\t\t\t<div class=\"elementor-widget-container\">\n\t\t\t\t\t\t\t\t\t<p>A continuaci\u00f3n se exponen las condiciones de garant\u00eda aplicadas por BESTWAY EUROPE S.p.A., con domicilio social en Via della Resistenza n. 5, San Giuliano Milanese (20098) &#8211; Mil\u00e1n, Italia (en adelante \u00abBESTWAY\u00bb), sobre los productos vendidos dentro del Espacio Econ\u00f3mico Europeo bajo la marca BESTWAY.<\/p>\t\t\t\t\t\t\t\t<\/div>\n\t\t\t\t<\/div>\n\t\t\t\t\t<\/div>\n\t\t\t\t<\/div>\n\t\t<div class=\"elementor-element elementor-element-2d7f1d1b e-flex e-con-boxed e-con e-parent\" data-id=\"2d7f1d1b\" data-element_type=\"container\" data-e-type=\"container\">\n\t\t\t\t\t<div class=\"e-con-inner\">\n\t\t\t\t<div class=\"elementor-element elementor-element-7112739 elementor-widget elementor-widget-heading\" data-id=\"7112739\" data-element_type=\"widget\" data-e-type=\"widget\" data-widget_type=\"heading.default\">\n\t\t\t\t<div class=\"elementor-widget-container\">\n\t\t\t\t\t<h2 class=\"elementor-heading-title elementor-size-default\">Garant\u00eda legal<\/h2>\t\t\t\t<\/div>\n\t\t\t\t<\/div>\n\t\t\t\t<div class=\"elementor-element elementor-element-0f3351f elementor-widget elementor-widget-text-editor\" data-id=\"0f3351f\" data-element_type=\"widget\" data-e-type=\"widget\" data-widget_type=\"text-editor.default\">\n\t\t\t\t<div class=\"elementor-widget-container\">\n\t\t\t\t\t\t\t\t\t<p>1.1 La garant\u00eda legal es proporcionada por las Directivas Europeas 1999\/44\/EC y 2019\/771\/E, que tienen como objetivo proteger al Consumidor, como se define a continuaci\u00f3n, en caso de que los bienes adquiridos (&#8220;Productos&#8221;) presenten defectos de conformidad.<\/p><ul class=\"points-list-blue\">\n<\/ul>\n<p>1.2 De conformidad con las Directivas Europeas mencionadas anteriormente, se considera Consumidor a toda persona f\u00edsica que adquiera un producto para fines no relacionados con su negocio, comercio, oficio o profesi\u00f3n (el &#8220;Consumidor&#8221;).<\/p>\n<p>1.3 La Garant\u00eda legal permanecer\u00e1 en vigor durante 24 meses tras la entrega de los productos al Consumidor. Tenga en cuenta que las condiciones estipuladas en las Directivas mencionadas no ser\u00e1n aplicables fuera de los pa\u00edses del Espacio Econ\u00f3mico Europeo en los que se aplica la legislaci\u00f3n local pertinente.<\/p>\n<p>1.4 Si el Consumidor cree que ha adquirido un Producto con un defecto de conformidad, deber\u00e1 ponerse en contacto con su distribuidor para hacer uso de la garant\u00eda correspondiente<\/p>\n<p>1.5 BESTWAY proporcionar\u00e1 la garant\u00eda, para cualquier posible defecto de conformidad de los Productos, a cualquier Consumidor que haya comprado los Productos directamente a la propia BESTWAY.<\/p>\t\t\t\t\t\t\t\t<\/div>\n\t\t\t\t<\/div>\n\t\t\t\t<div class=\"elementor-element elementor-element-1fe5510 elementor-widget elementor-widget-heading\" data-id=\"1fe5510\" data-element_type=\"widget\" data-e-type=\"widget\" data-widget_type=\"heading.default\">\n\t\t\t\t<div class=\"elementor-widget-container\">\n\t\t\t\t\t<h2 class=\"elementor-heading-title elementor-size-default\">Garant\u00eda del fabricante<\/h2>\t\t\t\t<\/div>\n\t\t\t\t<\/div>\n\t\t\t\t<div class=\"elementor-element elementor-element-b5b3ff4 elementor-widget elementor-widget-text-editor\" data-id=\"b5b3ff4\" data-element_type=\"widget\" data-e-type=\"widget\" data-widget_type=\"text-editor.default\">\n\t\t\t\t<div class=\"elementor-widget-container\">\n\t\t\t\t\t\t\t\t\t<p>Sin perjuicio de las garant\u00edas y prerrogativas previstas por la ley y sin perjuicio de la posibilidad para el consumidor de activar la garant\u00eda legal arriba indicada, BESTWAY ofrece una garant\u00eda adicional (\u00abGarant\u00eda del Fabricante BESTWAY\u00bb) sobre cualquier falta de conformidad, aplicable a una gama limitada de Productos.<\/p><p><a href=\"https:\/\/support.bestway.eu\/es-es\/warranty\" target=\"_blank\" rel=\"noopener\">Haga clic aqu\u00ed<\/a> para ver los t\u00e9rminos y condiciones, la gama de productos cubiertos y c\u00f3mo activarla.<\/p>\t\t\t\t\t\t\t\t<\/div>\n\t\t\t\t<\/div>\n\t\t\t\t\t<\/div>\n\t\t\t\t<\/div>\n\t\t\t\t<\/div>\n\t\t","protected":false},"excerpt":{"rendered":"<p>A continuaci\u00f3n se exponen las condiciones de garant\u00eda aplicadas por BESTWAY EUROPE S.p.A., con domicilio social en Via della Resistenza n. 5, San Giuliano Milanese (20098) &#8211; Mil\u00e1n, Italia (en adelante \u00abBESTWAY\u00bb), sobre los productos vendidos dentro del Espacio Econ\u00f3mico Europeo bajo la marca BESTWAY. Garant\u00eda legal 1.1 La garant\u00eda legal es proporcionada por las [&hellip;]<\/p>\n","protected":false},"author":9,"featured_media":0,"parent":0,"menu_order":0,"comment_status":"closed","ping_status":"closed","template":"","meta":{"_acf_changed":false,"site-sidebar-layout":"no-sidebar","site-content-layout":"page-builder","ast-site-content-layout":"full-width-container","site-content-style":"default","site-sidebar-style":"default","ast-global-header-display":"","ast-banner-title-visibility":"","ast-main-header-display":"","ast-hfb-above-header-display":"","ast-hfb-below-header-display":"","ast-hfb-mobile-header-display":"","site-post-title":"disabled","ast-breadcrumbs-content":"","ast-featured-img":"disabled","footer-sml-layout":"","ast-disable-related-posts":"","theme-transparent-header-meta":"","adv-header-id-meta":"","stick-header-meta":"","header-above-stick-meta":"","header-main-stick-meta":"","header-below-stick-meta":"","astra-migrate-meta-layouts":"set","ast-page-background-enabled":"default","ast-page-background-meta":{"desktop":{"background-color":"var(--ast-global-color-4)","background-image":"","background-repeat":"repeat","background-position":"center center","background-size":"auto","background-attachment":"scroll","background-type":"","background-media":"","overlay-type":"","overlay-color":"","overlay-opacity":"","overlay-gradient":""},"tablet":{"background-color":"","background-image":"","background-repeat":"repeat","background-position":"center center","background-size":"auto","background-attachment":"scroll","background-type":"","background-media":"","overlay-type":"","overlay-color":"","overlay-opacity":"","overlay-gradient":""},"mobile":{"background-color":"","background-image":"","background-repeat":"repeat","background-position":"center center","background-size":"auto","background-attachment":"scroll","background-type":"","background-media":"","overlay-type":"","overlay-color":"","overlay-opacity":"","overlay-gradient":""}},"ast-content-background-meta":{"desktop":{"background-color":"var(--ast-global-color-5)","background-image":"","background-repeat":"repeat","background-position":"center center","background-size":"auto","background-attachment":"scroll","background-type":"","background-media":"","overlay-type":"","overlay-color":"","overlay-opacity":"","overlay-gradient":""},"tablet":{"background-color":"var(--ast-global-color-5)","background-image":"","background-repeat":"repeat","background-position":"center center","background-size":"auto","background-attachment":"scroll","background-type":"","background-media":"","overlay-type":"","overlay-color":"","overlay-opacity":"","overlay-gradient":""},"mobile":{"background-color":"var(--ast-global-color-5)","background-image":"","background-repeat":"repeat","background-position":"center center","background-size":"auto","background-attachment":"scroll","background-type":"","background-media":"","overlay-type":"","overlay-color":"","overlay-opacity":"","overlay-gradient":""}},"footnotes":""},"class_list":["post-6894","page","type-page","status-publish","hentry"],"acf":[],"yoast_head":"<!-- This site is optimized with the Yoast SEO plugin v27.4 - https:\/\/yoast.com\/product\/yoast-seo-wordpress\/ -->\n<title>Garant\u00eda Bestway - Legal<\/title>\n<meta name=\"robots\" content=\"noindex, follow, max-snippet:-1, max-image-preview:large, max-video-preview:-1\" \/>\n<meta property=\"og:locale\" content=\"es_ES\" \/>\n<meta property=\"og:type\" content=\"article\" \/>\n<meta property=\"og:title\" content=\"Garant\u00eda Bestway - Legal\" \/>\n<meta property=\"og:description\" content=\"A continuaci\u00f3n se exponen las condiciones de garant\u00eda aplicadas por BESTWAY EUROPE S.p.A., con domicilio social en Via della Resistenza n. 5, San Giuliano Milanese (20098) &#8211; Mil\u00e1n, Italia (en adelante \u00abBESTWAY\u00bb), sobre los productos vendidos dentro del Espacio Econ\u00f3mico Europeo bajo la marca BESTWAY. Garant\u00eda legal 1.1 La garant\u00eda legal es proporcionada por las [&hellip;]\" \/>\n<meta property=\"og:url\" content=\"https:\/\/legal.bestway.eu\/es-es\/warranty-extension\/\" \/>\n<meta property=\"og:site_name\" content=\"Legal\" \/>\n<meta property=\"article:modified_time\" content=\"2026-02-10T09:58:40+00:00\" \/>\n<meta name=\"twitter:card\" content=\"summary_large_image\" \/>\n<meta name=\"twitter:label1\" content=\"Est. reading time\" \/>\n\t<meta name=\"twitter:data1\" content=\"2 minutes\" \/>\n<script type=\"application\/ld+json\" class=\"yoast-schema-graph\">{\"@context\":\"https:\\\/\\\/schema.org\",\"@graph\":[{\"@type\":\"WebPage\",\"@id\":\"https:\\\/\\\/legal.bestway.eu\\\/es-es\\\/warranty-extension\\\/\",\"url\":\"https:\\\/\\\/legal.bestway.eu\\\/es-es\\\/warranty-extension\\\/\",\"name\":\"Garant\u00eda Bestway - Legal\",\"isPartOf\":{\"@id\":\"https:\\\/\\\/legal.bestway.eu\\\/es-es\\\/#website\"},\"datePublished\":\"2023-10-24T09:15:40+00:00\",\"dateModified\":\"2026-02-10T09:58:40+00:00\",\"inLanguage\":\"es-es\",\"potentialAction\":[{\"@type\":\"ReadAction\",\"target\":[\"https:\\\/\\\/legal.bestway.eu\\\/es-es\\\/warranty-extension\\\/\"]}]},{\"@type\":\"WebSite\",\"@id\":\"https:\\\/\\\/legal.bestway.eu\\\/es-es\\\/#website\",\"url\":\"https:\\\/\\\/legal.bestway.eu\\\/es-es\\\/\",\"name\":\"Legal\",\"description\":\"Legal\",\"publisher\":{\"@id\":\"https:\\\/\\\/legal.bestway.eu\\\/es-es\\\/#organization\"},\"potentialAction\":[{\"@type\":\"SearchAction\",\"target\":{\"@type\":\"EntryPoint\",\"urlTemplate\":\"https:\\\/\\\/legal.bestway.eu\\\/es-es\\\/?s={search_term_string}\"},\"query-input\":{\"@type\":\"PropertyValueSpecification\",\"valueRequired\":true,\"valueName\":\"search_term_string\"}}],\"inLanguage\":\"es-es\"},{\"@type\":\"Organization\",\"@id\":\"https:\\\/\\\/legal.bestway.eu\\\/es-es\\\/#organization\",\"name\":\"Legal\",\"url\":\"https:\\\/\\\/legal.bestway.eu\\\/es-es\\\/\",\"logo\":{\"@type\":\"ImageObject\",\"inLanguage\":\"es-es\",\"@id\":\"https:\\\/\\\/legal.bestway.eu\\\/es-es\\\/#\\\/schema\\\/logo\\\/image\\\/\",\"url\":\"https:\\\/\\\/legal.bestway.eu\\\/wp-content\\\/uploads\\\/sites\\\/2\\\/2023\\\/10\\\/bw-white-logo@2x.png\",\"contentUrl\":\"https:\\\/\\\/legal.bestway.eu\\\/wp-content\\\/uploads\\\/sites\\\/2\\\/2023\\\/10\\\/bw-white-logo@2x.png\",\"width\":348,\"height\":138,\"caption\":\"Legal\"},\"image\":{\"@id\":\"https:\\\/\\\/legal.bestway.eu\\\/es-es\\\/#\\\/schema\\\/logo\\\/image\\\/\"}}]}<\/script>\n<!-- \/ Yoast SEO plugin. -->","yoast_head_json":{"title":"Garant\u00eda Bestway - Legal","robots":{"index":"noindex","follow":"follow","max-snippet":"max-snippet:-1","max-image-preview":"max-image-preview:large","max-video-preview":"max-video-preview:-1"},"og_locale":"es_ES","og_type":"article","og_title":"Garant\u00eda Bestway - Legal","og_description":"A continuaci\u00f3n se exponen las condiciones de garant\u00eda aplicadas por BESTWAY EUROPE S.p.A., con domicilio social en Via della Resistenza n. 5, San Giuliano Milanese (20098) &#8211; Mil\u00e1n, Italia (en adelante \u00abBESTWAY\u00bb), sobre los productos vendidos dentro del Espacio Econ\u00f3mico Europeo bajo la marca BESTWAY. Garant\u00eda legal 1.1 La garant\u00eda legal es proporcionada por las [&hellip;]","og_url":"https:\/\/legal.bestway.eu\/es-es\/warranty-extension\/","og_site_name":"Legal","article_modified_time":"2026-02-10T09:58:40+00:00","twitter_card":"summary_large_image","twitter_misc":{"Est. reading time":"2 minutes"},"schema":{"@context":"https:\/\/schema.org","@graph":[{"@type":"WebPage","@id":"https:\/\/legal.bestway.eu\/es-es\/warranty-extension\/","url":"https:\/\/legal.bestway.eu\/es-es\/warranty-extension\/","name":"Garant\u00eda Bestway - Legal","isPartOf":{"@id":"https:\/\/legal.bestway.eu\/es-es\/#website"},"datePublished":"2023-10-24T09:15:40+00:00","dateModified":"2026-02-10T09:58:40+00:00","inLanguage":"es-es","potentialAction":[{"@type":"ReadAction","target":["https:\/\/legal.bestway.eu\/es-es\/warranty-extension\/"]}]},{"@type":"WebSite","@id":"https:\/\/legal.bestway.eu\/es-es\/#website","url":"https:\/\/legal.bestway.eu\/es-es\/","name":"Legal","description":"Legal","publisher":{"@id":"https:\/\/legal.bestway.eu\/es-es\/#organization"},"potentialAction":[{"@type":"SearchAction","target":{"@type":"EntryPoint","urlTemplate":"https:\/\/legal.bestway.eu\/es-es\/?s={search_term_string}"},"query-input":{"@type":"PropertyValueSpecification","valueRequired":true,"valueName":"search_term_string"}}],"inLanguage":"es-es"},{"@type":"Organization","@id":"https:\/\/legal.bestway.eu\/es-es\/#organization","name":"Legal","url":"https:\/\/legal.bestway.eu\/es-es\/","logo":{"@type":"ImageObject","inLanguage":"es-es","@id":"https:\/\/legal.bestway.eu\/es-es\/#\/schema\/logo\/image\/","url":"https:\/\/legal.bestway.eu\/wp-content\/uploads\/sites\/2\/2023\/10\/bw-white-logo@2x.png","contentUrl":"https:\/\/legal.bestway.eu\/wp-content\/uploads\/sites\/2\/2023\/10\/bw-white-logo@2x.png","width":348,"height":138,"caption":"Legal"},"image":{"@id":"https:\/\/legal.bestway.eu\/es-es\/#\/schema\/logo\/image\/"}}]}},"_links":{"self":[{"href":"https:\/\/legal.bestway.eu\/es-es\/wp-json\/wp\/v2\/pages\/6894","targetHints":{"allow":["GET"]}}],"collection":[{"href":"https:\/\/legal.bestway.eu\/es-es\/wp-json\/wp\/v2\/pages"}],"about":[{"href":"https:\/\/legal.bestway.eu\/es-es\/wp-json\/wp\/v2\/types\/page"}],"author":[{"embeddable":true,"href":"https:\/\/legal.bestway.eu\/es-es\/wp-json\/wp\/v2\/users\/9"}],"replies":[{"embeddable":true,"href":"https:\/\/legal.bestway.eu\/es-es\/wp-json\/wp\/v2\/comments?post=6894"}],"version-history":[{"count":10,"href":"https:\/\/legal.bestway.eu\/es-es\/wp-json\/wp\/v2\/pages\/6894\/revisions"}],"predecessor-version":[{"id":9058,"href":"https:\/\/legal.bestway.eu\/es-es\/wp-json\/wp\/v2\/pages\/6894\/revisions\/9058"}],"wp:attachment":[{"href":"https:\/\/legal.bestway.eu\/es-es\/wp-json\/wp\/v2\/media?parent=6894"}],"curies":[{"name":"wp","href":"https:\/\/api.w.org\/{rel}","templated":true}]}}