{"id":8665,"date":"2025-06-09T15:47:15","date_gmt":"2025-06-09T13:47:15","guid":{"rendered":"https:\/\/legal.bestway.eu\/accessibility\/"},"modified":"2025-06-18T16:32:31","modified_gmt":"2025-06-18T14:32:31","slug":"accessibility","status":"publish","type":"page","link":"https:\/\/legal.bestway.eu\/ee-et\/accessibility\/","title":{"rendered":"Juurdep\u00e4\u00e4setavus"},"content":{"rendered":"\t\t<div data-elementor-type=\"wp-page\" data-elementor-id=\"8665\" class=\"elementor elementor-8665\" data-elementor-post-type=\"page\">\n\t\t\t\t<div class=\"elementor-element elementor-element-5b5bf09 e-flex e-con-boxed e-con e-parent\" data-id=\"5b5bf09\" data-element_type=\"container\" data-e-type=\"container\">\n\t\t\t\t\t<div class=\"e-con-inner\">\n\t\t\t\t<div class=\"elementor-element elementor-element-febc057 elementor-widget elementor-widget-text-editor\" data-id=\"febc057\" data-element_type=\"widget\" data-e-type=\"widget\" data-widget_type=\"text-editor.default\">\n\t\t\t\t<div class=\"elementor-widget-container\">\n\t\t\t\t\t\t\t\t\t<p>Usume, et internet peaks olema k\u00f5igile k\u00e4ttesaadav ja ligip\u00e4\u00e4setav ning oleme p\u00fchendunud veebisaidi pakkumisele, mis on ligip\u00e4\u00e4setav v\u00f5imalikult laiale publikule.<\/p><p>Me j\u00e4rgime tavaliselt World Wide Web Consortiumi (W3C) veebisisu ligip\u00e4\u00e4setavuse juhiseid 2.1 (WCAG 2.1). Need juhised selgitavad, kuidas muuta veebisisu ligip\u00e4\u00e4setavaks laiale kasutajaskonnale ja erinevate vajadustega inimestele. Nende juhiste j\u00e4rgimine aitab meil tagada, et meie veebisaidid on ligip\u00e4\u00e4setavad v\u00f5imalikult laiale hulgale inimestele.<\/p>\t\t\t\t\t\t\t\t<\/div>\n\t\t\t\t<\/div>\n\t\t\t\t<div class=\"elementor-element elementor-element-a41cc72 elementor-widget elementor-widget-heading\" data-id=\"a41cc72\" data-element_type=\"widget\" data-e-type=\"widget\" data-widget_type=\"heading.default\">\n\t\t\t\t<div class=\"elementor-widget-container\">\n\t\t\t\t\t<h2 class=\"elementor-heading-title elementor-size-default\">Juurdep\u00e4\u00e4setavusavaldused<\/h2>\t\t\t\t<\/div>\n\t\t\t\t<\/div>\n\t\t\t\t<div class=\"elementor-element elementor-element-dd82ffd elementor-widget elementor-widget-n-accordion\" data-id=\"dd82ffd\" data-element_type=\"widget\" data-e-type=\"widget\" data-settings=\"{&quot;max_items_expended&quot;:&quot;multiple&quot;,&quot;default_state&quot;:&quot;expanded&quot;,&quot;n_accordion_animation_duration&quot;:{&quot;unit&quot;:&quot;ms&quot;,&quot;size&quot;:400,&quot;sizes&quot;:[]}}\" data-widget_type=\"nested-accordion.default\">\n\t\t\t\t<div class=\"elementor-widget-container\">\n\t\t\t\t\t\t\t<div class=\"e-n-accordion\" aria-label=\"Accordion. Open links with Enter or Space, close with Escape, and navigate with Arrow Keys\">\n\t\t\t\t\t\t<details id=\"e-n-accordion-item-2320\" class=\"e-n-accordion-item\" open>\n\t\t\t\t<summary class=\"e-n-accordion-item-title\" data-accordion-index=\"1\" tabindex=\"0\" aria-expanded=\"true\" aria-controls=\"e-n-accordion-item-2320\" >\n\t\t\t\t\t<span class='e-n-accordion-item-title-header'><div class=\"e-n-accordion-item-title-text\"> Tugiveebisait (support.bestway.eu) <\/div><\/span>\n\t\t\t\t\t\t\t<span class='e-n-accordion-item-title-icon'>\n\t\t\t<span class='e-opened' ><i aria-hidden=\"true\" class=\"fas fa-minus\"><\/i><\/span>\n\t\t\t<span class='e-closed'><i aria-hidden=\"true\" class=\"fas fa-plus\"><\/i><\/span>\n\t\t<\/span>\n\n\t\t\t\t\t\t<\/summary>\n\t\t\t\t<div role=\"region\" aria-labelledby=\"e-n-accordion-item-2320\" class=\"elementor-element elementor-element-0ab357d e-con-full e-flex e-con e-child\" data-id=\"0ab357d\" data-element_type=\"container\" data-e-type=\"container\">\n\t\t\t\t<div class=\"elementor-element elementor-element-7f3cfd0 elementor-widget elementor-widget-text-editor\" data-id=\"7f3cfd0\" data-element_type=\"widget\" data-e-type=\"widget\" data-widget_type=\"text-editor.default\">\n\t\t\t\t<div class=\"elementor-widget-container\">\n\t\t\t\t\t\t\t\t\t<p data-start=\"124\" data-end=\"214\"><strong data-start=\"124\" data-end=\"214\">J\u00e4rgmine ligip\u00e4\u00e4setavuse deklaratsioon kehtib veebilehele: https:\/\/support.bestway.eu.<\/strong><\/p><p data-start=\"216\" data-end=\"370\"><strong data-start=\"216\" data-end=\"256\">Vastavuse staatus: Osaliselt vastav.<\/strong><br data-start=\"256\" data-end=\"259\" \/>See veebisait on osaliselt vastav UNI CEI EN 301549 standardi lisa A n\u00f5uetele j\u00e4rgnevate mittevastavuste t\u00f5ttu.<\/p><p data-start=\"485\" data-end=\"520\"><strong data-start=\"485\" data-end=\"518\">1.1.1 \u2013 Mitte-tekstiline sisu<\/strong><\/p><ul data-start=\"521\" data-end=\"807\"><li data-start=\"521\" data-end=\"607\"><p data-start=\"523\" data-end=\"607\">M\u00f5nel pildil puudub <em data-start=\"543\" data-end=\"548\">alt<\/em>-atribuut v\u00f5i sisaldab see ebapiisavat alternatiivteksti.<\/p><\/li><li data-start=\"608\" data-end=\"701\"><p data-start=\"610\" data-end=\"701\">M\u00f5ned <em data-start=\"616\" data-end=\"624\">iframe<\/em>-elemendid ei sisalda alternatiivset teksti kaudu <em data-start=\"674\" data-end=\"681\">title<\/em> v\u00f5i <em data-start=\"686\" data-end=\"698\">aria-label<\/em>.<\/p><\/li><li data-start=\"702\" data-end=\"807\"><p data-start=\"704\" data-end=\"807\">M\u00f5ned kujunduselemendid ei ole \u00f5igesti m\u00e4rgistatud <em data-start=\"755\" data-end=\"776\">role=&#8221;presentation&#8221;<\/em> v\u00f5i <em data-start=\"781\" data-end=\"801\">aria-hidden=&#8221;true&#8221;<\/em> abil.<\/p><\/li><\/ul><p data-start=\"809\" data-end=\"838\"><strong data-start=\"809\" data-end=\"836\">1.3.1 \u2013 Teave ja seosed<\/strong><\/p><ul data-start=\"839\" data-end=\"1207\"><li data-start=\"839\" data-end=\"931\"><p data-start=\"841\" data-end=\"931\">Mitmed konteinerielemendid on DOM-is t\u00fchjad, mis p\u00f5hjustab mitte-semantilisi struktuure.<\/p><\/li><li data-start=\"932\" data-end=\"1016\"><p data-start=\"934\" data-end=\"1016\">M\u00f5ned vormiv\u00e4ljad ei ole seotud siltidega (<em data-start=\"977\" data-end=\"984\">label<\/em>) v\u00f5i <em data-start=\"990\" data-end=\"1007\">aria-labelledby<\/em> kaudu.<\/p><\/li><li data-start=\"1017\" data-end=\"1069\"><p data-start=\"1019\" data-end=\"1069\">M\u00f5nel tekstil puuduvad ARIA rollid v\u00f5i omadused.<\/p><\/li><li data-start=\"1070\" data-end=\"1207\"><p data-start=\"1072\" data-end=\"1207\">M\u00f5nes dokumendis ei kasutata pealkirjade jaoks semantilisi t\u00e4hiseid, mis raskendab struktureeritud navigeerimist abitehnoloogiate abil.<\/p><\/li><\/ul><p data-start=\"1209\" data-end=\"1302\"><strong data-start=\"1209\" data-end=\"1300\">1.3.2 \/ 2.1.1 \/ 2.4.3 \u2013 M\u00f5testatud j\u00e4rjestus, klaviatuuriga ligip\u00e4\u00e4s, fookuse j\u00e4rjestus<\/strong><\/p><ul data-start=\"1303\" data-end=\"1452\"><li data-start=\"1303\" data-end=\"1452\"><p data-start=\"1305\" data-end=\"1452\">M\u00f5nedes dokumentides ei vasta lugemis- ja navigeerimisj\u00e4rjestus visuaalsele j\u00e4rjestusele, mis raskendab kasutamist klaviatuuri v\u00f5i ekraanilugejaga.<\/p><\/li><\/ul><p data-start=\"1454\" data-end=\"1490\"><strong data-start=\"1454\" data-end=\"1488\">1.4.3 \u2013 Kontrastsus (miinimum)<\/strong><\/p><ul data-start=\"1491\" data-end=\"1584\"><li data-start=\"1491\" data-end=\"1584\"><p data-start=\"1493\" data-end=\"1584\">M\u00f5nede elementide teksti ja tausta kontrastsus ei saavuta minimaalset n\u00f5utavat suhet 4.5:1.<\/p><\/li><\/ul><p data-start=\"1586\" data-end=\"1619\"><strong data-start=\"1586\" data-end=\"1617\">1.4.4 \u2013 Teksti suurendamine<\/strong><\/p><ul data-start=\"1620\" data-end=\"1680\"><li data-start=\"1620\" data-end=\"1680\"><p data-start=\"1622\" data-end=\"1680\">M\u00f5ni tekst l\u00f5igatakse \u00e4ra v\u00f5i kattub, kui seda suurendada.<\/p><\/li><\/ul><p data-start=\"1682\" data-end=\"1724\"><strong data-start=\"1682\" data-end=\"1722\">1.4.10 \u2013 Sisu \u00fcmberpaigutus (Reflow)<\/strong><\/p><ul data-start=\"1725\" data-end=\"1847\"><li data-start=\"1725\" data-end=\"1847\"><p data-start=\"1727\" data-end=\"1847\">M\u00f5ned lehed v\u00f5i komponendid ei k\u00e4sitle suumimist v\u00f5i akna suuruse muutmist korrektselt, mis p\u00f5hjustab paigutusprobleeme.<\/p><\/li><\/ul><p data-start=\"1849\" data-end=\"1889\"><strong data-start=\"1849\" data-end=\"1887\">2.4.1 \u2013 Sisublokkide vahelej\u00e4tmine<\/strong><\/p><ul data-start=\"1890\" data-end=\"1960\"><li data-start=\"1890\" data-end=\"1960\"><p data-start=\"1892\" data-end=\"1960\">M\u00f5nelt lehelt puudub klaviatuuriga ligip\u00e4\u00e4setav link &#8220;Liigu sisuni&#8221;.<\/p><\/li><\/ul><p data-start=\"1962\" data-end=\"1989\"><strong data-start=\"1962\" data-end=\"1987\">2.4.2 \u2013 Lehe pealkiri<\/strong><\/p><ul data-start=\"1990\" data-end=\"2115\"><li data-start=\"1990\" data-end=\"2115\"><p data-start=\"1992\" data-end=\"2115\">M\u00f5nelt dokumendilt puudub metaandmetes pealkiri, mis v\u00e4hendab sisu tuvastatavust abistavate tehnoloogiatega navigeerimisel.<\/p><\/li><\/ul><p data-start=\"2117\" data-end=\"2156\"><strong data-start=\"2117\" data-end=\"2154\">2.4.4 \u2013 Lingieesm\u00e4rk (kontekstis)<\/strong><\/p><ul data-start=\"2157\" data-end=\"2208\"><li data-start=\"2157\" data-end=\"2208\"><p data-start=\"2159\" data-end=\"2208\">M\u00f5nel lingil puudub t\u00e4henduslik alternatiivtekst.<\/p><\/li><\/ul><p data-start=\"2210\" data-end=\"2244\"><strong data-start=\"2210\" data-end=\"2242\">2.4.6 \u2013 Pealkirjad ja sildid<\/strong><\/p><ul data-start=\"2245\" data-end=\"2320\"><li data-start=\"2245\" data-end=\"2320\"><p data-start=\"2247\" data-end=\"2320\">M\u00f5nedel lehtedel puuduvad semantilised pealkirjad v\u00f5i <em data-start=\"2301\" data-end=\"2309\">header<\/em>-elemendid.<\/p><\/li><\/ul><p data-start=\"2322\" data-end=\"2345\"><strong data-start=\"2322\" data-end=\"2343\">3.1.1 \u2013 Lehe keel<\/strong><\/p><ul data-start=\"2346\" data-end=\"2445\"><li data-start=\"2346\" data-end=\"2445\"><p data-start=\"2348\" data-end=\"2445\">Dokumendi vaikekeel ei ole m\u00e4\u00e4ratud, mis takistab teksti korrektset h\u00e4\u00e4ldamist ekraanilugejatega.<\/p><\/li><\/ul><p data-start=\"2447\" data-end=\"2480\"><strong data-start=\"2447\" data-end=\"2478\">4.1.2 \u2013 Nimi, roll, v\u00e4\u00e4rtus<\/strong><\/p><ul data-start=\"2481\" data-end=\"2614\"><li data-start=\"2481\" data-end=\"2533\"><p data-start=\"2483\" data-end=\"2533\">Mitmel nupul puudub tekstisilt v\u00f5i <em data-start=\"2518\" data-end=\"2530\">aria-label<\/em>.<\/p><\/li><li data-start=\"2534\" data-end=\"2614\"><p data-start=\"2536\" data-end=\"2614\">M\u00f5ned ARIA atribuudi v\u00e4\u00e4rtused on kehtetud v\u00f5i ei vasta spetsifikatsioonidele.<\/p><\/li><\/ul>\t\t\t\t\t\t\t\t<\/div>\n\t\t\t\t<\/div>\n\t\t\t\t<\/div>\n\t\t\t\t\t<\/details>\n\t\t\t\t\t<\/div>\n\t\t\t\t\t\t<\/div>\n\t\t\t\t<\/div>\n\t\t\t\t<div class=\"elementor-element elementor-element-3003df7 elementor-widget elementor-widget-heading\" data-id=\"3003df7\" data-element_type=\"widget\" data-e-type=\"widget\" data-widget_type=\"heading.default\">\n\t\t\t\t<div class=\"elementor-widget-container\">\n\t\t\t\t\t<h2 class=\"elementor-heading-title elementor-size-default\">Kommentaarid ja tagasiside<\/h2>\t\t\t\t<\/div>\n\t\t\t\t<\/div>\n\t\t\t\t<div class=\"elementor-element elementor-element-2b49daa elementor-widget elementor-widget-text-editor\" data-id=\"2b49daa\" data-element_type=\"widget\" data-e-type=\"widget\" data-widget_type=\"text-editor.default\">\n\t\t\t\t<div class=\"elementor-widget-container\">\n\t\t\t\t\t\t\t\t\t<p><span style=\"font-size: 16px;\">Meie veebilehtede arenduses p\u00fc\u00fcame j\u00e4rgida digitaalse ligip\u00e4\u00e4setavuse kriteeriume, kuid siiski v\u00f5ib leiduda lehti v\u00f5i osi, mis pole t\u00e4ielikult ligip\u00e4\u00e4setavad, on alles ligip\u00e4\u00e4setavaks muutmise protsessis v\u00f5i millel puudub piisav tehnoloogiline lahendus. Tagasiside v\u00f5i aruannete saamiseks kirjutage aadressile <\/span><a style=\"font-size: 16px; background-color: #ffffff;\" href=\"mailto:accessibility@bestwaycorp.eu\"><strong>accessibility@bestwaycorp.eu<\/strong><\/a><\/p>\t\t\t\t\t\t\t\t<\/div>\n\t\t\t\t<\/div>\n\t\t\t\t\t<\/div>\n\t\t\t\t<\/div>\n\t\t\t\t<\/div>\n\t\t","protected":false},"excerpt":{"rendered":"<p>Usume, et internet peaks olema k\u00f5igile k\u00e4ttesaadav ja ligip\u00e4\u00e4setav ning oleme p\u00fchendunud veebisaidi pakkumisele, mis on ligip\u00e4\u00e4setav v\u00f5imalikult laiale publikule. Me j\u00e4rgime tavaliselt World Wide Web Consortiumi (W3C) veebisisu ligip\u00e4\u00e4setavuse juhiseid 2.1 (WCAG 2.1). Need juhised selgitavad, kuidas muuta veebisisu ligip\u00e4\u00e4setavaks laiale kasutajaskonnale ja erinevate vajadustega inimestele. Nende juhiste j\u00e4rgimine aitab meil tagada, et meie [&hellip;]<\/p>\n","protected":false},"author":1,"featured_media":0,"parent":0,"menu_order":0,"comment_status":"closed","ping_status":"closed","template":"","meta":{"_acf_changed":false,"site-sidebar-layout":"no-sidebar","site-content-layout":"page-builder","ast-site-content-layout":"full-width-container","site-content-style":"default","site-sidebar-style":"default","ast-global-header-display":"","ast-banner-title-visibility":"","ast-main-header-display":"","ast-hfb-above-header-display":"","ast-hfb-below-header-display":"","ast-hfb-mobile-header-display":"","site-post-title":"disabled","ast-breadcrumbs-content":"","ast-featured-img":"disabled","footer-sml-layout":"","ast-disable-related-posts":"","theme-transparent-header-meta":"","adv-header-id-meta":"","stick-header-meta":"","header-above-stick-meta":"","header-main-stick-meta":"","header-below-stick-meta":"","astra-migrate-meta-layouts":"set","ast-page-background-enabled":"default","ast-page-background-meta":{"desktop":{"background-color":"var(--ast-global-color-4)","background-image":"","background-repeat":"repeat","background-position":"center center","background-size":"auto","background-attachment":"scroll","background-type":"","background-media":"","overlay-type":"","overlay-color":"","overlay-opacity":"","overlay-gradient":""},"tablet":{"background-color":"","background-image":"","background-repeat":"repeat","background-position":"center center","background-size":"auto","background-attachment":"scroll","background-type":"","background-media":"","overlay-type":"","overlay-color":"","overlay-opacity":"","overlay-gradient":""},"mobile":{"background-color":"","background-image":"","background-repeat":"repeat","background-position":"center center","background-size":"auto","background-attachment":"scroll","background-type":"","background-media":"","overlay-type":"","overlay-color":"","overlay-opacity":"","overlay-gradient":""}},"ast-content-background-meta":{"desktop":{"background-color":"var(--ast-global-color-5)","background-image":"","background-repeat":"repeat","background-position":"center center","background-size":"auto","background-attachment":"scroll","background-type":"","background-media":"","overlay-type":"","overlay-color":"","overlay-opacity":"","overlay-gradient":""},"tablet":{"background-color":"var(--ast-global-color-5)","background-image":"","background-repeat":"repeat","background-position":"center center","background-size":"auto","background-attachment":"scroll","background-type":"","background-media":"","overlay-type":"","overlay-color":"","overlay-opacity":"","overlay-gradient":""},"mobile":{"background-color":"var(--ast-global-color-5)","background-image":"","background-repeat":"repeat","background-position":"center center","background-size":"auto","background-attachment":"scroll","background-type":"","background-media":"","overlay-type":"","overlay-color":"","overlay-opacity":"","overlay-gradient":""}},"footnotes":""},"class_list":["post-8665","page","type-page","status-publish","hentry"],"acf":[],"yoast_head":"<!-- This site is optimized with the Yoast SEO plugin v27.6 - https:\/\/yoast.com\/product\/yoast-seo-wordpress\/ -->\n<title>Juurdep\u00e4\u00e4setavus - Legal<\/title>\n<meta name=\"robots\" content=\"noindex, follow, max-snippet:-1, max-image-preview:large, max-video-preview:-1\" \/>\n<meta property=\"og:locale\" content=\"en_US\" \/>\n<meta property=\"og:type\" content=\"article\" \/>\n<meta property=\"og:title\" content=\"Juurdep\u00e4\u00e4setavus - Legal\" \/>\n<meta property=\"og:description\" content=\"Usume, et internet peaks olema k\u00f5igile k\u00e4ttesaadav ja ligip\u00e4\u00e4setav ning oleme p\u00fchendunud veebisaidi pakkumisele, mis on ligip\u00e4\u00e4setav v\u00f5imalikult laiale publikule. Me j\u00e4rgime tavaliselt World Wide Web Consortiumi (W3C) veebisisu ligip\u00e4\u00e4setavuse juhiseid 2.1 (WCAG 2.1). Need juhised selgitavad, kuidas muuta veebisisu ligip\u00e4\u00e4setavaks laiale kasutajaskonnale ja erinevate vajadustega inimestele. Nende juhiste j\u00e4rgimine aitab meil tagada, et meie [&hellip;]\" \/>\n<meta property=\"og:url\" content=\"https:\/\/legal.bestway.eu\/ee-et\/accessibility\/\" \/>\n<meta property=\"og:site_name\" content=\"Legal\" \/>\n<meta property=\"article:modified_time\" content=\"2025-06-18T14:32:31+00:00\" \/>\n<meta name=\"twitter:card\" content=\"summary_large_image\" \/>\n<meta name=\"twitter:label1\" content=\"Est. reading time\" \/>\n\t<meta name=\"twitter:data1\" content=\"4 minutes\" \/>\n<script type=\"application\/ld+json\" class=\"yoast-schema-graph\">{\"@context\":\"https:\\\/\\\/schema.org\",\"@graph\":[{\"@type\":\"WebPage\",\"@id\":\"https:\\\/\\\/legal.bestway.eu\\\/ee-et\\\/accessibility\\\/\",\"url\":\"https:\\\/\\\/legal.bestway.eu\\\/ee-et\\\/accessibility\\\/\",\"name\":\"Juurdep\u00e4\u00e4setavus - Legal\",\"isPartOf\":{\"@id\":\"https:\\\/\\\/legal.bestway.eu\\\/ee-et\\\/#website\"},\"datePublished\":\"2025-06-09T13:47:15+00:00\",\"dateModified\":\"2025-06-18T14:32:31+00:00\",\"inLanguage\":\"ee-et\",\"potentialAction\":[{\"@type\":\"ReadAction\",\"target\":[\"https:\\\/\\\/legal.bestway.eu\\\/ee-et\\\/accessibility\\\/\"]}]},{\"@type\":\"WebSite\",\"@id\":\"https:\\\/\\\/legal.bestway.eu\\\/ee-et\\\/#website\",\"url\":\"https:\\\/\\\/legal.bestway.eu\\\/ee-et\\\/\",\"name\":\"Legal\",\"description\":\"Legal\",\"publisher\":{\"@id\":\"https:\\\/\\\/legal.bestway.eu\\\/ee-et\\\/#organization\"},\"potentialAction\":[{\"@type\":\"SearchAction\",\"target\":{\"@type\":\"EntryPoint\",\"urlTemplate\":\"https:\\\/\\\/legal.bestway.eu\\\/ee-et\\\/?s={search_term_string}\"},\"query-input\":{\"@type\":\"PropertyValueSpecification\",\"valueRequired\":true,\"valueName\":\"search_term_string\"}}],\"inLanguage\":\"ee-et\"},{\"@type\":\"Organization\",\"@id\":\"https:\\\/\\\/legal.bestway.eu\\\/ee-et\\\/#organization\",\"name\":\"Legal\",\"url\":\"https:\\\/\\\/legal.bestway.eu\\\/ee-et\\\/\",\"logo\":{\"@type\":\"ImageObject\",\"inLanguage\":\"ee-et\",\"@id\":\"https:\\\/\\\/legal.bestway.eu\\\/ee-et\\\/#\\\/schema\\\/logo\\\/image\\\/\",\"url\":\"https:\\\/\\\/legal.bestway.eu\\\/wp-content\\\/uploads\\\/sites\\\/2\\\/2023\\\/10\\\/bw-white-logo@2x.png\",\"contentUrl\":\"https:\\\/\\\/legal.bestway.eu\\\/wp-content\\\/uploads\\\/sites\\\/2\\\/2023\\\/10\\\/bw-white-logo@2x.png\",\"width\":348,\"height\":138,\"caption\":\"Legal\"},\"image\":{\"@id\":\"https:\\\/\\\/legal.bestway.eu\\\/ee-et\\\/#\\\/schema\\\/logo\\\/image\\\/\"}}]}<\/script>\n<!-- \/ Yoast SEO plugin. -->","yoast_head_json":{"title":"Juurdep\u00e4\u00e4setavus - Legal","robots":{"index":"noindex","follow":"follow","max-snippet":"max-snippet:-1","max-image-preview":"max-image-preview:large","max-video-preview":"max-video-preview:-1"},"og_locale":"en_US","og_type":"article","og_title":"Juurdep\u00e4\u00e4setavus - Legal","og_description":"Usume, et internet peaks olema k\u00f5igile k\u00e4ttesaadav ja ligip\u00e4\u00e4setav ning oleme p\u00fchendunud veebisaidi pakkumisele, mis on ligip\u00e4\u00e4setav v\u00f5imalikult laiale publikule. Me j\u00e4rgime tavaliselt World Wide Web Consortiumi (W3C) veebisisu ligip\u00e4\u00e4setavuse juhiseid 2.1 (WCAG 2.1). Need juhised selgitavad, kuidas muuta veebisisu ligip\u00e4\u00e4setavaks laiale kasutajaskonnale ja erinevate vajadustega inimestele. Nende juhiste j\u00e4rgimine aitab meil tagada, et meie [&hellip;]","og_url":"https:\/\/legal.bestway.eu\/ee-et\/accessibility\/","og_site_name":"Legal","article_modified_time":"2025-06-18T14:32:31+00:00","twitter_card":"summary_large_image","twitter_misc":{"Est. reading time":"4 minutes"},"schema":{"@context":"https:\/\/schema.org","@graph":[{"@type":"WebPage","@id":"https:\/\/legal.bestway.eu\/ee-et\/accessibility\/","url":"https:\/\/legal.bestway.eu\/ee-et\/accessibility\/","name":"Juurdep\u00e4\u00e4setavus - Legal","isPartOf":{"@id":"https:\/\/legal.bestway.eu\/ee-et\/#website"},"datePublished":"2025-06-09T13:47:15+00:00","dateModified":"2025-06-18T14:32:31+00:00","inLanguage":"ee-et","potentialAction":[{"@type":"ReadAction","target":["https:\/\/legal.bestway.eu\/ee-et\/accessibility\/"]}]},{"@type":"WebSite","@id":"https:\/\/legal.bestway.eu\/ee-et\/#website","url":"https:\/\/legal.bestway.eu\/ee-et\/","name":"Legal","description":"Legal","publisher":{"@id":"https:\/\/legal.bestway.eu\/ee-et\/#organization"},"potentialAction":[{"@type":"SearchAction","target":{"@type":"EntryPoint","urlTemplate":"https:\/\/legal.bestway.eu\/ee-et\/?s={search_term_string}"},"query-input":{"@type":"PropertyValueSpecification","valueRequired":true,"valueName":"search_term_string"}}],"inLanguage":"ee-et"},{"@type":"Organization","@id":"https:\/\/legal.bestway.eu\/ee-et\/#organization","name":"Legal","url":"https:\/\/legal.bestway.eu\/ee-et\/","logo":{"@type":"ImageObject","inLanguage":"ee-et","@id":"https:\/\/legal.bestway.eu\/ee-et\/#\/schema\/logo\/image\/","url":"https:\/\/legal.bestway.eu\/wp-content\/uploads\/sites\/2\/2023\/10\/bw-white-logo@2x.png","contentUrl":"https:\/\/legal.bestway.eu\/wp-content\/uploads\/sites\/2\/2023\/10\/bw-white-logo@2x.png","width":348,"height":138,"caption":"Legal"},"image":{"@id":"https:\/\/legal.bestway.eu\/ee-et\/#\/schema\/logo\/image\/"}}]}},"_links":{"self":[{"href":"https:\/\/legal.bestway.eu\/ee-et\/wp-json\/wp\/v2\/pages\/8665","targetHints":{"allow":["GET"]}}],"collection":[{"href":"https:\/\/legal.bestway.eu\/ee-et\/wp-json\/wp\/v2\/pages"}],"about":[{"href":"https:\/\/legal.bestway.eu\/ee-et\/wp-json\/wp\/v2\/types\/page"}],"author":[{"embeddable":true,"href":"https:\/\/legal.bestway.eu\/ee-et\/wp-json\/wp\/v2\/users\/1"}],"replies":[{"embeddable":true,"href":"https:\/\/legal.bestway.eu\/ee-et\/wp-json\/wp\/v2\/comments?post=8665"}],"version-history":[{"count":4,"href":"https:\/\/legal.bestway.eu\/ee-et\/wp-json\/wp\/v2\/pages\/8665\/revisions"}],"predecessor-version":[{"id":8669,"href":"https:\/\/legal.bestway.eu\/ee-et\/wp-json\/wp\/v2\/pages\/8665\/revisions\/8669"}],"wp:attachment":[{"href":"https:\/\/legal.bestway.eu\/ee-et\/wp-json\/wp\/v2\/media?parent=8665"}],"curies":[{"name":"wp","href":"https:\/\/api.w.org\/{rel}","templated":true}]}}