{"id":7400,"date":"2024-09-09T16:55:17","date_gmt":"2024-09-09T14:55:17","guid":{"rendered":"https:\/\/legal.bestway.eu\/?page_id=7400"},"modified":"2025-01-02T12:46:49","modified_gmt":"2025-01-02T11:46:49","slug":"terms-of-use","status":"publish","type":"page","link":"https:\/\/legal.bestway.eu\/ee-et\/terms-of-use\/","title":{"rendered":"Kasutustingimused"},"content":{"rendered":"\t\t<div data-elementor-type=\"wp-page\" data-elementor-id=\"7400\" class=\"elementor elementor-7400\" data-elementor-post-type=\"page\">\n\t\t\t\t<div class=\"elementor-element elementor-element-7386dff e-flex e-con-boxed e-con e-parent\" data-id=\"7386dff\" data-element_type=\"container\" data-e-type=\"container\">\n\t\t\t\t\t<div class=\"e-con-inner\">\n\t\t\t\t<div class=\"elementor-element elementor-element-75882a5 elementor-widget elementor-widget-heading\" data-id=\"75882a5\" data-element_type=\"widget\" data-e-type=\"widget\" data-widget_type=\"heading.default\">\n\t\t\t\t<div class=\"elementor-widget-container\">\n\t\t\t\t\t<h2 class=\"elementor-heading-title elementor-size-default\">Bestway saitide kasutustingimused<\/h2>\t\t\t\t<\/div>\n\t\t\t\t<\/div>\n\t\t\t\t<div class=\"elementor-element elementor-element-2a2d771 elementor-widget elementor-widget-text-editor\" data-id=\"2a2d771\" data-element_type=\"widget\" data-e-type=\"widget\" data-widget_type=\"text-editor.default\">\n\t\t\t\t<div class=\"elementor-widget-container\">\n\t\t\t\t\t\t\t\t\t<p>Nende tingimustega reguleeritakse<\/p><ul><li>Bestway kasutamist ja<\/li><li>mis tahes muud seotud lepingut v\u00f5i \u00f5igussuhet omanikuga<\/li><\/ul><p>\u00f5iguslikult siduval viisil. Kasutatud m\u00f5isted on m\u00e4\u00e4ratletud selle dokumendi vastavas jaotises.<\/p><p>Kasutaja peab selle dokumendi hoolikalt l\u00e4bi lugema.<\/p><h2>Bestway ja seotud teenuste omanik<\/h2><p><strong>Bestway Europe S.p.A.<\/strong>, Via Resistenza 5, 20098 San Giuliano Milanese (MI), KMKR number: IT02561670130, ja selle <a href=\"https:\/\/subsidiaries.bestwaycorp.eu\/bestwaySubsidiaries.html\" target=\"_blank\" rel=\"noopener\">Euroopa t\u00fctarettev\u00f5tted<\/a><\/p><h2>Teave Bestway saitidel<\/h2><p>Kasutajad ei saa Bestway saitidelt tooteid ega teenuseid osta, v\u00e4lja arvatud e-kaubanduse sait riikides, kus see on saadaval. Kasutajad saavad vaadata tootekataloogi, otsida Bestway toodete edasim\u00fc\u00fcjaid ja saata Bestwayle kontakti-, abi- v\u00f5i garantiipikendustaotlusi.<\/p><h2>Sissejuhatus<\/h2><h2>\u00a0<\/h2><h3>K\u00e4esolev dokument<\/h3><p>See dokument on \u00f5iguslik kokkulepe teie kui kasutaja ja Bestwayd pakkuva \u00e4ri\u00fchingu vahel. Dokumendiga reguleeritakse veebiomandi kasutamist ja igal juhul pakutavate teenuste kasutamist. \u201e\u00d5iguslik kokkulepe\u201c t\u00e4hendab, et kokkuleppe tingimused on teie ja meie vahelistes suhetes siduvad, kui olete tingimustega n\u00f5ustunud. Lihtsuse huvides viitavad s\u00f5nad \u201ekasutaja\u201d, \u201eteie\u201d, \u201eteid\u201d ja sarnased m\u00f5isted kas ainsuses v\u00f5i mitmuses teile kui kasutajale. S\u00f5nad \u201emeie\u201d, \u201emeid\u201d ja sarnased m\u00f5isted viitavad ettev\u00f5ttele, mis omab ja haldab Bestwayd, nagu on kirjeldatud selles dokumendis. \u201eBestway\u201c viitab hetkel kasutatavale veebisaidile ja\/v\u00f5i rakendusele. \u201eKokkulepe\u201d viitab sellele dokumendile, mida aeg-ajalt muudetakse. Kokkulepe s\u00f5lmitakse inglise keeles. Muud m\u00e4\u00e4ratletud m\u00f5isted on s\u00e4testatud kokkuleppe allosas jaotises \u201eM\u00f5isted\u201c.<\/p><h3>Kokkuleppega n\u00f5ustumine<\/h3><p>Bestway kasutamiseks peate selle kokkuleppe hoolikalt l\u00e4bi lugema ja sellega n\u00f5ustuma, kl\u00f5psates kinnitamise nupul. Kui te kokkuleppega ei n\u00f5ustu, ei saa te teenust kasutada.<\/p><h2>Bestway sisu ja Bestway keelatud kasutamine<\/h2><h2>\u00a0<\/h2><h3>Kasutaja esitatud sisu<\/h3><p>Kasutajad vastutavad enda ja kolmandate isikute sisu eest, mida nad Bestway kaudu jagavad, mille nad Bestways v\u00f5i Bestway kaudu \u00fcles laadivad ja postitavad v\u00f5i mida nad mis tahes muul viisil edastavad. Kasutajad kinnitavad, et neil on k\u00f5ik vajalikud n\u00f5usolekud kolmandatelt pooltelt, kelle andmeid ja\/v\u00f5i sisu nad omanikuga jagavad, ning seet\u00f5ttu h\u00fcvitavad nad omanikule mis tahes kohustuse v\u00f5i n\u00f5ude, mis tekib omaniku vastu seoses kolmanda poole sisu ebaseadusliku levitamise v\u00f5i teenuse ebaseadusliku kasutamisega.<\/p><p>Omanik ei halda kasutajate v\u00f5i kolmandate isikute pakutavat sisu, kuid tegutseb juhul, kui kasutajatelt saadakse kaebusi v\u00f5i kui riigiasutused v\u00e4ljastavad ettekirjutusi solvavaks v\u00f5i ebaseaduslikuks peetava sisu kohta.<\/p><p>Eelk\u00f5ige v\u00f5ib omanik sisu n\u00e4itamise peatada v\u00f5i katkestada juhul, kui:<\/p><ul><li>teised kasutajad esitavad kaebusi;<\/li><li>saadakse teade intellektuaalomandi\u00f5iguste rikkumise kohta;<\/li><li>see otsus tehakse kohtumenetlusega seoses v\u00f5i selle tulemusel;<\/li><li>seda taotleb riigiasutus; v\u00f5i<\/li><li>kui arvatakse, et sisu, mis on Bestway kaudu k\u00e4ttesaadav, v\u00f5ib ohustada kasutajaid, kolmandaid pooli, teenuse k\u00e4ttesaadavust ja\/v\u00f5i omanikku.<\/li><\/ul><h3>\u00d5igused kasutajate esitatud sisu suhtes<\/h3><p>Ainukesed \u00f5igused, mis omanikul seoses kasutajate esitatud sisuga on, on Bestway k\u00e4igushoidmiseks ja haldamiseks vajalikud \u00f5igused.<\/p><p>Kui ei ole s\u00e4testatud teisiti, kehtib j\u00e4rgmine.<\/p><p>Bestways v\u00f5i Bestway kaudu sisu edastades, postitades v\u00f5i kuvades annab kasutaja omanikule kasutustasuta lihtlitsentsi, millel ei ole territoriaalseid piiranguid ning mis annab \u00f5iguse seda sisu all-litsentsida, kasutada, kopeerida, paljundada, t\u00f6\u00f6delda, kohandada, muuta, avaldada, edastada, kuvada ja levitada mis tahes meediavormis v\u00f5i levitamismeetodite kaudu, mis on parajasti k\u00e4ttesaadavad v\u00f5i mis t\u00f6\u00f6tatakse v\u00e4lja hiljem.<\/p><h3>Kolmandate isikute edastatud sisu<\/h3><p>Omanik ei halda kolmandate poolte esitatud sisu ega linke enne nende avaldamist Bestways. Omanik ei vastuta kolmandate isikute pakutava sisu ega selle k\u00e4ttesaadavuse eest.<\/p><h3>Kolmandate isikute osutatavad teenused<\/h3><p>Kasutajad v\u00f5ivad kasutada Bestways sisalduvaid kolmanda poole teenuseid v\u00f5i sisu, kuid nad peavad olema teadlikud nende kolmandate poolte tingimustest ja nendega n\u00f5ustuma. Mingil juhul ei loeta omanikku vastutavaks kolmanda poole teenuste n\u00f5uetekohase toimimise, k\u00e4ttesaadavuse v\u00f5i m\u00f5lema eest.<\/p><h3>Keelatud kasutamine<\/h3><p>Teenust kasutatakse \u00fcksnes nende tingimuste kohaselt.<\/p><p>Kasutajatel on keelatud:<\/p><ul><li>teoseid p\u00f6\u00f6rdkonstrueerida, dekompileerida, osadeks jaotada, muuta v\u00f5i neist tuletisi luua Bestway v\u00f5i m\u00f5ne selle osa p\u00f5hjal;<\/li><li>hiilida m\u00f6\u00f6da igasugusest tehnoloogiast, mida Bestway v\u00f5i selle litsentsiandjad kasutavad Bestway kaudu juurdep\u00e4\u00e4setava sisu kaitsmiseks;<\/li><li>kopeerida, salvestada, redigeerida, muuta, luua tuletisi v\u00f5i teisendada mis tahes viisil Bestway kaudu esitatud sisu;<\/li><li>kasutada mis tahes robotit, \u00e4mblikku, veebisaidi otsingu ja -v\u00f5tu rakendust v\u00f5i muud automaatset seadet, protsessi v\u00f5i vahendit Bestway v\u00f5i selle sisu mis tahes osale juurdep\u00e4\u00e4suks ning nende v\u00f5tmiseks, koorimiseks v\u00f5i indekseerimiseks;<\/li><li>Bestwayd rentida, liisida v\u00f5i all-litsentsida;<\/li><li>laimata, kuritarvitada, ahistada, \u00e4hvardada, ohustada v\u00f5i rikkuda muul viisil teiste isikute seaduslikke \u00f5igusi (nt eraelu puutumatust ja avalikustamist);<\/li><li>levitada v\u00f5i avaldada ebaseaduslikku, siivutut, \u00f5igusvastast, laimavat v\u00f5i sobimatut sisu;<\/li><li>ebaseaduslikult omandada teise kasutaja mis tahes kontot;<\/li><li>registreerida v\u00f5i kasutada teenust selleks, et p\u00f6\u00f6rduda kasutajate poole toodete v\u00f5i teenuste edendamiseks, m\u00fc\u00fcmiseks v\u00f5i reklaamimiseks Bestway kaudu;<\/li><li>kasutada Bestwayd mis tahes muul sobimatul viisil, mis rikub siin toodud tingimusi.<\/li><\/ul><h2>H\u00fcvitamine ja vastutuse piiramine<\/h2><h3>H\u00fcvitis<\/h3><p>Kasutaja n\u00f5ustub h\u00fcvitama ja tagama, olenevalt olukorrast, omaniku ja tema t\u00fctarettev\u00f5tete, sidusettev\u00f5tete, ametnike, direktorite, agentide, sama kaubam\u00e4rgi kasutajate, partnerite ja t\u00f6\u00f6tajate kaitstuse mis tahes n\u00f5ude v\u00f5i n\u00f5udmiste, sealhulgas (kuid mitte ainult) m\u00f5istlike advokaaditasude ja -kulude eest, mida on kandnud mis tahes kolmas pool kasutaja sisu t\u00f5ttu v\u00f5i sellest tulenevalt, teenuse kasutamise t\u00f5ttu v\u00f5i sellega seoses, nende tingimuste rikkumise v\u00f5i mis tahes kolmanda poole \u00f5iguste rikkumise t\u00f5ttu.<\/p><h3>Vastutuse piiramine<\/h3><p>Bestway ja k\u00f5ik Bestway kaudu juurdep\u00e4\u00e4setavad funktsioonid on kasutajatele k\u00e4ttesaadavad kokkuleppe tingimuste kohaselt ilma otsese v\u00f5i kaudse garantiita, mida seadus ei n\u00f5ua. Eelk\u00f5ige ei ole tagatud pakutavate teenuste sobivus kasutaja konkreetsete eesm\u00e4rkide saavutamiseks.<\/p><p>Kasutaja kasutab Bestwayd ja selle kaudu juurdep\u00e4\u00e4setavaid funktsioone omal riskil ja vastutusel.<\/p><p>Eelk\u00f5ige vastutab omanik kehtivate seaduste piires kasutajatele v\u00f5i kolmandatele isikutele tekitatud lepinguliste ja lepinguv\u00e4liste kahjude eest vaid juhul, kui need on tekitatud tahtlikult v\u00f5i raske hooletuse t\u00f5ttu ning need on Bestway tegevuse otsesed tagaj\u00e4rjed. Seet\u00f5ttu ei vastuta omanik j\u00e4rgmise eest:<\/p><ul><li>mis tahes kahju, mis ei ole otseselt tingitud kokkuleppe rikkumisest omaniku poolt;<\/li><li>mis tahes \u00e4riv\u00f5imaluse kaotus ja muu kahju (ka kaudne), mis v\u00f5ib kasutajale tekkida (n\u00e4iteks, kuid mitte ainult, kauplemiskahju, saamata j\u00e4\u00e4nud tulu, tulu, kasum v\u00f5i eeldatav s\u00e4\u00e4st, lepingute v\u00f5i \u00e4risuhete kaotus, maine v\u00f5i firmav\u00e4\u00e4rtuse kaotus jne);<\/li><li>kahju v\u00f5i kaotus, mis tuleneb Bestway t\u00f6\u00f6 katkestustest v\u00f5i riketest v\u00e4\u00e4ramatu j\u00f5u asjaolude v\u00f5i v\u00e4hemalt etten\u00e4gematute s\u00fcndmuste t\u00f5ttu, mis \u00fchelgi juhul ei olene omaniku tahtest ega ole tema kontrolli all, nagu n\u00e4iteks, kuid mitte ainult, telefoni- v\u00f5i elektriliinide, interneti\u00fchenduse ja \/v\u00f5i muude edastusvahendite katkestused v\u00f5i rikked, veebisaitide k\u00e4ttesaamatus, streigid, loodus\u00f5nnetused, viirused ja k\u00fcberr\u00fcnnakud ning toodete, kolmanda poole teenuste v\u00f5i rakenduste tarnekatkestused; ja<\/li><li>Bestway eba\u00f5ige v\u00f5i sobimatu kasutamine kasutajate v\u00f5i kolmandate isikute poolt.<\/li><\/ul><h2>Muud tingimused<\/h2><h2>\u00a0<\/h2><h3>Teenusekatkestus<\/h3><p>Et tagada kasutajatele teenuse v\u00f5imalikult kvaliteetne kasutamine, j\u00e4tab omanik endale \u00f5iguse katkestada teenus hoolduseks v\u00f5i s\u00fcsteemiuuendusteks, teatades sellest kasutajatele Bestways pidevalt avaldatavate teadete kaudu.<\/p><h3>Teenuse edasim\u00fc\u00fck<\/h3><p>Kasutajatel ei ole lubatud Bestwayd ega selle teenuse \u00fchtegi osa taasluua, paljundada, kopeerida, m\u00fc\u00fca, edasi m\u00fc\u00fca ega kasutada ilma omaniku eelneva kirjaliku loata, mis on antud kas otse v\u00f5i n\u00f5uetekohase edasim\u00fc\u00fcgiprogrammi kaudu.<\/p><h3>Privaatsusp\u00f5him\u00f5tted<\/h3><p>Teavet oma isikuandmete kasutamise kohta leiate Bestway privaatsusp\u00f5him\u00f5tetest, mida loetakse nende tingimuste osaks.<\/p><h3>Intellektuaalomandi\u00f5igused<\/h3><p>K\u00f5ik kaubam\u00e4rgid, nominaalsed v\u00f5i kujundlikud, ja k\u00f5ik muud m\u00e4rgid, kaubanimed, teenindusm\u00e4rgid, s\u00f5nam\u00e4rgid, illustratsioonid, pildid v\u00f5i logod, mis ilmuvad seoses Bestwayga, on\u00a0ja j\u00e4\u00e4vad omaniku v\u00f5i tema litsentsiandjate ainuomandiks ning on kaitstud kaubam\u00e4rkidele kehtivate seaduste ja vastavate rahvusvaheliste lepingutega.<\/p><p>K\u00f5ik kaubam\u00e4rgid ja muud m\u00e4rgid, kaubanimed, teenindusm\u00e4rgid, s\u00f5nam\u00e4rgid, kaubam\u00e4rgid, illustratsioonid, pildid ja logod, mis on seotud kolmandate poolte ja nende avaldatava sisuga Bestways, on ja j\u00e4\u00e4vad vastavate kolmandate poolte ja nende litsentsiandjate ainuomandisse ning on kaitstud kohaldatavate kaubam\u00e4rgiseaduste ja asjakohaste rahvusvaheliste lepingutega. Eelnimetatud intellektuaalomandi\u00f5igused ei kuulu omanikule ja ta v\u00f5ib neid kasutada ainult kolmandate pooltega s\u00f5lmitud lepingute piires ja kohaselt ning nendes tingimustes nimetatud eesm\u00e4rkidel.<\/p><h3>Tarkvaralitsents<\/h3><p>Bestway annab kasutajatele t\u00fchistatava, isikliku, \u00fclemaailmse, kasutustasuta, mitteloovutatava lihtlitsentsi tarkvara ja\/v\u00f5i muude Bestways pakutavate teenustega seotud tehniliste vahendite kasutamiseks. Litsentsi ainus eesm\u00e4rk on v\u00f5imaldada kasutajatel teenust kasutada selle kokkuleppe ja\/v\u00f5i muude kohaldatavate reeglite piires ja nende kohaselt.<\/p><p>Kasutaja on kohustatud kasutama teenust omaniku intellektuaal- ja t\u00f6\u00f6stusomandi\u00f5iguste kohaselt.<\/p><p>Teenusega seotud tarkvara, nagu ka muud autori\u00f5igused v\u00f5i muud intellektuaalomandi\u00f5igused, kuulub \u00fcksnes omanikule ja\/v\u00f5i tema litsentsiandjatele. Kasutaja ei omanda tarkvara suhtes mingeid \u00f5igusi ega omandi\u00f5igusi ning tunnistab, et selle kasutamine ei ole ainu\u00f5iguslik ega loovutatav ning ainult teenuse kasutamise ajal kaug\u00fchenduse, interneti kaudu, teenuste osutamiseks k\u00e4esoleva kokkuleppe alusel.<\/p><p>Tarkvara kasutamise \u00f5igus ei anna mingeid \u00f5igusi algsele l\u00e4htekoodile. K\u00f5ik tarkvaras ja selle dokumentatsioonis sisalduvad tehnikad, algoritmid ja protseduurid on autori\u00f5igusega kaitstud teave ning kuuluvad \u00fcksnes omanikule v\u00f5i tema litsentsiandjatele ning seet\u00f5ttu ei tohi kasutaja neid mingil viisil kasutada muudel kui selles kokkuleppes s\u00e4testatud eesm\u00e4rkidel.<\/p><p>K\u00f5ik kasutajale antud \u00f5igused ja litsentsid l\u00f5pevad viivitamatult selle kokkuleppe l\u00f5petamisel v\u00f5i aegumisel.<\/p><h3>Tingimuste muutmine<\/h3><p>Omanik j\u00e4tab endale \u00f5iguse neid tingimusi igal ajal muuta, teatades sellest kasutajatele Bestways avaldatava teate kaudu.<\/p><p>Kasutajad, kes j\u00e4tkavad Bestway kasutamist p\u00e4rast muudatuste avaldamist, n\u00f5ustuvad t\u00e4ielikult uute tingimustega.<\/p><h3>Lepingu loovutamine<\/h3><p>Omanik j\u00e4tab endale \u00f5iguse anda \u00fcle, loovutada, k\u00e4sutada uuendamise teel v\u00f5i allt\u00f6\u00f6v\u00f5tu korras k\u00f5iki nendest tingimustest tulenevaid \u00f5igusi v\u00f5i kohustusi, kui see ei m\u00f5juta kasutaja tingimustest tulenevaid \u00f5igusi.<\/p><p>Kasutajad ei tohi tingimustest tulenevaid \u00f5igusi ega kohustusi ilma omaniku kirjaliku loata mingil viisil loovutada ega \u00fcle anda.<\/p><h3>Kontaktid<\/h3><p>K\u00f5ik Bestwayga seotud teated tuleb saata selles dokumendis nimetatud kontaktandmetel.<\/p><h3>Eraldatavus<\/h3><p>Kui m\u00f5ni tingimuste s\u00e4te on kehtetu v\u00f5i j\u00f5ustamatu, siis see s\u00e4te eemaldatakse ja \u00fclej\u00e4\u00e4nud s\u00e4tteid j\u00e4\u00e4vad muutmata kujul j\u00f5usse.<\/p><h3>Kohaldatav \u00f5igus ja kohtualluvus<\/h3><p>Tingimuste ja kokkuleppe rakendamise, t\u00f5lgendamise ja kehtivusega seotud vaidluste suhtes kohaldatakse seadust, selle riigi kohtualluvust ja nende kohtute ainup\u00e4devust, kus on omaniku registrij\u00e4rgne asukoht.<\/p><p>Reeglist tehakse erand juhul, kui seadusega on tarbijatele ette n\u00e4htud ainus kohtualluvus.<\/p><h2>M\u00f5isted ja \u00f5iguslikud viited<\/h2><h4>Bestway (v\u00f5i see rakendus)<\/h4><h4>\u00a0<\/h4><p>Teenuse osutamist v\u00f5imaldav vara.<\/p><h4>Kokkulepe<\/h4><p>K\u00f5ik \u00f5iguslikult siduvad v\u00f5i lepingulised suhted omaniku ja kasutaja vahel, mida reguleeritakse nende tingimustega.<\/p><h4>Omanik (v\u00f5i meie)<\/h4><p>F\u00fc\u00fcsiline isik (f\u00fc\u00fcsilised isikud) v\u00f5i juriidiline isik, kes pakub kasutajatele Bestwayd ja\/v\u00f5i teenust.<\/p><h4>Teenus<\/h4><p>Bestway pakutav teenus, nagu on kirjeldatud nendes tingimustes ja Bestway lehel.<\/p><h4>Tingimused<\/h4><p>K\u00f5ik selles dokumendis kirjeldatud Bestway ja\/v\u00f5i teenuse kasutamise suhtes kohaldatavad s\u00e4tted, sealhulgas k\u00f5ik muud seotud dokumendid v\u00f5i lepingud, mida aeg-ajalt ajakohastatakse.<\/p><h4>Kasutaja (v\u00f5i teie)<\/h4><p>Mis tahes f\u00fc\u00fcsiline v\u00f5i juriidiline isik, kes kasutab Bestwayd.<\/p>\t\t\t\t\t\t\t\t<\/div>\n\t\t\t\t<\/div>\n\t\t\t\t\t<\/div>\n\t\t\t\t<\/div>\n\t\t\t\t<\/div>\n\t\t","protected":false},"excerpt":{"rendered":"<p>Bestway saitide kasutustingimused Nende tingimustega reguleeritakse Bestway kasutamist ja mis tahes muud seotud lepingut v\u00f5i \u00f5igussuhet omanikuga \u00f5iguslikult siduval viisil. Kasutatud m\u00f5isted on m\u00e4\u00e4ratletud selle dokumendi vastavas jaotises. Kasutaja peab selle dokumendi hoolikalt l\u00e4bi lugema. Bestway ja seotud teenuste omanik Bestway Europe S.p.A., Via Resistenza 5, 20098 San Giuliano Milanese (MI), KMKR number: IT02561670130, ja [&hellip;]<\/p>\n","protected":false},"author":9,"featured_media":0,"parent":0,"menu_order":0,"comment_status":"closed","ping_status":"closed","template":"","meta":{"_acf_changed":false,"site-sidebar-layout":"no-sidebar","site-content-layout":"page-builder","ast-site-content-layout":"full-width-container","site-content-style":"default","site-sidebar-style":"default","ast-global-header-display":"","ast-banner-title-visibility":"","ast-main-header-display":"","ast-hfb-above-header-display":"","ast-hfb-below-header-display":"","ast-hfb-mobile-header-display":"","site-post-title":"disabled","ast-breadcrumbs-content":"","ast-featured-img":"disabled","footer-sml-layout":"","ast-disable-related-posts":"","theme-transparent-header-meta":"","adv-header-id-meta":"","stick-header-meta":"","header-above-stick-meta":"","header-main-stick-meta":"","header-below-stick-meta":"","astra-migrate-meta-layouts":"set","ast-page-background-enabled":"default","ast-page-background-meta":{"desktop":{"background-color":"var(--ast-global-color-4)","background-image":"","background-repeat":"repeat","background-position":"center center","background-size":"auto","background-attachment":"scroll","background-type":"","background-media":"","overlay-type":"","overlay-color":"","overlay-opacity":"","overlay-gradient":""},"tablet":{"background-color":"","background-image":"","background-repeat":"repeat","background-position":"center center","background-size":"auto","background-attachment":"scroll","background-type":"","background-media":"","overlay-type":"","overlay-color":"","overlay-opacity":"","overlay-gradient":""},"mobile":{"background-color":"","background-image":"","background-repeat":"repeat","background-position":"center center","background-size":"auto","background-attachment":"scroll","background-type":"","background-media":"","overlay-type":"","overlay-color":"","overlay-opacity":"","overlay-gradient":""}},"ast-content-background-meta":{"desktop":{"background-color":"var(--ast-global-color-5)","background-image":"","background-repeat":"repeat","background-position":"center center","background-size":"auto","background-attachment":"scroll","background-type":"","background-media":"","overlay-type":"","overlay-color":"","overlay-opacity":"","overlay-gradient":""},"tablet":{"background-color":"var(--ast-global-color-5)","background-image":"","background-repeat":"repeat","background-position":"center center","background-size":"auto","background-attachment":"scroll","background-type":"","background-media":"","overlay-type":"","overlay-color":"","overlay-opacity":"","overlay-gradient":""},"mobile":{"background-color":"var(--ast-global-color-5)","background-image":"","background-repeat":"repeat","background-position":"center center","background-size":"auto","background-attachment":"scroll","background-type":"","background-media":"","overlay-type":"","overlay-color":"","overlay-opacity":"","overlay-gradient":""}},"footnotes":""},"class_list":["post-7400","page","type-page","status-publish","hentry"],"acf":[],"yoast_head":"<!-- This site is optimized with the Yoast SEO plugin v27.4 - https:\/\/yoast.com\/product\/yoast-seo-wordpress\/ -->\n<title>Kasutustingimused - Legal<\/title>\n<meta name=\"robots\" content=\"noindex, follow, max-snippet:-1, max-image-preview:large, max-video-preview:-1\" \/>\n<meta property=\"og:locale\" content=\"en_US\" \/>\n<meta property=\"og:type\" content=\"article\" \/>\n<meta property=\"og:title\" content=\"Kasutustingimused - Legal\" \/>\n<meta property=\"og:description\" content=\"Bestway saitide kasutustingimused Nende tingimustega reguleeritakse Bestway kasutamist ja mis tahes muud seotud lepingut v\u00f5i \u00f5igussuhet omanikuga \u00f5iguslikult siduval viisil. Kasutatud m\u00f5isted on m\u00e4\u00e4ratletud selle dokumendi vastavas jaotises. Kasutaja peab selle dokumendi hoolikalt l\u00e4bi lugema. Bestway ja seotud teenuste omanik Bestway Europe S.p.A., Via Resistenza 5, 20098 San Giuliano Milanese (MI), KMKR number: IT02561670130, ja [&hellip;]\" \/>\n<meta property=\"og:url\" content=\"https:\/\/legal.bestway.eu\/ee-et\/terms-of-use\/\" \/>\n<meta property=\"og:site_name\" content=\"Legal\" \/>\n<meta property=\"article:modified_time\" content=\"2025-01-02T11:46:49+00:00\" \/>\n<meta name=\"twitter:card\" content=\"summary_large_image\" \/>\n<meta name=\"twitter:label1\" content=\"Est. reading time\" \/>\n\t<meta name=\"twitter:data1\" content=\"9 minutes\" \/>\n<script type=\"application\/ld+json\" class=\"yoast-schema-graph\">{\"@context\":\"https:\\\/\\\/schema.org\",\"@graph\":[{\"@type\":\"WebPage\",\"@id\":\"https:\\\/\\\/legal.bestway.eu\\\/ee-et\\\/terms-of-use\\\/\",\"url\":\"https:\\\/\\\/legal.bestway.eu\\\/ee-et\\\/terms-of-use\\\/\",\"name\":\"Kasutustingimused - Legal\",\"isPartOf\":{\"@id\":\"https:\\\/\\\/legal.bestway.eu\\\/ee-et\\\/#website\"},\"datePublished\":\"2024-09-09T14:55:17+00:00\",\"dateModified\":\"2025-01-02T11:46:49+00:00\",\"inLanguage\":\"ee-et\",\"potentialAction\":[{\"@type\":\"ReadAction\",\"target\":[\"https:\\\/\\\/legal.bestway.eu\\\/ee-et\\\/terms-of-use\\\/\"]}]},{\"@type\":\"WebSite\",\"@id\":\"https:\\\/\\\/legal.bestway.eu\\\/ee-et\\\/#website\",\"url\":\"https:\\\/\\\/legal.bestway.eu\\\/ee-et\\\/\",\"name\":\"Legal\",\"description\":\"Legal\",\"publisher\":{\"@id\":\"https:\\\/\\\/legal.bestway.eu\\\/ee-et\\\/#organization\"},\"potentialAction\":[{\"@type\":\"SearchAction\",\"target\":{\"@type\":\"EntryPoint\",\"urlTemplate\":\"https:\\\/\\\/legal.bestway.eu\\\/ee-et\\\/?s={search_term_string}\"},\"query-input\":{\"@type\":\"PropertyValueSpecification\",\"valueRequired\":true,\"valueName\":\"search_term_string\"}}],\"inLanguage\":\"ee-et\"},{\"@type\":\"Organization\",\"@id\":\"https:\\\/\\\/legal.bestway.eu\\\/ee-et\\\/#organization\",\"name\":\"Legal\",\"url\":\"https:\\\/\\\/legal.bestway.eu\\\/ee-et\\\/\",\"logo\":{\"@type\":\"ImageObject\",\"inLanguage\":\"ee-et\",\"@id\":\"https:\\\/\\\/legal.bestway.eu\\\/ee-et\\\/#\\\/schema\\\/logo\\\/image\\\/\",\"url\":\"https:\\\/\\\/legal.bestway.eu\\\/wp-content\\\/uploads\\\/sites\\\/2\\\/2023\\\/10\\\/bw-white-logo@2x.png\",\"contentUrl\":\"https:\\\/\\\/legal.bestway.eu\\\/wp-content\\\/uploads\\\/sites\\\/2\\\/2023\\\/10\\\/bw-white-logo@2x.png\",\"width\":348,\"height\":138,\"caption\":\"Legal\"},\"image\":{\"@id\":\"https:\\\/\\\/legal.bestway.eu\\\/ee-et\\\/#\\\/schema\\\/logo\\\/image\\\/\"}}]}<\/script>\n<!-- \/ Yoast SEO plugin. -->","yoast_head_json":{"title":"Kasutustingimused - Legal","robots":{"index":"noindex","follow":"follow","max-snippet":"max-snippet:-1","max-image-preview":"max-image-preview:large","max-video-preview":"max-video-preview:-1"},"og_locale":"en_US","og_type":"article","og_title":"Kasutustingimused - Legal","og_description":"Bestway saitide kasutustingimused Nende tingimustega reguleeritakse Bestway kasutamist ja mis tahes muud seotud lepingut v\u00f5i \u00f5igussuhet omanikuga \u00f5iguslikult siduval viisil. Kasutatud m\u00f5isted on m\u00e4\u00e4ratletud selle dokumendi vastavas jaotises. Kasutaja peab selle dokumendi hoolikalt l\u00e4bi lugema. Bestway ja seotud teenuste omanik Bestway Europe S.p.A., Via Resistenza 5, 20098 San Giuliano Milanese (MI), KMKR number: IT02561670130, ja [&hellip;]","og_url":"https:\/\/legal.bestway.eu\/ee-et\/terms-of-use\/","og_site_name":"Legal","article_modified_time":"2025-01-02T11:46:49+00:00","twitter_card":"summary_large_image","twitter_misc":{"Est. reading time":"9 minutes"},"schema":{"@context":"https:\/\/schema.org","@graph":[{"@type":"WebPage","@id":"https:\/\/legal.bestway.eu\/ee-et\/terms-of-use\/","url":"https:\/\/legal.bestway.eu\/ee-et\/terms-of-use\/","name":"Kasutustingimused - Legal","isPartOf":{"@id":"https:\/\/legal.bestway.eu\/ee-et\/#website"},"datePublished":"2024-09-09T14:55:17+00:00","dateModified":"2025-01-02T11:46:49+00:00","inLanguage":"ee-et","potentialAction":[{"@type":"ReadAction","target":["https:\/\/legal.bestway.eu\/ee-et\/terms-of-use\/"]}]},{"@type":"WebSite","@id":"https:\/\/legal.bestway.eu\/ee-et\/#website","url":"https:\/\/legal.bestway.eu\/ee-et\/","name":"Legal","description":"Legal","publisher":{"@id":"https:\/\/legal.bestway.eu\/ee-et\/#organization"},"potentialAction":[{"@type":"SearchAction","target":{"@type":"EntryPoint","urlTemplate":"https:\/\/legal.bestway.eu\/ee-et\/?s={search_term_string}"},"query-input":{"@type":"PropertyValueSpecification","valueRequired":true,"valueName":"search_term_string"}}],"inLanguage":"ee-et"},{"@type":"Organization","@id":"https:\/\/legal.bestway.eu\/ee-et\/#organization","name":"Legal","url":"https:\/\/legal.bestway.eu\/ee-et\/","logo":{"@type":"ImageObject","inLanguage":"ee-et","@id":"https:\/\/legal.bestway.eu\/ee-et\/#\/schema\/logo\/image\/","url":"https:\/\/legal.bestway.eu\/wp-content\/uploads\/sites\/2\/2023\/10\/bw-white-logo@2x.png","contentUrl":"https:\/\/legal.bestway.eu\/wp-content\/uploads\/sites\/2\/2023\/10\/bw-white-logo@2x.png","width":348,"height":138,"caption":"Legal"},"image":{"@id":"https:\/\/legal.bestway.eu\/ee-et\/#\/schema\/logo\/image\/"}}]}},"_links":{"self":[{"href":"https:\/\/legal.bestway.eu\/ee-et\/wp-json\/wp\/v2\/pages\/7400","targetHints":{"allow":["GET"]}}],"collection":[{"href":"https:\/\/legal.bestway.eu\/ee-et\/wp-json\/wp\/v2\/pages"}],"about":[{"href":"https:\/\/legal.bestway.eu\/ee-et\/wp-json\/wp\/v2\/types\/page"}],"author":[{"embeddable":true,"href":"https:\/\/legal.bestway.eu\/ee-et\/wp-json\/wp\/v2\/users\/9"}],"replies":[{"embeddable":true,"href":"https:\/\/legal.bestway.eu\/ee-et\/wp-json\/wp\/v2\/comments?post=7400"}],"version-history":[{"count":7,"href":"https:\/\/legal.bestway.eu\/ee-et\/wp-json\/wp\/v2\/pages\/7400\/revisions"}],"predecessor-version":[{"id":7408,"href":"https:\/\/legal.bestway.eu\/ee-et\/wp-json\/wp\/v2\/pages\/7400\/revisions\/7408"}],"wp:attachment":[{"href":"https:\/\/legal.bestway.eu\/ee-et\/wp-json\/wp\/v2\/media?parent=7400"}],"curies":[{"name":"wp","href":"https:\/\/api.w.org\/{rel}","templated":true}]}}