{"id":7313,"date":"2023-10-24T11:15:40","date_gmt":"2023-10-24T09:15:40","guid":{"rendered":"https:\/\/legal.bestway.eu\/?page_id=7313"},"modified":"2026-02-10T10:53:16","modified_gmt":"2026-02-10T09:53:16","slug":"warranty-extension","status":"publish","type":"page","link":"https:\/\/legal.bestway.eu\/ee-et\/warranty-extension\/","title":{"rendered":"Bestway garantii"},"content":{"rendered":"\t\t<div data-elementor-type=\"wp-page\" data-elementor-id=\"7313\" class=\"elementor elementor-7313\" data-elementor-post-type=\"page\">\n\t\t\t\t<div class=\"elementor-element elementor-element-201a7b e-flex e-con-boxed e-con e-parent\" data-id=\"201a7b\" data-element_type=\"container\" data-e-type=\"container\">\n\t\t\t\t\t<div class=\"e-con-inner\">\n\t\t\t\t<div class=\"elementor-element elementor-element-3862fa4 elementor-widget elementor-widget-text-editor\" data-id=\"3862fa4\" data-element_type=\"widget\" data-e-type=\"widget\" data-widget_type=\"text-editor.default\">\n\t\t\t\t<div class=\"elementor-widget-container\">\n\t\t\t\t\t\t\t\t\t<p><span class=\"jCAhz ChMk0b\"><span class=\"ryNqvb\">Allpool on toodud garantiitingimused, mida rakendab BESTWAY EUROPE S.p.A., mille registrij\u00e4rgne asukoht on Via della Resistenza n.<\/span><\/span> <span class=\"jCAhz ChMk0b\"><span class=\"ryNqvb\">5, San Giuliano Milanese (20098) \u2013 Milano, Itaalia (edaspidi &#8220;BESTWAY&#8221;), Euroopa Majanduspiirkonnas BESTWAY kaubam\u00e4rgi all m\u00fc\u00fcdavate toodete kohta.<\/span><\/span><\/p>\t\t\t\t\t\t\t\t<\/div>\n\t\t\t\t<\/div>\n\t\t\t\t\t<\/div>\n\t\t\t\t<\/div>\n\t\t<div class=\"elementor-element elementor-element-2d7f1d1b e-flex e-con-boxed e-con e-parent\" data-id=\"2d7f1d1b\" data-element_type=\"container\" data-e-type=\"container\">\n\t\t\t\t\t<div class=\"e-con-inner\">\n\t\t\t\t<div class=\"elementor-element elementor-element-7112739 elementor-widget elementor-widget-heading\" data-id=\"7112739\" data-element_type=\"widget\" data-e-type=\"widget\" data-widget_type=\"heading.default\">\n\t\t\t\t<div class=\"elementor-widget-container\">\n\t\t\t\t\t<h2 class=\"elementor-heading-title elementor-size-default\">Juriidiline garantii<\/h2>\t\t\t\t<\/div>\n\t\t\t\t<\/div>\n\t\t\t\t<div class=\"elementor-element elementor-element-0f3351f elementor-widget elementor-widget-text-editor\" data-id=\"0f3351f\" data-element_type=\"widget\" data-e-type=\"widget\" data-widget_type=\"text-editor.default\">\n\t\t\t\t<div class=\"elementor-widget-container\">\n\t\t\t\t\t\t\t\t\t<p>1.1 Seaduslik garantii on s\u00e4testatud Euroopa direktiivides 1999\/44\/EC ja 2019\/771\/EC, mille eesm\u00e4rk on kaitsta tarbijat, nagu on m\u00e4\u00e4ratletud allpool, juhul kui ostetud kaubal (edaspidi: tooted) on puudusi.<\/p><ul class=\"points-list-blue\">\n<\/ul>\n<p>1.2 Eelnimetatud Euroopa direktiivide kohaselt on tarbija f\u00fc\u00fcsiline isik, kes ostab toote eesm\u00e4rkidel, mis ei ole seotud tema kaubandus-, majandus-, ameti- ega kutsetegevusega (edaspidi: tarbija).<\/p>\n<p>1.3 Seaduslik garantii kehtib 24 kuud alates kauba \u00fcleandmisest Tarbijale. V\u00f5tke arvesse, et nimetatud direktiivides s\u00e4testatud tingimused ei kehti v\u00e4ljaspool Euroopa Majanduspiirkonda kuuluvaid riike, mille suhtes kehtivad vastavad kohalikud \u00f5igusaktid.<\/p>\n<p>1.4 Kui tarbija usub, et ta on ostnud toote, millel on vastavusdefekt, peab tarbija vastava garantii kasutamiseks p\u00f6\u00f6rduma oma jaem\u00fc\u00fcja poole.<\/p>\n<p>1.5 BESTWAY annab garantii toodete mis tahes v\u00f5imaliku vastavusdefekti korral igale tarbijale, kes ostis tooted otse BESTWAYLT.<\/p>\t\t\t\t\t\t\t\t<\/div>\n\t\t\t\t<\/div>\n\t\t\t\t<div class=\"elementor-element elementor-element-1fe5510 elementor-widget elementor-widget-heading\" data-id=\"1fe5510\" data-element_type=\"widget\" data-e-type=\"widget\" data-widget_type=\"heading.default\">\n\t\t\t\t<div class=\"elementor-widget-container\">\n\t\t\t\t\t<h2 class=\"elementor-heading-title elementor-size-default\">Tootja garantii<\/h2>\t\t\t\t<\/div>\n\t\t\t\t<\/div>\n\t\t\t\t<div class=\"elementor-element elementor-element-b5b3ff4 elementor-widget elementor-widget-text-editor\" data-id=\"b5b3ff4\" data-element_type=\"widget\" data-e-type=\"widget\" data-widget_type=\"text-editor.default\">\n\t\t\t\t<div class=\"elementor-widget-container\">\n\t\t\t\t\t\t\t\t\t<p><span class=\"jCAhz ChMk0b\"><span class=\"ryNqvb\">Ilma et see piiraks seaduses s\u00e4testatud garantiisid ja eelis\u00f5igusi ning tarbija v\u00f5imalust aktiveerida eelnimetatud seaduslik garantii, pakub BESTWAY t\u00e4iendavat garantiid (&#8220;BESTWAY tootja garantii&#8221;) mis tahes vastavusdefektidele, mis kehtib piiratud hulga Tooted. <\/span><\/span><\/p><p><span class=\"jCAhz\"><span class=\"ryNqvb\">Tingimuste, h\u00f5lmatud toodete valiku ja aktiveerimisviiside tutvumiseks <a href=\"https:\/\/support.bestway.eu\/ee-et\/warranty\">kl\u00f5psake siin<\/a>.<\/span><\/span><\/p>\t\t\t\t\t\t\t\t<\/div>\n\t\t\t\t<\/div>\n\t\t\t\t\t<\/div>\n\t\t\t\t<\/div>\n\t\t\t\t<\/div>\n\t\t","protected":false},"excerpt":{"rendered":"<p>Allpool on toodud garantiitingimused, mida rakendab BESTWAY EUROPE S.p.A., mille registrij\u00e4rgne asukoht on Via della Resistenza n. 5, San Giuliano Milanese (20098) \u2013 Milano, Itaalia (edaspidi &#8220;BESTWAY&#8221;), Euroopa Majanduspiirkonnas BESTWAY kaubam\u00e4rgi all m\u00fc\u00fcdavate toodete kohta. Juriidiline garantii 1.1 Seaduslik garantii on s\u00e4testatud Euroopa direktiivides 1999\/44\/EC ja 2019\/771\/EC, mille eesm\u00e4rk on kaitsta tarbijat, nagu on m\u00e4\u00e4ratletud [&hellip;]<\/p>\n","protected":false},"author":9,"featured_media":0,"parent":0,"menu_order":0,"comment_status":"closed","ping_status":"closed","template":"","meta":{"_acf_changed":false,"site-sidebar-layout":"no-sidebar","site-content-layout":"page-builder","ast-site-content-layout":"full-width-container","site-content-style":"default","site-sidebar-style":"default","ast-global-header-display":"","ast-banner-title-visibility":"","ast-main-header-display":"","ast-hfb-above-header-display":"","ast-hfb-below-header-display":"","ast-hfb-mobile-header-display":"","site-post-title":"disabled","ast-breadcrumbs-content":"","ast-featured-img":"disabled","footer-sml-layout":"","ast-disable-related-posts":"","theme-transparent-header-meta":"","adv-header-id-meta":"","stick-header-meta":"","header-above-stick-meta":"","header-main-stick-meta":"","header-below-stick-meta":"","astra-migrate-meta-layouts":"set","ast-page-background-enabled":"default","ast-page-background-meta":{"desktop":{"background-color":"var(--ast-global-color-4)","background-image":"","background-repeat":"repeat","background-position":"center center","background-size":"auto","background-attachment":"scroll","background-type":"","background-media":"","overlay-type":"","overlay-color":"","overlay-opacity":"","overlay-gradient":""},"tablet":{"background-color":"","background-image":"","background-repeat":"repeat","background-position":"center center","background-size":"auto","background-attachment":"scroll","background-type":"","background-media":"","overlay-type":"","overlay-color":"","overlay-opacity":"","overlay-gradient":""},"mobile":{"background-color":"","background-image":"","background-repeat":"repeat","background-position":"center center","background-size":"auto","background-attachment":"scroll","background-type":"","background-media":"","overlay-type":"","overlay-color":"","overlay-opacity":"","overlay-gradient":""}},"ast-content-background-meta":{"desktop":{"background-color":"var(--ast-global-color-5)","background-image":"","background-repeat":"repeat","background-position":"center center","background-size":"auto","background-attachment":"scroll","background-type":"","background-media":"","overlay-type":"","overlay-color":"","overlay-opacity":"","overlay-gradient":""},"tablet":{"background-color":"var(--ast-global-color-5)","background-image":"","background-repeat":"repeat","background-position":"center center","background-size":"auto","background-attachment":"scroll","background-type":"","background-media":"","overlay-type":"","overlay-color":"","overlay-opacity":"","overlay-gradient":""},"mobile":{"background-color":"var(--ast-global-color-5)","background-image":"","background-repeat":"repeat","background-position":"center center","background-size":"auto","background-attachment":"scroll","background-type":"","background-media":"","overlay-type":"","overlay-color":"","overlay-opacity":"","overlay-gradient":""}},"footnotes":""},"class_list":["post-7313","page","type-page","status-publish","hentry"],"acf":[],"yoast_head":"<!-- This site is optimized with the Yoast SEO plugin v27.4 - https:\/\/yoast.com\/product\/yoast-seo-wordpress\/ -->\n<title>Bestway garantii - Legal<\/title>\n<meta name=\"robots\" content=\"noindex, follow, max-snippet:-1, max-image-preview:large, max-video-preview:-1\" \/>\n<meta property=\"og:locale\" content=\"en_US\" \/>\n<meta property=\"og:type\" content=\"article\" \/>\n<meta property=\"og:title\" content=\"Bestway garantii - Legal\" \/>\n<meta property=\"og:description\" content=\"Allpool on toodud garantiitingimused, mida rakendab BESTWAY EUROPE S.p.A., mille registrij\u00e4rgne asukoht on Via della Resistenza n. 5, San Giuliano Milanese (20098) \u2013 Milano, Itaalia (edaspidi &#8220;BESTWAY&#8221;), Euroopa Majanduspiirkonnas BESTWAY kaubam\u00e4rgi all m\u00fc\u00fcdavate toodete kohta. Juriidiline garantii 1.1 Seaduslik garantii on s\u00e4testatud Euroopa direktiivides 1999\/44\/EC ja 2019\/771\/EC, mille eesm\u00e4rk on kaitsta tarbijat, nagu on m\u00e4\u00e4ratletud [&hellip;]\" \/>\n<meta property=\"og:url\" content=\"https:\/\/legal.bestway.eu\/ee-et\/warranty-extension\/\" \/>\n<meta property=\"og:site_name\" content=\"Legal\" \/>\n<meta property=\"article:modified_time\" content=\"2026-02-10T09:53:16+00:00\" \/>\n<meta name=\"twitter:card\" content=\"summary_large_image\" \/>\n<meta name=\"twitter:label1\" content=\"Est. reading time\" \/>\n\t<meta name=\"twitter:data1\" content=\"2 minutes\" \/>\n<script type=\"application\/ld+json\" class=\"yoast-schema-graph\">{\"@context\":\"https:\\\/\\\/schema.org\",\"@graph\":[{\"@type\":\"WebPage\",\"@id\":\"https:\\\/\\\/legal.bestway.eu\\\/ee-et\\\/warranty-extension\\\/\",\"url\":\"https:\\\/\\\/legal.bestway.eu\\\/ee-et\\\/warranty-extension\\\/\",\"name\":\"Bestway garantii - Legal\",\"isPartOf\":{\"@id\":\"https:\\\/\\\/legal.bestway.eu\\\/ee-et\\\/#website\"},\"datePublished\":\"2023-10-24T09:15:40+00:00\",\"dateModified\":\"2026-02-10T09:53:16+00:00\",\"inLanguage\":\"ee-et\",\"potentialAction\":[{\"@type\":\"ReadAction\",\"target\":[\"https:\\\/\\\/legal.bestway.eu\\\/ee-et\\\/warranty-extension\\\/\"]}]},{\"@type\":\"WebSite\",\"@id\":\"https:\\\/\\\/legal.bestway.eu\\\/ee-et\\\/#website\",\"url\":\"https:\\\/\\\/legal.bestway.eu\\\/ee-et\\\/\",\"name\":\"Legal\",\"description\":\"Legal\",\"publisher\":{\"@id\":\"https:\\\/\\\/legal.bestway.eu\\\/ee-et\\\/#organization\"},\"potentialAction\":[{\"@type\":\"SearchAction\",\"target\":{\"@type\":\"EntryPoint\",\"urlTemplate\":\"https:\\\/\\\/legal.bestway.eu\\\/ee-et\\\/?s={search_term_string}\"},\"query-input\":{\"@type\":\"PropertyValueSpecification\",\"valueRequired\":true,\"valueName\":\"search_term_string\"}}],\"inLanguage\":\"ee-et\"},{\"@type\":\"Organization\",\"@id\":\"https:\\\/\\\/legal.bestway.eu\\\/ee-et\\\/#organization\",\"name\":\"Legal\",\"url\":\"https:\\\/\\\/legal.bestway.eu\\\/ee-et\\\/\",\"logo\":{\"@type\":\"ImageObject\",\"inLanguage\":\"ee-et\",\"@id\":\"https:\\\/\\\/legal.bestway.eu\\\/ee-et\\\/#\\\/schema\\\/logo\\\/image\\\/\",\"url\":\"https:\\\/\\\/legal.bestway.eu\\\/wp-content\\\/uploads\\\/sites\\\/2\\\/2023\\\/10\\\/bw-white-logo@2x.png\",\"contentUrl\":\"https:\\\/\\\/legal.bestway.eu\\\/wp-content\\\/uploads\\\/sites\\\/2\\\/2023\\\/10\\\/bw-white-logo@2x.png\",\"width\":348,\"height\":138,\"caption\":\"Legal\"},\"image\":{\"@id\":\"https:\\\/\\\/legal.bestway.eu\\\/ee-et\\\/#\\\/schema\\\/logo\\\/image\\\/\"}}]}<\/script>\n<!-- \/ Yoast SEO plugin. -->","yoast_head_json":{"title":"Bestway garantii - Legal","robots":{"index":"noindex","follow":"follow","max-snippet":"max-snippet:-1","max-image-preview":"max-image-preview:large","max-video-preview":"max-video-preview:-1"},"og_locale":"en_US","og_type":"article","og_title":"Bestway garantii - Legal","og_description":"Allpool on toodud garantiitingimused, mida rakendab BESTWAY EUROPE S.p.A., mille registrij\u00e4rgne asukoht on Via della Resistenza n. 5, San Giuliano Milanese (20098) \u2013 Milano, Itaalia (edaspidi &#8220;BESTWAY&#8221;), Euroopa Majanduspiirkonnas BESTWAY kaubam\u00e4rgi all m\u00fc\u00fcdavate toodete kohta. Juriidiline garantii 1.1 Seaduslik garantii on s\u00e4testatud Euroopa direktiivides 1999\/44\/EC ja 2019\/771\/EC, mille eesm\u00e4rk on kaitsta tarbijat, nagu on m\u00e4\u00e4ratletud [&hellip;]","og_url":"https:\/\/legal.bestway.eu\/ee-et\/warranty-extension\/","og_site_name":"Legal","article_modified_time":"2026-02-10T09:53:16+00:00","twitter_card":"summary_large_image","twitter_misc":{"Est. reading time":"2 minutes"},"schema":{"@context":"https:\/\/schema.org","@graph":[{"@type":"WebPage","@id":"https:\/\/legal.bestway.eu\/ee-et\/warranty-extension\/","url":"https:\/\/legal.bestway.eu\/ee-et\/warranty-extension\/","name":"Bestway garantii - Legal","isPartOf":{"@id":"https:\/\/legal.bestway.eu\/ee-et\/#website"},"datePublished":"2023-10-24T09:15:40+00:00","dateModified":"2026-02-10T09:53:16+00:00","inLanguage":"ee-et","potentialAction":[{"@type":"ReadAction","target":["https:\/\/legal.bestway.eu\/ee-et\/warranty-extension\/"]}]},{"@type":"WebSite","@id":"https:\/\/legal.bestway.eu\/ee-et\/#website","url":"https:\/\/legal.bestway.eu\/ee-et\/","name":"Legal","description":"Legal","publisher":{"@id":"https:\/\/legal.bestway.eu\/ee-et\/#organization"},"potentialAction":[{"@type":"SearchAction","target":{"@type":"EntryPoint","urlTemplate":"https:\/\/legal.bestway.eu\/ee-et\/?s={search_term_string}"},"query-input":{"@type":"PropertyValueSpecification","valueRequired":true,"valueName":"search_term_string"}}],"inLanguage":"ee-et"},{"@type":"Organization","@id":"https:\/\/legal.bestway.eu\/ee-et\/#organization","name":"Legal","url":"https:\/\/legal.bestway.eu\/ee-et\/","logo":{"@type":"ImageObject","inLanguage":"ee-et","@id":"https:\/\/legal.bestway.eu\/ee-et\/#\/schema\/logo\/image\/","url":"https:\/\/legal.bestway.eu\/wp-content\/uploads\/sites\/2\/2023\/10\/bw-white-logo@2x.png","contentUrl":"https:\/\/legal.bestway.eu\/wp-content\/uploads\/sites\/2\/2023\/10\/bw-white-logo@2x.png","width":348,"height":138,"caption":"Legal"},"image":{"@id":"https:\/\/legal.bestway.eu\/ee-et\/#\/schema\/logo\/image\/"}}]}},"_links":{"self":[{"href":"https:\/\/legal.bestway.eu\/ee-et\/wp-json\/wp\/v2\/pages\/7313","targetHints":{"allow":["GET"]}}],"collection":[{"href":"https:\/\/legal.bestway.eu\/ee-et\/wp-json\/wp\/v2\/pages"}],"about":[{"href":"https:\/\/legal.bestway.eu\/ee-et\/wp-json\/wp\/v2\/types\/page"}],"author":[{"embeddable":true,"href":"https:\/\/legal.bestway.eu\/ee-et\/wp-json\/wp\/v2\/users\/9"}],"replies":[{"embeddable":true,"href":"https:\/\/legal.bestway.eu\/ee-et\/wp-json\/wp\/v2\/comments?post=7313"}],"version-history":[{"count":7,"href":"https:\/\/legal.bestway.eu\/ee-et\/wp-json\/wp\/v2\/pages\/7313\/revisions"}],"predecessor-version":[{"id":9025,"href":"https:\/\/legal.bestway.eu\/ee-et\/wp-json\/wp\/v2\/pages\/7313\/revisions\/9025"}],"wp:attachment":[{"href":"https:\/\/legal.bestway.eu\/ee-et\/wp-json\/wp\/v2\/media?parent=7313"}],"curies":[{"name":"wp","href":"https:\/\/api.w.org\/{rel}","templated":true}]}}