{"id":7255,"date":"2023-10-24T12:37:41","date_gmt":"2023-10-24T10:37:41","guid":{"rendered":"https:\/\/legal.bestway.eu\/?page_id=7255"},"modified":"2024-12-11T12:25:57","modified_gmt":"2024-12-11T11:25:57","slug":"privacy-notice","status":"publish","type":"page","link":"https:\/\/legal.bestway.eu\/ee-et\/privacy-notice\/","title":{"rendered":"Privaatsusteave \u2013 GDPR"},"content":{"rendered":"\t\t<div data-elementor-type=\"wp-page\" data-elementor-id=\"7255\" class=\"elementor elementor-7255\" data-elementor-post-type=\"page\">\n\t\t\t\t<div class=\"elementor-element elementor-element-4233c87e e-flex e-con-boxed e-con e-parent\" data-id=\"4233c87e\" data-element_type=\"container\" data-e-type=\"container\">\n\t\t\t\t\t<div class=\"e-con-inner\">\n\t\t\t\t<div class=\"elementor-element elementor-element-eeb32c3 elementor-widget elementor-widget-menu-anchor\" data-id=\"eeb32c3\" data-element_type=\"widget\" data-e-type=\"widget\" data-widget_type=\"menu-anchor.default\">\n\t\t\t\t<div class=\"elementor-widget-container\">\n\t\t\t\t\t\t\t<div class=\"elementor-menu-anchor\" id=\"BoxNewsletter\"><\/div>\n\t\t\t\t\t\t<\/div>\n\t\t\t\t<\/div>\n\t\t\t\t<div class=\"elementor-element elementor-element-3c097587 elementor-widget elementor-widget-heading\" data-id=\"3c097587\" data-element_type=\"widget\" data-e-type=\"widget\" data-widget_type=\"heading.default\">\n\t\t\t\t<div class=\"elementor-widget-container\">\n\t\t\t\t\t<h2 class=\"elementor-heading-title elementor-size-default\">Turundus<\/h2>\t\t\t\t<\/div>\n\t\t\t\t<\/div>\n\t\t\t\t<div class=\"elementor-element elementor-element-375d8ec elementor-widget elementor-widget-text-editor\" data-id=\"375d8ec\" data-element_type=\"widget\" data-e-type=\"widget\" data-widget_type=\"text-editor.default\">\n\t\t\t\t<div class=\"elementor-widget-container\">\n\t\t\t\t\t\t\t\t\t<p>Euroopa m\u00e4\u00e4ruse 2016\/679 (GDPR) kohane poliitika kui ka selle muudatused ja t\u00e4iendused<\/p><p>Vastutav t\u00f6\u00f6tleja: BESTWAY EUROPE S.P.A., registrij\u00e4rgne asukoht San Giuliano Milanese (Mi), via Resistenza 5 (\u201eBESTWAY\u201d), Itaalia.<\/p><p>DPO: <a href=\"mailto:privacy@bestwaycorp.eu\">privacy@bestwaycorp.eu<\/a><\/p><p>Andmet\u00f6\u00f6tleja t\u00f6\u00f6tleb j\u00e4rgmisi andmeid:<\/p><p>Vastavalt teie n\u00f5usolekule, m\u00e4rkides vastava kasti, t\u00f6\u00f6tleb vastutav t\u00f6\u00f6tleja teie andmeid turunduslikel eesm\u00e4rkidel, et saata teile uudiskirju, mis sisaldavad teavet ja v\u00e4rskendusi BESTWAY toodete, teenuste, s\u00fcndmuste ja pakkumiste kohta. Teie esitatud andmete t\u00f6\u00f6tlemise \u00f5iguslik alus on teie vaba ja vabatahtlik n\u00f5usolek; sellise n\u00f5usoleku andmisest keeldumine takistab teil ainult eespool kirjeldatud teabe saamist.<\/p><p>Teie andmeid t\u00f6\u00f6deldakse paberil ja elektrooniliselt koosk\u00f5las isikuandmete kaitset k\u00e4sitlevate kehtivate \u00f5igusaktidega (ELi m\u00e4\u00e4rus 679\/2016 (GDPR), mida on muudetud ja t\u00e4iendatud). Teie esitatud isikuandmeid v\u00f5idakse avaldada kolmandatele isikutele, n\u00e4iteks isikutele, \u00fchingutele, professionaalsetele ettev\u00f5tetele ning BESTWAYLE konsultatsiooni- ja tugiteenuseid ja -tegevusi pakkuvatele ettev\u00f5tetele (sh BESTWAY kontserni ettev\u00f5tetele), andmet\u00f6\u00f6tlejatele, kui need on n\u00f5uetekohaselt m\u00e4\u00e4ratud ja kui isikuandmete kaitseks on kehtestatud piisavad kaitsemeetmed, \u00fchised andmet\u00f6\u00f6tlejad v\u00f5i s\u00f5ltumatud andmet\u00f6\u00f6tlejad, samuti BESTWAY t\u00f6\u00f6tajad, kes on m\u00e4\u00e4ratud andmet\u00f6\u00f6tlejateks ainult \u00fclalkirjeldatud eesm\u00e4rkidel. Selliste vastutavate t\u00f6\u00f6tlejate v\u00f5i andmet\u00f6\u00f6tlejate, kellele v\u00f5idakse andmeid avaldada, nimekiri on soovi korral k\u00e4ttesaadav.<\/p><p>Kirjeldatud turunduslikel eesm\u00e4rkidel s\u00e4ilitatakse teie andmeid mitte kauem kui 8 aastat alates loa andmisest. Kliendid v\u00f5ivad uudiskirja teenusest igal ajal loobuda, kl\u00f5psates igas e-kirjas oleval lingil \u201eunsubscribe\u201c v\u00f5i saates e-kirja aadressile <a href=\"mailto:privacy@bestwaycorp.eu\">privacy@bestwaycorp.eu<\/a>.<\/p><p>V\u00f5ite igal ajal teostada k\u00f5iki artiklis 15 et seq. s\u00e4testatud \u00f5igusi, sealhulgas eelk\u00f5ige \u00f5igust oma isikuandmetele juurde p\u00e4\u00e4seda, \u00f5igust andmete parandamisele, \u00f5igust andmete kustutamisele, \u00f5igust andmete t\u00f6\u00f6tlemise piiramisele, \u00f5igust andmete \u00fclekandmisele ja \u00f5igust esitada kaebus teie riigis tegutsevale isikuandmete kaitse asutusele (<a href=\"https:\/\/edpb.europa.eu\/about-edpb\/board\/members_en\" target=\"_blank\" rel=\"noopener\">https:\/\/edpb.europa.eu\/about-edpb\/board\/members_en<\/a>).<\/p><p>Eespool nimetatud \u00f5iguste kasutamiseks saatke e-kiri aadressile <a href=\"mailto:privacy@bestwaycorp.eu\">privacy@bestwaycorp.eu<\/a><\/p>\t\t\t\t\t\t\t\t<\/div>\n\t\t\t\t<\/div>\n\t\t\t\t\t<\/div>\n\t\t\t\t<\/div>\n\t\t<div class=\"elementor-element elementor-element-fc9e459 e-flex e-con-boxed e-con e-parent\" data-id=\"fc9e459\" data-element_type=\"container\" data-e-type=\"container\">\n\t\t\t\t\t<div class=\"e-con-inner\">\n\t\t\t\t<div class=\"elementor-element elementor-element-4ff1b8f6 elementor-widget elementor-widget-menu-anchor\" data-id=\"4ff1b8f6\" data-element_type=\"widget\" data-e-type=\"widget\" data-widget_type=\"menu-anchor.default\">\n\t\t\t\t<div class=\"elementor-widget-container\">\n\t\t\t\t\t\t\t<div class=\"elementor-menu-anchor\" id=\"Sitoassistenza\"><\/div>\n\t\t\t\t\t\t<\/div>\n\t\t\t\t<\/div>\n\t\t\t\t<div class=\"elementor-element elementor-element-33a4a549 elementor-widget elementor-widget-heading\" data-id=\"33a4a549\" data-element_type=\"widget\" data-e-type=\"widget\" data-widget_type=\"heading.default\">\n\t\t\t\t<div class=\"elementor-widget-container\">\n\t\t\t\t\t<h2 class=\"elementor-heading-title elementor-size-default\">Tugisait<\/h2>\t\t\t\t<\/div>\n\t\t\t\t<\/div>\n\t\t\t\t<div class=\"elementor-element elementor-element-10d7938d elementor-widget elementor-widget-text-editor\" data-id=\"10d7938d\" data-element_type=\"widget\" data-e-type=\"widget\" data-widget_type=\"text-editor.default\">\n\t\t\t\t<div class=\"elementor-widget-container\">\n\t\t\t\t\t\t\t\t\t<p>Euroopa m\u00e4\u00e4ruse 2016\/679 (GDPR) kohane poliitika kui ka selle muudatused ja t\u00e4iendused<\/p><p>Vastutav t\u00f6\u00f6tleja: BESTWAY EUROPE S.P.A., registrij\u00e4rgne asukoht San Giuliano Milanese (Mi), via Resistenza 5 (\u201eBESTWAY\u201d), Itaalia.<\/p><p>DPO: <a href=\"mailto:privacy@bestwaycorp.eu\">privacy@bestwaycorp.eu<\/a><\/p><p>Andmet\u00f6\u00f6tleja t\u00f6\u00f6tleb j\u00e4rgmisi andmeid:<\/p><p>i) Ees- ja perekonnanimi, meiliaadress, tarneaadress ja telefoninumber, et osutada teile kaebuste haldamise teenust, avades BESTWAY veebisaidil isikup\u00e4rastatud konto. Sellele p\u00e4\u00e4seb juurde, sisestades kasutajanime ja parooli, mis edastatakse teile meili teel (parooli muudetakse esmakordsel juurdep\u00e4\u00e4sul) ning v\u00f5ttes vastutuse ja hallates oma nn karuteenete aruannet haldus- ja raamatupidamise eesm\u00e4rkidel, juriidiliste v\u00f5i regulatiivsete kohustuste t\u00e4itmiseks.<\/p><p>ii)\u00a0turunduslikel eesm\u00e4rkidel saata teile uudiskirju, mis sisaldavad teavet ja v\u00e4rskendusi BESTWAY toodete, teenuste, s\u00fcndmuste ja pakkumiste kohta teie n\u00f5usolekul, kui olete m\u00e4rkinud vastava kasti.<\/p><p>iii) teie n\u00f5usolekul, kui olete m\u00e4rkinud vastava kasti, v\u00f5idakse statistilistel eesm\u00e4rkidel koguda teavet, nagu sugu, vanusevahemik, t\u00f6\u00f6h\u00f5ive staatus, toote ostmise motivatsioon, toote ostmise viis ja leibkonnas olevate laste arv. BESTWAY kogub neid andmeid, et saada koond\u00fclevaade oma klientidest, p\u00fc\u00fcdmata teha teile spetsiifilisi prognoose v\u00f5i j\u00e4reldusi, kuna eesm\u00e4rk ei ole hinnata individuaalseid omadusi.<\/p><p>iv) teie n\u00f5usolekul v\u00f5ime asjakohase kasti m\u00e4rkimisel saata teile e-kirja, et saaksite liituda meie toodete ja nende kasutamise kogemuse uuringuga;<\/p><p>Punktis (i) osutatud andmete t\u00f6\u00f6tlemise \u00f5iguslik alus on lepinguliste\/kaubanduslike tingimuste ja kohaldatavate \u00f5igusnormide kehtestamine ja t\u00e4itmine; need andmed on kohustuslikud ja nende andmisest keeldumine v\u00f5ib takistada BESTWAY taotletud teenuse osutamist. Seoses alapunktidega ii, iii ja iv on sellise t\u00f6\u00f6tlemise \u00f5iguslikuks aluseks teie vaba ja valikuline n\u00f5usolek ning sellise n\u00f5usoleku andmisest keeldumine takistab teil ainult eespool nimetatud teabe saamist.<\/p><p>Teie andmeid t\u00f6\u00f6deldakse paberil ja elektrooniliselt koosk\u00f5las isikuandmete kaitset k\u00e4sitlevate kehtivate \u00f5igusaktidega (ELi m\u00e4\u00e4rus 679\/2016 (GDPR), mida on muudetud ja t\u00e4iendatud). Teie esitatud isikuandmeid v\u00f5idakse avaldada kolmandatele isikutele, n\u00e4iteks isikutele, \u00fchingutele, professionaalsetele ettev\u00f5tetele ning BESTWAYLE konsultatsiooni- ja tugiteenuseid ja -tegevusi pakkuvatele ettev\u00f5tetele (sh BESTWAY kontserni ettev\u00f5tetele), andmet\u00f6\u00f6tlejatele, kui need on n\u00f5uetekohaselt m\u00e4\u00e4ratud ja kui isikuandmete kaitseks on kehtestatud piisavad kaitsemeetmed, \u00fchised andmet\u00f6\u00f6tlejad v\u00f5i s\u00f5ltumatud andmet\u00f6\u00f6tlejad, samuti BESTWAY t\u00f6\u00f6tajad, kes on m\u00e4\u00e4ratud andmet\u00f6\u00f6tlejateks ainult \u00fclalkirjeldatud eesm\u00e4rkidel. Selliste vastutavate t\u00f6\u00f6tlejate v\u00f5i andmet\u00f6\u00f6tlejate, kellele v\u00f5idakse andmeid avaldada, nimekiri on soovi korral k\u00e4ttesaadav.<\/p><p>Punktis (i) kirjeldatud kaebuste haldamise eesm\u00e4rgil s\u00e4ilitatakse teie andmeid ka p\u00e4rast Bestwayga s\u00f5lmitud lepingulise\/\u00e4risuhte l\u00f5ppemist, et t\u00e4ita k\u00f5iki suhte l\u00f5ppemisega seotud v\u00f5i sellest tulenevaid kohustusi, sealhulgas neid, mis on seotud seadusest tulenevate kohustuste ja aegumist\u00e4htaegadega, mis on selleks ette n\u00e4htud kohaldatava seadusega, ning igal juhul mitte kauem kui 10 aastat.<\/p><p>Punktis (ii) kirjeldatud turunduslikel eesm\u00e4rkidel s\u00e4ilitatakse teie andmeid mitte kauem kui 8 aastat alates loa andmisest. Kliendid v\u00f5ivad uudiskirja teenusest igal ajal loobuda, kl\u00f5psates igas e-kirjas oleval lingil \u201eunsubscribe\u201c v\u00f5i saates e-kirja aadressile <a href=\"mailto:privacy@bestwaycorp.eu\">privacy@bestwaycorp.eu<\/a>.<\/p><p>Eespool toodud punktides (iii) ja (iv) kirjeldatud statistika ja uuringute eesm\u00e4rgil s\u00e4ilitatakse teie andmeid kuni 8 aastat alates teie n\u00f5usoleku saamise kuup\u00e4evast.<\/p><p>V\u00f5ite igal ajal teostada k\u00f5iki artiklis 15 et seq. s\u00e4testatud \u00f5igusi, sealhulgas eelk\u00f5ige \u00f5igust oma isikuandmetele juurde p\u00e4\u00e4seda, \u00f5igust andmete parandamisele, \u00f5igust andmete kustutamisele, \u00f5igust andmete t\u00f6\u00f6tlemise piiramisele, \u00f5igust andmete \u00fclekandmisele ja \u00f5igust esitada kaebus teie riigis tegutsevale isikuandmete kaitse asutusele (<a href=\"https:\/\/edpb.europa.eu\/about-edpb\/board\/members_en\" target=\"_blank\" rel=\"noopener\">https:\/\/edpb.europa.eu\/about-edpb\/board\/members_en<\/a>).<\/p><p>Eespool nimetatud \u00f5iguste kasutamiseks saatke e-kiri aadressile <a href=\"mailto:privacy@bestwaycorp.eu\">privacy@bestwaycorp.eu<\/a><\/p>\t\t\t\t\t\t\t\t<\/div>\n\t\t\t\t<\/div>\n\t\t\t\t\t<\/div>\n\t\t\t\t<\/div>\n\t\t\t\t<\/div>\n\t\t","protected":false},"excerpt":{"rendered":"<p>Turundus Euroopa m\u00e4\u00e4ruse 2016\/679 (GDPR) kohane poliitika kui ka selle muudatused ja t\u00e4iendused Vastutav t\u00f6\u00f6tleja: BESTWAY EUROPE S.P.A., registrij\u00e4rgne asukoht San Giuliano Milanese (Mi), via Resistenza 5 (\u201eBESTWAY\u201d), Itaalia. DPO: privacy@bestwaycorp.eu Andmet\u00f6\u00f6tleja t\u00f6\u00f6tleb j\u00e4rgmisi andmeid: Vastavalt teie n\u00f5usolekule, m\u00e4rkides vastava kasti, t\u00f6\u00f6tleb vastutav t\u00f6\u00f6tleja teie andmeid turunduslikel eesm\u00e4rkidel, et saata teile uudiskirju, mis sisaldavad teavet [&hellip;]<\/p>\n","protected":false},"author":9,"featured_media":0,"parent":0,"menu_order":0,"comment_status":"closed","ping_status":"closed","template":"","meta":{"_acf_changed":false,"site-sidebar-layout":"no-sidebar","site-content-layout":"page-builder","ast-site-content-layout":"full-width-container","site-content-style":"default","site-sidebar-style":"default","ast-global-header-display":"","ast-banner-title-visibility":"","ast-main-header-display":"","ast-hfb-above-header-display":"","ast-hfb-below-header-display":"","ast-hfb-mobile-header-display":"","site-post-title":"","ast-breadcrumbs-content":"","ast-featured-img":"disabled","footer-sml-layout":"","ast-disable-related-posts":"","theme-transparent-header-meta":"","adv-header-id-meta":"","stick-header-meta":"","header-above-stick-meta":"","header-main-stick-meta":"","header-below-stick-meta":"","astra-migrate-meta-layouts":"set","ast-page-background-enabled":"default","ast-page-background-meta":{"desktop":{"background-color":"var(--ast-global-color-4)","background-image":"","background-repeat":"repeat","background-position":"center center","background-size":"auto","background-attachment":"scroll","background-type":"","background-media":"","overlay-type":"","overlay-color":"","overlay-opacity":"","overlay-gradient":""},"tablet":{"background-color":"","background-image":"","background-repeat":"repeat","background-position":"center center","background-size":"auto","background-attachment":"scroll","background-type":"","background-media":"","overlay-type":"","overlay-color":"","overlay-opacity":"","overlay-gradient":""},"mobile":{"background-color":"","background-image":"","background-repeat":"repeat","background-position":"center center","background-size":"auto","background-attachment":"scroll","background-type":"","background-media":"","overlay-type":"","overlay-color":"","overlay-opacity":"","overlay-gradient":""}},"ast-content-background-meta":{"desktop":{"background-color":"var(--ast-global-color-5)","background-image":"","background-repeat":"repeat","background-position":"center center","background-size":"auto","background-attachment":"scroll","background-type":"","background-media":"","overlay-type":"","overlay-color":"","overlay-opacity":"","overlay-gradient":""},"tablet":{"background-color":"var(--ast-global-color-5)","background-image":"","background-repeat":"repeat","background-position":"center center","background-size":"auto","background-attachment":"scroll","background-type":"","background-media":"","overlay-type":"","overlay-color":"","overlay-opacity":"","overlay-gradient":""},"mobile":{"background-color":"var(--ast-global-color-5)","background-image":"","background-repeat":"repeat","background-position":"center center","background-size":"auto","background-attachment":"scroll","background-type":"","background-media":"","overlay-type":"","overlay-color":"","overlay-opacity":"","overlay-gradient":""}},"footnotes":""},"class_list":["post-7255","page","type-page","status-publish","hentry"],"acf":[],"yoast_head":"<!-- This site is optimized with the Yoast SEO plugin v27.4 - https:\/\/yoast.com\/product\/yoast-seo-wordpress\/ -->\n<title>Privaatsusteave \u2013 GDPR - Legal<\/title>\n<meta name=\"robots\" content=\"noindex, follow, max-snippet:-1, max-image-preview:large, max-video-preview:-1\" \/>\n<meta property=\"og:locale\" content=\"en_US\" \/>\n<meta property=\"og:type\" content=\"article\" \/>\n<meta property=\"og:title\" content=\"Privaatsusteave \u2013 GDPR - Legal\" \/>\n<meta property=\"og:description\" content=\"Turundus Euroopa m\u00e4\u00e4ruse 2016\/679 (GDPR) kohane poliitika kui ka selle muudatused ja t\u00e4iendused Vastutav t\u00f6\u00f6tleja: BESTWAY EUROPE S.P.A., registrij\u00e4rgne asukoht San Giuliano Milanese (Mi), via Resistenza 5 (\u201eBESTWAY\u201d), Itaalia. DPO: privacy@bestwaycorp.eu Andmet\u00f6\u00f6tleja t\u00f6\u00f6tleb j\u00e4rgmisi andmeid: Vastavalt teie n\u00f5usolekule, m\u00e4rkides vastava kasti, t\u00f6\u00f6tleb vastutav t\u00f6\u00f6tleja teie andmeid turunduslikel eesm\u00e4rkidel, et saata teile uudiskirju, mis sisaldavad teavet [&hellip;]\" \/>\n<meta property=\"og:url\" content=\"https:\/\/legal.bestway.eu\/ee-et\/privacy-notice\/\" \/>\n<meta property=\"og:site_name\" content=\"Legal\" \/>\n<meta property=\"article:modified_time\" content=\"2024-12-11T11:25:57+00:00\" \/>\n<meta name=\"twitter:card\" content=\"summary_large_image\" \/>\n<meta name=\"twitter:label1\" content=\"Est. reading time\" \/>\n\t<meta name=\"twitter:data1\" content=\"5 minutes\" \/>\n<script type=\"application\/ld+json\" class=\"yoast-schema-graph\">{\"@context\":\"https:\\\/\\\/schema.org\",\"@graph\":[{\"@type\":\"WebPage\",\"@id\":\"https:\\\/\\\/legal.bestway.eu\\\/ee-et\\\/privacy-notice\\\/\",\"url\":\"https:\\\/\\\/legal.bestway.eu\\\/ee-et\\\/privacy-notice\\\/\",\"name\":\"Privaatsusteave \u2013 GDPR - Legal\",\"isPartOf\":{\"@id\":\"https:\\\/\\\/legal.bestway.eu\\\/ee-et\\\/#website\"},\"datePublished\":\"2023-10-24T10:37:41+00:00\",\"dateModified\":\"2024-12-11T11:25:57+00:00\",\"inLanguage\":\"ee-et\",\"potentialAction\":[{\"@type\":\"ReadAction\",\"target\":[\"https:\\\/\\\/legal.bestway.eu\\\/ee-et\\\/privacy-notice\\\/\"]}]},{\"@type\":\"WebSite\",\"@id\":\"https:\\\/\\\/legal.bestway.eu\\\/ee-et\\\/#website\",\"url\":\"https:\\\/\\\/legal.bestway.eu\\\/ee-et\\\/\",\"name\":\"Legal\",\"description\":\"Legal\",\"publisher\":{\"@id\":\"https:\\\/\\\/legal.bestway.eu\\\/ee-et\\\/#organization\"},\"potentialAction\":[{\"@type\":\"SearchAction\",\"target\":{\"@type\":\"EntryPoint\",\"urlTemplate\":\"https:\\\/\\\/legal.bestway.eu\\\/ee-et\\\/?s={search_term_string}\"},\"query-input\":{\"@type\":\"PropertyValueSpecification\",\"valueRequired\":true,\"valueName\":\"search_term_string\"}}],\"inLanguage\":\"ee-et\"},{\"@type\":\"Organization\",\"@id\":\"https:\\\/\\\/legal.bestway.eu\\\/ee-et\\\/#organization\",\"name\":\"Legal\",\"url\":\"https:\\\/\\\/legal.bestway.eu\\\/ee-et\\\/\",\"logo\":{\"@type\":\"ImageObject\",\"inLanguage\":\"ee-et\",\"@id\":\"https:\\\/\\\/legal.bestway.eu\\\/ee-et\\\/#\\\/schema\\\/logo\\\/image\\\/\",\"url\":\"https:\\\/\\\/legal.bestway.eu\\\/wp-content\\\/uploads\\\/sites\\\/2\\\/2023\\\/10\\\/bw-white-logo@2x.png\",\"contentUrl\":\"https:\\\/\\\/legal.bestway.eu\\\/wp-content\\\/uploads\\\/sites\\\/2\\\/2023\\\/10\\\/bw-white-logo@2x.png\",\"width\":348,\"height\":138,\"caption\":\"Legal\"},\"image\":{\"@id\":\"https:\\\/\\\/legal.bestway.eu\\\/ee-et\\\/#\\\/schema\\\/logo\\\/image\\\/\"}}]}<\/script>\n<!-- \/ Yoast SEO plugin. -->","yoast_head_json":{"title":"Privaatsusteave \u2013 GDPR - Legal","robots":{"index":"noindex","follow":"follow","max-snippet":"max-snippet:-1","max-image-preview":"max-image-preview:large","max-video-preview":"max-video-preview:-1"},"og_locale":"en_US","og_type":"article","og_title":"Privaatsusteave \u2013 GDPR - Legal","og_description":"Turundus Euroopa m\u00e4\u00e4ruse 2016\/679 (GDPR) kohane poliitika kui ka selle muudatused ja t\u00e4iendused Vastutav t\u00f6\u00f6tleja: BESTWAY EUROPE S.P.A., registrij\u00e4rgne asukoht San Giuliano Milanese (Mi), via Resistenza 5 (\u201eBESTWAY\u201d), Itaalia. DPO: privacy@bestwaycorp.eu Andmet\u00f6\u00f6tleja t\u00f6\u00f6tleb j\u00e4rgmisi andmeid: Vastavalt teie n\u00f5usolekule, m\u00e4rkides vastava kasti, t\u00f6\u00f6tleb vastutav t\u00f6\u00f6tleja teie andmeid turunduslikel eesm\u00e4rkidel, et saata teile uudiskirju, mis sisaldavad teavet [&hellip;]","og_url":"https:\/\/legal.bestway.eu\/ee-et\/privacy-notice\/","og_site_name":"Legal","article_modified_time":"2024-12-11T11:25:57+00:00","twitter_card":"summary_large_image","twitter_misc":{"Est. reading time":"5 minutes"},"schema":{"@context":"https:\/\/schema.org","@graph":[{"@type":"WebPage","@id":"https:\/\/legal.bestway.eu\/ee-et\/privacy-notice\/","url":"https:\/\/legal.bestway.eu\/ee-et\/privacy-notice\/","name":"Privaatsusteave \u2013 GDPR - Legal","isPartOf":{"@id":"https:\/\/legal.bestway.eu\/ee-et\/#website"},"datePublished":"2023-10-24T10:37:41+00:00","dateModified":"2024-12-11T11:25:57+00:00","inLanguage":"ee-et","potentialAction":[{"@type":"ReadAction","target":["https:\/\/legal.bestway.eu\/ee-et\/privacy-notice\/"]}]},{"@type":"WebSite","@id":"https:\/\/legal.bestway.eu\/ee-et\/#website","url":"https:\/\/legal.bestway.eu\/ee-et\/","name":"Legal","description":"Legal","publisher":{"@id":"https:\/\/legal.bestway.eu\/ee-et\/#organization"},"potentialAction":[{"@type":"SearchAction","target":{"@type":"EntryPoint","urlTemplate":"https:\/\/legal.bestway.eu\/ee-et\/?s={search_term_string}"},"query-input":{"@type":"PropertyValueSpecification","valueRequired":true,"valueName":"search_term_string"}}],"inLanguage":"ee-et"},{"@type":"Organization","@id":"https:\/\/legal.bestway.eu\/ee-et\/#organization","name":"Legal","url":"https:\/\/legal.bestway.eu\/ee-et\/","logo":{"@type":"ImageObject","inLanguage":"ee-et","@id":"https:\/\/legal.bestway.eu\/ee-et\/#\/schema\/logo\/image\/","url":"https:\/\/legal.bestway.eu\/wp-content\/uploads\/sites\/2\/2023\/10\/bw-white-logo@2x.png","contentUrl":"https:\/\/legal.bestway.eu\/wp-content\/uploads\/sites\/2\/2023\/10\/bw-white-logo@2x.png","width":348,"height":138,"caption":"Legal"},"image":{"@id":"https:\/\/legal.bestway.eu\/ee-et\/#\/schema\/logo\/image\/"}}]}},"_links":{"self":[{"href":"https:\/\/legal.bestway.eu\/ee-et\/wp-json\/wp\/v2\/pages\/7255","targetHints":{"allow":["GET"]}}],"collection":[{"href":"https:\/\/legal.bestway.eu\/ee-et\/wp-json\/wp\/v2\/pages"}],"about":[{"href":"https:\/\/legal.bestway.eu\/ee-et\/wp-json\/wp\/v2\/types\/page"}],"author":[{"embeddable":true,"href":"https:\/\/legal.bestway.eu\/ee-et\/wp-json\/wp\/v2\/users\/9"}],"replies":[{"embeddable":true,"href":"https:\/\/legal.bestway.eu\/ee-et\/wp-json\/wp\/v2\/comments?post=7255"}],"version-history":[{"count":4,"href":"https:\/\/legal.bestway.eu\/ee-et\/wp-json\/wp\/v2\/pages\/7255\/revisions"}],"predecessor-version":[{"id":7260,"href":"https:\/\/legal.bestway.eu\/ee-et\/wp-json\/wp\/v2\/pages\/7255\/revisions\/7260"}],"wp:attachment":[{"href":"https:\/\/legal.bestway.eu\/ee-et\/wp-json\/wp\/v2\/media?parent=7255"}],"curies":[{"name":"wp","href":"https:\/\/api.w.org\/{rel}","templated":true}]}}